{"id":17747,"date":"2024-04-15T09:38:45","date_gmt":"2024-04-15T07:38:45","guid":{"rendered":"https:\/\/polo-filter.avrio-web.de\/?page_id=17747"},"modified":"2024-04-15T09:38:47","modified_gmt":"2024-04-15T07:38:47","slug":"conditions-generales-de-vente-et-de-livraison","status":"publish","type":"page","link":"https:\/\/polo-filter.avrio-web.de\/fr\/conditions-generales-de-vente-et-de-livraison\/","title":{"rendered":"Verkaufs- und Lieferbedingungen (FR)"},"content":{"rendered":"\n    \n                                                 <div class=\"heroimage container\" style=\"height:450px;background-image: url(https:\/\/polo-filter.avrio-web.de\/wp-content\/uploads\/Verkaufs_Lieferbedingungen_Kopfbild_450px_101-1.jpg);background-repeat: no-repeat;background-size: contain;background-position: center \">\n                    \t<img decoding=\"async\" src=\"https:\/\/polo-filter.avrio-web.de\/wp-content\/uploads\/Verkaufs_Lieferbedingungen_Kopfbild_450px_101-1.jpg\" style=\"visibility: hidden;\" \/>\n\n                <\/div>\n                  \n\n\n        <div class=\"flexible-content acf-content standard\" id=\"block_fafde239e449e69e89cb181af4c55928\" style=\"background-color: transparent\">\n        <div class=\"flexible-content-inner container\" >\n            <div id=\"dynamiccontent\" class=\"flexible-item-wrapper\">\n               \n                <div class=\" flexible-items\" >\n                    <div class=\"row\">\n                                                   \n                                                            <div class=\"col-lg  flexible-item flex-text\">\n                                   <div class=\"inner\">\n                                       <h1>POLO Filter-Technik Bremen GmbH<\/h1>\n<h2>Conditions g\u00e9n\u00e9rales de vente et de livraison<\/h2>\n                                   <\/div>\n                                <\/div>\n                                                                        <\/div>\n                <\/div>\n            <\/div>\n        <\/div>\n    <\/div>\n\n\n\n        <div class=\"flexible-content acf-content standard\" id=\"block_2a2a80d7a05b95f09b247c06ef986d1a\" style=\"background-color: transparent\">\n        <div class=\"flexible-content-inner container\" >\n            <div id=\"dynamiccontent\" class=\"flexible-item-wrapper\">\n               \n                <div class=\" flexible-items\" >\n                    <div class=\"row\">\n                                                   \n                                                            <div class=\"col-lg  flexible-item flex-text\">\n                                   <div class=\"inner\">\n                                       <p><strong>1. Offres<\/strong><br \/>\n1.1 Toutes les offres sont bas\u00e9es sur les conditions g\u00e9n\u00e9rales de vente suivantes. Celles ci sont consid\u00e9r\u00e9es comme accept\u00e9es par la passation de la commande ou l&rsquo;acceptation de la livraison. Les conditions divergentes de l&rsquo;acheteur que nous n&rsquo;avons pas express\u00e9ment accept\u00e9es par \u00e9crit ne nous engagent pas, m\u00eame si nous ne les contestons pas express\u00e9ment.<br \/>\n1.2 De l\u00e9g\u00e8res divergences par rapport aux documents contenus dans nos imprim\u00e9s, tels que les indications de dimensions et de poids, les illustrations et les descriptions, sont autoris\u00e9es, dans la mesure o\u00f9 les documents ne sont exceptionnellement pas express\u00e9ment d\u00e9sign\u00e9s comme contraignants.<br \/>\nNous nous r\u00e9servons le droit de propri\u00e9t\u00e9 et, le cas \u00e9ch\u00e9ant, le droit d&rsquo;auteur sur les illustrations, dessins, croquis et autres documents. Ils ne doivent pas \u00eatre reproduits ni mis \u00e0 la disposition de tiers sans notre autorisation et doivent nous \u00eatre renvoy\u00e9s imm\u00e9diatement sur demande.<br \/>\n<strong>2. Commandes<\/strong><br \/>\n2.1 Une commande est accept\u00e9e lorsqu&rsquo;elle est confirm\u00e9e par \u00e9crit par nous ou lorsque nous avons commenc\u00e9 \u00e0 l&rsquo;ex\u00e9cuter. Pour \u00eatre valables, les compl\u00e9ments, les modifications ou les accords verbaux annexes doivent \u00eatre confirm\u00e9s par \u00e9crit par nos soins. 2.2 L&rsquo;acheteur est responsable de l&rsquo;exactitude des documents qu&rsquo;il doit fournir, tels que les dessins, les gabarits, les \u00e9chantillons et autres. Les informations orales sur les dimensions et autres doivent \u00eatre confirm\u00e9es par \u00e9crit. Les \u00e9chantillons sont fournis contre facturation.<br \/>\n<strong>3. Livraison<\/strong><br \/>\n3.1 Le d\u00e9lai de livraison n&rsquo;est consid\u00e9r\u00e9 que comme convenu de mani\u00e8re approximative. Il commence \u00e0 courir \u00e0 partir de l&rsquo;envoi des documents, des autorisations ainsi qu&rsquo;avant la r\u00e9ception d&rsquo;un acompte convenu. Le d\u00e9lai de livraison est respect\u00e9 si, \u00e0 la fin de celui ci, l&rsquo;objet de la livraison a quitt\u00e9 notre usine ou si la disponibilit\u00e9 de la marchandise pour l&rsquo;exp\u00e9dition a \u00e9t\u00e9 communiqu\u00e9e.<br \/>\n3.2 Des \u00e9v\u00e9nements impr\u00e9vus ind\u00e9pendants de notre volont\u00e9, par exemple des perturbations dans l&rsquo;entreprise, des prestations tardives de la part de sous-traitants, des retards dans la livraison de mati\u00e8res premi\u00e8res essentielles, des r\u00e9percussions de conflits sociaux ou autres, prolongent le d\u00e9lai de livraison.<br \/>\n3.3 Nous nous r\u00e9servons le droit de proc\u00e9der \u00e0 une livraison partielle aux frais de l&rsquo;acheteur.<br \/>\n3.4 L&rsquo;\u00e9tendue de la livraison est d\u00e9termin\u00e9e par notre confirmation de commande. Nous nous r\u00e9servons le droit de faire varier la quantit\u00e9 command\u00e9e jusqu&rsquo;\u00e0 + 10 % pour des raisons de fabrication ou d&#8217;emballage.<br \/>\n<strong>4. Prix<\/strong><br \/>\n4.1 Les prix s&rsquo;entendent en EURO (\u20ac), \u00e0 notre choix, d\u00e9part usine ou salle de vente et ne comprennent pas les emballages, le fret, les frais de port et l&rsquo;assurance valeur. Il en va de m\u00eame pour les livraisons partielles et les envois urgents convenus. L&#8217;emballage et l&rsquo;exp\u00e9dition sont effectu\u00e9s au mieux de nos possibilit\u00e9s.<br \/>\n4.2 Les prix sont major\u00e9s de la TVA au taux en vigueur.<br \/>\n4.3 Les prix de liste en vigueur le jour de la livraison s&rsquo;appliquent, sauf si le d\u00e9lai de livraison est inf\u00e9rieur \u00e0 4 mois. Dans ce cas, les prix de la liste en vigueur \u00e0 la date de la confirmation de la commande s&rsquo;appliquent.<br \/>\n<strong>5. Paiement<\/strong><br \/>\nSi aucune condition de paiement particuli\u00e8re n&rsquo;est stipul\u00e9e dans nos offres ou confirmations de commande, les dispositions suivantes s&rsquo;appliquent :<br \/>\n5.1 Les paiements sont \u00e0 effectuer en \u20ac, franco notre lieu de paiement, dans les 30 jours nets \u00e0 compter de la date de la facture. Nous accordons un escompte de 2 % pour les paiements effectu\u00e9s dans les 10 jours et un escompte net pour les montants inf\u00e9rieurs \u00e0 100 \u20ac. Les factures de r\u00e9paration et de travail en sous-traitance ne sont pas d\u00e9ductibles. En cas de retard de paiement, y compris en cas de report, des int\u00e9r\u00eats de 3 % au-dessus du taux d&rsquo;escompte de la Deutsche Bundesbank seront imput\u00e9s pour la p\u00e9riode interm\u00e9diaire, sans qu&rsquo;une mise en demeure ne soit n\u00e9cessaire. Les paiements sont toujours imput\u00e9s \u00e0 la dette la plus ancienne et en premier lieu aux frais et int\u00e9r\u00eats. Pour les commandes dont la valeur d&rsquo;achat est sup\u00e9rieure \u00e0 50 000 \u20ac, il est convenu ce qui suit : 1\/3. Acompte \u00e0 la r\u00e9ception de notre confirmation de commande, 1\/3. imm\u00e9diatement apr\u00e8s la livraison ou la r\u00e9ception de la facture, le reste 30 jours apr\u00e8s la date de la facture.<br \/>\n5.2 La retenue de paiements ou la compensation avec d&rsquo;\u00e9ventuelles contre-pr\u00e9tentions de l&rsquo;acheteur que nous contestons n&rsquo;est pas autoris\u00e9e.<br \/>\n5.3 En cas de connaissance de motifs donnant lieu \u00e0 des doutes justifi\u00e9s quant \u00e0 la poursuite du respect du paiement en bonne et due forme de la part de l&rsquo;acheteur, par exemple proc\u00e9dure de concordat, cessation de paiement imminente et autres, nous sommes en droit de retenir les livraisons non encore effectu\u00e9es et de nous retirer de la poursuite de l&rsquo;ex\u00e9cution de nos obligations contractuelles. Cela ne lib\u00e8re pas l&rsquo;acheteur de ses obligations d\u00e9coulant des parties du contrat que nous avons d\u00e9j\u00e0 ex\u00e9cut\u00e9es.<br \/>\n<strong>6. Mandat d&rsquo;encaissement des repr\u00e9sentants<\/strong><br \/>\n6.1 Nos repr\u00e9sentants n&rsquo;ont pas de mandat d&rsquo;encaissement.<\/p>\n                                   <\/div>\n                                <\/div>\n                                                                               \n                                                            <div class=\"col-lg  flexible-item flex-text\">\n                                   <div class=\"inner\">\n                                       <p><strong>7 R\u00e9serve de propri\u00e9t\u00e9<\/strong><br \/>\n7.1 Les objets livr\u00e9s, y compris les accessoires et les livraisons ult\u00e9rieures \u00e9ventuelles, restent notre propri\u00e9t\u00e9, sans pr\u00e9judice du transfert des risques, jusqu&rsquo;au paiement int\u00e9gral du prix ou jusqu&rsquo;au r\u00e8glement de toutes nos cr\u00e9ances, m\u00eame si le prix d&rsquo;achat a \u00e9t\u00e9 pay\u00e9 pour des objets sp\u00e9cialement d\u00e9sign\u00e9s. La r\u00e9serve de propri\u00e9t\u00e9 est \u00e9galement convenue pour toutes les cr\u00e9ances qui naissent en relation avec la chose vendue. La r\u00e9serve de propri\u00e9t\u00e9 ne dispara\u00eet pas si les cr\u00e9ances \u00e0 garantir sont reprises avec d&rsquo;autres cr\u00e9ances dans un compte courant ; une reconnaissance du solde restant est dans ce cas sans effet, \u00e0 moins que nous n&rsquo;ayons express\u00e9ment renonc\u00e9 au traitement s\u00e9par\u00e9 des cr\u00e9ances.<br \/>\n7.2 Tant que la r\u00e9serve de propri\u00e9t\u00e9 existe, toute vente, mise en gage, transfert de propri\u00e9t\u00e9 \u00e0 titre de garantie, location ou autre transfert de l&rsquo;objet de l&rsquo;achat ou de parties individuelles de celui-ci est interdit sans notre accord \u00e9crit.<br \/>\n7.3 Si l&rsquo;objet vendu est revendiqu\u00e9 d&rsquo;une mani\u00e8re ou d&rsquo;une autre par un tiers, en particulier s&rsquo;il est saisi, l&rsquo;acheteur est tenu d&rsquo;informer l&rsquo;agent d&rsquo;ex\u00e9cution de notre droit de propri\u00e9t\u00e9 et de nous en informer imm\u00e9diatement en joignant le proc\u00e8s-verbal de saisie. Tous les frais judiciaires ou extrajudiciaires engag\u00e9s pour rem\u00e9dier aux saisies et r\u00e9cup\u00e9rer la marchandise livr\u00e9e doivent \u00eatre rembours\u00e9s par l&rsquo;acheteur.<\/p>\n<p><strong>8. Exp\u00e9dition \/ Transfert des risques<\/strong><br \/>\n8.1 L&rsquo;exp\u00e9dition s&rsquo;effectue aux frais et aux risques du destinataire, ce qui est \u00e9galement le cas si une livraison franco de port a \u00e9t\u00e9 convenue. L&rsquo;assurance transport n&rsquo;est fournie que sur instruction et aux frais de l&rsquo;acheteur.<br \/>\n8.2 Si l&rsquo;exp\u00e9dition est retard\u00e9e en raison de circonstances qui ne nous sont pas imputables, le risque est transf\u00e9r\u00e9 \u00e0 l&rsquo;acheteur d\u00e8s le jour o\u00f9 la marchandise est pr\u00eate \u00e0 \u00eatre exp\u00e9di\u00e9e.<br \/>\n8.3 Si la commande est li\u00e9e \u00e0 des prescriptions de qualit\u00e9 particuli\u00e8res, la r\u00e9ception par l&rsquo;acheteur doit avoir lieu dans notre usine imm\u00e9diatement apr\u00e8s l&rsquo;avis de mise \u00e0 disposition pour l&rsquo;exp\u00e9dition. Si l&rsquo;acheteur ne proc\u00e8de pas \u00e0 la r\u00e9ception, les marchandises sont r\u00e9put\u00e9es livr\u00e9es conform\u00e9ment aux conditions au moment o\u00f9 elles quittent l&rsquo;usine ou l&rsquo;entrep\u00f4t de livraison.<br \/>\n<strong>9. Responsabilit\u00e9 des d\u00e9fauts<\/strong><br \/>\n9.1 Nous ne sommes responsables que des erreurs de conception ou d&rsquo;ex\u00e9cution qui nous sont imputables. L&rsquo;obligation de remplacement s&rsquo;\u00e9tend \u00e0 la r\u00e9paration non factur\u00e9e ou \u00e0 la livraison de pi\u00e8ces de rechange irr\u00e9prochables, \u00e0 l&rsquo;exclusion de tout autre droit \u00e0 la garantie de l&rsquo;acheteur. La garantie consiste en la r\u00e9paration de l&rsquo;objet d\u00e9fectueux. Si une r\u00e9paration \u00e9choue d\u00e9finitivement, l&rsquo;acheteur peut demander une r\u00e9duction du prix d&rsquo;achat.<br \/>\n9.2 La constatation de d\u00e9fauts doit nous \u00eatre communiqu\u00e9e imm\u00e9diatement par \u00e9crit, mais au plus tard dans les 10 jours suivant la r\u00e9ception en cas de d\u00e9fauts visibles, et imm\u00e9diatement apr\u00e8s leur constatation en cas de d\u00e9fauts non visibles.<br \/>\n9.3 Le d\u00e9lai de garantie est de 24 mois en cas de travail en une \u00e9quipe, de 12 mois en cas de travail en deux \u00e9quipes et de 6 mois en cas de travail en plusieurs \u00e9quipes. Les composants \u00e9lectroniques sont exclus. Pour ces derniers, la garantie est de 12 mois, m\u00eame en cas de travail en une \u00e9quipe. Le d\u00e9lai de garantie commence \u00e0 courir le jour o\u00f9 la marchandise a quitt\u00e9 notre usine.<br \/>\n9.4 La garantie des vices ne s&rsquo;applique pas \u00e0 l&rsquo;usure naturelle, ni aux dommages survenus apr\u00e8s le transfert des risques en raison d&rsquo;une manipulation incorrecte ou n\u00e9gligente, d&rsquo;une sollicitation excessive, de moyens d&rsquo;exploitation inappropri\u00e9s, de travaux de construction d\u00e9fectueux, d&rsquo;un sol de fondation inappropri\u00e9 et d&rsquo;influences chimiques, \u00e9lectrochimiques ou \u00e9lectriques qui ne sont pas pr\u00e9vues par le contrat.<br \/>\n9.5 Toute modification ou r\u00e9paration non conforme effectu\u00e9e par l&rsquo;acheteur ou par des tiers annule la responsabilit\u00e9 pour les cons\u00e9quences qui en d\u00e9coulent.<br \/>\n9.6 Le d\u00e9lai de garantie est de 3 mois pour les r\u00e9parations et de 6 mois pour les livraisons ou prestations de remplacement. Elle court au moins jusqu&rsquo;\u00e0 l&rsquo;expiration de la p\u00e9riode de garantie initiale de l&rsquo;objet de la livraison. Le d\u00e9lai de la garantie des vices cach\u00e9s est prolong\u00e9 de la dur\u00e9e de l&rsquo;interruption de l&rsquo;exploitation due \u00e0 la n\u00e9cessit\u00e9 de proc\u00e9der \u00e0 des r\u00e9parations, \u00e0 des livraisons de remplacement ou \u00e0 des prestations de remplacement, pour les parties qui ne peuvent pas \u00eatre exploit\u00e9es de mani\u00e8re utile en raison de l&rsquo;interruption.<br \/>\n<strong>10. Lieu d&rsquo;ex\u00e9cution : Br\u00eame<\/strong><br \/>\n<strong>11. Juridiction comp\u00e9tente<\/strong><br \/>\n11.1. Pour les livraisons nationales : Br\u00eame<br \/>\nSi l&rsquo;une des dispositions ci-dessus est ou devient totalement ou partiellement invalide, la validit\u00e9 des autres dispositions n&rsquo;en sera pas affect\u00e9e. Une disposition invalide est remplac\u00e9e par une disposition qui se rapproche le plus possible de l&rsquo;objectif \u00e9conomique voulu, par le biais d&rsquo;une interpr\u00e9tation compl\u00e9mentaire du contrat. En cas de n\u00e9cessit\u00e9, la r\u00e9glementation l\u00e9gale pertinente s&rsquo;applique.<\/p>\n<p>POPR-99 au 09\/2016<\/p>\n                                   <\/div>\n                                <\/div>\n                                                                        <\/div>\n                <\/div>\n            <\/div>\n        <\/div>\n    <\/div>\n\n","protected":false},"excerpt":{"rendered":"","protected":false},"author":5,"featured_media":0,"parent":0,"menu_order":165,"comment_status":"closed","ping_status":"closed","template":"","meta":{"_acf_changed":false,"footnotes":""},"class_list":["post-17747","page","type-page","status-publish","hentry"],"acf":[],"yoast_head":"<!-- This site is optimized with the Yoast SEO plugin v25.8 - https:\/\/yoast.com\/wordpress\/plugins\/seo\/ -->\n<title>Verkaufs- und Lieferbedingungen (FR) - POLO Filter-Technik<\/title>\n<meta name=\"robots\" content=\"index, follow, max-snippet:-1, max-image-preview:large, max-video-preview:-1\" \/>\n<link rel=\"canonical\" href=\"https:\/\/polo-filter.avrio-web.de\/fr\/conditions-generales-de-vente-et-de-livraison\/\" \/>\n<meta property=\"og:locale\" content=\"fr_FR\" \/>\n<meta property=\"og:type\" content=\"article\" \/>\n<meta property=\"og:title\" content=\"Verkaufs- und Lieferbedingungen (FR) - POLO Filter-Technik\" \/>\n<meta property=\"og:url\" content=\"https:\/\/polo-filter.avrio-web.de\/fr\/conditions-generales-de-vente-et-de-livraison\/\" \/>\n<meta property=\"og:site_name\" content=\"POLO Filter-Technik\" \/>\n<meta property=\"article:modified_time\" content=\"2024-04-15T07:38:47+00:00\" \/>\n<meta name=\"twitter:card\" content=\"summary_large_image\" \/>\n<script type=\"application\/ld+json\" class=\"yoast-schema-graph\">{\"@context\":\"https:\/\/schema.org\",\"@graph\":[{\"@type\":\"WebPage\",\"@id\":\"https:\/\/polo-filter.avrio-web.de\/fr\/conditions-generales-de-vente-et-de-livraison\/\",\"url\":\"https:\/\/polo-filter.avrio-web.de\/fr\/conditions-generales-de-vente-et-de-livraison\/\",\"name\":\"Verkaufs- und Lieferbedingungen (FR) - POLO Filter-Technik\",\"isPartOf\":{\"@id\":\"https:\/\/polo-filter.avrio-web.de\/fr\/#website\"},\"datePublished\":\"2024-04-15T07:38:45+00:00\",\"dateModified\":\"2024-04-15T07:38:47+00:00\",\"breadcrumb\":{\"@id\":\"https:\/\/polo-filter.avrio-web.de\/fr\/conditions-generales-de-vente-et-de-livraison\/#breadcrumb\"},\"inLanguage\":\"fr-FR\",\"potentialAction\":[{\"@type\":\"ReadAction\",\"target\":[\"https:\/\/polo-filter.avrio-web.de\/fr\/conditions-generales-de-vente-et-de-livraison\/\"]}]},{\"@type\":\"BreadcrumbList\",\"@id\":\"https:\/\/polo-filter.avrio-web.de\/fr\/conditions-generales-de-vente-et-de-livraison\/#breadcrumb\",\"itemListElement\":[{\"@type\":\"ListItem\",\"position\":1,\"name\":\"Startseite\",\"item\":\"https:\/\/polo-filter.avrio-web.de\/fr\/\"},{\"@type\":\"ListItem\",\"position\":2,\"name\":\"Verkaufs- und Lieferbedingungen (FR)\"}]},{\"@type\":\"WebSite\",\"@id\":\"https:\/\/polo-filter.avrio-web.de\/fr\/#website\",\"url\":\"https:\/\/polo-filter.avrio-web.de\/fr\/\",\"name\":\"POLO Filter-Technik\",\"description\":\"Filteranlagen nach Mass\",\"potentialAction\":[{\"@type\":\"SearchAction\",\"target\":{\"@type\":\"EntryPoint\",\"urlTemplate\":\"https:\/\/polo-filter.avrio-web.de\/fr\/?s={search_term_string}\"},\"query-input\":{\"@type\":\"PropertyValueSpecification\",\"valueRequired\":true,\"valueName\":\"search_term_string\"}}],\"inLanguage\":\"fr-FR\"}]}<\/script>\n<!-- \/ Yoast SEO plugin. -->","yoast_head_json":{"title":"Verkaufs- und Lieferbedingungen (FR) - POLO Filter-Technik","robots":{"index":"index","follow":"follow","max-snippet":"max-snippet:-1","max-image-preview":"max-image-preview:large","max-video-preview":"max-video-preview:-1"},"canonical":"https:\/\/polo-filter.avrio-web.de\/fr\/conditions-generales-de-vente-et-de-livraison\/","og_locale":"fr_FR","og_type":"article","og_title":"Verkaufs- und Lieferbedingungen (FR) - POLO Filter-Technik","og_url":"https:\/\/polo-filter.avrio-web.de\/fr\/conditions-generales-de-vente-et-de-livraison\/","og_site_name":"POLO Filter-Technik","article_modified_time":"2024-04-15T07:38:47+00:00","twitter_card":"summary_large_image","schema":{"@context":"https:\/\/schema.org","@graph":[{"@type":"WebPage","@id":"https:\/\/polo-filter.avrio-web.de\/fr\/conditions-generales-de-vente-et-de-livraison\/","url":"https:\/\/polo-filter.avrio-web.de\/fr\/conditions-generales-de-vente-et-de-livraison\/","name":"Verkaufs- und Lieferbedingungen (FR) - POLO Filter-Technik","isPartOf":{"@id":"https:\/\/polo-filter.avrio-web.de\/fr\/#website"},"datePublished":"2024-04-15T07:38:45+00:00","dateModified":"2024-04-15T07:38:47+00:00","breadcrumb":{"@id":"https:\/\/polo-filter.avrio-web.de\/fr\/conditions-generales-de-vente-et-de-livraison\/#breadcrumb"},"inLanguage":"fr-FR","potentialAction":[{"@type":"ReadAction","target":["https:\/\/polo-filter.avrio-web.de\/fr\/conditions-generales-de-vente-et-de-livraison\/"]}]},{"@type":"BreadcrumbList","@id":"https:\/\/polo-filter.avrio-web.de\/fr\/conditions-generales-de-vente-et-de-livraison\/#breadcrumb","itemListElement":[{"@type":"ListItem","position":1,"name":"Startseite","item":"https:\/\/polo-filter.avrio-web.de\/fr\/"},{"@type":"ListItem","position":2,"name":"Verkaufs- und Lieferbedingungen (FR)"}]},{"@type":"WebSite","@id":"https:\/\/polo-filter.avrio-web.de\/fr\/#website","url":"https:\/\/polo-filter.avrio-web.de\/fr\/","name":"POLO Filter-Technik","description":"Filteranlagen nach Mass","potentialAction":[{"@type":"SearchAction","target":{"@type":"EntryPoint","urlTemplate":"https:\/\/polo-filter.avrio-web.de\/fr\/?s={search_term_string}"},"query-input":{"@type":"PropertyValueSpecification","valueRequired":true,"valueName":"search_term_string"}}],"inLanguage":"fr-FR"}]}},"_links":{"self":[{"href":"https:\/\/polo-filter.avrio-web.de\/fr\/wp-json\/wp\/v2\/pages\/17747","targetHints":{"allow":["GET"]}}],"collection":[{"href":"https:\/\/polo-filter.avrio-web.de\/fr\/wp-json\/wp\/v2\/pages"}],"about":[{"href":"https:\/\/polo-filter.avrio-web.de\/fr\/wp-json\/wp\/v2\/types\/page"}],"author":[{"embeddable":true,"href":"https:\/\/polo-filter.avrio-web.de\/fr\/wp-json\/wp\/v2\/users\/5"}],"replies":[{"embeddable":true,"href":"https:\/\/polo-filter.avrio-web.de\/fr\/wp-json\/wp\/v2\/comments?post=17747"}],"version-history":[{"count":2,"href":"https:\/\/polo-filter.avrio-web.de\/fr\/wp-json\/wp\/v2\/pages\/17747\/revisions"}],"predecessor-version":[{"id":17749,"href":"https:\/\/polo-filter.avrio-web.de\/fr\/wp-json\/wp\/v2\/pages\/17747\/revisions\/17749"}],"wp:attachment":[{"href":"https:\/\/polo-filter.avrio-web.de\/fr\/wp-json\/wp\/v2\/media?parent=17747"}],"curies":[{"name":"wp","href":"https:\/\/api.w.org\/{rel}","templated":true}]}}