{"id":17738,"date":"2024-04-15T09:24:16","date_gmt":"2024-04-15T07:24:16","guid":{"rendered":"https:\/\/polo-filter.avrio-web.de\/?page_id=17738"},"modified":"2024-10-22T15:12:32","modified_gmt":"2024-10-22T13:12:32","slug":"carriere","status":"publish","type":"page","link":"https:\/\/polo-filter.avrio-web.de\/fr\/carriere\/","title":{"rendered":"Karriere (FR)"},"content":{"rendered":"\n    \n                                                 <div class=\"heroimage container\" style=\"height:450px;background-image: url(https:\/\/polo-filter.avrio-web.de\/wp-content\/uploads\/Karriere_POLO_Filter_Technik_Bremen_GmbH_Kopfbild_450px_102.jpg);background-repeat: no-repeat;background-size: contain;background-position: center \">\n                    \t<img decoding=\"async\" src=\"https:\/\/polo-filter.avrio-web.de\/wp-content\/uploads\/Karriere_POLO_Filter_Technik_Bremen_GmbH_Kopfbild_450px_102.jpg\" style=\"visibility: hidden;\" \/>\n\n                <\/div>\n                  \n\n\n        <div class=\"flexible-content acf-content standard\" id=\"block_6ce431d705adc1b84f3e09b639e9e91e\" style=\"background-color: transparent\">\n        <div class=\"flexible-content-inner container\" >\n            <div id=\"dynamiccontent\" class=\"flexible-item-wrapper\">\n               \n                <div class=\" flexible-items\" >\n                    <div class=\"row\">\n                                                   \n                                                            <div class=\"col-lg  flexible-item flex-text\">\n                                   <div class=\"inner\">\n                                       <h1><strong>Offres d&#8217;emploi \/ Formation<\/strong><\/h1>\n<h2><strong>Rejoignez la famille POLO<\/strong><\/h2>\n<p>Que ce soit dans le d\u00e9veloppement\/l&rsquo;administration ou dans la fabrication\/la logistique de stockage, en tant qu&rsquo;apprenti ou professionnel exp\u00e9riment\u00e9. Chez nous, tu es toujours \u00e0 la bonne adresse !<\/p>\n<p>Au fil des ann\u00e9es, POLO est devenue une solide entreprise familiale de taille moyenne. Gr\u00e2ce \u00e0 un d\u00e9veloppement continu, nous r\u00e9alisons les meilleures performances nationales et internationales depuis des d\u00e9cennies. La motivation et l&rsquo;engagement, l&rsquo;esprit d&rsquo;\u00e9quipe et, surtout, beaucoup de plaisir sont \u00e0 la base de notre succ\u00e8s. Viens rejoindre notre grande famille !<\/p>\n                                   <\/div>\n                                <\/div>\n                                                                        <\/div>\n                <\/div>\n            <\/div>\n        <\/div>\n    <\/div>\n\n\n\n     \n<div id=\"Video\" class=\"video flexible-content\" style=\"background-color: transparent;\">\n    <div class=\"flexible-content-inner container\">\n                          <div id=\"video-iframe\" class=\"container\" style=\"background-color: transparent; position: relative\">\n                         <div class=\"BorlabsCookie _brlbs-cb-vimeo\"><div class=\"_brlbs-content-blocker\"> <div class=\"_brlbs-embed _brlbs-video-vimeo\"> <img decoding=\"async\" class=\"_brlbs-thumbnail\" src=\"https:\/\/polo-filter.avrio-web.de\/wp-content\/plugins\/borlabs-cookie\/assets\/images\/cb-no-thumbnail.png\" alt=\"Vimeo\"> <div class=\"_brlbs-caption\"> <p>En chargeant le message, vous acceptez la politique de confidentialit\u00e9 de Vimeo.<br><a href=\"https:\/\/vimeo.com\/privacy\" target=\"_blank\" rel=\"nofollow noopener noreferrer\">Mehr erfahren<\/a><\/p> <p><a class=\"_brlbs-btn _brlbs-icon-play-white\" href=\"#\" data-borlabs-cookie-unblock role=\"button\">Charger le message<\/a><\/p> <p><label><input type=\"checkbox\" name=\"unblockAll\" value=\"1\" checked> <small>Toujours d\u00e9verrouiller les messages<\/small><\/label><\/p> <\/div> <\/div> <\/div><div class=\"borlabs-hide\" data-borlabs-cookie-type=\"content-blocker\" data-borlabs-cookie-id=\"vimeo\"><script type=\"text\/template\">PGlmcmFtZSB0aXRsZT0iUG9sbyBGaWx0ZXIgUmVjcnVpdGluZyIgc3JjPSJodHRwczovL3BsYXllci52aW1lby5jb20vdmlkZW8vODczMjA1ODQwP2RudD0xJmFtcDthcHBfaWQ9MTIyOTYzIiB3aWR0aD0iNzExIiBoZWlnaHQ9IjQwMCIgZnJhbWVib3JkZXI9IjAiIGFsbG93PSJhdXRvcGxheTsgZnVsbHNjcmVlbjsgcGljdHVyZS1pbi1waWN0dXJlOyBjbGlwYm9hcmQtd3JpdGU7IGVuY3J5cHRlZC1tZWRpYTsgd2ViLXNoYXJlIiByZWZlcnJlcnBvbGljeT0ic3RyaWN0LW9yaWdpbi13aGVuLWNyb3NzLW9yaWdpbiI+PC9pZnJhbWU+<\/script><\/div><\/div>                    <\/div> \n    <\/div>\n\n\n<\/div>\n\n\n        <div id=\"bildlinktextbutton\" class=\"flexible-content acf-content\"  style=\"background-color: transparent;\">\n        <div class=\"flexible-content-inner\">\n            <div class=\"flexible-item-wrapper\">\n\n               \n                     \n                        <div class=\"container flexible-items\">\n                            <div class=\"row\">\n                                \n                                                                     <div class=\"col-lg  nein  flexible-item flex-img\" data-aos=\"fade-up\">\n                                        <div class=\"inner\"> \n                                            \n                                                                                            <div class=\"bild\">\n                                                    <img decoding=\"async\" src=\"https:\/\/polo-filter.avrio-web.de\/wp-content\/uploads\/Karriere_POLO_Filter_Technik_Box_01_klein_101.jpg\" style=\"height: 100%; width: 100%; object-fit: cover;\" alt=\"\" \/>\n                                                <\/div>  \n                                            <div class=\"hintergrund\" style=\"display: none\"><\/div>\n                                            <div class=\"bild-nein\" style=\"display: none\">\n\n                                                   \n   <img decoding=\"async\" src=\"https:\/\/polo-filter.avrio-web.de\/wp-content\/uploads\/Karriere_POLO_Filter_Technik_Box_01_klein_101.jpg\" alt=\"\" \/>\n                                            <\/div>\n\n                                            <div class=\"text\">\n                                                 <h4><strong>Offre d&#8217;emploi de bureau<\/strong><\/h4>\n<ul>\n<li>Ventes Service interne<\/li>\n<\/ul>\n                                            <\/div> \n\n                                        <\/div>\n                                    <\/div>\n                                  \n                                                            \n                                                                     <div class=\"col-lg  nein  flexible-item flex-img\" data-aos=\"fade-up\">\n                                        <div class=\"inner\"> \n                                            \n                                                                                            <div class=\"bild\">\n                                                    <img decoding=\"async\" src=\"https:\/\/polo-filter.avrio-web.de\/wp-content\/uploads\/Karriere_POLO_Filter_Technik_Box_01_klein_102.jpg\" style=\"height: 100%; width: 100%; object-fit: cover;\" alt=\"\" \/>\n                                                <\/div>  \n                                            <div class=\"hintergrund\" style=\"display: none\"><\/div>\n                                            <div class=\"bild-nein\" style=\"display: none\">\n\n                                                   \n   <img decoding=\"async\" src=\"https:\/\/polo-filter.avrio-web.de\/wp-content\/uploads\/Karriere_POLO_Filter_Technik_Box_01_klein_102.jpg\" alt=\"\" \/>\n                                            <\/div>\n\n                                            <div class=\"text\">\n                                                 <h4><strong>Offre d&#8217;emploi Fabrication \/ Logistique d&rsquo;entrep\u00f4t<\/strong><\/h4>\n<ul>\n<li>M\u00e9canicien de construction sp\u00e9cialis\u00e9 dans la t\u00f4lerie fine<\/li>\n<\/ul>\n                                            <\/div> \n\n                                        <\/div>\n                                    <\/div>\n                                  \n                                                                                    <\/div>\n                    <\/div>\n\n             \n        <\/div>\n    <\/div>\n<\/div>\n\n\n\n        <div class=\"flexible-content acf-content standard\" id=\"block_4f5a04aff21754b363413cc4539f55f9\" style=\"background-color: #ececec\">\n        <div class=\"flexible-content-inner container\" >\n            <div id=\"dynamiccontent\" class=\"flexible-item-wrapper\">\n               \n                <div class=\" flexible-items\" >\n                    <div class=\"row\">\n                                                   \n                                                            <div class=\"col-lg  flexible-item flex-text\">\n                                   <div class=\"inner\">\n                                       <h1><img loading=\"lazy\" decoding=\"async\" class=\"alignleft wp-image-15572\" src=\"https:\/\/polo-filter.avrio-web.de\/wp-content\/uploads\/Karriere_POLO_Filter_Technik_Box_Ausbildungsaufkleber-2023-24-213x300.jpg\" alt=\"\" width=\"400\" height=\"564\" srcset=\"https:\/\/polo-filter.avrio-web.de\/wp-content\/uploads\/Karriere_POLO_Filter_Technik_Box_Ausbildungsaufkleber-2023-24-213x300.jpg 213w, https:\/\/polo-filter.avrio-web.de\/wp-content\/uploads\/Karriere_POLO_Filter_Technik_Box_Ausbildungsaufkleber-2023-24-726x1024.jpg 726w, https:\/\/polo-filter.avrio-web.de\/wp-content\/uploads\/Karriere_POLO_Filter_Technik_Box_Ausbildungsaufkleber-2023-24-768x1083.jpg 768w, https:\/\/polo-filter.avrio-web.de\/wp-content\/uploads\/Karriere_POLO_Filter_Technik_Box_Ausbildungsaufkleber-2023-24-1090x1536.jpg 1090w, https:\/\/polo-filter.avrio-web.de\/wp-content\/uploads\/Karriere_POLO_Filter_Technik_Box_Ausbildungsaufkleber-2023-24-426x600.jpg 426w, https:\/\/polo-filter.avrio-web.de\/wp-content\/uploads\/Karriere_POLO_Filter_Technik_Box_Ausbildungsaufkleber-2023-24-scaled.jpg 603w\" sizes=\"auto, (max-width: 400px) 100vw, 400px\" \/><span style=\"color: #0064ad\">Formation chez POLO Filter-Technik Bremen GmbH<\/span><\/h1>\n<p>Nous aussi, nous nous pr\u00e9occupons activement de l&rsquo;avenir de nos jeunes. Nous offrons aux jeunes une bonne chance d&rsquo;entrer dans la vie professionnelle avec des qualifications.<\/p>\n<p>&nbsp;<\/p>\n<p>Nous voulons que nos futurs apprentis se sentent bien chez nous, qu&rsquo;ils b\u00e9n\u00e9ficient d&rsquo;une bonne formation et qu&rsquo;ils aient du plaisir \u00e0 travailler.<\/p>\n<p>&nbsp;<\/p>\n<p>Nous offrons une place d&rsquo;apprentissage pour 2025 dans le domaine<\/p>\n<p><strong>\u00ab M\u00e9canicien de construction sp\u00e9cialis\u00e9 dans la construction de t\u00f4les fines \u00bb.<\/strong><\/p>\n<p>&nbsp;<\/p>\n                                   <\/div>\n                                <\/div>\n                                                                        <\/div>\n                <\/div>\n            <\/div>\n        <\/div>\n    <\/div>\n\n","protected":false},"excerpt":{"rendered":"","protected":false},"author":5,"featured_media":0,"parent":0,"menu_order":156,"comment_status":"closed","ping_status":"closed","template":"","meta":{"_acf_changed":false,"footnotes":""},"class_list":["post-17738","page","type-page","status-publish","hentry"],"acf":[],"yoast_head":"<!-- This site is optimized with the Yoast SEO plugin v25.8 - https:\/\/yoast.com\/wordpress\/plugins\/seo\/ -->\n<title>Karriere (FR) - POLO Filter-Technik<\/title>\n<meta name=\"robots\" content=\"index, follow, max-snippet:-1, max-image-preview:large, max-video-preview:-1\" \/>\n<link rel=\"canonical\" href=\"https:\/\/polo-filter.avrio-web.de\/fr\/carriere\/\" \/>\n<meta property=\"og:locale\" content=\"fr_FR\" \/>\n<meta property=\"og:type\" content=\"article\" \/>\n<meta property=\"og:title\" content=\"Karriere (FR) - POLO Filter-Technik\" \/>\n<meta property=\"og:url\" content=\"https:\/\/polo-filter.avrio-web.de\/fr\/carriere\/\" \/>\n<meta property=\"og:site_name\" content=\"POLO Filter-Technik\" \/>\n<meta property=\"article:modified_time\" content=\"2024-10-22T13:12:32+00:00\" \/>\n<meta name=\"twitter:card\" content=\"summary_large_image\" \/>\n<script type=\"application\/ld+json\" class=\"yoast-schema-graph\">{\"@context\":\"https:\/\/schema.org\",\"@graph\":[{\"@type\":\"WebPage\",\"@id\":\"https:\/\/polo-filter.avrio-web.de\/fr\/carriere\/\",\"url\":\"https:\/\/polo-filter.avrio-web.de\/fr\/carriere\/\",\"name\":\"Karriere (FR) - POLO Filter-Technik\",\"isPartOf\":{\"@id\":\"https:\/\/polo-filter.avrio-web.de\/fr\/#website\"},\"datePublished\":\"2024-04-15T07:24:16+00:00\",\"dateModified\":\"2024-10-22T13:12:32+00:00\",\"breadcrumb\":{\"@id\":\"https:\/\/polo-filter.avrio-web.de\/fr\/carriere\/#breadcrumb\"},\"inLanguage\":\"fr-FR\",\"potentialAction\":[{\"@type\":\"ReadAction\",\"target\":[\"https:\/\/polo-filter.avrio-web.de\/fr\/carriere\/\"]}]},{\"@type\":\"BreadcrumbList\",\"@id\":\"https:\/\/polo-filter.avrio-web.de\/fr\/carriere\/#breadcrumb\",\"itemListElement\":[{\"@type\":\"ListItem\",\"position\":1,\"name\":\"Startseite\",\"item\":\"https:\/\/polo-filter.avrio-web.de\/fr\/\"},{\"@type\":\"ListItem\",\"position\":2,\"name\":\"Karriere (FR)\"}]},{\"@type\":\"WebSite\",\"@id\":\"https:\/\/polo-filter.avrio-web.de\/fr\/#website\",\"url\":\"https:\/\/polo-filter.avrio-web.de\/fr\/\",\"name\":\"POLO Filter-Technik\",\"description\":\"Filteranlagen nach Mass\",\"potentialAction\":[{\"@type\":\"SearchAction\",\"target\":{\"@type\":\"EntryPoint\",\"urlTemplate\":\"https:\/\/polo-filter.avrio-web.de\/fr\/?s={search_term_string}\"},\"query-input\":{\"@type\":\"PropertyValueSpecification\",\"valueRequired\":true,\"valueName\":\"search_term_string\"}}],\"inLanguage\":\"fr-FR\"}]}<\/script>\n<!-- \/ Yoast SEO plugin. -->","yoast_head_json":{"title":"Karriere (FR) - POLO Filter-Technik","robots":{"index":"index","follow":"follow","max-snippet":"max-snippet:-1","max-image-preview":"max-image-preview:large","max-video-preview":"max-video-preview:-1"},"canonical":"https:\/\/polo-filter.avrio-web.de\/fr\/carriere\/","og_locale":"fr_FR","og_type":"article","og_title":"Karriere (FR) - POLO Filter-Technik","og_url":"https:\/\/polo-filter.avrio-web.de\/fr\/carriere\/","og_site_name":"POLO Filter-Technik","article_modified_time":"2024-10-22T13:12:32+00:00","twitter_card":"summary_large_image","schema":{"@context":"https:\/\/schema.org","@graph":[{"@type":"WebPage","@id":"https:\/\/polo-filter.avrio-web.de\/fr\/carriere\/","url":"https:\/\/polo-filter.avrio-web.de\/fr\/carriere\/","name":"Karriere (FR) - POLO Filter-Technik","isPartOf":{"@id":"https:\/\/polo-filter.avrio-web.de\/fr\/#website"},"datePublished":"2024-04-15T07:24:16+00:00","dateModified":"2024-10-22T13:12:32+00:00","breadcrumb":{"@id":"https:\/\/polo-filter.avrio-web.de\/fr\/carriere\/#breadcrumb"},"inLanguage":"fr-FR","potentialAction":[{"@type":"ReadAction","target":["https:\/\/polo-filter.avrio-web.de\/fr\/carriere\/"]}]},{"@type":"BreadcrumbList","@id":"https:\/\/polo-filter.avrio-web.de\/fr\/carriere\/#breadcrumb","itemListElement":[{"@type":"ListItem","position":1,"name":"Startseite","item":"https:\/\/polo-filter.avrio-web.de\/fr\/"},{"@type":"ListItem","position":2,"name":"Karriere (FR)"}]},{"@type":"WebSite","@id":"https:\/\/polo-filter.avrio-web.de\/fr\/#website","url":"https:\/\/polo-filter.avrio-web.de\/fr\/","name":"POLO Filter-Technik","description":"Filteranlagen nach Mass","potentialAction":[{"@type":"SearchAction","target":{"@type":"EntryPoint","urlTemplate":"https:\/\/polo-filter.avrio-web.de\/fr\/?s={search_term_string}"},"query-input":{"@type":"PropertyValueSpecification","valueRequired":true,"valueName":"search_term_string"}}],"inLanguage":"fr-FR"}]}},"_links":{"self":[{"href":"https:\/\/polo-filter.avrio-web.de\/fr\/wp-json\/wp\/v2\/pages\/17738","targetHints":{"allow":["GET"]}}],"collection":[{"href":"https:\/\/polo-filter.avrio-web.de\/fr\/wp-json\/wp\/v2\/pages"}],"about":[{"href":"https:\/\/polo-filter.avrio-web.de\/fr\/wp-json\/wp\/v2\/types\/page"}],"author":[{"embeddable":true,"href":"https:\/\/polo-filter.avrio-web.de\/fr\/wp-json\/wp\/v2\/users\/5"}],"replies":[{"embeddable":true,"href":"https:\/\/polo-filter.avrio-web.de\/fr\/wp-json\/wp\/v2\/comments?post=17738"}],"version-history":[{"count":6,"href":"https:\/\/polo-filter.avrio-web.de\/fr\/wp-json\/wp\/v2\/pages\/17738\/revisions"}],"predecessor-version":[{"id":18133,"href":"https:\/\/polo-filter.avrio-web.de\/fr\/wp-json\/wp\/v2\/pages\/17738\/revisions\/18133"}],"wp:attachment":[{"href":"https:\/\/polo-filter.avrio-web.de\/fr\/wp-json\/wp\/v2\/media?parent=17738"}],"curies":[{"name":"wp","href":"https:\/\/api.w.org\/{rel}","templated":true}]}}