{"id":17389,"date":"2024-03-01T13:58:59","date_gmt":"2024-03-01T12:58:59","guid":{"rendered":"https:\/\/polo-filter.avrio-web.de\/?page_id=17389"},"modified":"2025-07-02T12:41:29","modified_gmt":"2025-07-02T10:41:29","slug":"informations-produits","status":"publish","type":"page","link":"https:\/\/polo-filter.avrio-web.de\/fr\/informations-produits\/","title":{"rendered":"Downloads Produkte (FR)"},"content":{"rendered":"\n    \n                                                 <div class=\"heroimage container\" style=\"height:650px;background-image: url(https:\/\/polo-filter.avrio-web.de\/wp-content\/uploads\/Produktinformation_POLO_Filter_Technik_Kopfbild_650px_101.jpg);background-repeat: no-repeat;background-size: contain;background-position: center \">\n                    \t<img decoding=\"async\" src=\"https:\/\/polo-filter.avrio-web.de\/wp-content\/uploads\/Produktinformation_POLO_Filter_Technik_Kopfbild_650px_101.jpg\" style=\"visibility: hidden;\" \/>\n\n                <\/div>\n                  \n\n\n        <div class=\"flexible-content acf-content standard\" id=\"block_96f3a5fa55491e2b8e3597b8233f3223\" style=\"background-color: transparent\">\n        <div class=\"flexible-content-inner container\" >\n            <div id=\"dynamiccontent\" class=\"flexible-item-wrapper\">\n               \n                <div class=\" flexible-items\" >\n                    <div class=\"row\">\n                                                   \n                                                            <div class=\"col-lg  flexible-item flex-text\">\n                                   <div class=\"inner\">\n                                       <h1>Informations produits<\/h1>\n<h2>Fiches techniques, prospectus, vid\u00e9os<\/h2>\n<p>Sur ces pages, vous trouverez les derni\u00e8res et actuelles brochures de nos produits. Le centre de t\u00e9l\u00e9chargement est r\u00e9guli\u00e8rement mis \u00e0 jour, n&rsquo;h\u00e9sitez donc pas \u00e0 le consulter de temps en temps.<\/p>\n                                   <\/div>\n                                <\/div>\n                                                                        <\/div>\n                <\/div>\n            <\/div>\n        <\/div>\n    <\/div>\n\n\n\n        <div id=\"zeichnung\" class=\"flexible-content acf-content\" style=\"background-color: transparent;\">\n        <div class=\"flexible-content-inner\">\n            <div class=\"flexible-item-wrapper\">\n\n\n\n                <div class=\"container flexible-items\"  >\n                    <div class=\"row\">\n                                                        <div class=\"col-4 zeichnung-box\" data-aos=\"fade-up\">\n                                    <div class=\"inner\"> \n\n                                                                                    <img decoding=\"async\" src=\"https:\/\/polo-filter.avrio-web.de\/wp-content\/uploads\/POLO_Filter_Technik_Produktgruppen_Bandfilter-1.jpg\" alt=\"\" \/>\n                                        \n\n\n\n                                        <div class=\"text\">\n                                         <p><strong>Filtre \u00e0 bande \/ filtre compact<\/strong><\/p>\n<p><a href=\"https:\/\/polo-filter.avrio-web.de\/108_Downloadcenter\/Produkt\/POLO_Filter_EN_Gravity_Filter_SKF.pdf\" target=\"_blank\" rel=\"noopener\">Filtre \u00e0 gravit\u00e9 SKF (filtre non-tiss\u00e9)<\/a><\/p>\n<p><a href=\"https:\/\/polo-filter.avrio-web.de\/108_Downloadcenter\/Produkt\/POLO_Filter_FR_Filtre_%C3%A0_plateau_inclin%C3%A9_SB.pdf\" target=\"_blank\" rel=\"noopener\">Filtre \u00e0 plateau inclin\u00e9 SB (filtre non-tiss\u00e9)<\/a><\/p>\n<p><a href=\"https:\/\/polo-filter.avrio-web.de\/108_Downloadcenter\/Produkt\/POLO_Filter_EN_Inclined_Bed_Filter_SBN.pdf\" target=\"_blank\" rel=\"noopener\">Filtre \u00e0 plan inclin\u00e9 SBN (filtre non-tiss\u00e9)<\/a><\/p>\n<p><a href=\"https:\/\/polo-filter.avrio-web.de\/108_Downloadcenter\/Produkt\/POLO_Filter_EN_Inclined_Bed_Filter_SBP.pdf\" target=\"_blank\" rel=\"noopener\">Filtre \u00e0 plan inclin\u00e9 SBP (filtre non-tiss\u00e9)<\/a><\/p>\n<p><a href=\"https:\/\/polo-filter.avrio-web.de\/108_Downloadcenter\/Produkt\/POLO_Filter_FR_Filtre_%C3%A0_plateau_inclin%C3%A9_SBH.pdf\" target=\"_blank\" rel=\"noopener\">Filtre \u00e0 plateau inclin\u00e9 SBH (filtre non-tiss\u00e9)<\/a><\/p>\n<p><a href=\"https:\/\/polo-filter.avrio-web.de\/108_Downloadcenter\/Produkt\/POLO_Filter_EN_Inclined_Bed_Filter_SBEH.pdf\" target=\"_blank\" rel=\"noopener\">Filtre \u00e0 plateau inclin\u00e9 SBEH (bande sans fin)<\/a><\/p>\n<p><a href=\"https:\/\/polo-filter.avrio-web.de\/108_Downloadcenter\/Produkt\/POLO_Filter_EN_Standard_System_SBP_SB.pdf\" target=\"_blank\" rel=\"noopener\">Unit\u00e9 standard SBP + SB<\/a><\/p>\n<hr \/>\n<p><a href=\"https:\/\/vimeo.com\/639038585?share=copy\" target=\"_blank\" rel=\"noopener\">Film | Filtre \u00e0 plateau inclin\u00e9 (fonction)<\/a><\/p>\n                                     <\/div>\n                                     <div class=\"text-button\">\n\n                                                                      <\/div>\n                            <\/div>  \n\n                            <\/div>                                  <div class=\"col-4 zeichnung-box\" data-aos=\"fade-up\">\n                                    <div class=\"inner\"> \n\n                                                                                    <img decoding=\"async\" src=\"https:\/\/polo-filter.avrio-web.de\/wp-content\/uploads\/POLO_Filter_Technik_Produktgruppen_Vakuumfilter.jpg\" alt=\"\" \/>\n                                        \n\n\n\n                                        <div class=\"text\">\n                                         <p><strong>Filtre \u00e0 vide \/ filtre \u00e0 d\u00e9pression<\/strong><\/p>\n<p><a href=\"https:\/\/polo-filter.avrio-web.de\/108_Downloadcenter\/Produkt\/POLO_Filter_EN_Inclined_Bed_Filter_SBV.pdf\" target=\"_blank\" rel=\"noopener\">Filtre \u00e0 vide SBV (filtre non-tiss\u00e9)<\/a><\/p>\n<p><a href=\"https:\/\/polo-filter.avrio-web.de\/108_Downloadcenter\/Produkt\/POLO_Filter_EN_Inclined_Bed_Filter_SBEV.pdf\" target=\"_blank\" rel=\"noopener\">Filtre \u00e0 vide SBEV (bande sans fin)<\/a><\/p>\n<p><a href=\"https:\/\/polo-filter.avrio-web.de\/108_Downloadcenter\/Produkt\/POLO_Filter_EN_Suction_belt_filter_SAFI_E_E.pdf\" target=\"_blank\" rel=\"noopener\">Filtre \u00e0 bande aspirante SAFI-E (bande sans fin)<\/a><\/p>\n<p><a href=\"https:\/\/polo-filter.avrio-web.de\/108_Downloadcenter\/Produkt\/POLO_Filter_EN_Suction_belt_filter_SAFI_E_V.pdf\" target=\"_blank\" rel=\"noopener\">Filtre \u00e0 bande aspirante SAFI-E (filtre non-tiss\u00e9)<\/a><\/p>\n<p><a href=\"https:\/\/polo-filter.avrio-web.de\/108_Downloadcenter\/Produkt\/POLO_Filter_EN_Suction_belt_filter_SAFI_C_E.pdf\" target=\"_blank\" rel=\"noopener\">Filtre \u00e0 bande aspirante SAFI-C (bande sans fin)<\/a><\/p>\n<p><a href=\"https:\/\/polo-filter.avrio-web.de\/108_Downloadcenter\/Produkt\/POLO_Filter_EN_Suction_belt_filter_SAFI_T.pdf\" target=\"_blank\" rel=\"noopener\">Filtre \u00e0 bande aspirante SAFI-T (filtre non-tiss\u00e9)<\/a><\/p>\n                                     <\/div>\n                                     <div class=\"text-button\">\n\n                                                                      <\/div>\n                            <\/div>  \n\n                            <\/div>                                  <div class=\"col-4 zeichnung-box\" data-aos=\"fade-up\">\n                                    <div class=\"inner\"> \n\n                                                                                    <img decoding=\"async\" src=\"https:\/\/polo-filter.avrio-web.de\/wp-content\/uploads\/POLO_Filter_Technik_Produktgruppen_Magnetfilter-1.jpg\" alt=\"\" \/>\n                                        \n\n\n\n                                        <div class=\"text\">\n                                         <p><strong>Filtre magn\u00e9tique<\/strong><\/p>\n<p><a href=\"https:\/\/polo-filter.avrio-web.de\/108_Downloadcenter\/Produkt\/POLO_Filter_FR_Filtre_magn%C3%A9tique_MAF.pdf\" target=\"_blank\" rel=\"noopener\">Filtre magn\u00e9tique MAF<\/a><\/p>\n<p><a href=\"https:\/\/polo-filter.avrio-web.de\/108_Downloadcenter\/Produkt\/POLO_Filter_EN_Magnetic_filter_MFGH.pdf\" target=\"_blank\" rel=\"noopener\">Filtre magn\u00e9tique MFGH<\/a><\/p>\n                                     <\/div>\n                                     <div class=\"text-button\">\n\n                                                                      <\/div>\n                            <\/div>  \n\n                            <\/div>                          \n                    <\/div>\n\n                <\/div>\n            <\/div>\n\n\n        <\/div>\n    <\/div>\n\n\n\n\n        <div id=\"zeichnung\" class=\"flexible-content acf-content\" style=\"background-color: transparent;\">\n        <div class=\"flexible-content-inner\">\n            <div class=\"flexible-item-wrapper\">\n\n\n\n                <div class=\"container flexible-items\"  >\n                    <div class=\"row\">\n                                                        <div class=\"col-4 zeichnung-box\" data-aos=\"fade-up\">\n                                    <div class=\"inner\"> \n\n                                                                                    <img decoding=\"async\" src=\"https:\/\/polo-filter.avrio-web.de\/wp-content\/uploads\/POLO_Filter_Technik_Produktgruppen_Druckfilter-1.jpg\" alt=\"\" \/>\n                                        \n\n\n\n                                        <div class=\"text\">\n                                         <p><strong>Filtre ultrafin \/ filtre sous pression<\/strong><\/p>\n                                     <\/div>\n                                     <div class=\"text-button\">\n\n                                                                      <\/div>\n                            <\/div>  \n\n                            <\/div>                                  <div class=\"col-4 zeichnung-box\" data-aos=\"fade-up\">\n                                    <div class=\"inner\"> \n\n                                                                                    <img decoding=\"async\" src=\"https:\/\/polo-filter.avrio-web.de\/wp-content\/uploads\/POLO_Filter_Technik_Produktgruppen_Spaenefoerderer_Wagen-1.jpg\" alt=\"\" \/>\n                                        \n\n\n\n                                        <div class=\"text\">\n                                         <p><b>Convoyeur \/ chariot \u00e0 copeaux<\/b><\/p>\n<p><a href=\"https:\/\/polo-filter.avrio-web.de\/108_Downloadcenter\/Produkt\/POLO_Filter_EN_Drag_link_conveyor_KBF.pdf\" target=\"_blank\" rel=\"noopener\">Convoyeur \u00e0 raclettes KBF<\/a><\/p>\n<p><a href=\"https:\/\/polo-filter.avrio-web.de\/108_Downloadcenter\/Produkt\/POLO_Filter_EN_Slat_band_conveyor_SBF.pdf\" target=\"_blank\" rel=\"noopener\">Transporteur \u00e0 cha\u00eenes charni\u00e8res SBF<\/a><\/p>\n<p><a href=\"https:\/\/polo-filter.avrio-web.de\/108_Downloadcenter\/Produkt\/POLO_Filter_EN_Chip_carriage_SW.pdf\" target=\"_blank\" rel=\"noopener\">Chariot \u00e0 copeaux SW<\/a><\/p>\n                                     <\/div>\n                                     <div class=\"text-button\">\n\n                                                                      <\/div>\n                            <\/div>  \n\n                            <\/div>                                  <div class=\"col-4 zeichnung-box\" data-aos=\"fade-up\">\n                                    <div class=\"inner\"> \n\n                                                                                    <img decoding=\"async\" src=\"https:\/\/polo-filter.avrio-web.de\/wp-content\/uploads\/POLO_Filter_Technik_Produktgruppen_Oelskimmer_Schwimmschalter-2.jpg\" alt=\"\" \/>\n                                        \n\n\n\n                                        <div class=\"text\">\n                                         <p><strong>Station de relevage, aspirateur de surface (skimmer), commutateur<br \/>\n\u00e0 flotteur<\/strong><\/p>\n<p><a href=\"https:\/\/polo-filter.avrio-web.de\/108_Downloadcenter\/Produkt\/POLO_Filter_FR_Station_de_relevage_PPS.pdf\" target=\"_blank\" rel=\"noopener\">Station de relevage PPS<\/a><\/p>\n<p><a href=\"https:\/\/polo-filter.avrio-web.de\/108_Downloadcenter\/Produkt\/POLO_Filter_EN_Surface_skimmer_OFA.pdf\" target=\"_blank\" rel=\"noopener\">Aspirateur de surfaces OFA<\/a><\/p>\n<p><a href=\"https:\/\/polo-filter.avrio-web.de\/108_Downloadcenter\/Produkt\/POLO_Filter_EN_Float_Switch_SWS.pdf\" target=\"_blank\" rel=\"noopener\">Commutateur \u00e0 flotteur SWS<\/a><\/p>\n                                     <\/div>\n                                     <div class=\"text-button\">\n\n                                                                      <\/div>\n                            <\/div>  \n\n                            <\/div>                          \n                    <\/div>\n\n                <\/div>\n            <\/div>\n\n\n        <\/div>\n    <\/div>\n\n\n\n\n        <div id=\"zeichnung\" class=\"flexible-content acf-content\" style=\"background-color: transparent;\">\n        <div class=\"flexible-content-inner\">\n            <div class=\"flexible-item-wrapper\">\n\n\n\n                <div class=\"container flexible-items\"  >\n                    <div class=\"row\">\n                                                        <div class=\"col-4 zeichnung-box\" data-aos=\"fade-up\">\n                                    <div class=\"inner\"> \n\n                                                                                    <img decoding=\"async\" src=\"https:\/\/polo-filter.avrio-web.de\/wp-content\/uploads\/POLO_Filter_Technik_Produktgruppen_KSS_Pflege-2.jpg\" alt=\"\" \/>\n                                        \n\n\n\n                                        <div class=\"text\">\n                                         <p><strong>Appareils d&rsquo;entretien de lubrifiants caloporteurs, absorbeurs d&rsquo;huile<\/strong><\/p>\n<p><a href=\"https:\/\/polo-filter.avrio-web.de\/108_Downloadcenter\/Produkt\/POLO_Filter_FR_Absorbeur_%C3%A0_bande_BSK.pdf\" target=\"_blank\" rel=\"noopener\">Absorbeur \u00e0 bande BSK<\/a><\/p>\n<p><a href=\"https:\/\/polo-filter.avrio-web.de\/108_Downloadcenter\/Produkt\/POLO_Filter_FR_Disque_absorbeur_d%E2%80%98huile_SSK.pdf\" target=\"_blank\" rel=\"noopener\">Disque absorbeur d\u2019huile SSK<\/a><\/p>\n<p><a href=\"https:\/\/polo-filter.avrio-web.de\/108_Downloadcenter\/Produkt\/POLO_Filter_FR_S%C3%A9parateur_%C3%A0_coalescence_SO.pdf\" target=\"_blank\" rel=\"noopener\">S\u00e9parateur \u00e0 coalescence<\/a><\/p>\n                                     <\/div>\n                                     <div class=\"text-button\">\n\n                                                                      <\/div>\n                            <\/div>  \n\n                            <\/div>                                  <div class=\"col-4 zeichnung-box\" data-aos=\"fade-up\">\n                                    <div class=\"inner\"> \n\n                                                                                    <img decoding=\"async\" src=\"https:\/\/polo-filter.avrio-web.de\/wp-content\/uploads\/POLO_Filter_Technik_Produktgruppen_Zentralanlage-1.jpg\" alt=\"\" \/>\n                                        \n\n\n\n                                        <div class=\"text\">\n                                         <p><b>Installations centralis\u00e9es<\/b><\/p>\n<p><a href=\"https:\/\/vimeo.com\/484358932?share=copy\" target=\"_blank\" rel=\"noopener\">Film | Installations centralis\u00e9es<\/a><\/p>\n                                     <\/div>\n                                     <div class=\"text-button\">\n\n                                                                      <\/div>\n                            <\/div>  \n\n                            <\/div>                                  <div class=\"col-4 zeichnung-box\" data-aos=\"fade-up\">\n                                    <div class=\"inner\"> \n\n                                                                                    <img decoding=\"async\" src=\"https:\/\/polo-filter.avrio-web.de\/wp-content\/uploads\/Steuerungsbau_Block_05_101.jpg\" alt=\"\" \/>\n                                        \n\n\n\n                                        <div class=\"text\">\n                                         <p><strong>\u00c9laboration de commandes<\/strong><\/p>\n                                     <\/div>\n                                     <div class=\"text-button\">\n\n                                                                      <\/div>\n                            <\/div>  \n\n                            <\/div>                          \n                    <\/div>\n\n                <\/div>\n            <\/div>\n\n\n        <\/div>\n    <\/div>\n\n\n","protected":false},"excerpt":{"rendered":"","protected":false},"author":5,"featured_media":0,"parent":0,"menu_order":19,"comment_status":"closed","ping_status":"closed","template":"","meta":{"_acf_changed":false,"footnotes":""},"class_list":["post-17389","page","type-page","status-publish","hentry"],"acf":[],"yoast_head":"<!-- This site is optimized with the Yoast SEO plugin v25.8 - https:\/\/yoast.com\/wordpress\/plugins\/seo\/ -->\n<title>Downloads Produkte (FR) - POLO Filter-Technik<\/title>\n<meta name=\"robots\" content=\"index, follow, max-snippet:-1, max-image-preview:large, max-video-preview:-1\" \/>\n<link rel=\"canonical\" href=\"https:\/\/polo-filter.avrio-web.de\/fr\/informations-produits\/\" \/>\n<meta property=\"og:locale\" content=\"fr_FR\" \/>\n<meta property=\"og:type\" content=\"article\" \/>\n<meta property=\"og:title\" content=\"Downloads Produkte (FR) - POLO Filter-Technik\" \/>\n<meta property=\"og:url\" content=\"https:\/\/polo-filter.avrio-web.de\/fr\/informations-produits\/\" \/>\n<meta property=\"og:site_name\" content=\"POLO Filter-Technik\" \/>\n<meta property=\"article:modified_time\" content=\"2025-07-02T10:41:29+00:00\" \/>\n<meta name=\"twitter:card\" content=\"summary_large_image\" \/>\n<script type=\"application\/ld+json\" class=\"yoast-schema-graph\">{\"@context\":\"https:\/\/schema.org\",\"@graph\":[{\"@type\":\"WebPage\",\"@id\":\"https:\/\/polo-filter.avrio-web.de\/fr\/informations-produits\/\",\"url\":\"https:\/\/polo-filter.avrio-web.de\/fr\/informations-produits\/\",\"name\":\"Downloads Produkte (FR) - POLO Filter-Technik\",\"isPartOf\":{\"@id\":\"https:\/\/polo-filter.avrio-web.de\/fr\/#website\"},\"datePublished\":\"2024-03-01T12:58:59+00:00\",\"dateModified\":\"2025-07-02T10:41:29+00:00\",\"breadcrumb\":{\"@id\":\"https:\/\/polo-filter.avrio-web.de\/fr\/informations-produits\/#breadcrumb\"},\"inLanguage\":\"fr-FR\",\"potentialAction\":[{\"@type\":\"ReadAction\",\"target\":[\"https:\/\/polo-filter.avrio-web.de\/fr\/informations-produits\/\"]}]},{\"@type\":\"BreadcrumbList\",\"@id\":\"https:\/\/polo-filter.avrio-web.de\/fr\/informations-produits\/#breadcrumb\",\"itemListElement\":[{\"@type\":\"ListItem\",\"position\":1,\"name\":\"Startseite\",\"item\":\"https:\/\/polo-filter.avrio-web.de\/fr\/\"},{\"@type\":\"ListItem\",\"position\":2,\"name\":\"Downloads Produkte (FR)\"}]},{\"@type\":\"WebSite\",\"@id\":\"https:\/\/polo-filter.avrio-web.de\/fr\/#website\",\"url\":\"https:\/\/polo-filter.avrio-web.de\/fr\/\",\"name\":\"POLO Filter-Technik\",\"description\":\"Filteranlagen nach Mass\",\"potentialAction\":[{\"@type\":\"SearchAction\",\"target\":{\"@type\":\"EntryPoint\",\"urlTemplate\":\"https:\/\/polo-filter.avrio-web.de\/fr\/?s={search_term_string}\"},\"query-input\":{\"@type\":\"PropertyValueSpecification\",\"valueRequired\":true,\"valueName\":\"search_term_string\"}}],\"inLanguage\":\"fr-FR\"}]}<\/script>\n<!-- \/ Yoast SEO plugin. -->","yoast_head_json":{"title":"Downloads Produkte (FR) - POLO Filter-Technik","robots":{"index":"index","follow":"follow","max-snippet":"max-snippet:-1","max-image-preview":"max-image-preview:large","max-video-preview":"max-video-preview:-1"},"canonical":"https:\/\/polo-filter.avrio-web.de\/fr\/informations-produits\/","og_locale":"fr_FR","og_type":"article","og_title":"Downloads Produkte (FR) - POLO Filter-Technik","og_url":"https:\/\/polo-filter.avrio-web.de\/fr\/informations-produits\/","og_site_name":"POLO Filter-Technik","article_modified_time":"2025-07-02T10:41:29+00:00","twitter_card":"summary_large_image","schema":{"@context":"https:\/\/schema.org","@graph":[{"@type":"WebPage","@id":"https:\/\/polo-filter.avrio-web.de\/fr\/informations-produits\/","url":"https:\/\/polo-filter.avrio-web.de\/fr\/informations-produits\/","name":"Downloads Produkte (FR) - POLO Filter-Technik","isPartOf":{"@id":"https:\/\/polo-filter.avrio-web.de\/fr\/#website"},"datePublished":"2024-03-01T12:58:59+00:00","dateModified":"2025-07-02T10:41:29+00:00","breadcrumb":{"@id":"https:\/\/polo-filter.avrio-web.de\/fr\/informations-produits\/#breadcrumb"},"inLanguage":"fr-FR","potentialAction":[{"@type":"ReadAction","target":["https:\/\/polo-filter.avrio-web.de\/fr\/informations-produits\/"]}]},{"@type":"BreadcrumbList","@id":"https:\/\/polo-filter.avrio-web.de\/fr\/informations-produits\/#breadcrumb","itemListElement":[{"@type":"ListItem","position":1,"name":"Startseite","item":"https:\/\/polo-filter.avrio-web.de\/fr\/"},{"@type":"ListItem","position":2,"name":"Downloads Produkte (FR)"}]},{"@type":"WebSite","@id":"https:\/\/polo-filter.avrio-web.de\/fr\/#website","url":"https:\/\/polo-filter.avrio-web.de\/fr\/","name":"POLO Filter-Technik","description":"Filteranlagen nach Mass","potentialAction":[{"@type":"SearchAction","target":{"@type":"EntryPoint","urlTemplate":"https:\/\/polo-filter.avrio-web.de\/fr\/?s={search_term_string}"},"query-input":{"@type":"PropertyValueSpecification","valueRequired":true,"valueName":"search_term_string"}}],"inLanguage":"fr-FR"}]}},"_links":{"self":[{"href":"https:\/\/polo-filter.avrio-web.de\/fr\/wp-json\/wp\/v2\/pages\/17389","targetHints":{"allow":["GET"]}}],"collection":[{"href":"https:\/\/polo-filter.avrio-web.de\/fr\/wp-json\/wp\/v2\/pages"}],"about":[{"href":"https:\/\/polo-filter.avrio-web.de\/fr\/wp-json\/wp\/v2\/types\/page"}],"author":[{"embeddable":true,"href":"https:\/\/polo-filter.avrio-web.de\/fr\/wp-json\/wp\/v2\/users\/5"}],"replies":[{"embeddable":true,"href":"https:\/\/polo-filter.avrio-web.de\/fr\/wp-json\/wp\/v2\/comments?post=17389"}],"version-history":[{"count":22,"href":"https:\/\/polo-filter.avrio-web.de\/fr\/wp-json\/wp\/v2\/pages\/17389\/revisions"}],"predecessor-version":[{"id":18398,"href":"https:\/\/polo-filter.avrio-web.de\/fr\/wp-json\/wp\/v2\/pages\/17389\/revisions\/18398"}],"wp:attachment":[{"href":"https:\/\/polo-filter.avrio-web.de\/fr\/wp-json\/wp\/v2\/media?parent=17389"}],"curies":[{"name":"wp","href":"https:\/\/api.w.org\/{rel}","templated":true}]}}