{"id":17360,"date":"2024-03-01T12:02:39","date_gmt":"2024-03-01T11:02:39","guid":{"rendered":"https:\/\/polo-filter.avrio-web.de\/?page_id=17360"},"modified":"2024-03-01T12:02:55","modified_gmt":"2024-03-01T11:02:55","slug":"commande-de-systemes-construction-darmoires-electriques","status":"publish","type":"page","link":"https:\/\/polo-filter.avrio-web.de\/fr\/commande-de-systemes-construction-darmoires-electriques\/","title":{"rendered":"Steuerungsbau (FR)"},"content":{"rendered":"\n    \n                                                 <div class=\"heroimage container\" style=\"height:650px;background-image: url(https:\/\/polo-filter.avrio-web.de\/wp-content\/uploads\/Steuerungsbau_POLO_Filter_Technik_Kopfbild_650px_102.jpg);background-repeat: no-repeat;background-size: contain;background-position: center \">\n                    \t<img decoding=\"async\" src=\"https:\/\/polo-filter.avrio-web.de\/wp-content\/uploads\/Steuerungsbau_POLO_Filter_Technik_Kopfbild_650px_102.jpg\" style=\"visibility: hidden;\" \/>\n\n                <\/div>\n                  \n\n\n        <div class=\"flexible-content acf-content standard\" id=\"block_cb5afc0a2160f20892dc63822c72f00a\" style=\"background-color: transparent\">\n        <div class=\"flexible-content-inner container\" >\n            <div id=\"dynamiccontent\" class=\"flexible-item-wrapper\">\n               \n                <div class=\" flexible-items\" >\n                    <div class=\"row\">\n                                                   \n                                                            <div class=\"col-lg  flexible-item flex-text\">\n                                   <div class=\"inner\">\n                                       <h1>Commande de syst\u00e8mes, construction d&rsquo;armoires \u00e9lectriques<\/h1>\n<h2>Nous nous en occupons pour vous<\/h2>\n<p>Nous proposons tous les services li\u00e9s \u00e0 l&rsquo;\u00e9lectrotechnique, au montage, \u00e0 l&rsquo;installation, \u00e0 la construction d&rsquo;armoires \u00e9lectriques et \u00e0 la mise en service par un seul et m\u00eame prestataire.<\/p>\n<p>&nbsp;<\/p>\n<p>Gamme de services :<\/p>\n<ul>\n<li>Planification du mat\u00e9riel<\/li>\n<li>D\u00e9veloppement de concepts<\/li>\n<li>Cr\u00e9ation de sch\u00e9mas de c\u00e2blage<\/li>\n<li>Cr\u00e9ation de logiciels (portail TIA)<\/li>\n<li>Installation de tableaux \u00e9lectriques basse tension<\/li>\n<li>Mise en service<\/li>\n<\/ul>\n                                   <\/div>\n                                <\/div>\n                                                                        <\/div>\n                <\/div>\n            <\/div>\n        <\/div>\n    <\/div>\n\n\n\n        <div id=\"bildlinktextbutton\" class=\"flexible-content acf-content\"  style=\"background-color: transparent;\">\n        <div class=\"flexible-content-inner\">\n            <div class=\"flexible-item-wrapper\">\n\n               \n                     \n                        <div class=\"container flexible-items\">\n                            <div class=\"row\">\n                                \n                                                                     <div class=\"col-lg  ja  flexible-item flex-img\" data-aos=\"fade-up\">\n                                        <div class=\"inner\"> \n                                            \n                                                                                            <div class=\"bild\">\n                                                    <img decoding=\"async\" src=\"https:\/\/polo-filter.avrio-web.de\/wp-content\/uploads\/Steuerungsbau_POLO_Filter_Technik_Box_01_klein_101.jpg\" style=\"height: 100%; width: 100%; object-fit: cover;\" alt=\"\" \/>\n                                                <\/div>  \n                                            <div class=\"hintergrund\" style=\"display: none\"><\/div>\n                                            <div class=\"bild-nein\" style=\"display: none\">\n\n                                                   \n   <img decoding=\"async\" src=\"https:\/\/polo-filter.avrio-web.de\/wp-content\/uploads\/Steuerungsbau_POLO_Filter_Technik_Box_01_klein_101.jpg\" alt=\"\" \/>\n                                            <\/div>\n\n                                            <div class=\"text\">\n                                                 <h3>Ing\u00e9nierie et construction CAO<\/h3>\n<p>L&rsquo;ing\u00e9nierie et la cr\u00e9ation de sch\u00e9mas de c\u00e2blage, pour POLO Filter Anlagentechnik, font partie de nos services.<\/p>\n<p>Le syst\u00e8me de CAO EPLAN Electric P8 est disponible dans sa version la plus r\u00e9cente.<\/p>\n<p>Nous adaptons nos normes \u00e0 vos cahiers des charges et \u00e0 la r\u00e9glementation sur les moyens de production.<\/p>\n<p>Outre la construction de nouvelles installations, la reprise et la mise \u00e0 jour de plans existants font \u00e9galement partie du travail.<\/p>\n                                            <\/div> \n\n                                        <\/div>\n                                    <\/div>\n                                  \n                                                            \n                                                                     <div class=\"col-lg  ja  flexible-item flex-img\" data-aos=\"fade-up\">\n                                        <div class=\"inner\"> \n                                            \n                                                                                            <div class=\"bild\">\n                                                    <img decoding=\"async\" src=\"https:\/\/polo-filter.avrio-web.de\/wp-content\/uploads\/Steuerungsbau_POLO_Filter_Technik_Box_01_gross_101.jpg\" style=\"height: 100%; width: 100%; object-fit: cover;\" alt=\"\" \/>\n                                                <\/div>  \n                                            <div class=\"hintergrund\" style=\"display: none\"><\/div>\n                                            <div class=\"bild-nein\" style=\"display: none\">\n\n                                                   \n   <img decoding=\"async\" src=\"https:\/\/polo-filter.avrio-web.de\/wp-content\/uploads\/Steuerungsbau_POLO_Filter_Technik_Box_01_gross_101.jpg\" alt=\"\" \/>\n                                            <\/div>\n\n                                            <div class=\"text\">\n                                                 <h3>Construction d&rsquo;armoires \u00e9lectriques<\/h3>\n<p>Syst\u00e8mes d&rsquo;\u00e9nergie, techniques d&rsquo;automatisation et de mesure,<br \/>\nde contr\u00f4le et de r\u00e9gulation.<br \/>\nVisualisation et communication.<\/p>\n<p>Pompes, syst\u00e8mes de contr\u00f4le de temp\u00e9rature et de niveau.<br \/>\nUtilisation de convertisseurs de fr\u00e9quence de diff\u00e9rents fabricants en fonction des besoins.<\/p>\n<p>Grande flexibilit\u00e9 des normes\/r\u00e8gles de fonctionnement.<br \/>\nDocumentation en plusieurs langues<br \/>\n(Portail TIA, EPLAN Electric P8).<br \/>\nStandard de qualit\u00e9 \u00e9lev\u00e9.<\/p>\n<p>Fabrication conforme \u00e0 toutes les normes en vigueur.<\/p>\n<p>Proc\u00e8s-verbal des r\u00e9sultats de mesure selon DIN EN 60204 et VDE\/CEM.<\/p>\n                                            <\/div> \n\n                                        <\/div>\n                                    <\/div>\n                                  \n                                                                                    <\/div>\n                    <\/div>\n\n             \n        <\/div>\n    <\/div>\n<\/div>\n\n","protected":false},"excerpt":{"rendered":"","protected":false},"author":5,"featured_media":0,"parent":0,"menu_order":77,"comment_status":"closed","ping_status":"closed","template":"","meta":{"_acf_changed":false,"footnotes":""},"class_list":["post-17360","page","type-page","status-publish","hentry"],"acf":[],"yoast_head":"<!-- This site is optimized with the Yoast SEO plugin v25.8 - https:\/\/yoast.com\/wordpress\/plugins\/seo\/ -->\n<title>Steuerungsbau (FR) - POLO Filter-Technik<\/title>\n<meta name=\"robots\" content=\"index, follow, max-snippet:-1, max-image-preview:large, max-video-preview:-1\" \/>\n<link rel=\"canonical\" href=\"https:\/\/polo-filter.avrio-web.de\/fr\/commande-de-systemes-construction-darmoires-electriques\/\" \/>\n<meta property=\"og:locale\" content=\"fr_FR\" \/>\n<meta property=\"og:type\" content=\"article\" \/>\n<meta property=\"og:title\" content=\"Steuerungsbau (FR) - POLO Filter-Technik\" \/>\n<meta property=\"og:url\" content=\"https:\/\/polo-filter.avrio-web.de\/fr\/commande-de-systemes-construction-darmoires-electriques\/\" \/>\n<meta property=\"og:site_name\" content=\"POLO Filter-Technik\" \/>\n<meta property=\"article:modified_time\" content=\"2024-03-01T11:02:55+00:00\" \/>\n<meta name=\"twitter:card\" content=\"summary_large_image\" \/>\n<script type=\"application\/ld+json\" class=\"yoast-schema-graph\">{\"@context\":\"https:\/\/schema.org\",\"@graph\":[{\"@type\":\"WebPage\",\"@id\":\"https:\/\/polo-filter.avrio-web.de\/fr\/commande-de-systemes-construction-darmoires-electriques\/\",\"url\":\"https:\/\/polo-filter.avrio-web.de\/fr\/commande-de-systemes-construction-darmoires-electriques\/\",\"name\":\"Steuerungsbau (FR) - POLO Filter-Technik\",\"isPartOf\":{\"@id\":\"https:\/\/polo-filter.avrio-web.de\/fr\/#website\"},\"datePublished\":\"2024-03-01T11:02:39+00:00\",\"dateModified\":\"2024-03-01T11:02:55+00:00\",\"breadcrumb\":{\"@id\":\"https:\/\/polo-filter.avrio-web.de\/fr\/commande-de-systemes-construction-darmoires-electriques\/#breadcrumb\"},\"inLanguage\":\"fr-FR\",\"potentialAction\":[{\"@type\":\"ReadAction\",\"target\":[\"https:\/\/polo-filter.avrio-web.de\/fr\/commande-de-systemes-construction-darmoires-electriques\/\"]}]},{\"@type\":\"BreadcrumbList\",\"@id\":\"https:\/\/polo-filter.avrio-web.de\/fr\/commande-de-systemes-construction-darmoires-electriques\/#breadcrumb\",\"itemListElement\":[{\"@type\":\"ListItem\",\"position\":1,\"name\":\"Startseite\",\"item\":\"https:\/\/polo-filter.avrio-web.de\/fr\/\"},{\"@type\":\"ListItem\",\"position\":2,\"name\":\"Steuerungsbau (FR)\"}]},{\"@type\":\"WebSite\",\"@id\":\"https:\/\/polo-filter.avrio-web.de\/fr\/#website\",\"url\":\"https:\/\/polo-filter.avrio-web.de\/fr\/\",\"name\":\"POLO Filter-Technik\",\"description\":\"Filteranlagen nach Mass\",\"potentialAction\":[{\"@type\":\"SearchAction\",\"target\":{\"@type\":\"EntryPoint\",\"urlTemplate\":\"https:\/\/polo-filter.avrio-web.de\/fr\/?s={search_term_string}\"},\"query-input\":{\"@type\":\"PropertyValueSpecification\",\"valueRequired\":true,\"valueName\":\"search_term_string\"}}],\"inLanguage\":\"fr-FR\"}]}<\/script>\n<!-- \/ Yoast SEO plugin. -->","yoast_head_json":{"title":"Steuerungsbau (FR) - POLO Filter-Technik","robots":{"index":"index","follow":"follow","max-snippet":"max-snippet:-1","max-image-preview":"max-image-preview:large","max-video-preview":"max-video-preview:-1"},"canonical":"https:\/\/polo-filter.avrio-web.de\/fr\/commande-de-systemes-construction-darmoires-electriques\/","og_locale":"fr_FR","og_type":"article","og_title":"Steuerungsbau (FR) - POLO Filter-Technik","og_url":"https:\/\/polo-filter.avrio-web.de\/fr\/commande-de-systemes-construction-darmoires-electriques\/","og_site_name":"POLO Filter-Technik","article_modified_time":"2024-03-01T11:02:55+00:00","twitter_card":"summary_large_image","schema":{"@context":"https:\/\/schema.org","@graph":[{"@type":"WebPage","@id":"https:\/\/polo-filter.avrio-web.de\/fr\/commande-de-systemes-construction-darmoires-electriques\/","url":"https:\/\/polo-filter.avrio-web.de\/fr\/commande-de-systemes-construction-darmoires-electriques\/","name":"Steuerungsbau (FR) - POLO Filter-Technik","isPartOf":{"@id":"https:\/\/polo-filter.avrio-web.de\/fr\/#website"},"datePublished":"2024-03-01T11:02:39+00:00","dateModified":"2024-03-01T11:02:55+00:00","breadcrumb":{"@id":"https:\/\/polo-filter.avrio-web.de\/fr\/commande-de-systemes-construction-darmoires-electriques\/#breadcrumb"},"inLanguage":"fr-FR","potentialAction":[{"@type":"ReadAction","target":["https:\/\/polo-filter.avrio-web.de\/fr\/commande-de-systemes-construction-darmoires-electriques\/"]}]},{"@type":"BreadcrumbList","@id":"https:\/\/polo-filter.avrio-web.de\/fr\/commande-de-systemes-construction-darmoires-electriques\/#breadcrumb","itemListElement":[{"@type":"ListItem","position":1,"name":"Startseite","item":"https:\/\/polo-filter.avrio-web.de\/fr\/"},{"@type":"ListItem","position":2,"name":"Steuerungsbau (FR)"}]},{"@type":"WebSite","@id":"https:\/\/polo-filter.avrio-web.de\/fr\/#website","url":"https:\/\/polo-filter.avrio-web.de\/fr\/","name":"POLO Filter-Technik","description":"Filteranlagen nach Mass","potentialAction":[{"@type":"SearchAction","target":{"@type":"EntryPoint","urlTemplate":"https:\/\/polo-filter.avrio-web.de\/fr\/?s={search_term_string}"},"query-input":{"@type":"PropertyValueSpecification","valueRequired":true,"valueName":"search_term_string"}}],"inLanguage":"fr-FR"}]}},"_links":{"self":[{"href":"https:\/\/polo-filter.avrio-web.de\/fr\/wp-json\/wp\/v2\/pages\/17360","targetHints":{"allow":["GET"]}}],"collection":[{"href":"https:\/\/polo-filter.avrio-web.de\/fr\/wp-json\/wp\/v2\/pages"}],"about":[{"href":"https:\/\/polo-filter.avrio-web.de\/fr\/wp-json\/wp\/v2\/types\/page"}],"author":[{"embeddable":true,"href":"https:\/\/polo-filter.avrio-web.de\/fr\/wp-json\/wp\/v2\/users\/5"}],"replies":[{"embeddable":true,"href":"https:\/\/polo-filter.avrio-web.de\/fr\/wp-json\/wp\/v2\/comments?post=17360"}],"version-history":[{"count":3,"href":"https:\/\/polo-filter.avrio-web.de\/fr\/wp-json\/wp\/v2\/pages\/17360\/revisions"}],"predecessor-version":[{"id":17363,"href":"https:\/\/polo-filter.avrio-web.de\/fr\/wp-json\/wp\/v2\/pages\/17360\/revisions\/17363"}],"wp:attachment":[{"href":"https:\/\/polo-filter.avrio-web.de\/fr\/wp-json\/wp\/v2\/media?parent=17360"}],"curies":[{"name":"wp","href":"https:\/\/api.w.org\/{rel}","templated":true}]}}