{"id":17346,"date":"2024-03-01T11:53:49","date_gmt":"2024-03-01T10:53:49","guid":{"rendered":"https:\/\/polo-filter.avrio-web.de\/?page_id=17346"},"modified":"2025-07-02T12:41:05","modified_gmt":"2025-07-02T10:41:05","slug":"appareils-dentretien-de-lubrifiants-caloporteurs-absorbeurs-dhuile","status":"publish","type":"page","link":"https:\/\/polo-filter.avrio-web.de\/fr\/appareils-dentretien-de-lubrifiants-caloporteurs-absorbeurs-dhuile\/","title":{"rendered":"KSS-Pflege-Ger\u00e4te \/ \u00d6lskimmer (FR)"},"content":{"rendered":"\n    \n                                                 <div class=\"heroimage container\" style=\"height:650px;background-image: url(https:\/\/polo-filter.avrio-web.de\/wp-content\/uploads\/KKS_Pflege_Geraete_POLO_Filter_Technik_Kopfbild_650px_103-1.jpg);background-repeat: no-repeat;background-size: contain;background-position: center \">\n                    \t<img decoding=\"async\" src=\"https:\/\/polo-filter.avrio-web.de\/wp-content\/uploads\/KKS_Pflege_Geraete_POLO_Filter_Technik_Kopfbild_650px_103-1.jpg\" style=\"visibility: hidden;\" \/>\n\n                <\/div>\n                  \n\n\n        <div class=\"flexible-content acf-content standard\" id=\"block_3c29917029b94ad2fbde90eb37eaa2be\" style=\"background-color: transparent\">\n        <div class=\"flexible-content-inner container\" >\n            <div id=\"dynamiccontent\" class=\"flexible-item-wrapper\">\n               \n                <div class=\" flexible-items\" >\n                    <div class=\"row\">\n                                                   \n                                                            <div class=\"col-lg  flexible-item flex-text\">\n                                   <div class=\"inner\">\n                                       <h1>Appareils d&rsquo;entretien de lubrifiants caloporteurs, absorbeurs d&rsquo;huile<\/h1>\n<h2>L&rsquo;entretien est fondamental<\/h2>\n<p>M\u00eame apr\u00e8s une filtration optimale, il peut \u00eatre n\u00e9cessaire de continuer \u00e0 \u00ab entretenir \u00bb le lubrifiant caloporteur pour qu&rsquo;il ait une dur\u00e9e de vie encore plus longue.<\/p>\n<p>&nbsp;<\/p>\n<p>Les appareils d&rsquo;entretien du lubrifiant caloporteur ont pour fonction d&rsquo;\u00e9vacuer les huiles \u00e9trang\u00e8res et les impuret\u00e9s fines du r\u00e9servoir de liquide purifi\u00e9. Ces syst\u00e8mes \u00e9vitent que la \u00ab respiration \u00bb du lubrifiant caloporteur ne soit bloqu\u00e9e par des huiles \u00e9trang\u00e8res flottantes. Cela permet de prolonger la dur\u00e9e de vie de l&rsquo;\u00e9mulsion. Sans \u00e9quipement d&rsquo;entretien du lubrifiant caloporteur, il y aurait une augmentation de la formation de bact\u00e9ries et le lubrifiant caloporteur se \u00ab d\u00e9verserait \u00bb.<\/p>\n<p>&nbsp;<\/p>\n<h3>Avantages des appareils d&rsquo;entretien du lubrifiant caloporteur<\/h3>\n<ul>\n<li>Besoin r\u00e9duit d&rsquo;espace<\/li>\n<li>\u00c9limination des particules fines (filtres fonte grise\/aluminium)<\/li>\n<li>\u00c9limination des huiles \u00e9trang\u00e8res<\/li>\n<li>Facilit\u00e9 d&rsquo;installation<\/li>\n<li>Post-\u00e9quipement \u00e0 tout moment<\/li>\n<li>Utilisation robuste<\/li>\n<li>Agglom\u00e9ration des particules ultrafines<\/li>\n<\/ul>\n<p><strong>Domaines d&rsquo;application des appareils d&rsquo;entretien du lubrifiant caloporteur<\/strong><\/p>\n<ul>\n<li>Processus de lavage (huiles \u00e9trang\u00e8res)<\/li>\n<li>Processus de pon\u00e7age de pr\u00e9cision<\/li>\n<li>Usinage de la fonte grise ou de l&rsquo;aluminium<\/li>\n<\/ul>\n<h3><strong>Avantages d&rsquo;un absorbeur d&rsquo;huile \/ aspirateur de surface<\/strong><\/h3>\n<ul>\n<li>Co\u00fbts d&rsquo;investissement r\u00e9duits<\/li>\n<li>Facile \u00e0 entretenir et pratiquement sans entretien<\/li>\n<li>Facile \u00e0 post-\u00e9quip\u00e9 (par exemple, avec un pied magn\u00e9tique)<\/li>\n<li>Faible besoin en \u00e9nergie<\/li>\n<li>Dur\u00e9e de vie du liquide plus longue<\/li>\n<li>\u00c9limine les huiles polluantes nocives<\/li>\n<\/ul>\n<div class=\"PlainText PlainTextLink\">\n<p><strong>Applications des absorbeurs d&rsquo;huile \/ aspirateurs de surface<\/strong><br \/>\nSur toutes les installations o\u00f9 le probl\u00e8me des huiles \u00e9trang\u00e8res flottantes se pose.<\/p>\n<\/div>\n<div class=\"ClearBoth\"><\/div>\n                                   <\/div>\n                                <\/div>\n                                                                        <\/div>\n                <\/div>\n            <\/div>\n        <\/div>\n    <\/div>\n\n\n\n        <div id=\"product\" class=\"flexible-content acf-content\" style=\"background-color: transparent;\">\n        <div class=\"flexible-content-inner\">\n            <div class=\"flexible-item-wrapper\">\n\n\n\n                <div class=\"container flexible-items\">\n                    <div class=\"row\">\n                                                                                          <div class=\"col-4 product-box\" data-aos=\"fade-up\">\n\n                            <div class=\"inner\"> \n\n                                \n                                  <div class=\"single-banner\">\n                                   <img loading=\"lazy\" decoding=\"async\" width=\"370\" height=\"285\" src=\"https:\/\/polo-filter.avrio-web.de\/wp-content\/uploads\/Skimmer_BSK_POLO_Filter_Technik_Box_05_101.jpg\" class=\"attachment-post-thumbnail size-post-thumbnail wp-post-image\" alt=\"Skimmer_BSK_POLO_Filter_Technik_Box_05_101\" srcset=\"https:\/\/polo-filter.avrio-web.de\/wp-content\/uploads\/Skimmer_BSK_POLO_Filter_Technik_Box_05_101.jpg 370w, https:\/\/polo-filter.avrio-web.de\/wp-content\/uploads\/Skimmer_BSK_POLO_Filter_Technik_Box_05_101-300x231.jpg 300w\" sizes=\"auto, (max-width: 370px) 100vw, 370px\" title=\"Skimmer_BSK_POLO_Filter_Technik_Box_05_101\" \/>                                    <h3>Absorbeur \u00e0 bande BSK<\/h3>\n                                    <div class=\"text\"><p>Les absorbeurs \u00e0 bande POLO de la gamme BSK servent \u00e0 l&rsquo;\u00e9limination d&rsquo;huiles non \u00e9mulsionn\u00e9es, flottantes \u00e0 la surface de liquides, comme de l&rsquo;eau ou des \u00e9mulsions de refroidissant-lubrifiant, par exemple. Des variations importantes du niveau dans le r\u00e9servoir sont r\u00e9alisables.<\/p>\n<\/div>\n                                     <div class=\"text-button\">\n                                        <a class=\"button\" href=\"https:\/\/polo-filter.avrio-web.de\/fr\/absorbeur-a-bande-bsk\/\">Plus<\/a>\n                                    <\/div>\n                                        <\/div>\n                               \n\n\n\n                        <\/div>  \n\n                    <\/div>  \n                                                           <div class=\"col-4 product-box\" data-aos=\"fade-up\">\n\n                            <div class=\"inner\"> \n\n                                \n                                  <div class=\"single-banner\">\n                                   <img loading=\"lazy\" decoding=\"async\" width=\"370\" height=\"285\" src=\"https:\/\/polo-filter.avrio-web.de\/wp-content\/uploads\/Skimmer_SSK_POLO_Filter_Technik_Box_05_101.jpg\" class=\"attachment-post-thumbnail size-post-thumbnail wp-post-image\" alt=\"Skimmer_SSK_POLO_Filter_Technik_Box_05_101\" srcset=\"https:\/\/polo-filter.avrio-web.de\/wp-content\/uploads\/Skimmer_SSK_POLO_Filter_Technik_Box_05_101.jpg 370w, https:\/\/polo-filter.avrio-web.de\/wp-content\/uploads\/Skimmer_SSK_POLO_Filter_Technik_Box_05_101-300x231.jpg 300w\" sizes=\"auto, (max-width: 370px) 100vw, 370px\" title=\"Skimmer_SSK_POLO_Filter_Technik_Box_05_101\" \/>                                    <h3>Disque absorbeur d&rsquo;huile SSK<\/h3>\n                                    <div class=\"text\"><p>Contrairement \u00e0 l&rsquo;absorbeur \u00e0 bande, l&rsquo;\u00e9l\u00e9ment de sortie est ici un disque. Cette construction est moins ch\u00e8re, mais elle est limit\u00e9e en profondeur d&rsquo;immersion. Le principe physique est identique \u00e0 celui de l&rsquo;absorbeur \u00e0 bande.<\/p>\n<\/div>\n                                     <div class=\"text-button\">\n                                        <a class=\"button\" href=\"https:\/\/polo-filter.avrio-web.de\/fr\/disque-absorbeur-dhuile-ssk\/\">Plus<\/a>\n                                    <\/div>\n                                        <\/div>\n                               \n\n\n\n                        <\/div>  \n\n                    <\/div>  \n                                                           <div class=\"col-4 product-box\" data-aos=\"fade-up\">\n\n                            <div class=\"inner\"> \n\n                                \n                                  <div class=\"single-banner\">\n                                   <img loading=\"lazy\" decoding=\"async\" width=\"370\" height=\"285\" src=\"https:\/\/polo-filter.avrio-web.de\/wp-content\/uploads\/Koaleszenzabscheider_POLO_Filter_Technik_Box_05_101.jpg\" class=\"attachment-post-thumbnail size-post-thumbnail wp-post-image\" alt=\"Koaleszenzabscheider_POLO_Filter_Technik_Box_05_101\" srcset=\"https:\/\/polo-filter.avrio-web.de\/wp-content\/uploads\/Koaleszenzabscheider_POLO_Filter_Technik_Box_05_101.jpg 370w, https:\/\/polo-filter.avrio-web.de\/wp-content\/uploads\/Koaleszenzabscheider_POLO_Filter_Technik_Box_05_101-300x231.jpg 300w\" sizes=\"auto, (max-width: 370px) 100vw, 370px\" title=\"Koaleszenzabscheider_POLO_Filter_Technik_Box_05_101\" \/>                                    <h3>S\u00e9parateur \u00e0 coalescence<\/h3>\n                                    <div class=\"text\"><p>Le s\u00e9parateur \u00e0 coalescence de POLO \u00e9limine les huiles \u00e9trang\u00e8res \u00e9mulsifi\u00e9es avant qu&rsquo;elles ne puissent appara\u00eetre \u00e0 la surface. Bien entendu, les huiles \u00e9trang\u00e8res qui flottent d\u00e9j\u00e0 sont \u00e9galement \u00e9limin\u00e9es. L&rsquo;huile \u00e9trang\u00e8re la plus pure est \u00e9vacu\u00e9e sans qu&rsquo;il y ait d&rsquo;\u00e9mulsion.<\/p>\n<\/div>\n                                     <div class=\"text-button\">\n                                        <a class=\"button\" href=\"https:\/\/polo-filter.avrio-web.de\/fr\/separateur-a-coalescence\/\">Plus<\/a>\n                                    <\/div>\n                                        <\/div>\n                               \n\n\n\n                        <\/div>  \n\n                    <\/div>  \n                                                                             <\/div>\n\n            <\/div>\n        <\/div>\n\n\n    <\/div>\n<\/div>\n\n\n","protected":false},"excerpt":{"rendered":"","protected":false},"author":5,"featured_media":0,"parent":0,"menu_order":57,"comment_status":"closed","ping_status":"closed","template":"","meta":{"_acf_changed":false,"footnotes":""},"class_list":["post-17346","page","type-page","status-publish","hentry"],"acf":[],"yoast_head":"<!-- This site is optimized with the Yoast SEO plugin v25.8 - https:\/\/yoast.com\/wordpress\/plugins\/seo\/ -->\n<title>KSS-Pflege-Ger\u00e4te \/ \u00d6lskimmer (FR) - POLO Filter-Technik<\/title>\n<meta name=\"robots\" content=\"index, follow, max-snippet:-1, max-image-preview:large, max-video-preview:-1\" \/>\n<link rel=\"canonical\" href=\"https:\/\/polo-filter.avrio-web.de\/fr\/appareils-dentretien-de-lubrifiants-caloporteurs-absorbeurs-dhuile\/\" \/>\n<meta property=\"og:locale\" content=\"fr_FR\" \/>\n<meta property=\"og:type\" content=\"article\" \/>\n<meta property=\"og:title\" content=\"KSS-Pflege-Ger\u00e4te \/ \u00d6lskimmer (FR) - POLO Filter-Technik\" \/>\n<meta property=\"og:url\" content=\"https:\/\/polo-filter.avrio-web.de\/fr\/appareils-dentretien-de-lubrifiants-caloporteurs-absorbeurs-dhuile\/\" \/>\n<meta property=\"og:site_name\" content=\"POLO Filter-Technik\" \/>\n<meta property=\"article:modified_time\" content=\"2025-07-02T10:41:05+00:00\" \/>\n<meta name=\"twitter:card\" content=\"summary_large_image\" \/>\n<script type=\"application\/ld+json\" class=\"yoast-schema-graph\">{\"@context\":\"https:\/\/schema.org\",\"@graph\":[{\"@type\":\"WebPage\",\"@id\":\"https:\/\/polo-filter.avrio-web.de\/fr\/appareils-dentretien-de-lubrifiants-caloporteurs-absorbeurs-dhuile\/\",\"url\":\"https:\/\/polo-filter.avrio-web.de\/fr\/appareils-dentretien-de-lubrifiants-caloporteurs-absorbeurs-dhuile\/\",\"name\":\"KSS-Pflege-Ger\u00e4te \/ \u00d6lskimmer (FR) - POLO Filter-Technik\",\"isPartOf\":{\"@id\":\"https:\/\/polo-filter.avrio-web.de\/fr\/#website\"},\"datePublished\":\"2024-03-01T10:53:49+00:00\",\"dateModified\":\"2025-07-02T10:41:05+00:00\",\"breadcrumb\":{\"@id\":\"https:\/\/polo-filter.avrio-web.de\/fr\/appareils-dentretien-de-lubrifiants-caloporteurs-absorbeurs-dhuile\/#breadcrumb\"},\"inLanguage\":\"fr-FR\",\"potentialAction\":[{\"@type\":\"ReadAction\",\"target\":[\"https:\/\/polo-filter.avrio-web.de\/fr\/appareils-dentretien-de-lubrifiants-caloporteurs-absorbeurs-dhuile\/\"]}]},{\"@type\":\"BreadcrumbList\",\"@id\":\"https:\/\/polo-filter.avrio-web.de\/fr\/appareils-dentretien-de-lubrifiants-caloporteurs-absorbeurs-dhuile\/#breadcrumb\",\"itemListElement\":[{\"@type\":\"ListItem\",\"position\":1,\"name\":\"Startseite\",\"item\":\"https:\/\/polo-filter.avrio-web.de\/fr\/\"},{\"@type\":\"ListItem\",\"position\":2,\"name\":\"KSS-Pflege-Ger\u00e4te \/ \u00d6lskimmer (FR)\"}]},{\"@type\":\"WebSite\",\"@id\":\"https:\/\/polo-filter.avrio-web.de\/fr\/#website\",\"url\":\"https:\/\/polo-filter.avrio-web.de\/fr\/\",\"name\":\"POLO Filter-Technik\",\"description\":\"Filteranlagen nach Mass\",\"potentialAction\":[{\"@type\":\"SearchAction\",\"target\":{\"@type\":\"EntryPoint\",\"urlTemplate\":\"https:\/\/polo-filter.avrio-web.de\/fr\/?s={search_term_string}\"},\"query-input\":{\"@type\":\"PropertyValueSpecification\",\"valueRequired\":true,\"valueName\":\"search_term_string\"}}],\"inLanguage\":\"fr-FR\"}]}<\/script>\n<!-- \/ Yoast SEO plugin. -->","yoast_head_json":{"title":"KSS-Pflege-Ger\u00e4te \/ \u00d6lskimmer (FR) - POLO Filter-Technik","robots":{"index":"index","follow":"follow","max-snippet":"max-snippet:-1","max-image-preview":"max-image-preview:large","max-video-preview":"max-video-preview:-1"},"canonical":"https:\/\/polo-filter.avrio-web.de\/fr\/appareils-dentretien-de-lubrifiants-caloporteurs-absorbeurs-dhuile\/","og_locale":"fr_FR","og_type":"article","og_title":"KSS-Pflege-Ger\u00e4te \/ \u00d6lskimmer (FR) - POLO Filter-Technik","og_url":"https:\/\/polo-filter.avrio-web.de\/fr\/appareils-dentretien-de-lubrifiants-caloporteurs-absorbeurs-dhuile\/","og_site_name":"POLO Filter-Technik","article_modified_time":"2025-07-02T10:41:05+00:00","twitter_card":"summary_large_image","schema":{"@context":"https:\/\/schema.org","@graph":[{"@type":"WebPage","@id":"https:\/\/polo-filter.avrio-web.de\/fr\/appareils-dentretien-de-lubrifiants-caloporteurs-absorbeurs-dhuile\/","url":"https:\/\/polo-filter.avrio-web.de\/fr\/appareils-dentretien-de-lubrifiants-caloporteurs-absorbeurs-dhuile\/","name":"KSS-Pflege-Ger\u00e4te \/ \u00d6lskimmer (FR) - POLO Filter-Technik","isPartOf":{"@id":"https:\/\/polo-filter.avrio-web.de\/fr\/#website"},"datePublished":"2024-03-01T10:53:49+00:00","dateModified":"2025-07-02T10:41:05+00:00","breadcrumb":{"@id":"https:\/\/polo-filter.avrio-web.de\/fr\/appareils-dentretien-de-lubrifiants-caloporteurs-absorbeurs-dhuile\/#breadcrumb"},"inLanguage":"fr-FR","potentialAction":[{"@type":"ReadAction","target":["https:\/\/polo-filter.avrio-web.de\/fr\/appareils-dentretien-de-lubrifiants-caloporteurs-absorbeurs-dhuile\/"]}]},{"@type":"BreadcrumbList","@id":"https:\/\/polo-filter.avrio-web.de\/fr\/appareils-dentretien-de-lubrifiants-caloporteurs-absorbeurs-dhuile\/#breadcrumb","itemListElement":[{"@type":"ListItem","position":1,"name":"Startseite","item":"https:\/\/polo-filter.avrio-web.de\/fr\/"},{"@type":"ListItem","position":2,"name":"KSS-Pflege-Ger\u00e4te \/ \u00d6lskimmer (FR)"}]},{"@type":"WebSite","@id":"https:\/\/polo-filter.avrio-web.de\/fr\/#website","url":"https:\/\/polo-filter.avrio-web.de\/fr\/","name":"POLO Filter-Technik","description":"Filteranlagen nach Mass","potentialAction":[{"@type":"SearchAction","target":{"@type":"EntryPoint","urlTemplate":"https:\/\/polo-filter.avrio-web.de\/fr\/?s={search_term_string}"},"query-input":{"@type":"PropertyValueSpecification","valueRequired":true,"valueName":"search_term_string"}}],"inLanguage":"fr-FR"}]}},"_links":{"self":[{"href":"https:\/\/polo-filter.avrio-web.de\/fr\/wp-json\/wp\/v2\/pages\/17346","targetHints":{"allow":["GET"]}}],"collection":[{"href":"https:\/\/polo-filter.avrio-web.de\/fr\/wp-json\/wp\/v2\/pages"}],"about":[{"href":"https:\/\/polo-filter.avrio-web.de\/fr\/wp-json\/wp\/v2\/types\/page"}],"author":[{"embeddable":true,"href":"https:\/\/polo-filter.avrio-web.de\/fr\/wp-json\/wp\/v2\/users\/5"}],"replies":[{"embeddable":true,"href":"https:\/\/polo-filter.avrio-web.de\/fr\/wp-json\/wp\/v2\/comments?post=17346"}],"version-history":[{"count":7,"href":"https:\/\/polo-filter.avrio-web.de\/fr\/wp-json\/wp\/v2\/pages\/17346\/revisions"}],"predecessor-version":[{"id":18397,"href":"https:\/\/polo-filter.avrio-web.de\/fr\/wp-json\/wp\/v2\/pages\/17346\/revisions\/18397"}],"wp:attachment":[{"href":"https:\/\/polo-filter.avrio-web.de\/fr\/wp-json\/wp\/v2\/media?parent=17346"}],"curies":[{"name":"wp","href":"https:\/\/api.w.org\/{rel}","templated":true}]}}