{"id":17340,"date":"2024-03-01T11:49:02","date_gmt":"2024-03-01T10:49:02","guid":{"rendered":"https:\/\/polo-filter.avrio-web.de\/?page_id=17340"},"modified":"2024-03-01T11:49:19","modified_gmt":"2024-03-01T10:49:19","slug":"station-de-relevage-aspirateur-de-surface-skimmer-commutateur-a-flotteur","status":"publish","type":"page","link":"https:\/\/polo-filter.avrio-web.de\/fr\/station-de-relevage-aspirateur-de-surface-skimmer-commutateur-a-flotteur\/","title":{"rendered":"Hebestation \/ Oberfl\u00e4chenabsauger \/  Schwimmerschalter (FR)"},"content":{"rendered":"\n    \n                                                 <div class=\"heroimage container\" style=\"height:650px;background-image: url(https:\/\/polo-filter.avrio-web.de\/wp-content\/uploads\/Skimmer_Hebestation_POLO_Filter_Technik_Kopfbild_650px_102-1.jpg);background-repeat: no-repeat;background-size: contain;background-position: center \">\n                    \t<img decoding=\"async\" src=\"https:\/\/polo-filter.avrio-web.de\/wp-content\/uploads\/Skimmer_Hebestation_POLO_Filter_Technik_Kopfbild_650px_102-1.jpg\" style=\"visibility: hidden;\" \/>\n\n                <\/div>\n                  \n\n\n        <div class=\"flexible-content acf-content standard\" id=\"block_239fe6d14e3e8f6135d4eeabd67e9003\" style=\"background-color: transparent\">\n        <div class=\"flexible-content-inner container\" >\n            <div id=\"dynamiccontent\" class=\"flexible-item-wrapper\">\n               \n                <div class=\" flexible-items\" >\n                    <div class=\"row\">\n                                                   \n                                                            <div class=\"col-lg  flexible-item flex-text\">\n                                   <div class=\"inner\">\n                                       <h1>Station de relevage, aspirateur de surface (skimmer), commutateur \u00e0 flotteur<\/h1>\n<h2>Aper\u00e7u de la station de relevage, de l&rsquo;aspirateur de surface (skimmer) et du commutateur \u00e0 flotteur<\/h2>\n<h3>Station de relevage<\/h3>\n<p>Le liquide contamin\u00e9 sortant de la machine s&rsquo;\u00e9coule par gravit\u00e9 dans la station de relevage situ\u00e9e \u00e0 c\u00f4t\u00e9. Ils sont ensuite achemin\u00e9s vers le syst\u00e8me de filtration \u00e0 l&rsquo;aide de pompes sp\u00e9ciales. Des caract\u00e9ristiques de conception sp\u00e9ciales permettent d&rsquo;\u00e9viter les d\u00e9p\u00f4ts et le d\u00e9bordement de la station de relevage.<\/p>\n<p>&nbsp;<\/p>\n<p><strong>Avantages de la station de relevage<\/strong><\/p>\n<ul>\n<li>Faible encombrement \u00e0 c\u00f4t\u00e9 de la machine<\/li>\n<li>Version robuste, en raison d&rsquo;une utilisation dans une zone de rebut<\/li>\n<li>Maintenance faible<\/li>\n<li>Entr\u00e9e tangentielle<\/li>\n<li>Pr\u00e9vention des d\u00e9p\u00f4ts<\/li>\n<\/ul>\n<p><strong>Domaines d&rsquo;application des stations de relevage<\/strong><\/p>\n<p>Dans les installations centralis\u00e9es, les stations de relevage assurent l&rsquo;acheminement du liquide vers le syst\u00e8me de filtration central. Si l&rsquo;alimentation des filtres individuels ne peut pas se faire par gravit\u00e9, des stations de relevage sont n\u00e9cessaires.<\/p>\n<p>&nbsp;<\/p>\n<h3>Aspirateur de surface<\/h3>\n<p>L&rsquo;aspirateur de surface POLO collecte les particules flottantes telles que la mousse, les huiles \u00e9trang\u00e8res, le graphite et les impuret\u00e9s fines dans les r\u00e9servoirs d&rsquo;\u00e9mulsion ou de lavage et les achemine vers un syst\u00e8me d&rsquo;\u00e9vacuation, par exemple un filtre.<\/p>\n<p>&nbsp;<\/p>\n<p><strong>Avantages de l&rsquo;aspirateur de surface (skimmer)<\/strong><\/p>\n<ul>\n<li>Collecte les particules flottantes<\/li>\n<li>Facile \u00e0 mettre \u00e0 niveau dans les installations existantes<\/li>\n<li>Maintenance faible<\/li>\n<li>A\u00e9ration du liquide<\/li>\n<\/ul>\n<p><strong>Domaines d&rsquo;application des aspirateurs de surface (skimmer)<\/strong><br \/>\nPour tous les r\u00e9servoirs de liquide qui pr\u00e9sentent des impuret\u00e9s flottantes \u00e0 la surface.<\/p>\n<p>&nbsp;<\/p>\n<h3>Commutateur \u00e0 flotteur<\/h3>\n<p>Au moyen d&rsquo;un flotteur, des microrupteurs ou des commutateurs capacitifs sont activ\u00e9s en fonction du niveau de remplissage.<\/p>\n<p>&nbsp;<\/p>\n<div class=\"PlainText PlainTextLink\">\n<p><strong>Avantages d&rsquo;un commutateur \u00e0 flotteur<\/strong><\/p>\n<ul>\n<li>R\u00e9glage simple<\/li>\n<li>Pas d&rsquo;\u00e9lectronique en aval n\u00e9cessaire<\/li>\n<li>Utilisable pour tous les liquides et r\u00e9servoirs<\/li>\n<li>Contacts et longueurs de c\u00e2ble variables disponibles<\/li>\n<li>Mat\u00e9riau durable et robuste<\/li>\n<li>Technique s\u00fbre et simple<\/li>\n<li>Post-\u00e9quipement facile<\/li>\n<li>Maintenance faible<\/li>\n<\/ul>\n<p><strong>Domaines d&rsquo;application des commutateurs \u00e0 flotteur<\/strong><br \/>\nLes commutateurs \u00e0 flotteur sont par ex. employ\u00e9s pour activer et d\u00e9sactiver des pompes. Ils prot\u00e8gent les pompes contre le fonctionnement \u00e0 sec et emp\u00eachent le remplissage excessif de votre r\u00e9servoir.<\/p>\n<\/div>\n<div class=\"ClearBoth\"><\/div>\n                                   <\/div>\n                                <\/div>\n                                                                        <\/div>\n                <\/div>\n            <\/div>\n        <\/div>\n    <\/div>\n\n\n\n        <div id=\"product\" class=\"flexible-content acf-content\" style=\"background-color: transparent;\">\n        <div class=\"flexible-content-inner\">\n            <div class=\"flexible-item-wrapper\">\n\n\n\n                <div class=\"container flexible-items\">\n                    <div class=\"row\">\n                                                                                          <div class=\"col-4 product-box\" data-aos=\"fade-up\">\n\n                            <div class=\"inner\"> \n\n                                \n                                  <div class=\"single-banner\">\n                                   <img loading=\"lazy\" decoding=\"async\" width=\"370\" height=\"285\" src=\"https:\/\/polo-filter.avrio-web.de\/wp-content\/uploads\/Hebestation_PPS_POLO_Filter_Technik_Box_05_101.jpg\" class=\"attachment-post-thumbnail size-post-thumbnail wp-post-image\" alt=\"Hebestation_PPS_POLO_Filter_Technik_Box_05_101\" srcset=\"https:\/\/polo-filter.avrio-web.de\/wp-content\/uploads\/Hebestation_PPS_POLO_Filter_Technik_Box_05_101.jpg 370w, https:\/\/polo-filter.avrio-web.de\/wp-content\/uploads\/Hebestation_PPS_POLO_Filter_Technik_Box_05_101-300x231.jpg 300w\" sizes=\"auto, (max-width: 370px) 100vw, 370px\" title=\"Hebestation_PPS_POLO_Filter_Technik_Box_05_101\" \/>                                    <h3>Station de relevage PPS<\/h3>\n                                    <div class=\"text\"><p>Les stations de relevage POLO sont des unit\u00e9s pratiques et utiles pour transporter des liquides contamin\u00e9s contenant beaucoup de copeaux vers une installation de filtration. Elles se caract\u00e9risent par un faible encombrement et une grande s\u00e9curit\u00e9 de fonctionnement.<\/p>\n<\/div>\n                                     <div class=\"text-button\">\n                                        <a class=\"button\" href=\"https:\/\/polo-filter.avrio-web.de\/fr\/station-de-relevage-pps\/\">Plus<\/a>\n                                    <\/div>\n                                        <\/div>\n                               \n\n\n\n                        <\/div>  \n\n                    <\/div>  \n                                                           <div class=\"col-4 product-box\" data-aos=\"fade-up\">\n\n                            <div class=\"inner\"> \n\n                                \n                                  <div class=\"single-banner\">\n                                   <img loading=\"lazy\" decoding=\"async\" width=\"370\" height=\"285\" src=\"https:\/\/polo-filter.avrio-web.de\/wp-content\/uploads\/Absauger_OFA_POLO_Filter_Technik_Box_05_101.jpg\" class=\"attachment-post-thumbnail size-post-thumbnail wp-post-image\" alt=\"Absauger_OFA_POLO_Filter_Technik_Box_05_101\" srcset=\"https:\/\/polo-filter.avrio-web.de\/wp-content\/uploads\/Absauger_OFA_POLO_Filter_Technik_Box_05_101.jpg 370w, https:\/\/polo-filter.avrio-web.de\/wp-content\/uploads\/Absauger_OFA_POLO_Filter_Technik_Box_05_101-300x231.jpg 300w\" sizes=\"auto, (max-width: 370px) 100vw, 370px\" title=\"Absauger_OFA_POLO_Filter_Technik_Box_05_101\" \/>                                    <h3>Aspirateur de surfaces OFA<\/h3>\n                                    <div class=\"text\"><p>L&rsquo;aspirateur de surface POLO collecte les particules flottantes telles que les huiles \u00e9trang\u00e8res, le graphite et les impuret\u00e9s fines dans les r\u00e9servoirs d&rsquo;\u00e9mulsion ou de lavage et les achemine vers un syst\u00e8me de filtration d&rsquo;\u00e9vacuation.<\/p>\n<\/div>\n                                     <div class=\"text-button\">\n                                        <a class=\"button\" href=\"https:\/\/polo-filter.avrio-web.de\/fr\/aspirateur-de-surfaces-ofa\/\">Plus<\/a>\n                                    <\/div>\n                                        <\/div>\n                               \n\n\n\n                        <\/div>  \n\n                    <\/div>  \n                                                           <div class=\"col-4 product-box\" data-aos=\"fade-up\">\n\n                            <div class=\"inner\"> \n\n                                \n                                  <div class=\"single-banner\">\n                                   <img loading=\"lazy\" decoding=\"async\" width=\"370\" height=\"285\" src=\"https:\/\/polo-filter.avrio-web.de\/wp-content\/uploads\/Schwimmerschalter_SWS_POLO_Filter_Technik_Box_05_101.jpg\" class=\"attachment-post-thumbnail size-post-thumbnail wp-post-image\" alt=\"Schwimmerschalter_SWS_POLO_Filter_Technik_Box_05_101\" srcset=\"https:\/\/polo-filter.avrio-web.de\/wp-content\/uploads\/Schwimmerschalter_SWS_POLO_Filter_Technik_Box_05_101.jpg 370w, https:\/\/polo-filter.avrio-web.de\/wp-content\/uploads\/Schwimmerschalter_SWS_POLO_Filter_Technik_Box_05_101-300x231.jpg 300w\" sizes=\"auto, (max-width: 370px) 100vw, 370px\" title=\"Schwimmerschalter_SWS_POLO_Filter_Technik_Box_05_101\" \/>                                    <h3>Commutateur \u00e0 flotteur SWS<\/h3>\n                                    <div class=\"text\"><p>Les commutateurs \u00e0 flotteur de POLO sont des composants n\u00e9cessaires pour d\u00e9tecter le niveau dans les syst\u00e8mes de filtration et les r\u00e9servoirs. Diff\u00e9rents mod\u00e8les sont disponibles et peuvent \u00eatre adapt\u00e9s \u00e0 diverses installations.<\/p>\n<\/div>\n                                     <div class=\"text-button\">\n                                        <a class=\"button\" href=\"https:\/\/polo-filter.avrio-web.de\/fr\/commutateur-a-flotteur-sws\/\">Plus<\/a>\n                                    <\/div>\n                                        <\/div>\n                               \n\n\n\n                        <\/div>  \n\n                    <\/div>  \n                                                                             <\/div>\n\n            <\/div>\n        <\/div>\n\n\n    <\/div>\n<\/div>\n\n\n","protected":false},"excerpt":{"rendered":"","protected":false},"author":5,"featured_media":0,"parent":0,"menu_order":73,"comment_status":"closed","ping_status":"closed","template":"","meta":{"_acf_changed":false,"footnotes":""},"class_list":["post-17340","page","type-page","status-publish","hentry"],"acf":[],"yoast_head":"<!-- This site is optimized with the Yoast SEO plugin v25.8 - https:\/\/yoast.com\/wordpress\/plugins\/seo\/ -->\n<title>Hebestation \/ Oberfl\u00e4chenabsauger \/ Schwimmerschalter (FR) - POLO Filter-Technik<\/title>\n<meta name=\"robots\" content=\"index, follow, max-snippet:-1, max-image-preview:large, max-video-preview:-1\" \/>\n<link rel=\"canonical\" href=\"https:\/\/polo-filter.avrio-web.de\/fr\/station-de-relevage-aspirateur-de-surface-skimmer-commutateur-a-flotteur\/\" \/>\n<meta property=\"og:locale\" content=\"fr_FR\" \/>\n<meta property=\"og:type\" content=\"article\" \/>\n<meta property=\"og:title\" content=\"Hebestation \/ Oberfl\u00e4chenabsauger \/ Schwimmerschalter (FR) - POLO Filter-Technik\" \/>\n<meta property=\"og:url\" content=\"https:\/\/polo-filter.avrio-web.de\/fr\/station-de-relevage-aspirateur-de-surface-skimmer-commutateur-a-flotteur\/\" \/>\n<meta property=\"og:site_name\" content=\"POLO Filter-Technik\" \/>\n<meta property=\"article:modified_time\" content=\"2024-03-01T10:49:19+00:00\" \/>\n<meta name=\"twitter:card\" content=\"summary_large_image\" \/>\n<script type=\"application\/ld+json\" class=\"yoast-schema-graph\">{\"@context\":\"https:\/\/schema.org\",\"@graph\":[{\"@type\":\"WebPage\",\"@id\":\"https:\/\/polo-filter.avrio-web.de\/fr\/station-de-relevage-aspirateur-de-surface-skimmer-commutateur-a-flotteur\/\",\"url\":\"https:\/\/polo-filter.avrio-web.de\/fr\/station-de-relevage-aspirateur-de-surface-skimmer-commutateur-a-flotteur\/\",\"name\":\"Hebestation \/ Oberfl\u00e4chenabsauger \/ Schwimmerschalter (FR) - POLO Filter-Technik\",\"isPartOf\":{\"@id\":\"https:\/\/polo-filter.avrio-web.de\/fr\/#website\"},\"datePublished\":\"2024-03-01T10:49:02+00:00\",\"dateModified\":\"2024-03-01T10:49:19+00:00\",\"breadcrumb\":{\"@id\":\"https:\/\/polo-filter.avrio-web.de\/fr\/station-de-relevage-aspirateur-de-surface-skimmer-commutateur-a-flotteur\/#breadcrumb\"},\"inLanguage\":\"fr-FR\",\"potentialAction\":[{\"@type\":\"ReadAction\",\"target\":[\"https:\/\/polo-filter.avrio-web.de\/fr\/station-de-relevage-aspirateur-de-surface-skimmer-commutateur-a-flotteur\/\"]}]},{\"@type\":\"BreadcrumbList\",\"@id\":\"https:\/\/polo-filter.avrio-web.de\/fr\/station-de-relevage-aspirateur-de-surface-skimmer-commutateur-a-flotteur\/#breadcrumb\",\"itemListElement\":[{\"@type\":\"ListItem\",\"position\":1,\"name\":\"Startseite\",\"item\":\"https:\/\/polo-filter.avrio-web.de\/fr\/\"},{\"@type\":\"ListItem\",\"position\":2,\"name\":\"Hebestation \/ Oberfl\u00e4chenabsauger \/ Schwimmerschalter (FR)\"}]},{\"@type\":\"WebSite\",\"@id\":\"https:\/\/polo-filter.avrio-web.de\/fr\/#website\",\"url\":\"https:\/\/polo-filter.avrio-web.de\/fr\/\",\"name\":\"POLO Filter-Technik\",\"description\":\"Filteranlagen nach Mass\",\"potentialAction\":[{\"@type\":\"SearchAction\",\"target\":{\"@type\":\"EntryPoint\",\"urlTemplate\":\"https:\/\/polo-filter.avrio-web.de\/fr\/?s={search_term_string}\"},\"query-input\":{\"@type\":\"PropertyValueSpecification\",\"valueRequired\":true,\"valueName\":\"search_term_string\"}}],\"inLanguage\":\"fr-FR\"}]}<\/script>\n<!-- \/ Yoast SEO plugin. -->","yoast_head_json":{"title":"Hebestation \/ Oberfl\u00e4chenabsauger \/ Schwimmerschalter (FR) - POLO Filter-Technik","robots":{"index":"index","follow":"follow","max-snippet":"max-snippet:-1","max-image-preview":"max-image-preview:large","max-video-preview":"max-video-preview:-1"},"canonical":"https:\/\/polo-filter.avrio-web.de\/fr\/station-de-relevage-aspirateur-de-surface-skimmer-commutateur-a-flotteur\/","og_locale":"fr_FR","og_type":"article","og_title":"Hebestation \/ Oberfl\u00e4chenabsauger \/ Schwimmerschalter (FR) - POLO Filter-Technik","og_url":"https:\/\/polo-filter.avrio-web.de\/fr\/station-de-relevage-aspirateur-de-surface-skimmer-commutateur-a-flotteur\/","og_site_name":"POLO Filter-Technik","article_modified_time":"2024-03-01T10:49:19+00:00","twitter_card":"summary_large_image","schema":{"@context":"https:\/\/schema.org","@graph":[{"@type":"WebPage","@id":"https:\/\/polo-filter.avrio-web.de\/fr\/station-de-relevage-aspirateur-de-surface-skimmer-commutateur-a-flotteur\/","url":"https:\/\/polo-filter.avrio-web.de\/fr\/station-de-relevage-aspirateur-de-surface-skimmer-commutateur-a-flotteur\/","name":"Hebestation \/ Oberfl\u00e4chenabsauger \/ Schwimmerschalter (FR) - POLO Filter-Technik","isPartOf":{"@id":"https:\/\/polo-filter.avrio-web.de\/fr\/#website"},"datePublished":"2024-03-01T10:49:02+00:00","dateModified":"2024-03-01T10:49:19+00:00","breadcrumb":{"@id":"https:\/\/polo-filter.avrio-web.de\/fr\/station-de-relevage-aspirateur-de-surface-skimmer-commutateur-a-flotteur\/#breadcrumb"},"inLanguage":"fr-FR","potentialAction":[{"@type":"ReadAction","target":["https:\/\/polo-filter.avrio-web.de\/fr\/station-de-relevage-aspirateur-de-surface-skimmer-commutateur-a-flotteur\/"]}]},{"@type":"BreadcrumbList","@id":"https:\/\/polo-filter.avrio-web.de\/fr\/station-de-relevage-aspirateur-de-surface-skimmer-commutateur-a-flotteur\/#breadcrumb","itemListElement":[{"@type":"ListItem","position":1,"name":"Startseite","item":"https:\/\/polo-filter.avrio-web.de\/fr\/"},{"@type":"ListItem","position":2,"name":"Hebestation \/ Oberfl\u00e4chenabsauger \/ Schwimmerschalter (FR)"}]},{"@type":"WebSite","@id":"https:\/\/polo-filter.avrio-web.de\/fr\/#website","url":"https:\/\/polo-filter.avrio-web.de\/fr\/","name":"POLO Filter-Technik","description":"Filteranlagen nach Mass","potentialAction":[{"@type":"SearchAction","target":{"@type":"EntryPoint","urlTemplate":"https:\/\/polo-filter.avrio-web.de\/fr\/?s={search_term_string}"},"query-input":{"@type":"PropertyValueSpecification","valueRequired":true,"valueName":"search_term_string"}}],"inLanguage":"fr-FR"}]}},"_links":{"self":[{"href":"https:\/\/polo-filter.avrio-web.de\/fr\/wp-json\/wp\/v2\/pages\/17340","targetHints":{"allow":["GET"]}}],"collection":[{"href":"https:\/\/polo-filter.avrio-web.de\/fr\/wp-json\/wp\/v2\/pages"}],"about":[{"href":"https:\/\/polo-filter.avrio-web.de\/fr\/wp-json\/wp\/v2\/types\/page"}],"author":[{"embeddable":true,"href":"https:\/\/polo-filter.avrio-web.de\/fr\/wp-json\/wp\/v2\/users\/5"}],"replies":[{"embeddable":true,"href":"https:\/\/polo-filter.avrio-web.de\/fr\/wp-json\/wp\/v2\/comments?post=17340"}],"version-history":[{"count":3,"href":"https:\/\/polo-filter.avrio-web.de\/fr\/wp-json\/wp\/v2\/pages\/17340\/revisions"}],"predecessor-version":[{"id":17343,"href":"https:\/\/polo-filter.avrio-web.de\/fr\/wp-json\/wp\/v2\/pages\/17340\/revisions\/17343"}],"wp:attachment":[{"href":"https:\/\/polo-filter.avrio-web.de\/fr\/wp-json\/wp\/v2\/media?parent=17340"}],"curies":[{"name":"wp","href":"https:\/\/api.w.org\/{rel}","templated":true}]}}