{"id":17333,"date":"2024-03-01T11:40:43","date_gmt":"2024-03-01T10:40:43","guid":{"rendered":"https:\/\/polo-filter.avrio-web.de\/?page_id=17333"},"modified":"2024-03-01T11:40:59","modified_gmt":"2024-03-01T10:40:59","slug":"filtre-ultrafin-filtre-sous-pression","status":"publish","type":"page","link":"https:\/\/polo-filter.avrio-web.de\/fr\/filtre-ultrafin-filtre-sous-pression\/","title":{"rendered":"Feinstfilter \/ Druckfilter (FR)"},"content":{"rendered":"\n    \n                                                 <div class=\"heroimage container\" style=\"height:650px;background-image: url(https:\/\/polo-filter.avrio-web.de\/wp-content\/uploads\/Feinstfilter_POLO_Filter_Technik_Kopfbild_650px_101.jpg);background-repeat: no-repeat;background-size: contain;background-position: center \">\n                    \t<img decoding=\"async\" src=\"https:\/\/polo-filter.avrio-web.de\/wp-content\/uploads\/Feinstfilter_POLO_Filter_Technik_Kopfbild_650px_101.jpg\" style=\"visibility: hidden;\" \/>\n\n                <\/div>\n                  \n\n\n        <div class=\"flexible-content acf-content standard\" id=\"block_180ce704ed798941315492f6bcfc42b8\" style=\"background-color: transparent\">\n        <div class=\"flexible-content-inner container\" >\n            <div id=\"dynamiccontent\" class=\"flexible-item-wrapper\">\n               \n                <div class=\" flexible-items\" >\n                    <div class=\"row\">\n                                                   \n                                                            <div class=\"col-lg  flexible-item flex-text\">\n                                   <div class=\"inner\">\n                                       <h1>Filtre ultrafin \/ filtre sous pression<\/h1>\n<h2>Focus sur les filtres ultrafins et les filtres sous pression<\/h2>\n<p>Ces filtres existent en tant que filtres r\u00e9g\u00e9n\u00e9rables (filtres \u00e0 r\u00e9trolavage automatique), ainsi qu&rsquo;en tant que filtres \u00e0 nettoyage manuel. Ils peuvent \u00eatre utilis\u00e9s pour l&rsquo;huile, l&rsquo;\u00e9mulsion et l&rsquo;eau. Des finesses de filtration allant jusqu&rsquo;\u00e0 1 \u03bcm sont r\u00e9alisables via les cartouches filtrantes.<\/p>\n<div class=\"PlainText PlainTextLink\">\n<p>&nbsp;<\/p>\n<p><strong>Avantages du filtre ultrafin \/ filtre sous pression<\/strong><\/p>\n<ul>\n<li>Finesses de filtration \u00e9lev\u00e9e<\/li>\n<li>Changement facile des cartouches filtrantes<\/li>\n<li>Les unit\u00e9s de filtration sont disponibles dans des niveaux de pression allant jusqu&rsquo;\u00e0 PN 16<\/li>\n<\/ul>\n<p><strong>Domaines d&rsquo;application des filtres ultrafins \/ filtres sous pression<\/strong><\/p>\n<ul>\n<li>Finitions<\/li>\n<li>Pon\u00e7age<\/li>\n<li>Polissage<\/li>\n<li>Hydraulique<\/li>\n<\/ul>\n<p>Ils sont \u00e9galement souvent utilis\u00e9s comme filtres de s\u00e9paration sur les syst\u00e8mes de filtration.<\/p>\n<\/div>\n                                   <\/div>\n                                <\/div>\n                                                                        <\/div>\n                <\/div>\n            <\/div>\n        <\/div>\n    <\/div>\n\n\n\n        <div id=\"product\" class=\"flexible-content acf-content\" style=\"background-color: transparent;\">\n        <div class=\"flexible-content-inner\">\n            <div class=\"flexible-item-wrapper\">\n\n\n\n                <div class=\"container flexible-items\">\n                    <div class=\"row\">\n                                                                                          <div class=\"col-4 product-box\" data-aos=\"fade-up\">\n\n                            <div class=\"inner\"> \n\n                                \n                                  <div class=\"single-banner\">\n                                   <img loading=\"lazy\" decoding=\"async\" width=\"370\" height=\"285\" src=\"https:\/\/polo-filter.avrio-web.de\/wp-content\/uploads\/Feinstfilter_FFR_POLO_Filter_Technik_Box_05_101.jpg\" class=\"attachment-post-thumbnail size-post-thumbnail wp-post-image\" alt=\"Feinstfilter_FFR_POLO_Filter_Technik_Box_05_101\" srcset=\"https:\/\/polo-filter.avrio-web.de\/wp-content\/uploads\/Feinstfilter_FFR_POLO_Filter_Technik_Box_05_101.jpg 370w, https:\/\/polo-filter.avrio-web.de\/wp-content\/uploads\/Feinstfilter_FFR_POLO_Filter_Technik_Box_05_101-300x231.jpg 300w\" sizes=\"auto, (max-width: 370px) 100vw, 370px\" title=\"Feinstfilter_FFR_POLO_Filter_Technik_Box_05_101\" \/>                                    <h3>Filtre ultrafin FFR<\/h3>\n                                    <div class=\"text\"><p>Le filtre ultrafin FFR de POLO nettoie diff\u00e9rents liquides de mani\u00e8re enti\u00e8rement automatique. Sa particularit\u00e9 r\u00e9side dans ses deux cartouches \u00e0 r\u00e9trolavage, qui permettent d&rsquo;obtenir une finesse de base allant jusqu&rsquo;\u00e0 3 \u03bcm. Des cartouches sp\u00e9ciales peuvent m\u00eame atteindre 1 \u03bcm.<\/p>\n<\/div>\n                                     <div class=\"text-button\">\n                                        <a class=\"button\" href=\"https:\/\/polo-filter.avrio-web.de\/fr\/filtre-ultrafin-ffr\/\">Plus<\/a>\n                                    <\/div>\n                                        <\/div>\n                               \n\n\n\n                        <\/div>  \n\n                    <\/div>  \n                                                                             <\/div>\n\n            <\/div>\n        <\/div>\n\n\n    <\/div>\n<\/div>\n\n\n","protected":false},"excerpt":{"rendered":"","protected":false},"author":5,"featured_media":0,"parent":0,"menu_order":65,"comment_status":"closed","ping_status":"closed","template":"","meta":{"_acf_changed":false,"footnotes":""},"class_list":["post-17333","page","type-page","status-publish","hentry"],"acf":[],"yoast_head":"<!-- This site is optimized with the Yoast SEO plugin v25.8 - https:\/\/yoast.com\/wordpress\/plugins\/seo\/ -->\n<title>Feinstfilter \/ Druckfilter (FR) - POLO Filter-Technik<\/title>\n<meta name=\"robots\" content=\"index, follow, max-snippet:-1, max-image-preview:large, max-video-preview:-1\" \/>\n<link rel=\"canonical\" href=\"https:\/\/polo-filter.avrio-web.de\/fr\/filtre-ultrafin-filtre-sous-pression\/\" \/>\n<meta property=\"og:locale\" content=\"fr_FR\" \/>\n<meta property=\"og:type\" content=\"article\" \/>\n<meta property=\"og:title\" content=\"Feinstfilter \/ Druckfilter (FR) - POLO Filter-Technik\" \/>\n<meta property=\"og:url\" content=\"https:\/\/polo-filter.avrio-web.de\/fr\/filtre-ultrafin-filtre-sous-pression\/\" \/>\n<meta property=\"og:site_name\" content=\"POLO Filter-Technik\" \/>\n<meta property=\"article:modified_time\" content=\"2024-03-01T10:40:59+00:00\" \/>\n<meta name=\"twitter:card\" content=\"summary_large_image\" \/>\n<script type=\"application\/ld+json\" class=\"yoast-schema-graph\">{\"@context\":\"https:\/\/schema.org\",\"@graph\":[{\"@type\":\"WebPage\",\"@id\":\"https:\/\/polo-filter.avrio-web.de\/fr\/filtre-ultrafin-filtre-sous-pression\/\",\"url\":\"https:\/\/polo-filter.avrio-web.de\/fr\/filtre-ultrafin-filtre-sous-pression\/\",\"name\":\"Feinstfilter \/ Druckfilter (FR) - POLO Filter-Technik\",\"isPartOf\":{\"@id\":\"https:\/\/polo-filter.avrio-web.de\/fr\/#website\"},\"datePublished\":\"2024-03-01T10:40:43+00:00\",\"dateModified\":\"2024-03-01T10:40:59+00:00\",\"breadcrumb\":{\"@id\":\"https:\/\/polo-filter.avrio-web.de\/fr\/filtre-ultrafin-filtre-sous-pression\/#breadcrumb\"},\"inLanguage\":\"fr-FR\",\"potentialAction\":[{\"@type\":\"ReadAction\",\"target\":[\"https:\/\/polo-filter.avrio-web.de\/fr\/filtre-ultrafin-filtre-sous-pression\/\"]}]},{\"@type\":\"BreadcrumbList\",\"@id\":\"https:\/\/polo-filter.avrio-web.de\/fr\/filtre-ultrafin-filtre-sous-pression\/#breadcrumb\",\"itemListElement\":[{\"@type\":\"ListItem\",\"position\":1,\"name\":\"Startseite\",\"item\":\"https:\/\/polo-filter.avrio-web.de\/fr\/\"},{\"@type\":\"ListItem\",\"position\":2,\"name\":\"Feinstfilter \/ Druckfilter (FR)\"}]},{\"@type\":\"WebSite\",\"@id\":\"https:\/\/polo-filter.avrio-web.de\/fr\/#website\",\"url\":\"https:\/\/polo-filter.avrio-web.de\/fr\/\",\"name\":\"POLO Filter-Technik\",\"description\":\"Filteranlagen nach Mass\",\"potentialAction\":[{\"@type\":\"SearchAction\",\"target\":{\"@type\":\"EntryPoint\",\"urlTemplate\":\"https:\/\/polo-filter.avrio-web.de\/fr\/?s={search_term_string}\"},\"query-input\":{\"@type\":\"PropertyValueSpecification\",\"valueRequired\":true,\"valueName\":\"search_term_string\"}}],\"inLanguage\":\"fr-FR\"}]}<\/script>\n<!-- \/ Yoast SEO plugin. -->","yoast_head_json":{"title":"Feinstfilter \/ Druckfilter (FR) - POLO Filter-Technik","robots":{"index":"index","follow":"follow","max-snippet":"max-snippet:-1","max-image-preview":"max-image-preview:large","max-video-preview":"max-video-preview:-1"},"canonical":"https:\/\/polo-filter.avrio-web.de\/fr\/filtre-ultrafin-filtre-sous-pression\/","og_locale":"fr_FR","og_type":"article","og_title":"Feinstfilter \/ Druckfilter (FR) - POLO Filter-Technik","og_url":"https:\/\/polo-filter.avrio-web.de\/fr\/filtre-ultrafin-filtre-sous-pression\/","og_site_name":"POLO Filter-Technik","article_modified_time":"2024-03-01T10:40:59+00:00","twitter_card":"summary_large_image","schema":{"@context":"https:\/\/schema.org","@graph":[{"@type":"WebPage","@id":"https:\/\/polo-filter.avrio-web.de\/fr\/filtre-ultrafin-filtre-sous-pression\/","url":"https:\/\/polo-filter.avrio-web.de\/fr\/filtre-ultrafin-filtre-sous-pression\/","name":"Feinstfilter \/ Druckfilter (FR) - POLO Filter-Technik","isPartOf":{"@id":"https:\/\/polo-filter.avrio-web.de\/fr\/#website"},"datePublished":"2024-03-01T10:40:43+00:00","dateModified":"2024-03-01T10:40:59+00:00","breadcrumb":{"@id":"https:\/\/polo-filter.avrio-web.de\/fr\/filtre-ultrafin-filtre-sous-pression\/#breadcrumb"},"inLanguage":"fr-FR","potentialAction":[{"@type":"ReadAction","target":["https:\/\/polo-filter.avrio-web.de\/fr\/filtre-ultrafin-filtre-sous-pression\/"]}]},{"@type":"BreadcrumbList","@id":"https:\/\/polo-filter.avrio-web.de\/fr\/filtre-ultrafin-filtre-sous-pression\/#breadcrumb","itemListElement":[{"@type":"ListItem","position":1,"name":"Startseite","item":"https:\/\/polo-filter.avrio-web.de\/fr\/"},{"@type":"ListItem","position":2,"name":"Feinstfilter \/ Druckfilter (FR)"}]},{"@type":"WebSite","@id":"https:\/\/polo-filter.avrio-web.de\/fr\/#website","url":"https:\/\/polo-filter.avrio-web.de\/fr\/","name":"POLO Filter-Technik","description":"Filteranlagen nach Mass","potentialAction":[{"@type":"SearchAction","target":{"@type":"EntryPoint","urlTemplate":"https:\/\/polo-filter.avrio-web.de\/fr\/?s={search_term_string}"},"query-input":{"@type":"PropertyValueSpecification","valueRequired":true,"valueName":"search_term_string"}}],"inLanguage":"fr-FR"}]}},"_links":{"self":[{"href":"https:\/\/polo-filter.avrio-web.de\/fr\/wp-json\/wp\/v2\/pages\/17333","targetHints":{"allow":["GET"]}}],"collection":[{"href":"https:\/\/polo-filter.avrio-web.de\/fr\/wp-json\/wp\/v2\/pages"}],"about":[{"href":"https:\/\/polo-filter.avrio-web.de\/fr\/wp-json\/wp\/v2\/types\/page"}],"author":[{"embeddable":true,"href":"https:\/\/polo-filter.avrio-web.de\/fr\/wp-json\/wp\/v2\/users\/5"}],"replies":[{"embeddable":true,"href":"https:\/\/polo-filter.avrio-web.de\/fr\/wp-json\/wp\/v2\/comments?post=17333"}],"version-history":[{"count":3,"href":"https:\/\/polo-filter.avrio-web.de\/fr\/wp-json\/wp\/v2\/pages\/17333\/revisions"}],"predecessor-version":[{"id":17336,"href":"https:\/\/polo-filter.avrio-web.de\/fr\/wp-json\/wp\/v2\/pages\/17333\/revisions\/17336"}],"wp:attachment":[{"href":"https:\/\/polo-filter.avrio-web.de\/fr\/wp-json\/wp\/v2\/media?parent=17333"}],"curies":[{"name":"wp","href":"https:\/\/api.w.org\/{rel}","templated":true}]}}