{"id":17324,"date":"2024-03-01T11:34:42","date_gmt":"2024-03-01T10:34:42","guid":{"rendered":"https:\/\/polo-filter.avrio-web.de\/?page_id=17324"},"modified":"2024-03-08T14:32:15","modified_gmt":"2024-03-08T13:32:15","slug":"installations-centralisees","status":"publish","type":"page","link":"https:\/\/polo-filter.avrio-web.de\/fr\/installations-centralisees\/","title":{"rendered":"Installations centralis\u00e9es"},"content":{"rendered":"\n    \n                                                 <div class=\"heroimage container\" style=\"height:650px;background-image: url(https:\/\/polo-filter.avrio-web.de\/wp-content\/uploads\/Zentralanlage_POLO_Filter_Technik_Kopfbild_650px_103.jpg);background-repeat: no-repeat;background-size: contain;background-position: center \">\n                    \t<img decoding=\"async\" src=\"https:\/\/polo-filter.avrio-web.de\/wp-content\/uploads\/Zentralanlage_POLO_Filter_Technik_Kopfbild_650px_103.jpg\" style=\"visibility: hidden;\" \/>\n\n                <\/div>\n                  \n\n\n        <div class=\"flexible-content acf-content standard\" id=\"block_244bd1a82013836866161e60a695fdcf\" style=\"background-color: transparent\">\n        <div class=\"flexible-content-inner container\" >\n            <div id=\"dynamiccontent\" class=\"flexible-item-wrapper\">\n               \n                <div class=\" flexible-items\" >\n                    <div class=\"row\">\n                                                   \n                                                            <div class=\"col-lg  flexible-item flex-text\">\n                                   <div class=\"inner\">\n                                       <h1>Installations centralis\u00e9es<\/h1>\n<h2>Le coeur de votre production<\/h2>\n<p>Les installations centralis\u00e9es POLO sont utilis\u00e9es pour alimenter de mani\u00e8re centralis\u00e9e des groupes de machines, voire des ateliers de production complets. De grands d\u00e9bits sont g\u00e9r\u00e9s et remis \u00e0 disposition des machines avec la m\u00eame qualit\u00e9. Les copeaux \u00e9vacu\u00e9s par le syst\u00e8me de filtration sont collect\u00e9s de mani\u00e8re centralis\u00e9e. Cela r\u00e9duit consid\u00e9rablement les frais d&rsquo;\u00e9limination. Le contr\u00f4le du lubrifiant caloporteur s&rsquo;effectue uniquement dans l&rsquo;installation centralis\u00e9e. Il n&rsquo;est plus n\u00e9cessaire de travailler sur des machines individuelles.<\/p>\n                                   <\/div>\n                                <\/div>\n                                                                        <\/div>\n                <\/div>\n            <\/div>\n        <\/div>\n    <\/div>\n\n\n\n        <div id=\"bildnebentext\" class=\"flexible-content acf-content\"  style=\"background-color: transparent;\">\n        <div class=\"flexible-content-inner\">\n            <div class=\"flexible-item-wrapper\">\n\n                                                         \n                        <div class=\"container flexible-items\">\n                            <div class=\"row\">\n                                \n                                                                     <div class=\"col-lg  flexible-item flex-img \" data-aos=\"fade-up\">\n                                                                                     \t<div class=\"inner\" style=\"background-image: url(https:\/\/polo-filter.avrio-web.de\/wp-content\/uploads\/Zentralanlage_POLO_Filter_Technik_Box_04_102.jpg)\"> \n                                                    <img decoding=\"async\" src=\"https:\/\/polo-filter.avrio-web.de\/wp-content\/uploads\/Zentralanlage_POLO_Filter_Technik_Box_04_102.jpg\" style=\"visibility: hidden;\" \/>\n                                            \n                                        <\/div>  \n                                                                        <\/div>\n                                                                \n                                                                          <div class=\"col-lg  flexible-item flex-text grau\">\n                                           \n                                         <div class=\"inner  \" >\n                                         \t<div class=\"text\">\n                                         \t\t<h4><span style=\"color: #339966\"><strong>Vos avantages<\/strong><\/span><\/h4>\n<ul>\n<li>Peu encombrant<\/li>\n<li>Possibilit\u00e9 d&rsquo;installation en dehors de l&rsquo;atelier de production<\/li>\n<li>Plus de libert\u00e9 pour les machines outils de production<\/li>\n<li>Moins de maintenance que l&rsquo;alimentation individuelle<\/li>\n<li>Un point de pr\u00e9l\u00e8vement des d\u00e9chets<\/li>\n<li>Qualit\u00e9 du lubrifiant caloporteur constante sur toutes les machines<\/li>\n<\/ul>\n                                         \t<\/div>\n                                         \t<div class=\"text-button\">\n                                         \t\t                                          \t<\/div>\n                                             \n                                             \n                                            \n                                        <\/div>\n                                    <\/div>\n                                                                                    <\/div>\n                    <\/div>\n\n                                     \n                        <div class=\"container flexible-items\">\n                            <div class=\"row\">\n                                \n                                                                          <div class=\"col-lg  flexible-item flex-text keine\">\n                                           \n                                         <div class=\"inner  \" >\n                                         \t<div class=\"text\">\n                                         \t\t<h4><strong>Infos rapides<\/strong><\/h4>\n<ul>\n<li>Construction en acier et en inox<\/li>\n<li>Un haut niveau de flexibilit\u00e9<\/li>\n<li>S\u00e9curit\u00e9 de processus<\/li>\n<li>R\u00e9duction des frais de personnel pour la surveillance du lubrifiant caloporteur<\/li>\n<li>R\u00e9duction des frais de personnel pour l&rsquo;\u00e9vacuation des copeaux<\/li>\n<\/ul>\n                                         \t<\/div>\n                                         \t<div class=\"text-button\">\n                                         \t\t                                          \t<\/div>\n                                             \n                                             \n                                            \n                                        <\/div>\n                                    <\/div>\n                                                            \n                                                                     <div class=\"col-lg  flexible-item flex-img \" data-aos=\"fade-up\">\n                                                                                     \t<div class=\"inner\" style=\"background-image: url(https:\/\/polo-filter.avrio-web.de\/wp-content\/uploads\/Zentralanlage_POLO_Filter_Technik_Box_04_103.jpg)\"> \n                                                    <img decoding=\"async\" src=\"https:\/\/polo-filter.avrio-web.de\/wp-content\/uploads\/Zentralanlage_POLO_Filter_Technik_Box_04_103.jpg\" style=\"visibility: hidden;\" \/>\n                                            \n                                        <\/div>  \n                                                                        <\/div>\n                                                                                        <\/div>\n                    <\/div>\n\n                                    <\/div>\n    <\/div>\n<\/div>\n\n\n\n        <div id=\"bildlinktextbutton\" class=\"flexible-content acf-content\"  style=\"background-color: transparent;\">\n        <div class=\"flexible-content-inner\">\n            <div class=\"flexible-item-wrapper\">\n\n               \n                     \n                        <div class=\"container flexible-items\">\n                            <div class=\"row\">\n                                \n                                                                     <div class=\"col-lg  nein  flexible-item flex-img\" data-aos=\"fade-up\">\n                                        <div class=\"inner\"> \n                                            \n                                                                                            <div class=\"bild\">\n                                                    <img decoding=\"async\" src=\"https:\/\/polo-filter.avrio-web.de\/wp-content\/uploads\/Zentralanlage_POLO_Filter_Technik_Box_01_klein_103.jpg\" style=\"height: 100%; width: 100%; object-fit: cover;\" alt=\"\" \/>\n                                                <\/div>  \n                                            <div class=\"hintergrund\" style=\"display: none\"><\/div>\n                                            <div class=\"bild-nein\" style=\"display: none\">\n\n                                                   \n   <img decoding=\"async\" src=\"https:\/\/polo-filter.avrio-web.de\/wp-content\/uploads\/Zentralanlage_POLO_Filter_Technik_Box_01_klein_103.jpg\" alt=\"\" \/>\n                                            <\/div>\n\n                                            <div class=\"text\">\n                                                 <h3>Du mat\u00e9riel professionnel dans chaque taille<\/h3>\n<p>Les installations centralis\u00e9es POLO conviennent parfaitement pour le nettoyage de grands d\u00e9bits de lubrifiant caloporteur. Chaque installation est adapt\u00e9e individuellement aux besoins concrets et \u00e0 l&rsquo;espace disponible sur site. La longue exp\u00e9rience de POLO garantit un niveau de qualit\u00e9 \u00e9lev\u00e9 et une s\u00e9curit\u00e9 de fonctionnement continue de votre production.<\/p>\n<p>POLO propose des composants individuels jusqu&rsquo;aux installations centralis\u00e9es cl\u00e9s en main, y compris le r\u00e9seau de tuyauterie, en tant qu&rsquo;entrepreneur g\u00e9n\u00e9ral (EG).<\/p>\n<p>Par des<strong> pros, <\/strong>pour des<strong> pros, <\/strong>avec des<strong> pros<\/strong><\/p>\n                                            <\/div> \n\n                                        <\/div>\n                                    <\/div>\n                                  \n                                                            \n                                                                     <div class=\"col-lg  nein  flexible-item flex-img\" data-aos=\"fade-up\">\n                                        <div class=\"inner\"> \n                                            \n                                                                                            <div class=\"bild\">\n                                                    <img decoding=\"async\" src=\"https:\/\/polo-filter.avrio-web.de\/wp-content\/uploads\/Zentralanlage_POLO_Filter_Technik_Box_01_klein_102.jpg\" style=\"height: 100%; width: 100%; object-fit: cover;\" alt=\"\" \/>\n                                                <\/div>  \n                                            <div class=\"hintergrund\" style=\"display: none\"><\/div>\n                                            <div class=\"bild-nein\" style=\"display: none\">\n\n                                                   \n   <img decoding=\"async\" src=\"https:\/\/polo-filter.avrio-web.de\/wp-content\/uploads\/Zentralanlage_POLO_Filter_Technik_Box_01_klein_102.jpg\" alt=\"\" \/>\n                                            <\/div>\n\n                                            <div class=\"text\">\n                                                 <h3>Conception modulaire<\/h3>\n<p>Les composants les plus divers sont adapt\u00e9s individuellement aux besoins du client, tels que<\/p>\n<ul>\n<li>Syst\u00e8mes de refroidissement<\/li>\n<li>Niveaux de filtration<\/li>\n<li>\u00c9limination des copeaux<\/li>\n<li>Surveillance automatique du lubrifiant caloporteur<\/li>\n<li>Unit\u00e9s de dosage<\/li>\n<li>Pompes<\/li>\n<li>etc.<\/li>\n<\/ul>\n<p>combin\u00e9s en une installation centralis\u00e9e.<\/p>\n                                            <\/div> \n\n                                        <\/div>\n                                    <\/div>\n                                  \n                                                                                    <\/div>\n                    <\/div>\n\n             \n        <\/div>\n    <\/div>\n<\/div>\n\n\n\n        <div class=\"flexible-content acf-content standard\" id=\"block_43c8bbeca1244002095e3f5408efc035\" style=\"background-color: #ececec\">\n        <div class=\"flexible-content-inner container\" >\n            <div id=\"dynamiccontent\" class=\"flexible-item-wrapper\">\n               \n                <div class=\" flexible-items\" >\n                    <div class=\"row\">\n                                                   \n                                                            <div class=\"col-lg  flexible-item flex-text\">\n                                   <div class=\"inner\">\n                                       <h4><span style=\"color: #0064ad\"><strong>La valeur ajout\u00e9e de votre installation centralis\u00e9e POLO<img loading=\"lazy\" decoding=\"async\" class=\"alignright wp-image-9286\" src=\"https:\/\/polo-filter.avrio-web.de\/wp-content\/uploads\/Zentralanlage_POLO_Filter_Technik_Box_04_101-300x240.jpg\" alt=\"\" width=\"400\" height=\"320\" srcset=\"https:\/\/polo-filter.avrio-web.de\/wp-content\/uploads\/Zentralanlage_POLO_Filter_Technik_Box_04_101-300x240.jpg 300w, https:\/\/polo-filter.avrio-web.de\/wp-content\/uploads\/Zentralanlage_POLO_Filter_Technik_Box_04_101-600x480.jpg 600w, https:\/\/polo-filter.avrio-web.de\/wp-content\/uploads\/Zentralanlage_POLO_Filter_Technik_Box_04_101.jpg 669w\" sizes=\"auto, (max-width: 400px) 100vw, 400px\" \/><\/strong><\/span><\/h4>\n<p>Les installations centralis\u00e9es POLO, Made in Germany, sont con\u00e7ues de mani\u00e8re professionnelle, durable et \u00e9nerg\u00e9tique. Elles offrent une multitude d&rsquo;avantages et constituent le coeur fiable de votre production.<\/p>\n<p>Le contr\u00f4le intelligent permet de r\u00e9duire consid\u00e9rablement les co\u00fbts \u00e9nerg\u00e9tiques et de g\u00e9rer de mani\u00e8re optimale l&rsquo;ensemble du processus de filtration, ce qui minimise la consommation d&rsquo;auxiliaires de filtration.<\/p>\n<p>Les variations de d\u00e9bit dues \u00e0 la mise en marche ou \u00e0 l&rsquo;arr\u00eat de certaines machines sont automatiquement d\u00e9tect\u00e9es par l&rsquo;installation centrale et trait\u00e9es en interne de mani\u00e8re \u00e0 ce que l&rsquo;installation centrale garantisse une alimentation optimale de la production en termes d&rsquo;\u00e9nergie.<\/p>\n<p>&nbsp;<\/p>\n<p>L&rsquo;espace lib\u00e9r\u00e9 dans la production par l&rsquo;utilisation d&rsquo;une installation centralis\u00e9e peut donc \u00eatre utilis\u00e9 \u00e0 d&rsquo;autres fins \u00e9conomiques. Les avantages suppl\u00e9mentaires d&rsquo;une installation externe de l&rsquo;installation centralis\u00e9e sont les suivants :<\/p>\n<ul>\n<li>R\u00e9duction des \u00e9missions sonores<\/li>\n<li>Moins d&rsquo;apport de chaleur dans l&rsquo;atelier de production<\/li>\n<\/ul>\n<p>L&rsquo;espace lib\u00e9r\u00e9 dans la production est alors disponible pour installer d&rsquo;autres machines.<\/p>\n<p>&nbsp;<\/p>\n                                   <\/div>\n                                <\/div>\n                                                                        <\/div>\n                <\/div>\n            <\/div>\n        <\/div>\n    <\/div>\n\n\n\n     <div id=\"icons-block\" class=\"container flexible-items\" style=\"background-color:#009634\">\n   <div class=\"row\">\n                                        \n       \n            <div  class=\"col-lg\"><p id=\"icon-img\" class=\"bedienerfreundlich\"><\/p><p>Utilisation conviviale<\/p><\/div>\n            <div  class=\"col-lg\"><p id=\"icon-img\" class=\"energieeffizienz\"><\/p><p>Efficacit\u00e9 \u00e9nerg\u00e9tique<\/p><\/div>\n            <div  class=\"col-lg\"><p id=\"icon-img\" class=\"madeingermany\"><\/p><p>Made in Germany<\/p><\/div>\n            <div  class=\"col-lg\"><p id=\"icon-img\" class=\"prozesssicherheit\"><\/p><p>S\u00e9curit\u00e9 de processus<\/p><\/div>\n            <div  class=\"col-lg\"><p id=\"icon-img\" class=\"wartungsarm\"><\/p><p>Maintenance faible<\/p><\/div>\n    \n                      \n   <\/div>\n                               \n \n\n<\/div>\n\n\n     \n<div id=\"Video\" class=\"video flexible-content\" style=\"background-color: transparent;\">\n    <div class=\"flexible-content-inner container\">\n             <div class=\"container intro-text\" style=\"background-color: transparent\">\n                        <div class=\"row justify-content-center\">\n                            <div class=\"col-lg text\">\n                                <p style=\"font-size: 24px; color: #0064ad;font-weight: bold;\">Installations centrales de POLO Filter-Technik<\/p>\n                            <\/div>\n                        <\/div>\n                    <\/div>                    <div id=\"video-iframe\" class=\"container\" style=\"background-color: transparent; position: relative\">\n                         <div class=\"BorlabsCookie _brlbs-cb-vimeo\"><div class=\"_brlbs-content-blocker\"> <div class=\"_brlbs-embed _brlbs-video-vimeo\"> <img decoding=\"async\" class=\"_brlbs-thumbnail\" src=\"https:\/\/polo-filter.avrio-web.de\/wp-content\/plugins\/borlabs-cookie\/assets\/images\/cb-no-thumbnail.png\" alt=\"Vimeo\"> <div class=\"_brlbs-caption\"> <p>En chargeant le message, vous acceptez la politique de confidentialit\u00e9 de Vimeo.<br><a href=\"https:\/\/vimeo.com\/privacy\" target=\"_blank\" rel=\"nofollow noopener noreferrer\">Mehr erfahren<\/a><\/p> <p><a class=\"_brlbs-btn _brlbs-icon-play-white\" href=\"#\" data-borlabs-cookie-unblock role=\"button\">Charger le message<\/a><\/p> <p><label><input type=\"checkbox\" name=\"unblockAll\" value=\"1\" checked> <small>Toujours d\u00e9verrouiller les messages<\/small><\/label><\/p> <\/div> <\/div> <\/div><div class=\"borlabs-hide\" data-borlabs-cookie-type=\"content-blocker\" data-borlabs-cookie-id=\"vimeo\"><script type=\"text\/template\">PGlmcmFtZSB0aXRsZT0iWmVudHJhbGFubGFnZW4gdm9uIFBvbG8gRmlsdGVyLVRlY2huaWsgYXVzIEJyZW1lbiAtIEluZHVzdHJpZWZpbG0iIHNyYz0iaHR0cHM6Ly9wbGF5ZXIudmltZW8uY29tL3ZpZGVvLzQ4NDM1ODkzMj9kbnQ9MSZhbXA7YXBwX2lkPTEyMjk2MyIgd2lkdGg9IjcxMSIgaGVpZ2h0PSI0MDAiIGZyYW1lYm9yZGVyPSIwIiBhbGxvdz0iYXV0b3BsYXk7IGZ1bGxzY3JlZW47IHBpY3R1cmUtaW4tcGljdHVyZTsgY2xpcGJvYXJkLXdyaXRlOyBlbmNyeXB0ZWQtbWVkaWE7IHdlYi1zaGFyZSIgcmVmZXJyZXJwb2xpY3k9InN0cmljdC1vcmlnaW4td2hlbi1jcm9zcy1vcmlnaW4iPjwvaWZyYW1lPg==<\/script><\/div><\/div>                    <\/div> \n    <\/div>\n\n\n<\/div>\n","protected":false},"excerpt":{"rendered":"","protected":false},"author":5,"featured_media":0,"parent":0,"menu_order":81,"comment_status":"closed","ping_status":"closed","template":"","meta":{"_acf_changed":false,"footnotes":""},"class_list":["post-17324","page","type-page","status-publish","hentry"],"acf":[],"yoast_head":"<!-- This site is optimized with the Yoast SEO plugin v25.8 - https:\/\/yoast.com\/wordpress\/plugins\/seo\/ -->\n<title>Installations centralis\u00e9es - POLO Filter-Technik<\/title>\n<meta name=\"robots\" content=\"index, follow, max-snippet:-1, max-image-preview:large, max-video-preview:-1\" \/>\n<link rel=\"canonical\" href=\"https:\/\/polo-filter.avrio-web.de\/fr\/installations-centralisees\/\" \/>\n<meta property=\"og:locale\" content=\"fr_FR\" \/>\n<meta property=\"og:type\" content=\"article\" \/>\n<meta property=\"og:title\" content=\"Installations centralis\u00e9es - POLO Filter-Technik\" \/>\n<meta property=\"og:url\" content=\"https:\/\/polo-filter.avrio-web.de\/fr\/installations-centralisees\/\" \/>\n<meta property=\"og:site_name\" content=\"POLO Filter-Technik\" \/>\n<meta property=\"article:modified_time\" content=\"2024-03-08T13:32:15+00:00\" \/>\n<meta name=\"twitter:card\" content=\"summary_large_image\" \/>\n<script type=\"application\/ld+json\" class=\"yoast-schema-graph\">{\"@context\":\"https:\/\/schema.org\",\"@graph\":[{\"@type\":\"WebPage\",\"@id\":\"https:\/\/polo-filter.avrio-web.de\/fr\/installations-centralisees\/\",\"url\":\"https:\/\/polo-filter.avrio-web.de\/fr\/installations-centralisees\/\",\"name\":\"Installations centralis\u00e9es - POLO Filter-Technik\",\"isPartOf\":{\"@id\":\"https:\/\/polo-filter.avrio-web.de\/fr\/#website\"},\"datePublished\":\"2024-03-01T10:34:42+00:00\",\"dateModified\":\"2024-03-08T13:32:15+00:00\",\"breadcrumb\":{\"@id\":\"https:\/\/polo-filter.avrio-web.de\/fr\/installations-centralisees\/#breadcrumb\"},\"inLanguage\":\"fr-FR\",\"potentialAction\":[{\"@type\":\"ReadAction\",\"target\":[\"https:\/\/polo-filter.avrio-web.de\/fr\/installations-centralisees\/\"]}]},{\"@type\":\"BreadcrumbList\",\"@id\":\"https:\/\/polo-filter.avrio-web.de\/fr\/installations-centralisees\/#breadcrumb\",\"itemListElement\":[{\"@type\":\"ListItem\",\"position\":1,\"name\":\"Startseite\",\"item\":\"https:\/\/polo-filter.avrio-web.de\/fr\/\"},{\"@type\":\"ListItem\",\"position\":2,\"name\":\"Installations centralis\u00e9es\"}]},{\"@type\":\"WebSite\",\"@id\":\"https:\/\/polo-filter.avrio-web.de\/fr\/#website\",\"url\":\"https:\/\/polo-filter.avrio-web.de\/fr\/\",\"name\":\"POLO Filter-Technik\",\"description\":\"Filteranlagen nach Mass\",\"potentialAction\":[{\"@type\":\"SearchAction\",\"target\":{\"@type\":\"EntryPoint\",\"urlTemplate\":\"https:\/\/polo-filter.avrio-web.de\/fr\/?s={search_term_string}\"},\"query-input\":{\"@type\":\"PropertyValueSpecification\",\"valueRequired\":true,\"valueName\":\"search_term_string\"}}],\"inLanguage\":\"fr-FR\"}]}<\/script>\n<!-- \/ Yoast SEO plugin. -->","yoast_head_json":{"title":"Installations centralis\u00e9es - POLO Filter-Technik","robots":{"index":"index","follow":"follow","max-snippet":"max-snippet:-1","max-image-preview":"max-image-preview:large","max-video-preview":"max-video-preview:-1"},"canonical":"https:\/\/polo-filter.avrio-web.de\/fr\/installations-centralisees\/","og_locale":"fr_FR","og_type":"article","og_title":"Installations centralis\u00e9es - POLO Filter-Technik","og_url":"https:\/\/polo-filter.avrio-web.de\/fr\/installations-centralisees\/","og_site_name":"POLO Filter-Technik","article_modified_time":"2024-03-08T13:32:15+00:00","twitter_card":"summary_large_image","schema":{"@context":"https:\/\/schema.org","@graph":[{"@type":"WebPage","@id":"https:\/\/polo-filter.avrio-web.de\/fr\/installations-centralisees\/","url":"https:\/\/polo-filter.avrio-web.de\/fr\/installations-centralisees\/","name":"Installations centralis\u00e9es - POLO Filter-Technik","isPartOf":{"@id":"https:\/\/polo-filter.avrio-web.de\/fr\/#website"},"datePublished":"2024-03-01T10:34:42+00:00","dateModified":"2024-03-08T13:32:15+00:00","breadcrumb":{"@id":"https:\/\/polo-filter.avrio-web.de\/fr\/installations-centralisees\/#breadcrumb"},"inLanguage":"fr-FR","potentialAction":[{"@type":"ReadAction","target":["https:\/\/polo-filter.avrio-web.de\/fr\/installations-centralisees\/"]}]},{"@type":"BreadcrumbList","@id":"https:\/\/polo-filter.avrio-web.de\/fr\/installations-centralisees\/#breadcrumb","itemListElement":[{"@type":"ListItem","position":1,"name":"Startseite","item":"https:\/\/polo-filter.avrio-web.de\/fr\/"},{"@type":"ListItem","position":2,"name":"Installations centralis\u00e9es"}]},{"@type":"WebSite","@id":"https:\/\/polo-filter.avrio-web.de\/fr\/#website","url":"https:\/\/polo-filter.avrio-web.de\/fr\/","name":"POLO Filter-Technik","description":"Filteranlagen nach Mass","potentialAction":[{"@type":"SearchAction","target":{"@type":"EntryPoint","urlTemplate":"https:\/\/polo-filter.avrio-web.de\/fr\/?s={search_term_string}"},"query-input":{"@type":"PropertyValueSpecification","valueRequired":true,"valueName":"search_term_string"}}],"inLanguage":"fr-FR"}]}},"_links":{"self":[{"href":"https:\/\/polo-filter.avrio-web.de\/fr\/wp-json\/wp\/v2\/pages\/17324","targetHints":{"allow":["GET"]}}],"collection":[{"href":"https:\/\/polo-filter.avrio-web.de\/fr\/wp-json\/wp\/v2\/pages"}],"about":[{"href":"https:\/\/polo-filter.avrio-web.de\/fr\/wp-json\/wp\/v2\/types\/page"}],"author":[{"embeddable":true,"href":"https:\/\/polo-filter.avrio-web.de\/fr\/wp-json\/wp\/v2\/users\/5"}],"replies":[{"embeddable":true,"href":"https:\/\/polo-filter.avrio-web.de\/fr\/wp-json\/wp\/v2\/comments?post=17324"}],"version-history":[{"count":7,"href":"https:\/\/polo-filter.avrio-web.de\/fr\/wp-json\/wp\/v2\/pages\/17324\/revisions"}],"predecessor-version":[{"id":17523,"href":"https:\/\/polo-filter.avrio-web.de\/fr\/wp-json\/wp\/v2\/pages\/17324\/revisions\/17523"}],"wp:attachment":[{"href":"https:\/\/polo-filter.avrio-web.de\/fr\/wp-json\/wp\/v2\/media?parent=17324"}],"curies":[{"name":"wp","href":"https:\/\/api.w.org\/{rel}","templated":true}]}}