{"id":17317,"date":"2024-03-01T11:24:22","date_gmt":"2024-03-01T10:24:22","guid":{"rendered":"https:\/\/polo-filter.avrio-web.de\/?page_id=17317"},"modified":"2024-04-05T11:09:07","modified_gmt":"2024-04-05T09:09:07","slug":"filtre-a-vide-filtre-a-depression","status":"publish","type":"page","link":"https:\/\/polo-filter.avrio-web.de\/fr\/filtre-a-vide-filtre-a-depression\/","title":{"rendered":"Vakuumfilter \/ Unterdruckfilter (FR)"},"content":{"rendered":"\n    \n                                                 <div class=\"heroimage container\" style=\"height:650px;background-image: url(https:\/\/polo-filter.avrio-web.de\/wp-content\/uploads\/Vakuumfilter_POLO_Filter_Technik_Kopfbild_201.jpg);background-repeat: no-repeat;background-size: contain;background-position: center \">\n                    \t<img decoding=\"async\" src=\"https:\/\/polo-filter.avrio-web.de\/wp-content\/uploads\/Vakuumfilter_POLO_Filter_Technik_Kopfbild_201.jpg\" style=\"visibility: hidden;\" \/>\n\n                <\/div>\n                  \n\n\n        <div class=\"flexible-content acf-content standard\" id=\"block_daf55a5a5213baf5fa67693451f38d5a\" style=\"background-color: transparent\">\n        <div class=\"flexible-content-inner container\" >\n            <div id=\"dynamiccontent\" class=\"flexible-item-wrapper\">\n               \n                <div class=\" flexible-items\" >\n                    <div class=\"row\">\n                                                   \n                                                            <div class=\"col-lg  flexible-item flex-text\">\n                                   <div class=\"inner\">\n                                       <h1>Filtre \u00e0 vide, filtre \u00e0 d\u00e9pression<\/h1>\n<h2>Filtre \u00e0 vide, \u00e9galement appel\u00e9 filtre \u00e0 d\u00e9pression<\/h2>\n<p>Le filtre \u00e0 vide, \u00e9galement appel\u00e9 filtre \u00e0 d\u00e9pression, cr\u00e9e une d\u00e9pression qui aspire le liquide \u00e0 filtrer \u00e0 travers le g\u00e2teau de filtre. La d\u00e9pression permet d&rsquo;augmenter significativement le d\u00e9bit surfacique sp\u00e9cifique par rapport \u00e0 un filtre \u00e0 gravit\u00e9. L&rsquo;air qui est aspir\u00e9 \u00e0 travers le g\u00e2teau de filtre form\u00e9 permet une humidit\u00e9 r\u00e9siduelle du g\u00e2teau de filtre allant jusqu&rsquo;\u00e0 moins de 20 %. Cet effet est renforc\u00e9 par l&rsquo;air d&rsquo;\u00e9chappement de l&rsquo;exhausteur, qui est dirig\u00e9 par le haut sur le g\u00e2teau de filtre.<\/p>\n<p>&nbsp;<\/p>\n<h3>Avantages du filtre \u00e0 vide \/ filtre \u00e0 d\u00e9pression<\/h3>\n<ul>\n<li>Faible encombrement, par rapport aux d\u00e9bits \u00e9lev\u00e9s<\/li>\n<li>D\u00e9chargement de g\u00e2teau sec et consistant<\/li>\n<li>Utilisation optimale de l&rsquo;auxiliaire de filtration<\/li>\n<li>Peu de maintenance<\/li>\n<li>Longue dur\u00e9e de vie<\/li>\n<li>Consommation r\u00e9duite de non-tiss\u00e9<\/li>\n<\/ul>\n<div class=\"PlainText PlainTextLink\">\n<p><strong>Domaines d&rsquo;application des filtres \u00e0 d\u00e9pression<\/strong><br \/>\nPrincipalement pour l&rsquo;alimentation de groupes de machines ou d&rsquo;installations centralis\u00e9es<\/p>\n<\/div>\n<div class=\"ClearBoth\"><\/div>\n                                   <\/div>\n                                <\/div>\n                                                                        <\/div>\n                <\/div>\n            <\/div>\n        <\/div>\n    <\/div>\n\n\n\n        <div id=\"product\" class=\"flexible-content acf-content\" style=\"background-color: transparent;\">\n        <div class=\"flexible-content-inner\">\n            <div class=\"flexible-item-wrapper\">\n\n\n\n                <div class=\"container flexible-items\">\n                    <div class=\"row\">\n                                                                                          <div class=\"col-4 product-box\" data-aos=\"fade-up\">\n\n                            <div class=\"inner\"> \n\n                                \n                                  <div class=\"single-banner\">\n                                   <img loading=\"lazy\" decoding=\"async\" width=\"370\" height=\"285\" src=\"https:\/\/polo-filter.avrio-web.de\/wp-content\/uploads\/Vakuumfilter_SBV_POLO_Filter_Technik_Box_05_102_Produktbild.jpg\" class=\"attachment-post-thumbnail size-post-thumbnail wp-post-image\" alt=\"Vakuumfilter_SBV_POLO_Filter_Technik_Box_05_102_Produktbild\" srcset=\"https:\/\/polo-filter.avrio-web.de\/wp-content\/uploads\/Vakuumfilter_SBV_POLO_Filter_Technik_Box_05_102_Produktbild.jpg 370w, https:\/\/polo-filter.avrio-web.de\/wp-content\/uploads\/Vakuumfilter_SBV_POLO_Filter_Technik_Box_05_102_Produktbild-300x231.jpg 300w\" sizes=\"auto, (max-width: 370px) 100vw, 370px\" title=\"Vakuumfilter_SBV_POLO_Filter_Technik_Box_05_102_Produktbild\" \/>                                    <h3>Filtre \u00e0 vide SBV (filtre non-tiss\u00e9)<\/h3>\n                                    <div class=\"text\"><p>La petite gamme de filtres \u00e0 vide POLO. Utilisable avec jusqu&rsquo;\u00e0 900 l\/min max. d&rsquo;\u00e9mulsion. Sur une petite surface, le vide permet de r\u00e9aliser un d\u00e9bit \u00e9lev\u00e9 de mani\u00e8re fiable. D\u00e9bit \u00e9lev\u00e9 et excellente filtration.<\/p>\n<\/div>\n                                     <div class=\"text-button\">\n                                        <a class=\"button\" href=\"https:\/\/polo-filter.avrio-web.de\/fr\/filtre-a-vide-sbv-filtre-non-tisse\/\">Plus<\/a>\n                                    <\/div>\n                                        <\/div>\n                               \n\n\n\n                        <\/div>  \n\n                    <\/div>  \n                                                           <div class=\"col-4 product-box\" data-aos=\"fade-up\">\n\n                            <div class=\"inner\"> \n\n                                \n                                  <div class=\"single-banner\">\n                                   <img loading=\"lazy\" decoding=\"async\" width=\"370\" height=\"285\" src=\"https:\/\/polo-filter.avrio-web.de\/wp-content\/uploads\/Vakuumfilter_SBEV_POLO_Filter_Technik_Box_05_101_Produktbild.jpg\" class=\"attachment-post-thumbnail size-post-thumbnail wp-post-image\" alt=\"Vakuumfilter_SBEV_POLO_Filter_Technik_Box_05_101_Produktbild\" srcset=\"https:\/\/polo-filter.avrio-web.de\/wp-content\/uploads\/Vakuumfilter_SBEV_POLO_Filter_Technik_Box_05_101_Produktbild.jpg 370w, https:\/\/polo-filter.avrio-web.de\/wp-content\/uploads\/Vakuumfilter_SBEV_POLO_Filter_Technik_Box_05_101_Produktbild-300x231.jpg 300w\" sizes=\"auto, (max-width: 370px) 100vw, 370px\" title=\"Vakuumfilter_SBEV_POLO_Filter_Technik_Box_05_101_Produktbild\" \/>                                    <h3>Filtre \u00e0 vide SBEV (bande sans fin)<\/h3>\n                                    <div class=\"text\"><p>La petite gamme de filtres \u00e0 vide POLO en version bande sans fin. Utilisable avec jusqu&rsquo;\u00e0 850 l\/min max. d&rsquo;\u00e9mulsion. La filtration s&rsquo;effectue au moyen d&rsquo;une bande plastique. La r\u00e9duction des consommables permet d&rsquo;\u00e9viter les co\u00fbts d&rsquo;\u00e9limination.<\/p>\n<\/div>\n                                     <div class=\"text-button\">\n                                        <a class=\"button\" href=\"https:\/\/polo-filter.avrio-web.de\/fr\/filtre-a-vide-sbev-bande-sans-fin\/\">Plus<\/a>\n                                    <\/div>\n                                        <\/div>\n                               \n\n\n\n                        <\/div>  \n\n                    <\/div>  \n                                                           <div class=\"col-4 product-box\" data-aos=\"fade-up\">\n\n                            <div class=\"inner\"> \n\n                                \n                                  <div class=\"single-banner\">\n                                   <img loading=\"lazy\" decoding=\"async\" width=\"370\" height=\"285\" src=\"https:\/\/polo-filter.avrio-web.de\/wp-content\/uploads\/Vakuumfilter_SAFI_C_POLO_Filter_Technik_Box_05_101_Produktbild.jpg\" class=\"attachment-post-thumbnail size-post-thumbnail wp-post-image\" alt=\"Vakuumfilter_SAFI_C_POLO_Filter_Technik_Box_05_101_Produktbild\" srcset=\"https:\/\/polo-filter.avrio-web.de\/wp-content\/uploads\/Vakuumfilter_SAFI_C_POLO_Filter_Technik_Box_05_101_Produktbild.jpg 370w, https:\/\/polo-filter.avrio-web.de\/wp-content\/uploads\/Vakuumfilter_SAFI_C_POLO_Filter_Technik_Box_05_101_Produktbild-300x231.jpg 300w\" sizes=\"auto, (max-width: 370px) 100vw, 370px\" title=\"Vakuumfilter_SAFI_C_POLO_Filter_Technik_Box_05_101_Produktbild\" \/>                                    <h3>Filtre \u00e0 bande aspirante SAFI-C (filtre non-tiss\u00e9)<\/h3>\n                                    <div class=\"text\"><p>Le professionnel des plus gros d\u00e9bits. Des charges allant jusqu&rsquo;\u00e0 un maximum de 9 000 l\/min d&rsquo;\u00e9mulsion sont possibles sans probl\u00e8me. Fiable, durable et efficace, il remplit fid\u00e8lement ses fonctions.<br \/>\nLe syst\u00e8me de filtration pour les installations centralis\u00e9es qui alimentent des lignes de production compl\u00e8tes.<\/p>\n<\/div>\n                                     <div class=\"text-button\">\n                                        <a class=\"button\" href=\"https:\/\/polo-filter.avrio-web.de\/fr\/filtre-a-bande-aspirante-safi-c-filtre-non-tisse\/\">Plus<\/a>\n                                    <\/div>\n                                        <\/div>\n                               \n\n\n\n                        <\/div>  \n\n                    <\/div>  \n                                                           <div class=\"col-4 product-box\" data-aos=\"fade-up\">\n\n                            <div class=\"inner\"> \n\n                                \n                                  <div class=\"single-banner\">\n                                   <img loading=\"lazy\" decoding=\"async\" width=\"370\" height=\"285\" src=\"https:\/\/polo-filter.avrio-web.de\/wp-content\/uploads\/Vakuumfilter_SAFI_CE_POLO_Filter_Technik_Box_05_101_Produktbild.jpg\" class=\"attachment-post-thumbnail size-post-thumbnail wp-post-image\" alt=\"Vakuumfilter_SAFI_CE_POLO_Filter_Technik_Box_05_101_Produktbild\" srcset=\"https:\/\/polo-filter.avrio-web.de\/wp-content\/uploads\/Vakuumfilter_SAFI_CE_POLO_Filter_Technik_Box_05_101_Produktbild.jpg 370w, https:\/\/polo-filter.avrio-web.de\/wp-content\/uploads\/Vakuumfilter_SAFI_CE_POLO_Filter_Technik_Box_05_101_Produktbild-300x231.jpg 300w\" sizes=\"auto, (max-width: 370px) 100vw, 370px\" title=\"Vakuumfilter_SAFI_CE_POLO_Filter_Technik_Box_05_101_Produktbild\" \/>                                    <h3>Filtre \u00e0 bande aspirante SAFI-C (bande sans fin)<\/h3>\n                                    <div class=\"text\"><p>Le filtre \u00e0 vide pour les plus grands volumes d&rsquo;exploitation en version bande sans fin. Gr\u00e2ce \u00e0 la long\u00e9vit\u00e9 des bandes sans fin, il est fiable et consomme peu d&rsquo;auxiliaires de filtration. Des finesses de bande continues jusqu&rsquo;\u00e0 40 \u03bcm sont disponibles. En raison de sa robustesse et de sa long\u00e9vit\u00e9, il est utilis\u00e9 dans les installations centralis\u00e9es. Le professionnel des installations centralis\u00e9es.<\/p>\n<\/div>\n                                     <div class=\"text-button\">\n                                        <a class=\"button\" href=\"https:\/\/polo-filter.avrio-web.de\/fr\/filtre-a-bande-aspirante-safi-c-bande-sans-fin\/\">Plus<\/a>\n                                    <\/div>\n                                        <\/div>\n                               \n\n\n\n                        <\/div>  \n\n                    <\/div>  \n                                                           <div class=\"col-4 product-box\" data-aos=\"fade-up\">\n\n                            <div class=\"inner\"> \n\n                                \n                                  <div class=\"single-banner\">\n                                   <img loading=\"lazy\" decoding=\"async\" width=\"370\" height=\"285\" src=\"https:\/\/polo-filter.avrio-web.de\/wp-content\/uploads\/Vakuumfilter_SAFI_E_POLO_Filter_Technik_Box_05_101_Produktbild.jpg\" class=\"attachment-post-thumbnail size-post-thumbnail wp-post-image\" alt=\"Vakuumfilter_SAFI_E_POLO_Filter_Technik_Box_05_101_Produktbild\" srcset=\"https:\/\/polo-filter.avrio-web.de\/wp-content\/uploads\/Vakuumfilter_SAFI_E_POLO_Filter_Technik_Box_05_101_Produktbild.jpg 370w, https:\/\/polo-filter.avrio-web.de\/wp-content\/uploads\/Vakuumfilter_SAFI_E_POLO_Filter_Technik_Box_05_101_Produktbild-300x231.jpg 300w\" sizes=\"auto, (max-width: 370px) 100vw, 370px\" title=\"Vakuumfilter_SAFI_E_POLO_Filter_Technik_Box_05_101_Produktbild\" \/>                                    <h3>Filtre \u00e0 bande aspirante SAFI-E (filtre non-tiss\u00e9)<\/h3>\n                                    <div class=\"text\"><p>Le \u00ab favori \u00bb des ventes des filtres \u00e0 vide POLO. Avec un voile non-tiss\u00e9 de seulement 1 m\u00e8tre de large, il est peu encombrant et trouve son application dans le traitement des m\u00e9taux, en particulier dans les applications d&rsquo;\u00e9mulsion et d&rsquo;huile. En tant que filtre non tiss\u00e9, il peut \u00eatre utilis\u00e9 de mani\u00e8re polyvalente avec diff\u00e9rentes finesses.<\/p>\n<\/div>\n                                     <div class=\"text-button\">\n                                        <a class=\"button\" href=\"https:\/\/polo-filter.avrio-web.de\/fr\/filtre-a-bande-aspirante-safi-e-filtre-non-tisse\/\">Plus<\/a>\n                                    <\/div>\n                                        <\/div>\n                               \n\n\n\n                        <\/div>  \n\n                    <\/div>  \n                                                           <div class=\"col-4 product-box\" data-aos=\"fade-up\">\n\n                            <div class=\"inner\"> \n\n                                \n                                  <div class=\"single-banner\">\n                                   <img loading=\"lazy\" decoding=\"async\" width=\"370\" height=\"285\" src=\"https:\/\/polo-filter.avrio-web.de\/wp-content\/uploads\/Vakuumfilter_SAFI_EE_POLO_Filter_Technik_Box_05_101_Produktbild.jpg\" class=\"attachment-post-thumbnail size-post-thumbnail wp-post-image\" alt=\"Vakuumfilter_SAFI_EE_POLO_Filter_Technik_Box_05_101_Produktbild\" srcset=\"https:\/\/polo-filter.avrio-web.de\/wp-content\/uploads\/Vakuumfilter_SAFI_EE_POLO_Filter_Technik_Box_05_101_Produktbild.jpg 370w, https:\/\/polo-filter.avrio-web.de\/wp-content\/uploads\/Vakuumfilter_SAFI_EE_POLO_Filter_Technik_Box_05_101_Produktbild-300x231.jpg 300w\" sizes=\"auto, (max-width: 370px) 100vw, 370px\" title=\"Vakuumfilter_SAFI_EE_POLO_Filter_Technik_Box_05_101_Produktbild\" \/>                                    <h3>Filtre \u00e0 bande aspirante SAFI-E (bande sans fin)<\/h3>\n                                    <div class=\"text\"><p>Ce filtre \u00e0 vide de POLO fonctionne sans non-tiss\u00e9. Avec une largeur de bande continue de seulement 1 m\u00e8tre, il construit en \u00e9conomisant de l&rsquo;espace. Des finesses de bande continues jusqu&rsquo;\u00e0 40 \u03bcm sont disponibles. Le principal domaine d&rsquo;application est la fabrication par enl\u00e8vement de copeaux, en particulier les processus de rectification.<\/p>\n<\/div>\n                                     <div class=\"text-button\">\n                                        <a class=\"button\" href=\"https:\/\/polo-filter.avrio-web.de\/fr\/filtre-a-bande-aspirante-safi-e-bande-sans-fin\/\">Plus<\/a>\n                                    <\/div>\n                                        <\/div>\n                               \n\n\n\n                        <\/div>  \n\n                    <\/div>  \n                                                           <div class=\"col-4 product-box\" data-aos=\"fade-up\">\n\n                            <div class=\"inner\"> \n\n                                \n                                  <div class=\"single-banner\">\n                                   <img loading=\"lazy\" decoding=\"async\" width=\"370\" height=\"285\" src=\"https:\/\/polo-filter.avrio-web.de\/wp-content\/uploads\/Vakuumfilter_SAFI_T_POLO_Filter_Technik_Box_05_101_Produktbild.jpg\" class=\"attachment-post-thumbnail size-post-thumbnail wp-post-image\" alt=\"Vakuumfilter_SAFI_T_POLO_Filter_Technik_Box_05_101_Produktbild\" srcset=\"https:\/\/polo-filter.avrio-web.de\/wp-content\/uploads\/Vakuumfilter_SAFI_T_POLO_Filter_Technik_Box_05_101_Produktbild.jpg 370w, https:\/\/polo-filter.avrio-web.de\/wp-content\/uploads\/Vakuumfilter_SAFI_T_POLO_Filter_Technik_Box_05_101_Produktbild-300x231.jpg 300w\" sizes=\"auto, (max-width: 370px) 100vw, 370px\" title=\"Vakuumfilter_SAFI_T_POLO_Filter_Technik_Box_05_101_Produktbild\" \/>                                    <h3>Filtre \u00e0 bande aspirante SAFI-T (filtre non-tiss\u00e9)<\/h3>\n                                    <div class=\"text\"><p>Le filtre \u00e0 tambour POLO dans sa version sous vide. Peu encombrant et tr\u00e8s efficace. Utilisable jusqu&rsquo;\u00e0 un maximum de 1 300 l\/min d&rsquo;huile de forage profond. Le sp\u00e9cialiste des huiles \u00e0 haute viscosit\u00e9 (rouleaux, presses). Utilisable de mani\u00e8re polyvalente avec diff\u00e9rents non-tiss\u00e9s.<\/p>\n<\/div>\n                                     <div class=\"text-button\">\n                                        <a class=\"button\" href=\"https:\/\/polo-filter.avrio-web.de\/fr\/filtre-a-bande-aspirante-safi-t-filtre-non-tisse\/\">Plus<\/a>\n                                    <\/div>\n                                        <\/div>\n                               \n\n\n\n                        <\/div>  \n\n                    <\/div>  \n                                                                             <\/div>\n\n            <\/div>\n        <\/div>\n\n\n    <\/div>\n<\/div>\n\n\n","protected":false},"excerpt":{"rendered":"","protected":false},"author":5,"featured_media":0,"parent":0,"menu_order":53,"comment_status":"closed","ping_status":"closed","template":"","meta":{"_acf_changed":false,"footnotes":""},"class_list":["post-17317","page","type-page","status-publish","hentry"],"acf":[],"yoast_head":"<!-- This site is optimized with the Yoast SEO plugin v25.8 - https:\/\/yoast.com\/wordpress\/plugins\/seo\/ -->\n<title>Vakuumfilter \/ Unterdruckfilter (FR) - POLO Filter-Technik<\/title>\n<meta name=\"robots\" content=\"index, follow, max-snippet:-1, max-image-preview:large, max-video-preview:-1\" \/>\n<link rel=\"canonical\" href=\"https:\/\/polo-filter.avrio-web.de\/fr\/filtre-a-vide-filtre-a-depression\/\" \/>\n<meta property=\"og:locale\" content=\"fr_FR\" \/>\n<meta property=\"og:type\" content=\"article\" \/>\n<meta property=\"og:title\" content=\"Vakuumfilter \/ Unterdruckfilter (FR) - POLO Filter-Technik\" \/>\n<meta property=\"og:url\" content=\"https:\/\/polo-filter.avrio-web.de\/fr\/filtre-a-vide-filtre-a-depression\/\" \/>\n<meta property=\"og:site_name\" content=\"POLO Filter-Technik\" \/>\n<meta property=\"article:modified_time\" content=\"2024-04-05T09:09:07+00:00\" \/>\n<meta name=\"twitter:card\" content=\"summary_large_image\" \/>\n<script type=\"application\/ld+json\" class=\"yoast-schema-graph\">{\"@context\":\"https:\/\/schema.org\",\"@graph\":[{\"@type\":\"WebPage\",\"@id\":\"https:\/\/polo-filter.avrio-web.de\/fr\/filtre-a-vide-filtre-a-depression\/\",\"url\":\"https:\/\/polo-filter.avrio-web.de\/fr\/filtre-a-vide-filtre-a-depression\/\",\"name\":\"Vakuumfilter \/ Unterdruckfilter (FR) - POLO Filter-Technik\",\"isPartOf\":{\"@id\":\"https:\/\/polo-filter.avrio-web.de\/fr\/#website\"},\"datePublished\":\"2024-03-01T10:24:22+00:00\",\"dateModified\":\"2024-04-05T09:09:07+00:00\",\"breadcrumb\":{\"@id\":\"https:\/\/polo-filter.avrio-web.de\/fr\/filtre-a-vide-filtre-a-depression\/#breadcrumb\"},\"inLanguage\":\"fr-FR\",\"potentialAction\":[{\"@type\":\"ReadAction\",\"target\":[\"https:\/\/polo-filter.avrio-web.de\/fr\/filtre-a-vide-filtre-a-depression\/\"]}]},{\"@type\":\"BreadcrumbList\",\"@id\":\"https:\/\/polo-filter.avrio-web.de\/fr\/filtre-a-vide-filtre-a-depression\/#breadcrumb\",\"itemListElement\":[{\"@type\":\"ListItem\",\"position\":1,\"name\":\"Startseite\",\"item\":\"https:\/\/polo-filter.avrio-web.de\/fr\/\"},{\"@type\":\"ListItem\",\"position\":2,\"name\":\"Vakuumfilter \/ Unterdruckfilter (FR)\"}]},{\"@type\":\"WebSite\",\"@id\":\"https:\/\/polo-filter.avrio-web.de\/fr\/#website\",\"url\":\"https:\/\/polo-filter.avrio-web.de\/fr\/\",\"name\":\"POLO Filter-Technik\",\"description\":\"Filteranlagen nach Mass\",\"potentialAction\":[{\"@type\":\"SearchAction\",\"target\":{\"@type\":\"EntryPoint\",\"urlTemplate\":\"https:\/\/polo-filter.avrio-web.de\/fr\/?s={search_term_string}\"},\"query-input\":{\"@type\":\"PropertyValueSpecification\",\"valueRequired\":true,\"valueName\":\"search_term_string\"}}],\"inLanguage\":\"fr-FR\"}]}<\/script>\n<!-- \/ Yoast SEO plugin. -->","yoast_head_json":{"title":"Vakuumfilter \/ Unterdruckfilter (FR) - POLO Filter-Technik","robots":{"index":"index","follow":"follow","max-snippet":"max-snippet:-1","max-image-preview":"max-image-preview:large","max-video-preview":"max-video-preview:-1"},"canonical":"https:\/\/polo-filter.avrio-web.de\/fr\/filtre-a-vide-filtre-a-depression\/","og_locale":"fr_FR","og_type":"article","og_title":"Vakuumfilter \/ Unterdruckfilter (FR) - POLO Filter-Technik","og_url":"https:\/\/polo-filter.avrio-web.de\/fr\/filtre-a-vide-filtre-a-depression\/","og_site_name":"POLO Filter-Technik","article_modified_time":"2024-04-05T09:09:07+00:00","twitter_card":"summary_large_image","schema":{"@context":"https:\/\/schema.org","@graph":[{"@type":"WebPage","@id":"https:\/\/polo-filter.avrio-web.de\/fr\/filtre-a-vide-filtre-a-depression\/","url":"https:\/\/polo-filter.avrio-web.de\/fr\/filtre-a-vide-filtre-a-depression\/","name":"Vakuumfilter \/ Unterdruckfilter (FR) - POLO Filter-Technik","isPartOf":{"@id":"https:\/\/polo-filter.avrio-web.de\/fr\/#website"},"datePublished":"2024-03-01T10:24:22+00:00","dateModified":"2024-04-05T09:09:07+00:00","breadcrumb":{"@id":"https:\/\/polo-filter.avrio-web.de\/fr\/filtre-a-vide-filtre-a-depression\/#breadcrumb"},"inLanguage":"fr-FR","potentialAction":[{"@type":"ReadAction","target":["https:\/\/polo-filter.avrio-web.de\/fr\/filtre-a-vide-filtre-a-depression\/"]}]},{"@type":"BreadcrumbList","@id":"https:\/\/polo-filter.avrio-web.de\/fr\/filtre-a-vide-filtre-a-depression\/#breadcrumb","itemListElement":[{"@type":"ListItem","position":1,"name":"Startseite","item":"https:\/\/polo-filter.avrio-web.de\/fr\/"},{"@type":"ListItem","position":2,"name":"Vakuumfilter \/ Unterdruckfilter (FR)"}]},{"@type":"WebSite","@id":"https:\/\/polo-filter.avrio-web.de\/fr\/#website","url":"https:\/\/polo-filter.avrio-web.de\/fr\/","name":"POLO Filter-Technik","description":"Filteranlagen nach Mass","potentialAction":[{"@type":"SearchAction","target":{"@type":"EntryPoint","urlTemplate":"https:\/\/polo-filter.avrio-web.de\/fr\/?s={search_term_string}"},"query-input":{"@type":"PropertyValueSpecification","valueRequired":true,"valueName":"search_term_string"}}],"inLanguage":"fr-FR"}]}},"_links":{"self":[{"href":"https:\/\/polo-filter.avrio-web.de\/fr\/wp-json\/wp\/v2\/pages\/17317","targetHints":{"allow":["GET"]}}],"collection":[{"href":"https:\/\/polo-filter.avrio-web.de\/fr\/wp-json\/wp\/v2\/pages"}],"about":[{"href":"https:\/\/polo-filter.avrio-web.de\/fr\/wp-json\/wp\/v2\/types\/page"}],"author":[{"embeddable":true,"href":"https:\/\/polo-filter.avrio-web.de\/fr\/wp-json\/wp\/v2\/users\/5"}],"replies":[{"embeddable":true,"href":"https:\/\/polo-filter.avrio-web.de\/fr\/wp-json\/wp\/v2\/comments?post=17317"}],"version-history":[{"count":4,"href":"https:\/\/polo-filter.avrio-web.de\/fr\/wp-json\/wp\/v2\/pages\/17317\/revisions"}],"predecessor-version":[{"id":17650,"href":"https:\/\/polo-filter.avrio-web.de\/fr\/wp-json\/wp\/v2\/pages\/17317\/revisions\/17650"}],"wp:attachment":[{"href":"https:\/\/polo-filter.avrio-web.de\/fr\/wp-json\/wp\/v2\/media?parent=17317"}],"curies":[{"name":"wp","href":"https:\/\/api.w.org\/{rel}","templated":true}]}}