{"id":17302,"date":"2024-03-01T11:14:34","date_gmt":"2024-03-01T10:14:34","guid":{"rendered":"https:\/\/polo-filter.avrio-web.de\/?page_id=17302"},"modified":"2024-03-08T11:14:16","modified_gmt":"2024-03-08T10:14:16","slug":"filtre-a-bande-filtre-compact","status":"publish","type":"page","link":"https:\/\/polo-filter.avrio-web.de\/fr\/filtre-a-bande-filtre-compact\/","title":{"rendered":"Bandfilter \/ Kompaktfilter (FR)"},"content":{"rendered":"\n    \n                                                 <div class=\"heroimage container\" style=\"height:650px;background-image: url(https:\/\/polo-filter.avrio-web.de\/wp-content\/uploads\/Bandfilter_Kompaktfilter_POLO_Filter_Technik_Kopfbild_650px_101-1.jpg);background-repeat: no-repeat;background-size: contain;background-position: center \">\n                    \t<img decoding=\"async\" src=\"https:\/\/polo-filter.avrio-web.de\/wp-content\/uploads\/Bandfilter_Kompaktfilter_POLO_Filter_Technik_Kopfbild_650px_101-1.jpg\" style=\"visibility: hidden;\" \/>\n\n                <\/div>\n                  \n\n\n        <div class=\"flexible-content acf-content standard\" id=\"block_d7afafb73f97350a1545d162ad9eea9b\" style=\"background-color: transparent\">\n        <div class=\"flexible-content-inner container\" >\n            <div id=\"dynamiccontent\" class=\"flexible-item-wrapper\">\n               \n                <div class=\" flexible-items\" >\n                    <div class=\"row\">\n                                                   \n                                                            <div class=\"col-lg  flexible-item flex-text\">\n                                   <div class=\"inner\">\n                                       <h1>Filtre \u00e0 bande, filtre compact, filtre \u00e0 gravit\u00e9<\/h1>\n<h2>Aper\u00e7u du filtre \u00e0 bande, du filtre compact et du filtre \u00e0 gravit\u00e9<\/h2>\n<h3>Filtre \u00e0 bande \/ filtre compact<\/h3>\n<p>Ces syst\u00e8mes de filtration sont tr\u00e8s r\u00e9pandus et se sont impos\u00e9s sur le march\u00e9 au fil des ann\u00e9es. Une auge con\u00e7ue de mani\u00e8re constructive et rev\u00eatue de l&rsquo;auxiliaire de filtration (non-tiss\u00e9 filtrant, bande sans fin) permet d&rsquo;atteindre des d\u00e9bits \u00e9lev\u00e9s avec une petite surface de filtration.<\/p>\n<p>&nbsp;<\/p>\n<div class=\"PlainText PlainTextLink\">\n<p><strong>Avantages du filtre \u00e0 bande \/ filtre compact<\/strong><\/p>\n<ul>\n<li>Durable<\/li>\n<li>Capacit\u00e9 de rendement \u00e9lev\u00e9e (l\/min)<\/li>\n<li>Besoin r\u00e9duit d&rsquo;espace<\/li>\n<li>Maintenance faible<\/li>\n<li>Co\u00fbts d&rsquo;investissement faibles<\/li>\n<\/ul>\n<p><strong>Domaines d&rsquo;application des filtres \u00e0 bande \/ filtres compacts<\/strong><br \/>\nPour l&rsquo;alimentation de machines individuelles et de groupes de machines<\/p>\n<p>&nbsp;<\/p>\n<h3>Filtre \u00e0 gravit\u00e9 (filtre plan)<\/h3>\n<p>Une construction plate permet une alimentation directe par gravit\u00e9. Ces syst\u00e8mes de filtration peuvent \u00eatre plac\u00e9s directement sous la sortie d&rsquo;une machine.<\/p>\n<p>&nbsp;<\/p>\n<div class=\"PlainText PlainTextLink\">\n<p><strong>Avantages des filtres \u00e0 gravit\u00e9 (filtres plans)<\/strong><\/p>\n<ul>\n<li>Entr\u00e9e directe<\/li>\n<li>Conception simple et robuste<\/li>\n<li>Co\u00fbts d&rsquo;investissement faibles<\/li>\n<li>Maintenance faible<\/li>\n<\/ul>\n<p><strong>Domaines d&rsquo;application des filtres \u00e0 gravit\u00e9 (filtres plans)<\/strong><br \/>\nPour l&rsquo;alimentation de machines individuelles<\/p>\n<\/div>\n<\/div>\n<div class=\"ClearBoth\"><\/div>\n                                   <\/div>\n                                <\/div>\n                                                                        <\/div>\n                <\/div>\n            <\/div>\n        <\/div>\n    <\/div>\n\n\n\n        <div id=\"product\" class=\"flexible-content acf-content\" style=\"background-color: transparent;\">\n        <div class=\"flexible-content-inner\">\n            <div class=\"flexible-item-wrapper\">\n\n\n\n                <div class=\"container flexible-items\">\n                    <div class=\"row\">\n                                                                                          <div class=\"col-4 product-box\" data-aos=\"fade-up\">\n\n                            <div class=\"inner\"> \n\n                                \n                                  <div class=\"single-banner\">\n                                   <img loading=\"lazy\" decoding=\"async\" width=\"370\" height=\"285\" src=\"https:\/\/polo-filter.avrio-web.de\/wp-content\/uploads\/Schwerkraftfilter_SKF_POLO_Filter_Technik_Box_05_103_Produktbild.jpg\" class=\"attachment-post-thumbnail size-post-thumbnail wp-post-image\" alt=\"Schwerkraftfilter_SKF_POLO_Filter_Technik_Box_05_103_Produktbild\" srcset=\"https:\/\/polo-filter.avrio-web.de\/wp-content\/uploads\/Schwerkraftfilter_SKF_POLO_Filter_Technik_Box_05_103_Produktbild.jpg 370w, https:\/\/polo-filter.avrio-web.de\/wp-content\/uploads\/Schwerkraftfilter_SKF_POLO_Filter_Technik_Box_05_103_Produktbild-300x231.jpg 300w\" sizes=\"auto, (max-width: 370px) 100vw, 370px\" title=\"Schwerkraftfilter_SKF_POLO_Filter_Technik_Box_05_103_Produktbild\" \/>                                    <h3>Filtre \u00e0 gravit\u00e9 SKF (filtre non-tiss\u00e9)<\/h3>\n                                    <div class=\"text\"><p>La conception du SKF de POLO est extr\u00eamement plate. L&rsquo;alimentation du liquide par gravit\u00e9 est possible. Facile \u00e0 installer, \u00e0 moindre effort.<\/p>\n<\/div>\n                                     <div class=\"text-button\">\n                                        <a class=\"button\" href=\"https:\/\/polo-filter.avrio-web.de\/fr\/filtre-a-gravite-skf-filtre-non-tisse\/\">Plus<\/a>\n                                    <\/div>\n                                        <\/div>\n                               \n\n\n\n                        <\/div>  \n\n                    <\/div>  \n                                                           <div class=\"col-4 product-box\" data-aos=\"fade-up\">\n\n                            <div class=\"inner\"> \n\n                                \n                                  <div class=\"single-banner\">\n                                   <img loading=\"lazy\" decoding=\"async\" width=\"370\" height=\"285\" src=\"https:\/\/polo-filter.avrio-web.de\/wp-content\/uploads\/Schraegbettfilter_SB_POLO_Filter_Technik_Box_05_102_Produktbild-1.jpg\" class=\"attachment-post-thumbnail size-post-thumbnail wp-post-image\" alt=\"Schraegbettfilter_SB_POLO_Filter_Technik_Box_05_102_Produktbild\" srcset=\"https:\/\/polo-filter.avrio-web.de\/wp-content\/uploads\/Schraegbettfilter_SB_POLO_Filter_Technik_Box_05_102_Produktbild-1.jpg 370w, https:\/\/polo-filter.avrio-web.de\/wp-content\/uploads\/Schraegbettfilter_SB_POLO_Filter_Technik_Box_05_102_Produktbild-1-300x231.jpg 300w\" sizes=\"auto, (max-width: 370px) 100vw, 370px\" title=\"Schraegbettfilter_SB_POLO_Filter_Technik_Box_05_102_Produktbild\" \/>                                    <h3>Filtre \u00e0 plateau inclin\u00e9 SB (filtre non-tiss\u00e9)<\/h3>\n                                    <div class=\"text\"><p>Le \u00ab favori des ventes \u00bb de longue date de POLO. Lit filtrant profond, joint lat\u00e9ral pr\u00e9cis. Robuste en usage. Cha\u00eene de transport. Utilisation flexible.<\/p>\n<\/div>\n                                     <div class=\"text-button\">\n                                        <a class=\"button\" href=\"https:\/\/polo-filter.avrio-web.de\/fr\/filtre-a-plateau-incline-sb-filtre-non-tisse\/\">Plus<\/a>\n                                    <\/div>\n                                        <\/div>\n                               \n\n\n\n                        <\/div>  \n\n                    <\/div>  \n                                                           <div class=\"col-4 product-box\" data-aos=\"fade-up\">\n\n                            <div class=\"inner\"> \n\n                                \n                                  <div class=\"single-banner\">\n                                   <img loading=\"lazy\" decoding=\"async\" width=\"370\" height=\"285\" src=\"https:\/\/polo-filter.avrio-web.de\/wp-content\/uploads\/Schraegbettfilter_SBN_POLO_Filter_Technik_Box_05_103_Produktbild-1.jpg\" class=\"attachment-post-thumbnail size-post-thumbnail wp-post-image\" alt=\"Schraegbettfilter_SBN_POLO_Filter_Technik_Box_05_103_Produktbild\" srcset=\"https:\/\/polo-filter.avrio-web.de\/wp-content\/uploads\/Schraegbettfilter_SBN_POLO_Filter_Technik_Box_05_103_Produktbild-1.jpg 370w, https:\/\/polo-filter.avrio-web.de\/wp-content\/uploads\/Schraegbettfilter_SBN_POLO_Filter_Technik_Box_05_103_Produktbild-1-300x231.jpg 300w\" sizes=\"auto, (max-width: 370px) 100vw, 370px\" title=\"Schraegbettfilter_SBN_POLO_Filter_Technik_Box_05_103_Produktbild\" \/>                                    <h3>Filtre \u00e0 plan inclin\u00e9 SBN (filtre non-tiss\u00e9)<\/h3>\n                                    <div class=\"text\"><p>L&rsquo;\u00e9volution logique du filtre SB. Construit plus plat et est couvert sur demande. Acc\u00e8s facile pour les op\u00e9rations de maintenance.<\/p>\n<\/div>\n                                     <div class=\"text-button\">\n                                        <a class=\"button\" href=\"https:\/\/polo-filter.avrio-web.de\/fr\/filtre-a-plan-incline-sbn-filtre-non-tisse\/\">Plus<\/a>\n                                    <\/div>\n                                        <\/div>\n                               \n\n\n\n                        <\/div>  \n\n                    <\/div>  \n                                                           <div class=\"col-4 product-box\" data-aos=\"fade-up\">\n\n                            <div class=\"inner\"> \n\n                                \n                                  <div class=\"single-banner\">\n                                   <img loading=\"lazy\" decoding=\"async\" width=\"370\" height=\"285\" src=\"https:\/\/polo-filter.avrio-web.de\/wp-content\/uploads\/Schraegbettfilter_SBP_POLO_Filter_Technik_Box_05_101_Produktbild-3.jpg\" class=\"attachment-post-thumbnail size-post-thumbnail wp-post-image\" alt=\"Schraegbettfilter_SBP_POLO_Filter_Technik_Box_05_101_Produktbild\" srcset=\"https:\/\/polo-filter.avrio-web.de\/wp-content\/uploads\/Schraegbettfilter_SBP_POLO_Filter_Technik_Box_05_101_Produktbild-3.jpg 370w, https:\/\/polo-filter.avrio-web.de\/wp-content\/uploads\/Schraegbettfilter_SBP_POLO_Filter_Technik_Box_05_101_Produktbild-3-300x231.jpg 300w\" sizes=\"auto, (max-width: 370px) 100vw, 370px\" title=\"Schraegbettfilter_SBP_POLO_Filter_Technik_Box_05_101_Produktbild\" \/>                                    <h3>Filtre \u00e0 plan inclin\u00e9 SBP (filtre non-tiss\u00e9)<\/h3>\n                                    <div class=\"text\"><p>Le filtre \u00e0 plateau inclin\u00e9 peu encombrant. Dimensions d&rsquo;installation extr\u00eamement r\u00e9duites avec tous les avantages du filtre SB de POLO. Inclinaison optimale de la sortie, joint lat\u00e9ral propre.<\/p>\n<\/div>\n                                     <div class=\"text-button\">\n                                        <a class=\"button\" href=\"https:\/\/polo-filter.avrio-web.de\/fr\/filtre-a-plan-incline-sbp-filtre-non-tisse\/\">Plus<\/a>\n                                    <\/div>\n                                        <\/div>\n                               \n\n\n\n                        <\/div>  \n\n                    <\/div>  \n                                                           <div class=\"col-4 product-box\" data-aos=\"fade-up\">\n\n                            <div class=\"inner\"> \n\n                                \n                                  <div class=\"single-banner\">\n                                   <img loading=\"lazy\" decoding=\"async\" width=\"370\" height=\"285\" src=\"https:\/\/polo-filter.avrio-web.de\/wp-content\/uploads\/Schraegbettfilter_SBH_POLO_Filter_Technik_Box_05_102_Produktbild.jpg\" class=\"attachment-post-thumbnail size-post-thumbnail wp-post-image\" alt=\"Schraegbettfilter_SBH_POLO_Filter_Technik_Box_05_102_Produktbild\" srcset=\"https:\/\/polo-filter.avrio-web.de\/wp-content\/uploads\/Schraegbettfilter_SBH_POLO_Filter_Technik_Box_05_102_Produktbild.jpg 370w, https:\/\/polo-filter.avrio-web.de\/wp-content\/uploads\/Schraegbettfilter_SBH_POLO_Filter_Technik_Box_05_102_Produktbild-300x231.jpg 300w\" sizes=\"auto, (max-width: 370px) 100vw, 370px\" title=\"Schraegbettfilter_SBH_POLO_Filter_Technik_Box_05_102_Produktbild\" \/>                                    <h3>Filtre \u00e0 plateau inclin\u00e9 SBH (filtre non-tiss\u00e9)<\/h3>\n                                    <div class=\"text\"><p>Le grand filtre \u00ab oblique \u00bb de POLO. Des d\u00e9bits importants, avec des dimensions d&rsquo;installation r\u00e9duites. Disponible avec des non-tiss\u00e9s de diff\u00e9rents types.<\/p>\n<\/div>\n                                     <div class=\"text-button\">\n                                        <a class=\"button\" href=\"https:\/\/polo-filter.avrio-web.de\/fr\/filtre-a-plateau-incline-sbh-filtre-non-tisse\/\">Plus<\/a>\n                                    <\/div>\n                                        <\/div>\n                               \n\n\n\n                        <\/div>  \n\n                    <\/div>  \n                                                           <div class=\"col-4 product-box\" data-aos=\"fade-up\">\n\n                            <div class=\"inner\"> \n\n                                \n                                  <div class=\"single-banner\">\n                                   <img loading=\"lazy\" decoding=\"async\" width=\"370\" height=\"285\" src=\"https:\/\/polo-filter.avrio-web.de\/wp-content\/uploads\/Schraegbettfilter_SBEH_POLO_Filter_Technik_Box_05_102_Produktbild.jpg\" class=\"attachment-post-thumbnail size-post-thumbnail wp-post-image\" alt=\"Schraegbettfilter_SBEH_POLO_Filter_Technik_Box_05_102_Produktbild\" srcset=\"https:\/\/polo-filter.avrio-web.de\/wp-content\/uploads\/\/Schraegbettfilter_SBEH_POLO_Filter_Technik_Box_05_102_Produktbild.jpg 370w, https:\/\/polo-filter.avrio-web.de\/wp-content\/uploads\/\/Schraegbettfilter_SBEH_POLO_Filter_Technik_Box_05_102_Produktbild-300x231.jpg 300w\" sizes=\"auto, (max-width: 370px) 100vw, 370px\" title=\"Schraegbettfilter_SBEH_POLO_Filter_Technik_Box_05_102_Produktbild\" \/>                                    <h3>Filtre \u00e0 plateau inclin\u00e9 SBEH (bande sans fin)<\/h3>\n                                    <div class=\"text\"><p>Ce filtre \u00e0 bande continue permet de traiter de grands d\u00e9bits. Un lit filtrant inclin\u00e9, des joints optimaux, une conception durable. Ce filtre est \u00e9galement disponible en diff\u00e9rentes tailles.<\/p>\n<\/div>\n                                     <div class=\"text-button\">\n                                        <a class=\"button\" href=\"https:\/\/polo-filter.avrio-web.de\/fr\/filtre-a-plateau-incline-sbeh-bande-sans-fin\/\">Plus<\/a>\n                                    <\/div>\n                                        <\/div>\n                               \n\n\n\n                        <\/div>  \n\n                    <\/div>  \n                                                           <div class=\"col-4 product-box\" data-aos=\"fade-up\">\n\n                            <div class=\"inner\"> \n\n                                \n                                  <div class=\"single-banner\">\n                                   <img loading=\"lazy\" decoding=\"async\" width=\"370\" height=\"285\" src=\"https:\/\/polo-filter.avrio-web.de\/wp-content\/uploads\/Schraegbettfilter_SBT_POLO_Filter_Technik_Box_05_101_Produktbild.jpg\" class=\"attachment-post-thumbnail size-post-thumbnail wp-post-image\" alt=\"Schraegbettfilter_SBT_POLO_Filter_Technik_Box_05_101_Produktbild\" srcset=\"https:\/\/polo-filter.avrio-web.de\/wp-content\/uploads\/Schraegbettfilter_SBT_POLO_Filter_Technik_Box_05_101_Produktbild.jpg 370w, https:\/\/polo-filter.avrio-web.de\/wp-content\/uploads\/Schraegbettfilter_SBT_POLO_Filter_Technik_Box_05_101_Produktbild-300x231.jpg 300w\" sizes=\"auto, (max-width: 370px) 100vw, 370px\" title=\"Schraegbettfilter_SBT_POLO_Filter_Technik_Box_05_101_Produktbild\" \/>                                    <h3>Filtre \u00e0 plateau inclin\u00e9 SBT (filtre non-tiss\u00e9)<\/h3>\n                                    <div class=\"text\"><p>Compact, encapsul\u00e9, facile d&rsquo;acc\u00e8s et robuste. La technologie du filtre SB a \u00e9t\u00e9 fa\u00e7onn\u00e9e ici dans un design moderne avec un r\u00e9servoir int\u00e9gr\u00e9.<\/p>\n<\/div>\n                                     <div class=\"text-button\">\n                                        <a class=\"button\" href=\"https:\/\/polo-filter.avrio-web.de\/fr\/filtre-a-plateau-incline-sbt-filtre-non-tisse\/\">Plus<\/a>\n                                    <\/div>\n                                        <\/div>\n                               \n\n\n\n                        <\/div>  \n\n                    <\/div>  \n                                                                             <\/div>\n\n            <\/div>\n        <\/div>\n\n\n    <\/div>\n<\/div>\n\n\n\n\n     \n<div id=\"Video\" class=\"video flexible-content\" style=\"background-color: transparent;\">\n    <div class=\"flexible-content-inner container\">\n             <div class=\"container intro-text\" style=\"background-color: transparent\">\n                        <div class=\"row justify-content-center\">\n                            <div class=\"col-lg text\">\n                                <p style=\"font-size: 24px; color: #0064ad;font-weight: bold;\">Fonctionnement des filtres \u00e0 bande \/ filtres \u00e0 gravit\u00e9<\/p>\n                            <\/div>\n                        <\/div>\n                    <\/div>                    <div id=\"video-iframe\" class=\"container\" style=\"background-color: transparent; position: relative\">\n                         <div class=\"BorlabsCookie _brlbs-cb-youtube\"><div class=\"_brlbs-content-blocker\"> <div class=\"_brlbs-embed _brlbs-video-youtube\"> <img decoding=\"async\" class=\"_brlbs-thumbnail\" src=\"https:\/\/polo-filter.avrio-web.de\/wp-content\/plugins\/borlabs-cookie\/assets\/images\/cb-no-thumbnail.png\" alt=\"YouTube\"> <div class=\"_brlbs-caption\"> <p>En chargeant le message, vous acceptez la politique de confidentialit\u00e9 de YouTube.<br><a href=\"https:\/\/policies.google.com\/privacy\" target=\"_blank\" rel=\"nofollow noopener noreferrer\">En savoir plus<\/a><\/p> <p><a class=\"_brlbs-btn _brlbs-icon-play-white\" href=\"#\" data-borlabs-cookie-unblock role=\"button\">Charger le message<\/a><\/p> <p><label><input type=\"checkbox\" name=\"unblockAll\" value=\"1\" checked> <small>Toujours d\u00e9verrouiller les messages<\/small><\/label><\/p> <\/div> <\/div> <\/div><div class=\"borlabs-hide\" data-borlabs-cookie-type=\"content-blocker\" data-borlabs-cookie-id=\"youtube\"><script type=\"text\/template\">PGlmcmFtZSB0aXRsZT0iRnVua3Rpb24gZWluZXMgVmxpZXNmaWx0ZXJzIiB3aWR0aD0iNzExIiBoZWlnaHQ9IjQwMCIgc3JjPSJodHRwczovL3d3dy55b3V0dWJlLW5vY29va2llLmNvbS9lbWJlZC9TeUJSQklkTFlSaz9mZWF0dXJlPW9lbWJlZCIgZnJhbWVib3JkZXI9IjAiIGFsbG93PSJhY2NlbGVyb21ldGVyOyBhdXRvcGxheTsgY2xpcGJvYXJkLXdyaXRlOyBlbmNyeXB0ZWQtbWVkaWE7IGd5cm9zY29wZTsgcGljdHVyZS1pbi1waWN0dXJlOyB3ZWItc2hhcmUiIHJlZmVycmVycG9saWN5PSJzdHJpY3Qtb3JpZ2luLXdoZW4tY3Jvc3Mtb3JpZ2luIiBhbGxvd2Z1bGxzY3JlZW4+PC9pZnJhbWU+<\/script><\/div><\/div>                    <\/div> \n    <\/div>\n\n\n<\/div>\n","protected":false},"excerpt":{"rendered":"","protected":false},"author":5,"featured_media":0,"parent":0,"menu_order":85,"comment_status":"closed","ping_status":"closed","template":"","meta":{"_acf_changed":false,"footnotes":""},"class_list":["post-17302","page","type-page","status-publish","hentry"],"acf":[],"yoast_head":"<!-- This site is optimized with the Yoast SEO plugin v25.8 - https:\/\/yoast.com\/wordpress\/plugins\/seo\/ -->\n<title>Bandfilter \/ Kompaktfilter (FR) - POLO Filter-Technik<\/title>\n<meta name=\"robots\" content=\"index, follow, max-snippet:-1, max-image-preview:large, max-video-preview:-1\" \/>\n<link rel=\"canonical\" href=\"https:\/\/polo-filter.avrio-web.de\/fr\/filtre-a-bande-filtre-compact\/\" \/>\n<meta property=\"og:locale\" content=\"fr_FR\" \/>\n<meta property=\"og:type\" content=\"article\" \/>\n<meta property=\"og:title\" content=\"Bandfilter \/ Kompaktfilter (FR) - POLO Filter-Technik\" \/>\n<meta property=\"og:url\" content=\"https:\/\/polo-filter.avrio-web.de\/fr\/filtre-a-bande-filtre-compact\/\" \/>\n<meta property=\"og:site_name\" content=\"POLO Filter-Technik\" \/>\n<meta property=\"article:modified_time\" content=\"2024-03-08T10:14:16+00:00\" \/>\n<meta name=\"twitter:card\" content=\"summary_large_image\" \/>\n<script type=\"application\/ld+json\" class=\"yoast-schema-graph\">{\"@context\":\"https:\/\/schema.org\",\"@graph\":[{\"@type\":\"WebPage\",\"@id\":\"https:\/\/polo-filter.avrio-web.de\/fr\/filtre-a-bande-filtre-compact\/\",\"url\":\"https:\/\/polo-filter.avrio-web.de\/fr\/filtre-a-bande-filtre-compact\/\",\"name\":\"Bandfilter \/ Kompaktfilter (FR) - POLO Filter-Technik\",\"isPartOf\":{\"@id\":\"https:\/\/polo-filter.avrio-web.de\/fr\/#website\"},\"datePublished\":\"2024-03-01T10:14:34+00:00\",\"dateModified\":\"2024-03-08T10:14:16+00:00\",\"breadcrumb\":{\"@id\":\"https:\/\/polo-filter.avrio-web.de\/fr\/filtre-a-bande-filtre-compact\/#breadcrumb\"},\"inLanguage\":\"fr-FR\",\"potentialAction\":[{\"@type\":\"ReadAction\",\"target\":[\"https:\/\/polo-filter.avrio-web.de\/fr\/filtre-a-bande-filtre-compact\/\"]}]},{\"@type\":\"BreadcrumbList\",\"@id\":\"https:\/\/polo-filter.avrio-web.de\/fr\/filtre-a-bande-filtre-compact\/#breadcrumb\",\"itemListElement\":[{\"@type\":\"ListItem\",\"position\":1,\"name\":\"Startseite\",\"item\":\"https:\/\/polo-filter.avrio-web.de\/fr\/\"},{\"@type\":\"ListItem\",\"position\":2,\"name\":\"Bandfilter \/ Kompaktfilter (FR)\"}]},{\"@type\":\"WebSite\",\"@id\":\"https:\/\/polo-filter.avrio-web.de\/fr\/#website\",\"url\":\"https:\/\/polo-filter.avrio-web.de\/fr\/\",\"name\":\"POLO Filter-Technik\",\"description\":\"Filteranlagen nach Mass\",\"potentialAction\":[{\"@type\":\"SearchAction\",\"target\":{\"@type\":\"EntryPoint\",\"urlTemplate\":\"https:\/\/polo-filter.avrio-web.de\/fr\/?s={search_term_string}\"},\"query-input\":{\"@type\":\"PropertyValueSpecification\",\"valueRequired\":true,\"valueName\":\"search_term_string\"}}],\"inLanguage\":\"fr-FR\"}]}<\/script>\n<!-- \/ Yoast SEO plugin. -->","yoast_head_json":{"title":"Bandfilter \/ Kompaktfilter (FR) - POLO Filter-Technik","robots":{"index":"index","follow":"follow","max-snippet":"max-snippet:-1","max-image-preview":"max-image-preview:large","max-video-preview":"max-video-preview:-1"},"canonical":"https:\/\/polo-filter.avrio-web.de\/fr\/filtre-a-bande-filtre-compact\/","og_locale":"fr_FR","og_type":"article","og_title":"Bandfilter \/ Kompaktfilter (FR) - POLO Filter-Technik","og_url":"https:\/\/polo-filter.avrio-web.de\/fr\/filtre-a-bande-filtre-compact\/","og_site_name":"POLO Filter-Technik","article_modified_time":"2024-03-08T10:14:16+00:00","twitter_card":"summary_large_image","schema":{"@context":"https:\/\/schema.org","@graph":[{"@type":"WebPage","@id":"https:\/\/polo-filter.avrio-web.de\/fr\/filtre-a-bande-filtre-compact\/","url":"https:\/\/polo-filter.avrio-web.de\/fr\/filtre-a-bande-filtre-compact\/","name":"Bandfilter \/ Kompaktfilter (FR) - POLO Filter-Technik","isPartOf":{"@id":"https:\/\/polo-filter.avrio-web.de\/fr\/#website"},"datePublished":"2024-03-01T10:14:34+00:00","dateModified":"2024-03-08T10:14:16+00:00","breadcrumb":{"@id":"https:\/\/polo-filter.avrio-web.de\/fr\/filtre-a-bande-filtre-compact\/#breadcrumb"},"inLanguage":"fr-FR","potentialAction":[{"@type":"ReadAction","target":["https:\/\/polo-filter.avrio-web.de\/fr\/filtre-a-bande-filtre-compact\/"]}]},{"@type":"BreadcrumbList","@id":"https:\/\/polo-filter.avrio-web.de\/fr\/filtre-a-bande-filtre-compact\/#breadcrumb","itemListElement":[{"@type":"ListItem","position":1,"name":"Startseite","item":"https:\/\/polo-filter.avrio-web.de\/fr\/"},{"@type":"ListItem","position":2,"name":"Bandfilter \/ Kompaktfilter (FR)"}]},{"@type":"WebSite","@id":"https:\/\/polo-filter.avrio-web.de\/fr\/#website","url":"https:\/\/polo-filter.avrio-web.de\/fr\/","name":"POLO Filter-Technik","description":"Filteranlagen nach Mass","potentialAction":[{"@type":"SearchAction","target":{"@type":"EntryPoint","urlTemplate":"https:\/\/polo-filter.avrio-web.de\/fr\/?s={search_term_string}"},"query-input":{"@type":"PropertyValueSpecification","valueRequired":true,"valueName":"search_term_string"}}],"inLanguage":"fr-FR"}]}},"_links":{"self":[{"href":"https:\/\/polo-filter.avrio-web.de\/fr\/wp-json\/wp\/v2\/pages\/17302","targetHints":{"allow":["GET"]}}],"collection":[{"href":"https:\/\/polo-filter.avrio-web.de\/fr\/wp-json\/wp\/v2\/pages"}],"about":[{"href":"https:\/\/polo-filter.avrio-web.de\/fr\/wp-json\/wp\/v2\/types\/page"}],"author":[{"embeddable":true,"href":"https:\/\/polo-filter.avrio-web.de\/fr\/wp-json\/wp\/v2\/users\/5"}],"replies":[{"embeddable":true,"href":"https:\/\/polo-filter.avrio-web.de\/fr\/wp-json\/wp\/v2\/comments?post=17302"}],"version-history":[{"count":7,"href":"https:\/\/polo-filter.avrio-web.de\/fr\/wp-json\/wp\/v2\/pages\/17302\/revisions"}],"predecessor-version":[{"id":17463,"href":"https:\/\/polo-filter.avrio-web.de\/fr\/wp-json\/wp\/v2\/pages\/17302\/revisions\/17463"}],"wp:attachment":[{"href":"https:\/\/polo-filter.avrio-web.de\/fr\/wp-json\/wp\/v2\/media?parent=17302"}],"curies":[{"name":"wp","href":"https:\/\/api.w.org\/{rel}","templated":true}]}}