{"id":17209,"date":"2024-03-01T09:41:47","date_gmt":"2024-03-01T08:41:47","guid":{"rendered":"https:\/\/polo-filter.avrio-web.de\/?page_id=17209"},"modified":"2024-04-15T07:25:54","modified_gmt":"2024-04-15T05:25:54","slug":"maintenance","status":"publish","type":"page","link":"https:\/\/polo-filter.avrio-web.de\/fr\/maintenance\/","title":{"rendered":"Wartung (FR)"},"content":{"rendered":"\n    \n                                                 <div class=\"heroimage container\" style=\"height:650px;background-image: url(https:\/\/polo-filter.avrio-web.de\/wp-content\/uploads\/Wartung_POLO_Filter_Technik_Kopfbild_650px_101.jpg);background-repeat: no-repeat;background-size: contain;background-position: center \">\n                    \t<img decoding=\"async\" src=\"https:\/\/polo-filter.avrio-web.de\/wp-content\/uploads\/Wartung_POLO_Filter_Technik_Kopfbild_650px_101.jpg\" style=\"visibility: hidden;\" \/>\n\n                <\/div>\n                  \n\n\n        <div class=\"flexible-content acf-content standard\" id=\"block_cd381498747da895eab9125b6e7404a2\" style=\"background-color: transparent\">\n        <div class=\"flexible-content-inner container\" >\n            <div id=\"dynamiccontent\" class=\"flexible-item-wrapper\">\n               \n                <div class=\" flexible-items\" >\n                    <div class=\"row\">\n                                                   \n                                                            <div class=\"col-lg  flexible-item flex-text\">\n                                   <div class=\"inner\">\n                                       <h1>Maintenance<\/h1>\n<h2>Rapide et sans soucis<\/h2>\n                                   <\/div>\n                                <\/div>\n                                                                        <\/div>\n                <\/div>\n            <\/div>\n        <\/div>\n    <\/div>\n\n\n\n        <div id=\"bildnebentext\" class=\"flexible-content acf-content\"  style=\"background-color: transparent;\">\n        <div class=\"flexible-content-inner\">\n            <div class=\"flexible-item-wrapper\">\n\n                                                         \n                        <div class=\"container flexible-items\">\n                            <div class=\"row\">\n                                \n                                                                     <div class=\"col-lg  flexible-item flex-img \" data-aos=\"fade-up\">\n                                                                                     \t<div class=\"inner\" style=\"background-image: url(https:\/\/polo-filter.avrio-web.de\/wp-content\/uploads\/Wartung_POLO_Filter_Technik_Block_04_101.jpg)\"> \n                                                    <img decoding=\"async\" src=\"https:\/\/polo-filter.avrio-web.de\/wp-content\/uploads\/Wartung_POLO_Filter_Technik_Block_04_101.jpg\" style=\"visibility: hidden;\" \/>\n                                            \n                                        <\/div>  \n                                                                        <\/div>\n                                                                \n                                                                          <div class=\"col-lg  flexible-item flex-text grau\">\n                                           \n                                         <div class=\"inner  \" >\n                                         \t<div class=\"text\">\n                                         \t\t<h4><span style=\"color: #339966\"><strong>Maintenance pr\u00e9ventive<\/strong><\/span><\/h4>\n<p>Pour \u00e9viter les temps d&rsquo;arr\u00eat impr\u00e9vus, POLO vous propose des services pr\u00e9ventifs de haut niveau pour vos syst\u00e8mes de filtration.<br \/>\nTout comme une voiture, votre syst\u00e8me de filtration a besoin d&rsquo;un \u00ab Contr\u00f4le \u00bb r\u00e9gulier. Les garnitures d&rsquo;\u00e9tanch\u00e9it\u00e9 sont-elles encore en bon \u00e9tat, la cha\u00eene de support est-elle us\u00e9e ou existe-t-il d&rsquo;autres \u00e9l\u00e9ments qui pourraient compromettre le fonctionnement de votre syst\u00e8me de filtration ? Les temps d&rsquo;arr\u00eat g\u00e9n\u00e9ralis\u00e9s mettent la production en danger ! Nous effectuons bien entendu les travaux de maintenance pendant les heures de fermeture de votre entreprise ! Fiable et rapide !<\/p>\n                                         \t<\/div>\n                                         \t<div class=\"text-button\">\n                                         \t\t                                          \t<\/div>\n                                             \n                                             \n                                            \n                                        <\/div>\n                                    <\/div>\n                                                                                    <\/div>\n                    <\/div>\n\n                                     \n                        <div class=\"container flexible-items\">\n                            <div class=\"row\">\n                                \n                                                                          <div class=\"col-lg  flexible-item flex-text keine\">\n                                           \n                                         <div class=\"inner  \" >\n                                         \t<div class=\"text\">\n                                         \t\t<h4><strong>Maintenance<\/strong><\/h4>\n<p>L&rsquo;ex\u00e9cution de tous les travaux de maintenance fait \u00e9galement partie de notre gamme de services.<br \/>\nDe l&rsquo;inventaire aux travaux de maintenance et de r\u00e9paration, en passant par la d\u00e9termination et le<br \/>\ncalcul des intervalles de maintenance. Notre \u00e9quipe de service est \u00e0 votre disposition tout au long du<br \/>\nprocessus de maintenance.<\/p>\n<p>Plusieurs sites en Allemagne permettent \u00e0 nos \u00e9quipes de service de r\u00e9agir et d&rsquo;agir rapidement.<\/p>\n                                         \t<\/div>\n                                         \t<div class=\"text-button\">\n                                         \t\t                                          \t<\/div>\n                                             \n                                             \n                                            \n                                        <\/div>\n                                    <\/div>\n                                                            \n                                                                     <div class=\"col-lg  flexible-item flex-img \" data-aos=\"fade-up\">\n                                                                                     \t<div class=\"inner\" style=\"background-image: url(https:\/\/polo-filter.avrio-web.de\/wp-content\/uploads\/Wartung_POLO_Filter_Technik_Block_04_102.jpg)\"> \n                                                    <img decoding=\"async\" src=\"https:\/\/polo-filter.avrio-web.de\/wp-content\/uploads\/Wartung_POLO_Filter_Technik_Block_04_102.jpg\" style=\"visibility: hidden;\" \/>\n                                            \n                                        <\/div>  \n                                                                        <\/div>\n                                                                                        <\/div>\n                    <\/div>\n\n                                    <\/div>\n    <\/div>\n<\/div>\n\n\n\n        <div id=\"bildlinktextbutton\" class=\"flexible-content acf-content\"  style=\"background-color: #ececec;\">\n        <div class=\"flexible-content-inner\">\n            <div class=\"flexible-item-wrapper\">\n\n               \n                     \n                        <div class=\"container flexible-items\">\n                            <div class=\"row\">\n                                \n                                                                     <div class=\"col-lg  ja  flexible-item flex-img\" data-aos=\"fade-up\">\n                                        <div class=\"inner\"> \n                                            \n                                                                                            <div class=\"bild\">\n                                                    <img decoding=\"async\" src=\"https:\/\/polo-filter.avrio-web.de\/wp-content\/uploads\/Wartung_POLO_Filter_Technik_Block_01_101.jpg\" style=\"height: 100%; width: 100%; object-fit: cover;\" alt=\"Es wird ein Manometerhahn von einem Monteur eingedichtet. \" \/>\n                                                <\/div>  \n                                            <div class=\"hintergrund\" style=\"display: none\"><\/div>\n                                            <div class=\"bild-nein\" style=\"display: none\">\n\n                                                   \n   <img decoding=\"async\" src=\"https:\/\/polo-filter.avrio-web.de\/wp-content\/uploads\/Wartung_POLO_Filter_Technik_Block_01_101.jpg\" alt=\"Es wird ein Manometerhahn von einem Monteur eingedichtet. \" \/>\n                                            <\/div>\n\n                                            <div class=\"text\">\n                                                 <h3>Mise en service<\/h3>\n<p>Au cours d&rsquo;une mise en service, notre personnel exp\u00e9riment\u00e9 donnera \u00e0 vos employ\u00e9s une formation parfaite sur votre syst\u00e8me de filtration. Vos employ\u00e9s sont ainsi en mesure de d\u00e9tecter l&rsquo;usure ou les dysfonctionnements \u00e0 un stade pr\u00e9coce.<br \/>\nCela vous offre l&rsquo;avantage de prendre en compte les travaux li\u00e9s \u00e0 l&rsquo;entretien et \u00e0 la maintenance en temps r\u00e9el dans la planification de la production.<\/p>\n                                            <div class=\"text-button-bildlinktextbutton\">\n                                                \n                                             \n                                                <a class=\"button\" href=\"https:\/\/polo-filter.avrio-web.de\/fr\/formulaire-de-contact\/\" target=\"_self\">Aller au formulaire de contact<\/a>\n                                          \n                                            <\/div>\n                                                                                  <\/div> \n\n                                        <\/div>\n                                    <\/div>\n                                  \n                                                            \n                                                                     <div class=\"col-lg  ja  flexible-item flex-img\" data-aos=\"fade-up\">\n                                        <div class=\"inner\"> \n                                            \n                                                                                            <div class=\"bild\">\n                                                    <img decoding=\"async\" src=\"https:\/\/polo-filter.avrio-web.de\/wp-content\/uploads\/Wartung_POLO_Filter_Technik_01_102-scaled.jpg\" style=\"height: 100%; width: 100%; object-fit: cover;\" alt=\"Die POLO-App ist auf einem Smartphone ge\u00f6ffnet\" \/>\n                                                <\/div>  \n                                            <div class=\"hintergrund\" style=\"display: none\"><\/div>\n                                            <div class=\"bild-nein\" style=\"display: none\">\n\n                                                   \n   <img decoding=\"async\" src=\"https:\/\/polo-filter.avrio-web.de\/wp-content\/uploads\/Wartung_POLO_Filter_Technik_01_102-scaled.jpg\" alt=\"Die POLO-App ist auf einem Smartphone ge\u00f6ffnet\" \/>\n                                            <\/div>\n\n                                            <div class=\"text\">\n                                                 <h3>Effectuer soi-m\u00eame des travaux de maintenance<\/h3>\n<p>Qu&rsquo;il s&rsquo;agisse d&rsquo;un seul ou d&rsquo;un groupe de syst\u00e8mes de filtration POLO, cette application vous permet de toujours garder une vue d&rsquo;ensemble. Toutes divergences par rapport \u00e0 l&rsquo;\u00e9tat de fonctionnement optimal vous sont imm\u00e9diatement signal\u00e9es. Vous avez ainsi un meilleur contr\u00f4le et pouvez agir \u00e0 temps. En outre, l&rsquo;application contient des vid\u00e9os sur les op\u00e9rations de maintenance que vous pouvez effectuer vous-m\u00eame.<\/p>\n                                            <div class=\"text-button-bildlinktextbutton\">\n                                                \n                                             \n                                                <a class=\"button\" href=\"https:\/\/polo-filter.avrio-web.de\/fr\/appli-polo\/\" target=\"_self\">Aller dans l&#039;appli<\/a>\n                                          \n                                            <\/div>\n                                                                                  <\/div> \n\n                                        <\/div>\n                                    <\/div>\n                                  \n                                                                                    <\/div>\n                    <\/div>\n\n             \n        <\/div>\n    <\/div>\n<\/div>\n\n","protected":false},"excerpt":{"rendered":"","protected":false},"author":5,"featured_media":0,"parent":0,"menu_order":115,"comment_status":"closed","ping_status":"closed","template":"","meta":{"_acf_changed":false,"footnotes":""},"class_list":["post-17209","page","type-page","status-publish","hentry"],"acf":[],"yoast_head":"<!-- This site is optimized with the Yoast SEO plugin v25.8 - https:\/\/yoast.com\/wordpress\/plugins\/seo\/ -->\n<title>Wartung (FR) - POLO Filter-Technik<\/title>\n<meta name=\"robots\" content=\"index, follow, max-snippet:-1, max-image-preview:large, max-video-preview:-1\" \/>\n<link rel=\"canonical\" href=\"https:\/\/polo-filter.avrio-web.de\/fr\/maintenance\/\" \/>\n<meta property=\"og:locale\" content=\"fr_FR\" \/>\n<meta property=\"og:type\" content=\"article\" \/>\n<meta property=\"og:title\" content=\"Wartung (FR) - POLO Filter-Technik\" \/>\n<meta property=\"og:url\" content=\"https:\/\/polo-filter.avrio-web.de\/fr\/maintenance\/\" \/>\n<meta property=\"og:site_name\" content=\"POLO Filter-Technik\" \/>\n<meta property=\"article:modified_time\" content=\"2024-04-15T05:25:54+00:00\" \/>\n<meta name=\"twitter:card\" content=\"summary_large_image\" \/>\n<script type=\"application\/ld+json\" class=\"yoast-schema-graph\">{\"@context\":\"https:\/\/schema.org\",\"@graph\":[{\"@type\":\"WebPage\",\"@id\":\"https:\/\/polo-filter.avrio-web.de\/fr\/maintenance\/\",\"url\":\"https:\/\/polo-filter.avrio-web.de\/fr\/maintenance\/\",\"name\":\"Wartung (FR) - POLO Filter-Technik\",\"isPartOf\":{\"@id\":\"https:\/\/polo-filter.avrio-web.de\/fr\/#website\"},\"datePublished\":\"2024-03-01T08:41:47+00:00\",\"dateModified\":\"2024-04-15T05:25:54+00:00\",\"breadcrumb\":{\"@id\":\"https:\/\/polo-filter.avrio-web.de\/fr\/maintenance\/#breadcrumb\"},\"inLanguage\":\"fr-FR\",\"potentialAction\":[{\"@type\":\"ReadAction\",\"target\":[\"https:\/\/polo-filter.avrio-web.de\/fr\/maintenance\/\"]}]},{\"@type\":\"BreadcrumbList\",\"@id\":\"https:\/\/polo-filter.avrio-web.de\/fr\/maintenance\/#breadcrumb\",\"itemListElement\":[{\"@type\":\"ListItem\",\"position\":1,\"name\":\"Startseite\",\"item\":\"https:\/\/polo-filter.avrio-web.de\/fr\/\"},{\"@type\":\"ListItem\",\"position\":2,\"name\":\"Wartung (FR)\"}]},{\"@type\":\"WebSite\",\"@id\":\"https:\/\/polo-filter.avrio-web.de\/fr\/#website\",\"url\":\"https:\/\/polo-filter.avrio-web.de\/fr\/\",\"name\":\"POLO Filter-Technik\",\"description\":\"Filteranlagen nach Mass\",\"potentialAction\":[{\"@type\":\"SearchAction\",\"target\":{\"@type\":\"EntryPoint\",\"urlTemplate\":\"https:\/\/polo-filter.avrio-web.de\/fr\/?s={search_term_string}\"},\"query-input\":{\"@type\":\"PropertyValueSpecification\",\"valueRequired\":true,\"valueName\":\"search_term_string\"}}],\"inLanguage\":\"fr-FR\"}]}<\/script>\n<!-- \/ Yoast SEO plugin. -->","yoast_head_json":{"title":"Wartung (FR) - POLO Filter-Technik","robots":{"index":"index","follow":"follow","max-snippet":"max-snippet:-1","max-image-preview":"max-image-preview:large","max-video-preview":"max-video-preview:-1"},"canonical":"https:\/\/polo-filter.avrio-web.de\/fr\/maintenance\/","og_locale":"fr_FR","og_type":"article","og_title":"Wartung (FR) - POLO Filter-Technik","og_url":"https:\/\/polo-filter.avrio-web.de\/fr\/maintenance\/","og_site_name":"POLO Filter-Technik","article_modified_time":"2024-04-15T05:25:54+00:00","twitter_card":"summary_large_image","schema":{"@context":"https:\/\/schema.org","@graph":[{"@type":"WebPage","@id":"https:\/\/polo-filter.avrio-web.de\/fr\/maintenance\/","url":"https:\/\/polo-filter.avrio-web.de\/fr\/maintenance\/","name":"Wartung (FR) - POLO Filter-Technik","isPartOf":{"@id":"https:\/\/polo-filter.avrio-web.de\/fr\/#website"},"datePublished":"2024-03-01T08:41:47+00:00","dateModified":"2024-04-15T05:25:54+00:00","breadcrumb":{"@id":"https:\/\/polo-filter.avrio-web.de\/fr\/maintenance\/#breadcrumb"},"inLanguage":"fr-FR","potentialAction":[{"@type":"ReadAction","target":["https:\/\/polo-filter.avrio-web.de\/fr\/maintenance\/"]}]},{"@type":"BreadcrumbList","@id":"https:\/\/polo-filter.avrio-web.de\/fr\/maintenance\/#breadcrumb","itemListElement":[{"@type":"ListItem","position":1,"name":"Startseite","item":"https:\/\/polo-filter.avrio-web.de\/fr\/"},{"@type":"ListItem","position":2,"name":"Wartung (FR)"}]},{"@type":"WebSite","@id":"https:\/\/polo-filter.avrio-web.de\/fr\/#website","url":"https:\/\/polo-filter.avrio-web.de\/fr\/","name":"POLO Filter-Technik","description":"Filteranlagen nach Mass","potentialAction":[{"@type":"SearchAction","target":{"@type":"EntryPoint","urlTemplate":"https:\/\/polo-filter.avrio-web.de\/fr\/?s={search_term_string}"},"query-input":{"@type":"PropertyValueSpecification","valueRequired":true,"valueName":"search_term_string"}}],"inLanguage":"fr-FR"}]}},"_links":{"self":[{"href":"https:\/\/polo-filter.avrio-web.de\/fr\/wp-json\/wp\/v2\/pages\/17209","targetHints":{"allow":["GET"]}}],"collection":[{"href":"https:\/\/polo-filter.avrio-web.de\/fr\/wp-json\/wp\/v2\/pages"}],"about":[{"href":"https:\/\/polo-filter.avrio-web.de\/fr\/wp-json\/wp\/v2\/types\/page"}],"author":[{"embeddable":true,"href":"https:\/\/polo-filter.avrio-web.de\/fr\/wp-json\/wp\/v2\/users\/5"}],"replies":[{"embeddable":true,"href":"https:\/\/polo-filter.avrio-web.de\/fr\/wp-json\/wp\/v2\/comments?post=17209"}],"version-history":[{"count":14,"href":"https:\/\/polo-filter.avrio-web.de\/fr\/wp-json\/wp\/v2\/pages\/17209\/revisions"}],"predecessor-version":[{"id":17699,"href":"https:\/\/polo-filter.avrio-web.de\/fr\/wp-json\/wp\/v2\/pages\/17209\/revisions\/17699"}],"wp:attachment":[{"href":"https:\/\/polo-filter.avrio-web.de\/fr\/wp-json\/wp\/v2\/media?parent=17209"}],"curies":[{"name":"wp","href":"https:\/\/api.w.org\/{rel}","templated":true}]}}