{"id":17202,"date":"2024-03-01T09:30:37","date_gmt":"2024-03-01T08:30:37","guid":{"rendered":"https:\/\/polo-filter.avrio-web.de\/?page_id=17202"},"modified":"2024-04-15T07:23:30","modified_gmt":"2024-04-15T05:23:30","slug":"laboratoire","status":"publish","type":"page","link":"https:\/\/polo-filter.avrio-web.de\/fr\/laboratoire\/","title":{"rendered":"Labor (FR)"},"content":{"rendered":"\n    \n                                                 <div class=\"heroimage container\" style=\"height:650px;background-image: url(https:\/\/polo-filter.avrio-web.de\/wp-content\/uploads\/Labor_POLO_Filter_Technik_Kopfbild_650px_101.jpg);background-repeat: no-repeat;background-size: contain;background-position: center \">\n                    \t<img decoding=\"async\" src=\"https:\/\/polo-filter.avrio-web.de\/wp-content\/uploads\/Labor_POLO_Filter_Technik_Kopfbild_650px_101.jpg\" style=\"visibility: hidden;\" \/>\n\n                <\/div>\n                  \n\n\n        <div class=\"flexible-content acf-content standard\" id=\"block_5781f71e388df2fabe81b7b983560e4a\" style=\"background-color: transparent\">\n        <div class=\"flexible-content-inner container\" >\n            <div id=\"dynamiccontent\" class=\"flexible-item-wrapper\">\n               \n                <div class=\" flexible-items\" >\n                    <div class=\"row\">\n                                                   \n                                                            <div class=\"col-lg  flexible-item flex-text\">\n                                   <div class=\"inner\">\n                                       <h1>Laboratoire<\/h1>\n<h2>Nous analysons vos besoins en filtration<\/h2>\n                                   <\/div>\n                                <\/div>\n                                                                        <\/div>\n                <\/div>\n            <\/div>\n        <\/div>\n    <\/div>\n\n\n\n        <div class=\"flexible-content acf-content standard\" id=\"block_c8025f6ff432d4f512cd28397fcb2c4e\" style=\"background-color: #ececec\">\n        <div class=\"flexible-content-inner container\" >\n            <div id=\"dynamiccontent\" class=\"flexible-item-wrapper\">\n               \n                <div class=\" flexible-items\" >\n                    <div class=\"row\">\n                                                   \n                                                            <div class=\"col-lg  flexible-item flex-text\">\n                                   <div class=\"inner\">\n                                       <p><img loading=\"lazy\" decoding=\"async\" class=\"alignright wp-image-5751\" src=\"https:\/\/polo-filter.avrio-web.de\/wp-content\/uploads\/Labor_POLO_Filter_Technik_01_101-264x300.jpg\" alt=\"\" width=\"380\" height=\"432\" srcset=\"https:\/\/polo-filter.avrio-web.de\/wp-content\/uploads\/Labor_POLO_Filter_Technik_01_101-264x300.jpg 264w, https:\/\/polo-filter.avrio-web.de\/wp-content\/uploads\/Labor_POLO_Filter_Technik_01_101-901x1024.jpg 901w, https:\/\/polo-filter.avrio-web.de\/wp-content\/uploads\/Labor_POLO_Filter_Technik_01_101-768x873.jpg 768w, https:\/\/polo-filter.avrio-web.de\/wp-content\/uploads\/Labor_POLO_Filter_Technik_01_101-1351x1536.jpg 1351w, https:\/\/polo-filter.avrio-web.de\/wp-content\/uploads\/Labor_POLO_Filter_Technik_01_101-1802x2048.jpg 1802w, https:\/\/polo-filter.avrio-web.de\/wp-content\/uploads\/Labor_POLO_Filter_Technik_01_101-528x600.jpg 528w, https:\/\/polo-filter.avrio-web.de\/wp-content\/uploads\/Labor_POLO_Filter_Technik_01_101-scaled.jpg 1214w\" sizes=\"auto, (max-width: 380px) 100vw, 380px\" \/>Dans le cas d&rsquo;une application concr\u00e8te, envoyez-nous un \u00e9chantillon du liquide \u00e0 purifier. Vous<br \/>\npouvez acheter directement chez nous les conteneurs de transport pr\u00e9vus \u00e0 cet effet.<br \/>\n<a href=\"mailto:ritter@polo-filter.com\"><span style=\"color: #0064ad\">ritter@polo-filter.com<\/span><\/a> | <span style=\"color: #0064ad\"><a style=\"color: #0064ad\" href=\"http:\/\/Tel:+494212380255\">+49 (0)421 \/ 23802 &#8211; 55<\/a><\/span><br \/>\nCelui-ci est soumis \u00e0 un contr\u00f4le pr\u00e9cis de la teneur en impuret\u00e9s et de la capacit\u00e9 de filtration dans<br \/>\nnotre laboratoire. Sur la base des informations obtenues, nous vous soumettons une offre sur<br \/>\nmesure.<\/p>\n<p>&nbsp;<\/p>\n<p>Depuis 1949 d\u00e9j\u00e0, nous conseillons, planifions, construisons et fabriquons des syst\u00e8mes de filtration<br \/>\nsur mesure pour les domaines d&rsquo;application et les d\u00e9bits les plus divers.<\/p>\n<p>&nbsp;<\/p>\n<p>Nous recherchons la bonne solution.<br \/>\nVous trouverez ci-dessous un PDF \u00e0 t\u00e9l\u00e9charger contenant les principales informations dont nous<br \/>\navons besoin pour vous traiter rapidement.<\/p>\n                                   <\/div>\n                                <\/div>\n                                                                        <\/div>\n                <\/div>\n            <\/div>\n        <\/div>\n    <\/div>\n\n\n\n        <div id=\"bildtextgruenerbutton\" class=\"flexible-content acf-content\"  style=\"background-color: transparent;\">\n        <div class=\"flexible-content-inner\">\n            <div class=\"flexible-item-wrapper\">\n\n               \n                     \n                        <div class=\"container flexible-items\">\n                            <div class=\"row\">\n                                \n                                                                     <div class=\"col-lg  bildtextgruenerbutton-box\" data-aos=\"fade-up\">\n                                        <div class=\"inner\"> \n\n\n                                            <div class=\"col-12 bild\">\n                                                  \n                                            <\/div>\n\n                                            <div class=\"col-12 beschreibung\">\n                                            \t <h3>PDF : Analyse d&rsquo;\u00e9chantillons<\/h3>\n<p>Nous analysons vos besoins en filtration et cr\u00e9ons un concept pour votre application individuelle.<br \/>\nPour cela, compl\u00e9tez le PDF ci-dessous.<\/p>\n                                            <\/div> \n\n\n                                        <div class=\"overflow\">\n                                                                                        <div class=\"col-10 text\">\n                                                <a class=\"\" href=\"https:\/\/polo-filter.avrio-web.de\/108_Downloadcenter\/Kundencenter\/POLO_Filter_EN_Lavoratory_sample_analysis.pdf\" target=\"_blank\" style=\"color:#2c2c2c;\"> <h4>T\u00e9l\u00e9chargement PDF <strong>&#8212;&gt;<\/strong><\/h4>\n<\/a>\n                                            <\/div> \n                                                                                    <div class=\"col-2 button\">\n                                               \n                                                                                                       <a class=\"button\" href=\"https:\/\/polo-filter.avrio-web.de\/108_Downloadcenter\/Kundencenter\/POLO_Filter_EN_Lavoratory_sample_analysis.pdf\" target=\"_blank\"><img decoding=\"async\" src=\"https:\/\/polo-filter.avrio-web.de\/wp-content\/uploads\/POLO_Filter_Technik_Icon_Gruen_PDF.png\" alt=\"\" \/><\/a>\n                                                                                            <\/div>\n                                        <\/div>\n\n\n                                         \n\n\n                                             \n\n\n                                             \n\n\n                                            \n\n\n                                        <\/div>\n                                    <\/div>\n                                  \n                                                            \n                                                                     <div class=\"col-lg  bildtextgruenerbutton-box\" data-aos=\"fade-up\">\n                                        <div class=\"inner\"> \n\n\n                                            <div class=\"col-12 bild\">\n                                                  \n                                            <\/div>\n\n                                            <div class=\"col-12 beschreibung\">\n                                            \t <h3>Consultation<\/h3>\n<p>Un service rapide et simple sur vos filtres ainsi qu&rsquo;un conseil comp\u00e9tent directement chez vous, dans<br \/>\nle monde entier<\/p>\n                                            <\/div> \n\n\n                                        <div class=\"overflow\">\n                                                                                        <div class=\"col-10 text\">\n                                                <a class=\"\" href=\"https:\/\/polo-filter.avrio-web.de\/fr\/consultation\/\" target=\"_self\" style=\"color:#2c2c2c;\"> <h4>Aller \u00e0 la consultation<\/h4>\n<\/a>\n                                            <\/div> \n                                                                                    <div class=\"col-2 button\">\n                                               \n                                                                                                       <a class=\"button\" href=\"https:\/\/polo-filter.avrio-web.de\/fr\/consultation\/\" target=\"_self\"><img decoding=\"async\" src=\"https:\/\/polo-filter.avrio-web.de\/wp-content\/uploads\/POLO_Filter_Technik_Icon_Gruen_Sprechblase.png\" alt=\"\" \/><\/a>\n                                                                                            <\/div>\n                                        <\/div>\n\n\n                                         \n\n\n                                             \n\n\n                                             \n\n\n                                            \n\n\n                                        <\/div>\n                                    <\/div>\n                                  \n                                                            \n                                                                     <div class=\"col-lg  bildtextgruenerbutton-box\" data-aos=\"fade-up\">\n                                        <div class=\"inner\"> \n\n\n                                            <div class=\"col-12 bild\">\n                                                  \n                                            <\/div>\n\n                                            <div class=\"col-12 beschreibung\">\n                                            \t <h3>Filtres de location et d&rsquo;essai<\/h3>\n<p>Nous nous ferons un plaisir de vous fournir un filtre pour un essai et une installation.<\/p>\n<ul>\n<li>Filtre pour l&rsquo;\u00e9chantillon<\/li>\n<li>Absorbeur pour l&rsquo;\u00e9chantillon<\/li>\n<\/ul>\n                                            <\/div> \n\n\n                                        <div class=\"overflow\">\n                                                                                        <div class=\"col-10 text\">\n                                                <a class=\"\" href=\"https:\/\/polo-filter.avrio-web.de\/fr\/echantillons-prelevements\/\" target=\"_self\" style=\"color:#2c2c2c;\"> <h4>En savoir plus d\u00e8s maintenant<\/h4>\n<\/a>\n                                            <\/div> \n                                                                                    <div class=\"col-2 button\">\n                                               \n                                                                                                       <a class=\"button\" href=\"https:\/\/polo-filter.avrio-web.de\/fr\/echantillons-prelevements\/\" target=\"_self\"><img decoding=\"async\" src=\"https:\/\/polo-filter.avrio-web.de\/wp-content\/uploads\/POLO_Filter_Technik_Icon_Gruen_Pfeil_rechts.png\" alt=\"\" \/><\/a>\n                                                                                            <\/div>\n                                        <\/div>\n\n\n                                         \n\n\n                                             \n\n\n                                             \n\n\n                                            \n\n\n                                        <\/div>\n                                    <\/div>\n                                  \n                                                                                    <\/div> <!-- row-->\n                    <\/div>\n\n             \n        <\/div>\n    <\/div>\n<\/div>\n\n","protected":false},"excerpt":{"rendered":"","protected":false},"author":5,"featured_media":0,"parent":0,"menu_order":105,"comment_status":"closed","ping_status":"closed","template":"","meta":{"_acf_changed":false,"footnotes":""},"class_list":["post-17202","page","type-page","status-publish","hentry"],"acf":[],"yoast_head":"<!-- This site is optimized with the Yoast SEO plugin v25.8 - https:\/\/yoast.com\/wordpress\/plugins\/seo\/ -->\n<title>Labor (FR) - POLO Filter-Technik<\/title>\n<meta name=\"robots\" content=\"index, follow, max-snippet:-1, max-image-preview:large, max-video-preview:-1\" \/>\n<link rel=\"canonical\" href=\"https:\/\/polo-filter.avrio-web.de\/fr\/laboratoire\/\" \/>\n<meta property=\"og:locale\" content=\"fr_FR\" \/>\n<meta property=\"og:type\" content=\"article\" \/>\n<meta property=\"og:title\" content=\"Labor (FR) - POLO Filter-Technik\" \/>\n<meta property=\"og:url\" content=\"https:\/\/polo-filter.avrio-web.de\/fr\/laboratoire\/\" \/>\n<meta property=\"og:site_name\" content=\"POLO Filter-Technik\" \/>\n<meta property=\"article:modified_time\" content=\"2024-04-15T05:23:30+00:00\" \/>\n<meta name=\"twitter:card\" content=\"summary_large_image\" \/>\n<script type=\"application\/ld+json\" class=\"yoast-schema-graph\">{\"@context\":\"https:\/\/schema.org\",\"@graph\":[{\"@type\":\"WebPage\",\"@id\":\"https:\/\/polo-filter.avrio-web.de\/fr\/laboratoire\/\",\"url\":\"https:\/\/polo-filter.avrio-web.de\/fr\/laboratoire\/\",\"name\":\"Labor (FR) - POLO Filter-Technik\",\"isPartOf\":{\"@id\":\"https:\/\/polo-filter.avrio-web.de\/fr\/#website\"},\"datePublished\":\"2024-03-01T08:30:37+00:00\",\"dateModified\":\"2024-04-15T05:23:30+00:00\",\"breadcrumb\":{\"@id\":\"https:\/\/polo-filter.avrio-web.de\/fr\/laboratoire\/#breadcrumb\"},\"inLanguage\":\"fr-FR\",\"potentialAction\":[{\"@type\":\"ReadAction\",\"target\":[\"https:\/\/polo-filter.avrio-web.de\/fr\/laboratoire\/\"]}]},{\"@type\":\"BreadcrumbList\",\"@id\":\"https:\/\/polo-filter.avrio-web.de\/fr\/laboratoire\/#breadcrumb\",\"itemListElement\":[{\"@type\":\"ListItem\",\"position\":1,\"name\":\"Startseite\",\"item\":\"https:\/\/polo-filter.avrio-web.de\/fr\/\"},{\"@type\":\"ListItem\",\"position\":2,\"name\":\"Labor (FR)\"}]},{\"@type\":\"WebSite\",\"@id\":\"https:\/\/polo-filter.avrio-web.de\/fr\/#website\",\"url\":\"https:\/\/polo-filter.avrio-web.de\/fr\/\",\"name\":\"POLO Filter-Technik\",\"description\":\"Filteranlagen nach Mass\",\"potentialAction\":[{\"@type\":\"SearchAction\",\"target\":{\"@type\":\"EntryPoint\",\"urlTemplate\":\"https:\/\/polo-filter.avrio-web.de\/fr\/?s={search_term_string}\"},\"query-input\":{\"@type\":\"PropertyValueSpecification\",\"valueRequired\":true,\"valueName\":\"search_term_string\"}}],\"inLanguage\":\"fr-FR\"}]}<\/script>\n<!-- \/ Yoast SEO plugin. -->","yoast_head_json":{"title":"Labor (FR) - POLO Filter-Technik","robots":{"index":"index","follow":"follow","max-snippet":"max-snippet:-1","max-image-preview":"max-image-preview:large","max-video-preview":"max-video-preview:-1"},"canonical":"https:\/\/polo-filter.avrio-web.de\/fr\/laboratoire\/","og_locale":"fr_FR","og_type":"article","og_title":"Labor (FR) - POLO Filter-Technik","og_url":"https:\/\/polo-filter.avrio-web.de\/fr\/laboratoire\/","og_site_name":"POLO Filter-Technik","article_modified_time":"2024-04-15T05:23:30+00:00","twitter_card":"summary_large_image","schema":{"@context":"https:\/\/schema.org","@graph":[{"@type":"WebPage","@id":"https:\/\/polo-filter.avrio-web.de\/fr\/laboratoire\/","url":"https:\/\/polo-filter.avrio-web.de\/fr\/laboratoire\/","name":"Labor (FR) - POLO Filter-Technik","isPartOf":{"@id":"https:\/\/polo-filter.avrio-web.de\/fr\/#website"},"datePublished":"2024-03-01T08:30:37+00:00","dateModified":"2024-04-15T05:23:30+00:00","breadcrumb":{"@id":"https:\/\/polo-filter.avrio-web.de\/fr\/laboratoire\/#breadcrumb"},"inLanguage":"fr-FR","potentialAction":[{"@type":"ReadAction","target":["https:\/\/polo-filter.avrio-web.de\/fr\/laboratoire\/"]}]},{"@type":"BreadcrumbList","@id":"https:\/\/polo-filter.avrio-web.de\/fr\/laboratoire\/#breadcrumb","itemListElement":[{"@type":"ListItem","position":1,"name":"Startseite","item":"https:\/\/polo-filter.avrio-web.de\/fr\/"},{"@type":"ListItem","position":2,"name":"Labor (FR)"}]},{"@type":"WebSite","@id":"https:\/\/polo-filter.avrio-web.de\/fr\/#website","url":"https:\/\/polo-filter.avrio-web.de\/fr\/","name":"POLO Filter-Technik","description":"Filteranlagen nach Mass","potentialAction":[{"@type":"SearchAction","target":{"@type":"EntryPoint","urlTemplate":"https:\/\/polo-filter.avrio-web.de\/fr\/?s={search_term_string}"},"query-input":{"@type":"PropertyValueSpecification","valueRequired":true,"valueName":"search_term_string"}}],"inLanguage":"fr-FR"}]}},"_links":{"self":[{"href":"https:\/\/polo-filter.avrio-web.de\/fr\/wp-json\/wp\/v2\/pages\/17202","targetHints":{"allow":["GET"]}}],"collection":[{"href":"https:\/\/polo-filter.avrio-web.de\/fr\/wp-json\/wp\/v2\/pages"}],"about":[{"href":"https:\/\/polo-filter.avrio-web.de\/fr\/wp-json\/wp\/v2\/types\/page"}],"author":[{"embeddable":true,"href":"https:\/\/polo-filter.avrio-web.de\/fr\/wp-json\/wp\/v2\/users\/5"}],"replies":[{"embeddable":true,"href":"https:\/\/polo-filter.avrio-web.de\/fr\/wp-json\/wp\/v2\/comments?post=17202"}],"version-history":[{"count":5,"href":"https:\/\/polo-filter.avrio-web.de\/fr\/wp-json\/wp\/v2\/pages\/17202\/revisions"}],"predecessor-version":[{"id":17697,"href":"https:\/\/polo-filter.avrio-web.de\/fr\/wp-json\/wp\/v2\/pages\/17202\/revisions\/17697"}],"wp:attachment":[{"href":"https:\/\/polo-filter.avrio-web.de\/fr\/wp-json\/wp\/v2\/media?parent=17202"}],"curies":[{"name":"wp","href":"https:\/\/api.w.org\/{rel}","templated":true}]}}