{"id":17115,"date":"2024-01-09T11:42:41","date_gmt":"2024-01-09T10:42:41","guid":{"rendered":"https:\/\/polo-filter.avrio-web.de\/?page_id=17115"},"modified":"2024-04-15T08:31:02","modified_gmt":"2024-04-15T06:31:02","slug":"tissu-de-filtre","status":"publish","type":"page","link":"https:\/\/polo-filter.avrio-web.de\/fr\/tissu-de-filtre\/","title":{"rendered":"Filtervlies (FR)"},"content":{"rendered":"\n    \n                                                 <div class=\"heroimage container\" style=\"height:650px;background-image: url(https:\/\/polo-filter.avrio-web.de\/wp-content\/uploads\/Vlies_POLO_Filter_Technik_Kopfbild_650px_101.jpg);background-repeat: no-repeat;background-size: contain;background-position: center \">\n                    \t<img decoding=\"async\" src=\"https:\/\/polo-filter.avrio-web.de\/wp-content\/uploads\/Vlies_POLO_Filter_Technik_Kopfbild_650px_101.jpg\" style=\"visibility: hidden;\" \/>\n\n                <\/div>\n                  \n\n\n        <div class=\"flexible-content acf-content standard\" id=\"block_0f320f0b2d82ff0998f3787a16ed0d48\" style=\"background-color: transparent\">\n        <div class=\"flexible-content-inner container\" >\n            <div id=\"dynamiccontent\" class=\"flexible-item-wrapper\">\n               \n                <div class=\" flexible-items\" >\n                    <div class=\"row\">\n                                                   \n                                                            <div class=\"col-lg  flexible-item flex-text\">\n                                   <div class=\"inner\">\n                                       <h1>Consommables<\/h1>\n<h2>Non-tiss\u00e9 filtrant<\/h2>\n<p>L&rsquo;interaction entre le non-tiss\u00e9 filtrant et le g\u00e2teau de d\u00e9tritus est expliqu\u00e9e comme suit :<\/p>\n                                   <\/div>\n                                <\/div>\n                                                                        <\/div>\n                <\/div>\n            <\/div>\n        <\/div>\n    <\/div>\n\n\n\n        <div id=\"bildnebentext\" class=\"flexible-content acf-content\"  style=\"background-color: transparent;\">\n        <div class=\"flexible-content-inner\">\n            <div class=\"flexible-item-wrapper\">\n\n                                                         \n                        <div class=\"container flexible-items\">\n                            <div class=\"row\">\n                                \n                                                                     <div class=\"col-lg  flexible-item flex-img \" data-aos=\"fade-up\">\n                                                                                     \t<div class=\"inner\" style=\"background-image: url(https:\/\/polo-filter.avrio-web.de\/wp-content\/uploads\/Vlies_POLO_Filter_Technik_Block_04_101.jpg)\"> \n                                                    <img decoding=\"async\" src=\"https:\/\/polo-filter.avrio-web.de\/wp-content\/uploads\/Vlies_POLO_Filter_Technik_Block_04_101.jpg\" style=\"visibility: hidden;\" \/>\n                                            \n                                        <\/div>  \n                                                                        <\/div>\n                                                                \n                                                                          <div class=\"col-lg  flexible-item flex-text grau\">\n                                           \n                                         <div class=\"inner  \" >\n                                         \t<div class=\"text\">\n                                         \t\t<h4><span style=\"color: #339966\"><strong>Vos avantages\u00a0<\/strong><\/span><\/h4>\n<ul>\n<li>Adaptation rapide et facile de la finesse de base gr\u00e2ce au changement de non-tiss\u00e9, m\u00eame en cours de fonctionnement<\/li>\n<li>filtration en profondeur accrue pour les non-tiss\u00e9s 3D<\/li>\n<li>D\u00e9versement d&rsquo;huile \u00e9trang\u00e8re possible<\/li>\n<li>\u00c9limination s\u00e9par\u00e9e du non-tiss\u00e9 et du g\u00e2teau de filtre en cas d&rsquo;utilisation d&rsquo;un dispositif de s\u00e9paration du non-tiss\u00e9<\/li>\n<\/ul>\n<p>&nbsp;<\/p>\n                                         \t<\/div>\n                                         \t<div class=\"text-button\">\n                                         \t\t                                                 <a class=\"button\" href=\"https:\/\/polo-filter.avrio-web.de\/fr\/formulaire-de-demande\/\" target=\"_self\">Demander un \u00e9chantillon de non-tiss\u00e9<\/a>\n                                                                                     \t<\/div>\n                                             \n                                             \n                                            \n                                        <\/div>\n                                    <\/div>\n                                                                                    <\/div>\n                    <\/div>\n\n                                     \n                        <div class=\"container flexible-items\">\n                            <div class=\"row\">\n                                \n                                                                          <div class=\"col-lg  flexible-item flex-text blau\">\n                                           \n                                         <div class=\"inner  \" >\n                                         \t<div class=\"text\">\n                                         \t\t<h4><strong>G\u00e2teaux de filtre \/ \u00e9limination<\/strong><\/h4>\n<p>L&rsquo;\u00e9paisseur du non-tiss\u00e9 est comprise entre 0,1 et 0,5 mm, selon la qualit\u00e9 (20 &#8211; 100 g\/m\u00b2). Pour une hauteur de g\u00e2teau de 5 mm, la proportion de non-tiss\u00e9 est donc comprise entre 2 et 5 %, et pour un g\u00e2teau de filtre de 10 mm, elle n&rsquo;est m\u00eame plus que d&rsquo;environ 1 \u00e0 2,5 % du volume total d&rsquo;\u00e9limination.<\/p>\n<p>Il est en outre possible d&rsquo;enrouler le non-tiss\u00e9 usag\u00e9 avec un d\u00e9vidoir de non-tiss\u00e9. Une lame de racloir s\u00e9pare le g\u00e2teau de filtre du non-tiss\u00e9 et permet d&rsquo;\u00e9liminer s\u00e9par\u00e9ment le non-tiss\u00e9 et le g\u00e2teau de filtre. La part totale de l&rsquo;\u00e9limination est donc relativement faible par rapport au volume total.<\/p>\n                                         \t<\/div>\n                                         \t<div class=\"text-button\">\n                                         \t\t                                                 <a class=\"button\" href=\"https:\/\/polo-filter.avrio-web.de\/fr\/echantillons-prelevements\/\" target=\"_self\">Aller au filtre d&#039;\u00e9chantillon<\/a>\n                                                                                     \t<\/div>\n                                             \n                                             \n                                            \n                                        <\/div>\n                                    <\/div>\n                                                            \n                                                                     <div class=\"col-lg  flexible-item flex-img \" data-aos=\"fade-up\">\n                                                                                     \t<div class=\"inner\" style=\"background-image: url(https:\/\/polo-filter.avrio-web.de\/wp-content\/uploads\/Vlies_POLO_Filter_Technik_Block_04_102.jpg)\"> \n                                                    <img decoding=\"async\" src=\"https:\/\/polo-filter.avrio-web.de\/wp-content\/uploads\/Vlies_POLO_Filter_Technik_Block_04_102.jpg\" style=\"visibility: hidden;\" \/>\n                                            \n                                        <\/div>  \n                                                                        <\/div>\n                                                                                        <\/div>\n                    <\/div>\n\n                                    <\/div>\n    <\/div>\n<\/div>\n\n\n\n     \n<div id=\"Video\" class=\"video flexible-content\" style=\"background-color: transparent;\">\n    <div class=\"flexible-content-inner container\">\n             <div class=\"container intro-text\" style=\"background-color: transparent\">\n                        <div class=\"row justify-content-center\">\n                            <div class=\"col-lg text\">\n                                <p style=\"font-size: 24px; color: #0064ad;font-weight: bold;\">POLO Filter-Technik pr\u00e9sente sont nouveau non-tiss\u00e9 filtrant \u00ab Type 670 \u00bb<\/p>\n                            <\/div>\n                        <\/div>\n                    <\/div>                    <div id=\"video-iframe\" class=\"container\" style=\"background-color: transparent; position: relative\">\n                         <div class=\"BorlabsCookie _brlbs-cb-vimeo\"><div class=\"_brlbs-content-blocker\"> <div class=\"_brlbs-embed _brlbs-video-vimeo\"> <img decoding=\"async\" class=\"_brlbs-thumbnail\" src=\"https:\/\/polo-filter.avrio-web.de\/wp-content\/plugins\/borlabs-cookie\/assets\/images\/cb-no-thumbnail.png\" alt=\"Vimeo\"> <div class=\"_brlbs-caption\"> <p>En chargeant le message, vous acceptez la politique de confidentialit\u00e9 de Vimeo.<br><a href=\"https:\/\/vimeo.com\/privacy\" target=\"_blank\" rel=\"nofollow noopener noreferrer\">Mehr erfahren<\/a><\/p> <p><a class=\"_brlbs-btn _brlbs-icon-play-white\" href=\"#\" data-borlabs-cookie-unblock role=\"button\">Charger le message<\/a><\/p> <p><label><input type=\"checkbox\" name=\"unblockAll\" value=\"1\" checked> <small>Toujours d\u00e9verrouiller les messages<\/small><\/label><\/p> <\/div> <\/div> <\/div><div class=\"borlabs-hide\" data-borlabs-cookie-type=\"content-blocker\" data-borlabs-cookie-id=\"vimeo\"><script type=\"text\/template\">PGlmcmFtZSB0aXRsZT0iUE9MTyBGaWx0ZXItVGVjaG5payBzdGVsbHQgc2VpbiBuZXVlcyBGaWx0ZXJ2bGllcyDigJ5UeXAgNjcw4oCcIHZvciIgc3JjPSJodHRwczovL3BsYXllci52aW1lby5jb20vdmlkZW8vNTY4ODg1NTYwP2RudD0xJmFtcDthcHBfaWQ9MTIyOTYzIiB3aWR0aD0iNzExIiBoZWlnaHQ9IjQwMCIgZnJhbWVib3JkZXI9IjAiIGFsbG93PSJhdXRvcGxheTsgZnVsbHNjcmVlbjsgcGljdHVyZS1pbi1waWN0dXJlOyBjbGlwYm9hcmQtd3JpdGU7IGVuY3J5cHRlZC1tZWRpYTsgd2ViLXNoYXJlIiByZWZlcnJlcnBvbGljeT0ic3RyaWN0LW9yaWdpbi13aGVuLWNyb3NzLW9yaWdpbiI+PC9pZnJhbWU+<\/script><\/div><\/div>                    <\/div> \n    <\/div>\n\n\n<\/div>\n\n\n        <div class=\"flexible-content acf-content standard\" id=\"block_3bb3bbd98a7013942c5821e44ae55230\" style=\"background-color: #ececec\">\n        <div class=\"flexible-content-inner container\" >\n            <div id=\"dynamiccontent\" class=\"flexible-item-wrapper\">\n               \n                <div class=\" flexible-items\" >\n                    <div class=\"row\">\n                                                   \n                                                            <div class=\"col-lg  flexible-item flex-text\">\n                                   <div class=\"inner\">\n                                       <h4><span style=\"color: #0064ad\"><strong>Largeurs sp\u00e9ciales<\/strong><\/span><\/h4>\n<div>\n<div class=\"PlainText PlainTextLink\">\n<p>Si vous le souhaitez, nous pouvons confectionner et livrer des largeurs sp\u00e9ciales sur mesure pour vous.<\/p>\n<\/div>\n<div class=\"ClearBoth\"><\/div>\n<\/div>\n                                   <\/div>\n                                <\/div>\n                                                                        <\/div>\n                <\/div>\n            <\/div>\n        <\/div>\n    <\/div>\n\n\n\n     <div id=\"teaserelement-block\" class=\"container flexible-content\"  style=\"background-color: transparent;\">\n  <div class=\"flexible-item-wrapper\">\n     <div class=\"row\">\n                                        \n      <div class=\"col-lg\" id=\"blue-field\">\n          <a href=\"https:\/\/polo-filter.avrio-web.de\/fr\/formulaire-de-demande\/\"><p>Formulaire de demande de non-tiss\u00e9 filtrant<\/p>\n <\/a>\n      <\/div>\n      <div class=\"col-1\">\n        \n        <a href=\"https:\/\/polo-filter.avrio-web.de\/fr\/formulaire-de-demande\/\">\n                        <img decoding=\"async\" src=\"https:\/\/polo-filter.avrio-web.de\/wp-content\/uploads\/POLO_Filter_Technik_Icon_Gruen_Ansprechpartner.png\">\n        <\/a>\n         \n      <\/div>\n                       \n   <\/div>\n  <\/div>\n  \n                               \n \n\n<\/div>\n\n\n     <div id=\"teaserelement-block\" class=\"container flexible-content\"  style=\"background-color: transparent;\">\n  <div class=\"flexible-item-wrapper\">\n     <div class=\"row\">\n                                        \n      <div class=\"col-lg\" id=\"blue-field\">\n          <a href=\"https:\/\/polo-filter.avrio-web.de\/108_Downloadcenter\/Kundencenter\/POLO_Filter_DE_Filtervlies_Datenblatt.pdf\"><p>T\u00e9l\u00e9charger la fiche technique du non-tiss\u00e9 filtrant POLO<\/p>\n <\/a>\n      <\/div>\n      <div class=\"col-1\">\n        \n        <a href=\"https:\/\/polo-filter.avrio-web.de\/108_Downloadcenter\/Kundencenter\/POLO_Filter_DE_Filtervlies_Datenblatt.pdf\">\n                        <img decoding=\"async\" src=\"https:\/\/polo-filter.avrio-web.de\/wp-content\/uploads\/POLO_Filter_Technik_Icon_Gruen_PDF.png\">\n        <\/a>\n         \n      <\/div>\n                       \n   <\/div>\n  <\/div>\n  \n                               \n \n\n<\/div>\n\n\n     <div id=\"teaserelement-block\" class=\"container flexible-content\"  style=\"background-color: transparent;\">\n  <div class=\"flexible-item-wrapper\">\n     <div class=\"row\">\n                                        \n      <div class=\"col-lg\" id=\"blue-field\">\n          <a href=\"https:\/\/polo-filter.avrio-web.de\/108_Downloadcenter\/Kundencenter\/POLO_Filter_EN_Fleece_questionnaire.pdf\"><p>T\u00e9l\u00e9charger le questionnaire sur le non-tiss\u00e9<\/p>\n <\/a>\n      <\/div>\n      <div class=\"col-1\">\n        \n        <a href=\"https:\/\/polo-filter.avrio-web.de\/108_Downloadcenter\/Kundencenter\/POLO_Filter_EN_Fleece_questionnaire.pdf\">\n                        <img decoding=\"async\" src=\"https:\/\/polo-filter.avrio-web.de\/wp-content\/uploads\/POLO_Filter_Technik_Icon_Gruen_PDF.png\">\n        <\/a>\n         \n      <\/div>\n                       \n   <\/div>\n  <\/div>\n  \n                               \n \n\n<\/div>\n","protected":false},"excerpt":{"rendered":"","protected":false},"author":4,"featured_media":0,"parent":0,"menu_order":181,"comment_status":"closed","ping_status":"closed","template":"","meta":{"_acf_changed":false,"footnotes":""},"class_list":["post-17115","page","type-page","status-publish","hentry"],"acf":[],"yoast_head":"<!-- This site is optimized with the Yoast SEO plugin v25.8 - https:\/\/yoast.com\/wordpress\/plugins\/seo\/ -->\n<title>Filtervlies (FR) - POLO Filter-Technik<\/title>\n<meta name=\"robots\" content=\"index, follow, max-snippet:-1, max-image-preview:large, max-video-preview:-1\" \/>\n<link rel=\"canonical\" href=\"https:\/\/polo-filter.avrio-web.de\/fr\/tissu-de-filtre\/\" \/>\n<meta property=\"og:locale\" content=\"fr_FR\" \/>\n<meta property=\"og:type\" content=\"article\" \/>\n<meta property=\"og:title\" content=\"Filtervlies (FR) - POLO Filter-Technik\" \/>\n<meta property=\"og:url\" content=\"https:\/\/polo-filter.avrio-web.de\/fr\/tissu-de-filtre\/\" \/>\n<meta property=\"og:site_name\" content=\"POLO Filter-Technik\" \/>\n<meta property=\"article:modified_time\" content=\"2024-04-15T06:31:02+00:00\" \/>\n<meta name=\"twitter:card\" content=\"summary_large_image\" \/>\n<script type=\"application\/ld+json\" class=\"yoast-schema-graph\">{\"@context\":\"https:\/\/schema.org\",\"@graph\":[{\"@type\":\"WebPage\",\"@id\":\"https:\/\/polo-filter.avrio-web.de\/fr\/tissu-de-filtre\/\",\"url\":\"https:\/\/polo-filter.avrio-web.de\/fr\/tissu-de-filtre\/\",\"name\":\"Filtervlies (FR) - POLO Filter-Technik\",\"isPartOf\":{\"@id\":\"https:\/\/polo-filter.avrio-web.de\/fr\/#website\"},\"datePublished\":\"2024-01-09T10:42:41+00:00\",\"dateModified\":\"2024-04-15T06:31:02+00:00\",\"breadcrumb\":{\"@id\":\"https:\/\/polo-filter.avrio-web.de\/fr\/tissu-de-filtre\/#breadcrumb\"},\"inLanguage\":\"fr-FR\",\"potentialAction\":[{\"@type\":\"ReadAction\",\"target\":[\"https:\/\/polo-filter.avrio-web.de\/fr\/tissu-de-filtre\/\"]}]},{\"@type\":\"BreadcrumbList\",\"@id\":\"https:\/\/polo-filter.avrio-web.de\/fr\/tissu-de-filtre\/#breadcrumb\",\"itemListElement\":[{\"@type\":\"ListItem\",\"position\":1,\"name\":\"Startseite\",\"item\":\"https:\/\/polo-filter.avrio-web.de\/fr\/\"},{\"@type\":\"ListItem\",\"position\":2,\"name\":\"Filtervlies (FR)\"}]},{\"@type\":\"WebSite\",\"@id\":\"https:\/\/polo-filter.avrio-web.de\/fr\/#website\",\"url\":\"https:\/\/polo-filter.avrio-web.de\/fr\/\",\"name\":\"POLO Filter-Technik\",\"description\":\"Filteranlagen nach Mass\",\"potentialAction\":[{\"@type\":\"SearchAction\",\"target\":{\"@type\":\"EntryPoint\",\"urlTemplate\":\"https:\/\/polo-filter.avrio-web.de\/fr\/?s={search_term_string}\"},\"query-input\":{\"@type\":\"PropertyValueSpecification\",\"valueRequired\":true,\"valueName\":\"search_term_string\"}}],\"inLanguage\":\"fr-FR\"}]}<\/script>\n<!-- \/ Yoast SEO plugin. -->","yoast_head_json":{"title":"Filtervlies (FR) - POLO Filter-Technik","robots":{"index":"index","follow":"follow","max-snippet":"max-snippet:-1","max-image-preview":"max-image-preview:large","max-video-preview":"max-video-preview:-1"},"canonical":"https:\/\/polo-filter.avrio-web.de\/fr\/tissu-de-filtre\/","og_locale":"fr_FR","og_type":"article","og_title":"Filtervlies (FR) - POLO Filter-Technik","og_url":"https:\/\/polo-filter.avrio-web.de\/fr\/tissu-de-filtre\/","og_site_name":"POLO Filter-Technik","article_modified_time":"2024-04-15T06:31:02+00:00","twitter_card":"summary_large_image","schema":{"@context":"https:\/\/schema.org","@graph":[{"@type":"WebPage","@id":"https:\/\/polo-filter.avrio-web.de\/fr\/tissu-de-filtre\/","url":"https:\/\/polo-filter.avrio-web.de\/fr\/tissu-de-filtre\/","name":"Filtervlies (FR) - POLO Filter-Technik","isPartOf":{"@id":"https:\/\/polo-filter.avrio-web.de\/fr\/#website"},"datePublished":"2024-01-09T10:42:41+00:00","dateModified":"2024-04-15T06:31:02+00:00","breadcrumb":{"@id":"https:\/\/polo-filter.avrio-web.de\/fr\/tissu-de-filtre\/#breadcrumb"},"inLanguage":"fr-FR","potentialAction":[{"@type":"ReadAction","target":["https:\/\/polo-filter.avrio-web.de\/fr\/tissu-de-filtre\/"]}]},{"@type":"BreadcrumbList","@id":"https:\/\/polo-filter.avrio-web.de\/fr\/tissu-de-filtre\/#breadcrumb","itemListElement":[{"@type":"ListItem","position":1,"name":"Startseite","item":"https:\/\/polo-filter.avrio-web.de\/fr\/"},{"@type":"ListItem","position":2,"name":"Filtervlies (FR)"}]},{"@type":"WebSite","@id":"https:\/\/polo-filter.avrio-web.de\/fr\/#website","url":"https:\/\/polo-filter.avrio-web.de\/fr\/","name":"POLO Filter-Technik","description":"Filteranlagen nach Mass","potentialAction":[{"@type":"SearchAction","target":{"@type":"EntryPoint","urlTemplate":"https:\/\/polo-filter.avrio-web.de\/fr\/?s={search_term_string}"},"query-input":{"@type":"PropertyValueSpecification","valueRequired":true,"valueName":"search_term_string"}}],"inLanguage":"fr-FR"}]}},"_links":{"self":[{"href":"https:\/\/polo-filter.avrio-web.de\/fr\/wp-json\/wp\/v2\/pages\/17115","targetHints":{"allow":["GET"]}}],"collection":[{"href":"https:\/\/polo-filter.avrio-web.de\/fr\/wp-json\/wp\/v2\/pages"}],"about":[{"href":"https:\/\/polo-filter.avrio-web.de\/fr\/wp-json\/wp\/v2\/types\/page"}],"author":[{"embeddable":true,"href":"https:\/\/polo-filter.avrio-web.de\/fr\/wp-json\/wp\/v2\/users\/4"}],"replies":[{"embeddable":true,"href":"https:\/\/polo-filter.avrio-web.de\/fr\/wp-json\/wp\/v2\/comments?post=17115"}],"version-history":[{"count":13,"href":"https:\/\/polo-filter.avrio-web.de\/fr\/wp-json\/wp\/v2\/pages\/17115\/revisions"}],"predecessor-version":[{"id":17710,"href":"https:\/\/polo-filter.avrio-web.de\/fr\/wp-json\/wp\/v2\/pages\/17115\/revisions\/17710"}],"wp:attachment":[{"href":"https:\/\/polo-filter.avrio-web.de\/fr\/wp-json\/wp\/v2\/media?parent=17115"}],"curies":[{"name":"wp","href":"https:\/\/api.w.org\/{rel}","templated":true}]}}