{"id":17105,"date":"2024-01-09T11:36:35","date_gmt":"2024-01-09T10:36:35","guid":{"rendered":"https:\/\/polo-filter.avrio-web.de\/?page_id=17105"},"modified":"2024-04-16T16:02:35","modified_gmt":"2024-04-16T14:02:35","slug":"recapitulatif-des-consommables","status":"publish","type":"page","link":"https:\/\/polo-filter.avrio-web.de\/fr\/recapitulatif-des-consommables\/","title":{"rendered":"Verbrauchsmaterialien (FR)"},"content":{"rendered":"\n    \n                                                 <div class=\"heroimage container\" style=\"height:650px;background-image: url(https:\/\/polo-filter.avrio-web.de\/wp-content\/uploads\/Verbrauchsmaterialien_Kopfbild_650px_101.jpg);background-repeat: no-repeat;background-size: contain;background-position: center \">\n                    \t<img decoding=\"async\" src=\"https:\/\/polo-filter.avrio-web.de\/wp-content\/uploads\/Verbrauchsmaterialien_Kopfbild_650px_101.jpg\" style=\"visibility: hidden;\" \/>\n\n                <\/div>\n                  \n\n\n        <div class=\"flexible-content acf-content standard\" id=\"block_74f10e97558f2b655018cf6fe34cfe51\" style=\"background-color: transparent\">\n        <div class=\"flexible-content-inner container\" >\n            <div id=\"dynamiccontent\" class=\"flexible-item-wrapper\">\n               \n                <div class=\" flexible-items\" >\n                    <div class=\"row\">\n                                                   \n                                                            <div class=\"col-lg  flexible-item flex-text\">\n                                   <div class=\"inner\">\n                                       <h1>Consommables<\/h1>\n<h2>Auxiliaires de filtration tels que les non-tiss\u00e9s<br \/>\net les bandes sans fin<\/h2>\n<p>POLO Filter-Technik ne fournit pas seulement des syst\u00e8mes de filtration, mais aussi les auxiliaires de filtration correspondants, tels que les non-tiss\u00e9s filtrants et les bandes sans fin. Les non-tiss\u00e9s filtrants POLO sont disponibles en stock dans les qualit\u00e9s et les dimensions les plus diverses, et peuvent \u00eatre livr\u00e9s dans les 24 heures sur demande. Cela vous garantit une s\u00e9curit\u00e9 de production accrue. N&rsquo;h\u00e9sitez pas \u00e0 nous contacter pour les commandes sur appel.<\/p>\n<p>&nbsp;<\/p>\n<p>Votre probl\u00e8me potentiel :<\/p>\n<ul>\n<li>une consommation \u00e9lev\u00e9e de non-tiss\u00e9<\/li>\n<li>un r\u00e9sultat de filtration insuffisant<\/li>\n<li>Modification de processus<\/li>\n<\/ul>\n<p>Notre \u00e9quipe exp\u00e9riment\u00e9e de POLO Filter-Technik vous recommande, selon le processus de filtration, le non-tiss\u00e9 ou la bande sans fin le plus efficace.<\/p>\n                                   <\/div>\n                                <\/div>\n                                                                        <\/div>\n                <\/div>\n            <\/div>\n        <\/div>\n    <\/div>\n\n\n\n        <div id=\"bildlinktexticon\" class=\"flexible-content acf-content\" style=\"background-color: transparent;\">\n        <div class=\"flexible-content-inner\">\n            <div class=\"flexible-item-wrapper\">\n\n               \n                     \n                        <div class=\"container flexible-items\"  >\n                            <div class=\"row\">\n                                \n                                                                     <div class=\"col-lg  bildlinktexticon-box\" data-aos=\"fade-up\">\n                                        <div class=\"inner\"> \n                                            <div class=\"col-12 bild\">\n                                                                                                 <img decoding=\"async\" src=\"https:\/\/polo-filter.avrio-web.de\/wp-content\/uploads\/Verbrauchsmaterialien_POLO_Filter_Technik_Block_02-3_102.jpg\" alt=\"Nahaufnahme eines Filtervlieses\" \/>\n                                             \n                                            <\/div>\n                                            <div class=\"overflow\">\n                                                                                         <div class=\"col-9 text\">\n                                               <a class=\"\" href=\"https:\/\/polo-filter.avrio-web.de\/fr\/tissu-de-filtre\/\" target=\"_self\" style=\"color:#fff;\"> <p>Non-tiss\u00e9 filtrant<\/p>\n<\/a>\n                                            <\/div>\n                                            <div class=\"col-2 button\">\n                                               \n                                                                                                       <a class=\"button\" href=\"https:\/\/polo-filter.avrio-web.de\/fr\/tissu-de-filtre\/\" target=\"_self\"><img decoding=\"async\" src=\"https:\/\/polo-filter.avrio-web.de\/wp-content\/uploads\/POLO_Filter_Technik_Icon_Gruen_Pfeil_rechts.png\" alt=\"\" \/><\/a>\n                                                                                            <\/div>\n                                        <\/div>\n                                          \n\n                                             \n\n\n                                             \n\n\n                                            \n\n\n                                        <\/div>\n                                    <\/div>\n                                  \n                                                            \n                                                                     <div class=\"col-lg  bildlinktexticon-box\" data-aos=\"fade-up\">\n                                        <div class=\"inner\"> \n                                            <div class=\"col-12 bild\">\n                                                                                                 <img decoding=\"async\" src=\"https:\/\/polo-filter.avrio-web.de\/wp-content\/uploads\/Verbrauchsmaterialien_POLO_Filter_Technik_Block_02-3_101.jpg\" alt=\"Verschluss eines Endlosbandes\" \/>\n                                             \n                                            <\/div>\n                                            <div class=\"overflow\">\n                                                                                         <div class=\"col-9 text\">\n                                               <a class=\"\" href=\"https:\/\/polo-filter.avrio-web.de\/fr\/bande-sans-fin\/\" target=\"_self\" style=\"color:#fff;\"> <p>Bande sans fin<\/p>\n<\/a>\n                                            <\/div>\n                                            <div class=\"col-2 button\">\n                                               \n                                                                                                       <a class=\"button\" href=\"https:\/\/polo-filter.avrio-web.de\/fr\/bande-sans-fin\/\" target=\"_self\"><img decoding=\"async\" src=\"https:\/\/polo-filter.avrio-web.de\/wp-content\/uploads\/POLO_Filter_Technik_Icon_Gruen_Pfeil_rechts.png\" alt=\"\" \/><\/a>\n                                                                                            <\/div>\n                                        <\/div>\n                                          \n\n                                             \n\n\n                                             \n\n\n                                            \n\n\n                                        <\/div>\n                                    <\/div>\n                                  \n                                                            \n                                                                     <div class=\"col-lg  bildlinktexticon-box\" data-aos=\"fade-up\">\n                                        <div class=\"inner\"> \n                                            <div class=\"col-12 bild\">\n                                                                                                 <img decoding=\"async\" src=\"https:\/\/polo-filter.avrio-web.de\/wp-content\/uploads\/Verbrauchsmaterialien_POLO_Filter_Technik_Block_02-3_103.jpg\" alt=\"Verschiedene Filtervliese mit einem Versatz \u00fcbereinandergelegt\" \/>\n                                             \n                                            <\/div>\n                                            <div class=\"overflow\">\n                                                                                         <div class=\"col-9 text\">\n                                               <a class=\"\" href=\"https:\/\/polo-filter.avrio-web.de\/fr\/formulaire-de-demande\/\" target=\"_self\" style=\"color:#fff;\"> <p>Demande et mod\u00e8le<\/p>\n<\/a>\n                                            <\/div>\n                                            <div class=\"col-2 button\">\n                                               \n                                                                                                       <a class=\"button\" href=\"https:\/\/polo-filter.avrio-web.de\/fr\/formulaire-de-demande\/\" target=\"_self\"><img decoding=\"async\" src=\"https:\/\/polo-filter.avrio-web.de\/wp-content\/uploads\/POLO_Filter_Technik_Icon_Gruen_Pfeil_rechts.png\" alt=\"\" \/><\/a>\n                                                                                            <\/div>\n                                        <\/div>\n                                          \n\n                                             \n\n\n                                             \n\n\n                                            \n\n\n                                        <\/div>\n                                    <\/div>\n                                  \n                                                                                    <\/div>\n                    <\/div>\n\n             \n        <\/div>\n    <\/div>\n<\/div>\n\n\n\n        <div class=\"flexible-content acf-content standard\" id=\"block_23cdc72d161967e2b77c8be529bddd26\" style=\"background-color: #ececec\">\n        <div class=\"flexible-content-inner container\" >\n            <div id=\"dynamiccontent\" class=\"flexible-item-wrapper\">\n               \n                <div class=\" flexible-items\" >\n                    <div class=\"row\">\n                                                   \n                                                            <div class=\"col-lg  flexible-item flex-text\">\n                                   <div class=\"inner\">\n                                       <h3>Notre principe de filtration \u00e9prouv\u00e9 depuis de nombreuses ann\u00e9es<img loading=\"lazy\" decoding=\"async\" class=\"alignright wp-image-6088\" src=\"https:\/\/polo-filter.avrio-web.de\/wp-content\/uploads\/Verbrauchsmaterialien_POLO_Filter_Technik_Block_Standard_101-658x1024.jpg\" alt=\"\" width=\"280\" height=\"436\" srcset=\"https:\/\/polo-filter.avrio-web.de\/wp-content\/uploads\/Verbrauchsmaterialien_POLO_Filter_Technik_Block_Standard_101-658x1024.jpg 658w, https:\/\/polo-filter.avrio-web.de\/wp-content\/uploads\/Verbrauchsmaterialien_POLO_Filter_Technik_Block_Standard_101-193x300.jpg 193w, https:\/\/polo-filter.avrio-web.de\/wp-content\/uploads\/Verbrauchsmaterialien_POLO_Filter_Technik_Block_Standard_101-768x1195.jpg 768w, https:\/\/polo-filter.avrio-web.de\/wp-content\/uploads\/Verbrauchsmaterialien_POLO_Filter_Technik_Block_Standard_101-987x1536.jpg 987w, https:\/\/polo-filter.avrio-web.de\/wp-content\/uploads\/Verbrauchsmaterialien_POLO_Filter_Technik_Block_Standard_101-386x600.jpg 386w, https:\/\/polo-filter.avrio-web.de\/wp-content\/uploads\/Verbrauchsmaterialien_POLO_Filter_Technik_Block_Standard_101-scaled.jpg 887w\" sizes=\"auto, (max-width: 280px) 100vw, 280px\" \/><\/h3>\n<p>La filtration sur non-tiss\u00e9 est un proc\u00e9d\u00e9 qui a fait ses preuves depuis de nombreuses ann\u00e9es. L&rsquo;avantage r\u00e9side dans sa grande flexibilit\u00e9, car il est possible de modifier la finesse de filtration en changeant rapidement et facilement le non-tiss\u00e9. Un autre avantage est la r\u00e9duction des co\u00fbts d&rsquo;investissement par rapport au filtre \u00e0 bande sans fin.<\/p>\n<p>&nbsp;<\/p>\n<p>Les d\u00e9chets (non-tiss\u00e9 filtrant) peuvent \u00eatre utilis\u00e9s temporairement pour la production d&rsquo;\u00e9nergie thermique. Pour plus d&rsquo;informations, veuillez contacter votre entreprise locale de collecte des d\u00e9chets.<\/p>\n                                   <\/div>\n                                <\/div>\n                                                                        <\/div>\n                <\/div>\n            <\/div>\n        <\/div>\n    <\/div>\n\n\n\n     \n<div id=\"Video\" class=\"video flexible-content\" style=\"background-color: transparent;\">\n    <div class=\"flexible-content-inner container\">\n             <div class=\"container intro-text\" style=\"background-color: transparent\">\n                        <div class=\"row justify-content-center\">\n                            <div class=\"col-lg text\">\n                                <p style=\"font-size: 24px; color: #0064ad;font-weight: bold;\">Auxiliaires de filtration \u2013 non-tiss\u00e9s filtrants et bandes sans fin<\/p>\n                            <\/div>\n                        <\/div>\n                    <\/div>                    <div id=\"video-iframe\" class=\"container\" style=\"background-color: transparent; position: relative\">\n                         <div class=\"BorlabsCookie _brlbs-cb-vimeo\"><div class=\"_brlbs-content-blocker\"> <div class=\"_brlbs-embed _brlbs-video-vimeo\"> <img decoding=\"async\" class=\"_brlbs-thumbnail\" src=\"https:\/\/polo-filter.avrio-web.de\/wp-content\/plugins\/borlabs-cookie\/assets\/images\/cb-no-thumbnail.png\" alt=\"Vimeo\"> <div class=\"_brlbs-caption\"> <p>En chargeant le message, vous acceptez la politique de confidentialit\u00e9 de Vimeo.<br><a href=\"https:\/\/vimeo.com\/privacy\" target=\"_blank\" rel=\"nofollow noopener noreferrer\">Mehr erfahren<\/a><\/p> <p><a class=\"_brlbs-btn _brlbs-icon-play-white\" href=\"#\" data-borlabs-cookie-unblock role=\"button\">Charger le message<\/a><\/p> <p><label><input type=\"checkbox\" name=\"unblockAll\" value=\"1\" checked> <small>Toujours d\u00e9verrouiller les messages<\/small><\/label><\/p> <\/div> <\/div> <\/div><div class=\"borlabs-hide\" data-borlabs-cookie-type=\"content-blocker\" data-borlabs-cookie-id=\"vimeo\"><script type=\"text\/template\">PGlmcmFtZSB0aXRsZT0iRmlsdGVyaGlsZnNtaXR0ZWwgLSBGaWx0ZXJ2bGllcyB1bmQgRW5kbG9zYsOkbmRlciIgc3JjPSJodHRwczovL3BsYXllci52aW1lby5jb20vdmlkZW8vNDg0MzU1NzI5P2RudD0xJmFtcDthcHBfaWQ9MTIyOTYzIiB3aWR0aD0iNzExIiBoZWlnaHQ9IjQwMCIgZnJhbWVib3JkZXI9IjAiIGFsbG93PSJhdXRvcGxheTsgZnVsbHNjcmVlbjsgcGljdHVyZS1pbi1waWN0dXJlOyBjbGlwYm9hcmQtd3JpdGU7IGVuY3J5cHRlZC1tZWRpYTsgd2ViLXNoYXJlIiByZWZlcnJlcnBvbGljeT0ic3RyaWN0LW9yaWdpbi13aGVuLWNyb3NzLW9yaWdpbiI+PC9pZnJhbWU+<\/script><\/div><\/div>                    <\/div> \n    <\/div>\n\n\n<\/div>\n","protected":false},"excerpt":{"rendered":"","protected":false},"author":4,"featured_media":0,"parent":0,"menu_order":171,"comment_status":"closed","ping_status":"closed","template":"","meta":{"_acf_changed":false,"footnotes":""},"class_list":["post-17105","page","type-page","status-publish","hentry"],"acf":[],"yoast_head":"<!-- This site is optimized with the Yoast SEO plugin v25.8 - https:\/\/yoast.com\/wordpress\/plugins\/seo\/ -->\n<title>Verbrauchsmaterialien (FR) - POLO Filter-Technik<\/title>\n<meta name=\"robots\" content=\"index, follow, max-snippet:-1, max-image-preview:large, max-video-preview:-1\" \/>\n<link rel=\"canonical\" href=\"https:\/\/polo-filter.avrio-web.de\/fr\/recapitulatif-des-consommables\/\" \/>\n<meta property=\"og:locale\" content=\"fr_FR\" \/>\n<meta property=\"og:type\" content=\"article\" \/>\n<meta property=\"og:title\" content=\"Verbrauchsmaterialien (FR) - POLO Filter-Technik\" \/>\n<meta property=\"og:url\" content=\"https:\/\/polo-filter.avrio-web.de\/fr\/recapitulatif-des-consommables\/\" \/>\n<meta property=\"og:site_name\" content=\"POLO Filter-Technik\" \/>\n<meta property=\"article:modified_time\" content=\"2024-04-16T14:02:35+00:00\" \/>\n<meta name=\"twitter:card\" content=\"summary_large_image\" \/>\n<script type=\"application\/ld+json\" class=\"yoast-schema-graph\">{\"@context\":\"https:\/\/schema.org\",\"@graph\":[{\"@type\":\"WebPage\",\"@id\":\"https:\/\/polo-filter.avrio-web.de\/fr\/recapitulatif-des-consommables\/\",\"url\":\"https:\/\/polo-filter.avrio-web.de\/fr\/recapitulatif-des-consommables\/\",\"name\":\"Verbrauchsmaterialien (FR) - POLO Filter-Technik\",\"isPartOf\":{\"@id\":\"https:\/\/polo-filter.avrio-web.de\/fr\/#website\"},\"datePublished\":\"2024-01-09T10:36:35+00:00\",\"dateModified\":\"2024-04-16T14:02:35+00:00\",\"breadcrumb\":{\"@id\":\"https:\/\/polo-filter.avrio-web.de\/fr\/recapitulatif-des-consommables\/#breadcrumb\"},\"inLanguage\":\"fr-FR\",\"potentialAction\":[{\"@type\":\"ReadAction\",\"target\":[\"https:\/\/polo-filter.avrio-web.de\/fr\/recapitulatif-des-consommables\/\"]}]},{\"@type\":\"BreadcrumbList\",\"@id\":\"https:\/\/polo-filter.avrio-web.de\/fr\/recapitulatif-des-consommables\/#breadcrumb\",\"itemListElement\":[{\"@type\":\"ListItem\",\"position\":1,\"name\":\"Startseite\",\"item\":\"https:\/\/polo-filter.avrio-web.de\/fr\/\"},{\"@type\":\"ListItem\",\"position\":2,\"name\":\"Verbrauchsmaterialien (FR)\"}]},{\"@type\":\"WebSite\",\"@id\":\"https:\/\/polo-filter.avrio-web.de\/fr\/#website\",\"url\":\"https:\/\/polo-filter.avrio-web.de\/fr\/\",\"name\":\"POLO Filter-Technik\",\"description\":\"Filteranlagen nach Mass\",\"potentialAction\":[{\"@type\":\"SearchAction\",\"target\":{\"@type\":\"EntryPoint\",\"urlTemplate\":\"https:\/\/polo-filter.avrio-web.de\/fr\/?s={search_term_string}\"},\"query-input\":{\"@type\":\"PropertyValueSpecification\",\"valueRequired\":true,\"valueName\":\"search_term_string\"}}],\"inLanguage\":\"fr-FR\"}]}<\/script>\n<!-- \/ Yoast SEO plugin. -->","yoast_head_json":{"title":"Verbrauchsmaterialien (FR) - POLO Filter-Technik","robots":{"index":"index","follow":"follow","max-snippet":"max-snippet:-1","max-image-preview":"max-image-preview:large","max-video-preview":"max-video-preview:-1"},"canonical":"https:\/\/polo-filter.avrio-web.de\/fr\/recapitulatif-des-consommables\/","og_locale":"fr_FR","og_type":"article","og_title":"Verbrauchsmaterialien (FR) - POLO Filter-Technik","og_url":"https:\/\/polo-filter.avrio-web.de\/fr\/recapitulatif-des-consommables\/","og_site_name":"POLO Filter-Technik","article_modified_time":"2024-04-16T14:02:35+00:00","twitter_card":"summary_large_image","schema":{"@context":"https:\/\/schema.org","@graph":[{"@type":"WebPage","@id":"https:\/\/polo-filter.avrio-web.de\/fr\/recapitulatif-des-consommables\/","url":"https:\/\/polo-filter.avrio-web.de\/fr\/recapitulatif-des-consommables\/","name":"Verbrauchsmaterialien (FR) - POLO Filter-Technik","isPartOf":{"@id":"https:\/\/polo-filter.avrio-web.de\/fr\/#website"},"datePublished":"2024-01-09T10:36:35+00:00","dateModified":"2024-04-16T14:02:35+00:00","breadcrumb":{"@id":"https:\/\/polo-filter.avrio-web.de\/fr\/recapitulatif-des-consommables\/#breadcrumb"},"inLanguage":"fr-FR","potentialAction":[{"@type":"ReadAction","target":["https:\/\/polo-filter.avrio-web.de\/fr\/recapitulatif-des-consommables\/"]}]},{"@type":"BreadcrumbList","@id":"https:\/\/polo-filter.avrio-web.de\/fr\/recapitulatif-des-consommables\/#breadcrumb","itemListElement":[{"@type":"ListItem","position":1,"name":"Startseite","item":"https:\/\/polo-filter.avrio-web.de\/fr\/"},{"@type":"ListItem","position":2,"name":"Verbrauchsmaterialien (FR)"}]},{"@type":"WebSite","@id":"https:\/\/polo-filter.avrio-web.de\/fr\/#website","url":"https:\/\/polo-filter.avrio-web.de\/fr\/","name":"POLO Filter-Technik","description":"Filteranlagen nach Mass","potentialAction":[{"@type":"SearchAction","target":{"@type":"EntryPoint","urlTemplate":"https:\/\/polo-filter.avrio-web.de\/fr\/?s={search_term_string}"},"query-input":{"@type":"PropertyValueSpecification","valueRequired":true,"valueName":"search_term_string"}}],"inLanguage":"fr-FR"}]}},"_links":{"self":[{"href":"https:\/\/polo-filter.avrio-web.de\/fr\/wp-json\/wp\/v2\/pages\/17105","targetHints":{"allow":["GET"]}}],"collection":[{"href":"https:\/\/polo-filter.avrio-web.de\/fr\/wp-json\/wp\/v2\/pages"}],"about":[{"href":"https:\/\/polo-filter.avrio-web.de\/fr\/wp-json\/wp\/v2\/types\/page"}],"author":[{"embeddable":true,"href":"https:\/\/polo-filter.avrio-web.de\/fr\/wp-json\/wp\/v2\/users\/4"}],"replies":[{"embeddable":true,"href":"https:\/\/polo-filter.avrio-web.de\/fr\/wp-json\/wp\/v2\/comments?post=17105"}],"version-history":[{"count":15,"href":"https:\/\/polo-filter.avrio-web.de\/fr\/wp-json\/wp\/v2\/pages\/17105\/revisions"}],"predecessor-version":[{"id":17867,"href":"https:\/\/polo-filter.avrio-web.de\/fr\/wp-json\/wp\/v2\/pages\/17105\/revisions\/17867"}],"wp:attachment":[{"href":"https:\/\/polo-filter.avrio-web.de\/fr\/wp-json\/wp\/v2\/media?parent=17105"}],"curies":[{"name":"wp","href":"https:\/\/api.w.org\/{rel}","templated":true}]}}