{"id":17098,"date":"2024-01-09T11:31:44","date_gmt":"2024-01-09T10:31:44","guid":{"rendered":"https:\/\/polo-filter.avrio-web.de\/?page_id=17098"},"modified":"2024-04-05T11:10:53","modified_gmt":"2024-04-05T09:10:53","slug":"recapitulatif-des-produits","status":"publish","type":"page","link":"https:\/\/polo-filter.avrio-web.de\/fr\/recapitulatif-des-produits\/","title":{"rendered":"\u00dcbersicht Produkte (FR)"},"content":{"rendered":"\n    \n                                                 <div class=\"heroimage container\" style=\"height:650px;background-image: url(https:\/\/polo-filter.avrio-web.de\/wp-content\/uploads\/Produkte_POLO_Filter_Technik_Kopfbild_650px_101.jpg);background-repeat: no-repeat;background-size: contain;background-position: center \">\n                    \t<img decoding=\"async\" src=\"https:\/\/polo-filter.avrio-web.de\/wp-content\/uploads\/Produkte_POLO_Filter_Technik_Kopfbild_650px_101.jpg\" style=\"visibility: hidden;\" \/>\n\n                <\/div>\n                  \n\n\n        <div class=\"flexible-content acf-content standard\" id=\"block_6e2c3a42888b22ceec2ac99761574adf\" style=\"background-color: transparent\">\n        <div class=\"flexible-content-inner container\" >\n            <div id=\"dynamiccontent\" class=\"flexible-item-wrapper\">\n               \n                <div class=\" flexible-items\" >\n                    <div class=\"row\">\n                                                   \n                                                            <div class=\"col-lg  flexible-item flex-text\">\n                                   <div class=\"inner\">\n                                       <h1>Produits<\/h1>\n<h2>Aper\u00e7u de nos groupes de produits<\/h2>\n<p>Chez POLO Filter-Technik, le souhait du client est la mesure de toute chose, ce qui signifie :<\/p>\n<p>&nbsp;<\/p>\n<ul>\n<li>Une technologie moderne pour une gamme de produits \u00e9tendue<\/li>\n<li>Un regroupement \u00e9conomique de pi\u00e8ces de production<\/li>\n<li>Des processus de travail structur\u00e9s<\/li>\n<li>Des d\u00e9cennies d&rsquo;exp\u00e9rience dans le domaine de la filtration<\/li>\n<\/ul>\n<p>Ces points donnent lieu \u00e0 des solutions personnalis\u00e9es et orient\u00e9es vers le client.<\/p>\n                                   <\/div>\n                                <\/div>\n                                                                        <\/div>\n                <\/div>\n            <\/div>\n        <\/div>\n    <\/div>\n\n\n\n        <div id=\"zeichnung\" class=\"flexible-content acf-content\" style=\"background-color: transparent;\">\n        <div class=\"flexible-content-inner\">\n            <div class=\"flexible-item-wrapper\">\n\n\n\n                <div class=\"container flexible-items\"  >\n                    <div class=\"row\">\n                                                        <div class=\"col-4 zeichnung-box\" data-aos=\"fade-up\">\n                                    <div class=\"inner\"> \n\n                                                                                    <img decoding=\"async\" src=\"https:\/\/polo-filter.avrio-web.de\/wp-content\/uploads\/POLO_Filter_Technik_Produktgruppen_Bandfilter-1.jpg\" alt=\"\" \/>\n                                        \n\n\n\n                                        <div class=\"text\">\n                                         <p><strong>Filtre \u00e0 bande et filtre compact<\/strong><\/p>\n<p>En tant que filtres \u00e0 bande non tiss\u00e9s ou continus, les filtres \u00e0 bande peuvent alimenter des machines individuelles ou des groupes de machines. Nos filtres sont polyvalents et disponibles dans une grande vari\u00e9t\u00e9 de mod\u00e8les, ce qui en fait des outils robustes pour la production.<\/p>\n                                     <\/div>\n                                     <div class=\"text-button\">\n\n                                                                              <a class=\"button\" href=\"https:\/\/polo-filter.avrio-web.de\/fr\/filtre-a-bande-filtre-compact\/\" target=\"_self\">Plus<\/a>\n                                                                    <\/div>\n                            <\/div>  \n\n                            <\/div>                                  <div class=\"col-4 zeichnung-box\" data-aos=\"fade-up\">\n                                    <div class=\"inner\"> \n\n                                                                                    <img decoding=\"async\" src=\"https:\/\/polo-filter.avrio-web.de\/wp-content\/uploads\/POLO_Filter_Technik_Produktgruppen_Vakuumfilter.jpg\" alt=\"\" \/>\n                                        \n\n\n\n                                        <div class=\"text\">\n                                         <p><strong>Filtre \u00e0 vide \/ filtre \u00e0 d\u00e9pression<\/strong><\/p>\n<p>Les filtres fonctionnant sous vide filtrent de grandes quantit\u00e9s de liquides sur une petite surface.<br \/>\nIls sont flexibles, disponibles en<br \/>\nnon-tiss\u00e9 ou en bande sans fin et dans diff\u00e9rentes tailles et mat\u00e9riaux.<\/p>\n                                     <\/div>\n                                     <div class=\"text-button\">\n\n                                                                              <a class=\"button\" href=\"https:\/\/polo-filter.avrio-web.de\/fr\/filtre-a-vide-filtre-a-depression\/\" target=\"_self\">Plus<\/a>\n                                                                    <\/div>\n                            <\/div>  \n\n                            <\/div>                                  <div class=\"col-4 zeichnung-box\" data-aos=\"fade-up\">\n                                    <div class=\"inner\"> \n\n                                                                                    <img decoding=\"async\" src=\"https:\/\/polo-filter.avrio-web.de\/wp-content\/uploads\/POLO_Filter_Technik_Produktgruppen_Magnetfilter-1.jpg\" alt=\"\" \/>\n                                        \n\n\n\n                                        <div class=\"text\">\n                                         <p><strong>Filtre magn\u00e9tique<\/strong><\/p>\n<p>Les aimants permettent d&rsquo;obtenir des r\u00e9sultats de filtration \u00e9tonnants sans auxiliaire de filtration. Ils peuvent \u00eatre utilis\u00e9s comme filtres individuels ou comme pr\u00e9filtres. Ils sont disponibles en diff\u00e9rentes tailles et mat\u00e9riaux.<\/p>\n                                     <\/div>\n                                     <div class=\"text-button\">\n\n                                                                              <a class=\"button\" href=\"https:\/\/polo-filter.avrio-web.de\/fr\/filtre-magnetique\/\" target=\"_self\">Plus<\/a>\n                                                                    <\/div>\n                            <\/div>  \n\n                            <\/div>                                  <div class=\"col-4 zeichnung-box\" data-aos=\"fade-up\">\n                                    <div class=\"inner\"> \n\n                                                                                    <img decoding=\"async\" src=\"https:\/\/polo-filter.avrio-web.de\/wp-content\/uploads\/POLO_Filter_Technik_Produktgruppen_Druckfilter-1.jpg\" alt=\"\" \/>\n                                        \n\n\n\n                                        <div class=\"text\">\n                                         <p><strong>Filtre ultrafin \/<br \/>\n<\/strong><strong>filtre sous pression<\/strong><\/p>\n<p>Sont utilis\u00e9s dans l&rsquo;hydraulique ou comme filtres de s\u00e9paration.<br \/>\nSelon les cartouches filtrantes utilis\u00e9es, il est possible d&rsquo;obtenir des finesses extr\u00eames.<\/p>\n                                     <\/div>\n                                     <div class=\"text-button\">\n\n                                                                              <a class=\"button\" href=\"https:\/\/polo-filter.avrio-web.de\/fr\/filtre-ultrafin-filtre-sous-pression\/\" target=\"_self\">Plus<\/a>\n                                                                    <\/div>\n                            <\/div>  \n\n                            <\/div>                                  <div class=\"col-4 zeichnung-box\" data-aos=\"fade-up\">\n                                    <div class=\"inner\"> \n\n                                                                                    <img decoding=\"async\" src=\"https:\/\/polo-filter.avrio-web.de\/wp-content\/uploads\/POLO_Filter_Technik_Produktgruppen_Spaenefoerderer_Wagen-1.jpg\" alt=\"\" \/>\n                                        \n\n\n\n                                        <div class=\"text\">\n                                         <p><strong>Convoyeur \/ chariot \u00e0 copeaux<\/strong><\/p>\n<p>Les convoyeurs \u00e9vacuent automatiquement les copeaux grossiers, avec diff\u00e9rents mod\u00e8les selon le type de copeaux. Des chariots \u00e0 copeaux sont utilis\u00e9s pour transporter les copeaux \u00e9vacu\u00e9s vers le<br \/>\npoint de collecte.<\/p>\n                                     <\/div>\n                                     <div class=\"text-button\">\n\n                                                                              <a class=\"button\" href=\"https:\/\/polo-filter.avrio-web.de\/fr\/convoyeur-chariot-a-copeaux\/\" target=\"_self\">Plus<\/a>\n                                                                    <\/div>\n                            <\/div>  \n\n                            <\/div>                                  <div class=\"col-4 zeichnung-box\" data-aos=\"fade-up\">\n                                    <div class=\"inner\"> \n\n                                                                                    <img decoding=\"async\" src=\"https:\/\/polo-filter.avrio-web.de\/wp-content\/uploads\/POLO_Filter_Technik_Produktgruppen_Oelskimmer_Schwimmschalter-2.jpg\" alt=\"\" \/>\n                                        \n\n\n\n                                        <div class=\"text\">\n                                         <p><strong>Station de relevage \/ aspirateur de surface (skimmer) \/ commutateur \u00e0 flotteur\u00a0<\/strong><\/p>\n<p>Ces p\u00e9riph\u00e9riques surveillent le niveau de remplissage, am\u00e8nent le lubrifiant caloporteur contamin\u00e9 vers le filtre et\/ou transportent les particules flottantes hors du r\u00e9servoir de liquide purifi\u00e9.<\/p>\n                                     <\/div>\n                                     <div class=\"text-button\">\n\n                                                                              <a class=\"button\" href=\"https:\/\/polo-filter.avrio-web.de\/fr\/station-de-relevage-aspirateur-de-surface-skimmer-commutateur-a-flotteur\/\" target=\"_self\">Plus<\/a>\n                                                                    <\/div>\n                            <\/div>  \n\n                            <\/div>                                  <div class=\"col-4 zeichnung-box\" data-aos=\"fade-up\">\n                                    <div class=\"inner\"> \n\n                                                                                    <img decoding=\"async\" src=\"https:\/\/polo-filter.avrio-web.de\/wp-content\/uploads\/POLO_Filter_Technik_Produktgruppen_KSS_Pflege-2.jpg\" alt=\"\" \/>\n                                        \n\n\n\n                                        <div class=\"text\">\n                                         <p><strong>Appareils d&rsquo;entretien de lubrifiant caloporteur \/ absorbeurs d&rsquo;huile<\/strong><\/p>\n<p>M\u00eame apr\u00e8s une bonne filtration, le liquide a besoin d&rsquo;entretien suppl\u00e9mentaire. Les huiles \u00e9trang\u00e8res et\/ou les particules fines peuvent \u00eatre \u00e9limin\u00e9es de diff\u00e9rentes mani\u00e8res. Cela permet d&rsquo;am\u00e9liorer la dur\u00e9e de vie du lubrifiant caloporteur et la qualit\u00e9 des produits.<\/p>\n                                     <\/div>\n                                     <div class=\"text-button\">\n\n                                                                              <a class=\"button\" href=\"https:\/\/polo-filter.avrio-web.de\/fr\/appareils-dentretien-de-lubrifiants-caloporteurs-absorbeurs-dhuile\/\" target=\"_self\">Plus<\/a>\n                                                                    <\/div>\n                            <\/div>  \n\n                            <\/div>                                  <div class=\"col-4 zeichnung-box\" data-aos=\"fade-up\">\n                                    <div class=\"inner\"> \n\n                                                                                    <img decoding=\"async\" src=\"https:\/\/polo-filter.avrio-web.de\/wp-content\/uploads\/POLO_Filter_Technik_Produktgruppen_Zentralanlage-1.jpg\" alt=\"\" \/>\n                                        \n\n\n\n                                        <div class=\"text\">\n                                         <p><strong>Installations centralis\u00e9es<\/strong><\/p>\n<p>Les installations centralis\u00e9es POLO permettent d&rsquo;alimenter plusieurs machines ou des lignes de production enti\u00e8res en lubrifiant caloporteur purifi\u00e9, qu&rsquo;il s&rsquo;agisse d&rsquo;une entreprise commune ou d&rsquo;une division.<br \/>\nUne installation centralis\u00e9e permet d&rsquo;\u00e9conomiser des ressources de mani\u00e8re durable.<\/p>\n                                     <\/div>\n                                     <div class=\"text-button\">\n\n                                                                              <a class=\"button\" href=\"https:\/\/polo-filter.avrio-web.de\/fr\/installations-centralisees\/\" target=\"_self\">Plus<\/a>\n                                                                    <\/div>\n                            <\/div>  \n\n                            <\/div>                                  <div class=\"col-4 zeichnung-box\" data-aos=\"fade-up\">\n                                    <div class=\"inner\"> \n\n                                                                                    <img decoding=\"async\" src=\"https:\/\/polo-filter.avrio-web.de\/wp-content\/uploads\/Steuerungsbau_Block_05_101.jpg\" alt=\"\" \/>\n                                        \n\n\n\n                                        <div class=\"text\">\n                                         <p><strong>\u00c9laboration de commandes <\/strong><\/p>\n<p>Nos installations sont bien entendu command\u00e9es \u00e9lectriquement.<br \/>\nLes commandes et les visualisations les plus diverses sont possibles.<br \/>\nDes pompes\/moteurs \u00e0 \u00e9conomie d&rsquo;\u00e9nergie et \u00e0 fr\u00e9quence variable peuvent \u00eatre utilis\u00e9s. Mettez-nous au d\u00e9fi.<\/p>\n                                     <\/div>\n                                     <div class=\"text-button\">\n\n                                                                              <a class=\"button\" href=\"https:\/\/polo-filter.avrio-web.de\/fr\/commande-de-systemes-construction-darmoires-electriques\/\" target=\"_self\">Plus<\/a>\n                                                                    <\/div>\n                            <\/div>  \n\n                            <\/div>                          \n                    <\/div>\n\n                <\/div>\n            <\/div>\n\n\n        <\/div>\n    <\/div>\n\n\n\n\n        <div id=\"bildlinktextbutton\" class=\"flexible-content acf-content\"  style=\"background-color: transparent;\">\n        <div class=\"flexible-content-inner\">\n            <div class=\"flexible-item-wrapper\">\n\n               \n                     \n                        <div class=\"container flexible-items\">\n                            <div class=\"row\">\n                                \n                                                                     <div class=\"col-lg  nein  flexible-item flex-img\" data-aos=\"fade-up\">\n                                        <div class=\"inner\"> \n                                            \n                                                                                            <div class=\"bild\">\n                                                    <img decoding=\"async\" src=\"https:\/\/polo-filter.avrio-web.de\/wp-content\/uploads\/Produkte_POLO_Filter_Technik_Box_01_102.jpg\" style=\"height: 100%; width: 100%; object-fit: cover;\" alt=\"\" \/>\n                                                <\/div>  \n                                            <div class=\"hintergrund\" style=\"display: none\"><\/div>\n                                            <div class=\"bild-nein\" style=\"display: none\">\n\n                                                   \n   <img decoding=\"async\" src=\"https:\/\/polo-filter.avrio-web.de\/wp-content\/uploads\/Produkte_POLO_Filter_Technik_Box_01_102.jpg\" alt=\"\" \/>\n                                            <\/div>\n\n                                            <div class=\"text\">\n                                                 <p><strong>Quels sont les avantages de l&rsquo;utilisation d&rsquo;un syst\u00e8me de filtration ?<\/strong><\/p>\n<p>L&rsquo;entretien optimal des lubrifiants r\u00e9frig\u00e9rants signifie :<\/p>\n<ul>\n<li>Reduction of operating costs<\/li>\n<li>Extension of the service life of the cooling lubricant<\/li>\n<li>Reduced wear on tools, machine beds and pumps<\/li>\n<li>Health protection of employees (allergies)<\/li>\n<li>Less use of additional chemicals<\/li>\n<\/ul>\n                                            <\/div> \n\n                                        <\/div>\n                                    <\/div>\n                                  \n                                                            \n                                                                     <div class=\"col-lg  nein  flexible-item flex-img\" data-aos=\"fade-up\">\n                                        <div class=\"inner\"> \n                                            \n                                                                                            <div class=\"bild\">\n                                                    <img decoding=\"async\" src=\"https:\/\/polo-filter.avrio-web.de\/wp-content\/uploads\/Produkte_POLO_Filter_Technik_Box_01_101.jpg\" style=\"height: 100%; width: 100%; object-fit: cover;\" alt=\"\" \/>\n                                                <\/div>  \n                                            <div class=\"hintergrund\" style=\"display: none\"><\/div>\n                                            <div class=\"bild-nein\" style=\"display: none\">\n\n                                                   \n   <img decoding=\"async\" src=\"https:\/\/polo-filter.avrio-web.de\/wp-content\/uploads\/Produkte_POLO_Filter_Technik_Box_01_101.jpg\" alt=\"\" \/>\n                                            <\/div>\n\n                                            <div class=\"text\">\n                                                 <p><strong>Ce sont les raison d&rsquo;un syst\u00e8me de filtration de POLO !\u00a0<\/strong><\/p>\n<ul>\n<li>Conception et dimensionnement concrets du filtre<\/li>\n<li>Consultation sur la technologie des installations<\/li>\n<li>Des dizaines d&rsquo;ann\u00e9es d&rsquo;exp\u00e9rience dans la technologie de filtration du lubrifiant caloporteur<\/li>\n<li>Des solutions personnalis\u00e9es pour r\u00e9pondre \u00e0 vos besoins<\/li>\n<\/ul>\n<p>Votre \u00ab fournisseur de package \u00bb en termes d&rsquo;exp\u00e9rience, de conseil, de rapport qualit\u00e9-prix, de qualit\u00e9, de service (service\/entretien) et de durabilit\u00e9.<\/p>\n                                            <\/div> \n\n                                        <\/div>\n                                    <\/div>\n                                  \n                                                                                    <\/div>\n                    <\/div>\n\n             \n        <\/div>\n    <\/div>\n<\/div>\n\n","protected":false},"excerpt":{"rendered":"","protected":false},"author":4,"featured_media":0,"parent":0,"menu_order":90,"comment_status":"closed","ping_status":"closed","template":"","meta":{"_acf_changed":false,"footnotes":""},"class_list":["post-17098","page","type-page","status-publish","hentry"],"acf":[],"yoast_head":"<!-- This site is optimized with the Yoast SEO plugin v25.8 - https:\/\/yoast.com\/wordpress\/plugins\/seo\/ -->\n<title>\u00dcbersicht Produkte (FR) - POLO Filter-Technik<\/title>\n<meta name=\"robots\" content=\"index, follow, max-snippet:-1, max-image-preview:large, max-video-preview:-1\" \/>\n<link rel=\"canonical\" href=\"https:\/\/polo-filter.avrio-web.de\/fr\/recapitulatif-des-produits\/\" \/>\n<meta property=\"og:locale\" content=\"fr_FR\" \/>\n<meta property=\"og:type\" content=\"article\" \/>\n<meta property=\"og:title\" content=\"\u00dcbersicht Produkte (FR) - POLO Filter-Technik\" \/>\n<meta property=\"og:url\" content=\"https:\/\/polo-filter.avrio-web.de\/fr\/recapitulatif-des-produits\/\" \/>\n<meta property=\"og:site_name\" content=\"POLO Filter-Technik\" \/>\n<meta property=\"article:modified_time\" content=\"2024-04-05T09:10:53+00:00\" \/>\n<meta name=\"twitter:card\" content=\"summary_large_image\" \/>\n<script type=\"application\/ld+json\" class=\"yoast-schema-graph\">{\"@context\":\"https:\/\/schema.org\",\"@graph\":[{\"@type\":\"WebPage\",\"@id\":\"https:\/\/polo-filter.avrio-web.de\/fr\/recapitulatif-des-produits\/\",\"url\":\"https:\/\/polo-filter.avrio-web.de\/fr\/recapitulatif-des-produits\/\",\"name\":\"\u00dcbersicht Produkte (FR) - POLO Filter-Technik\",\"isPartOf\":{\"@id\":\"https:\/\/polo-filter.avrio-web.de\/fr\/#website\"},\"datePublished\":\"2024-01-09T10:31:44+00:00\",\"dateModified\":\"2024-04-05T09:10:53+00:00\",\"breadcrumb\":{\"@id\":\"https:\/\/polo-filter.avrio-web.de\/fr\/recapitulatif-des-produits\/#breadcrumb\"},\"inLanguage\":\"fr-FR\",\"potentialAction\":[{\"@type\":\"ReadAction\",\"target\":[\"https:\/\/polo-filter.avrio-web.de\/fr\/recapitulatif-des-produits\/\"]}]},{\"@type\":\"BreadcrumbList\",\"@id\":\"https:\/\/polo-filter.avrio-web.de\/fr\/recapitulatif-des-produits\/#breadcrumb\",\"itemListElement\":[{\"@type\":\"ListItem\",\"position\":1,\"name\":\"Startseite\",\"item\":\"https:\/\/polo-filter.avrio-web.de\/fr\/\"},{\"@type\":\"ListItem\",\"position\":2,\"name\":\"\u00dcbersicht Produkte (FR)\"}]},{\"@type\":\"WebSite\",\"@id\":\"https:\/\/polo-filter.avrio-web.de\/fr\/#website\",\"url\":\"https:\/\/polo-filter.avrio-web.de\/fr\/\",\"name\":\"POLO Filter-Technik\",\"description\":\"Filteranlagen nach Mass\",\"potentialAction\":[{\"@type\":\"SearchAction\",\"target\":{\"@type\":\"EntryPoint\",\"urlTemplate\":\"https:\/\/polo-filter.avrio-web.de\/fr\/?s={search_term_string}\"},\"query-input\":{\"@type\":\"PropertyValueSpecification\",\"valueRequired\":true,\"valueName\":\"search_term_string\"}}],\"inLanguage\":\"fr-FR\"}]}<\/script>\n<!-- \/ Yoast SEO plugin. -->","yoast_head_json":{"title":"\u00dcbersicht Produkte (FR) - POLO Filter-Technik","robots":{"index":"index","follow":"follow","max-snippet":"max-snippet:-1","max-image-preview":"max-image-preview:large","max-video-preview":"max-video-preview:-1"},"canonical":"https:\/\/polo-filter.avrio-web.de\/fr\/recapitulatif-des-produits\/","og_locale":"fr_FR","og_type":"article","og_title":"\u00dcbersicht Produkte (FR) - POLO Filter-Technik","og_url":"https:\/\/polo-filter.avrio-web.de\/fr\/recapitulatif-des-produits\/","og_site_name":"POLO Filter-Technik","article_modified_time":"2024-04-05T09:10:53+00:00","twitter_card":"summary_large_image","schema":{"@context":"https:\/\/schema.org","@graph":[{"@type":"WebPage","@id":"https:\/\/polo-filter.avrio-web.de\/fr\/recapitulatif-des-produits\/","url":"https:\/\/polo-filter.avrio-web.de\/fr\/recapitulatif-des-produits\/","name":"\u00dcbersicht Produkte (FR) - POLO Filter-Technik","isPartOf":{"@id":"https:\/\/polo-filter.avrio-web.de\/fr\/#website"},"datePublished":"2024-01-09T10:31:44+00:00","dateModified":"2024-04-05T09:10:53+00:00","breadcrumb":{"@id":"https:\/\/polo-filter.avrio-web.de\/fr\/recapitulatif-des-produits\/#breadcrumb"},"inLanguage":"fr-FR","potentialAction":[{"@type":"ReadAction","target":["https:\/\/polo-filter.avrio-web.de\/fr\/recapitulatif-des-produits\/"]}]},{"@type":"BreadcrumbList","@id":"https:\/\/polo-filter.avrio-web.de\/fr\/recapitulatif-des-produits\/#breadcrumb","itemListElement":[{"@type":"ListItem","position":1,"name":"Startseite","item":"https:\/\/polo-filter.avrio-web.de\/fr\/"},{"@type":"ListItem","position":2,"name":"\u00dcbersicht Produkte (FR)"}]},{"@type":"WebSite","@id":"https:\/\/polo-filter.avrio-web.de\/fr\/#website","url":"https:\/\/polo-filter.avrio-web.de\/fr\/","name":"POLO Filter-Technik","description":"Filteranlagen nach Mass","potentialAction":[{"@type":"SearchAction","target":{"@type":"EntryPoint","urlTemplate":"https:\/\/polo-filter.avrio-web.de\/fr\/?s={search_term_string}"},"query-input":{"@type":"PropertyValueSpecification","valueRequired":true,"valueName":"search_term_string"}}],"inLanguage":"fr-FR"}]}},"_links":{"self":[{"href":"https:\/\/polo-filter.avrio-web.de\/fr\/wp-json\/wp\/v2\/pages\/17098","targetHints":{"allow":["GET"]}}],"collection":[{"href":"https:\/\/polo-filter.avrio-web.de\/fr\/wp-json\/wp\/v2\/pages"}],"about":[{"href":"https:\/\/polo-filter.avrio-web.de\/fr\/wp-json\/wp\/v2\/types\/page"}],"author":[{"embeddable":true,"href":"https:\/\/polo-filter.avrio-web.de\/fr\/wp-json\/wp\/v2\/users\/4"}],"replies":[{"embeddable":true,"href":"https:\/\/polo-filter.avrio-web.de\/fr\/wp-json\/wp\/v2\/comments?post=17098"}],"version-history":[{"count":20,"href":"https:\/\/polo-filter.avrio-web.de\/fr\/wp-json\/wp\/v2\/pages\/17098\/revisions"}],"predecessor-version":[{"id":17654,"href":"https:\/\/polo-filter.avrio-web.de\/fr\/wp-json\/wp\/v2\/pages\/17098\/revisions\/17654"}],"wp:attachment":[{"href":"https:\/\/polo-filter.avrio-web.de\/fr\/wp-json\/wp\/v2\/media?parent=17098"}],"curies":[{"name":"wp","href":"https:\/\/api.w.org\/{rel}","templated":true}]}}