{"id":17091,"date":"2024-01-09T11:25:55","date_gmt":"2024-01-09T10:25:55","guid":{"rendered":"https:\/\/polo-filter.avrio-web.de\/?page_id=17091"},"modified":"2024-04-15T08:43:26","modified_gmt":"2024-04-15T06:43:26","slug":"centre-de-telechargement","status":"publish","type":"page","link":"https:\/\/polo-filter.avrio-web.de\/fr\/centre-de-telechargement\/","title":{"rendered":"Downloadcenter (FR)"},"content":{"rendered":"\n    \n                                                 <div class=\"heroimage container\" style=\"height:650px;background-image: url(https:\/\/polo-filter.avrio-web.de\/wp-content\/uploads\/Downloadcenter_POLO_Filter_Technik_Kopfbild_650px_101.jpg);background-repeat: no-repeat;background-size: contain;background-position: center \">\n                    \t<img decoding=\"async\" src=\"https:\/\/polo-filter.avrio-web.de\/wp-content\/uploads\/Downloadcenter_POLO_Filter_Technik_Kopfbild_650px_101.jpg\" style=\"visibility: hidden;\" \/>\n\n                <\/div>\n                  \n\n\n        <div class=\"flexible-content acf-content standard\" id=\"block_05abe58dcc285918f7db13fa70f247e1\" style=\"background-color: transparent\">\n        <div class=\"flexible-content-inner container\" >\n            <div id=\"dynamiccontent\" class=\"flexible-item-wrapper\">\n               \n                <div class=\" flexible-items\" >\n                    <div class=\"row\">\n                                                   \n                                                            <div class=\"col-lg  flexible-item flex-text\">\n                                   <div class=\"inner\">\n                                       <h1>Centre de t\u00e9l\u00e9chargement<\/h1>\n<h2>Prospectus, certificats, fiches techniques<\/h2>\n<p>Diff\u00e9rents formulaires, documents et fiches techniques sont toujours n\u00e9cessaires pour nos clients, fournisseurs et prestataires de services. Nous ne pouvons malheureusement pas encore supprimer cette partie de l&rsquo;administration. Mais nous pouvons contribuer \u00e0 ce que les processus se d\u00e9roulent le plus harmonieusement possible. C&rsquo;est pourquoi nous avons centralis\u00e9 tous les documents dans ce centre de t\u00e9l\u00e9chargement.<\/p>\n                                   <\/div>\n                                <\/div>\n                                                                        <\/div>\n                <\/div>\n            <\/div>\n        <\/div>\n    <\/div>\n\n\n\n        <div id=\"bildtextgruenerbutton\" class=\"flexible-content acf-content\"  style=\"background-color: transparent;\">\n        <div class=\"flexible-content-inner\">\n            <div class=\"flexible-item-wrapper\">\n\n               \n                     \n                        <div class=\"container flexible-items\">\n                            <div class=\"row\">\n                                \n                                                                     <div class=\"col-lg  bildtextgruenerbutton-box\" data-aos=\"fade-up\">\n                                        <div class=\"inner\"> \n\n\n                                            <div class=\"col-12 bild\">\n                                                  \n                                            <\/div>\n\n                                            <div class=\"col-12 beschreibung\">\n                                            \t <h3>Entreprises<\/h3>\n<p>Vous trouverez ici tous les documents, comme notre Image Folder, les certificats et les films.<\/p>\n                                            <\/div> \n\n\n                                        <div class=\"overflow\">\n                                                                                        <div class=\"col-10 text\">\n                                                <a class=\"\" href=\"https:\/\/polo-filter.avrio-web.de\/fr\/entreprises\/\" target=\"_self\" style=\"color:#2c2c2c;\"> <\/a>\n                                            <\/div> \n                                                                                    <div class=\"col-2 button\">\n                                               \n                                                                                                       <a class=\"button\" href=\"https:\/\/polo-filter.avrio-web.de\/fr\/entreprises\/\" target=\"_self\"><img decoding=\"async\" src=\"https:\/\/polo-filter.avrio-web.de\/wp-content\/uploads\/POLO_Filter_Technik_Icon_Gruen_Pfeil_rechts.png\" alt=\"\" \/><\/a>\n                                                                                            <\/div>\n                                        <\/div>\n\n\n                                         \n\n\n                                             \n\n\n                                             \n\n\n                                            \n\n\n                                        <\/div>\n                                    <\/div>\n                                  \n                                                            \n                                                                     <div class=\"col-lg  bildtextgruenerbutton-box\" data-aos=\"fade-up\">\n                                        <div class=\"inner\"> \n\n\n                                            <div class=\"col-12 bild\">\n                                                  \n                                            <\/div>\n\n                                            <div class=\"col-12 beschreibung\">\n                                            \t <h3>Informations produits<\/h3>\n<p>Toutes les informations sur nos produits en un seul endroit : Fiches techniques, prospectus et vid\u00e9os.<\/p>\n                                            <\/div> \n\n\n                                        <div class=\"overflow\">\n                                                                                        <div class=\"col-10 text\">\n                                                <a class=\"\" href=\"https:\/\/polo-filter.avrio-web.de\/fr\/informations-produits\/\" target=\"_self\" style=\"color:#2c2c2c;\"> <\/a>\n                                            <\/div> \n                                                                                    <div class=\"col-2 button\">\n                                               \n                                                                                                       <a class=\"button\" href=\"https:\/\/polo-filter.avrio-web.de\/fr\/informations-produits\/\" target=\"_self\"><img decoding=\"async\" src=\"https:\/\/polo-filter.avrio-web.de\/wp-content\/uploads\/POLO_Filter_Technik_Icon_Gruen_Pfeil_rechts.png\" alt=\"\" \/><\/a>\n                                                                                            <\/div>\n                                        <\/div>\n\n\n                                         \n\n\n                                             \n\n\n                                             \n\n\n                                            \n\n\n                                        <\/div>\n                                    <\/div>\n                                  \n                                                            \n                                                                     <div class=\"col-lg  bildtextgruenerbutton-box\" data-aos=\"fade-up\">\n                                        <div class=\"inner\"> \n\n\n                                            <div class=\"col-12 bild\">\n                                                  \n                                            <\/div>\n\n                                            <div class=\"col-12 beschreibung\">\n                                            \t <h3>Centre client\u00e8le<\/h3>\n<p>Vous trouverez ici tous les documents et formulaires dont vous avez besoin, ainsi que des tutoriels.<\/p>\n                                            <\/div> \n\n\n                                        <div class=\"overflow\">\n                                                                                        <div class=\"col-10 text\">\n                                                <a class=\"\" href=\"https:\/\/polo-filter.avrio-web.de\/fr\/centre-clientele\/\" target=\"_self\" style=\"color:#2c2c2c;\"> <\/a>\n                                            <\/div> \n                                                                                    <div class=\"col-2 button\">\n                                               \n                                                                                                       <a class=\"button\" href=\"https:\/\/polo-filter.avrio-web.de\/fr\/centre-clientele\/\" target=\"_self\"><img decoding=\"async\" src=\"https:\/\/polo-filter.avrio-web.de\/wp-content\/uploads\/POLO_Filter_Technik_Icon_Gruen_Pfeil_rechts.png\" alt=\"\" \/><\/a>\n                                                                                            <\/div>\n                                        <\/div>\n\n\n                                         \n\n\n                                             \n\n\n                                             \n\n\n                                            \n\n\n                                        <\/div>\n                                    <\/div>\n                                  \n                                                                                    <\/div> <!-- row-->\n                    <\/div>\n\n             \n        <\/div>\n    <\/div>\n<\/div>\n\n","protected":false},"excerpt":{"rendered":"","protected":false},"author":4,"featured_media":0,"parent":0,"menu_order":43,"comment_status":"closed","ping_status":"closed","template":"","meta":{"_acf_changed":false,"footnotes":""},"class_list":["post-17091","page","type-page","status-publish","hentry"],"acf":[],"yoast_head":"<!-- This site is optimized with the Yoast SEO plugin v25.8 - https:\/\/yoast.com\/wordpress\/plugins\/seo\/ -->\n<title>Downloadcenter (FR) - POLO Filter-Technik<\/title>\n<meta name=\"robots\" content=\"index, follow, max-snippet:-1, max-image-preview:large, max-video-preview:-1\" \/>\n<link rel=\"canonical\" href=\"https:\/\/polo-filter.avrio-web.de\/fr\/centre-de-telechargement\/\" \/>\n<meta property=\"og:locale\" content=\"fr_FR\" \/>\n<meta property=\"og:type\" content=\"article\" \/>\n<meta property=\"og:title\" content=\"Downloadcenter (FR) - POLO Filter-Technik\" \/>\n<meta property=\"og:url\" content=\"https:\/\/polo-filter.avrio-web.de\/fr\/centre-de-telechargement\/\" \/>\n<meta property=\"og:site_name\" content=\"POLO Filter-Technik\" \/>\n<meta property=\"article:modified_time\" content=\"2024-04-15T06:43:26+00:00\" \/>\n<meta name=\"twitter:card\" content=\"summary_large_image\" \/>\n<script type=\"application\/ld+json\" class=\"yoast-schema-graph\">{\"@context\":\"https:\/\/schema.org\",\"@graph\":[{\"@type\":\"WebPage\",\"@id\":\"https:\/\/polo-filter.avrio-web.de\/fr\/centre-de-telechargement\/\",\"url\":\"https:\/\/polo-filter.avrio-web.de\/fr\/centre-de-telechargement\/\",\"name\":\"Downloadcenter (FR) - POLO Filter-Technik\",\"isPartOf\":{\"@id\":\"https:\/\/polo-filter.avrio-web.de\/fr\/#website\"},\"datePublished\":\"2024-01-09T10:25:55+00:00\",\"dateModified\":\"2024-04-15T06:43:26+00:00\",\"breadcrumb\":{\"@id\":\"https:\/\/polo-filter.avrio-web.de\/fr\/centre-de-telechargement\/#breadcrumb\"},\"inLanguage\":\"fr-FR\",\"potentialAction\":[{\"@type\":\"ReadAction\",\"target\":[\"https:\/\/polo-filter.avrio-web.de\/fr\/centre-de-telechargement\/\"]}]},{\"@type\":\"BreadcrumbList\",\"@id\":\"https:\/\/polo-filter.avrio-web.de\/fr\/centre-de-telechargement\/#breadcrumb\",\"itemListElement\":[{\"@type\":\"ListItem\",\"position\":1,\"name\":\"Startseite\",\"item\":\"https:\/\/polo-filter.avrio-web.de\/fr\/\"},{\"@type\":\"ListItem\",\"position\":2,\"name\":\"Downloadcenter (FR)\"}]},{\"@type\":\"WebSite\",\"@id\":\"https:\/\/polo-filter.avrio-web.de\/fr\/#website\",\"url\":\"https:\/\/polo-filter.avrio-web.de\/fr\/\",\"name\":\"POLO Filter-Technik\",\"description\":\"Filteranlagen nach Mass\",\"potentialAction\":[{\"@type\":\"SearchAction\",\"target\":{\"@type\":\"EntryPoint\",\"urlTemplate\":\"https:\/\/polo-filter.avrio-web.de\/fr\/?s={search_term_string}\"},\"query-input\":{\"@type\":\"PropertyValueSpecification\",\"valueRequired\":true,\"valueName\":\"search_term_string\"}}],\"inLanguage\":\"fr-FR\"}]}<\/script>\n<!-- \/ Yoast SEO plugin. -->","yoast_head_json":{"title":"Downloadcenter (FR) - POLO Filter-Technik","robots":{"index":"index","follow":"follow","max-snippet":"max-snippet:-1","max-image-preview":"max-image-preview:large","max-video-preview":"max-video-preview:-1"},"canonical":"https:\/\/polo-filter.avrio-web.de\/fr\/centre-de-telechargement\/","og_locale":"fr_FR","og_type":"article","og_title":"Downloadcenter (FR) - POLO Filter-Technik","og_url":"https:\/\/polo-filter.avrio-web.de\/fr\/centre-de-telechargement\/","og_site_name":"POLO Filter-Technik","article_modified_time":"2024-04-15T06:43:26+00:00","twitter_card":"summary_large_image","schema":{"@context":"https:\/\/schema.org","@graph":[{"@type":"WebPage","@id":"https:\/\/polo-filter.avrio-web.de\/fr\/centre-de-telechargement\/","url":"https:\/\/polo-filter.avrio-web.de\/fr\/centre-de-telechargement\/","name":"Downloadcenter (FR) - POLO Filter-Technik","isPartOf":{"@id":"https:\/\/polo-filter.avrio-web.de\/fr\/#website"},"datePublished":"2024-01-09T10:25:55+00:00","dateModified":"2024-04-15T06:43:26+00:00","breadcrumb":{"@id":"https:\/\/polo-filter.avrio-web.de\/fr\/centre-de-telechargement\/#breadcrumb"},"inLanguage":"fr-FR","potentialAction":[{"@type":"ReadAction","target":["https:\/\/polo-filter.avrio-web.de\/fr\/centre-de-telechargement\/"]}]},{"@type":"BreadcrumbList","@id":"https:\/\/polo-filter.avrio-web.de\/fr\/centre-de-telechargement\/#breadcrumb","itemListElement":[{"@type":"ListItem","position":1,"name":"Startseite","item":"https:\/\/polo-filter.avrio-web.de\/fr\/"},{"@type":"ListItem","position":2,"name":"Downloadcenter (FR)"}]},{"@type":"WebSite","@id":"https:\/\/polo-filter.avrio-web.de\/fr\/#website","url":"https:\/\/polo-filter.avrio-web.de\/fr\/","name":"POLO Filter-Technik","description":"Filteranlagen nach Mass","potentialAction":[{"@type":"SearchAction","target":{"@type":"EntryPoint","urlTemplate":"https:\/\/polo-filter.avrio-web.de\/fr\/?s={search_term_string}"},"query-input":{"@type":"PropertyValueSpecification","valueRequired":true,"valueName":"search_term_string"}}],"inLanguage":"fr-FR"}]}},"_links":{"self":[{"href":"https:\/\/polo-filter.avrio-web.de\/fr\/wp-json\/wp\/v2\/pages\/17091","targetHints":{"allow":["GET"]}}],"collection":[{"href":"https:\/\/polo-filter.avrio-web.de\/fr\/wp-json\/wp\/v2\/pages"}],"about":[{"href":"https:\/\/polo-filter.avrio-web.de\/fr\/wp-json\/wp\/v2\/types\/page"}],"author":[{"embeddable":true,"href":"https:\/\/polo-filter.avrio-web.de\/fr\/wp-json\/wp\/v2\/users\/4"}],"replies":[{"embeddable":true,"href":"https:\/\/polo-filter.avrio-web.de\/fr\/wp-json\/wp\/v2\/comments?post=17091"}],"version-history":[{"count":7,"href":"https:\/\/polo-filter.avrio-web.de\/fr\/wp-json\/wp\/v2\/pages\/17091\/revisions"}],"predecessor-version":[{"id":17716,"href":"https:\/\/polo-filter.avrio-web.de\/fr\/wp-json\/wp\/v2\/pages\/17091\/revisions\/17716"}],"wp:attachment":[{"href":"https:\/\/polo-filter.avrio-web.de\/fr\/wp-json\/wp\/v2\/media?parent=17091"}],"curies":[{"name":"wp","href":"https:\/\/api.w.org\/{rel}","templated":true}]}}