{"id":17081,"date":"2024-01-09T11:20:25","date_gmt":"2024-01-09T10:20:25","guid":{"rendered":"https:\/\/polo-filter.avrio-web.de\/?page_id=17081"},"modified":"2024-12-12T15:34:21","modified_gmt":"2024-12-12T14:34:21","slug":"au-sujet-de-polo","status":"publish","type":"page","link":"https:\/\/polo-filter.avrio-web.de\/fr\/au-sujet-de-polo\/","title":{"rendered":"\u00dcbersicht Polo (FR)"},"content":{"rendered":"\n    \n                                                 <div class=\"heroimage container\" style=\"height:450px;background-image: url(https:\/\/polo-filter.avrio-web.de\/wp-content\/uploads\/Ueber_POLO_Filter_Technik_Kopfbild_450px_101.jpg);background-repeat: no-repeat;background-size: contain;background-position: center \">\n                    \t<img decoding=\"async\" src=\"https:\/\/polo-filter.avrio-web.de\/wp-content\/uploads\/Ueber_POLO_Filter_Technik_Kopfbild_450px_101.jpg\" style=\"visibility: hidden;\" \/>\n\n                <\/div>\n                  \n\n\n        <div class=\"flexible-content acf-content standard\" id=\"block_d071aad13837a62e80a01c8e36ae058c\" style=\"background-color: transparent\">\n        <div class=\"flexible-content-inner container\" >\n            <div id=\"dynamiccontent\" class=\"flexible-item-wrapper\">\n               \n                <div class=\" flexible-items\" >\n                    <div class=\"row\">\n                                                   \n                                                            <div class=\"col-lg  flexible-item flex-text\">\n                                   <div class=\"inner\">\n                                       <h1>POLO Filter-Technik Bremen GmbH<\/h1>\n<h2>Syst\u00e8mes de filtration sur mesure<\/h2>\n                                   <\/div>\n                                <\/div>\n                                                                        <\/div>\n                <\/div>\n            <\/div>\n        <\/div>\n    <\/div>\n\n\n\n        <div class=\"flexible-content acf-content standard\" id=\"block_6710f19e7f5cb4fdede4041287d9cd6a\" style=\"background-color: #ececec\">\n        <div class=\"flexible-content-inner container\" >\n            <div id=\"dynamiccontent\" class=\"flexible-item-wrapper\">\n               \n                <div class=\" flexible-items\" >\n                    <div class=\"row\">\n                                                   \n                                                            <div class=\"col-lg  flexible-item flex-text\">\n                                   <div class=\"inner\">\n                                       <p><img loading=\"lazy\" decoding=\"async\" class=\"alignright wp-image-4508 size-medium\" style=\"font-weight: bold\" src=\"https:\/\/polo-filter.avrio-web.de\/wp-content\/uploads\/Partner_im_BVMW_POLO_Filter-Technik_Bremen_GmbH_101-300x219.jpg\" alt=\"\" width=\"300\" height=\"219\" srcset=\"https:\/\/polo-filter.avrio-web.de\/wp-content\/uploads\/Partner_im_BVMW_POLO_Filter-Technik_Bremen_GmbH_101-300x219.jpg 300w, https:\/\/polo-filter.avrio-web.de\/wp-content\/uploads\/Partner_im_BVMW_POLO_Filter-Technik_Bremen_GmbH_101-768x561.jpg 768w, https:\/\/polo-filter.avrio-web.de\/wp-content\/uploads\/Partner_im_BVMW_POLO_Filter-Technik_Bremen_GmbH_101-600x438.jpg 600w, https:\/\/polo-filter.avrio-web.de\/wp-content\/uploads\/Partner_im_BVMW_POLO_Filter-Technik_Bremen_GmbH_101.jpg 982w\" sizes=\"auto, (max-width: 300px) 100vw, 300px\" \/><\/p>\n<h1>Au sujet de POLO<\/h1>\n<p>Depuis 1949 d\u00e9j\u00e0, nous conseillons, planifions, construisons et fabriquons des syst\u00e8mes de filtration sur mesure pour les domaines d&rsquo;application et les d\u00e9bits les plus divers. Nous recherchons la bonne solution.<\/p>\n<p><strong>Mettez-nous au d\u00e9fi.<\/strong><\/p>\n                                   <\/div>\n                                <\/div>\n                                                                        <\/div>\n                <\/div>\n            <\/div>\n        <\/div>\n    <\/div>\n\n\n\n     \n<div id=\"Video\" class=\"video flexible-content\" style=\"background-color: transparent;\">\n    <div class=\"flexible-content-inner container\">\n             <div class=\"container intro-text\" style=\"background-color: transparent\">\n                        <div class=\"row justify-content-center\">\n                            <div class=\"col-lg text\">\n                                <p style=\"font-size: 24px; color: #0064ad;font-weight: bold;\">Des syst\u00e8mes de filtration sp\u00e9cifiques aux clients<\/p>\n                            <\/div>\n                        <\/div>\n                    <\/div>                    <div id=\"video-iframe\" class=\"container\" style=\"background-color: transparent; position: relative\">\n                         <div class=\"BorlabsCookie _brlbs-cb-vimeo\"><div class=\"_brlbs-content-blocker\"> <div class=\"_brlbs-embed _brlbs-video-vimeo\"> <img decoding=\"async\" class=\"_brlbs-thumbnail\" src=\"https:\/\/polo-filter.avrio-web.de\/wp-content\/plugins\/borlabs-cookie\/assets\/images\/cb-no-thumbnail.png\" alt=\"Vimeo\"> <div class=\"_brlbs-caption\"> <p>En chargeant le message, vous acceptez la politique de confidentialit\u00e9 de Vimeo.<br><a href=\"https:\/\/vimeo.com\/privacy\" target=\"_blank\" rel=\"nofollow noopener noreferrer\">Mehr erfahren<\/a><\/p> <p><a class=\"_brlbs-btn _brlbs-icon-play-white\" href=\"#\" data-borlabs-cookie-unblock role=\"button\">Charger le message<\/a><\/p> <p><label><input type=\"checkbox\" name=\"unblockAll\" value=\"1\" checked> <small>Toujours d\u00e9verrouiller les messages<\/small><\/label><\/p> <\/div> <\/div> <\/div><div class=\"borlabs-hide\" data-borlabs-cookie-type=\"content-blocker\" data-borlabs-cookie-id=\"vimeo\"><script type=\"text\/template\">PGlmcmFtZSB0aXRsZT0iUG9sbyBGaWx0ZXIgVGVjaG5payBUcmFpbGVyIC0gVW5zZXJlIExlaXN0dW5nZW4gYXVmIGVpbmVuIEJsaWNrIiBzcmM9Imh0dHBzOi8vcGxheWVyLnZpbWVvLmNvbS92aWRlby80ODQzNTcxNDQ\/ZG50PTEmYW1wO2FwcF9pZD0xMjI5NjMiIHdpZHRoPSI3MTEiIGhlaWdodD0iNDAwIiBmcmFtZWJvcmRlcj0iMCIgYWxsb3c9ImF1dG9wbGF5OyBmdWxsc2NyZWVuOyBwaWN0dXJlLWluLXBpY3R1cmU7IGNsaXBib2FyZC13cml0ZTsgZW5jcnlwdGVkLW1lZGlhOyB3ZWItc2hhcmUiIHJlZmVycmVycG9saWN5PSJzdHJpY3Qtb3JpZ2luLXdoZW4tY3Jvc3Mtb3JpZ2luIj48L2lmcmFtZT4=<\/script><\/div><\/div>                    <\/div> \n    <\/div>\n\n\n<\/div>\n\n\n     \n<div id=\"Video\" class=\"video flexible-content\" style=\"background-color: transparent;\">\n    <div class=\"flexible-content-inner container\">\n             <div class=\"container intro-text\" style=\"background-color: transparent\">\n                        <div class=\"row justify-content-center\">\n                            <div class=\"col-lg text\">\n                                <p style=\"font-size: 24px; color: #0064ad;font-weight: bold;\">POLO Filter-Technik Bremen GmbH Conception et fabrication<\/p>\n                            <\/div>\n                        <\/div>\n                    <\/div>                    <div id=\"video-iframe\" class=\"container\" style=\"background-color: transparent; position: relative\">\n                         <div class=\"BorlabsCookie _brlbs-cb-vimeo\"><div class=\"_brlbs-content-blocker\"> <div class=\"_brlbs-embed _brlbs-video-vimeo\"> <img decoding=\"async\" class=\"_brlbs-thumbnail\" src=\"https:\/\/polo-filter.avrio-web.de\/wp-content\/plugins\/borlabs-cookie\/assets\/images\/cb-no-thumbnail.png\" alt=\"Vimeo\"> <div class=\"_brlbs-caption\"> <p>En chargeant le message, vous acceptez la politique de confidentialit\u00e9 de Vimeo.<br><a href=\"https:\/\/vimeo.com\/privacy\" target=\"_blank\" rel=\"nofollow noopener noreferrer\">Mehr erfahren<\/a><\/p> <p><a class=\"_brlbs-btn _brlbs-icon-play-white\" href=\"#\" data-borlabs-cookie-unblock role=\"button\">Charger le message<\/a><\/p> <p><label><input type=\"checkbox\" name=\"unblockAll\" value=\"1\" checked> <small>Toujours d\u00e9verrouiller les messages<\/small><\/label><\/p> <\/div> <\/div> <\/div><div class=\"borlabs-hide\" data-borlabs-cookie-type=\"content-blocker\" data-borlabs-cookie-id=\"vimeo\"><script type=\"text\/template\">PGlmcmFtZSB0aXRsZT0iS29uc3RydWt0aW9uIHVuZCBGZXJ0aWd1bmcgYmVpIFBvbG8gRmlsdGVyLVRlY2huaWsgR21iSCBCcmVtZW4gLSBJbmR1c3RyaWVmaWxtIiBzcmM9Imh0dHBzOi8vcGxheWVyLnZpbWVvLmNvbS92aWRlby80ODQzNTY0MTg\/ZG50PTEmYW1wO2FwcF9pZD0xMjI5NjMiIHdpZHRoPSI3MTEiIGhlaWdodD0iNDAwIiBmcmFtZWJvcmRlcj0iMCIgYWxsb3c9ImF1dG9wbGF5OyBmdWxsc2NyZWVuOyBwaWN0dXJlLWluLXBpY3R1cmU7IGNsaXBib2FyZC13cml0ZTsgZW5jcnlwdGVkLW1lZGlhOyB3ZWItc2hhcmUiIHJlZmVycmVycG9saWN5PSJzdHJpY3Qtb3JpZ2luLXdoZW4tY3Jvc3Mtb3JpZ2luIj48L2lmcmFtZT4=<\/script><\/div><\/div>                    <\/div> \n    <\/div>\n\n\n<\/div>\n\n\n     \n<div id=\"Video\" class=\"video flexible-content\" style=\"background-color: transparent;\">\n    <div class=\"flexible-content-inner container\">\n             <div class=\"container intro-text\" style=\"background-color: transparent\">\n                        <div class=\"row justify-content-center\">\n                            <div class=\"col-lg text\">\n                                <p style=\"font-size: 24px; color: #0064ad;font-weight: bold;\">Fonctionnement d&rsquo;un filtre non-tiss\u00e9<\/p>\n                            <\/div>\n                        <\/div>\n                    <\/div>                    <div id=\"video-iframe\" class=\"container\" style=\"background-color: transparent; position: relative\">\n                         <div class=\"BorlabsCookie _brlbs-cb-vimeo\"><div class=\"_brlbs-content-blocker\"> <div class=\"_brlbs-embed _brlbs-video-vimeo\"> <img decoding=\"async\" class=\"_brlbs-thumbnail\" src=\"https:\/\/polo-filter.avrio-web.de\/wp-content\/plugins\/borlabs-cookie\/assets\/images\/cb-no-thumbnail.png\" alt=\"Vimeo\"> <div class=\"_brlbs-caption\"> <p>En chargeant le message, vous acceptez la politique de confidentialit\u00e9 de Vimeo.<br><a href=\"https:\/\/vimeo.com\/privacy\" target=\"_blank\" rel=\"nofollow noopener noreferrer\">Mehr erfahren<\/a><\/p> <p><a class=\"_brlbs-btn _brlbs-icon-play-white\" href=\"#\" data-borlabs-cookie-unblock role=\"button\">Charger le message<\/a><\/p> <p><label><input type=\"checkbox\" name=\"unblockAll\" value=\"1\" checked> <small>Toujours d\u00e9verrouiller les messages<\/small><\/label><\/p> <\/div> <\/div> <\/div><div class=\"borlabs-hide\" data-borlabs-cookie-type=\"content-blocker\" data-borlabs-cookie-id=\"vimeo\"><script type=\"text\/template\">PGlmcmFtZSB0aXRsZT0iRnVua3Rpb24gZWluZXMgVmxpZXNmaWx0ZXJzIiBzcmM9Imh0dHBzOi8vcGxheWVyLnZpbWVvLmNvbS92aWRlby82MzkwMzg1ODU\/ZG50PTEmYW1wO2FwcF9pZD0xMjI5NjMiIHdpZHRoPSI3MTEiIGhlaWdodD0iNDAwIiBmcmFtZWJvcmRlcj0iMCIgYWxsb3c9ImF1dG9wbGF5OyBmdWxsc2NyZWVuOyBwaWN0dXJlLWluLXBpY3R1cmU7IGNsaXBib2FyZC13cml0ZTsgZW5jcnlwdGVkLW1lZGlhOyB3ZWItc2hhcmUiIHJlZmVycmVycG9saWN5PSJzdHJpY3Qtb3JpZ2luLXdoZW4tY3Jvc3Mtb3JpZ2luIj48L2lmcmFtZT4=<\/script><\/div><\/div>                    <\/div> \n    <\/div>\n\n\n<\/div>\n\n\n     <div id=\"teaserelement-block\" class=\"container flexible-content\"  style=\"background-color: transparent;\">\n  <div class=\"flexible-item-wrapper\">\n     <div class=\"row\">\n                                        \n      <div class=\"col-lg\" id=\"blue-field\">\n          <a href=\"https:\/\/polo-filter.avrio-web.de\/108_Downloadcenter\/Produkt\/POLO_Filter_FR_Aper%C3%A7u.pdf\"><h4>T\u00e9l\u00e9charger le prospectus de pr\u00e9sentation &#8212;&gt;<\/h4>\n <\/a>\n      <\/div>\n      <div class=\"col-1\">\n        \n        <a href=\"https:\/\/polo-filter.avrio-web.de\/108_Downloadcenter\/Produkt\/POLO_Filter_FR_Aper%C3%A7u.pdf\">\n                        <img decoding=\"async\" src=\"https:\/\/polo-filter.avrio-web.de\/wp-content\/uploads\/POLO_Filter_Technik_Icon_Gruen_PDF.png\">\n        <\/a>\n         \n      <\/div>\n                       \n   <\/div>\n  <\/div>\n  \n                               \n \n\n<\/div>\n\n\n     <div id=\"teaserelement-block\" class=\"container flexible-content\"  style=\"background-color: transparent;\">\n  <div class=\"flexible-item-wrapper\">\n     <div class=\"row\">\n                                        \n      <div class=\"col-lg\" id=\"blue-field\">\n          <a href=\"https:\/\/polo-filter.avrio-web.de\/108_Downloadcenter\/Unternehmen\/POLO_Filter_EN_Image_Folder.pdf\"><h4>T\u00e9l\u00e9charger la brochure illustr\u00e9e &#8212;&gt;<\/h4>\n <\/a>\n      <\/div>\n      <div class=\"col-1\">\n        \n        <a href=\"https:\/\/polo-filter.avrio-web.de\/108_Downloadcenter\/Unternehmen\/POLO_Filter_EN_Image_Folder.pdf\">\n                        <img decoding=\"async\" src=\"https:\/\/polo-filter.avrio-web.de\/wp-content\/uploads\/POLO_Filter_Technik_Icon_Gruen_PDF.png\">\n        <\/a>\n         \n      <\/div>\n                       \n   <\/div>\n  <\/div>\n  \n                               \n \n\n<\/div>\n\n\n        <div class=\"flexible-content acf-content standard\" id=\"block_88ca75bf6ca75017966a34b685d6aa2f\" style=\"background-color: transparent\">\n        <div class=\"flexible-content-inner container\" >\n            <div id=\"dynamiccontent\" class=\"flexible-item-wrapper\">\n               \n                <div class=\" flexible-items\" >\n                    <div class=\"row\">\n                                                   \n                                                            <div class=\"col-lg  flexible-item flex-text\">\n                                   <div class=\"inner\">\n                                                                          <\/div>\n                                <\/div>\n                                                                        <\/div>\n                <\/div>\n            <\/div>\n        <\/div>\n    <\/div>\n\n","protected":false},"excerpt":{"rendered":"","protected":false},"author":4,"featured_media":0,"parent":0,"menu_order":39,"comment_status":"closed","ping_status":"closed","template":"","meta":{"_acf_changed":false,"footnotes":""},"class_list":["post-17081","page","type-page","status-publish","hentry"],"acf":[],"yoast_head":"<!-- This site is optimized with the Yoast SEO plugin v25.8 - https:\/\/yoast.com\/wordpress\/plugins\/seo\/ -->\n<title>\u00dcbersicht Polo (FR) - POLO Filter-Technik<\/title>\n<meta name=\"robots\" content=\"index, follow, max-snippet:-1, max-image-preview:large, max-video-preview:-1\" \/>\n<link rel=\"canonical\" href=\"https:\/\/polo-filter.avrio-web.de\/fr\/au-sujet-de-polo\/\" \/>\n<meta property=\"og:locale\" content=\"fr_FR\" \/>\n<meta property=\"og:type\" content=\"article\" \/>\n<meta property=\"og:title\" content=\"\u00dcbersicht Polo (FR) - POLO Filter-Technik\" \/>\n<meta property=\"og:url\" content=\"https:\/\/polo-filter.avrio-web.de\/fr\/au-sujet-de-polo\/\" \/>\n<meta property=\"og:site_name\" content=\"POLO Filter-Technik\" \/>\n<meta property=\"article:modified_time\" content=\"2024-12-12T14:34:21+00:00\" \/>\n<meta name=\"twitter:card\" content=\"summary_large_image\" \/>\n<script type=\"application\/ld+json\" class=\"yoast-schema-graph\">{\"@context\":\"https:\/\/schema.org\",\"@graph\":[{\"@type\":\"WebPage\",\"@id\":\"https:\/\/polo-filter.avrio-web.de\/fr\/au-sujet-de-polo\/\",\"url\":\"https:\/\/polo-filter.avrio-web.de\/fr\/au-sujet-de-polo\/\",\"name\":\"\u00dcbersicht Polo (FR) - POLO Filter-Technik\",\"isPartOf\":{\"@id\":\"https:\/\/polo-filter.avrio-web.de\/fr\/#website\"},\"datePublished\":\"2024-01-09T10:20:25+00:00\",\"dateModified\":\"2024-12-12T14:34:21+00:00\",\"breadcrumb\":{\"@id\":\"https:\/\/polo-filter.avrio-web.de\/fr\/au-sujet-de-polo\/#breadcrumb\"},\"inLanguage\":\"fr-FR\",\"potentialAction\":[{\"@type\":\"ReadAction\",\"target\":[\"https:\/\/polo-filter.avrio-web.de\/fr\/au-sujet-de-polo\/\"]}]},{\"@type\":\"BreadcrumbList\",\"@id\":\"https:\/\/polo-filter.avrio-web.de\/fr\/au-sujet-de-polo\/#breadcrumb\",\"itemListElement\":[{\"@type\":\"ListItem\",\"position\":1,\"name\":\"Startseite\",\"item\":\"https:\/\/polo-filter.avrio-web.de\/fr\/\"},{\"@type\":\"ListItem\",\"position\":2,\"name\":\"\u00dcbersicht Polo (FR)\"}]},{\"@type\":\"WebSite\",\"@id\":\"https:\/\/polo-filter.avrio-web.de\/fr\/#website\",\"url\":\"https:\/\/polo-filter.avrio-web.de\/fr\/\",\"name\":\"POLO Filter-Technik\",\"description\":\"Filteranlagen nach Mass\",\"potentialAction\":[{\"@type\":\"SearchAction\",\"target\":{\"@type\":\"EntryPoint\",\"urlTemplate\":\"https:\/\/polo-filter.avrio-web.de\/fr\/?s={search_term_string}\"},\"query-input\":{\"@type\":\"PropertyValueSpecification\",\"valueRequired\":true,\"valueName\":\"search_term_string\"}}],\"inLanguage\":\"fr-FR\"}]}<\/script>\n<!-- \/ Yoast SEO plugin. -->","yoast_head_json":{"title":"\u00dcbersicht Polo (FR) - POLO Filter-Technik","robots":{"index":"index","follow":"follow","max-snippet":"max-snippet:-1","max-image-preview":"max-image-preview:large","max-video-preview":"max-video-preview:-1"},"canonical":"https:\/\/polo-filter.avrio-web.de\/fr\/au-sujet-de-polo\/","og_locale":"fr_FR","og_type":"article","og_title":"\u00dcbersicht Polo (FR) - POLO Filter-Technik","og_url":"https:\/\/polo-filter.avrio-web.de\/fr\/au-sujet-de-polo\/","og_site_name":"POLO Filter-Technik","article_modified_time":"2024-12-12T14:34:21+00:00","twitter_card":"summary_large_image","schema":{"@context":"https:\/\/schema.org","@graph":[{"@type":"WebPage","@id":"https:\/\/polo-filter.avrio-web.de\/fr\/au-sujet-de-polo\/","url":"https:\/\/polo-filter.avrio-web.de\/fr\/au-sujet-de-polo\/","name":"\u00dcbersicht Polo (FR) - POLO Filter-Technik","isPartOf":{"@id":"https:\/\/polo-filter.avrio-web.de\/fr\/#website"},"datePublished":"2024-01-09T10:20:25+00:00","dateModified":"2024-12-12T14:34:21+00:00","breadcrumb":{"@id":"https:\/\/polo-filter.avrio-web.de\/fr\/au-sujet-de-polo\/#breadcrumb"},"inLanguage":"fr-FR","potentialAction":[{"@type":"ReadAction","target":["https:\/\/polo-filter.avrio-web.de\/fr\/au-sujet-de-polo\/"]}]},{"@type":"BreadcrumbList","@id":"https:\/\/polo-filter.avrio-web.de\/fr\/au-sujet-de-polo\/#breadcrumb","itemListElement":[{"@type":"ListItem","position":1,"name":"Startseite","item":"https:\/\/polo-filter.avrio-web.de\/fr\/"},{"@type":"ListItem","position":2,"name":"\u00dcbersicht Polo (FR)"}]},{"@type":"WebSite","@id":"https:\/\/polo-filter.avrio-web.de\/fr\/#website","url":"https:\/\/polo-filter.avrio-web.de\/fr\/","name":"POLO Filter-Technik","description":"Filteranlagen nach Mass","potentialAction":[{"@type":"SearchAction","target":{"@type":"EntryPoint","urlTemplate":"https:\/\/polo-filter.avrio-web.de\/fr\/?s={search_term_string}"},"query-input":{"@type":"PropertyValueSpecification","valueRequired":true,"valueName":"search_term_string"}}],"inLanguage":"fr-FR"}]}},"_links":{"self":[{"href":"https:\/\/polo-filter.avrio-web.de\/fr\/wp-json\/wp\/v2\/pages\/17081","targetHints":{"allow":["GET"]}}],"collection":[{"href":"https:\/\/polo-filter.avrio-web.de\/fr\/wp-json\/wp\/v2\/pages"}],"about":[{"href":"https:\/\/polo-filter.avrio-web.de\/fr\/wp-json\/wp\/v2\/types\/page"}],"author":[{"embeddable":true,"href":"https:\/\/polo-filter.avrio-web.de\/fr\/wp-json\/wp\/v2\/users\/4"}],"replies":[{"embeddable":true,"href":"https:\/\/polo-filter.avrio-web.de\/fr\/wp-json\/wp\/v2\/comments?post=17081"}],"version-history":[{"count":11,"href":"https:\/\/polo-filter.avrio-web.de\/fr\/wp-json\/wp\/v2\/pages\/17081\/revisions"}],"predecessor-version":[{"id":18209,"href":"https:\/\/polo-filter.avrio-web.de\/fr\/wp-json\/wp\/v2\/pages\/17081\/revisions\/18209"}],"wp:attachment":[{"href":"https:\/\/polo-filter.avrio-web.de\/fr\/wp-json\/wp\/v2\/media?parent=17081"}],"curies":[{"name":"wp","href":"https:\/\/api.w.org\/{rel}","templated":true}]}}