{"id":17069,"date":"2024-01-09T10:15:41","date_gmt":"2024-01-09T09:15:41","guid":{"rendered":"https:\/\/polo-filter.avrio-web.de\/?page_id=17069"},"modified":"2024-04-15T14:26:56","modified_gmt":"2024-04-15T12:26:56","slug":"plan-dacces","status":"publish","type":"page","link":"https:\/\/polo-filter.avrio-web.de\/fr\/plan-dacces\/","title":{"rendered":"Anfahrt (FR)"},"content":{"rendered":"\n    \n                                                 <div class=\"heroimage container\" style=\"height:650px;background-image: url(https:\/\/polo-filter.avrio-web.de\/wp-content\/uploads\/Anfahrt_POLO_Filter_Technik_Kopfbild_650px_102.jpg);background-repeat: no-repeat;background-size: contain;background-position: center \">\n                    \t<img decoding=\"async\" src=\"https:\/\/polo-filter.avrio-web.de\/wp-content\/uploads\/Anfahrt_POLO_Filter_Technik_Kopfbild_650px_102.jpg\" style=\"visibility: hidden;\" \/>\n\n                <\/div>\n                  \n\n\n        <div class=\"flexible-content acf-content standard\" id=\"block_56424d617dceb5bae987671d1938acaf\" style=\"background-color: transparent\">\n        <div class=\"flexible-content-inner container\" >\n            <div id=\"dynamiccontent\" class=\"flexible-item-wrapper\">\n               \n                <div class=\" flexible-items\" >\n                    <div class=\"row\">\n                                                   \n                                                            <div class=\"col-lg  flexible-item flex-text\">\n                                   <div class=\"inner\">\n                                       <h1>POLO Filter-Technik Bremen GmbH<\/h1>\n<h2>Comment nous rejoindre<\/h2>\n                                   <\/div>\n                                <\/div>\n                                                                        <\/div>\n                <\/div>\n            <\/div>\n        <\/div>\n    <\/div>\n\n\n\n        <div class=\"flexible-content acf-content standard\" id=\"block_72623b94205e102bb70eafc7c75ee82a\" style=\"background-color: #ececec\">\n        <div class=\"flexible-content-inner container\" >\n            <div id=\"dynamiccontent\" class=\"flexible-item-wrapper\">\n               \n                <div class=\" flexible-items\" >\n                    <div class=\"row\">\n                                                   \n                                                            <div class=\"col-lg  flexible-item flex-text\">\n                                   <div class=\"inner\">\n                                       <p><strong>Autoroute A27 en provenance de Hanovre<br \/>\n<img loading=\"lazy\" decoding=\"async\" class=\"alignright wp-image-6448\" src=\"https:\/\/polo-filter.avrio-web.de\/wp-content\/uploads\/Anfahrt_POLO_Filter_Technik_Standard_101-300x277.jpg\" alt=\"\" width=\"600\" height=\"555\" srcset=\"https:\/\/polo-filter.avrio-web.de\/wp-content\/uploads\/Anfahrt_POLO_Filter_Technik_Standard_101-300x277.jpg 300w, https:\/\/polo-filter.avrio-web.de\/wp-content\/uploads\/Anfahrt_POLO_Filter_Technik_Standard_101-1024x947.jpg 1024w, https:\/\/polo-filter.avrio-web.de\/wp-content\/uploads\/Anfahrt_POLO_Filter_Technik_Standard_101-768x710.jpg 768w, https:\/\/polo-filter.avrio-web.de\/wp-content\/uploads\/Anfahrt_POLO_Filter_Technik_Standard_101-1536x1420.jpg 1536w, https:\/\/polo-filter.avrio-web.de\/wp-content\/uploads\/Anfahrt_POLO_Filter_Technik_Standard_101-2048x1894.jpg 2048w, https:\/\/polo-filter.avrio-web.de\/wp-content\/uploads\/Anfahrt_POLO_Filter_Technik_Standard_101-600x555.jpg 600w, https:\/\/polo-filter.avrio-web.de\/wp-content\/uploads\/Anfahrt_POLO_Filter_Technik_Standard_101-scaled.jpg 1380w\" sizes=\"auto, (max-width: 600px) 100vw, 600px\" \/><\/strong><\/p>\n<p>1. \u00c0 l&rsquo;\u00e9changeur de Br\u00eame, prendre l&rsquo;A1 en direction d&rsquo;Osnabr\u00fcck.<br \/>\n2. Sortie \u00ab Uphusen \/ Bremen Mahndorf \u00bb sur la \u00ab Uphuser Heerstra\u00dfe \u00bb en direction de la zone industrielle \u00ab Bremer Kreuz \u00bb.<br \/>\n3. Au deuxi\u00e8me carrefour avec des feux, tournez \u00e0 droite dans la \u00ab Thalenhorststra\u00dfe \u00bb en direction du \u00ab Verkehrs\u00fcbungsplatz \u00bb.<br \/>\n4. Prochaine \u00e0 droite en direction de \u00ab Verkehrs\u00fcbungsplatz \u00bb dans la \u00ab Malthusstra\u00dfe \u00bb.<br \/>\n5. Au bout de la rue, tournez \u00e0 nouveau \u00e0 droite en direction de \u00ab Verkehrs\u00fcbungsplatz \u00bb dans la rue \u00ab Theodor Barth Stra\u00dfe \u00bb.<br \/>\n6. Continuez jusqu&rsquo;au bout puis tournez \u00e0 droite dans la rue \u00ab In den Ellern \u00bb.<\/p>\n<p>&nbsp;<\/p>\n<p><strong>Autoroute A1 en provenance de Hambourg ou d&rsquo;Osnabr\u00fcck\u00a0<\/strong><\/p>\n<p>1. Sortie \u00ab Uphusen \/ Bremen Mahndorf \u00bb sur la \u00ab Uphuser Heerstra\u00dfe \u00bb en direction de la zone industrielle \u00ab Bremer Kreuz \u00bb.<br \/>\n2. Au deuxi\u00e8me carrefour avec des feux, tournez \u00e0 droite dans la \u00ab Thalenhorststra\u00dfe \u00bb en direction du \u00ab Verkehrs\u00fcbungsplatz \u00bb.<br \/>\n3. Prochaine \u00e0 droite en direction de \u00ab Verkehrs\u00fcbungsplatz \u00bb dans la \u00ab Malthusstra\u00dfe \u00bb.<br \/>\n4. Au bout de la rue, tournez \u00e0 nouveau \u00e0 droite en direction de \u00ab Verkehrs\u00fcbungsplatz \u00bb dans la rue \u00ab Theodor Barth Stra\u00dfe \u00bb.<br \/>\n5. Continuez jusqu&rsquo;au bout puis tournez \u00e0 droite dans la rue \u00ab In den Ellern \u00bb.<\/p>\n<p>&nbsp;<\/p>\n<p><strong>Autoroute A27 en provenance de Bremerhaven<\/strong><\/p>\n<p>1. Sortie \u00ab Bremen-Sebaldsbr\u00fcck \u00bb en direction de \u00ab Weserpark \u00bb sur la \u00ab Osterholzer Heerstra\u00dfe \u00bb.<br \/>\n2. Au prochain carrefour, tournez \u00e0 gauche en direction de \u00ab Mahndorf \/ Weserpark \u00bb dans la \u00ab Hans Bredow Stra\u00dfe \u00bb.<br \/>\n3. Au 4e feu, tournez \u00e0 gauche en direction de \u00ab Bremer Kreuz \u00bb dans la \u00ab Thalenhorststra\u00dfe \u00bb.<br \/>\n4. Prochaine \u00e0 gauche \u00ab Zum Panrepel \u00bb et tout de suite \u00e0 droite dans la \u00ab Theodor Barth Stra\u00dfe \u00bb en direction du \u00ab Verkehrs\u00fcbungsplatz \u00bb.<br \/>\n5. Continuez jusqu&rsquo;au bout puis tournez \u00e0 droite dans la rue \u00ab In den Ellern \u00bb.<\/p>\n<p>&nbsp;<\/p>\n                                   <\/div>\n                                <\/div>\n                                                                        <\/div>\n                <\/div>\n            <\/div>\n        <\/div>\n    <\/div>\n\n\n\n     <div id=\"teaserelement-block\" class=\"container flexible-content\"  style=\"background-color: transparent;\">\n  <div class=\"flexible-item-wrapper\">\n     <div class=\"row\">\n                                        \n      <div class=\"col-lg\" id=\"blue-field\">\n          <a href=\"https:\/\/polo-filter.avrio-web.de\/108_Downloadcenter\/Kundencenter\/POLO_Filter_EN_Route_map.pdf\"><p>T\u00e9l\u00e9charger le pan d&rsquo;acc\u00e8s<\/p>\n <\/a>\n      <\/div>\n      <div class=\"col-1\">\n        \n        <a href=\"https:\/\/polo-filter.avrio-web.de\/108_Downloadcenter\/Kundencenter\/POLO_Filter_EN_Route_map.pdf\">\n                        <img decoding=\"async\" src=\"https:\/\/polo-filter.avrio-web.de\/wp-content\/uploads\/POLO_Filter_Technik_Icon_Gruen_PDF.png\">\n        <\/a>\n         \n      <\/div>\n                       \n   <\/div>\n  <\/div>\n  \n                               \n \n\n<\/div>\n","protected":false},"excerpt":{"rendered":"","protected":false},"author":4,"featured_media":0,"parent":0,"menu_order":198,"comment_status":"closed","ping_status":"closed","template":"","meta":{"_acf_changed":false,"footnotes":""},"class_list":["post-17069","page","type-page","status-publish","hentry"],"acf":[],"yoast_head":"<!-- This site is optimized with the Yoast SEO plugin v25.8 - https:\/\/yoast.com\/wordpress\/plugins\/seo\/ -->\n<title>Anfahrt (FR) - POLO Filter-Technik<\/title>\n<meta name=\"robots\" content=\"index, follow, max-snippet:-1, max-image-preview:large, max-video-preview:-1\" \/>\n<link rel=\"canonical\" href=\"https:\/\/polo-filter.avrio-web.de\/fr\/plan-dacces\/\" \/>\n<meta property=\"og:locale\" content=\"fr_FR\" \/>\n<meta property=\"og:type\" content=\"article\" \/>\n<meta property=\"og:title\" content=\"Anfahrt (FR) - POLO Filter-Technik\" \/>\n<meta property=\"og:url\" content=\"https:\/\/polo-filter.avrio-web.de\/fr\/plan-dacces\/\" \/>\n<meta property=\"og:site_name\" content=\"POLO Filter-Technik\" \/>\n<meta property=\"article:modified_time\" content=\"2024-04-15T12:26:56+00:00\" \/>\n<meta name=\"twitter:card\" content=\"summary_large_image\" \/>\n<script type=\"application\/ld+json\" class=\"yoast-schema-graph\">{\"@context\":\"https:\/\/schema.org\",\"@graph\":[{\"@type\":\"WebPage\",\"@id\":\"https:\/\/polo-filter.avrio-web.de\/fr\/plan-dacces\/\",\"url\":\"https:\/\/polo-filter.avrio-web.de\/fr\/plan-dacces\/\",\"name\":\"Anfahrt (FR) - POLO Filter-Technik\",\"isPartOf\":{\"@id\":\"https:\/\/polo-filter.avrio-web.de\/fr\/#website\"},\"datePublished\":\"2024-01-09T09:15:41+00:00\",\"dateModified\":\"2024-04-15T12:26:56+00:00\",\"breadcrumb\":{\"@id\":\"https:\/\/polo-filter.avrio-web.de\/fr\/plan-dacces\/#breadcrumb\"},\"inLanguage\":\"fr-FR\",\"potentialAction\":[{\"@type\":\"ReadAction\",\"target\":[\"https:\/\/polo-filter.avrio-web.de\/fr\/plan-dacces\/\"]}]},{\"@type\":\"BreadcrumbList\",\"@id\":\"https:\/\/polo-filter.avrio-web.de\/fr\/plan-dacces\/#breadcrumb\",\"itemListElement\":[{\"@type\":\"ListItem\",\"position\":1,\"name\":\"Startseite\",\"item\":\"https:\/\/polo-filter.avrio-web.de\/fr\/\"},{\"@type\":\"ListItem\",\"position\":2,\"name\":\"Anfahrt (FR)\"}]},{\"@type\":\"WebSite\",\"@id\":\"https:\/\/polo-filter.avrio-web.de\/fr\/#website\",\"url\":\"https:\/\/polo-filter.avrio-web.de\/fr\/\",\"name\":\"POLO Filter-Technik\",\"description\":\"Filteranlagen nach Mass\",\"potentialAction\":[{\"@type\":\"SearchAction\",\"target\":{\"@type\":\"EntryPoint\",\"urlTemplate\":\"https:\/\/polo-filter.avrio-web.de\/fr\/?s={search_term_string}\"},\"query-input\":{\"@type\":\"PropertyValueSpecification\",\"valueRequired\":true,\"valueName\":\"search_term_string\"}}],\"inLanguage\":\"fr-FR\"}]}<\/script>\n<!-- \/ Yoast SEO plugin. -->","yoast_head_json":{"title":"Anfahrt (FR) - POLO Filter-Technik","robots":{"index":"index","follow":"follow","max-snippet":"max-snippet:-1","max-image-preview":"max-image-preview:large","max-video-preview":"max-video-preview:-1"},"canonical":"https:\/\/polo-filter.avrio-web.de\/fr\/plan-dacces\/","og_locale":"fr_FR","og_type":"article","og_title":"Anfahrt (FR) - POLO Filter-Technik","og_url":"https:\/\/polo-filter.avrio-web.de\/fr\/plan-dacces\/","og_site_name":"POLO Filter-Technik","article_modified_time":"2024-04-15T12:26:56+00:00","twitter_card":"summary_large_image","schema":{"@context":"https:\/\/schema.org","@graph":[{"@type":"WebPage","@id":"https:\/\/polo-filter.avrio-web.de\/fr\/plan-dacces\/","url":"https:\/\/polo-filter.avrio-web.de\/fr\/plan-dacces\/","name":"Anfahrt (FR) - POLO Filter-Technik","isPartOf":{"@id":"https:\/\/polo-filter.avrio-web.de\/fr\/#website"},"datePublished":"2024-01-09T09:15:41+00:00","dateModified":"2024-04-15T12:26:56+00:00","breadcrumb":{"@id":"https:\/\/polo-filter.avrio-web.de\/fr\/plan-dacces\/#breadcrumb"},"inLanguage":"fr-FR","potentialAction":[{"@type":"ReadAction","target":["https:\/\/polo-filter.avrio-web.de\/fr\/plan-dacces\/"]}]},{"@type":"BreadcrumbList","@id":"https:\/\/polo-filter.avrio-web.de\/fr\/plan-dacces\/#breadcrumb","itemListElement":[{"@type":"ListItem","position":1,"name":"Startseite","item":"https:\/\/polo-filter.avrio-web.de\/fr\/"},{"@type":"ListItem","position":2,"name":"Anfahrt (FR)"}]},{"@type":"WebSite","@id":"https:\/\/polo-filter.avrio-web.de\/fr\/#website","url":"https:\/\/polo-filter.avrio-web.de\/fr\/","name":"POLO Filter-Technik","description":"Filteranlagen nach Mass","potentialAction":[{"@type":"SearchAction","target":{"@type":"EntryPoint","urlTemplate":"https:\/\/polo-filter.avrio-web.de\/fr\/?s={search_term_string}"},"query-input":{"@type":"PropertyValueSpecification","valueRequired":true,"valueName":"search_term_string"}}],"inLanguage":"fr-FR"}]}},"_links":{"self":[{"href":"https:\/\/polo-filter.avrio-web.de\/fr\/wp-json\/wp\/v2\/pages\/17069","targetHints":{"allow":["GET"]}}],"collection":[{"href":"https:\/\/polo-filter.avrio-web.de\/fr\/wp-json\/wp\/v2\/pages"}],"about":[{"href":"https:\/\/polo-filter.avrio-web.de\/fr\/wp-json\/wp\/v2\/types\/page"}],"author":[{"embeddable":true,"href":"https:\/\/polo-filter.avrio-web.de\/fr\/wp-json\/wp\/v2\/users\/4"}],"replies":[{"embeddable":true,"href":"https:\/\/polo-filter.avrio-web.de\/fr\/wp-json\/wp\/v2\/comments?post=17069"}],"version-history":[{"count":5,"href":"https:\/\/polo-filter.avrio-web.de\/fr\/wp-json\/wp\/v2\/pages\/17069\/revisions"}],"predecessor-version":[{"id":17760,"href":"https:\/\/polo-filter.avrio-web.de\/fr\/wp-json\/wp\/v2\/pages\/17069\/revisions\/17760"}],"wp:attachment":[{"href":"https:\/\/polo-filter.avrio-web.de\/fr\/wp-json\/wp\/v2\/media?parent=17069"}],"curies":[{"name":"wp","href":"https:\/\/api.w.org\/{rel}","templated":true}]}}