{"id":17062,"date":"2024-01-09T10:03:45","date_gmt":"2024-01-09T09:03:45","guid":{"rendered":"https:\/\/polo-filter.avrio-web.de\/?page_id=17062"},"modified":"2024-05-06T14:51:38","modified_gmt":"2024-05-06T12:51:38","slug":"service","status":"publish","type":"page","link":"https:\/\/polo-filter.avrio-web.de\/fr\/service\/","title":{"rendered":"Service (FR)"},"content":{"rendered":"\n    \n                                                 <div class=\"heroimage container\" style=\"height:650px;background-image: url(https:\/\/polo-filter.avrio-web.de\/wp-content\/uploads\/Service_POLO_Filter_Technik_Kopfbild_650px_102.jpg);background-repeat: no-repeat;background-size: contain;background-position: center \">\n                    \t<img decoding=\"async\" src=\"https:\/\/polo-filter.avrio-web.de\/wp-content\/uploads\/Service_POLO_Filter_Technik_Kopfbild_650px_102.jpg\" style=\"visibility: hidden;\" \/>\n\n                <\/div>\n                  \n\n\n        <div class=\"flexible-content acf-content standard\" id=\"block_d187df0671519a6ba006d43e619a5f1d\" style=\"background-color: transparent\">\n        <div class=\"flexible-content-inner container\" >\n            <div id=\"dynamiccontent\" class=\"flexible-item-wrapper\">\n               \n                <div class=\" flexible-items\" >\n                    <div class=\"row\">\n                                                   \n                                                            <div class=\"col-lg  flexible-item flex-text\">\n                                   <div class=\"inner\">\n                                       <h1>Service<\/h1>\n<h2>Notre gamme de services<\/h2>\n<p>L&rsquo;ambition de POLO est de vous aider en tant que client de mani\u00e8re globale. Cela va du conseil (sur site) \u00e0 la mise en service, au service et \u00e0 la maintenance de votre syst\u00e8me de filtration, en passant par les analyses de laboratoire. Notre objectif est de vous permettre de vous concentrer sur votre coeur de m\u00e9tier.<\/p>\n                                   <\/div>\n                                <\/div>\n                                                                        <\/div>\n                <\/div>\n            <\/div>\n        <\/div>\n    <\/div>\n\n\n\n        <div id=\"bildlinktexticon\" class=\"flexible-content acf-content\" style=\"background-color: transparent;\">\n        <div class=\"flexible-content-inner\">\n            <div class=\"flexible-item-wrapper\">\n\n               \n                     \n                        <div class=\"container flexible-items\"  >\n                            <div class=\"row\">\n                                \n                                                                     <div class=\"col-lg  bildlinktexticon-box\" data-aos=\"fade-up\">\n                                        <div class=\"inner\"> \n                                            <div class=\"col-12 bild\">\n                                                                                                 <img decoding=\"async\" src=\"https:\/\/polo-filter.avrio-web.de\/wp-content\/uploads\/Beratung_POLO_Filter_Technik_02-3_103.jpg\" alt=\"Eine Frau und ein Mann f\u00fchren ein Beratungsgespr\u00e4ch\" \/>\n                                             \n                                            <\/div>\n                                            <div class=\"overflow\">\n                                                                                         <div class=\"col-9 text\">\n                                               <a class=\"\" href=\"https:\/\/polo-filter.avrio-web.de\/fr\/consultation\/\" target=\"_self\" style=\"color:#fff;\"> <p>Consultation<\/p>\n<\/a>\n                                            <\/div>\n                                            <div class=\"col-2 button\">\n                                               \n                                                                                                       <a class=\"button\" href=\"https:\/\/polo-filter.avrio-web.de\/fr\/consultation\/\" target=\"_self\"><img decoding=\"async\" src=\"https:\/\/polo-filter.avrio-web.de\/wp-content\/uploads\/POLO_Filter_Technik_Icon_Gruen_Pfeil_rechts.png\" alt=\"\" \/><\/a>\n                                                                                            <\/div>\n                                        <\/div>\n                                          \n\n                                             \n\n\n                                             \n\n\n                                            \n\n\n                                        <\/div>\n                                    <\/div>\n                                  \n                                                            \n                                                                     <div class=\"col-lg  bildlinktexticon-box\" data-aos=\"fade-up\">\n                                        <div class=\"inner\"> \n                                            <div class=\"col-12 bild\">\n                                                                                                 <img decoding=\"async\" src=\"https:\/\/polo-filter.avrio-web.de\/wp-content\/uploads\/Labor_POLO_Filter_Technik_02-3_101.jpg\" alt=\"Ein Mann steht in einem Labor und bedient ein Mikroskop. \" \/>\n                                             \n                                            <\/div>\n                                            <div class=\"overflow\">\n                                                                                         <div class=\"col-9 text\">\n                                               <a class=\"\" href=\"https:\/\/polo-filter.avrio-web.de\/fr\/laboratoire\/\" target=\"_self\" style=\"color:#fff;\"> <p>Laboratoire<\/p>\n<\/a>\n                                            <\/div>\n                                            <div class=\"col-2 button\">\n                                               \n                                                                                                       <a class=\"button\" href=\"https:\/\/polo-filter.avrio-web.de\/fr\/laboratoire\/\" target=\"_self\"><img decoding=\"async\" src=\"https:\/\/polo-filter.avrio-web.de\/wp-content\/uploads\/POLO_Filter_Technik_Icon_Gruen_Pfeil_rechts.png\" alt=\"\" \/><\/a>\n                                                                                            <\/div>\n                                        <\/div>\n                                          \n\n                                             \n\n\n                                             \n\n\n                                            \n\n\n                                        <\/div>\n                                    <\/div>\n                                  \n                                                            \n                                                                     <div class=\"col-lg  bildlinktexticon-box\" data-aos=\"fade-up\">\n                                        <div class=\"inner\"> \n                                            <div class=\"col-12 bild\">\n                                                                                                 <img decoding=\"async\" src=\"https:\/\/polo-filter.avrio-web.de\/wp-content\/uploads\/Wartung_POLO_Filter_Technik_02-3_101.jpg\" alt=\"Ein Servicemonteur steht an einer Filteranlage. Er h\u00e4lt seinen Laptop in der Hand. Der Laptop ist mit dem Schaltkasten verbunden\" \/>\n                                             \n                                            <\/div>\n                                            <div class=\"overflow\">\n                                                                                         <div class=\"col-9 text\">\n                                               <a class=\"\" href=\"https:\/\/polo-filter.avrio-web.de\/fr\/maintenance\/\" target=\"_self\" style=\"color:#fff;\"> <p>Maintenance<\/p>\n<\/a>\n                                            <\/div>\n                                            <div class=\"col-2 button\">\n                                               \n                                                                                                       <a class=\"button\" href=\"https:\/\/polo-filter.avrio-web.de\/fr\/maintenance\/\" target=\"_self\"><img decoding=\"async\" src=\"https:\/\/polo-filter.avrio-web.de\/wp-content\/uploads\/POLO_Filter_Technik_Icon_Gruen_Pfeil_rechts.png\" alt=\"\" \/><\/a>\n                                                                                            <\/div>\n                                        <\/div>\n                                          \n\n                                             \n\n\n                                             \n\n\n                                            \n\n\n                                        <\/div>\n                                    <\/div>\n                                  \n                                                                                    <\/div>\n                    <\/div>\n\n             \n        <\/div>\n    <\/div>\n<\/div>\n\n\n\n        <div id=\"bildtextgruenerbutton\" class=\"flexible-content acf-content\"  style=\"background-color: transparent;\">\n        <div class=\"flexible-content-inner\">\n            <div class=\"flexible-item-wrapper\">\n\n               \n                     \n                        <div class=\"container flexible-items\">\n                            <div class=\"row\">\n                                \n                                                                     <div class=\"col-lg  bildtextgruenerbutton-box\" data-aos=\"fade-up\">\n                                        <div class=\"inner\"> \n\n\n                                            <div class=\"col-12 bild\">\n                                                  \n                                            <\/div>\n\n                                            <div class=\"col-12 beschreibung\">\n                                            \t <h3>Consultation<\/h3>\n<p>Un service rapide et simple sur vos filtres ainsi qu&rsquo;un conseil comp\u00e9tent directement chez vous, dans<br \/>\nle monde entier.<\/p>\n                                            <\/div> \n\n\n                                        <div class=\"overflow\">\n                                                                                        <div class=\"col-10 text\">\n                                                <a class=\"\" href=\"https:\/\/polo-filter.avrio-web.de\/fr\/consultation\/\" target=\"_self\" style=\"color:#2c2c2c;\"> <\/a>\n                                            <\/div> \n                                                                                    <div class=\"col-2 button\">\n                                               \n                                                                                                       <a class=\"button\" href=\"https:\/\/polo-filter.avrio-web.de\/fr\/consultation\/\" target=\"_self\"><img decoding=\"async\" src=\"https:\/\/polo-filter.avrio-web.de\/wp-content\/uploads\/POLO_Filter_Technik_Icon_Gruen_Sprechblase.png\" alt=\"\" \/><\/a>\n                                                                                            <\/div>\n                                        <\/div>\n\n\n                                         \n\n\n                                             \n\n\n                                             \n\n\n                                            \n\n\n                                        <\/div>\n                                    <\/div>\n                                  \n                                                            \n                                                                     <div class=\"col-lg  bildtextgruenerbutton-box\" data-aos=\"fade-up\">\n                                        <div class=\"inner\"> \n\n\n                                            <div class=\"col-12 bild\">\n                                                  \n                                            <\/div>\n\n                                            <div class=\"col-12 beschreibung\">\n                                            \t <h3>Analyse &amp; concept<\/h3>\n<p>Nous analysons vos besoins en mati\u00e8re de filtration et cr\u00e9ons un concept personnalis\u00e9 pour votre application. Analyse pr\u00e9cise effectu\u00e9e par notre propre laboratoire au sein de POLO.<\/p>\n                                            <\/div> \n\n\n                                        <div class=\"overflow\">\n                                                                                        <div class=\"col-10 text\">\n                                                <a class=\"\" href=\"https:\/\/polo-filter.avrio-web.de\/fr\/laboratoire\/\" target=\"_self\" style=\"color:#2c2c2c;\"> <\/a>\n                                            <\/div> \n                                                                                    <div class=\"col-2 button\">\n                                               \n                                                                                                       <a class=\"button\" href=\"https:\/\/polo-filter.avrio-web.de\/fr\/laboratoire\/\" target=\"_self\"><img decoding=\"async\" src=\"https:\/\/polo-filter.avrio-web.de\/wp-content\/uploads\/POLO_Filter_Technik_Icon_Gruen_Gluehbirne.png\" alt=\"\" \/><\/a>\n                                                                                            <\/div>\n                                        <\/div>\n\n\n                                         \n\n\n                                             \n\n\n                                             \n\n\n                                            \n\n\n                                        <\/div>\n                                    <\/div>\n                                  \n                                                            \n                                                                     <div class=\"col-lg  bildtextgruenerbutton-box\" data-aos=\"fade-up\">\n                                        <div class=\"inner\"> \n\n\n                                            <div class=\"col-12 bild\">\n                                                  \n                                            <\/div>\n\n                                            <div class=\"col-12 beschreibung\">\n                                            \t <h3>Filtres de location et d&rsquo;essai<\/h3>\n<p>Nous nous ferons un plaisir de vous fournir un filtre pour un essai et une installation. Diff\u00e9rentes tailles et variantes disponibles en stock.<\/p>\n                                            <\/div> \n\n\n                                        <div class=\"overflow\">\n                                                                                        <div class=\"col-10 text\">\n                                                <a class=\"\" href=\"https:\/\/polo-filter.avrio-web.de\/fr\/echantillons-prelevements\/\" target=\"_self\" style=\"color:#2c2c2c;\"> <p><strong>En savoir plus d\u00e8s maintenant<\/strong><\/p>\n<\/a>\n                                            <\/div> \n                                                                                    <div class=\"col-2 button\">\n                                               \n                                                                                                       <a class=\"button\" href=\"https:\/\/polo-filter.avrio-web.de\/fr\/echantillons-prelevements\/\" target=\"_self\"><img decoding=\"async\" src=\"https:\/\/polo-filter.avrio-web.de\/wp-content\/uploads\/POLO_Filter_Technik_Icon_Gruen_Pfeil_rechts.png\" alt=\"\" \/><\/a>\n                                                                                            <\/div>\n                                        <\/div>\n\n\n                                         \n\n\n                                             \n\n\n                                             \n\n\n                                            \n\n\n                                        <\/div>\n                                    <\/div>\n                                  \n                                                                                    <\/div> <!-- row-->\n                    <\/div>\n\n             \n        <\/div>\n    <\/div>\n<\/div>\n\n\n\n     <div id=\"teaserelement-block\" class=\"container flexible-content\"  style=\"background-color: transparent;\">\n  <div class=\"flexible-item-wrapper\">\n     <div class=\"row\">\n                                        \n      <div class=\"col-lg\" id=\"blue-field\">\n          <a href=\"https:\/\/polo-portal.powerappsportals.com\/fr-FR\/waessrige-Medien\/\"><h1>Conception d&rsquo;installations de filtration pour les milieux aqueux<\/h1>\n <\/a>\n      <\/div>\n      <div class=\"col-1\">\n        \n        <a href=\"https:\/\/polo-portal.powerappsportals.com\/fr-FR\/waessrige-Medien\/\">\n                        <img decoding=\"async\" src=\"https:\/\/polo-filter.avrio-web.de\/wp-content\/uploads\/POLO_Filter_Technik_Icon_Gruen_Sprechblase.png\">\n        <\/a>\n         \n      <\/div>\n                       \n   <\/div>\n  <\/div>\n  \n                               \n \n\n<\/div>\n\n\n     <div id=\"teaserelement-block\" class=\"container flexible-content\"  style=\"background-color: transparent;\">\n  <div class=\"flexible-item-wrapper\">\n     <div class=\"row\">\n                                        \n      <div class=\"col-lg\" id=\"blue-field\">\n          <a href=\"https:\/\/polo-portal.powerappsportals.com\/fr-FR\/kuehlschmierstoffe\/\"><h1>Conception d&rsquo;installations de filtration pour les lubrifiants r\u00e9frig\u00e9rants<\/h1>\n <\/a>\n      <\/div>\n      <div class=\"col-1\">\n        \n        <a href=\"https:\/\/polo-portal.powerappsportals.com\/fr-FR\/kuehlschmierstoffe\/\">\n                        <img decoding=\"async\" src=\"https:\/\/polo-filter.avrio-web.de\/wp-content\/uploads\/POLO_Filter_Technik_Icon_Gruen_Sprechblase.png\">\n        <\/a>\n         \n      <\/div>\n                       \n   <\/div>\n  <\/div>\n  \n                               \n \n\n<\/div>\n\n\n        <div class=\"flexible-content acf-content standard\" id=\"block_55d731ab29c06f165340bd668f0986dd\" style=\"background-color: #ececec\">\n        <div class=\"flexible-content-inner container\" >\n            <div id=\"dynamiccontent\" class=\"flexible-item-wrapper\">\n               \n                <div class=\" flexible-items\" >\n                    <div class=\"row\">\n                                                   \n                                                            <div class=\"col-lg  flexible-item flex-text\">\n                                   <div class=\"inner\">\n                                       <h3><img loading=\"lazy\" decoding=\"async\" class=\"size-medium wp-image-5724 alignleft\" src=\"https:\/\/polo-filter.avrio-web.de\/wp-content\/uploads\/App_POLO_Filter_Technik_01_102-171x300.jpg\" alt=\"\" width=\"171\" height=\"300\" srcset=\"https:\/\/polo-filter.avrio-web.de\/wp-content\/uploads\/App_POLO_Filter_Technik_01_102-171x300.jpg 171w, https:\/\/polo-filter.avrio-web.de\/wp-content\/uploads\/App_POLO_Filter_Technik_01_102-585x1024.jpg 585w, https:\/\/polo-filter.avrio-web.de\/wp-content\/uploads\/App_POLO_Filter_Technik_01_102-768x1344.jpg 768w, https:\/\/polo-filter.avrio-web.de\/wp-content\/uploads\/App_POLO_Filter_Technik_01_102-878x1536.jpg 878w, https:\/\/polo-filter.avrio-web.de\/wp-content\/uploads\/App_POLO_Filter_Technik_01_102-1171x2048.jpg 1171w, https:\/\/polo-filter.avrio-web.de\/wp-content\/uploads\/App_POLO_Filter_Technik_01_102-343x600.jpg 343w, https:\/\/polo-filter.avrio-web.de\/wp-content\/uploads\/App_POLO_Filter_Technik_01_102-scaled.jpg 789w\" sizes=\"auto, (max-width: 171px) 100vw, 171px\" \/>L&rsquo;appli de filtres POLO<\/h3>\n<p>G\u00e9rez vos filtres POLO sur le r\u00e9seau de votre entreprise. Le statut de vos syst\u00e8mes de filtration, ainsi<br \/>\nque les manuels d&rsquo;utilisation et les sch\u00e9mas peuvent \u00eatre consult\u00e9s sur ce portail !<\/p>\n<p>&nbsp;<\/p>\n<p><a title=\"Bottom\" href=\"https:\/\/polo-filter.avrio-web.de\/fr\/appli-polo\/\">Aller dans l&rsquo;appli POLO<\/a><\/p>\n                                   <\/div>\n                                <\/div>\n                                                                        <\/div>\n                <\/div>\n            <\/div>\n        <\/div>\n    <\/div>\n\n","protected":false},"excerpt":{"rendered":"","protected":false},"author":4,"featured_media":0,"parent":0,"menu_order":95,"comment_status":"closed","ping_status":"closed","template":"","meta":{"_acf_changed":false,"footnotes":""},"class_list":["post-17062","page","type-page","status-publish","hentry"],"acf":[],"yoast_head":"<!-- This site is optimized with the Yoast SEO plugin v25.8 - https:\/\/yoast.com\/wordpress\/plugins\/seo\/ -->\n<title>Service (FR) - POLO Filter-Technik<\/title>\n<meta name=\"robots\" content=\"index, follow, max-snippet:-1, max-image-preview:large, max-video-preview:-1\" \/>\n<link rel=\"canonical\" href=\"https:\/\/polo-filter.avrio-web.de\/fr\/service\/\" \/>\n<meta property=\"og:locale\" content=\"fr_FR\" \/>\n<meta property=\"og:type\" content=\"article\" \/>\n<meta property=\"og:title\" content=\"Service (FR) - POLO Filter-Technik\" \/>\n<meta property=\"og:url\" content=\"https:\/\/polo-filter.avrio-web.de\/fr\/service\/\" \/>\n<meta property=\"og:site_name\" content=\"POLO Filter-Technik\" \/>\n<meta property=\"article:modified_time\" content=\"2024-05-06T12:51:38+00:00\" \/>\n<meta name=\"twitter:card\" content=\"summary_large_image\" \/>\n<script type=\"application\/ld+json\" class=\"yoast-schema-graph\">{\"@context\":\"https:\/\/schema.org\",\"@graph\":[{\"@type\":\"WebPage\",\"@id\":\"https:\/\/polo-filter.avrio-web.de\/fr\/service\/\",\"url\":\"https:\/\/polo-filter.avrio-web.de\/fr\/service\/\",\"name\":\"Service (FR) - POLO Filter-Technik\",\"isPartOf\":{\"@id\":\"https:\/\/polo-filter.avrio-web.de\/fr\/#website\"},\"datePublished\":\"2024-01-09T09:03:45+00:00\",\"dateModified\":\"2024-05-06T12:51:38+00:00\",\"breadcrumb\":{\"@id\":\"https:\/\/polo-filter.avrio-web.de\/fr\/service\/#breadcrumb\"},\"inLanguage\":\"fr-FR\",\"potentialAction\":[{\"@type\":\"ReadAction\",\"target\":[\"https:\/\/polo-filter.avrio-web.de\/fr\/service\/\"]}]},{\"@type\":\"BreadcrumbList\",\"@id\":\"https:\/\/polo-filter.avrio-web.de\/fr\/service\/#breadcrumb\",\"itemListElement\":[{\"@type\":\"ListItem\",\"position\":1,\"name\":\"Startseite\",\"item\":\"https:\/\/polo-filter.avrio-web.de\/fr\/\"},{\"@type\":\"ListItem\",\"position\":2,\"name\":\"Service (FR)\"}]},{\"@type\":\"WebSite\",\"@id\":\"https:\/\/polo-filter.avrio-web.de\/fr\/#website\",\"url\":\"https:\/\/polo-filter.avrio-web.de\/fr\/\",\"name\":\"POLO Filter-Technik\",\"description\":\"Filteranlagen nach Mass\",\"potentialAction\":[{\"@type\":\"SearchAction\",\"target\":{\"@type\":\"EntryPoint\",\"urlTemplate\":\"https:\/\/polo-filter.avrio-web.de\/fr\/?s={search_term_string}\"},\"query-input\":{\"@type\":\"PropertyValueSpecification\",\"valueRequired\":true,\"valueName\":\"search_term_string\"}}],\"inLanguage\":\"fr-FR\"}]}<\/script>\n<!-- \/ Yoast SEO plugin. -->","yoast_head_json":{"title":"Service (FR) - POLO Filter-Technik","robots":{"index":"index","follow":"follow","max-snippet":"max-snippet:-1","max-image-preview":"max-image-preview:large","max-video-preview":"max-video-preview:-1"},"canonical":"https:\/\/polo-filter.avrio-web.de\/fr\/service\/","og_locale":"fr_FR","og_type":"article","og_title":"Service (FR) - POLO Filter-Technik","og_url":"https:\/\/polo-filter.avrio-web.de\/fr\/service\/","og_site_name":"POLO Filter-Technik","article_modified_time":"2024-05-06T12:51:38+00:00","twitter_card":"summary_large_image","schema":{"@context":"https:\/\/schema.org","@graph":[{"@type":"WebPage","@id":"https:\/\/polo-filter.avrio-web.de\/fr\/service\/","url":"https:\/\/polo-filter.avrio-web.de\/fr\/service\/","name":"Service (FR) - POLO Filter-Technik","isPartOf":{"@id":"https:\/\/polo-filter.avrio-web.de\/fr\/#website"},"datePublished":"2024-01-09T09:03:45+00:00","dateModified":"2024-05-06T12:51:38+00:00","breadcrumb":{"@id":"https:\/\/polo-filter.avrio-web.de\/fr\/service\/#breadcrumb"},"inLanguage":"fr-FR","potentialAction":[{"@type":"ReadAction","target":["https:\/\/polo-filter.avrio-web.de\/fr\/service\/"]}]},{"@type":"BreadcrumbList","@id":"https:\/\/polo-filter.avrio-web.de\/fr\/service\/#breadcrumb","itemListElement":[{"@type":"ListItem","position":1,"name":"Startseite","item":"https:\/\/polo-filter.avrio-web.de\/fr\/"},{"@type":"ListItem","position":2,"name":"Service (FR)"}]},{"@type":"WebSite","@id":"https:\/\/polo-filter.avrio-web.de\/fr\/#website","url":"https:\/\/polo-filter.avrio-web.de\/fr\/","name":"POLO Filter-Technik","description":"Filteranlagen nach Mass","potentialAction":[{"@type":"SearchAction","target":{"@type":"EntryPoint","urlTemplate":"https:\/\/polo-filter.avrio-web.de\/fr\/?s={search_term_string}"},"query-input":{"@type":"PropertyValueSpecification","valueRequired":true,"valueName":"search_term_string"}}],"inLanguage":"fr-FR"}]}},"_links":{"self":[{"href":"https:\/\/polo-filter.avrio-web.de\/fr\/wp-json\/wp\/v2\/pages\/17062","targetHints":{"allow":["GET"]}}],"collection":[{"href":"https:\/\/polo-filter.avrio-web.de\/fr\/wp-json\/wp\/v2\/pages"}],"about":[{"href":"https:\/\/polo-filter.avrio-web.de\/fr\/wp-json\/wp\/v2\/types\/page"}],"author":[{"embeddable":true,"href":"https:\/\/polo-filter.avrio-web.de\/fr\/wp-json\/wp\/v2\/users\/4"}],"replies":[{"embeddable":true,"href":"https:\/\/polo-filter.avrio-web.de\/fr\/wp-json\/wp\/v2\/comments?post=17062"}],"version-history":[{"count":12,"href":"https:\/\/polo-filter.avrio-web.de\/fr\/wp-json\/wp\/v2\/pages\/17062\/revisions"}],"predecessor-version":[{"id":17924,"href":"https:\/\/polo-filter.avrio-web.de\/fr\/wp-json\/wp\/v2\/pages\/17062\/revisions\/17924"}],"wp:attachment":[{"href":"https:\/\/polo-filter.avrio-web.de\/fr\/wp-json\/wp\/v2\/media?parent=17062"}],"curies":[{"name":"wp","href":"https:\/\/api.w.org\/{rel}","templated":true}]}}