{"id":17010,"date":"2024-01-08T16:56:38","date_gmt":"2024-01-08T15:56:38","guid":{"rendered":"https:\/\/polo-filter.avrio-web.de\/?page_id=17010"},"modified":"2024-04-15T14:52:34","modified_gmt":"2024-04-15T12:52:34","slug":"ubersicht-kontakt-fr","status":"publish","type":"page","link":"https:\/\/polo-filter.avrio-web.de\/fr\/ubersicht-kontakt-fr\/","title":{"rendered":"\u00dcbersicht Kontakt FR"},"content":{"rendered":"\n    \n                                                 <div class=\"heroimage container\" style=\"height:650px;background-image: url(https:\/\/polo-filter.avrio-web.de\/wp-content\/uploads\/Kontakt_POLO_Filter_Technik_Kopfbild_650px_102-1.jpg);background-repeat: no-repeat;background-size: contain;background-position: center \">\n                    \t<img decoding=\"async\" src=\"https:\/\/polo-filter.avrio-web.de\/wp-content\/uploads\/Kontakt_POLO_Filter_Technik_Kopfbild_650px_102-1.jpg\" style=\"visibility: hidden;\" \/>\n\n                <\/div>\n                  \n\n\n        <div class=\"flexible-content acf-content standard\" id=\"block_a89b4e9b59c392a0cba0d629efdb36d3\" style=\"background-color: transparent\">\n        <div class=\"flexible-content-inner container\" >\n            <div id=\"dynamiccontent\" class=\"flexible-item-wrapper\">\n               \n                <div class=\" flexible-items\" >\n                    <div class=\"row\">\n                                                   \n                                                            <div class=\"col-lg  flexible-item flex-text\">\n                                   <div class=\"inner\">\n                                       <h1>POLO Filter-Technik Bremen GmbH<\/h1>\n<h2>Soyez les bienvenus !<\/h2>\n<p>Nous avons rassembl\u00e9 les r\u00e9ponses aux questions les plus fr\u00e9quentes dans notre wiki.<br \/>\nVous ne trouvez pas votre question ou vous pr\u00e9f\u00e9rez nous contacter directement ?<\/p>\n<p>N&rsquo;h\u00e9sitez pas \u00e0 nous contacter.<\/p>\n                                   <\/div>\n                                <\/div>\n                                                                        <\/div>\n                <\/div>\n            <\/div>\n        <\/div>\n    <\/div>\n\n\n\n        <div id=\"bildnebentext\" class=\"flexible-content acf-content\"  style=\"background-color: transparent;\">\n        <div class=\"flexible-content-inner\">\n            <div class=\"flexible-item-wrapper\">\n\n                                                         \n                        <div class=\"container flexible-items\">\n                            <div class=\"row\">\n                                \n                                                                     <div class=\"col-lg  flexible-item flex-img \" data-aos=\"fade-up\">\n                                                                                     \t<div class=\"inner\" style=\"background-image: url(https:\/\/polo-filter.avrio-web.de\/wp-content\/uploads\/Kontakte_POLO_Filter_Technik_Box_04_101.jpg)\"> \n                                                    <img decoding=\"async\" src=\"https:\/\/polo-filter.avrio-web.de\/wp-content\/uploads\/Kontakte_POLO_Filter_Technik_Box_04_101.jpg\" style=\"visibility: hidden;\" \/>\n                                            \n                                        <\/div>  \n                                                                        <\/div>\n                                                                \n                                                                          <div class=\"col-lg  flexible-item flex-text grau\">\n                                           \n                                         <div class=\"inner  \" >\n                                         \t<div class=\"text\">\n                                         \t\t<h1>POLO Filter-Technik Bremen GmbH<\/h1>\n<h4><strong>Addresse: <\/strong>In den Ellern 6 | D-28832 Achim<\/h4>\n<h4><strong>Tel:<\/strong> <a href=\"tel:+49421238020\">+49 42123802-0<\/a> | <strong>E-Mail:<\/strong> <a href=\"mailto:info@polo-filter.com\">info@polo-filter.com<\/a><\/h4>\n<hr \/>\n<h4><\/h4>\n<h4><strong>Horaires d&rsquo;ouverture :<br \/>\n<\/strong><\/h4>\n<h4>Lundi, mardi, mercredi, jeudi<br \/>\n07:00 &#8211; 16:30<\/h4>\n<h4>Vendredi<br \/>\n07:00 &#8211; 14:15<\/h4>\n<h4>Samedi, dimanche<br \/>\nFerm\u00e9<\/h4>\n                                         \t<\/div>\n                                         \t<div class=\"text-button\">\n                                         \t\t                                                 <a class=\"button\" href=\"https:\/\/polo-filter.avrio-web.de\/fr\/plan-dacces\/\" target=\"_self\">Plan d&#039;acc\u00e8s<\/a>\n                                                                                     \t<\/div>\n                                             \n                                             \n                                            \n                                        <\/div>\n                                    <\/div>\n                                                                                    <\/div>\n                    <\/div>\n\n                                     \n                        <div class=\"container flexible-items\">\n                            <div class=\"row\">\n                                \n                                                                          <div class=\"col-lg  flexible-item flex-text blau\">\n                                           \n                                         <div class=\"inner  \" >\n                                         \t<div class=\"text\">\n                                         \t\t<h4><strong>Nous sommes toujours l\u00e0 pour vous, o\u00f9 que vous soyez !\u00a0<\/strong><\/h4>\n<ul>\n<li><span style=\"color: #ffffff\"><a style=\"color: #ffffff\" href=\"https:\/\/polo-filter.avrio-web.de\/fr\/personne-de-contact\/\">Tous les contacts en un coup d&rsquo;oeil<\/a><\/span><\/li>\n<li><span style=\"color: #ffffff\"><a style=\"color: #ffffff\" href=\"https:\/\/polo-filter.avrio-web.de\/fr\/representation-service-externe\/\">Repr\u00e9sentation nationale \/ internationale<\/a><\/span><\/li>\n<\/ul>\n                                         \t<\/div>\n                                         \t<div class=\"text-button\">\n                                         \t\t                                                 <a class=\"button\" href=\"https:\/\/polo-filter.avrio-web.de\/fr\/formulaire-de-contact\/\" target=\"_self\">Aller au formulaire de contact<\/a>\n                                                                                     \t<\/div>\n                                             \n                                             \n                                            \n                                        <\/div>\n                                    <\/div>\n                                                            \n                                                                     <div class=\"col-lg  flexible-item flex-img \" data-aos=\"fade-up\">\n                                                                                     \t<div class=\"inner\" style=\"background-image: url(https:\/\/polo-filter.avrio-web.de\/wp-content\/uploads\/Kontakte_POLO_Filter_Technik_Box_04_104.jpg)\"> \n                                                    <img decoding=\"async\" src=\"https:\/\/polo-filter.avrio-web.de\/wp-content\/uploads\/Kontakte_POLO_Filter_Technik_Box_04_104.jpg\" style=\"visibility: hidden;\" \/>\n                                            \n                                        <\/div>  \n                                                                        <\/div>\n                                                                                        <\/div>\n                    <\/div>\n\n                                    <\/div>\n    <\/div>\n<\/div>\n\n\n\n        <div id=\"bildlinktexticon\" class=\"flexible-content acf-content\" style=\"background-color: transparent;\">\n        <div class=\"flexible-content-inner\">\n            <div class=\"flexible-item-wrapper\">\n\n               \n                     \n                        <div class=\"container flexible-items\"  >\n                            <div class=\"row\">\n                                \n                                                                     <div class=\"col-lg  bildlinktexticon-box\" data-aos=\"fade-up\">\n                                        <div class=\"inner\"> \n                                            <div class=\"col-12 bild\">\n                                                                                                 <img decoding=\"async\" src=\"https:\/\/polo-filter.avrio-web.de\/wp-content\/uploads\/Kontakt_POLO_Filter_Technik_Box_02-3_101.jpg\" alt=\"\" \/>\n                                             \n                                            <\/div>\n                                            <div class=\"overflow\">\n                                                                                         <div class=\"col-9 text\">\n                                               <a class=\"\" href=\"https:\/\/polo-filter.avrio-web.de\/fr\/plan-dacces\/\" target=\"_self\" style=\"color:#fff;\"> <p>Plan d&rsquo;acc\u00e8s<\/p>\n<\/a>\n                                            <\/div>\n                                            <div class=\"col-2 button\">\n                                               \n                                                                                                       <a class=\"button\" href=\"https:\/\/polo-filter.avrio-web.de\/fr\/plan-dacces\/\" target=\"_self\"><img decoding=\"async\" src=\"https:\/\/polo-filter.avrio-web.de\/wp-content\/uploads\/POLO_Filter_Technik_Icon_Gruen_Pfeil_rechts.png\" alt=\"\" \/><\/a>\n                                                                                            <\/div>\n                                        <\/div>\n                                          \n\n                                             \n\n\n                                             \n\n\n                                            \n\n\n                                        <\/div>\n                                    <\/div>\n                                  \n                                                            \n                                                                     <div class=\"col-lg  bildlinktexticon-box\" data-aos=\"fade-up\">\n                                        <div class=\"inner\"> \n                                            <div class=\"col-12 bild\">\n                                                                                                 <img decoding=\"async\" src=\"https:\/\/polo-filter.avrio-web.de\/wp-content\/uploads\/Kontakt_POLO_Filter_Technik_Box_02-3_102.jpg\" alt=\"\" \/>\n                                             \n                                            <\/div>\n                                            <div class=\"overflow\">\n                                                                                         <div class=\"col-9 text\">\n                                               <a class=\"\" href=\"https:\/\/polo-filter.avrio-web.de\/fr\/personne-de-contact\/\" target=\"_self\" style=\"color:#fff;\"> <p>Personne de contact<\/p>\n<\/a>\n                                            <\/div>\n                                            <div class=\"col-2 button\">\n                                               \n                                                                                                       <a class=\"button\" href=\"https:\/\/polo-filter.avrio-web.de\/fr\/personne-de-contact\/\" target=\"_self\"><img decoding=\"async\" src=\"https:\/\/polo-filter.avrio-web.de\/wp-content\/uploads\/POLO_Filter_Technik_Icon_Gruen_Ansprechpartner.png\" alt=\"\" \/><\/a>\n                                                                                            <\/div>\n                                        <\/div>\n                                          \n\n                                             \n\n\n                                             \n\n\n                                            \n\n\n                                        <\/div>\n                                    <\/div>\n                                  \n                                                            \n                                                                     <div class=\"col-lg  bildlinktexticon-box\" data-aos=\"fade-up\">\n                                        <div class=\"inner\"> \n                                            <div class=\"col-12 bild\">\n                                                                                                 <img decoding=\"async\" src=\"https:\/\/polo-filter.avrio-web.de\/wp-content\/uploads\/Kontakt_POLO_Filter_Technik_Box_02-3_105.jpg\" alt=\"\" \/>\n                                             \n                                            <\/div>\n                                            <div class=\"overflow\">\n                                                                                         <div class=\"col-9 text\">\n                                               <a class=\"\" href=\"https:\/\/polo-filter.avrio-web.de\/fr\/representation-service-externe\/\" target=\"_self\" style=\"color:#fff;\"> <p>Repr\u00e9sentation \/ Service externe<\/p>\n<\/a>\n                                            <\/div>\n                                            <div class=\"col-2 button\">\n                                               \n                                                                                                       <a class=\"button\" href=\"https:\/\/polo-filter.avrio-web.de\/fr\/representation-service-externe\/\" target=\"_self\"><img decoding=\"async\" src=\"https:\/\/polo-filter.avrio-web.de\/wp-content\/uploads\/POLO_Filter_Technik_Icon_Gruen_Ansprechpartner.png\" alt=\"\" \/><\/a>\n                                                                                            <\/div>\n                                        <\/div>\n                                          \n\n                                             \n\n\n                                             \n\n\n                                            \n\n\n                                        <\/div>\n                                    <\/div>\n                                  \n                                                                                    <\/div>\n                    <\/div>\n\n             \n        <\/div>\n    <\/div>\n<\/div>\n\n","protected":false},"excerpt":{"rendered":"","protected":false},"author":4,"featured_media":0,"parent":0,"menu_order":48,"comment_status":"closed","ping_status":"closed","template":"","meta":{"_acf_changed":false,"footnotes":""},"class_list":["post-17010","page","type-page","status-publish","hentry"],"acf":[],"yoast_head":"<!-- This site is optimized with the Yoast SEO plugin v25.8 - https:\/\/yoast.com\/wordpress\/plugins\/seo\/ -->\n<title>\u00dcbersicht Kontakt FR - POLO Filter-Technik<\/title>\n<meta name=\"robots\" content=\"index, follow, max-snippet:-1, max-image-preview:large, max-video-preview:-1\" \/>\n<link rel=\"canonical\" href=\"https:\/\/polo-filter.avrio-web.de\/fr\/ubersicht-kontakt-fr\/\" \/>\n<meta property=\"og:locale\" content=\"fr_FR\" \/>\n<meta property=\"og:type\" content=\"article\" \/>\n<meta property=\"og:title\" content=\"\u00dcbersicht Kontakt FR - POLO Filter-Technik\" \/>\n<meta property=\"og:url\" content=\"https:\/\/polo-filter.avrio-web.de\/fr\/ubersicht-kontakt-fr\/\" \/>\n<meta property=\"og:site_name\" content=\"POLO Filter-Technik\" \/>\n<meta property=\"article:modified_time\" content=\"2024-04-15T12:52:34+00:00\" \/>\n<meta name=\"twitter:card\" content=\"summary_large_image\" \/>\n<script type=\"application\/ld+json\" class=\"yoast-schema-graph\">{\"@context\":\"https:\/\/schema.org\",\"@graph\":[{\"@type\":\"WebPage\",\"@id\":\"https:\/\/polo-filter.avrio-web.de\/fr\/ubersicht-kontakt-fr\/\",\"url\":\"https:\/\/polo-filter.avrio-web.de\/fr\/ubersicht-kontakt-fr\/\",\"name\":\"\u00dcbersicht Kontakt FR - POLO Filter-Technik\",\"isPartOf\":{\"@id\":\"https:\/\/polo-filter.avrio-web.de\/fr\/#website\"},\"datePublished\":\"2024-01-08T15:56:38+00:00\",\"dateModified\":\"2024-04-15T12:52:34+00:00\",\"breadcrumb\":{\"@id\":\"https:\/\/polo-filter.avrio-web.de\/fr\/ubersicht-kontakt-fr\/#breadcrumb\"},\"inLanguage\":\"fr-FR\",\"potentialAction\":[{\"@type\":\"ReadAction\",\"target\":[\"https:\/\/polo-filter.avrio-web.de\/fr\/ubersicht-kontakt-fr\/\"]}]},{\"@type\":\"BreadcrumbList\",\"@id\":\"https:\/\/polo-filter.avrio-web.de\/fr\/ubersicht-kontakt-fr\/#breadcrumb\",\"itemListElement\":[{\"@type\":\"ListItem\",\"position\":1,\"name\":\"Startseite\",\"item\":\"https:\/\/polo-filter.avrio-web.de\/fr\/\"},{\"@type\":\"ListItem\",\"position\":2,\"name\":\"\u00dcbersicht Kontakt FR\"}]},{\"@type\":\"WebSite\",\"@id\":\"https:\/\/polo-filter.avrio-web.de\/fr\/#website\",\"url\":\"https:\/\/polo-filter.avrio-web.de\/fr\/\",\"name\":\"POLO Filter-Technik\",\"description\":\"Filteranlagen nach Mass\",\"potentialAction\":[{\"@type\":\"SearchAction\",\"target\":{\"@type\":\"EntryPoint\",\"urlTemplate\":\"https:\/\/polo-filter.avrio-web.de\/fr\/?s={search_term_string}\"},\"query-input\":{\"@type\":\"PropertyValueSpecification\",\"valueRequired\":true,\"valueName\":\"search_term_string\"}}],\"inLanguage\":\"fr-FR\"}]}<\/script>\n<!-- \/ Yoast SEO plugin. -->","yoast_head_json":{"title":"\u00dcbersicht Kontakt FR - POLO Filter-Technik","robots":{"index":"index","follow":"follow","max-snippet":"max-snippet:-1","max-image-preview":"max-image-preview:large","max-video-preview":"max-video-preview:-1"},"canonical":"https:\/\/polo-filter.avrio-web.de\/fr\/ubersicht-kontakt-fr\/","og_locale":"fr_FR","og_type":"article","og_title":"\u00dcbersicht Kontakt FR - POLO Filter-Technik","og_url":"https:\/\/polo-filter.avrio-web.de\/fr\/ubersicht-kontakt-fr\/","og_site_name":"POLO Filter-Technik","article_modified_time":"2024-04-15T12:52:34+00:00","twitter_card":"summary_large_image","schema":{"@context":"https:\/\/schema.org","@graph":[{"@type":"WebPage","@id":"https:\/\/polo-filter.avrio-web.de\/fr\/ubersicht-kontakt-fr\/","url":"https:\/\/polo-filter.avrio-web.de\/fr\/ubersicht-kontakt-fr\/","name":"\u00dcbersicht Kontakt FR - POLO Filter-Technik","isPartOf":{"@id":"https:\/\/polo-filter.avrio-web.de\/fr\/#website"},"datePublished":"2024-01-08T15:56:38+00:00","dateModified":"2024-04-15T12:52:34+00:00","breadcrumb":{"@id":"https:\/\/polo-filter.avrio-web.de\/fr\/ubersicht-kontakt-fr\/#breadcrumb"},"inLanguage":"fr-FR","potentialAction":[{"@type":"ReadAction","target":["https:\/\/polo-filter.avrio-web.de\/fr\/ubersicht-kontakt-fr\/"]}]},{"@type":"BreadcrumbList","@id":"https:\/\/polo-filter.avrio-web.de\/fr\/ubersicht-kontakt-fr\/#breadcrumb","itemListElement":[{"@type":"ListItem","position":1,"name":"Startseite","item":"https:\/\/polo-filter.avrio-web.de\/fr\/"},{"@type":"ListItem","position":2,"name":"\u00dcbersicht Kontakt FR"}]},{"@type":"WebSite","@id":"https:\/\/polo-filter.avrio-web.de\/fr\/#website","url":"https:\/\/polo-filter.avrio-web.de\/fr\/","name":"POLO Filter-Technik","description":"Filteranlagen nach Mass","potentialAction":[{"@type":"SearchAction","target":{"@type":"EntryPoint","urlTemplate":"https:\/\/polo-filter.avrio-web.de\/fr\/?s={search_term_string}"},"query-input":{"@type":"PropertyValueSpecification","valueRequired":true,"valueName":"search_term_string"}}],"inLanguage":"fr-FR"}]}},"_links":{"self":[{"href":"https:\/\/polo-filter.avrio-web.de\/fr\/wp-json\/wp\/v2\/pages\/17010","targetHints":{"allow":["GET"]}}],"collection":[{"href":"https:\/\/polo-filter.avrio-web.de\/fr\/wp-json\/wp\/v2\/pages"}],"about":[{"href":"https:\/\/polo-filter.avrio-web.de\/fr\/wp-json\/wp\/v2\/types\/page"}],"author":[{"embeddable":true,"href":"https:\/\/polo-filter.avrio-web.de\/fr\/wp-json\/wp\/v2\/users\/4"}],"replies":[{"embeddable":true,"href":"https:\/\/polo-filter.avrio-web.de\/fr\/wp-json\/wp\/v2\/comments?post=17010"}],"version-history":[{"count":15,"href":"https:\/\/polo-filter.avrio-web.de\/fr\/wp-json\/wp\/v2\/pages\/17010\/revisions"}],"predecessor-version":[{"id":17801,"href":"https:\/\/polo-filter.avrio-web.de\/fr\/wp-json\/wp\/v2\/pages\/17010\/revisions\/17801"}],"wp:attachment":[{"href":"https:\/\/polo-filter.avrio-web.de\/fr\/wp-json\/wp\/v2\/media?parent=17010"}],"curies":[{"name":"wp","href":"https:\/\/api.w.org\/{rel}","templated":true}]}}