{"id":16993,"date":"2024-01-08T16:48:34","date_gmt":"2024-01-08T15:48:34","guid":{"rendered":"https:\/\/polo-filter.avrio-web.de\/?page_id=16993"},"modified":"2024-04-15T14:34:59","modified_gmt":"2024-04-15T12:34:59","slug":"representation-service-externe","status":"publish","type":"page","link":"https:\/\/polo-filter.avrio-web.de\/fr\/representation-service-externe\/","title":{"rendered":"Repr\u00e9sentation \/ Service externe"},"content":{"rendered":"\n    \n                                                 <div class=\"heroimage container\" style=\"height:650px;background-image: url(https:\/\/polo-filter.avrio-web.de\/wp-content\/uploads\/Vertretung_POLO_Filter_Technik_Kopfbild_650px_102.jpg);background-repeat: no-repeat;background-size: contain;background-position: center \">\n                    \t<img decoding=\"async\" src=\"https:\/\/polo-filter.avrio-web.de\/wp-content\/uploads\/Vertretung_POLO_Filter_Technik_Kopfbild_650px_102.jpg\" style=\"visibility: hidden;\" \/>\n\n                <\/div>\n                  \n\n\n        <div class=\"flexible-content acf-content standard\" id=\"block_142418d93011cf50d65af47cf3b4f263\" style=\"background-color: transparent\">\n        <div class=\"flexible-content-inner container\" >\n            <div id=\"dynamiccontent\" class=\"flexible-item-wrapper\">\n               \n                <div class=\" flexible-items\" >\n                    <div class=\"row\">\n                                                   \n                                                            <div class=\"col-lg  flexible-item flex-text\">\n                                   <div class=\"inner\">\n                                       <h1>Repr\u00e9sentations dans le monde<\/h1>\n<h2>POLO Filter-Technik en Suisse et \u00e0 l\u2019\u00e9tranger<\/h2>\n<p>Nous filtrons \u00e9galement le bon interlocuteur pour vous ! Utilisez le champ de recherche ci-dessous pour trouver l&rsquo;agence correspondante dans votre pays ou \u00e0 l&rsquo;\u00e9tranger.<\/p>\n<p>&nbsp;<\/p>\n<div id=\"ansprechpartner-wrapper\">\n    <div class=\"inner\">\n        <form id=\"ansprechpartner-form\">\n            <div class=\"row\">\n                <div class=\"col-md-6\">\n                    <div class=\"info\">\n                        <p>\n                            S\u00e9lectionnez votre pays et, le cas \u00e9ch\u00e9ant, saisissez votre code postal.                        <\/p>\n                    <\/div>\n                <\/div>\n                <div class=\"col-md-4\">\n                    <div id=\"country-wrapper\" class=\"field-wrapper\">\n                        <label for=\"country\">Pays<\/label>\n                        <select name=\"country\" id=\"country\">\n                            <option value=\"\" disabled selected>Veuillez s\u00e9lectionner<\/option>\n                        <\/select>\n                    <\/div>\n                <\/div>\n                <div class=\"col-md-2\">\n                    <div id=\"zip-wrapper\" class=\"field-wrapper\">\n                        <label for=\"zip\">CP<\/label>\n                        <input id=\"zip\" name=\"zip\" type=\"text\" inputmode=\"numeric\" pattern=\"[0-9]*\" maxlength=\"5\" autocomplete=\"off\">\n                    <\/div>\n                <\/div>\n            <\/div>\n        <\/form>\n        <div id=\"contact-results-wrapper\">\n            <div id=\"contact-results\"><\/div>\n        <\/div>\n<\/div>\n\n\n<p>&nbsp;<\/p>\n<p>&nbsp;<\/p>\n                                   <\/div>\n                                <\/div>\n                                                                        <\/div>\n                <\/div>\n            <\/div>\n        <\/div>\n    <\/div>\n\n","protected":false},"excerpt":{"rendered":"","protected":false},"author":4,"featured_media":0,"parent":0,"menu_order":133,"comment_status":"closed","ping_status":"closed","template":"","meta":{"_acf_changed":false,"footnotes":""},"class_list":["post-16993","page","type-page","status-publish","hentry"],"acf":[],"yoast_head":"<!-- This site is optimized with the Yoast SEO plugin v25.8 - https:\/\/yoast.com\/wordpress\/plugins\/seo\/ -->\n<title>Repr\u00e9sentation \/ Service externe - POLO Filter-Technik<\/title>\n<meta name=\"robots\" content=\"index, follow, max-snippet:-1, max-image-preview:large, max-video-preview:-1\" \/>\n<link rel=\"canonical\" href=\"https:\/\/polo-filter.avrio-web.de\/fr\/representation-service-externe\/\" \/>\n<meta property=\"og:locale\" content=\"fr_FR\" \/>\n<meta property=\"og:type\" content=\"article\" \/>\n<meta property=\"og:title\" content=\"Repr\u00e9sentation \/ Service externe - POLO Filter-Technik\" \/>\n<meta property=\"og:url\" content=\"https:\/\/polo-filter.avrio-web.de\/fr\/representation-service-externe\/\" \/>\n<meta property=\"og:site_name\" content=\"POLO Filter-Technik\" \/>\n<meta property=\"article:modified_time\" content=\"2024-04-15T12:34:59+00:00\" \/>\n<meta name=\"twitter:card\" content=\"summary_large_image\" \/>\n<script type=\"application\/ld+json\" class=\"yoast-schema-graph\">{\"@context\":\"https:\/\/schema.org\",\"@graph\":[{\"@type\":\"WebPage\",\"@id\":\"https:\/\/polo-filter.avrio-web.de\/fr\/representation-service-externe\/\",\"url\":\"https:\/\/polo-filter.avrio-web.de\/fr\/representation-service-externe\/\",\"name\":\"Repr\u00e9sentation \/ Service externe - POLO Filter-Technik\",\"isPartOf\":{\"@id\":\"https:\/\/polo-filter.avrio-web.de\/fr\/#website\"},\"datePublished\":\"2024-01-08T15:48:34+00:00\",\"dateModified\":\"2024-04-15T12:34:59+00:00\",\"breadcrumb\":{\"@id\":\"https:\/\/polo-filter.avrio-web.de\/fr\/representation-service-externe\/#breadcrumb\"},\"inLanguage\":\"fr-FR\",\"potentialAction\":[{\"@type\":\"ReadAction\",\"target\":[\"https:\/\/polo-filter.avrio-web.de\/fr\/representation-service-externe\/\"]}]},{\"@type\":\"BreadcrumbList\",\"@id\":\"https:\/\/polo-filter.avrio-web.de\/fr\/representation-service-externe\/#breadcrumb\",\"itemListElement\":[{\"@type\":\"ListItem\",\"position\":1,\"name\":\"Startseite\",\"item\":\"https:\/\/polo-filter.avrio-web.de\/fr\/\"},{\"@type\":\"ListItem\",\"position\":2,\"name\":\"Repr\u00e9sentation \/ Service externe\"}]},{\"@type\":\"WebSite\",\"@id\":\"https:\/\/polo-filter.avrio-web.de\/fr\/#website\",\"url\":\"https:\/\/polo-filter.avrio-web.de\/fr\/\",\"name\":\"POLO Filter-Technik\",\"description\":\"Filteranlagen nach Mass\",\"potentialAction\":[{\"@type\":\"SearchAction\",\"target\":{\"@type\":\"EntryPoint\",\"urlTemplate\":\"https:\/\/polo-filter.avrio-web.de\/fr\/?s={search_term_string}\"},\"query-input\":{\"@type\":\"PropertyValueSpecification\",\"valueRequired\":true,\"valueName\":\"search_term_string\"}}],\"inLanguage\":\"fr-FR\"}]}<\/script>\n<!-- \/ Yoast SEO plugin. -->","yoast_head_json":{"title":"Repr\u00e9sentation \/ Service externe - POLO Filter-Technik","robots":{"index":"index","follow":"follow","max-snippet":"max-snippet:-1","max-image-preview":"max-image-preview:large","max-video-preview":"max-video-preview:-1"},"canonical":"https:\/\/polo-filter.avrio-web.de\/fr\/representation-service-externe\/","og_locale":"fr_FR","og_type":"article","og_title":"Repr\u00e9sentation \/ Service externe - POLO Filter-Technik","og_url":"https:\/\/polo-filter.avrio-web.de\/fr\/representation-service-externe\/","og_site_name":"POLO Filter-Technik","article_modified_time":"2024-04-15T12:34:59+00:00","twitter_card":"summary_large_image","schema":{"@context":"https:\/\/schema.org","@graph":[{"@type":"WebPage","@id":"https:\/\/polo-filter.avrio-web.de\/fr\/representation-service-externe\/","url":"https:\/\/polo-filter.avrio-web.de\/fr\/representation-service-externe\/","name":"Repr\u00e9sentation \/ Service externe - POLO Filter-Technik","isPartOf":{"@id":"https:\/\/polo-filter.avrio-web.de\/fr\/#website"},"datePublished":"2024-01-08T15:48:34+00:00","dateModified":"2024-04-15T12:34:59+00:00","breadcrumb":{"@id":"https:\/\/polo-filter.avrio-web.de\/fr\/representation-service-externe\/#breadcrumb"},"inLanguage":"fr-FR","potentialAction":[{"@type":"ReadAction","target":["https:\/\/polo-filter.avrio-web.de\/fr\/representation-service-externe\/"]}]},{"@type":"BreadcrumbList","@id":"https:\/\/polo-filter.avrio-web.de\/fr\/representation-service-externe\/#breadcrumb","itemListElement":[{"@type":"ListItem","position":1,"name":"Startseite","item":"https:\/\/polo-filter.avrio-web.de\/fr\/"},{"@type":"ListItem","position":2,"name":"Repr\u00e9sentation \/ Service externe"}]},{"@type":"WebSite","@id":"https:\/\/polo-filter.avrio-web.de\/fr\/#website","url":"https:\/\/polo-filter.avrio-web.de\/fr\/","name":"POLO Filter-Technik","description":"Filteranlagen nach Mass","potentialAction":[{"@type":"SearchAction","target":{"@type":"EntryPoint","urlTemplate":"https:\/\/polo-filter.avrio-web.de\/fr\/?s={search_term_string}"},"query-input":{"@type":"PropertyValueSpecification","valueRequired":true,"valueName":"search_term_string"}}],"inLanguage":"fr-FR"}]}},"_links":{"self":[{"href":"https:\/\/polo-filter.avrio-web.de\/fr\/wp-json\/wp\/v2\/pages\/16993","targetHints":{"allow":["GET"]}}],"collection":[{"href":"https:\/\/polo-filter.avrio-web.de\/fr\/wp-json\/wp\/v2\/pages"}],"about":[{"href":"https:\/\/polo-filter.avrio-web.de\/fr\/wp-json\/wp\/v2\/types\/page"}],"author":[{"embeddable":true,"href":"https:\/\/polo-filter.avrio-web.de\/fr\/wp-json\/wp\/v2\/users\/4"}],"replies":[{"embeddable":true,"href":"https:\/\/polo-filter.avrio-web.de\/fr\/wp-json\/wp\/v2\/comments?post=16993"}],"version-history":[{"count":6,"href":"https:\/\/polo-filter.avrio-web.de\/fr\/wp-json\/wp\/v2\/pages\/16993\/revisions"}],"predecessor-version":[{"id":17775,"href":"https:\/\/polo-filter.avrio-web.de\/fr\/wp-json\/wp\/v2\/pages\/16993\/revisions\/17775"}],"wp:attachment":[{"href":"https:\/\/polo-filter.avrio-web.de\/fr\/wp-json\/wp\/v2\/media?parent=16993"}],"curies":[{"name":"wp","href":"https:\/\/api.w.org\/{rel}","templated":true}]}}