{"id":15407,"date":"2023-07-11T10:51:46","date_gmt":"2023-07-11T08:51:46","guid":{"rendered":"https:\/\/polo-filter.avrio-web.de\/?page_id=15407"},"modified":"2025-07-02T12:40:06","modified_gmt":"2025-07-02T10:40:06","slug":"descarga-de-productos","status":"publish","type":"page","link":"https:\/\/polo-filter.avrio-web.de\/es\/descarga-de-productos\/","title":{"rendered":"Downloads Produkte (ES)"},"content":{"rendered":"\n    \n                                                 <div class=\"heroimage container\" style=\"height:650px;background-image: url(https:\/\/polo-filter.avrio-web.de\/wp-content\/uploads\/Produktinformation_POLO_Filter_Technik_Kopfbild_650px_101.jpg);background-repeat: no-repeat;background-size: contain;background-position: center \">\n                    \t<img decoding=\"async\" src=\"https:\/\/polo-filter.avrio-web.de\/wp-content\/uploads\/Produktinformation_POLO_Filter_Technik_Kopfbild_650px_101.jpg\" style=\"visibility: hidden;\" \/>\n\n                <\/div>\n                  \n\n\n        <div class=\"flexible-content acf-content standard\" id=\"block_2080afccc7b6a21a240bef678df82442\" style=\"background-color: transparent\">\n        <div class=\"flexible-content-inner container\" >\n            <div id=\"dynamiccontent\" class=\"flexible-item-wrapper\">\n               \n                <div class=\" flexible-items\" >\n                    <div class=\"row\">\n                                                   \n                                                            <div class=\"col-lg  flexible-item flex-text\">\n                                   <div class=\"inner\">\n                                       <h1>Informaci\u00f3n sobre productos<\/h1>\n<h2>Fichas t\u00e9cnicas, folletos, v\u00eddeos<\/h2>\n<p>En estas p\u00e1ginas encontrar\u00e1 los folletos m\u00e1s recientes y actualizados de nuestros productos. El centro de descargas se actualiza con regularidad, as\u00ed que no dude en echarle un vistazo.<\/p>\n                                   <\/div>\n                                <\/div>\n                                                                        <\/div>\n                <\/div>\n            <\/div>\n        <\/div>\n    <\/div>\n\n\n\n        <div id=\"zeichnung\" class=\"flexible-content acf-content\" style=\"background-color: transparent;\">\n        <div class=\"flexible-content-inner\">\n            <div class=\"flexible-item-wrapper\">\n\n\n\n                <div class=\"container flexible-items\"  >\n                    <div class=\"row\">\n                                                        <div class=\"col-4 zeichnung-box\" data-aos=\"fade-up\">\n                                    <div class=\"inner\"> \n\n                                                                                    <img decoding=\"async\" src=\"https:\/\/polo-filter.avrio-web.de\/wp-content\/uploads\/POLO_Filter_Technik_Produktgruppen_Bandfilter-1.jpg\" alt=\"\" \/>\n                                        \n\n\n\n                                        <div class=\"text\">\n                                         <p><strong>Filtros de banda y<br \/>\n<\/strong><strong>filtros compactos<\/strong><\/p>\n<p><a href=\"https:\/\/polo-filter.avrio-web.de\/108_Downloadcenter\/Produkt\/POLO_Filter_ES_Filtro_de_gravedad_SKF.pdf\" target=\"_blank\" rel=\"noopener\">Filtro de gravedad SKF (filtro de fieltro)<\/a><\/p>\n<p><a href=\"https:\/\/polo-filter.avrio-web.de\/108_Downloadcenter\/Produkt\/POLO_Filter_ES_Filtro_de_lecho_inclinado_SB.pdf\" target=\"_blank\" rel=\"noopener\">Filtro de lecho inclinado SB (filtro de fieltro)<\/a><\/p>\n<p><a href=\"https:\/\/polo-filter.avrio-web.de\/108_Downloadcenter\/Produkt\/POLO_Filter_ES_Filtro_de_lecho_inclinado_SBN.pdf\" target=\"_blank\" rel=\"noopener\">Filtro de lecho inclinado SBN (filtro de fieltro)<\/a><\/p>\n<p><a href=\"https:\/\/polo-filter.avrio-web.de\/108_Downloadcenter\/Produkt\/POLO_Filter_ES_Filtro_de_lecho_inclinado_SBP.pdf\" target=\"_blank\" rel=\"noopener\">Filtro de lecho inclinado SBP (filtro de fieltro)<\/a><\/p>\n<p><a href=\"https:\/\/polo-filter.avrio-web.de\/108_Downloadcenter\/Produkt\/POLO_Filter_ES_Filtro_de_lecho_inclinado_SBH.pdf\" target=\"_blank\" rel=\"noopener\">Filtro de lecho inclinado SBH (filtro de fieltro)<\/a><\/p>\n<p><a href=\"https:\/\/polo-filter.avrio-web.de\/108_Downloadcenter\/Produkt\/POLO_Filter_ES_Filtro_de_lecho_inclinado_SBEH.pdf\" target=\"_blank\" rel=\"noopener\">Filtro de lecho inclinado SBEH (cinta sinf\u00edn)<\/a><\/p>\n<p><a href=\"https:\/\/polo-filter.avrio-web.de\/108_Downloadcenter\/Produkt\/POLO_Filter_EN_Standard_System_SBP_SB.pdf\" target=\"_blank\" rel=\"noopener\">Standard system SBP + SB (EN)<\/a><\/p>\n<hr \/>\n<p><a href=\"https:\/\/vimeo.com\/683267785?share=copy\" target=\"_blank\" rel=\"noopener\">Film | Filtros de banda (funci\u00f3n EN)<\/a><\/p>\n                                     <\/div>\n                                     <div class=\"text-button\">\n\n                                                                      <\/div>\n                            <\/div>  \n\n                            <\/div>                                  <div class=\"col-4 zeichnung-box\" data-aos=\"fade-up\">\n                                    <div class=\"inner\"> \n\n                                                                                    <img decoding=\"async\" src=\"https:\/\/polo-filter.avrio-web.de\/wp-content\/uploads\/POLO_Filter_Technik_Produktgruppen_Vakuumfilter.jpg\" alt=\"\" \/>\n                                        \n\n\n\n                                        <div class=\"text\">\n                                         <p><strong>Filtros de vac\u00edo \/<br \/>\nFiltros de presi\u00f3n negativa<\/strong><\/p>\n<p><a href=\"https:\/\/polo-filter.avrio-web.de\/108_Downloadcenter\/Produkt\/POLO_Filter_ES_Filtro_de_lecho_inclinado_SBV.pdf\" target=\"_blank\" rel=\"noopener\">Filtro de lecho inclinado SBV (filtro de fieltro)<\/a><\/p>\n<p><a href=\"https:\/\/polo-filter.avrio-web.de\/108_Downloadcenter\/Produkt\/POLO_Filter_ES_Filtro_de_lecho_inclinado_SBEV.pdf\" target=\"_blank\" rel=\"noopener\">Filtro de lecho inclinado SBEV (cinta sinf\u00edn)<\/a><\/p>\n<p><a href=\"https:\/\/polo-filter.avrio-web.de\/108_Downloadcenter\/Produkt\/POLO_Filter_ES_Filtro_de_la_cinta_de_aspiraci%C3%B3n_SAFI_E.pdf\" target=\"_blank\" rel=\"noopener\">Filtro de la cinta de aspiraci\u00f3n SAFI-E (cinta sinf\u00edn)<\/a><\/p>\n<p><a href=\"https:\/\/polo-filter.avrio-web.de\/108_Downloadcenter\/Produkt\/POLO_Filter_ES_Filtro_de_la_cinta_de_aspiraci%C3%B3n_SAFI_C.pdf\" target=\"_blank\" rel=\"noopener\">Filtro de la cinta de aspiraci\u00f3n SAFI-C (cinta sinf\u00edn)<\/a><\/p>\n<p><a href=\"https:\/\/polo-filter.avrio-web.de\/108_Downloadcenter\/Produkt\/POLO_Filter_ES_Filtro_de_la_cinta_de_aspiraci%C3%B3n_SAFI_T.pdf\" target=\"_blank\" rel=\"noopener\">Filtro de la cinta de aspiraci\u00f3n SAFI-T (filtro de fieltro)<\/a><\/p>\n                                     <\/div>\n                                     <div class=\"text-button\">\n\n                                                                      <\/div>\n                            <\/div>  \n\n                            <\/div>                                  <div class=\"col-4 zeichnung-box\" data-aos=\"fade-up\">\n                                    <div class=\"inner\"> \n\n                                                                                    <img decoding=\"async\" src=\"https:\/\/polo-filter.avrio-web.de\/wp-content\/uploads\/POLO_Filter_Technik_Produktgruppen_Magnetfilter-1.jpg\" alt=\"\" \/>\n                                        \n\n\n\n                                        <div class=\"text\">\n                                         <p><strong>Filtros magn\u00e9ticos<\/strong><\/p>\n<p><a href=\"https:\/\/polo-filter.avrio-web.de\/108_Downloadcenter\/Produkt\/POLO_Filter_ES_Filtro_magn%C3%A9tico_MAF.pdf\" target=\"_blank\" rel=\"noopener\">Filtro magn\u00e9tico MAF<\/a><\/p>\n<p><a href=\"https:\/\/polo-filter.avrio-web.de\/108_Downloadcenter\/Produkt\/POLO_Filter_ES_Filtro_magn%C3%A9tico_MFGH.pdf\" target=\"_blank\" rel=\"noopener\">Filtro magn\u00e9tico MFGH<\/a><\/p>\n                                     <\/div>\n                                     <div class=\"text-button\">\n\n                                                                      <\/div>\n                            <\/div>  \n\n                            <\/div>                          \n                    <\/div>\n\n                <\/div>\n            <\/div>\n\n\n        <\/div>\n    <\/div>\n\n\n\n\n        <div id=\"zeichnung\" class=\"flexible-content acf-content\" style=\"background-color: transparent;\">\n        <div class=\"flexible-content-inner\">\n            <div class=\"flexible-item-wrapper\">\n\n\n\n                <div class=\"container flexible-items\"  >\n                    <div class=\"row\">\n                                                        <div class=\"col-4 zeichnung-box\" data-aos=\"fade-up\">\n                                    <div class=\"inner\"> \n\n                                                                                    <img decoding=\"async\" src=\"https:\/\/polo-filter.avrio-web.de\/wp-content\/uploads\/POLO_Filter_Technik_Produktgruppen_Druckfilter-1.jpg\" alt=\"\" \/>\n                                        \n\n\n\n                                        <div class=\"text\">\n                                         <p><strong>Filtros ultrafinos \/<br \/>\nFiltros de presi\u00f3n<\/strong><\/p>\n                                     <\/div>\n                                     <div class=\"text-button\">\n\n                                                                      <\/div>\n                            <\/div>  \n\n                            <\/div>                                  <div class=\"col-4 zeichnung-box\" data-aos=\"fade-up\">\n                                    <div class=\"inner\"> \n\n                                                                                    <img decoding=\"async\" src=\"https:\/\/polo-filter.avrio-web.de\/wp-content\/uploads\/POLO_Filter_Technik_Produktgruppen_Spaenefoerderer_Wagen-1.jpg\" alt=\"\" \/>\n                                        \n\n\n\n                                        <div class=\"text\">\n                                         <p><strong>Transportador de virutas \/<br \/>\nCarro de virutas<\/strong><\/p>\n<p><a href=\"https:\/\/polo-filter.avrio-web.de\/108_Downloadcenter\/Produkt\/POLO_Filter_ES_Transportador_de_cinta_rascadora_KBF.pdf\" target=\"_blank\" rel=\"noopener\">Transportador de cinta rascadora KBF<\/a><\/p>\n<p><a href=\"https:\/\/polo-filter.avrio-web.de\/108_Downloadcenter\/Produkt\/POLO_Filter_ES_Cinta_transportadora_con_bisagras_SBF.pdf\" target=\"_blank\" rel=\"noopener\">Cinta transportadora con bisagras SBF<\/a><\/p>\n<p><a href=\"https:\/\/polo-filter.avrio-web.de\/108_Downloadcenter\/Produkt\/POLO_Filter_ES_Carro_de_virutas_SW.pdf\" target=\"_blank\" rel=\"noopener\">Carro de virutas SW<\/a><\/p>\n                                     <\/div>\n                                     <div class=\"text-button\">\n\n                                                                      <\/div>\n                            <\/div>  \n\n                            <\/div>                                  <div class=\"col-4 zeichnung-box\" data-aos=\"fade-up\">\n                                    <div class=\"inner\"> \n\n                                                                                    <img decoding=\"async\" src=\"https:\/\/polo-filter.avrio-web.de\/wp-content\/uploads\/POLO_Filter_Technik_Produktgruppen_Oelskimmer_Schwimmschalter-2.jpg\" alt=\"\" \/>\n                                        \n\n\n\n                                        <div class=\"text\">\n                                         <p><strong>Estaci\u00f3n de elevaci\u00f3n \/ Extractor de superficie \/ Interruptor de flotador<\/strong><\/p>\n<p><a href=\"https:\/\/polo-filter.avrio-web.de\/108_Downloadcenter\/Produkt\/POLO_Filter_ES_Estaci%C3%B3n_de_elevaci%C3%B3n_PPS.pdf\" target=\"_blank\" rel=\"noopener\">Estaci\u00f3n de elevaci\u00f3n PPS<\/a><\/p>\n<p><a href=\"https:\/\/polo-filter.avrio-web.de\/108_Downloadcenter\/Produkt\/POLO_Filter_ES_Extractor_de_superficie_OFA.pdf\" target=\"_blank\" rel=\"noopener\">Extractor de superficie OFA<\/a><\/p>\n                                     <\/div>\n                                     <div class=\"text-button\">\n\n                                                                      <\/div>\n                            <\/div>  \n\n                            <\/div>                          \n                    <\/div>\n\n                <\/div>\n            <\/div>\n\n\n        <\/div>\n    <\/div>\n\n\n\n\n        <div id=\"zeichnung\" class=\"flexible-content acf-content\" style=\"background-color: transparent;\">\n        <div class=\"flexible-content-inner\">\n            <div class=\"flexible-item-wrapper\">\n\n\n\n                <div class=\"container flexible-items\"  >\n                    <div class=\"row\">\n                                                        <div class=\"col-4 zeichnung-box\" data-aos=\"fade-up\">\n                                    <div class=\"inner\"> \n\n                                                                                    <img decoding=\"async\" src=\"https:\/\/polo-filter.avrio-web.de\/wp-content\/uploads\/POLO_Filter_Technik_Produktgruppen_KSS_Pflege-2.jpg\" alt=\"\" \/>\n                                        \n\n\n\n                                        <div class=\"text\">\n                                         <p><strong>Dispositivo para el cuidado del refrigerante \/ Skimmer de aceite<\/strong><\/p>\n<p><a href=\"https:\/\/polo-filter.avrio-web.de\/108_Downloadcenter\/Produkt\/POLO_Filter_ES_Skimmer_de_cinta_BSK.pdf\" target=\"_blank\" rel=\"noopener\">Skimmer de cinta BSK<\/a><\/p>\n<p><a href=\"https:\/\/polo-filter.avrio-web.de\/108_Downloadcenter\/Produkt\/POLO_Filter_ES_Skimmer_de_disco_SSK.pdf\" target=\"_blank\" rel=\"noopener\">Skimmer de disco SSK<\/a><\/p>\n<p><a href=\"https:\/\/polo-filter.avrio-web.de\/108_Downloadcenter\/Produkt\/POLO_Filter_ES_Separador_coalescente_SO_MINI.pdf\" target=\"_blank\" rel=\"noopener\">Separador coalescente SO MINI<\/a><\/p>\n<p>&nbsp;<\/p>\n<h3><\/h3>\n                                     <\/div>\n                                     <div class=\"text-button\">\n\n                                                                      <\/div>\n                            <\/div>  \n\n                            <\/div>                                  <div class=\"col-4 zeichnung-box\" data-aos=\"fade-up\">\n                                    <div class=\"inner\"> \n\n                                                                                    <img decoding=\"async\" src=\"https:\/\/polo-filter.avrio-web.de\/wp-content\/uploads\/POLO_Filter_Technik_Produktgruppen_Zentralanlage-1.jpg\" alt=\"\" \/>\n                                        \n\n\n\n                                        <div class=\"text\">\n                                         <p><strong>Sistemas centralizados<\/strong><\/p>\n<p><a href=\"https:\/\/vimeo.com\/683267785?share=copy\" target=\"_blank\" rel=\"noopener\">Pel\u00edculas | Equipos centrales (EN)<\/a><\/p>\n                                     <\/div>\n                                     <div class=\"text-button\">\n\n                                                                      <\/div>\n                            <\/div>  \n\n                            <\/div>                                  <div class=\"col-4 zeichnung-box\" data-aos=\"fade-up\">\n                                    <div class=\"inner\"> \n\n                                                                                    <img decoding=\"async\" src=\"https:\/\/polo-filter.avrio-web.de\/wp-content\/uploads\/Steuerungsbau_Block_05_101.jpg\" alt=\"\" \/>\n                                        \n\n\n\n                                        <div class=\"text\">\n                                         <p><strong>Sistema controlado<\/strong><\/p>\n                                     <\/div>\n                                     <div class=\"text-button\">\n\n                                                                      <\/div>\n                            <\/div>  \n\n                            <\/div>                          \n                    <\/div>\n\n                <\/div>\n            <\/div>\n\n\n        <\/div>\n    <\/div>\n\n\n","protected":false},"excerpt":{"rendered":"","protected":false},"author":5,"featured_media":0,"parent":0,"menu_order":18,"comment_status":"closed","ping_status":"closed","template":"","meta":{"_acf_changed":false,"footnotes":""},"class_list":["post-15407","page","type-page","status-publish","hentry"],"acf":[],"yoast_head":"<!-- This site is optimized with the Yoast SEO plugin v25.8 - https:\/\/yoast.com\/wordpress\/plugins\/seo\/ -->\n<title>Descarga de productos - POLO Filter-Technik<\/title>\n<meta name=\"robots\" content=\"index, follow, max-snippet:-1, max-image-preview:large, max-video-preview:-1\" \/>\n<link rel=\"canonical\" href=\"https:\/\/polo-filter.avrio-web.de\/es\/descarga-de-productos\/\" \/>\n<meta property=\"og:locale\" content=\"es_ES\" \/>\n<meta property=\"og:type\" content=\"article\" \/>\n<meta property=\"og:title\" content=\"Descarga de productos - POLO Filter-Technik\" \/>\n<meta property=\"og:url\" content=\"https:\/\/polo-filter.avrio-web.de\/es\/descarga-de-productos\/\" \/>\n<meta property=\"og:site_name\" content=\"POLO Filter-Technik\" \/>\n<meta property=\"article:modified_time\" content=\"2025-07-02T10:40:06+00:00\" \/>\n<meta name=\"twitter:card\" content=\"summary_large_image\" \/>\n<script type=\"application\/ld+json\" class=\"yoast-schema-graph\">{\"@context\":\"https:\/\/schema.org\",\"@graph\":[{\"@type\":\"WebPage\",\"@id\":\"https:\/\/polo-filter.avrio-web.de\/es\/descarga-de-productos\/\",\"url\":\"https:\/\/polo-filter.avrio-web.de\/es\/descarga-de-productos\/\",\"name\":\"Descarga de productos - POLO Filter-Technik\",\"isPartOf\":{\"@id\":\"https:\/\/polo-filter.avrio-web.de\/es\/#website\"},\"datePublished\":\"2023-07-11T08:51:46+00:00\",\"dateModified\":\"2025-07-02T10:40:06+00:00\",\"breadcrumb\":{\"@id\":\"https:\/\/polo-filter.avrio-web.de\/es\/descarga-de-productos\/#breadcrumb\"},\"inLanguage\":\"es\",\"potentialAction\":[{\"@type\":\"ReadAction\",\"target\":[\"https:\/\/polo-filter.avrio-web.de\/es\/descarga-de-productos\/\"]}]},{\"@type\":\"BreadcrumbList\",\"@id\":\"https:\/\/polo-filter.avrio-web.de\/es\/descarga-de-productos\/#breadcrumb\",\"itemListElement\":[{\"@type\":\"ListItem\",\"position\":1,\"name\":\"Startseite\",\"item\":\"https:\/\/polo-filter.avrio-web.de\/es\/\"},{\"@type\":\"ListItem\",\"position\":2,\"name\":\"Downloads Produkte (ES)\"}]},{\"@type\":\"WebSite\",\"@id\":\"https:\/\/polo-filter.avrio-web.de\/es\/#website\",\"url\":\"https:\/\/polo-filter.avrio-web.de\/es\/\",\"name\":\"POLO Filter-Technik\",\"description\":\"Filteranlagen nach Mass\",\"potentialAction\":[{\"@type\":\"SearchAction\",\"target\":{\"@type\":\"EntryPoint\",\"urlTemplate\":\"https:\/\/polo-filter.avrio-web.de\/es\/?s={search_term_string}\"},\"query-input\":{\"@type\":\"PropertyValueSpecification\",\"valueRequired\":true,\"valueName\":\"search_term_string\"}}],\"inLanguage\":\"es\"}]}<\/script>\n<!-- \/ Yoast SEO plugin. -->","yoast_head_json":{"title":"Descarga de productos - POLO Filter-Technik","robots":{"index":"index","follow":"follow","max-snippet":"max-snippet:-1","max-image-preview":"max-image-preview:large","max-video-preview":"max-video-preview:-1"},"canonical":"https:\/\/polo-filter.avrio-web.de\/es\/descarga-de-productos\/","og_locale":"es_ES","og_type":"article","og_title":"Descarga de productos - POLO Filter-Technik","og_url":"https:\/\/polo-filter.avrio-web.de\/es\/descarga-de-productos\/","og_site_name":"POLO Filter-Technik","article_modified_time":"2025-07-02T10:40:06+00:00","twitter_card":"summary_large_image","schema":{"@context":"https:\/\/schema.org","@graph":[{"@type":"WebPage","@id":"https:\/\/polo-filter.avrio-web.de\/es\/descarga-de-productos\/","url":"https:\/\/polo-filter.avrio-web.de\/es\/descarga-de-productos\/","name":"Descarga de productos - POLO Filter-Technik","isPartOf":{"@id":"https:\/\/polo-filter.avrio-web.de\/es\/#website"},"datePublished":"2023-07-11T08:51:46+00:00","dateModified":"2025-07-02T10:40:06+00:00","breadcrumb":{"@id":"https:\/\/polo-filter.avrio-web.de\/es\/descarga-de-productos\/#breadcrumb"},"inLanguage":"es","potentialAction":[{"@type":"ReadAction","target":["https:\/\/polo-filter.avrio-web.de\/es\/descarga-de-productos\/"]}]},{"@type":"BreadcrumbList","@id":"https:\/\/polo-filter.avrio-web.de\/es\/descarga-de-productos\/#breadcrumb","itemListElement":[{"@type":"ListItem","position":1,"name":"Startseite","item":"https:\/\/polo-filter.avrio-web.de\/es\/"},{"@type":"ListItem","position":2,"name":"Downloads Produkte (ES)"}]},{"@type":"WebSite","@id":"https:\/\/polo-filter.avrio-web.de\/es\/#website","url":"https:\/\/polo-filter.avrio-web.de\/es\/","name":"POLO Filter-Technik","description":"Filteranlagen nach Mass","potentialAction":[{"@type":"SearchAction","target":{"@type":"EntryPoint","urlTemplate":"https:\/\/polo-filter.avrio-web.de\/es\/?s={search_term_string}"},"query-input":{"@type":"PropertyValueSpecification","valueRequired":true,"valueName":"search_term_string"}}],"inLanguage":"es"}]}},"_links":{"self":[{"href":"https:\/\/polo-filter.avrio-web.de\/es\/wp-json\/wp\/v2\/pages\/15407","targetHints":{"allow":["GET"]}}],"collection":[{"href":"https:\/\/polo-filter.avrio-web.de\/es\/wp-json\/wp\/v2\/pages"}],"about":[{"href":"https:\/\/polo-filter.avrio-web.de\/es\/wp-json\/wp\/v2\/types\/page"}],"author":[{"embeddable":true,"href":"https:\/\/polo-filter.avrio-web.de\/es\/wp-json\/wp\/v2\/users\/5"}],"replies":[{"embeddable":true,"href":"https:\/\/polo-filter.avrio-web.de\/es\/wp-json\/wp\/v2\/comments?post=15407"}],"version-history":[{"count":42,"href":"https:\/\/polo-filter.avrio-web.de\/es\/wp-json\/wp\/v2\/pages\/15407\/revisions"}],"predecessor-version":[{"id":18396,"href":"https:\/\/polo-filter.avrio-web.de\/es\/wp-json\/wp\/v2\/pages\/15407\/revisions\/18396"}],"wp:attachment":[{"href":"https:\/\/polo-filter.avrio-web.de\/es\/wp-json\/wp\/v2\/media?parent=15407"}],"curies":[{"name":"wp","href":"https:\/\/api.w.org\/{rel}","templated":true}]}}