{"id":13705,"date":"2022-11-03T11:00:06","date_gmt":"2022-11-03T10:00:06","guid":{"rendered":"https:\/\/polo-filter.avrio-web.de\/?page_id=13705"},"modified":"2022-11-29T15:06:08","modified_gmt":"2022-11-29T14:06:08","slug":"contacto-2","status":"publish","type":"page","link":"https:\/\/polo-filter.avrio-web.de\/es\/contacto-2\/","title":{"rendered":"\u00dcbersicht Kontakt (ES)"},"content":{"rendered":"\n    \n                                                 <div class=\"heroimage container\" style=\"height:650px;background-image: url(https:\/\/polo-filter.avrio-web.de\/wp-content\/uploads\/Kontakt_POLO_Filter_Technik_Kopfbild_650px_102-1.jpg);background-repeat: no-repeat;background-size: contain;background-position: center \">\n                    \t<img decoding=\"async\" src=\"https:\/\/polo-filter.avrio-web.de\/wp-content\/uploads\/Kontakt_POLO_Filter_Technik_Kopfbild_650px_102-1.jpg\" style=\"visibility: hidden;\" \/>\n\n                <\/div>\n                  \n\n\n        <div class=\"flexible-content acf-content standard\" id=\"block_611a4395d31e1\" style=\"background-color: transparent\">\n        <div class=\"flexible-content-inner container\" >\n            <div id=\"dynamiccontent\" class=\"flexible-item-wrapper\">\n               \n                <div class=\" flexible-items\" >\n                    <div class=\"row\">\n                                                   \n                                                            <div class=\"col-lg  flexible-item flex-text\">\n                                   <div class=\"inner\">\n                                       <h1>POLO Filter-Technik Bremen GmbH<\/h1>\n<h2>\u00a1Bienvenid@!<\/h2>\n<p>Hemos recopilado las respuestas a las preguntas m\u00e1s frecuentes en nuestra Wiki.<br \/>\n\u00bfSu pregunta no aparece en la lista o prefiere hablar directamente con nosotros?<\/p>\n<p>P\u00f3ngase en contacto con nosotros.<\/p>\n                                   <\/div>\n                                <\/div>\n                                                                        <\/div>\n                <\/div>\n            <\/div>\n        <\/div>\n    <\/div>\n\n\n\n        <div id=\"bildnebentext\" class=\"flexible-content acf-content\"  style=\"background-color: transparent;\">\n        <div class=\"flexible-content-inner\">\n            <div class=\"flexible-item-wrapper\">\n\n                                                         \n                        <div class=\"container flexible-items\">\n                            <div class=\"row\">\n                                \n                                                                     <div class=\"col-lg  flexible-item flex-img \" data-aos=\"fade-up\">\n                                                                                     \t<div class=\"inner\" style=\"background-image: url(https:\/\/polo-filter.avrio-web.de\/wp-content\/uploads\/Kontakte_POLO_Filter_Technik_Box_04_101.jpg)\"> \n                                                    <img decoding=\"async\" src=\"https:\/\/polo-filter.avrio-web.de\/wp-content\/uploads\/Kontakte_POLO_Filter_Technik_Box_04_101.jpg\" style=\"visibility: hidden;\" \/>\n                                            \n                                        <\/div>  \n                                                                        <\/div>\n                                                                \n                                                                          <div class=\"col-lg  flexible-item flex-text grau\">\n                                           \n                                         <div class=\"inner  \" >\n                                         \t<div class=\"text\">\n                                         \t\t<h1>POLO Filter-Technik Bremen GmbH<\/h1>\n<h4><strong>Direcci\u00f3n: <\/strong>In den Ellern 6 | 28832 Achim<\/h4>\n<h4><strong>Tel\u00e9fono fijo: <\/strong><a href=\"tel:49421238020\">+49 421 23802-0<\/a><span style=\"color: #000000\">\u00a0<\/span>|<br \/>\n<strong>Correo electr\u00f3nico:<\/strong>\u00a0<a href=\"mailto:info@polo-filter.com\">info@polo-filter.com<\/a><\/h4>\n<hr \/>\n<h4><\/h4>\n<h4><strong>Horario de apertura: <\/strong><\/h4>\n<h4>lunes, martes, mi\u00e9rcoles, jueves<br \/>\n07:00 &#8211; 16:30<\/h4>\n<h4>viernes<br \/>\n07:00 &#8211; 14:15<\/h4>\n<h4>s\u00e1bado, domingo<br \/>\ncerrado<\/h4>\n                                         \t<\/div>\n                                         \t<div class=\"text-button\">\n                                         \t\t                                                 <a class=\"button\" href=\"https:\/\/polo-filter.avrio-web.de\/es\/como-llegar\/\" target=\"_self\">C\u00f3mo llegar<\/a>\n                                                                                     \t<\/div>\n                                             \n                                             \n                                            \n                                        <\/div>\n                                    <\/div>\n                                                                                    <\/div>\n                    <\/div>\n\n                                     \n                        <div class=\"container flexible-items\">\n                            <div class=\"row\">\n                                \n                                                                          <div class=\"col-lg  flexible-item flex-text blau\">\n                                           \n                                         <div class=\"inner  \" >\n                                         \t<div class=\"text\">\n                                         \t\t<h4><strong>\u00a1Estamos siempre a su disposici\u00f3n, est\u00e9 donde est\u00e9! <\/strong><\/h4>\n<ul>\n<li><span style=\"color: #ffffff\"><a style=\"color: #ffffff\" href=\"https:\/\/polo-filter.avrio-web.de\/es\/interlocutor\/\">Todas las personas de contacto de un vistazo<\/a><\/span><\/li>\n<li><span style=\"color: #ffffff\"><a style=\"color: #ffffff\" href=\"https:\/\/polo-filter.avrio-web.de\/es\/representacion\/\">Representaci\u00f3n nacional\/internacional<\/a><\/span><\/li>\n<\/ul>\n                                         \t<\/div>\n                                         \t<div class=\"text-button\">\n                                         \t\t                                                 <a class=\"button\" href=\"https:\/\/polo-filter.avrio-web.de\/es\/formulario-de-contacto\/\" target=\"_self\">Al formulario de contacto<\/a>\n                                                                                     \t<\/div>\n                                             \n                                             \n                                            \n                                        <\/div>\n                                    <\/div>\n                                                            \n                                                                     <div class=\"col-lg  flexible-item flex-img \" data-aos=\"fade-up\">\n                                                                                     \t<div class=\"inner\" style=\"background-image: url(https:\/\/polo-filter.avrio-web.de\/wp-content\/uploads\/Kontakte_POLO_Filter_Technik_Box_04_104.jpg)\"> \n                                                    <img decoding=\"async\" src=\"https:\/\/polo-filter.avrio-web.de\/wp-content\/uploads\/Kontakte_POLO_Filter_Technik_Box_04_104.jpg\" style=\"visibility: hidden;\" \/>\n                                            \n                                        <\/div>  \n                                                                        <\/div>\n                                                                                        <\/div>\n                    <\/div>\n\n                                    <\/div>\n    <\/div>\n<\/div>\n\n\n\n        <div id=\"bildlinktexticon\" class=\"flexible-content acf-content\" style=\"background-color: transparent;\">\n        <div class=\"flexible-content-inner\">\n            <div class=\"flexible-item-wrapper\">\n\n               \n                     \n                        <div class=\"container flexible-items\"  >\n                            <div class=\"row\">\n                                \n                                                                     <div class=\"col-lg  bildlinktexticon-box\" data-aos=\"fade-up\">\n                                        <div class=\"inner\"> \n                                            <div class=\"col-12 bild\">\n                                                                                                 <img decoding=\"async\" src=\"https:\/\/polo-filter.avrio-web.de\/wp-content\/uploads\/Kontakt_POLO_Filter_Technik_Box_02-3_101.jpg\" alt=\"\" \/>\n                                             \n                                            <\/div>\n                                            <div class=\"overflow\">\n                                                                                         <div class=\"col-9 text\">\n                                               <a class=\"\" href=\"https:\/\/polo-filter.avrio-web.de\/es\/como-llegar\/\" target=\"_self\" style=\"color:#fff;\"> <p>C\u00f3mo llegar<\/p>\n<\/a>\n                                            <\/div>\n                                            <div class=\"col-2 button\">\n                                               \n                                                                                                       <a class=\"button\" href=\"https:\/\/polo-filter.avrio-web.de\/es\/como-llegar\/\" target=\"_self\"><img decoding=\"async\" src=\"https:\/\/polo-filter.avrio-web.de\/wp-content\/uploads\/POLO_Filter_Technik_Icon_Gruen_Pfeil_rechts.png\" alt=\"\" \/><\/a>\n                                                                                            <\/div>\n                                        <\/div>\n                                          \n\n                                             \n\n\n                                             \n\n\n                                            \n\n\n                                        <\/div>\n                                    <\/div>\n                                  \n                                                            \n                                                                     <div class=\"col-lg  bildlinktexticon-box\" data-aos=\"fade-up\">\n                                        <div class=\"inner\"> \n                                            <div class=\"col-12 bild\">\n                                                                                                 <img decoding=\"async\" src=\"https:\/\/polo-filter.avrio-web.de\/wp-content\/uploads\/Kontakt_POLO_Filter_Technik_Box_02-3_102.jpg\" alt=\"\" \/>\n                                             \n                                            <\/div>\n                                            <div class=\"overflow\">\n                                                                                         <div class=\"col-9 text\">\n                                               <a class=\"\" href=\"https:\/\/polo-filter.avrio-web.de\/es\/interlocutor\/\" target=\"_self\" style=\"color:#fff;\"> <p>Interlocutor<\/p>\n<\/a>\n                                            <\/div>\n                                            <div class=\"col-2 button\">\n                                               \n                                                                                                       <a class=\"button\" href=\"https:\/\/polo-filter.avrio-web.de\/es\/interlocutor\/\" target=\"_self\"><img decoding=\"async\" src=\"https:\/\/polo-filter.avrio-web.de\/wp-content\/uploads\/POLO_Filter_Technik_Icon_Gruen_Ansprechpartner.png\" alt=\"\" \/><\/a>\n                                                                                            <\/div>\n                                        <\/div>\n                                          \n\n                                             \n\n\n                                             \n\n\n                                            \n\n\n                                        <\/div>\n                                    <\/div>\n                                  \n                                                            \n                                                                     <div class=\"col-lg  bildlinktexticon-box\" data-aos=\"fade-up\">\n                                        <div class=\"inner\"> \n                                            <div class=\"col-12 bild\">\n                                                                                                 <img decoding=\"async\" src=\"https:\/\/polo-filter.avrio-web.de\/wp-content\/uploads\/Kontakt_POLO_Filter_Technik_Box_02-3_105.jpg\" alt=\"\" \/>\n                                             \n                                            <\/div>\n                                            <div class=\"overflow\">\n                                                                                         <div class=\"col-9 text\">\n                                               <a class=\"\" href=\"https:\/\/polo-filter.avrio-web.de\/es\/representacion\/\" target=\"_self\" style=\"color:#fff;\"> <p>Representante \/ Servicio de campo<\/p>\n<\/a>\n                                            <\/div>\n                                            <div class=\"col-2 button\">\n                                               \n                                                                                                       <a class=\"button\" href=\"https:\/\/polo-filter.avrio-web.de\/es\/representacion\/\" target=\"_self\"><img decoding=\"async\" src=\"https:\/\/polo-filter.avrio-web.de\/wp-content\/uploads\/POLO_Filter_Technik_Icon_Gruen_Ansprechpartner.png\" alt=\"\" \/><\/a>\n                                                                                            <\/div>\n                                        <\/div>\n                                          \n\n                                             \n\n\n                                             \n\n\n                                            \n\n\n                                        <\/div>\n                                    <\/div>\n                                  \n                                                                                    <\/div>\n                    <\/div>\n\n             \n        <\/div>\n    <\/div>\n<\/div>\n\n","protected":false},"excerpt":{"rendered":"","protected":false},"author":5,"featured_media":0,"parent":0,"menu_order":47,"comment_status":"closed","ping_status":"closed","template":"","meta":{"_acf_changed":false,"footnotes":""},"class_list":["post-13705","page","type-page","status-publish","hentry"],"acf":[],"yoast_head":"<!-- This site is optimized with the Yoast SEO plugin v25.8 - https:\/\/yoast.com\/wordpress\/plugins\/seo\/ -->\n<title>Contacto - POLO Filter-Technik<\/title>\n<meta name=\"robots\" content=\"index, follow, max-snippet:-1, max-image-preview:large, max-video-preview:-1\" \/>\n<link rel=\"canonical\" href=\"https:\/\/polo-filter.avrio-web.de\/es\/contacto-2\/\" \/>\n<meta property=\"og:locale\" content=\"es_ES\" \/>\n<meta property=\"og:type\" content=\"article\" \/>\n<meta property=\"og:title\" content=\"Contacto - POLO Filter-Technik\" \/>\n<meta property=\"og:url\" content=\"https:\/\/polo-filter.avrio-web.de\/es\/contacto-2\/\" \/>\n<meta property=\"og:site_name\" content=\"POLO Filter-Technik\" \/>\n<meta property=\"article:modified_time\" content=\"2022-11-29T14:06:08+00:00\" \/>\n<meta name=\"twitter:card\" content=\"summary_large_image\" \/>\n<script type=\"application\/ld+json\" class=\"yoast-schema-graph\">{\"@context\":\"https:\/\/schema.org\",\"@graph\":[{\"@type\":\"WebPage\",\"@id\":\"https:\/\/polo-filter.avrio-web.de\/es\/contacto-2\/\",\"url\":\"https:\/\/polo-filter.avrio-web.de\/es\/contacto-2\/\",\"name\":\"Contacto - POLO Filter-Technik\",\"isPartOf\":{\"@id\":\"https:\/\/polo-filter.avrio-web.de\/es\/#website\"},\"datePublished\":\"2022-11-03T10:00:06+00:00\",\"dateModified\":\"2022-11-29T14:06:08+00:00\",\"breadcrumb\":{\"@id\":\"https:\/\/polo-filter.avrio-web.de\/es\/contacto-2\/#breadcrumb\"},\"inLanguage\":\"es\",\"potentialAction\":[{\"@type\":\"ReadAction\",\"target\":[\"https:\/\/polo-filter.avrio-web.de\/es\/contacto-2\/\"]}]},{\"@type\":\"BreadcrumbList\",\"@id\":\"https:\/\/polo-filter.avrio-web.de\/es\/contacto-2\/#breadcrumb\",\"itemListElement\":[{\"@type\":\"ListItem\",\"position\":1,\"name\":\"Startseite\",\"item\":\"https:\/\/polo-filter.avrio-web.de\/es\/\"},{\"@type\":\"ListItem\",\"position\":2,\"name\":\"\u00dcbersicht Kontakt (ES)\"}]},{\"@type\":\"WebSite\",\"@id\":\"https:\/\/polo-filter.avrio-web.de\/es\/#website\",\"url\":\"https:\/\/polo-filter.avrio-web.de\/es\/\",\"name\":\"POLO Filter-Technik\",\"description\":\"Filteranlagen nach Mass\",\"potentialAction\":[{\"@type\":\"SearchAction\",\"target\":{\"@type\":\"EntryPoint\",\"urlTemplate\":\"https:\/\/polo-filter.avrio-web.de\/es\/?s={search_term_string}\"},\"query-input\":{\"@type\":\"PropertyValueSpecification\",\"valueRequired\":true,\"valueName\":\"search_term_string\"}}],\"inLanguage\":\"es\"}]}<\/script>\n<!-- \/ Yoast SEO plugin. -->","yoast_head_json":{"title":"Contacto - POLO Filter-Technik","robots":{"index":"index","follow":"follow","max-snippet":"max-snippet:-1","max-image-preview":"max-image-preview:large","max-video-preview":"max-video-preview:-1"},"canonical":"https:\/\/polo-filter.avrio-web.de\/es\/contacto-2\/","og_locale":"es_ES","og_type":"article","og_title":"Contacto - POLO Filter-Technik","og_url":"https:\/\/polo-filter.avrio-web.de\/es\/contacto-2\/","og_site_name":"POLO Filter-Technik","article_modified_time":"2022-11-29T14:06:08+00:00","twitter_card":"summary_large_image","schema":{"@context":"https:\/\/schema.org","@graph":[{"@type":"WebPage","@id":"https:\/\/polo-filter.avrio-web.de\/es\/contacto-2\/","url":"https:\/\/polo-filter.avrio-web.de\/es\/contacto-2\/","name":"Contacto - POLO Filter-Technik","isPartOf":{"@id":"https:\/\/polo-filter.avrio-web.de\/es\/#website"},"datePublished":"2022-11-03T10:00:06+00:00","dateModified":"2022-11-29T14:06:08+00:00","breadcrumb":{"@id":"https:\/\/polo-filter.avrio-web.de\/es\/contacto-2\/#breadcrumb"},"inLanguage":"es","potentialAction":[{"@type":"ReadAction","target":["https:\/\/polo-filter.avrio-web.de\/es\/contacto-2\/"]}]},{"@type":"BreadcrumbList","@id":"https:\/\/polo-filter.avrio-web.de\/es\/contacto-2\/#breadcrumb","itemListElement":[{"@type":"ListItem","position":1,"name":"Startseite","item":"https:\/\/polo-filter.avrio-web.de\/es\/"},{"@type":"ListItem","position":2,"name":"\u00dcbersicht Kontakt (ES)"}]},{"@type":"WebSite","@id":"https:\/\/polo-filter.avrio-web.de\/es\/#website","url":"https:\/\/polo-filter.avrio-web.de\/es\/","name":"POLO Filter-Technik","description":"Filteranlagen nach Mass","potentialAction":[{"@type":"SearchAction","target":{"@type":"EntryPoint","urlTemplate":"https:\/\/polo-filter.avrio-web.de\/es\/?s={search_term_string}"},"query-input":{"@type":"PropertyValueSpecification","valueRequired":true,"valueName":"search_term_string"}}],"inLanguage":"es"}]}},"_links":{"self":[{"href":"https:\/\/polo-filter.avrio-web.de\/es\/wp-json\/wp\/v2\/pages\/13705","targetHints":{"allow":["GET"]}}],"collection":[{"href":"https:\/\/polo-filter.avrio-web.de\/es\/wp-json\/wp\/v2\/pages"}],"about":[{"href":"https:\/\/polo-filter.avrio-web.de\/es\/wp-json\/wp\/v2\/types\/page"}],"author":[{"embeddable":true,"href":"https:\/\/polo-filter.avrio-web.de\/es\/wp-json\/wp\/v2\/users\/5"}],"replies":[{"embeddable":true,"href":"https:\/\/polo-filter.avrio-web.de\/es\/wp-json\/wp\/v2\/comments?post=13705"}],"version-history":[{"count":15,"href":"https:\/\/polo-filter.avrio-web.de\/es\/wp-json\/wp\/v2\/pages\/13705\/revisions"}],"predecessor-version":[{"id":14099,"href":"https:\/\/polo-filter.avrio-web.de\/es\/wp-json\/wp\/v2\/pages\/13705\/revisions\/14099"}],"wp:attachment":[{"href":"https:\/\/polo-filter.avrio-web.de\/es\/wp-json\/wp\/v2\/media?parent=13705"}],"curies":[{"name":"wp","href":"https:\/\/api.w.org\/{rel}","templated":true}]}}