{"id":13681,"date":"2022-11-03T10:04:30","date_gmt":"2022-11-03T09:04:30","guid":{"rendered":"https:\/\/polo-filter.avrio-web.de\/?page_id=13681"},"modified":"2022-11-03T10:45:24","modified_gmt":"2022-11-03T09:45:24","slug":"condiciones-de-venta-y-entrega","status":"publish","type":"page","link":"https:\/\/polo-filter.avrio-web.de\/es\/condiciones-de-venta-y-entrega\/","title":{"rendered":"Verkaufs- und Lieferbedingungen (ES)"},"content":{"rendered":"\n    \n                                                 <div class=\"heroimage container\" style=\"height:450px;background-image: url(https:\/\/polo-filter.avrio-web.de\/wp-content\/uploads\/Verkaufs_Lieferbedingungen_Kopfbild_450px_101-1.jpg);background-repeat: no-repeat;background-size: contain;background-position: center \">\n                    \t<img decoding=\"async\" src=\"https:\/\/polo-filter.avrio-web.de\/wp-content\/uploads\/Verkaufs_Lieferbedingungen_Kopfbild_450px_101-1.jpg\" style=\"visibility: hidden;\" \/>\n\n                <\/div>\n                  \n\n\n        <div class=\"flexible-content acf-content standard\" id=\"block_6167e35e15663\" style=\"background-color: transparent\">\n        <div class=\"flexible-content-inner container\" >\n            <div id=\"dynamiccontent\" class=\"flexible-item-wrapper\">\n               \n                <div class=\" flexible-items\" >\n                    <div class=\"row\">\n                                                   \n                                                            <div class=\"col-lg  flexible-item flex-text\">\n                                   <div class=\"inner\">\n                                       <h1>POLO Filter-Technik Bremen GmbH<\/h1>\n<h2>Condiciones de venta y entrega<\/h2>\n                                   <\/div>\n                                <\/div>\n                                                                        <\/div>\n                <\/div>\n            <\/div>\n        <\/div>\n    <\/div>\n\n\n\n        <div class=\"flexible-content acf-content standard\" id=\"block_613b06c5bc103\" style=\"background-color: transparent\">\n        <div class=\"flexible-content-inner container\" >\n            <div id=\"dynamiccontent\" class=\"flexible-item-wrapper\">\n               \n                <div class=\" flexible-items\" >\n                    <div class=\"row\">\n                                                   \n                                                            <div class=\"col-lg  flexible-item flex-text\">\n                                   <div class=\"inner\">\n                                       <p><strong>1. Presupuestos<\/strong><br \/>\n1.1 Todos los presupuestos se realizan con arreglo a los siguientes t\u00e9rminos y condiciones. Los cuales se consideran aceptados al realizar el pedido o aceptar la entrega. Las condiciones divergentes del cliente que no aceptemos expresamente por escrito no son vinculantes para nosotros, aunque no nos opongamos expresamente a ellas.<br \/>\n1.2 Se permiten peque\u00f1as desviaciones de los documentos contenidos en nuestros materiales impresos, tales como dimensiones y pesos, ilustraciones y descripciones, a menos que los documentos hayan sido designados expresamente como vinculantes a modo de excepci\u00f3n.<br \/>\nNos reservamos el derecho de propiedad y, en su caso, los derechos de autor de las ilustraciones, dibujos, bocetos y otros documentos.<br \/>\nNo pueden ser reproducidos o puestos a disposici\u00f3n de terceros sin nuestra autorizaci\u00f3n y deben ser devueltos inmediatamente a petici\u00f3n nuestra.<\/p>\n<p>&nbsp;<\/p>\n<p><strong>2. Pedidos<\/strong><br \/>\n2.1 Un pedido se considera aceptado cuando ha sido confirmado por nosotros por escrito o cuando hemos comenzado su ejecuci\u00f3n. Los suplementos, modificaciones o acuerdos subsidiarios verbales requieren nuestra confirmaci\u00f3n por escrito para ser v\u00e1lidos.<br \/>\n2.2 El cliente ser\u00e1 responsable de la exactitud de los documentos que deba suministrar, tales como planos, calibres, muestras y similares. La informaci\u00f3n verbal sobre las dimensiones y similares requiere una confirmaci\u00f3n por escrito. Las muestras se suministran previo pago.<\/p>\n<p>&nbsp;<\/p>\n<p><strong>3. Entrega<br \/>\n<\/strong>3.1 El plazo de entrega solo se considerar\u00e1 acordado de forma aproximada. Comienza con el env\u00edo de los documentos, las autorizaciones y antes de la recepci\u00f3n de un pago inicial acordado. El plazo de entrega se considerar\u00e1 cumplido si, al final del mismo, el objeto de la entrega ha salido de nuestra f\u00e1brica o se ha notificado que la mercanc\u00eda est\u00e1 lista para ser enviada.<br \/>\n3.2 Acontecimientos imprevistos ajenos a nuestra voluntad,<br \/>\npor ejemplo, las interrupciones operativas, el retraso en las prestaciones de los subproveedores, los retrasos en la entrega de materias primas esenciales, los efectos de la acci\u00f3n industrial o similares, ampliar\u00e1n el plazo de entrega.<br \/>\n3.3 Nos reservamos el derecho de realizar entregas parciales a cargo del cliente.<br \/>\n3.4 Nuestra confirmaci\u00f3n de pedido ser\u00e1 determinante para el alcance de la entrega. Nos reservamos el derecho a desviaciones de la cantidad del pedido de hasta + 10 % debido a la producci\u00f3n o el embalaje.<strong><br \/>\n<\/strong><br \/>\n<strong>4. Precios<\/strong><br \/>\n4.1 Los precios se indican en EURO (\u20ac) ex f\u00e1brica o sala de ventas, a nuestra elecci\u00f3n, y no incluyen el embalaje, el flete, los gastos de env\u00edo y el seguro de valor. Lo mismo se aplica a las entregas parciales acordadas y a las entregas expr\u00e9s. El embalaje y el env\u00edo se realizar\u00e1n seg\u00fan nuestro mejor criterio. 4.2 A los precios se les a\u00f1adir\u00e1 el impuesto sobre el valor a\u00f1adido al tipo correspondiente.<br \/>\n4.3 Se aplicar\u00e1n los precios de lista vigentes el d\u00eda de la entrega, salvo que el plazo de entrega sea inferior a 4 meses. En este caso, se aplicar\u00e1n los precios de lista vigentes el d\u00eda de la confirmaci\u00f3n del pedido.<\/p>\n<p>&nbsp;<\/p>\n<p><strong>5. Pago<\/strong><br \/>\nSi no se han estipulado condiciones de pago especiales en nuestros presupuestos o confirmaciones de pedido, se aplicar\u00e1n las siguientes:<br \/>\n5.1 Los pagos se efectuar\u00e1n en euros libres de nuestro agente pagador en un plazo de 30 d\u00edas netos a partir de la fecha de la factura. Concedemos un descuento del 2% para el pago en 10 d\u00edas, importes inferiores a 100 \u20ac netos. No se aplica ninguna deducci\u00f3n a facturas de reparaci\u00f3n y facturas de trabajos por encargo. En caso de retraso en el pago, incluso en el caso de aplazamiento, se cobrar\u00e1n intereses del 3 % por encima del tipo de descuento del Deutsche Bundesbank para el per\u00edodo intermedio, sin que sea necesaria ninguna notificaci\u00f3n de incumplimiento. Los pagos se imputar\u00e1n en cada caso a la deuda m\u00e1s antigua y en primer lugar a los gastos e intereses.<br \/>\nPara los pedidos cuyo valor de compra sea superior a 50.000 \u20ac, se considerar\u00e1 acordado lo siguiente: 1\/3 de pago anticipado al recibir nuestra confirmaci\u00f3n de pedido, 1\/3 inmediatamente despu\u00e9s de la entrega o recepci\u00f3n de la factura, el resto 30 d\u00edas despu\u00e9s de la fecha de la factura.<br \/>\n5.2 No se admitir\u00e1 la retenci\u00f3n de los pagos ni la compensaci\u00f3n con las contrademandas del cliente impugnadas por nosotros.<br \/>\n5.3 Si se conocen razones que den lugar a dudas justificadas sobre el cumplimiento continuado del pago por parte del cliente, por ejemplo, procedimientos de conciliaci\u00f3n, suspensi\u00f3n inminente de pagos, etc., tendremos derecho a retener las entregas que a\u00fan no se hayan realizado y a renunciar al cumplimiento ulterior de nuestras obligaciones contractuales. Esto no exime al cliente de sus obligaciones derivadas de las partes del contrato ya cumplidas por nosotros.<\/p>\n<p>&nbsp;<\/p>\n<p><strong>6. Autoridad de cobro de los representantes<\/strong><br \/>\n6.1 Nuestros representantes no tienen poder de cobro.<\/p>\n                                   <\/div>\n                                <\/div>\n                                                                               \n                                                            <div class=\"col-lg  flexible-item flex-text\">\n                                   <div class=\"inner\">\n                                       <p><strong>7. Reserva de propiedad<\/strong><br \/>\n7.1 Los art\u00edculos entregados junto con los accesorios y cualquier entrega posterior seguir\u00e1n estando en nuestra propiedad sin perjuicio de la cesi\u00f3n del riesgo hasta que se haya pagado el precio completo o hasta que se hayan liquidado todas nuestras reclamaciones, incluso si se ha pagado el precio de compra de los art\u00edculos especialmente designados. Tambi\u00e9n se acuerda la reserva de propiedad para todas las reclamaciones que surjan en relaci\u00f3n con el objeto de compra. La reserva de propiedad no cesar\u00e1 si los cr\u00e9ditos a garantizar se incluyen en una cuenta corriente junto con otros cr\u00e9ditos; el reconocimiento del saldo restante ser\u00e1 ineficaz en este caso, a menos que hayamos renunciado expresamente al tratamiento por separado de los cr\u00e9ditos.<br \/>\n7.2 Mientras exista la reserva de propiedad, no est\u00e1 permitida la venta, la pignoraci\u00f3n, la cesi\u00f3n en garant\u00eda, el arrendamiento ni cualquier otro tipo de cesi\u00f3n del objeto de compra o de partes individuales del mismo sin nuestro consentimiento por escrito.<br \/>\n7.3 Si el objeto vendido es reclamado de alguna manera por un tercero, en particular si es incautada, el cliente est\u00e1 obligado a informar al agente ejecutor de nuestro derecho de propiedad y a comunic\u00e1rnoslo inmediatamente, adjuntando el acta de incautaci\u00f3n. El cliente deber\u00e1 reembolsar todos los gastos judiciales y extrajudiciales ocasionados por la retirada de los embargos y la recuperaci\u00f3n de la mercanc\u00eda entregada.<\/p>\n<p>&nbsp;<\/p>\n<p><strong>8. Env\u00edo \/ Cesi\u00f3n del riesgo<\/strong><br \/>\n8.1 El env\u00edo ser\u00e1 por cuenta y riesgo del destinatario; esto \u00faltimo tambi\u00e9n se aplicar\u00e1 si se ha acordado la entrega a portes pagados. El seguro de transporte solo se contratar\u00e1 por indicaci\u00f3n y a cargo del comprador.<br \/>\n8.2 Si el env\u00edo se retrasa debido a circunstancias de las que no somos responsables, el riesgo se transmitir\u00e1 al cliente ya el d\u00eda en que est\u00e9 listo para el env\u00edo.<br \/>\n8.3 Si el pedido est\u00e1 asociado a especificaciones de calidad especiales, la aceptaci\u00f3n por parte del comprador debe tener lugar en nuestra f\u00e1brica inmediatamente despu\u00e9s de la notificaci\u00f3n de la disponibilidad para el env\u00edo. Si el comprador no se hace cargo de la entrega, los bienes se considerar\u00e1n entregados de acuerdo con las condiciones cuando salgan de la f\u00e1brica o del almac\u00e9n del proveedor.<\/p>\n<p>&nbsp;<\/p>\n<p><strong>9. Responsabilidad por defectos<\/strong><br \/>\n9.1 \u00danicamente asumiremos responsabilidad por los defectos de dise\u00f1o o ejecuci\u00f3n de los que seamos responsables. La obligaci\u00f3n de sustituci\u00f3n se extiende a la reparaci\u00f3n sin cargo o a la entrega de piezas de recambio sin defectos, con exclusi\u00f3n de otros derechos de garant\u00eda del Comprador. La garant\u00eda consiste en la rectificaci\u00f3n\/subsanaci\u00f3n del objeto defectuoso. Si la subsanaci\u00f3n de los defectos finalmente fracasa, el comprador puede exigir una reducci\u00f3n del precio de compra.<br \/>\n9.2 El descubrimiento de defectos debe sernos notificado por escrito sin demora, en el caso de defectos reconocibles, sin embargo, a m\u00e1s tardar dentro de los 10 d\u00edas siguientes a la aceptaci\u00f3n, y en el caso de defectos no reconocibles, sin demora despu\u00e9s de que se hayan hecho reconocibles. 9.3 El per\u00edodo de garant\u00eda ser\u00e1 de 24 meses en funcionamiento de un solo turno, 12 meses en funcionamiento de dos turnos y 6 meses en funcionamiento de varios turnos. Dicho periodo no se aplica a los componentes electr\u00f3nicos. El per\u00edodo de garant\u00eda es de 12 meses, incluso en el caso de funcionamiento en un solo turno. El periodo de garant\u00eda comienza el d\u00eda en que la mercanc\u00eda sale de nuestra f\u00e1brica.<br \/>\n9.4 La responsabilidad por defectos no se aplica al desgaste natural, ni a los da\u00f1os que se produzcan despu\u00e9s de la cesi\u00f3n del riesgo como consecuencia de una manipulaci\u00f3n incorrecta o negligente, de un esfuerzo excesivo, de materiales de funcionamiento inadecuados, de trabajos de construcci\u00f3n defectuosos, de un suelo de construcci\u00f3n inadecuado y de influencias qu\u00edmicas, electroqu\u00edmicas o el\u00e9ctricas que no se asumen en el contrato.<br \/>\n9.5 Las modificaciones y reparaciones indebidas realizadas por el cliente o por terceros invalidan cualquier responsabilidad por las consecuencias resultantes.<br \/>\n9.6 El periodo de garant\u00eda para las rectificaciones es de 3 meses, para los suministros de sustituci\u00f3n o los servicios de sustituci\u00f3n de 6 meses. Se extender\u00e1, como m\u00ednimo, hasta la expiraci\u00f3n del per\u00edodo de garant\u00eda original del art\u00edculo suministrado. El plazo de responsabilidad por defectos se ampliar\u00e1 por la duraci\u00f3n de la interrupci\u00f3n de las operaciones causada por el hecho de que las reparaciones, las entregas de reemplazo o los servicios de reemplazo son necesarios para aquellas partes que no pueden ser operadas de manera expedita debido a la interrupci\u00f3n.<\/p>\n<p>&nbsp;<\/p>\n<p><strong>10. Lugar de c<\/strong><strong>umplimiento: Bremen<\/strong><\/p>\n<p>&nbsp;<\/p>\n<p><strong>11. Jurisdicci\u00f3n<\/strong><br \/>\n11.1. Para entregas en territorio nacional: Bremen<br \/>\nEn caso de que alguna de las disposiciones anteriores sea o llegue a ser inv\u00e1lida en su totalidad o en parte, la validez de las disposiciones restantes no se ver\u00e1 afectada por ello. Una disposici\u00f3n inv\u00e1lida ser\u00e1 sustituida por una disposici\u00f3n que se acerque lo m\u00e1s posible a la finalidad econ\u00f3mica prevista mediante una interpretaci\u00f3n complementaria del contrato. En caso necesario, se aplica la normativa legal correspondiente<\/p>\n<p>POPR-99 Versi\u00f3n 09.2016<\/p>\n                                   <\/div>\n                                <\/div>\n                                                                        <\/div>\n                <\/div>\n            <\/div>\n        <\/div>\n    <\/div>\n\n","protected":false},"excerpt":{"rendered":"","protected":false},"author":5,"featured_media":0,"parent":0,"menu_order":164,"comment_status":"closed","ping_status":"closed","template":"","meta":{"_acf_changed":false,"footnotes":""},"class_list":["post-13681","page","type-page","status-publish","hentry"],"acf":[],"yoast_head":"<!-- This site is optimized with the Yoast SEO plugin v25.8 - https:\/\/yoast.com\/wordpress\/plugins\/seo\/ -->\n<title>Condiciones de venta y entrega - POLO Filter-Technik<\/title>\n<meta name=\"robots\" content=\"index, follow, max-snippet:-1, max-image-preview:large, max-video-preview:-1\" \/>\n<link rel=\"canonical\" href=\"https:\/\/polo-filter.avrio-web.de\/es\/condiciones-de-venta-y-entrega\/\" \/>\n<meta property=\"og:locale\" content=\"es_ES\" \/>\n<meta property=\"og:type\" content=\"article\" \/>\n<meta property=\"og:title\" content=\"Condiciones de venta y entrega - POLO Filter-Technik\" \/>\n<meta property=\"og:url\" content=\"https:\/\/polo-filter.avrio-web.de\/es\/condiciones-de-venta-y-entrega\/\" \/>\n<meta property=\"og:site_name\" content=\"POLO Filter-Technik\" \/>\n<meta property=\"article:modified_time\" content=\"2022-11-03T09:45:24+00:00\" \/>\n<meta name=\"twitter:card\" content=\"summary_large_image\" \/>\n<script type=\"application\/ld+json\" class=\"yoast-schema-graph\">{\"@context\":\"https:\/\/schema.org\",\"@graph\":[{\"@type\":\"WebPage\",\"@id\":\"https:\/\/polo-filter.avrio-web.de\/es\/condiciones-de-venta-y-entrega\/\",\"url\":\"https:\/\/polo-filter.avrio-web.de\/es\/condiciones-de-venta-y-entrega\/\",\"name\":\"Condiciones de venta y entrega - POLO Filter-Technik\",\"isPartOf\":{\"@id\":\"https:\/\/polo-filter.avrio-web.de\/es\/#website\"},\"datePublished\":\"2022-11-03T09:04:30+00:00\",\"dateModified\":\"2022-11-03T09:45:24+00:00\",\"breadcrumb\":{\"@id\":\"https:\/\/polo-filter.avrio-web.de\/es\/condiciones-de-venta-y-entrega\/#breadcrumb\"},\"inLanguage\":\"es\",\"potentialAction\":[{\"@type\":\"ReadAction\",\"target\":[\"https:\/\/polo-filter.avrio-web.de\/es\/condiciones-de-venta-y-entrega\/\"]}]},{\"@type\":\"BreadcrumbList\",\"@id\":\"https:\/\/polo-filter.avrio-web.de\/es\/condiciones-de-venta-y-entrega\/#breadcrumb\",\"itemListElement\":[{\"@type\":\"ListItem\",\"position\":1,\"name\":\"Startseite\",\"item\":\"https:\/\/polo-filter.avrio-web.de\/es\/\"},{\"@type\":\"ListItem\",\"position\":2,\"name\":\"Verkaufs- und Lieferbedingungen (ES)\"}]},{\"@type\":\"WebSite\",\"@id\":\"https:\/\/polo-filter.avrio-web.de\/es\/#website\",\"url\":\"https:\/\/polo-filter.avrio-web.de\/es\/\",\"name\":\"POLO Filter-Technik\",\"description\":\"Filteranlagen nach Mass\",\"potentialAction\":[{\"@type\":\"SearchAction\",\"target\":{\"@type\":\"EntryPoint\",\"urlTemplate\":\"https:\/\/polo-filter.avrio-web.de\/es\/?s={search_term_string}\"},\"query-input\":{\"@type\":\"PropertyValueSpecification\",\"valueRequired\":true,\"valueName\":\"search_term_string\"}}],\"inLanguage\":\"es\"}]}<\/script>\n<!-- \/ Yoast SEO plugin. -->","yoast_head_json":{"title":"Condiciones de venta y entrega - POLO Filter-Technik","robots":{"index":"index","follow":"follow","max-snippet":"max-snippet:-1","max-image-preview":"max-image-preview:large","max-video-preview":"max-video-preview:-1"},"canonical":"https:\/\/polo-filter.avrio-web.de\/es\/condiciones-de-venta-y-entrega\/","og_locale":"es_ES","og_type":"article","og_title":"Condiciones de venta y entrega - POLO Filter-Technik","og_url":"https:\/\/polo-filter.avrio-web.de\/es\/condiciones-de-venta-y-entrega\/","og_site_name":"POLO Filter-Technik","article_modified_time":"2022-11-03T09:45:24+00:00","twitter_card":"summary_large_image","schema":{"@context":"https:\/\/schema.org","@graph":[{"@type":"WebPage","@id":"https:\/\/polo-filter.avrio-web.de\/es\/condiciones-de-venta-y-entrega\/","url":"https:\/\/polo-filter.avrio-web.de\/es\/condiciones-de-venta-y-entrega\/","name":"Condiciones de venta y entrega - POLO Filter-Technik","isPartOf":{"@id":"https:\/\/polo-filter.avrio-web.de\/es\/#website"},"datePublished":"2022-11-03T09:04:30+00:00","dateModified":"2022-11-03T09:45:24+00:00","breadcrumb":{"@id":"https:\/\/polo-filter.avrio-web.de\/es\/condiciones-de-venta-y-entrega\/#breadcrumb"},"inLanguage":"es","potentialAction":[{"@type":"ReadAction","target":["https:\/\/polo-filter.avrio-web.de\/es\/condiciones-de-venta-y-entrega\/"]}]},{"@type":"BreadcrumbList","@id":"https:\/\/polo-filter.avrio-web.de\/es\/condiciones-de-venta-y-entrega\/#breadcrumb","itemListElement":[{"@type":"ListItem","position":1,"name":"Startseite","item":"https:\/\/polo-filter.avrio-web.de\/es\/"},{"@type":"ListItem","position":2,"name":"Verkaufs- und Lieferbedingungen (ES)"}]},{"@type":"WebSite","@id":"https:\/\/polo-filter.avrio-web.de\/es\/#website","url":"https:\/\/polo-filter.avrio-web.de\/es\/","name":"POLO Filter-Technik","description":"Filteranlagen nach Mass","potentialAction":[{"@type":"SearchAction","target":{"@type":"EntryPoint","urlTemplate":"https:\/\/polo-filter.avrio-web.de\/es\/?s={search_term_string}"},"query-input":{"@type":"PropertyValueSpecification","valueRequired":true,"valueName":"search_term_string"}}],"inLanguage":"es"}]}},"_links":{"self":[{"href":"https:\/\/polo-filter.avrio-web.de\/es\/wp-json\/wp\/v2\/pages\/13681","targetHints":{"allow":["GET"]}}],"collection":[{"href":"https:\/\/polo-filter.avrio-web.de\/es\/wp-json\/wp\/v2\/pages"}],"about":[{"href":"https:\/\/polo-filter.avrio-web.de\/es\/wp-json\/wp\/v2\/types\/page"}],"author":[{"embeddable":true,"href":"https:\/\/polo-filter.avrio-web.de\/es\/wp-json\/wp\/v2\/users\/5"}],"replies":[{"embeddable":true,"href":"https:\/\/polo-filter.avrio-web.de\/es\/wp-json\/wp\/v2\/comments?post=13681"}],"version-history":[{"count":19,"href":"https:\/\/polo-filter.avrio-web.de\/es\/wp-json\/wp\/v2\/pages\/13681\/revisions"}],"predecessor-version":[{"id":13704,"href":"https:\/\/polo-filter.avrio-web.de\/es\/wp-json\/wp\/v2\/pages\/13681\/revisions\/13704"}],"wp:attachment":[{"href":"https:\/\/polo-filter.avrio-web.de\/es\/wp-json\/wp\/v2\/media?parent=13681"}],"curies":[{"name":"wp","href":"https:\/\/api.w.org\/{rel}","templated":true}]}}