{"id":13676,"date":"2022-11-03T09:55:05","date_gmt":"2022-11-03T08:55:05","guid":{"rendered":"https:\/\/polo-filter.avrio-web.de\/?page_id=13676"},"modified":"2022-11-03T09:55:19","modified_gmt":"2022-11-03T08:55:19","slug":"certificados","status":"publish","type":"page","link":"https:\/\/polo-filter.avrio-web.de\/es\/certificados\/","title":{"rendered":"Zertifikate (ES)"},"content":{"rendered":"\n    \n                                                 <div class=\"heroimage container\" style=\"height:450px;background-image: url(https:\/\/polo-filter.avrio-web.de\/wp-content\/uploads\/Zertifikate_POLO_Filter_Technik_Kopfbild_450px_101.jpg);background-repeat: no-repeat;background-size: contain;background-position: center \">\n                    \t<img decoding=\"async\" src=\"https:\/\/polo-filter.avrio-web.de\/wp-content\/uploads\/Zertifikate_POLO_Filter_Technik_Kopfbild_450px_101.jpg\" style=\"visibility: hidden;\" \/>\n\n                <\/div>\n                  \n\n\n        <div class=\"flexible-content acf-content standard\" id=\"block_613afdc4a778b\" style=\"background-color: transparent\">\n        <div class=\"flexible-content-inner container\" >\n            <div id=\"dynamiccontent\" class=\"flexible-item-wrapper\">\n               \n                <div class=\" flexible-items\" >\n                    <div class=\"row\">\n                                                   \n                                                            <div class=\"col-lg  flexible-item flex-text\">\n                                   <div class=\"inner\">\n                                       <p><span style=\"color: #0064ad\"><strong>Certificados<\/strong><\/span><\/p>\n<p>Estamos certificados seg\u00fan la norma ISO 9001:2015 y somos una empresa especializada seg\u00fan la WHG (Ley de Recursos H\u00eddricos alemana).<\/p>\n<p>Puede acceder a nuestros certificados vigentes aqu\u00ed:<\/p>\n                                   <\/div>\n                                <\/div>\n                                                                        <\/div>\n                <\/div>\n            <\/div>\n        <\/div>\n    <\/div>\n\n\n\n        <div id=\"bildlinktexticon\" class=\"flexible-content acf-content\" style=\"background-color: transparent;\">\n        <div class=\"flexible-content-inner\">\n            <div class=\"flexible-item-wrapper\">\n\n               \n                     \n                        <div class=\"container flexible-items\"  >\n                            <div class=\"row\">\n                                \n                                                                     <div class=\"col-lg  bildlinktexticon-box\" data-aos=\"fade-up\">\n                                        <div class=\"inner\"> \n                                            <div class=\"col-12 bild\">\n                                                                                                 <img decoding=\"async\" src=\"https:\/\/polo-filter.avrio-web.de\/wp-content\/uploads\/Zertifikat_POLO_Filter_Technik_02-3_101.jpg\" alt=\"\" \/>\n                                             \n                                            <\/div>\n                                            <div class=\"overflow\">\n                                                                                         <div class=\"col-9 text\">\n                                               <a class=\"\" href=\"https:\/\/polo-filter.avrio-web.de\/wp-content\/uploads\/Zertifikat-ISO-9001_2015_bis_2025_de.pdf\" target=\"_self\" style=\"color:#fff;\"> <p>ISO 9001 Alem\u00e1n<\/p>\n<\/a>\n                                            <\/div>\n                                            <div class=\"col-2 button\">\n                                               \n                                                                                                       <a class=\"button\" href=\"https:\/\/polo-filter.avrio-web.de\/wp-content\/uploads\/Zertifikat-ISO-9001_2015_bis_2025_de.pdf\" target=\"_self\"><img decoding=\"async\" src=\"https:\/\/polo-filter.avrio-web.de\/wp-content\/uploads\/POLO_Filter_Technik_Icon_Gruen_PDF.png\" alt=\"\" \/><\/a>\n                                                                                            <\/div>\n                                        <\/div>\n                                          \n\n                                             \n\n\n                                             \n\n\n                                            \n\n\n                                        <\/div>\n                                    <\/div>\n                                  \n                                                            \n                                                                     <div class=\"col-lg  bildlinktexticon-box\" data-aos=\"fade-up\">\n                                        <div class=\"inner\"> \n                                            <div class=\"col-12 bild\">\n                                                                                                 <img decoding=\"async\" src=\"https:\/\/polo-filter.avrio-web.de\/wp-content\/uploads\/Zertifikat_POLO_Filter_Technik_02-3_102.jpg\" alt=\"\" \/>\n                                             \n                                            <\/div>\n                                            <div class=\"overflow\">\n                                                                                         <div class=\"col-9 text\">\n                                               <a class=\"\" href=\"https:\/\/polo-filter.avrio-web.de\/wp-content\/uploads\/Zertifikat-ISO-9001_2015_bis_2025_engl.pdf\" target=\"_self\" style=\"color:#fff;\"> <p>ISO 9001 Ingl\u00e9s<\/p>\n<\/a>\n                                            <\/div>\n                                            <div class=\"col-2 button\">\n                                               \n                                                                                                       <a class=\"button\" href=\"https:\/\/polo-filter.avrio-web.de\/wp-content\/uploads\/Zertifikat-ISO-9001_2015_bis_2025_engl.pdf\" target=\"_self\"><img decoding=\"async\" src=\"https:\/\/polo-filter.avrio-web.de\/wp-content\/uploads\/POLO_Filter_Technik_Icon_Gruen_PDF.png\" alt=\"\" \/><\/a>\n                                                                                            <\/div>\n                                        <\/div>\n                                          \n\n                                             \n\n\n                                             \n\n\n                                            \n\n\n                                        <\/div>\n                                    <\/div>\n                                  \n                                                            \n                                                                     <div class=\"col-lg  bildlinktexticon-box\" data-aos=\"fade-up\">\n                                        <div class=\"inner\"> \n                                            <div class=\"col-12 bild\">\n                                                                                                 <img decoding=\"async\" src=\"https:\/\/polo-filter.avrio-web.de\/wp-content\/uploads\/Zertifikat_POLO_Filter_Technik_02-3_103.jpg\" alt=\"\" \/>\n                                             \n                                            <\/div>\n                                            <div class=\"overflow\">\n                                                                                         <div class=\"col-9 text\">\n                                               <a class=\"\" href=\"https:\/\/polo-filter.avrio-web.de\/wp-content\/uploads\/Zertifikat-WHG-2021_bis_2023.pdf\" target=\"_self\" style=\"color:#fff;\"> <p>Certificado de la Ley de Recursos H\u00eddricos alemana (WHG)<\/p>\n<\/a>\n                                            <\/div>\n                                            <div class=\"col-2 button\">\n                                               \n                                                                                                       <a class=\"button\" href=\"https:\/\/polo-filter.avrio-web.de\/wp-content\/uploads\/Zertifikat-WHG-2021_bis_2023.pdf\" target=\"_self\"><img decoding=\"async\" src=\"https:\/\/polo-filter.avrio-web.de\/wp-content\/uploads\/POLO_Filter_Technik_Icon_Gruen_PDF.png\" alt=\"\" \/><\/a>\n                                                                                            <\/div>\n                                        <\/div>\n                                          \n\n                                             \n\n\n                                             \n\n\n                                            \n\n\n                                        <\/div>\n                                    <\/div>\n                                  \n                                                                                    <\/div>\n                    <\/div>\n\n             \n        <\/div>\n    <\/div>\n<\/div>\n\n","protected":false},"excerpt":{"rendered":"","protected":false},"author":5,"featured_media":0,"parent":0,"menu_order":160,"comment_status":"closed","ping_status":"closed","template":"","meta":{"_acf_changed":false,"footnotes":""},"class_list":["post-13676","page","type-page","status-publish","hentry"],"acf":[],"yoast_head":"<!-- This site is optimized with the Yoast SEO plugin v25.8 - https:\/\/yoast.com\/wordpress\/plugins\/seo\/ -->\n<title>Certificados - POLO Filter-Technik<\/title>\n<meta name=\"robots\" content=\"index, follow, max-snippet:-1, max-image-preview:large, max-video-preview:-1\" \/>\n<link rel=\"canonical\" href=\"https:\/\/polo-filter.avrio-web.de\/es\/certificados\/\" \/>\n<meta property=\"og:locale\" content=\"es_ES\" \/>\n<meta property=\"og:type\" content=\"article\" \/>\n<meta property=\"og:title\" content=\"Certificados - POLO Filter-Technik\" \/>\n<meta property=\"og:url\" content=\"https:\/\/polo-filter.avrio-web.de\/es\/certificados\/\" \/>\n<meta property=\"og:site_name\" content=\"POLO Filter-Technik\" \/>\n<meta property=\"article:modified_time\" content=\"2022-11-03T08:55:19+00:00\" \/>\n<meta name=\"twitter:card\" content=\"summary_large_image\" \/>\n<script type=\"application\/ld+json\" class=\"yoast-schema-graph\">{\"@context\":\"https:\/\/schema.org\",\"@graph\":[{\"@type\":\"WebPage\",\"@id\":\"https:\/\/polo-filter.avrio-web.de\/es\/certificados\/\",\"url\":\"https:\/\/polo-filter.avrio-web.de\/es\/certificados\/\",\"name\":\"Certificados - POLO Filter-Technik\",\"isPartOf\":{\"@id\":\"https:\/\/polo-filter.avrio-web.de\/es\/#website\"},\"datePublished\":\"2022-11-03T08:55:05+00:00\",\"dateModified\":\"2022-11-03T08:55:19+00:00\",\"breadcrumb\":{\"@id\":\"https:\/\/polo-filter.avrio-web.de\/es\/certificados\/#breadcrumb\"},\"inLanguage\":\"es\",\"potentialAction\":[{\"@type\":\"ReadAction\",\"target\":[\"https:\/\/polo-filter.avrio-web.de\/es\/certificados\/\"]}]},{\"@type\":\"BreadcrumbList\",\"@id\":\"https:\/\/polo-filter.avrio-web.de\/es\/certificados\/#breadcrumb\",\"itemListElement\":[{\"@type\":\"ListItem\",\"position\":1,\"name\":\"Startseite\",\"item\":\"https:\/\/polo-filter.avrio-web.de\/es\/\"},{\"@type\":\"ListItem\",\"position\":2,\"name\":\"Zertifikate (ES)\"}]},{\"@type\":\"WebSite\",\"@id\":\"https:\/\/polo-filter.avrio-web.de\/es\/#website\",\"url\":\"https:\/\/polo-filter.avrio-web.de\/es\/\",\"name\":\"POLO Filter-Technik\",\"description\":\"Filteranlagen nach Mass\",\"potentialAction\":[{\"@type\":\"SearchAction\",\"target\":{\"@type\":\"EntryPoint\",\"urlTemplate\":\"https:\/\/polo-filter.avrio-web.de\/es\/?s={search_term_string}\"},\"query-input\":{\"@type\":\"PropertyValueSpecification\",\"valueRequired\":true,\"valueName\":\"search_term_string\"}}],\"inLanguage\":\"es\"}]}<\/script>\n<!-- \/ Yoast SEO plugin. -->","yoast_head_json":{"title":"Certificados - POLO Filter-Technik","robots":{"index":"index","follow":"follow","max-snippet":"max-snippet:-1","max-image-preview":"max-image-preview:large","max-video-preview":"max-video-preview:-1"},"canonical":"https:\/\/polo-filter.avrio-web.de\/es\/certificados\/","og_locale":"es_ES","og_type":"article","og_title":"Certificados - POLO Filter-Technik","og_url":"https:\/\/polo-filter.avrio-web.de\/es\/certificados\/","og_site_name":"POLO Filter-Technik","article_modified_time":"2022-11-03T08:55:19+00:00","twitter_card":"summary_large_image","schema":{"@context":"https:\/\/schema.org","@graph":[{"@type":"WebPage","@id":"https:\/\/polo-filter.avrio-web.de\/es\/certificados\/","url":"https:\/\/polo-filter.avrio-web.de\/es\/certificados\/","name":"Certificados - POLO Filter-Technik","isPartOf":{"@id":"https:\/\/polo-filter.avrio-web.de\/es\/#website"},"datePublished":"2022-11-03T08:55:05+00:00","dateModified":"2022-11-03T08:55:19+00:00","breadcrumb":{"@id":"https:\/\/polo-filter.avrio-web.de\/es\/certificados\/#breadcrumb"},"inLanguage":"es","potentialAction":[{"@type":"ReadAction","target":["https:\/\/polo-filter.avrio-web.de\/es\/certificados\/"]}]},{"@type":"BreadcrumbList","@id":"https:\/\/polo-filter.avrio-web.de\/es\/certificados\/#breadcrumb","itemListElement":[{"@type":"ListItem","position":1,"name":"Startseite","item":"https:\/\/polo-filter.avrio-web.de\/es\/"},{"@type":"ListItem","position":2,"name":"Zertifikate (ES)"}]},{"@type":"WebSite","@id":"https:\/\/polo-filter.avrio-web.de\/es\/#website","url":"https:\/\/polo-filter.avrio-web.de\/es\/","name":"POLO Filter-Technik","description":"Filteranlagen nach Mass","potentialAction":[{"@type":"SearchAction","target":{"@type":"EntryPoint","urlTemplate":"https:\/\/polo-filter.avrio-web.de\/es\/?s={search_term_string}"},"query-input":{"@type":"PropertyValueSpecification","valueRequired":true,"valueName":"search_term_string"}}],"inLanguage":"es"}]}},"_links":{"self":[{"href":"https:\/\/polo-filter.avrio-web.de\/es\/wp-json\/wp\/v2\/pages\/13676","targetHints":{"allow":["GET"]}}],"collection":[{"href":"https:\/\/polo-filter.avrio-web.de\/es\/wp-json\/wp\/v2\/pages"}],"about":[{"href":"https:\/\/polo-filter.avrio-web.de\/es\/wp-json\/wp\/v2\/types\/page"}],"author":[{"embeddable":true,"href":"https:\/\/polo-filter.avrio-web.de\/es\/wp-json\/wp\/v2\/users\/5"}],"replies":[{"embeddable":true,"href":"https:\/\/polo-filter.avrio-web.de\/es\/wp-json\/wp\/v2\/comments?post=13676"}],"version-history":[{"count":3,"href":"https:\/\/polo-filter.avrio-web.de\/es\/wp-json\/wp\/v2\/pages\/13676\/revisions"}],"predecessor-version":[{"id":13679,"href":"https:\/\/polo-filter.avrio-web.de\/es\/wp-json\/wp\/v2\/pages\/13676\/revisions\/13679"}],"wp:attachment":[{"href":"https:\/\/polo-filter.avrio-web.de\/es\/wp-json\/wp\/v2\/media?parent=13676"}],"curies":[{"name":"wp","href":"https:\/\/api.w.org\/{rel}","templated":true}]}}