{"id":13669,"date":"2022-11-03T09:45:58","date_gmt":"2022-11-03T08:45:58","guid":{"rendered":"https:\/\/polo-filter.avrio-web.de\/?page_id=13669"},"modified":"2024-10-22T15:11:35","modified_gmt":"2024-10-22T13:11:35","slug":"carrera","status":"publish","type":"page","link":"https:\/\/polo-filter.avrio-web.de\/es\/carrera\/","title":{"rendered":"Karriere (ES)"},"content":{"rendered":"\n    \n                                                 <div class=\"heroimage container\" style=\"height:450px;background-image: url(https:\/\/polo-filter.avrio-web.de\/wp-content\/uploads\/Karriere_POLO_Filter_Technik_Bremen_GmbH_Kopfbild_450px_102.jpg);background-repeat: no-repeat;background-size: contain;background-position: center \">\n                    \t<img decoding=\"async\" src=\"https:\/\/polo-filter.avrio-web.de\/wp-content\/uploads\/Karriere_POLO_Filter_Technik_Bremen_GmbH_Kopfbild_450px_102.jpg\" style=\"visibility: hidden;\" \/>\n\n                <\/div>\n                  \n\n\n        <div class=\"flexible-content acf-content standard\" id=\"block_2179dbd1c8b8b2811cbb31f07324a8e6\" style=\"background-color: transparent\">\n        <div class=\"flexible-content-inner container\" >\n            <div id=\"dynamiccontent\" class=\"flexible-item-wrapper\">\n               \n                <div class=\" flexible-items\" >\n                    <div class=\"row\">\n                                                   \n                                                            <div class=\"col-lg  flexible-item flex-text\">\n                                   <div class=\"inner\">\n                                       <h1>Vacantes \/ Formaci\u00f3n<\/h1>\n<h2>Forma parte de la familia POLO<\/h2>\n<p>Ya sea en desarrollo\/administraci\u00f3n o en producci\u00f3n\/log\u00edstica de almac\u00e9n, como aprendiz o como profesional experimentado. \u00a1Con nosotros siempre est\u00e1s en el lugar correcto!<\/p>\n<p>A lo largo de los a\u00f1os, POLO se ha convertido en una s\u00f3lida PYME familiar. Gracias a nuestro continuo desarrollo, llevamos d\u00e9cadas ofreciendo el m\u00e1ximo rendimiento a nivel nacional e internacional. La motivaci\u00f3n y el compromiso, el esp\u00edritu de equipo y, por \u00faltimo, mucha diversi\u00f3n son la base de nuestro \u00e9xito. \u00a1Entra en nuestra familia!<\/p>\n                                   <\/div>\n                                <\/div>\n                                                                        <\/div>\n                <\/div>\n            <\/div>\n        <\/div>\n    <\/div>\n\n\n\n        <div id=\"bildlinktextbutton\" class=\"flexible-content acf-content\"  style=\"background-color: transparent;\">\n        <div class=\"flexible-content-inner\">\n            <div class=\"flexible-item-wrapper\">\n\n               \n                     \n                        <div class=\"container flexible-items\">\n                            <div class=\"row\">\n                                \n                                                                     <div class=\"col-lg  nein  flexible-item flex-img\" data-aos=\"fade-up\">\n                                        <div class=\"inner\"> \n                                            \n                                                                                            <div class=\"bild\">\n                                                    <img decoding=\"async\" src=\"https:\/\/polo-filter.avrio-web.de\/wp-content\/uploads\/Karriere_POLO_Filter_Technik_Box_01_klein_101.jpg\" style=\"height: 100%; width: 100%; object-fit: cover;\" alt=\"\" \/>\n                                                <\/div>  \n                                            <div class=\"hintergrund\" style=\"display: none\"><\/div>\n                                            <div class=\"bild-nein\" style=\"display: none\">\n\n                                                   \n   <img decoding=\"async\" src=\"https:\/\/polo-filter.avrio-web.de\/wp-content\/uploads\/Karriere_POLO_Filter_Technik_Box_01_klein_101.jpg\" alt=\"\" \/>\n                                            <\/div>\n\n                                            <div class=\"text\">\n                                                 <h4><strong>Vacantes en oficina <\/strong><\/h4>\n<ul>\n<li>Ventas Servicio interno<\/li>\n<\/ul>\n                                            <\/div> \n\n                                        <\/div>\n                                    <\/div>\n                                  \n                                                            \n                                                                     <div class=\"col-lg  nein  flexible-item flex-img\" data-aos=\"fade-up\">\n                                        <div class=\"inner\"> \n                                            \n                                                                                            <div class=\"bild\">\n                                                    <img decoding=\"async\" src=\"https:\/\/polo-filter.avrio-web.de\/wp-content\/uploads\/Karriere_POLO_Filter_Technik_Box_01_klein_102.jpg\" style=\"height: 100%; width: 100%; object-fit: cover;\" alt=\"\" \/>\n                                                <\/div>  \n                                            <div class=\"hintergrund\" style=\"display: none\"><\/div>\n                                            <div class=\"bild-nein\" style=\"display: none\">\n\n                                                   \n   <img decoding=\"async\" src=\"https:\/\/polo-filter.avrio-web.de\/wp-content\/uploads\/Karriere_POLO_Filter_Technik_Box_01_klein_102.jpg\" alt=\"\" \/>\n                                            <\/div>\n\n                                            <div class=\"text\">\n                                                 <h4><strong>Vacantes en producci\u00f3n \/ log\u00edstica de almac\u00e9n<\/strong><\/h4>\n<ul>\n<li>Mec\u00e1nico de la construcci\u00f3n especializado en la construcci\u00f3n de chapa fina<\/li>\n<\/ul>\n                                            <\/div> \n\n                                        <\/div>\n                                    <\/div>\n                                  \n                                                                                    <\/div>\n                    <\/div>\n\n             \n        <\/div>\n    <\/div>\n<\/div>\n\n\n\n        <div class=\"flexible-content acf-content standard\" id=\"block_840ff491feae6272dfb1b80a26b6072d\" style=\"background-color: #ececec\">\n        <div class=\"flexible-content-inner container\" >\n            <div id=\"dynamiccontent\" class=\"flexible-item-wrapper\">\n               \n                <div class=\" flexible-items\" >\n                    <div class=\"row\">\n                                                   \n                                                            <div class=\"col-lg  flexible-item flex-text\">\n                                   <div class=\"inner\">\n                                       <h1><img loading=\"lazy\" decoding=\"async\" class=\"alignleft wp-image-15575\" src=\"https:\/\/polo-filter.avrio-web.de\/wp-content\/uploads\/Karriere_POLO_Filter_Technik_Box_Ausbildungsaufkleber-2023-24-213x300.jpg\" alt=\"\" width=\"400\" height=\"564\" srcset=\"https:\/\/polo-filter.avrio-web.de\/wp-content\/uploads\/Karriere_POLO_Filter_Technik_Box_Ausbildungsaufkleber-2023-24-213x300.jpg 213w, https:\/\/polo-filter.avrio-web.de\/wp-content\/uploads\/Karriere_POLO_Filter_Technik_Box_Ausbildungsaufkleber-2023-24-726x1024.jpg 726w, https:\/\/polo-filter.avrio-web.de\/wp-content\/uploads\/Karriere_POLO_Filter_Technik_Box_Ausbildungsaufkleber-2023-24-768x1083.jpg 768w, https:\/\/polo-filter.avrio-web.de\/wp-content\/uploads\/Karriere_POLO_Filter_Technik_Box_Ausbildungsaufkleber-2023-24-1090x1536.jpg 1090w, https:\/\/polo-filter.avrio-web.de\/wp-content\/uploads\/Karriere_POLO_Filter_Technik_Box_Ausbildungsaufkleber-2023-24-426x600.jpg 426w, https:\/\/polo-filter.avrio-web.de\/wp-content\/uploads\/Karriere_POLO_Filter_Technik_Box_Ausbildungsaufkleber-2023-24-scaled.jpg 979w\" sizes=\"auto, (max-width: 400px) 100vw, 400px\" \/><span style=\"color: #0064ad\">Formaci\u00f3n en POLO Filter-Technik Bremen GmbH\u00a0<\/span><\/h1>\n<p>Tambi\u00e9n nos preocupamos activamente por el futuro de nuestra juventud.<br \/>\nOfrecemos a los j\u00f3venes una buena oportunidad de acceder a la vida profesional de forma cualificada.<\/p>\n<p>&nbsp;<\/p>\n<p>Nuestros futuros aprendices deben sentirse c\u00f3modos con nosotros, disfrutar de una buena educaci\u00f3n y divertirse en el trabajo.<\/p>\n<p>&nbsp;<\/p>\n<p>Ofrecemos un puesto de formaci\u00f3n para 2025 en el \u00e1mbito de<\/p>\n<p>\u00abMec\u00e1nico de la construcci\u00f3n especializado en la construcci\u00f3n de chapa fina\u00bb.<\/p>\n                                   <\/div>\n                                <\/div>\n                                                                        <\/div>\n                <\/div>\n            <\/div>\n        <\/div>\n    <\/div>\n\n","protected":false},"excerpt":{"rendered":"","protected":false},"author":5,"featured_media":0,"parent":0,"menu_order":155,"comment_status":"closed","ping_status":"closed","template":"","meta":{"_acf_changed":false,"footnotes":""},"class_list":["post-13669","page","type-page","status-publish","hentry"],"acf":[],"yoast_head":"<!-- This site is optimized with the Yoast SEO plugin v25.8 - https:\/\/yoast.com\/wordpress\/plugins\/seo\/ -->\n<title>Carrera - POLO Filter-Technik<\/title>\n<meta name=\"robots\" content=\"index, follow, max-snippet:-1, max-image-preview:large, max-video-preview:-1\" \/>\n<link rel=\"canonical\" href=\"https:\/\/polo-filter.avrio-web.de\/es\/carrera\/\" \/>\n<meta property=\"og:locale\" content=\"es_ES\" \/>\n<meta property=\"og:type\" content=\"article\" \/>\n<meta property=\"og:title\" content=\"Carrera - POLO Filter-Technik\" \/>\n<meta property=\"og:url\" content=\"https:\/\/polo-filter.avrio-web.de\/es\/carrera\/\" \/>\n<meta property=\"og:site_name\" content=\"POLO Filter-Technik\" \/>\n<meta property=\"article:modified_time\" content=\"2024-10-22T13:11:35+00:00\" \/>\n<meta name=\"twitter:card\" content=\"summary_large_image\" \/>\n<script type=\"application\/ld+json\" class=\"yoast-schema-graph\">{\"@context\":\"https:\/\/schema.org\",\"@graph\":[{\"@type\":\"WebPage\",\"@id\":\"https:\/\/polo-filter.avrio-web.de\/es\/carrera\/\",\"url\":\"https:\/\/polo-filter.avrio-web.de\/es\/carrera\/\",\"name\":\"Carrera - POLO Filter-Technik\",\"isPartOf\":{\"@id\":\"https:\/\/polo-filter.avrio-web.de\/es\/#website\"},\"datePublished\":\"2022-11-03T08:45:58+00:00\",\"dateModified\":\"2024-10-22T13:11:35+00:00\",\"breadcrumb\":{\"@id\":\"https:\/\/polo-filter.avrio-web.de\/es\/carrera\/#breadcrumb\"},\"inLanguage\":\"es\",\"potentialAction\":[{\"@type\":\"ReadAction\",\"target\":[\"https:\/\/polo-filter.avrio-web.de\/es\/carrera\/\"]}]},{\"@type\":\"BreadcrumbList\",\"@id\":\"https:\/\/polo-filter.avrio-web.de\/es\/carrera\/#breadcrumb\",\"itemListElement\":[{\"@type\":\"ListItem\",\"position\":1,\"name\":\"Startseite\",\"item\":\"https:\/\/polo-filter.avrio-web.de\/es\/\"},{\"@type\":\"ListItem\",\"position\":2,\"name\":\"Karriere (ES)\"}]},{\"@type\":\"WebSite\",\"@id\":\"https:\/\/polo-filter.avrio-web.de\/es\/#website\",\"url\":\"https:\/\/polo-filter.avrio-web.de\/es\/\",\"name\":\"POLO Filter-Technik\",\"description\":\"Filteranlagen nach Mass\",\"potentialAction\":[{\"@type\":\"SearchAction\",\"target\":{\"@type\":\"EntryPoint\",\"urlTemplate\":\"https:\/\/polo-filter.avrio-web.de\/es\/?s={search_term_string}\"},\"query-input\":{\"@type\":\"PropertyValueSpecification\",\"valueRequired\":true,\"valueName\":\"search_term_string\"}}],\"inLanguage\":\"es\"}]}<\/script>\n<!-- \/ Yoast SEO plugin. -->","yoast_head_json":{"title":"Carrera - POLO Filter-Technik","robots":{"index":"index","follow":"follow","max-snippet":"max-snippet:-1","max-image-preview":"max-image-preview:large","max-video-preview":"max-video-preview:-1"},"canonical":"https:\/\/polo-filter.avrio-web.de\/es\/carrera\/","og_locale":"es_ES","og_type":"article","og_title":"Carrera - POLO Filter-Technik","og_url":"https:\/\/polo-filter.avrio-web.de\/es\/carrera\/","og_site_name":"POLO Filter-Technik","article_modified_time":"2024-10-22T13:11:35+00:00","twitter_card":"summary_large_image","schema":{"@context":"https:\/\/schema.org","@graph":[{"@type":"WebPage","@id":"https:\/\/polo-filter.avrio-web.de\/es\/carrera\/","url":"https:\/\/polo-filter.avrio-web.de\/es\/carrera\/","name":"Carrera - POLO Filter-Technik","isPartOf":{"@id":"https:\/\/polo-filter.avrio-web.de\/es\/#website"},"datePublished":"2022-11-03T08:45:58+00:00","dateModified":"2024-10-22T13:11:35+00:00","breadcrumb":{"@id":"https:\/\/polo-filter.avrio-web.de\/es\/carrera\/#breadcrumb"},"inLanguage":"es","potentialAction":[{"@type":"ReadAction","target":["https:\/\/polo-filter.avrio-web.de\/es\/carrera\/"]}]},{"@type":"BreadcrumbList","@id":"https:\/\/polo-filter.avrio-web.de\/es\/carrera\/#breadcrumb","itemListElement":[{"@type":"ListItem","position":1,"name":"Startseite","item":"https:\/\/polo-filter.avrio-web.de\/es\/"},{"@type":"ListItem","position":2,"name":"Karriere (ES)"}]},{"@type":"WebSite","@id":"https:\/\/polo-filter.avrio-web.de\/es\/#website","url":"https:\/\/polo-filter.avrio-web.de\/es\/","name":"POLO Filter-Technik","description":"Filteranlagen nach Mass","potentialAction":[{"@type":"SearchAction","target":{"@type":"EntryPoint","urlTemplate":"https:\/\/polo-filter.avrio-web.de\/es\/?s={search_term_string}"},"query-input":{"@type":"PropertyValueSpecification","valueRequired":true,"valueName":"search_term_string"}}],"inLanguage":"es"}]}},"_links":{"self":[{"href":"https:\/\/polo-filter.avrio-web.de\/es\/wp-json\/wp\/v2\/pages\/13669","targetHints":{"allow":["GET"]}}],"collection":[{"href":"https:\/\/polo-filter.avrio-web.de\/es\/wp-json\/wp\/v2\/pages"}],"about":[{"href":"https:\/\/polo-filter.avrio-web.de\/es\/wp-json\/wp\/v2\/types\/page"}],"author":[{"embeddable":true,"href":"https:\/\/polo-filter.avrio-web.de\/es\/wp-json\/wp\/v2\/users\/5"}],"replies":[{"embeddable":true,"href":"https:\/\/polo-filter.avrio-web.de\/es\/wp-json\/wp\/v2\/comments?post=13669"}],"version-history":[{"count":12,"href":"https:\/\/polo-filter.avrio-web.de\/es\/wp-json\/wp\/v2\/pages\/13669\/revisions"}],"predecessor-version":[{"id":18131,"href":"https:\/\/polo-filter.avrio-web.de\/es\/wp-json\/wp\/v2\/pages\/13669\/revisions\/18131"}],"wp:attachment":[{"href":"https:\/\/polo-filter.avrio-web.de\/es\/wp-json\/wp\/v2\/media?parent=13669"}],"curies":[{"name":"wp","href":"https:\/\/api.w.org\/{rel}","templated":true}]}}