{"id":13635,"date":"2022-11-02T15:06:13","date_gmt":"2022-11-02T14:06:13","guid":{"rendered":"https:\/\/polo-filter.avrio-web.de\/?page_id=13635"},"modified":"2022-11-02T15:07:07","modified_gmt":"2022-11-02T14:07:07","slug":"construccion-de-controles","status":"publish","type":"page","link":"https:\/\/polo-filter.avrio-web.de\/es\/construccion-de-controles\/","title":{"rendered":"Steuerungsbau (ES)"},"content":{"rendered":"\n    \n                                                 <div class=\"heroimage container\" style=\"height:650px;background-image: url(https:\/\/polo-filter.avrio-web.de\/wp-content\/uploads\/Steuerungsbau_POLO_Filter_Technik_Kopfbild_650px_102.jpg);background-repeat: no-repeat;background-size: contain;background-position: center \">\n                    \t<img decoding=\"async\" src=\"https:\/\/polo-filter.avrio-web.de\/wp-content\/uploads\/Steuerungsbau_POLO_Filter_Technik_Kopfbild_650px_102.jpg\" style=\"visibility: hidden;\" \/>\n\n                <\/div>\n                  \n\n\n        <div class=\"flexible-content acf-content standard\" id=\"block_60eeed49cc1e3\" style=\"background-color: transparent\">\n        <div class=\"flexible-content-inner container\" >\n            <div id=\"dynamiccontent\" class=\"flexible-item-wrapper\">\n               \n                <div class=\" flexible-items\" >\n                    <div class=\"row\">\n                                                   \n                                                            <div class=\"col-lg  flexible-item flex-text\">\n                                   <div class=\"inner\">\n                                       <h1>Control de instalaciones \/ construcci\u00f3n de armarios de distribuci\u00f3n<\/h1>\n<h2>Lo resolveremos por usted<\/h2>\n<p>Ofrecemos todos los servicios relacionados con la ingenier\u00eda el\u00e9ctrica, el montaje, la instalaci\u00f3n, la construcci\u00f3n de armarios de distribuci\u00f3n y la puesta en marcha de una sola mano.<\/p>\n<p>&nbsp;<\/p>\n<p>Gama de servicios:<\/p>\n<ul>\n<li>planificaci\u00f3n del hardware<\/li>\n<li>desarrollo de conceptos<\/li>\n<li>creaci\u00f3n de esquemas el\u00e9ctricos<\/li>\n<li>creaci\u00f3n de software (portal TIA)<\/li>\n<li>construcci\u00f3n de equipos de conmutaci\u00f3n de baja tensi\u00f3n<\/li>\n<li>puesta en servicio<\/li>\n<\/ul>\n                                   <\/div>\n                                <\/div>\n                                                                        <\/div>\n                <\/div>\n            <\/div>\n        <\/div>\n    <\/div>\n\n\n\n        <div id=\"bildlinktextbutton\" class=\"flexible-content acf-content\"  style=\"background-color: transparent;\">\n        <div class=\"flexible-content-inner\">\n            <div class=\"flexible-item-wrapper\">\n\n               \n                     \n                        <div class=\"container flexible-items\">\n                            <div class=\"row\">\n                                \n                                                                     <div class=\"col-lg  ja  flexible-item flex-img\" data-aos=\"fade-up\">\n                                        <div class=\"inner\"> \n                                            \n                                                                                            <div class=\"bild\">\n                                                    <img decoding=\"async\" src=\"https:\/\/polo-filter.avrio-web.de\/wp-content\/uploads\/Steuerungsbau_POLO_Filter_Technik_Box_01_klein_101.jpg\" style=\"height: 100%; width: 100%; object-fit: cover;\" alt=\"\" \/>\n                                                <\/div>  \n                                            <div class=\"hintergrund\" style=\"display: none\"><\/div>\n                                            <div class=\"bild-nein\" style=\"display: none\">\n\n                                                   \n   <img decoding=\"async\" src=\"https:\/\/polo-filter.avrio-web.de\/wp-content\/uploads\/Steuerungsbau_POLO_Filter_Technik_Box_01_klein_101.jpg\" alt=\"\" \/>\n                                            <\/div>\n\n                                            <div class=\"text\">\n                                                 <h3>Ingenier\u00eda y construcci\u00f3n CAD<\/h3>\n<p>La ingenier\u00eda y la creaci\u00f3n de diagramas de circuitos, para la tecnolog\u00eda de plantas de filtrado POLO, forma parte de nuestros servicios.<\/p>\n<p>Para ello se dispone de las \u00faltimas versiones del sistema CAD EPLAN Electric P8.<\/p>\n<p>Adaptamos nuestras normas a sus especificaciones y a las regulaciones de los equipos operativos.<\/p>\n<p>Adem\u00e1s de la construcci\u00f3n de nuevas instalaciones, esto tambi\u00e9n incluye la adopci\u00f3n y el mantenimiento de los planes existentes.<\/p>\n                                            <\/div> \n\n                                        <\/div>\n                                    <\/div>\n                                  \n                                                            \n                                                                     <div class=\"col-lg  ja  flexible-item flex-img\" data-aos=\"fade-up\">\n                                        <div class=\"inner\"> \n                                            \n                                                                                            <div class=\"bild\">\n                                                    <img decoding=\"async\" src=\"https:\/\/polo-filter.avrio-web.de\/wp-content\/uploads\/Steuerungsbau_POLO_Filter_Technik_Box_01_gross_101.jpg\" style=\"height: 100%; width: 100%; object-fit: cover;\" alt=\"\" \/>\n                                                <\/div>  \n                                            <div class=\"hintergrund\" style=\"display: none\"><\/div>\n                                            <div class=\"bild-nein\" style=\"display: none\">\n\n                                                   \n   <img decoding=\"async\" src=\"https:\/\/polo-filter.avrio-web.de\/wp-content\/uploads\/Steuerungsbau_POLO_Filter_Technik_Box_01_gross_101.jpg\" alt=\"\" \/>\n                                            <\/div>\n\n                                            <div class=\"text\">\n                                                 <h3>Construcci\u00f3n de armarios de distribuci\u00f3n<\/h3>\n<p>Sistemas de energ\u00eda, automatizaci\u00f3n y tecnolog\u00eda MCR.<br \/>\nVisualizaci\u00f3n y comunicaci\u00f3n.<\/p>\n<p>Sistemas de bombeo \u2013 de regulaci\u00f3n de temperatura \u2013 de nivel.<br \/>\nUtilizaci\u00f3n de convertidores de frecuencia de diferentes fabricantes seg\u00fan sea necesario.<\/p>\n<p>Gran flexibilidad en las normas\/reglamentos de los equipos operativos. Documentaci\u00f3n multiling\u00fce<br \/>\n(Portal TIA EPLAN Electric P8).<br \/>\nAlto nivel de calidad.<\/p>\n<p>Producci\u00f3n seg\u00fan todas las normas vigentes.<\/p>\n<p>Registro de los resultados de las mediciones seg\u00fan<br \/>\nDIN EN 60204 y VDE\/EMV.<\/p>\n                                            <\/div> \n\n                                        <\/div>\n                                    <\/div>\n                                  \n                                                                                    <\/div>\n                    <\/div>\n\n             \n        <\/div>\n    <\/div>\n<\/div>\n\n","protected":false},"excerpt":{"rendered":"","protected":false},"author":5,"featured_media":0,"parent":0,"menu_order":76,"comment_status":"closed","ping_status":"closed","template":"","meta":{"_acf_changed":false,"footnotes":""},"class_list":["post-13635","page","type-page","status-publish","hentry"],"acf":[],"yoast_head":"<!-- This site is optimized with the Yoast SEO plugin v25.8 - https:\/\/yoast.com\/wordpress\/plugins\/seo\/ -->\n<title>Construcci\u00f3n de controles - POLO Filter-Technik<\/title>\n<meta name=\"robots\" content=\"index, follow, max-snippet:-1, max-image-preview:large, max-video-preview:-1\" \/>\n<link rel=\"canonical\" href=\"https:\/\/polo-filter.avrio-web.de\/es\/construccion-de-controles\/\" \/>\n<meta property=\"og:locale\" content=\"es_ES\" \/>\n<meta property=\"og:type\" content=\"article\" \/>\n<meta property=\"og:title\" content=\"Construcci\u00f3n de controles - POLO Filter-Technik\" \/>\n<meta property=\"og:url\" content=\"https:\/\/polo-filter.avrio-web.de\/es\/construccion-de-controles\/\" \/>\n<meta property=\"og:site_name\" content=\"POLO Filter-Technik\" \/>\n<meta property=\"article:modified_time\" content=\"2022-11-02T14:07:07+00:00\" \/>\n<meta name=\"twitter:card\" content=\"summary_large_image\" \/>\n<script type=\"application\/ld+json\" class=\"yoast-schema-graph\">{\"@context\":\"https:\/\/schema.org\",\"@graph\":[{\"@type\":\"WebPage\",\"@id\":\"https:\/\/polo-filter.avrio-web.de\/es\/construccion-de-controles\/\",\"url\":\"https:\/\/polo-filter.avrio-web.de\/es\/construccion-de-controles\/\",\"name\":\"Construcci\u00f3n de controles - POLO Filter-Technik\",\"isPartOf\":{\"@id\":\"https:\/\/polo-filter.avrio-web.de\/es\/#website\"},\"datePublished\":\"2022-11-02T14:06:13+00:00\",\"dateModified\":\"2022-11-02T14:07:07+00:00\",\"breadcrumb\":{\"@id\":\"https:\/\/polo-filter.avrio-web.de\/es\/construccion-de-controles\/#breadcrumb\"},\"inLanguage\":\"es\",\"potentialAction\":[{\"@type\":\"ReadAction\",\"target\":[\"https:\/\/polo-filter.avrio-web.de\/es\/construccion-de-controles\/\"]}]},{\"@type\":\"BreadcrumbList\",\"@id\":\"https:\/\/polo-filter.avrio-web.de\/es\/construccion-de-controles\/#breadcrumb\",\"itemListElement\":[{\"@type\":\"ListItem\",\"position\":1,\"name\":\"Startseite\",\"item\":\"https:\/\/polo-filter.avrio-web.de\/es\/\"},{\"@type\":\"ListItem\",\"position\":2,\"name\":\"Steuerungsbau (ES)\"}]},{\"@type\":\"WebSite\",\"@id\":\"https:\/\/polo-filter.avrio-web.de\/es\/#website\",\"url\":\"https:\/\/polo-filter.avrio-web.de\/es\/\",\"name\":\"POLO Filter-Technik\",\"description\":\"Filteranlagen nach Mass\",\"potentialAction\":[{\"@type\":\"SearchAction\",\"target\":{\"@type\":\"EntryPoint\",\"urlTemplate\":\"https:\/\/polo-filter.avrio-web.de\/es\/?s={search_term_string}\"},\"query-input\":{\"@type\":\"PropertyValueSpecification\",\"valueRequired\":true,\"valueName\":\"search_term_string\"}}],\"inLanguage\":\"es\"}]}<\/script>\n<!-- \/ Yoast SEO plugin. -->","yoast_head_json":{"title":"Construcci\u00f3n de controles - POLO Filter-Technik","robots":{"index":"index","follow":"follow","max-snippet":"max-snippet:-1","max-image-preview":"max-image-preview:large","max-video-preview":"max-video-preview:-1"},"canonical":"https:\/\/polo-filter.avrio-web.de\/es\/construccion-de-controles\/","og_locale":"es_ES","og_type":"article","og_title":"Construcci\u00f3n de controles - POLO Filter-Technik","og_url":"https:\/\/polo-filter.avrio-web.de\/es\/construccion-de-controles\/","og_site_name":"POLO Filter-Technik","article_modified_time":"2022-11-02T14:07:07+00:00","twitter_card":"summary_large_image","schema":{"@context":"https:\/\/schema.org","@graph":[{"@type":"WebPage","@id":"https:\/\/polo-filter.avrio-web.de\/es\/construccion-de-controles\/","url":"https:\/\/polo-filter.avrio-web.de\/es\/construccion-de-controles\/","name":"Construcci\u00f3n de controles - POLO Filter-Technik","isPartOf":{"@id":"https:\/\/polo-filter.avrio-web.de\/es\/#website"},"datePublished":"2022-11-02T14:06:13+00:00","dateModified":"2022-11-02T14:07:07+00:00","breadcrumb":{"@id":"https:\/\/polo-filter.avrio-web.de\/es\/construccion-de-controles\/#breadcrumb"},"inLanguage":"es","potentialAction":[{"@type":"ReadAction","target":["https:\/\/polo-filter.avrio-web.de\/es\/construccion-de-controles\/"]}]},{"@type":"BreadcrumbList","@id":"https:\/\/polo-filter.avrio-web.de\/es\/construccion-de-controles\/#breadcrumb","itemListElement":[{"@type":"ListItem","position":1,"name":"Startseite","item":"https:\/\/polo-filter.avrio-web.de\/es\/"},{"@type":"ListItem","position":2,"name":"Steuerungsbau (ES)"}]},{"@type":"WebSite","@id":"https:\/\/polo-filter.avrio-web.de\/es\/#website","url":"https:\/\/polo-filter.avrio-web.de\/es\/","name":"POLO Filter-Technik","description":"Filteranlagen nach Mass","potentialAction":[{"@type":"SearchAction","target":{"@type":"EntryPoint","urlTemplate":"https:\/\/polo-filter.avrio-web.de\/es\/?s={search_term_string}"},"query-input":{"@type":"PropertyValueSpecification","valueRequired":true,"valueName":"search_term_string"}}],"inLanguage":"es"}]}},"_links":{"self":[{"href":"https:\/\/polo-filter.avrio-web.de\/es\/wp-json\/wp\/v2\/pages\/13635","targetHints":{"allow":["GET"]}}],"collection":[{"href":"https:\/\/polo-filter.avrio-web.de\/es\/wp-json\/wp\/v2\/pages"}],"about":[{"href":"https:\/\/polo-filter.avrio-web.de\/es\/wp-json\/wp\/v2\/types\/page"}],"author":[{"embeddable":true,"href":"https:\/\/polo-filter.avrio-web.de\/es\/wp-json\/wp\/v2\/users\/5"}],"replies":[{"embeddable":true,"href":"https:\/\/polo-filter.avrio-web.de\/es\/wp-json\/wp\/v2\/comments?post=13635"}],"version-history":[{"count":4,"href":"https:\/\/polo-filter.avrio-web.de\/es\/wp-json\/wp\/v2\/pages\/13635\/revisions"}],"predecessor-version":[{"id":13641,"href":"https:\/\/polo-filter.avrio-web.de\/es\/wp-json\/wp\/v2\/pages\/13635\/revisions\/13641"}],"wp:attachment":[{"href":"https:\/\/polo-filter.avrio-web.de\/es\/wp-json\/wp\/v2\/media?parent=13635"}],"curies":[{"name":"wp","href":"https:\/\/api.w.org\/{rel}","templated":true}]}}