{"id":13625,"date":"2022-11-02T14:57:40","date_gmt":"2022-11-02T13:57:40","guid":{"rendered":"https:\/\/polo-filter.avrio-web.de\/?page_id=13625"},"modified":"2025-07-02T12:39:44","modified_gmt":"2025-07-02T10:39:44","slug":"dispositivos-para-el-cuidado-del-lubricante-refrigerante-skimmers-de-aceite","status":"publish","type":"page","link":"https:\/\/polo-filter.avrio-web.de\/es\/dispositivos-para-el-cuidado-del-lubricante-refrigerante-skimmers-de-aceite\/","title":{"rendered":"KSS-Pflege-Ger\u00e4te \/ \u00d6lskimmer (ES)"},"content":{"rendered":"\n    \n                                                 <div class=\"heroimage container\" style=\"height:650px;background-image: url(https:\/\/polo-filter.avrio-web.de\/wp-content\/uploads\/KKS_Pflege_Geraete_POLO_Filter_Technik_Kopfbild_650px_103-1.jpg);background-repeat: no-repeat;background-size: contain;background-position: center \">\n                    \t<img decoding=\"async\" src=\"https:\/\/polo-filter.avrio-web.de\/wp-content\/uploads\/KKS_Pflege_Geraete_POLO_Filter_Technik_Kopfbild_650px_103-1.jpg\" style=\"visibility: hidden;\" \/>\n\n                <\/div>\n                  \n\n\n        <div class=\"flexible-content acf-content standard\" id=\"block_65c888818ebf1e461dc7e9cd856c6efd\" style=\"background-color: transparent\">\n        <div class=\"flexible-content-inner container\" >\n            <div id=\"dynamiccontent\" class=\"flexible-item-wrapper\">\n               \n                <div class=\" flexible-items\" >\n                    <div class=\"row\">\n                                                   \n                                                            <div class=\"col-lg  flexible-item flex-text\">\n                                   <div class=\"inner\">\n                                       <h1>Dispositivos para el cuidado del lubricante refrigerante \/ skimmers de aceite<\/h1>\n<h2>El cuidado es lo m\u00e1s importante<\/h2>\n<p>Incluso despu\u00e9s de una filtraci\u00f3n \u00f3ptima, puede ser necesario un mayor \u00abmantenimiento\u00bb del refrigerante para lograr una vida \u00fatil a\u00fan m\u00e1s larga.<\/p>\n<p>&nbsp;<\/p>\n<p>La tarea de las unidades de mantenimiento del refrigerante es eliminar los aceites residuales y las impurezas ultrafinas del dep\u00f3sito limpio. Estos sistemas evitan que la \u00abrespiraci\u00f3n\u00bb del lubricante refrigerante sea bloqueada por aceites extra\u00f1os flotantes. Esto garantiza una mayor vida \u00fatil de la emulsi\u00f3n. Sin el dispositivo de mantenimiento del lubricante refrigerante y este \u00abse colgar\u00eda\u00bb.<\/p>\n<p>&nbsp;<\/p>\n<h3>Ventajas de los dispositivos de mantenimiento del lubricante refrigerante<\/h3>\n<ul>\n<li>Precisan poco espacio<\/li>\n<li>Extracci\u00f3n de micropart\u00edculas (GG\/filtro de aluminio)<\/li>\n<li>Extracci\u00f3n de aceites residuales<\/li>\n<li>F\u00e1cil instalaci\u00f3n<\/li>\n<li>Se puede reequipar en cualquier momento<\/li>\n<li>Uso m\u00f3vil<\/li>\n<li>Aglomeraci\u00f3n de micropart\u00edculas<\/li>\n<\/ul>\n<p><strong>Campos de uso de los dispositivos de mantenimiento del lubricante refrigerante<\/strong><\/p>\n<ul>\n<li>Procesos de lavado (aceite externo)<\/li>\n<li>Procesos de rectificado fino<\/li>\n<li>Mecanizado de fundici\u00f3n gris o aluminio<\/li>\n<\/ul>\n<h3>Ventajas del skimmer de aceite \/ skimmer de superficie<\/h3>\n<ul>\n<li>Bajos costes de inversi\u00f3n<\/li>\n<li>F\u00e1cil de limpiar y pr\u00e1cticamente sin mantenimiento<\/li>\n<li>F\u00e1cil de reequipar (por ejemplo, con base magn\u00e9tica)<\/li>\n<li>Baja demanda de energ\u00eda<\/li>\n<li>Mayor vida \u00fatil del medio<\/li>\n<li>Extraer los aceites extra\u00f1os da\u00f1inos<\/li>\n<\/ul>\n<div class=\"PlainText PlainTextLink\">\n<p><strong>Campos de uso del skimmer de aceite \/ skimmer de superficie<\/strong><br \/>\nEn todos los sistemas que tienen el problema de los aceites vagabundos flotantes.<\/p>\n<\/div>\n<div class=\"ClearBoth\"><\/div>\n                                   <\/div>\n                                <\/div>\n                                                                        <\/div>\n                <\/div>\n            <\/div>\n        <\/div>\n    <\/div>\n\n\n\n        <div id=\"product\" class=\"flexible-content acf-content\" style=\"background-color: transparent;\">\n        <div class=\"flexible-content-inner\">\n            <div class=\"flexible-item-wrapper\">\n\n\n\n                <div class=\"container flexible-items\">\n                    <div class=\"row\">\n                                                                                          <div class=\"col-4 product-box\" data-aos=\"fade-up\">\n\n                            <div class=\"inner\"> \n\n                                \n                                  <div class=\"single-banner\">\n                                   <img loading=\"lazy\" decoding=\"async\" width=\"370\" height=\"285\" src=\"https:\/\/polo-filter.avrio-web.de\/wp-content\/uploads\/Skimmer_BSK_POLO_Filter_Technik_Box_05_101.jpg\" class=\"attachment-post-thumbnail size-post-thumbnail wp-post-image\" alt=\"Skimmer_BSK_POLO_Filter_Technik_Box_05_101\" srcset=\"https:\/\/polo-filter.avrio-web.de\/wp-content\/uploads\/Skimmer_BSK_POLO_Filter_Technik_Box_05_101.jpg 370w, https:\/\/polo-filter.avrio-web.de\/wp-content\/uploads\/Skimmer_BSK_POLO_Filter_Technik_Box_05_101-300x231.jpg 300w\" sizes=\"auto, (max-width: 370px) 100vw, 370px\" title=\"Skimmer_BSK_POLO_Filter_Technik_Box_05_101\" \/>                                    <h3>Skimmer de cinta BSK<\/h3>\n                                    <div class=\"text\"><p>Los skimmers de cinta POLO, serie BSK, se utilizan para eliminar el aceite flotante no emulsionado de los l\u00edquidos, como el agua o las emulsiones de lubricantes de refrigeraci\u00f3n. Se pueden producir grandes fluctuaciones de nivel en el dep\u00f3sito.<\/p>\n<\/div>\n                                     <div class=\"text-button\">\n                                        <a class=\"button\" href=\"https:\/\/polo-filter.avrio-web.de\/es\/skimmer-de-cinta-bsk\/\">M\u00e1s<\/a>\n                                    <\/div>\n                                        <\/div>\n                               \n\n\n\n                        <\/div>  \n\n                    <\/div>  \n                                                           <div class=\"col-4 product-box\" data-aos=\"fade-up\">\n\n                            <div class=\"inner\"> \n\n                                \n                                  <div class=\"single-banner\">\n                                   <img loading=\"lazy\" decoding=\"async\" width=\"370\" height=\"285\" src=\"https:\/\/polo-filter.avrio-web.de\/wp-content\/uploads\/Skimmer_SSK_POLO_Filter_Technik_Box_05_101.jpg\" class=\"attachment-post-thumbnail size-post-thumbnail wp-post-image\" alt=\"Skimmer_SSK_POLO_Filter_Technik_Box_05_101\" srcset=\"https:\/\/polo-filter.avrio-web.de\/wp-content\/uploads\/Skimmer_SSK_POLO_Filter_Technik_Box_05_101.jpg 370w, https:\/\/polo-filter.avrio-web.de\/wp-content\/uploads\/Skimmer_SSK_POLO_Filter_Technik_Box_05_101-300x231.jpg 300w\" sizes=\"auto, (max-width: 370px) 100vw, 370px\" title=\"Skimmer_SSK_POLO_Filter_Technik_Box_05_101\" \/>                                    <h3>Skimmer de aceite SSK<\/h3>\n                                    <div class=\"text\"><p>A diferencia del skimmer de cinta, aqu\u00ed el elemento de descarga es un disco. Esta construcci\u00f3n es m\u00e1s barata, pero tiene una profundidad de inmersi\u00f3n limitada. El principio f\u00edsico es id\u00e9ntico al del skimmer de cinta.<\/p>\n<\/div>\n                                     <div class=\"text-button\">\n                                        <a class=\"button\" href=\"https:\/\/polo-filter.avrio-web.de\/es\/skimmer-de-aceite-ssk\/\">M\u00e1s<\/a>\n                                    <\/div>\n                                        <\/div>\n                               \n\n\n\n                        <\/div>  \n\n                    <\/div>  \n                                                           <div class=\"col-4 product-box\" data-aos=\"fade-up\">\n\n                            <div class=\"inner\"> \n\n                                \n                                  <div class=\"single-banner\">\n                                   <img loading=\"lazy\" decoding=\"async\" width=\"370\" height=\"285\" src=\"https:\/\/polo-filter.avrio-web.de\/wp-content\/uploads\/Koaleszenzabscheider_POLO_Filter_Technik_Box_05_101.jpg\" class=\"attachment-post-thumbnail size-post-thumbnail wp-post-image\" alt=\"Koaleszenzabscheider_POLO_Filter_Technik_Box_05_101\" srcset=\"https:\/\/polo-filter.avrio-web.de\/wp-content\/uploads\/Koaleszenzabscheider_POLO_Filter_Technik_Box_05_101.jpg 370w, https:\/\/polo-filter.avrio-web.de\/wp-content\/uploads\/Koaleszenzabscheider_POLO_Filter_Technik_Box_05_101-300x231.jpg 300w\" sizes=\"auto, (max-width: 370px) 100vw, 370px\" title=\"Koaleszenzabscheider_POLO_Filter_Technik_Box_05_101\" \/>                                    <h3>Separador coalescente<\/h3>\n                                    <div class=\"text\"><p>El separador de coalescencia POLO elimina los aceites residuales emulsionados antes de que puedan aparecer en la superficie. Por supuesto, tambi\u00e9n se eliminan los aceites extra\u00f1os que ya est\u00e1n flotando. Se descarga el aceite usado m\u00e1s puro sin ning\u00fan contenido de emulsi\u00f3n.<\/p>\n<\/div>\n                                     <div class=\"text-button\">\n                                        <a class=\"button\" href=\"https:\/\/polo-filter.avrio-web.de\/es\/separador-coalescente\/\">M\u00e1s<\/a>\n                                    <\/div>\n                                        <\/div>\n                               \n\n\n\n                        <\/div>  \n\n                    <\/div>  \n                                                                             <\/div>\n\n            <\/div>\n        <\/div>\n\n\n    <\/div>\n<\/div>\n\n\n","protected":false},"excerpt":{"rendered":"","protected":false},"author":5,"featured_media":0,"parent":0,"menu_order":56,"comment_status":"closed","ping_status":"closed","template":"","meta":{"_acf_changed":false,"footnotes":""},"class_list":["post-13625","page","type-page","status-publish","hentry"],"acf":[],"yoast_head":"<!-- This site is optimized with the Yoast SEO plugin v25.8 - https:\/\/yoast.com\/wordpress\/plugins\/seo\/ -->\n<title>Dispositivos para el cuidado del lubricante refrigerante \/ skimmers de aceite - POLO Filter-Technik<\/title>\n<meta name=\"robots\" content=\"index, follow, max-snippet:-1, max-image-preview:large, max-video-preview:-1\" \/>\n<link rel=\"canonical\" href=\"https:\/\/polo-filter.avrio-web.de\/es\/dispositivos-para-el-cuidado-del-lubricante-refrigerante-skimmers-de-aceite\/\" \/>\n<meta property=\"og:locale\" content=\"es_ES\" \/>\n<meta property=\"og:type\" content=\"article\" \/>\n<meta property=\"og:title\" content=\"Dispositivos para el cuidado del lubricante refrigerante \/ skimmers de aceite - POLO Filter-Technik\" \/>\n<meta property=\"og:url\" content=\"https:\/\/polo-filter.avrio-web.de\/es\/dispositivos-para-el-cuidado-del-lubricante-refrigerante-skimmers-de-aceite\/\" \/>\n<meta property=\"og:site_name\" content=\"POLO Filter-Technik\" \/>\n<meta property=\"article:modified_time\" content=\"2025-07-02T10:39:44+00:00\" \/>\n<meta name=\"twitter:card\" content=\"summary_large_image\" \/>\n<script type=\"application\/ld+json\" class=\"yoast-schema-graph\">{\"@context\":\"https:\/\/schema.org\",\"@graph\":[{\"@type\":\"WebPage\",\"@id\":\"https:\/\/polo-filter.avrio-web.de\/es\/dispositivos-para-el-cuidado-del-lubricante-refrigerante-skimmers-de-aceite\/\",\"url\":\"https:\/\/polo-filter.avrio-web.de\/es\/dispositivos-para-el-cuidado-del-lubricante-refrigerante-skimmers-de-aceite\/\",\"name\":\"Dispositivos para el cuidado del lubricante refrigerante \/ skimmers de aceite - POLO Filter-Technik\",\"isPartOf\":{\"@id\":\"https:\/\/polo-filter.avrio-web.de\/es\/#website\"},\"datePublished\":\"2022-11-02T13:57:40+00:00\",\"dateModified\":\"2025-07-02T10:39:44+00:00\",\"breadcrumb\":{\"@id\":\"https:\/\/polo-filter.avrio-web.de\/es\/dispositivos-para-el-cuidado-del-lubricante-refrigerante-skimmers-de-aceite\/#breadcrumb\"},\"inLanguage\":\"es\",\"potentialAction\":[{\"@type\":\"ReadAction\",\"target\":[\"https:\/\/polo-filter.avrio-web.de\/es\/dispositivos-para-el-cuidado-del-lubricante-refrigerante-skimmers-de-aceite\/\"]}]},{\"@type\":\"BreadcrumbList\",\"@id\":\"https:\/\/polo-filter.avrio-web.de\/es\/dispositivos-para-el-cuidado-del-lubricante-refrigerante-skimmers-de-aceite\/#breadcrumb\",\"itemListElement\":[{\"@type\":\"ListItem\",\"position\":1,\"name\":\"Startseite\",\"item\":\"https:\/\/polo-filter.avrio-web.de\/es\/\"},{\"@type\":\"ListItem\",\"position\":2,\"name\":\"KSS-Pflege-Ger\u00e4te \/ \u00d6lskimmer (ES)\"}]},{\"@type\":\"WebSite\",\"@id\":\"https:\/\/polo-filter.avrio-web.de\/es\/#website\",\"url\":\"https:\/\/polo-filter.avrio-web.de\/es\/\",\"name\":\"POLO Filter-Technik\",\"description\":\"Filteranlagen nach Mass\",\"potentialAction\":[{\"@type\":\"SearchAction\",\"target\":{\"@type\":\"EntryPoint\",\"urlTemplate\":\"https:\/\/polo-filter.avrio-web.de\/es\/?s={search_term_string}\"},\"query-input\":{\"@type\":\"PropertyValueSpecification\",\"valueRequired\":true,\"valueName\":\"search_term_string\"}}],\"inLanguage\":\"es\"}]}<\/script>\n<!-- \/ Yoast SEO plugin. -->","yoast_head_json":{"title":"Dispositivos para el cuidado del lubricante refrigerante \/ skimmers de aceite - POLO Filter-Technik","robots":{"index":"index","follow":"follow","max-snippet":"max-snippet:-1","max-image-preview":"max-image-preview:large","max-video-preview":"max-video-preview:-1"},"canonical":"https:\/\/polo-filter.avrio-web.de\/es\/dispositivos-para-el-cuidado-del-lubricante-refrigerante-skimmers-de-aceite\/","og_locale":"es_ES","og_type":"article","og_title":"Dispositivos para el cuidado del lubricante refrigerante \/ skimmers de aceite - POLO Filter-Technik","og_url":"https:\/\/polo-filter.avrio-web.de\/es\/dispositivos-para-el-cuidado-del-lubricante-refrigerante-skimmers-de-aceite\/","og_site_name":"POLO Filter-Technik","article_modified_time":"2025-07-02T10:39:44+00:00","twitter_card":"summary_large_image","schema":{"@context":"https:\/\/schema.org","@graph":[{"@type":"WebPage","@id":"https:\/\/polo-filter.avrio-web.de\/es\/dispositivos-para-el-cuidado-del-lubricante-refrigerante-skimmers-de-aceite\/","url":"https:\/\/polo-filter.avrio-web.de\/es\/dispositivos-para-el-cuidado-del-lubricante-refrigerante-skimmers-de-aceite\/","name":"Dispositivos para el cuidado del lubricante refrigerante \/ skimmers de aceite - POLO Filter-Technik","isPartOf":{"@id":"https:\/\/polo-filter.avrio-web.de\/es\/#website"},"datePublished":"2022-11-02T13:57:40+00:00","dateModified":"2025-07-02T10:39:44+00:00","breadcrumb":{"@id":"https:\/\/polo-filter.avrio-web.de\/es\/dispositivos-para-el-cuidado-del-lubricante-refrigerante-skimmers-de-aceite\/#breadcrumb"},"inLanguage":"es","potentialAction":[{"@type":"ReadAction","target":["https:\/\/polo-filter.avrio-web.de\/es\/dispositivos-para-el-cuidado-del-lubricante-refrigerante-skimmers-de-aceite\/"]}]},{"@type":"BreadcrumbList","@id":"https:\/\/polo-filter.avrio-web.de\/es\/dispositivos-para-el-cuidado-del-lubricante-refrigerante-skimmers-de-aceite\/#breadcrumb","itemListElement":[{"@type":"ListItem","position":1,"name":"Startseite","item":"https:\/\/polo-filter.avrio-web.de\/es\/"},{"@type":"ListItem","position":2,"name":"KSS-Pflege-Ger\u00e4te \/ \u00d6lskimmer (ES)"}]},{"@type":"WebSite","@id":"https:\/\/polo-filter.avrio-web.de\/es\/#website","url":"https:\/\/polo-filter.avrio-web.de\/es\/","name":"POLO Filter-Technik","description":"Filteranlagen nach Mass","potentialAction":[{"@type":"SearchAction","target":{"@type":"EntryPoint","urlTemplate":"https:\/\/polo-filter.avrio-web.de\/es\/?s={search_term_string}"},"query-input":{"@type":"PropertyValueSpecification","valueRequired":true,"valueName":"search_term_string"}}],"inLanguage":"es"}]}},"_links":{"self":[{"href":"https:\/\/polo-filter.avrio-web.de\/es\/wp-json\/wp\/v2\/pages\/13625","targetHints":{"allow":["GET"]}}],"collection":[{"href":"https:\/\/polo-filter.avrio-web.de\/es\/wp-json\/wp\/v2\/pages"}],"about":[{"href":"https:\/\/polo-filter.avrio-web.de\/es\/wp-json\/wp\/v2\/types\/page"}],"author":[{"embeddable":true,"href":"https:\/\/polo-filter.avrio-web.de\/es\/wp-json\/wp\/v2\/users\/5"}],"replies":[{"embeddable":true,"href":"https:\/\/polo-filter.avrio-web.de\/es\/wp-json\/wp\/v2\/comments?post=13625"}],"version-history":[{"count":6,"href":"https:\/\/polo-filter.avrio-web.de\/es\/wp-json\/wp\/v2\/pages\/13625\/revisions"}],"predecessor-version":[{"id":18395,"href":"https:\/\/polo-filter.avrio-web.de\/es\/wp-json\/wp\/v2\/pages\/13625\/revisions\/18395"}],"wp:attachment":[{"href":"https:\/\/polo-filter.avrio-web.de\/es\/wp-json\/wp\/v2\/media?parent=13625"}],"curies":[{"name":"wp","href":"https:\/\/api.w.org\/{rel}","templated":true}]}}