{"id":13619,"date":"2022-11-02T14:48:22","date_gmt":"2022-11-02T13:48:22","guid":{"rendered":"https:\/\/polo-filter.avrio-web.de\/?page_id=13619"},"modified":"2022-11-02T14:49:05","modified_gmt":"2022-11-02T13:49:05","slug":"estacion-de-elevacion-extractor-de-superficie-interruptor-de-flotador","status":"publish","type":"page","link":"https:\/\/polo-filter.avrio-web.de\/es\/estacion-de-elevacion-extractor-de-superficie-interruptor-de-flotador\/","title":{"rendered":"Hebestation \/ Oberfl\u00e4chenabsauger \/  Schwimmerschalter (ES)"},"content":{"rendered":"\n    \n                                                 <div class=\"heroimage container\" style=\"height:650px;background-image: url(https:\/\/polo-filter.avrio-web.de\/wp-content\/uploads\/Skimmer_Hebestation_POLO_Filter_Technik_Kopfbild_650px_102-1.jpg);background-repeat: no-repeat;background-size: contain;background-position: center \">\n                    \t<img decoding=\"async\" src=\"https:\/\/polo-filter.avrio-web.de\/wp-content\/uploads\/Skimmer_Hebestation_POLO_Filter_Technik_Kopfbild_650px_102-1.jpg\" style=\"visibility: hidden;\" \/>\n\n                <\/div>\n                  \n\n\n        <div class=\"flexible-content acf-content standard\" id=\"block_60eeed49cc1e3\" style=\"background-color: transparent\">\n        <div class=\"flexible-content-inner container\" >\n            <div id=\"dynamiccontent\" class=\"flexible-item-wrapper\">\n               \n                <div class=\" flexible-items\" >\n                    <div class=\"row\">\n                                                   \n                                                            <div class=\"col-lg  flexible-item flex-text\">\n                                   <div class=\"inner\">\n                                       <h1>Estaci\u00f3n de elevaci\u00f3n \/ extractor de superficie \/ interruptor de flotador<\/h1>\n<h2>Vista general de la estaci\u00f3n de elevaci\u00f3n, del extractor de superficie, del interruptor de flotador<\/h2>\n<h3>Estaci\u00f3n de elevaci\u00f3n<\/h3>\n<p>El medio contaminado que sale de la m\u00e1quina fluye por gravedad hacia la estaci\u00f3n de elevaci\u00f3n adyacente. Se utilizan bombas de suciedad especiales para transferir la suciedad al sistema de filtrado. Las caracter\u00edsticas especiales de dise\u00f1o garantizan que se eviten los dep\u00f3sitos y el sobrellenado de la estaci\u00f3n de elevaci\u00f3n.<\/p>\n<p>&nbsp;<\/p>\n<p><strong>Ventajas de la estaci\u00f3n de elevaci\u00f3n<\/strong><\/p>\n<ul>\n<li>Requiere poco espacio junto a la m\u00e1quina<\/li>\n<li>Dise\u00f1o robusto para su uso en zonas sucias<\/li>\n<li>Poco mantenimiento<\/li>\n<li>Entrada tangencial<\/li>\n<li>Prevenci\u00f3n de sedimentos<\/li>\n<\/ul>\n<p><strong>Campos de uso de las estaciones de elevaci\u00f3n <\/strong><\/p>\n<p>En los sistemas centrales, las estaciones de elevaci\u00f3n garantizan la alimentaci\u00f3n del medio al sistema central de filtrado. Si la alimentaci\u00f3n de los filtros individuales no se puede hacer por gravedad, se necesitan estaciones de elevaci\u00f3n.<\/p>\n<p>&nbsp;<\/p>\n<h3>Extractor de superficie<\/h3>\n<p>El extractor de superficie POLO recoge las part\u00edculas flotantes como la espuma, los aceites vagabundos, el grafito y las impurezas ultrafinas en los recipientes de emulsi\u00f3n o de lavado y las conduce a un sistema de descarga, por ejemplo, un filtro.<\/p>\n<p>&nbsp;<\/p>\n<p><strong>Ventajas del extractor de superficie<\/strong><\/p>\n<ul>\n<li>Recoge las part\u00edculas flotantes<\/li>\n<li>F\u00e1cil de instalar en los sistemas existentes<\/li>\n<li>Poco mantenimiento<\/li>\n<li>Aireaci\u00f3n del medio<\/li>\n<\/ul>\n<p><strong>Campos de uso de los extractores de superficie<\/strong><br \/>\nPara todos los contenedores de l\u00edquidos que tienen impurezas flotantes en la superficie.<\/p>\n<p>&nbsp;<\/p>\n<h3>Interruptor de flotador<\/h3>\n<p>Mediante un flotador, se activan microinterruptores o iniciadores en funci\u00f3n del nivel de llenado.<\/p>\n<p>&nbsp;<\/p>\n<div class=\"PlainText PlainTextLink\">\n<p><strong>Ventajas del interruptor de flotador<\/strong><\/p>\n<ul>\n<li>F\u00e1cil ajuste<\/li>\n<li>No se requiere ning\u00fan sistema electr\u00f3nico posterior<\/li>\n<li>Se puede utilizar para todos los medios y recipientes l\u00edquidos<\/li>\n<li>Disponibles contactos y longitudes de cable variables<\/li>\n<li>Material robusto, duradero<\/li>\n<li>Tecnolog\u00eda segura y sencilla<\/li>\n<li>Reequipamiento sencillo<\/li>\n<li>Poco mantenimiento<\/li>\n<\/ul>\n<p><strong>Campos de uso de los interruptores de flotador<\/strong><br \/>\nLos interruptores de flotador se utilizan, por ejemplo, para encender y apagar las bombas. Protegen las bombas contra el funcionamiento en seco y evitan el sobrellenado de su dep\u00f3sito.<\/p>\n<\/div>\n<div class=\"ClearBoth\"><\/div>\n                                   <\/div>\n                                <\/div>\n                                                                        <\/div>\n                <\/div>\n            <\/div>\n        <\/div>\n    <\/div>\n\n\n\n        <div id=\"product\" class=\"flexible-content acf-content\" style=\"background-color: transparent;\">\n        <div class=\"flexible-content-inner\">\n            <div class=\"flexible-item-wrapper\">\n\n\n\n                <div class=\"container flexible-items\">\n                    <div class=\"row\">\n                                                                                          <div class=\"col-4 product-box\" data-aos=\"fade-up\">\n\n                            <div class=\"inner\"> \n\n                                \n                                  <div class=\"single-banner\">\n                                   <img loading=\"lazy\" decoding=\"async\" width=\"370\" height=\"285\" src=\"https:\/\/polo-filter.avrio-web.de\/wp-content\/uploads\/Hebestation_PPS_POLO_Filter_Technik_Box_05_101.jpg\" class=\"attachment-post-thumbnail size-post-thumbnail wp-post-image\" alt=\"Hebestation_PPS_POLO_Filter_Technik_Box_05_101\" srcset=\"https:\/\/polo-filter.avrio-web.de\/wp-content\/uploads\/Hebestation_PPS_POLO_Filter_Technik_Box_05_101.jpg 370w, https:\/\/polo-filter.avrio-web.de\/wp-content\/uploads\/Hebestation_PPS_POLO_Filter_Technik_Box_05_101-300x231.jpg 300w\" sizes=\"auto, (max-width: 370px) 100vw, 370px\" title=\"Hebestation_PPS_POLO_Filter_Technik_Box_05_101\" \/>                                    <h3>Estaci\u00f3n de elevaci\u00f3n PPS<\/h3>\n                                    <div class=\"text\"><p>Las estaciones de elevaci\u00f3n POLO son unidades pr\u00e1cticas y \u00fatiles para transportar l\u00edquidos contaminados con un alto contenido de virutas desde un sistema de filtrado. Se caracterizan por su escasa necesidad de espacio y su alta fiabilidad operativa.<\/p>\n<\/div>\n                                     <div class=\"text-button\">\n                                        <a class=\"button\" href=\"https:\/\/polo-filter.avrio-web.de\/es\/estacion-de-elevacion-pps\/\">M\u00e1s<\/a>\n                                    <\/div>\n                                        <\/div>\n                               \n\n\n\n                        <\/div>  \n\n                    <\/div>  \n                                                           <div class=\"col-4 product-box\" data-aos=\"fade-up\">\n\n                            <div class=\"inner\"> \n\n                                \n                                  <div class=\"single-banner\">\n                                   <img loading=\"lazy\" decoding=\"async\" width=\"370\" height=\"285\" src=\"https:\/\/polo-filter.avrio-web.de\/wp-content\/uploads\/Schwimmerschalter_SWS_POLO_Filter_Technik_Box_05_101.jpg\" class=\"attachment-post-thumbnail size-post-thumbnail wp-post-image\" alt=\"Schwimmerschalter_SWS_POLO_Filter_Technik_Box_05_101\" srcset=\"https:\/\/polo-filter.avrio-web.de\/wp-content\/uploads\/Schwimmerschalter_SWS_POLO_Filter_Technik_Box_05_101.jpg 370w, https:\/\/polo-filter.avrio-web.de\/wp-content\/uploads\/Schwimmerschalter_SWS_POLO_Filter_Technik_Box_05_101-300x231.jpg 300w\" sizes=\"auto, (max-width: 370px) 100vw, 370px\" title=\"Schwimmerschalter_SWS_POLO_Filter_Technik_Box_05_101\" \/>                                    <h3>Interruptor de flotador SWS<\/h3>\n                                    <div class=\"text\"><p>Los interruptores de flotador POLO son componentes necesarios para detectar el nivel en sistemas de filtraci\u00f3n e instalaciones de tanques. Hay diferentes versiones disponibles y se pueden reequipar para varios sistemas.<\/p>\n<\/div>\n                                     <div class=\"text-button\">\n                                        <a class=\"button\" href=\"https:\/\/polo-filter.avrio-web.de\/es\/interruptor-de-flotador-sws\/\">M\u00e1s<\/a>\n                                    <\/div>\n                                        <\/div>\n                               \n\n\n\n                        <\/div>  \n\n                    <\/div>  \n                                                           <div class=\"col-4 product-box\" data-aos=\"fade-up\">\n\n                            <div class=\"inner\"> \n\n                                \n                                  <div class=\"single-banner\">\n                                   <img loading=\"lazy\" decoding=\"async\" width=\"370\" height=\"285\" src=\"https:\/\/polo-filter.avrio-web.de\/wp-content\/uploads\/Absauger_OFA_POLO_Filter_Technik_Box_05_101.jpg\" class=\"attachment-post-thumbnail size-post-thumbnail wp-post-image\" alt=\"Absauger_OFA_POLO_Filter_Technik_Box_05_101\" srcset=\"https:\/\/polo-filter.avrio-web.de\/wp-content\/uploads\/Absauger_OFA_POLO_Filter_Technik_Box_05_101.jpg 370w, https:\/\/polo-filter.avrio-web.de\/wp-content\/uploads\/Absauger_OFA_POLO_Filter_Technik_Box_05_101-300x231.jpg 300w\" sizes=\"auto, (max-width: 370px) 100vw, 370px\" title=\"Absauger_OFA_POLO_Filter_Technik_Box_05_101\" \/>                                    <h3>Extractor de superficie OFA<\/h3>\n                                    <div class=\"text\"><p>El extractor de superficie POLO<br \/>\nrecoge las part\u00edculas flotantes tales como los aceites vagabundos,<br \/>\nel grafito y las impurezas ultrafinas en los recipientes de emulsi\u00f3n o de<br \/>\nlavado y las conduce a un sistema de filtraci\u00f3n.<\/p>\n<\/div>\n                                     <div class=\"text-button\">\n                                        <a class=\"button\" href=\"https:\/\/polo-filter.avrio-web.de\/es\/extractor-de-superficie-ofa\/\">M\u00e1s<\/a>\n                                    <\/div>\n                                        <\/div>\n                               \n\n\n\n                        <\/div>  \n\n                    <\/div>  \n                                                                             <\/div>\n\n            <\/div>\n        <\/div>\n\n\n    <\/div>\n<\/div>\n\n\n","protected":false},"excerpt":{"rendered":"","protected":false},"author":5,"featured_media":0,"parent":0,"menu_order":72,"comment_status":"closed","ping_status":"closed","template":"","meta":{"_acf_changed":false,"footnotes":""},"class_list":["post-13619","page","type-page","status-publish","hentry"],"acf":[],"yoast_head":"<!-- This site is optimized with the Yoast SEO plugin v25.8 - https:\/\/yoast.com\/wordpress\/plugins\/seo\/ -->\n<title>Estaci\u00f3n de elevaci\u00f3n \/ extractor de superficie \/ interruptor de flotador - POLO Filter-Technik<\/title>\n<meta name=\"robots\" content=\"index, follow, max-snippet:-1, max-image-preview:large, max-video-preview:-1\" \/>\n<link rel=\"canonical\" href=\"https:\/\/polo-filter.avrio-web.de\/es\/estacion-de-elevacion-extractor-de-superficie-interruptor-de-flotador\/\" \/>\n<meta property=\"og:locale\" content=\"es_ES\" \/>\n<meta property=\"og:type\" content=\"article\" \/>\n<meta property=\"og:title\" content=\"Estaci\u00f3n de elevaci\u00f3n \/ extractor de superficie \/ interruptor de flotador - POLO Filter-Technik\" \/>\n<meta property=\"og:url\" content=\"https:\/\/polo-filter.avrio-web.de\/es\/estacion-de-elevacion-extractor-de-superficie-interruptor-de-flotador\/\" \/>\n<meta property=\"og:site_name\" content=\"POLO Filter-Technik\" \/>\n<meta property=\"article:modified_time\" content=\"2022-11-02T13:49:05+00:00\" \/>\n<meta name=\"twitter:card\" content=\"summary_large_image\" \/>\n<script type=\"application\/ld+json\" class=\"yoast-schema-graph\">{\"@context\":\"https:\/\/schema.org\",\"@graph\":[{\"@type\":\"WebPage\",\"@id\":\"https:\/\/polo-filter.avrio-web.de\/es\/estacion-de-elevacion-extractor-de-superficie-interruptor-de-flotador\/\",\"url\":\"https:\/\/polo-filter.avrio-web.de\/es\/estacion-de-elevacion-extractor-de-superficie-interruptor-de-flotador\/\",\"name\":\"Estaci\u00f3n de elevaci\u00f3n \/ extractor de superficie \/ interruptor de flotador - POLO Filter-Technik\",\"isPartOf\":{\"@id\":\"https:\/\/polo-filter.avrio-web.de\/es\/#website\"},\"datePublished\":\"2022-11-02T13:48:22+00:00\",\"dateModified\":\"2022-11-02T13:49:05+00:00\",\"breadcrumb\":{\"@id\":\"https:\/\/polo-filter.avrio-web.de\/es\/estacion-de-elevacion-extractor-de-superficie-interruptor-de-flotador\/#breadcrumb\"},\"inLanguage\":\"es\",\"potentialAction\":[{\"@type\":\"ReadAction\",\"target\":[\"https:\/\/polo-filter.avrio-web.de\/es\/estacion-de-elevacion-extractor-de-superficie-interruptor-de-flotador\/\"]}]},{\"@type\":\"BreadcrumbList\",\"@id\":\"https:\/\/polo-filter.avrio-web.de\/es\/estacion-de-elevacion-extractor-de-superficie-interruptor-de-flotador\/#breadcrumb\",\"itemListElement\":[{\"@type\":\"ListItem\",\"position\":1,\"name\":\"Startseite\",\"item\":\"https:\/\/polo-filter.avrio-web.de\/es\/\"},{\"@type\":\"ListItem\",\"position\":2,\"name\":\"Hebestation \/ Oberfl\u00e4chenabsauger \/ Schwimmerschalter (ES)\"}]},{\"@type\":\"WebSite\",\"@id\":\"https:\/\/polo-filter.avrio-web.de\/es\/#website\",\"url\":\"https:\/\/polo-filter.avrio-web.de\/es\/\",\"name\":\"POLO Filter-Technik\",\"description\":\"Filteranlagen nach Mass\",\"potentialAction\":[{\"@type\":\"SearchAction\",\"target\":{\"@type\":\"EntryPoint\",\"urlTemplate\":\"https:\/\/polo-filter.avrio-web.de\/es\/?s={search_term_string}\"},\"query-input\":{\"@type\":\"PropertyValueSpecification\",\"valueRequired\":true,\"valueName\":\"search_term_string\"}}],\"inLanguage\":\"es\"}]}<\/script>\n<!-- \/ Yoast SEO plugin. -->","yoast_head_json":{"title":"Estaci\u00f3n de elevaci\u00f3n \/ extractor de superficie \/ interruptor de flotador - POLO Filter-Technik","robots":{"index":"index","follow":"follow","max-snippet":"max-snippet:-1","max-image-preview":"max-image-preview:large","max-video-preview":"max-video-preview:-1"},"canonical":"https:\/\/polo-filter.avrio-web.de\/es\/estacion-de-elevacion-extractor-de-superficie-interruptor-de-flotador\/","og_locale":"es_ES","og_type":"article","og_title":"Estaci\u00f3n de elevaci\u00f3n \/ extractor de superficie \/ interruptor de flotador - POLO Filter-Technik","og_url":"https:\/\/polo-filter.avrio-web.de\/es\/estacion-de-elevacion-extractor-de-superficie-interruptor-de-flotador\/","og_site_name":"POLO Filter-Technik","article_modified_time":"2022-11-02T13:49:05+00:00","twitter_card":"summary_large_image","schema":{"@context":"https:\/\/schema.org","@graph":[{"@type":"WebPage","@id":"https:\/\/polo-filter.avrio-web.de\/es\/estacion-de-elevacion-extractor-de-superficie-interruptor-de-flotador\/","url":"https:\/\/polo-filter.avrio-web.de\/es\/estacion-de-elevacion-extractor-de-superficie-interruptor-de-flotador\/","name":"Estaci\u00f3n de elevaci\u00f3n \/ extractor de superficie \/ interruptor de flotador - POLO Filter-Technik","isPartOf":{"@id":"https:\/\/polo-filter.avrio-web.de\/es\/#website"},"datePublished":"2022-11-02T13:48:22+00:00","dateModified":"2022-11-02T13:49:05+00:00","breadcrumb":{"@id":"https:\/\/polo-filter.avrio-web.de\/es\/estacion-de-elevacion-extractor-de-superficie-interruptor-de-flotador\/#breadcrumb"},"inLanguage":"es","potentialAction":[{"@type":"ReadAction","target":["https:\/\/polo-filter.avrio-web.de\/es\/estacion-de-elevacion-extractor-de-superficie-interruptor-de-flotador\/"]}]},{"@type":"BreadcrumbList","@id":"https:\/\/polo-filter.avrio-web.de\/es\/estacion-de-elevacion-extractor-de-superficie-interruptor-de-flotador\/#breadcrumb","itemListElement":[{"@type":"ListItem","position":1,"name":"Startseite","item":"https:\/\/polo-filter.avrio-web.de\/es\/"},{"@type":"ListItem","position":2,"name":"Hebestation \/ Oberfl\u00e4chenabsauger \/ Schwimmerschalter (ES)"}]},{"@type":"WebSite","@id":"https:\/\/polo-filter.avrio-web.de\/es\/#website","url":"https:\/\/polo-filter.avrio-web.de\/es\/","name":"POLO Filter-Technik","description":"Filteranlagen nach Mass","potentialAction":[{"@type":"SearchAction","target":{"@type":"EntryPoint","urlTemplate":"https:\/\/polo-filter.avrio-web.de\/es\/?s={search_term_string}"},"query-input":{"@type":"PropertyValueSpecification","valueRequired":true,"valueName":"search_term_string"}}],"inLanguage":"es"}]}},"_links":{"self":[{"href":"https:\/\/polo-filter.avrio-web.de\/es\/wp-json\/wp\/v2\/pages\/13619","targetHints":{"allow":["GET"]}}],"collection":[{"href":"https:\/\/polo-filter.avrio-web.de\/es\/wp-json\/wp\/v2\/pages"}],"about":[{"href":"https:\/\/polo-filter.avrio-web.de\/es\/wp-json\/wp\/v2\/types\/page"}],"author":[{"embeddable":true,"href":"https:\/\/polo-filter.avrio-web.de\/es\/wp-json\/wp\/v2\/users\/5"}],"replies":[{"embeddable":true,"href":"https:\/\/polo-filter.avrio-web.de\/es\/wp-json\/wp\/v2\/comments?post=13619"}],"version-history":[{"count":3,"href":"https:\/\/polo-filter.avrio-web.de\/es\/wp-json\/wp\/v2\/pages\/13619\/revisions"}],"predecessor-version":[{"id":13623,"href":"https:\/\/polo-filter.avrio-web.de\/es\/wp-json\/wp\/v2\/pages\/13619\/revisions\/13623"}],"wp:attachment":[{"href":"https:\/\/polo-filter.avrio-web.de\/es\/wp-json\/wp\/v2\/media?parent=13619"}],"curies":[{"name":"wp","href":"https:\/\/api.w.org\/{rel}","templated":true}]}}