{"id":13600,"date":"2022-11-02T14:33:34","date_gmt":"2022-11-02T13:33:34","guid":{"rendered":"https:\/\/polo-filter.avrio-web.de\/?page_id=13600"},"modified":"2023-09-15T09:52:04","modified_gmt":"2023-09-15T07:52:04","slug":"equipos-centrales","status":"publish","type":"page","link":"https:\/\/polo-filter.avrio-web.de\/es\/equipos-centrales\/","title":{"rendered":"Zentralanlagen (ES)"},"content":{"rendered":"\n    \n                                                 <div class=\"heroimage container\" style=\"height:650px;background-image: url(https:\/\/polo-filter.avrio-web.de\/wp-content\/uploads\/Zentralanlage_POLO_Filter_Technik_Kopfbild_650px_103.jpg);background-repeat: no-repeat;background-size: contain;background-position: center \">\n                    \t<img decoding=\"async\" src=\"https:\/\/polo-filter.avrio-web.de\/wp-content\/uploads\/Zentralanlage_POLO_Filter_Technik_Kopfbild_650px_103.jpg\" style=\"visibility: hidden;\" \/>\n\n                <\/div>\n                  \n\n\n        <div class=\"flexible-content acf-content standard\" id=\"block_1a8e1d5f653d8ab4b1f3001e67a5d9df\" style=\"background-color: transparent\">\n        <div class=\"flexible-content-inner container\" >\n            <div id=\"dynamiccontent\" class=\"flexible-item-wrapper\">\n               \n                <div class=\" flexible-items\" >\n                    <div class=\"row\">\n                                                   \n                                                            <div class=\"col-lg  flexible-item flex-text\">\n                                   <div class=\"inner\">\n                                       <h1>Equipos centrales<\/h1>\n<h2>El coraz\u00f3n de su producci\u00f3n<\/h2>\n<p>Los sistemas centrales POLO se utilizan para alimentar de forma centralizada desde grupos de m\u00e1quinas hasta naves de producci\u00f3n completas. Se mantienen los flujos de gran volumen y se ponen a disposici\u00f3n de las m\u00e1quinas de nuevo con la misma calidad. Las virutas descargadas a trav\u00e9s del sistema de filtraci\u00f3n se recogen de forma centralizada. Esto reduce considerablemente el esfuerzo de eliminaci\u00f3n. El control del lubricante refrigerante solo se realiza en la planta central. Se elimina el trabajo de las m\u00e1quinas individuales.<\/p>\n                                   <\/div>\n                                <\/div>\n                                                                        <\/div>\n                <\/div>\n            <\/div>\n        <\/div>\n    <\/div>\n\n\n\n        <div id=\"bildnebentext\" class=\"flexible-content acf-content\"  style=\"background-color: transparent;\">\n        <div class=\"flexible-content-inner\">\n            <div class=\"flexible-item-wrapper\">\n\n                                                         \n                        <div class=\"container flexible-items\">\n                            <div class=\"row\">\n                                \n                                                                     <div class=\"col-lg  flexible-item flex-img \" data-aos=\"fade-up\">\n                                                                                     \t<div class=\"inner\" style=\"background-image: url(https:\/\/polo-filter.avrio-web.de\/wp-content\/uploads\/Zentralanlage_POLO_Filter_Technik_Box_04_102.jpg)\"> \n                                                    <img decoding=\"async\" src=\"https:\/\/polo-filter.avrio-web.de\/wp-content\/uploads\/Zentralanlage_POLO_Filter_Technik_Box_04_102.jpg\" style=\"visibility: hidden;\" \/>\n                                            \n                                        <\/div>  \n                                                                        <\/div>\n                                                                \n                                                                          <div class=\"col-lg  flexible-item flex-text grau\">\n                                           \n                                         <div class=\"inner  \" >\n                                         \t<div class=\"text\">\n                                         \t\t<h4><span style=\"color: #339966\"><strong>Sus ventajas<\/strong><\/span><\/h4>\n<ul>\n<li>Ocupa poco espacio<\/li>\n<li>Se puede instalar fuera de la sala de producci\u00f3n<\/li>\n<li>M\u00e1s espacio libre para las m\u00e1quinas herramienta en la producci\u00f3n<\/li>\n<li>Menor mantenimiento que el suministro individual<\/li>\n<li>Un punto de extracci\u00f3n de suciedad<\/li>\n<li>La misma calidad de lubricante refrigerante en todas las m\u00e1quinas<\/li>\n<\/ul>\n                                         \t<\/div>\n                                         \t<div class=\"text-button\">\n                                         \t\t                                                 <a class=\"button\" href=\"https:\/\/polo-filter.avrio-web.de\/es\/app-de-polo\/\" target=\"_self\">Al asesoramiento profesional<\/a>\n                                                                                     \t<\/div>\n                                             \n                                             \n                                            \n                                        <\/div>\n                                    <\/div>\n                                                                                    <\/div>\n                    <\/div>\n\n                                     \n                        <div class=\"container flexible-items\">\n                            <div class=\"row\">\n                                \n                                                                          <div class=\"col-lg  flexible-item flex-text keine\">\n                                           \n                                         <div class=\"inner  \" >\n                                         \t<div class=\"text\">\n                                         \t\t<h4><strong>Informaci\u00f3n sucinta<\/strong><\/h4>\n<ul>\n<li>Construcci\u00f3n de acero y acero fino<\/li>\n<li>M\u00e1xima flexibilidad<\/li>\n<li>Seguridad del proceso<\/li>\n<li>Reducci\u00f3n de los costes de personal para la supervisi\u00f3n del refrigerante<\/li>\n<li>Reducci\u00f3n de los costes de personal para la eliminaci\u00f3n de virutas<\/li>\n<\/ul>\n                                         \t<\/div>\n                                         \t<div class=\"text-button\">\n                                         \t\t                                          \t<\/div>\n                                             \n                                             \n                                            \n                                        <\/div>\n                                    <\/div>\n                                                            \n                                                                     <div class=\"col-lg  flexible-item flex-img \" data-aos=\"fade-up\">\n                                                                                     \t<div class=\"inner\" style=\"background-image: url(https:\/\/polo-filter.avrio-web.de\/wp-content\/uploads\/Zentralanlage_POLO_Filter_Technik_Box_04_103.jpg)\"> \n                                                    <img decoding=\"async\" src=\"https:\/\/polo-filter.avrio-web.de\/wp-content\/uploads\/Zentralanlage_POLO_Filter_Technik_Box_04_103.jpg\" style=\"visibility: hidden;\" \/>\n                                            \n                                        <\/div>  \n                                                                        <\/div>\n                                                                                        <\/div>\n                    <\/div>\n\n                                    <\/div>\n    <\/div>\n<\/div>\n\n\n\n        <div id=\"bildlinktextbutton\" class=\"flexible-content acf-content\"  style=\"background-color: transparent;\">\n        <div class=\"flexible-content-inner\">\n            <div class=\"flexible-item-wrapper\">\n\n               \n                     \n                        <div class=\"container flexible-items\">\n                            <div class=\"row\">\n                                \n                                                                     <div class=\"col-lg  nein  flexible-item flex-img\" data-aos=\"fade-up\">\n                                        <div class=\"inner\"> \n                                            \n                                                                                            <div class=\"bild\">\n                                                    <img decoding=\"async\" src=\"https:\/\/polo-filter.avrio-web.de\/wp-content\/uploads\/Zentralanlage_POLO_Filter_Technik_Box_01_klein_103.jpg\" style=\"height: 100%; width: 100%; object-fit: cover;\" alt=\"\" \/>\n                                                <\/div>  \n                                            <div class=\"hintergrund\" style=\"display: none\"><\/div>\n                                            <div class=\"bild-nein\" style=\"display: none\">\n\n                                                   \n   <img decoding=\"async\" src=\"https:\/\/polo-filter.avrio-web.de\/wp-content\/uploads\/Zentralanlage_POLO_Filter_Technik_Box_01_klein_103.jpg\" alt=\"\" \/>\n                                            <\/div>\n\n                                            <div class=\"text\">\n                                                 <h3>Profesional en todos los tama\u00f1os<\/h3>\n<p>Los sistemas centrales POLO son id\u00f3neos para la limpieza de grandes caudales de lubricante refrigerante. Cada sistema se adapta individualmente a los requisitos espec\u00edficos y a las condiciones espaciales del lugar. Los muchos a\u00f1os de experiencia de POLO garantizan un alto nivel de calidad con una fiabilidad operativa continua para su producci\u00f3n.<\/p>\n<p>POLO ofrece desde componentes individuales hasta plantas centrales llave en mano, incluyendo redes de tuber\u00edas, como contratista general.<\/p>\n<p>Por <strong>profesionales<\/strong>, para <strong>profesionales<\/strong>, con <strong>profesionales <\/strong><\/p>\n                                            <\/div> \n\n                                        <\/div>\n                                    <\/div>\n                                  \n                                                            \n                                                                     <div class=\"col-lg  nein  flexible-item flex-img\" data-aos=\"fade-up\">\n                                        <div class=\"inner\"> \n                                            \n                                                                                            <div class=\"bild\">\n                                                    <img decoding=\"async\" src=\"https:\/\/polo-filter.avrio-web.de\/wp-content\/uploads\/Zentralanlage_POLO_Filter_Technik_Box_01_klein_102.jpg\" style=\"height: 100%; width: 100%; object-fit: cover;\" alt=\"\" \/>\n                                                <\/div>  \n                                            <div class=\"hintergrund\" style=\"display: none\"><\/div>\n                                            <div class=\"bild-nein\" style=\"display: none\">\n\n                                                   \n   <img decoding=\"async\" src=\"https:\/\/polo-filter.avrio-web.de\/wp-content\/uploads\/Zentralanlage_POLO_Filter_Technik_Box_01_klein_102.jpg\" alt=\"\" \/>\n                                            <\/div>\n\n                                            <div class=\"text\">\n                                                 <h3>Estructura modular<\/h3>\n<p>Se adaptan individualmente a las necesidades del cliente, una gran variedad de componentes, tales como<\/p>\n<ul>\n<li>equipos de refrigeraci\u00f3n<\/li>\n<li>etapas de filtraci\u00f3n<\/li>\n<li>eliminaci\u00f3n de virutas<\/li>\n<li>supervisi\u00f3n autom\u00e1tica del lubricante refrigerante<\/li>\n<li>unidades dosificadoras<\/li>\n<li>bombas<\/li>\n<li>etc.<\/li>\n<\/ul>\n<p>y se combinan en un sistema centralizado.<\/p>\n                                            <\/div> \n\n                                        <\/div>\n                                    <\/div>\n                                  \n                                                                                    <\/div>\n                    <\/div>\n\n             \n        <\/div>\n    <\/div>\n<\/div>\n\n\n\n        <div class=\"flexible-content acf-content standard\" id=\"block_726c57283914271d66bd143712d7f969\" style=\"background-color: #ececec\">\n        <div class=\"flexible-content-inner container\" >\n            <div id=\"dynamiccontent\" class=\"flexible-item-wrapper\">\n               \n                <div class=\" flexible-items\" >\n                    <div class=\"row\">\n                                                   \n                                                            <div class=\"col-lg  flexible-item flex-text\">\n                                   <div class=\"inner\">\n                                       <h4><span style=\"color: #0064ad\"><strong>Valor a\u00f1adido de su sistema central POLO<br \/>\n<img loading=\"lazy\" decoding=\"async\" class=\"alignright wp-image-9286\" src=\"https:\/\/polo-filter.avrio-web.de\/wp-content\/uploads\/Zentralanlage_POLO_Filter_Technik_Box_04_101-300x240.jpg\" alt=\"\" width=\"400\" height=\"320\" srcset=\"https:\/\/polo-filter.avrio-web.de\/wp-content\/uploads\/Zentralanlage_POLO_Filter_Technik_Box_04_101-300x240.jpg 300w, https:\/\/polo-filter.avrio-web.de\/wp-content\/uploads\/Zentralanlage_POLO_Filter_Technik_Box_04_101-600x480.jpg 600w, https:\/\/polo-filter.avrio-web.de\/wp-content\/uploads\/Zentralanlage_POLO_Filter_Technik_Box_04_101.jpg 669w\" sizes=\"auto, (max-width: 400px) 100vw, 400px\" \/><\/strong><\/span><\/h4>\n<p>Los sistemas centrales POLO, Made in Germany, est\u00e1n dise\u00f1ados de forma profesional, sostenible y energ\u00e9tica, ofrecen multitud de ventajas y constituyen el coraz\u00f3n fiable de su producci\u00f3n.<\/p>\n<p>&nbsp;<\/p>\n<p>El control inteligente puede\/debe reducir significativamente los costes de energ\u00eda y controlar de forma \u00f3ptima todo el extenso proceso de filtraci\u00f3n, lo que minimiza el consumo de auxiliares de filtraci\u00f3n.<\/p>\n<p>&nbsp;<\/p>\n<p>El sistema central detecta autom\u00e1ticamente los caudales fluctuantes debidos a la conexi\u00f3n y desconexi\u00f3n de las distintas m\u00e1quinas y los procesa internamente de forma que el sistema central garantiza un suministro energ\u00e9tico \u00f3ptimo de la producci\u00f3n.<\/p>\n<p>&nbsp;<\/p>\n<p>De este modo, el espacio liberado en la producci\u00f3n mediante el uso de una planta central puede<br \/>\naprovecharse econ\u00f3micamente en otros lugares.<br \/>\nOtras ventajas de una instalaci\u00f3n externa del sistema central son:<\/p>\n<ul>\n<li>reducci\u00f3n del ruido<\/li>\n<li>menor generaci\u00f3n de calor en la nave de producci\u00f3n.<\/li>\n<\/ul>\n<p>El espacio liberado en la producci\u00f3n queda disponible para la instalaci\u00f3n de otras m\u00e1quinas.<\/p>\n<p>&nbsp;<\/p>\n                                   <\/div>\n                                <\/div>\n                                                                        <\/div>\n                <\/div>\n            <\/div>\n        <\/div>\n    <\/div>\n\n\n\n     <div id=\"icons-block\" class=\"container flexible-items\" style=\"background-color:#009634\">\n   <div class=\"row\">\n                                        \n       \n            <div  class=\"col-lg\"><p id=\"icon-img\" class=\"bedienerfreundlich\"><\/p><p>Bedienerfreundlich<\/p><\/div>\n            <div  class=\"col-lg\"><p id=\"icon-img\" class=\"energieeffizienz\"><\/p><p>Energieeffizienz<\/p><\/div>\n            <div  class=\"col-lg\"><p id=\"icon-img\" class=\"madeingermany\"><\/p><p>Made in Germany<\/p><\/div>\n            <div  class=\"col-lg\"><p id=\"icon-img\" class=\"prozesssicherheit\"><\/p><p>Prozesssicherheit<\/p><\/div>\n            <div  class=\"col-lg\"><p id=\"icon-img\" class=\"wartungsarm\"><\/p><p>Wartungsarm<\/p><\/div>\n    \n                      \n   <\/div>\n                               \n \n\n<\/div>\n\n\n     \n<div id=\"Video\" class=\"video flexible-content\" style=\"background-color: transparent;\">\n    <div class=\"flexible-content-inner container\">\n             <div class=\"container intro-text\" style=\"background-color: transparent\">\n                        <div class=\"row justify-content-center\">\n                            <div class=\"col-lg text\">\n                                <p style=\"font-size: 24px; color: #0064ad;font-weight: bold;\">Equipos centrales de Polo Filter-Technik<\/p>\n                            <\/div>\n                        <\/div>\n                    <\/div>                    <div id=\"video-iframe\" class=\"container\" style=\"background-color: transparent; position: relative\">\n                         <div class=\"BorlabsCookie _brlbs-cb-vimeo\"><div class=\"_brlbs-content-blocker\"> <div class=\"_brlbs-embed _brlbs-video-vimeo\"> <img decoding=\"async\" class=\"_brlbs-thumbnail\" src=\"https:\/\/polo-filter.avrio-web.de\/wp-content\/plugins\/borlabs-cookie\/assets\/images\/cb-no-thumbnail.png\" alt=\"Vimeo\"> <div class=\"_brlbs-caption\"> <p>Cuando Cargar v\u00eddeo acepta impl\u00edcitamente la Pol\u00edtica de privacidad de&#8230;Vimeo.<br><a href=\"https:\/\/vimeo.com\/privacy\" target=\"_blank\" rel=\"nofollow noopener noreferrer\">M\u00e1s informaci\u00f3n<\/a><\/p> <p><a class=\"_brlbs-btn _brlbs-icon-play-white\" href=\"#\" data-borlabs-cookie-unblock role=\"button\">Cargar v\u00eddeo<\/a><\/p> <p><label><input type=\"checkbox\" name=\"unblockAll\" value=\"1\" checked> <small>Desbloquear siempre Vimeo <\/small><\/label><\/p> <\/div> <\/div> <\/div><div class=\"borlabs-hide\" data-borlabs-cookie-type=\"content-blocker\" data-borlabs-cookie-id=\"vimeo\"><script type=\"text\/template\">PGlmcmFtZSB0aXRsZT0iWmVudHJhbGFubGFnZW4gdm9uIFBvbG8gRmlsdGVyLVRlY2huaWsgYXVzIEJyZW1lbiAtIEluZHVzdHJpZWZpbG0iIHNyYz0iaHR0cHM6Ly9wbGF5ZXIudmltZW8uY29tL3ZpZGVvLzQ4NDM1ODkzMj9kbnQ9MSZhbXA7YXBwX2lkPTEyMjk2MyIgd2lkdGg9IjcxMSIgaGVpZ2h0PSI0MDAiIGZyYW1lYm9yZGVyPSIwIiBhbGxvdz0iYXV0b3BsYXk7IGZ1bGxzY3JlZW47IHBpY3R1cmUtaW4tcGljdHVyZTsgY2xpcGJvYXJkLXdyaXRlOyBlbmNyeXB0ZWQtbWVkaWE7IHdlYi1zaGFyZSIgcmVmZXJyZXJwb2xpY3k9InN0cmljdC1vcmlnaW4td2hlbi1jcm9zcy1vcmlnaW4iPjwvaWZyYW1lPg==<\/script><\/div><\/div>                    <\/div> \n    <\/div>\n\n\n<\/div>\n","protected":false},"excerpt":{"rendered":"","protected":false},"author":5,"featured_media":0,"parent":0,"menu_order":80,"comment_status":"closed","ping_status":"closed","template":"","meta":{"_acf_changed":false,"footnotes":""},"class_list":["post-13600","page","type-page","status-publish","hentry"],"acf":[],"yoast_head":"<!-- This site is optimized with the Yoast SEO plugin v25.8 - https:\/\/yoast.com\/wordpress\/plugins\/seo\/ -->\n<title>Equipos centrales - POLO Filter-Technik<\/title>\n<meta name=\"robots\" content=\"index, follow, max-snippet:-1, max-image-preview:large, max-video-preview:-1\" \/>\n<link rel=\"canonical\" href=\"https:\/\/polo-filter.avrio-web.de\/es\/equipos-centrales\/\" \/>\n<meta property=\"og:locale\" content=\"es_ES\" \/>\n<meta property=\"og:type\" content=\"article\" \/>\n<meta property=\"og:title\" content=\"Equipos centrales - POLO Filter-Technik\" \/>\n<meta property=\"og:url\" content=\"https:\/\/polo-filter.avrio-web.de\/es\/equipos-centrales\/\" \/>\n<meta property=\"og:site_name\" content=\"POLO Filter-Technik\" \/>\n<meta property=\"article:modified_time\" content=\"2023-09-15T07:52:04+00:00\" \/>\n<meta name=\"twitter:card\" content=\"summary_large_image\" \/>\n<script type=\"application\/ld+json\" class=\"yoast-schema-graph\">{\"@context\":\"https:\/\/schema.org\",\"@graph\":[{\"@type\":\"WebPage\",\"@id\":\"https:\/\/polo-filter.avrio-web.de\/es\/equipos-centrales\/\",\"url\":\"https:\/\/polo-filter.avrio-web.de\/es\/equipos-centrales\/\",\"name\":\"Equipos centrales - POLO Filter-Technik\",\"isPartOf\":{\"@id\":\"https:\/\/polo-filter.avrio-web.de\/es\/#website\"},\"datePublished\":\"2022-11-02T13:33:34+00:00\",\"dateModified\":\"2023-09-15T07:52:04+00:00\",\"breadcrumb\":{\"@id\":\"https:\/\/polo-filter.avrio-web.de\/es\/equipos-centrales\/#breadcrumb\"},\"inLanguage\":\"es\",\"potentialAction\":[{\"@type\":\"ReadAction\",\"target\":[\"https:\/\/polo-filter.avrio-web.de\/es\/equipos-centrales\/\"]}]},{\"@type\":\"BreadcrumbList\",\"@id\":\"https:\/\/polo-filter.avrio-web.de\/es\/equipos-centrales\/#breadcrumb\",\"itemListElement\":[{\"@type\":\"ListItem\",\"position\":1,\"name\":\"Startseite\",\"item\":\"https:\/\/polo-filter.avrio-web.de\/es\/\"},{\"@type\":\"ListItem\",\"position\":2,\"name\":\"Zentralanlagen (ES)\"}]},{\"@type\":\"WebSite\",\"@id\":\"https:\/\/polo-filter.avrio-web.de\/es\/#website\",\"url\":\"https:\/\/polo-filter.avrio-web.de\/es\/\",\"name\":\"POLO Filter-Technik\",\"description\":\"Filteranlagen nach Mass\",\"potentialAction\":[{\"@type\":\"SearchAction\",\"target\":{\"@type\":\"EntryPoint\",\"urlTemplate\":\"https:\/\/polo-filter.avrio-web.de\/es\/?s={search_term_string}\"},\"query-input\":{\"@type\":\"PropertyValueSpecification\",\"valueRequired\":true,\"valueName\":\"search_term_string\"}}],\"inLanguage\":\"es\"}]}<\/script>\n<!-- \/ Yoast SEO plugin. -->","yoast_head_json":{"title":"Equipos centrales - POLO Filter-Technik","robots":{"index":"index","follow":"follow","max-snippet":"max-snippet:-1","max-image-preview":"max-image-preview:large","max-video-preview":"max-video-preview:-1"},"canonical":"https:\/\/polo-filter.avrio-web.de\/es\/equipos-centrales\/","og_locale":"es_ES","og_type":"article","og_title":"Equipos centrales - POLO Filter-Technik","og_url":"https:\/\/polo-filter.avrio-web.de\/es\/equipos-centrales\/","og_site_name":"POLO Filter-Technik","article_modified_time":"2023-09-15T07:52:04+00:00","twitter_card":"summary_large_image","schema":{"@context":"https:\/\/schema.org","@graph":[{"@type":"WebPage","@id":"https:\/\/polo-filter.avrio-web.de\/es\/equipos-centrales\/","url":"https:\/\/polo-filter.avrio-web.de\/es\/equipos-centrales\/","name":"Equipos centrales - POLO Filter-Technik","isPartOf":{"@id":"https:\/\/polo-filter.avrio-web.de\/es\/#website"},"datePublished":"2022-11-02T13:33:34+00:00","dateModified":"2023-09-15T07:52:04+00:00","breadcrumb":{"@id":"https:\/\/polo-filter.avrio-web.de\/es\/equipos-centrales\/#breadcrumb"},"inLanguage":"es","potentialAction":[{"@type":"ReadAction","target":["https:\/\/polo-filter.avrio-web.de\/es\/equipos-centrales\/"]}]},{"@type":"BreadcrumbList","@id":"https:\/\/polo-filter.avrio-web.de\/es\/equipos-centrales\/#breadcrumb","itemListElement":[{"@type":"ListItem","position":1,"name":"Startseite","item":"https:\/\/polo-filter.avrio-web.de\/es\/"},{"@type":"ListItem","position":2,"name":"Zentralanlagen (ES)"}]},{"@type":"WebSite","@id":"https:\/\/polo-filter.avrio-web.de\/es\/#website","url":"https:\/\/polo-filter.avrio-web.de\/es\/","name":"POLO Filter-Technik","description":"Filteranlagen nach Mass","potentialAction":[{"@type":"SearchAction","target":{"@type":"EntryPoint","urlTemplate":"https:\/\/polo-filter.avrio-web.de\/es\/?s={search_term_string}"},"query-input":{"@type":"PropertyValueSpecification","valueRequired":true,"valueName":"search_term_string"}}],"inLanguage":"es"}]}},"_links":{"self":[{"href":"https:\/\/polo-filter.avrio-web.de\/es\/wp-json\/wp\/v2\/pages\/13600","targetHints":{"allow":["GET"]}}],"collection":[{"href":"https:\/\/polo-filter.avrio-web.de\/es\/wp-json\/wp\/v2\/pages"}],"about":[{"href":"https:\/\/polo-filter.avrio-web.de\/es\/wp-json\/wp\/v2\/types\/page"}],"author":[{"embeddable":true,"href":"https:\/\/polo-filter.avrio-web.de\/es\/wp-json\/wp\/v2\/users\/5"}],"replies":[{"embeddable":true,"href":"https:\/\/polo-filter.avrio-web.de\/es\/wp-json\/wp\/v2\/comments?post=13600"}],"version-history":[{"count":13,"href":"https:\/\/polo-filter.avrio-web.de\/es\/wp-json\/wp\/v2\/pages\/13600\/revisions"}],"predecessor-version":[{"id":15612,"href":"https:\/\/polo-filter.avrio-web.de\/es\/wp-json\/wp\/v2\/pages\/13600\/revisions\/15612"}],"wp:attachment":[{"href":"https:\/\/polo-filter.avrio-web.de\/es\/wp-json\/wp\/v2\/media?parent=13600"}],"curies":[{"name":"wp","href":"https:\/\/api.w.org\/{rel}","templated":true}]}}