{"id":13595,"date":"2022-11-02T14:26:45","date_gmt":"2022-11-02T13:26:45","guid":{"rendered":"https:\/\/polo-filter.avrio-web.de\/?page_id=13595"},"modified":"2023-07-21T09:20:01","modified_gmt":"2023-07-21T07:20:01","slug":"filtro-de-vacio-filtro-de-presion-negativa","status":"publish","type":"page","link":"https:\/\/polo-filter.avrio-web.de\/es\/filtro-de-vacio-filtro-de-presion-negativa\/","title":{"rendered":"Vakuumfilter \/ Unterdruckfilter (ES)"},"content":{"rendered":"\n    \n                                                 <div class=\"heroimage container\" style=\"height:650px;background-image: url(https:\/\/polo-filter.avrio-web.de\/wp-content\/uploads\/Vakuumfilter_POLO_Filter_Technik_Kopfbild_201.jpg);background-repeat: no-repeat;background-size: contain;background-position: center \">\n                    \t<img decoding=\"async\" src=\"https:\/\/polo-filter.avrio-web.de\/wp-content\/uploads\/Vakuumfilter_POLO_Filter_Technik_Kopfbild_201.jpg\" style=\"visibility: hidden;\" \/>\n\n                <\/div>\n                  \n\n\n        <div class=\"flexible-content acf-content standard\" id=\"block_c8513092abec64d6e14a76d82d427f7f\" style=\"background-color: transparent\">\n        <div class=\"flexible-content-inner container\" >\n            <div id=\"dynamiccontent\" class=\"flexible-item-wrapper\">\n               \n                <div class=\" flexible-items\" >\n                    <div class=\"row\">\n                                                   \n                                                            <div class=\"col-lg  flexible-item flex-text\">\n                                   <div class=\"inner\">\n                                       <h1>Filtro de vacio \/ Filtro de presi\u00f3n negativa<\/h1>\n<h2>Filtro de vac\u00edo, tambi\u00e9n denominado filtro de presi\u00f3n negativa<\/h2>\n<p>El filtro de vac\u00edo, tambi\u00e9n llamado filtro de presi\u00f3n negativa, crea una presi\u00f3n negativa que arrastra el l\u00edquido a filtrar a trav\u00e9s de la torta filtrante. Gracias a la presi\u00f3n negativa, el rendimiento del \u00e1rea espec\u00edfica aumenta considerablemente en comparaci\u00f3n con un filtro de gravedad. El aire que atraviesa la torta de filtraci\u00f3n acumulada permite que la humedad residual de la torta de filtraci\u00f3n sea inferior al 20 %. Este efecto se ve favorecido por el aire de salida del extractor, que se dirige a la torta de filtraci\u00f3n desde arriba.<\/p>\n<p>&nbsp;<\/p>\n<h3>Ventajas del filtro de vac\u00edo \/ filtro de presi\u00f3n negativa<\/h3>\n<ul>\n<li>Precisa poco espacio, en relaci\u00f3n con los altos caudales<\/li>\n<li>Descarga de la torta en seco<\/li>\n<li>Aprovechamiento \u00f3ptimo del material filtrante auxiliar<\/li>\n<li>Poco mantenimiento<\/li>\n<li>Larga vida \u00fatil<\/li>\n<li>Bajo consumo de fieltro<\/li>\n<\/ul>\n<div class=\"PlainText PlainTextLink\">\n<p><strong>Campos de uso de los filtros de vac\u00edo<\/strong><br \/>\nPrincipalmente para abastecer m\u00f3dulos o equipos centrales.<\/p>\n<\/div>\n<div class=\"ClearBoth\"><\/div>\n                                   <\/div>\n                                <\/div>\n                                                                        <\/div>\n                <\/div>\n            <\/div>\n        <\/div>\n    <\/div>\n\n\n\n        <div id=\"product\" class=\"flexible-content acf-content\" style=\"background-color: transparent;\">\n        <div class=\"flexible-content-inner\">\n            <div class=\"flexible-item-wrapper\">\n\n\n\n                <div class=\"container flexible-items\">\n                    <div class=\"row\">\n                                                                                          <div class=\"col-4 product-box\" data-aos=\"fade-up\">\n\n                            <div class=\"inner\"> \n\n                                \n                                  <div class=\"single-banner\">\n                                   <img loading=\"lazy\" decoding=\"async\" width=\"370\" height=\"285\" src=\"https:\/\/polo-filter.avrio-web.de\/wp-content\/uploads\/Vakuumfilter_SBV_POLO_Filter_Technik_Box_05_102_Produktbild.jpg\" class=\"attachment-post-thumbnail size-post-thumbnail wp-post-image\" alt=\"Vakuumfilter_SBV_POLO_Filter_Technik_Box_05_102_Produktbild\" srcset=\"https:\/\/polo-filter.avrio-web.de\/wp-content\/uploads\/Vakuumfilter_SBV_POLO_Filter_Technik_Box_05_102_Produktbild.jpg 370w, https:\/\/polo-filter.avrio-web.de\/wp-content\/uploads\/Vakuumfilter_SBV_POLO_Filter_Technik_Box_05_102_Produktbild-300x231.jpg 300w\" sizes=\"auto, (max-width: 370px) 100vw, 370px\" title=\"Vakuumfilter_SBV_POLO_Filter_Technik_Box_05_102_Produktbild\" \/>                                    <h3>Filtro de vac\u00edo SBV (filtro de fieltro)<\/h3>\n                                    <div class=\"text\"><p>La serie peque\u00f1a de los filtros de vac\u00edo POLO. Se pueden usar para un m\u00e1ximo de 900 l\/min de emulsi\u00f3n.<br \/>\nGracias al vac\u00edo, se consigue un gran caudal de forma fiable en un espacio reducido. Alto rendimiento y excelente filtraci\u00f3n.<\/p>\n<\/div>\n                                     <div class=\"text-button\">\n                                        <a class=\"button\" href=\"https:\/\/polo-filter.avrio-web.de\/es\/filtro-de-vacio-sbv\/\">M\u00e1s<\/a>\n                                    <\/div>\n                                        <\/div>\n                               \n\n\n\n                        <\/div>  \n\n                    <\/div>  \n                                                           <div class=\"col-4 product-box\" data-aos=\"fade-up\">\n\n                            <div class=\"inner\"> \n\n                                \n                                  <div class=\"single-banner\">\n                                   <img loading=\"lazy\" decoding=\"async\" width=\"370\" height=\"285\" src=\"https:\/\/polo-filter.avrio-web.de\/wp-content\/uploads\/Vakuumfilter_SBEV_POLO_Filter_Technik_Box_05_101_Produktbild.jpg\" class=\"attachment-post-thumbnail size-post-thumbnail wp-post-image\" alt=\"Vakuumfilter_SBEV_POLO_Filter_Technik_Box_05_101_Produktbild\" srcset=\"https:\/\/polo-filter.avrio-web.de\/wp-content\/uploads\/Vakuumfilter_SBEV_POLO_Filter_Technik_Box_05_101_Produktbild.jpg 370w, https:\/\/polo-filter.avrio-web.de\/wp-content\/uploads\/Vakuumfilter_SBEV_POLO_Filter_Technik_Box_05_101_Produktbild-300x231.jpg 300w\" sizes=\"auto, (max-width: 370px) 100vw, 370px\" title=\"Vakuumfilter_SBEV_POLO_Filter_Technik_Box_05_101_Produktbild\" \/>                                    <h3>Filtro de vac\u00edo SBEV (Cinta sinf\u00edn)<\/h3>\n                                    <div class=\"text\"><p>La serie peque\u00f1a de los filtros de vac\u00edo POLO en modelo con cinta sinf\u00edn. Se pueden usar para un m\u00e1ximo de 850 l\/min de emulsi\u00f3n. La filtraci\u00f3n se ejecuta mediante una cinta sint\u00e9tica. Menos insumos evitan altos gastos en eliminaci\u00f3n.<\/p>\n<\/div>\n                                     <div class=\"text-button\">\n                                        <a class=\"button\" href=\"https:\/\/polo-filter.avrio-web.de\/es\/filtro-de-vacio-sbev-cinta-sinfin\/\">M\u00e1s<\/a>\n                                    <\/div>\n                                        <\/div>\n                               \n\n\n\n                        <\/div>  \n\n                    <\/div>  \n                                                           <div class=\"col-4 product-box\" data-aos=\"fade-up\">\n\n                            <div class=\"inner\"> \n\n                                \n                                  <div class=\"single-banner\">\n                                   <img loading=\"lazy\" decoding=\"async\" width=\"370\" height=\"285\" src=\"https:\/\/polo-filter.avrio-web.de\/wp-content\/uploads\/Vakuumfilter_SAFI_T_POLO_Filter_Technik_Box_05_101_Produktbild.jpg\" class=\"attachment-post-thumbnail size-post-thumbnail wp-post-image\" alt=\"Vakuumfilter_SAFI_T_POLO_Filter_Technik_Box_05_101_Produktbild\" srcset=\"https:\/\/polo-filter.avrio-web.de\/wp-content\/uploads\/Vakuumfilter_SAFI_T_POLO_Filter_Technik_Box_05_101_Produktbild.jpg 370w, https:\/\/polo-filter.avrio-web.de\/wp-content\/uploads\/Vakuumfilter_SAFI_T_POLO_Filter_Technik_Box_05_101_Produktbild-300x231.jpg 300w\" sizes=\"auto, (max-width: 370px) 100vw, 370px\" title=\"Vakuumfilter_SAFI_T_POLO_Filter_Technik_Box_05_101_Produktbild\" \/>                                    <h3>Filtro de cinta de aspiraci\u00f3n SAFI-T (filtro de fieltro)<\/h3>\n                                    <div class=\"text\"><p>El filtro de tambor POLO en la versi\u00f3n de vac\u00edo. Ahorra espacio y es muy eficaz. Se puede utilizar hasta un m\u00e1ximo de 1300 l\/min de aceite de perforaci\u00f3n profunda. El especialista para aceites de alta viscosidad (rodillos, prensas). Vers\u00e1til con diferentes vellones.<\/p>\n<\/div>\n                                     <div class=\"text-button\">\n                                        <a class=\"button\" href=\"https:\/\/polo-filter.avrio-web.de\/es\/filtro-de-cinta-de-aspiracion-safi-t\/\">M\u00e1s<\/a>\n                                    <\/div>\n                                        <\/div>\n                               \n\n\n\n                        <\/div>  \n\n                    <\/div>  \n                                                           <div class=\"col-4 product-box\" data-aos=\"fade-up\">\n\n                            <div class=\"inner\"> \n\n                                \n                                  <div class=\"single-banner\">\n                                   <img loading=\"lazy\" decoding=\"async\" width=\"370\" height=\"285\" src=\"https:\/\/polo-filter.avrio-web.de\/wp-content\/uploads\/Vakuumfilter_SAFI_E_POLO_Filter_Technik_Box_05_101_Produktbild.jpg\" class=\"attachment-post-thumbnail size-post-thumbnail wp-post-image\" alt=\"Vakuumfilter_SAFI_E_POLO_Filter_Technik_Box_05_101_Produktbild\" srcset=\"https:\/\/polo-filter.avrio-web.de\/wp-content\/uploads\/Vakuumfilter_SAFI_E_POLO_Filter_Technik_Box_05_101_Produktbild.jpg 370w, https:\/\/polo-filter.avrio-web.de\/wp-content\/uploads\/Vakuumfilter_SAFI_E_POLO_Filter_Technik_Box_05_101_Produktbild-300x231.jpg 300w\" sizes=\"auto, (max-width: 370px) 100vw, 370px\" title=\"Vakuumfilter_SAFI_E_POLO_Filter_Technik_Box_05_101_Produktbild\" \/>                                    <h3>Filtro de cinta de aspiraci\u00f3n SAFI-E (filtro de fieltro)<\/h3>\n                                    <div class=\"text\"><p>El \u00absuperventas\u00bb de los filtros de vac\u00edo POLO. Con una anchura de fieltro de tan solo 1 metro, ahorra espacio y se utiliza en el trabajo del metal, especialmente para aplicaciones de emulsi\u00f3n y aceite.<br \/>\nSe puede utilizar como filtro de fieltro en una variedad de formas con diferentes finuras.<\/p>\n<\/div>\n                                     <div class=\"text-button\">\n                                        <a class=\"button\" href=\"https:\/\/polo-filter.avrio-web.de\/es\/filtro-de-cinta-de-aspiracion-safi-e-filtro-de-fieltro\/\">M\u00e1s<\/a>\n                                    <\/div>\n                                        <\/div>\n                               \n\n\n\n                        <\/div>  \n\n                    <\/div>  \n                                                           <div class=\"col-4 product-box\" data-aos=\"fade-up\">\n\n                            <div class=\"inner\"> \n\n                                \n                                  <div class=\"single-banner\">\n                                   <img loading=\"lazy\" decoding=\"async\" width=\"370\" height=\"285\" src=\"https:\/\/polo-filter.avrio-web.de\/wp-content\/uploads\/Vakuumfilter_SAFI_EE_POLO_Filter_Technik_Box_05_101_Produktbild.jpg\" class=\"attachment-post-thumbnail size-post-thumbnail wp-post-image\" alt=\"Vakuumfilter_SAFI_EE_POLO_Filter_Technik_Box_05_101_Produktbild\" srcset=\"https:\/\/polo-filter.avrio-web.de\/wp-content\/uploads\/Vakuumfilter_SAFI_EE_POLO_Filter_Technik_Box_05_101_Produktbild.jpg 370w, https:\/\/polo-filter.avrio-web.de\/wp-content\/uploads\/Vakuumfilter_SAFI_EE_POLO_Filter_Technik_Box_05_101_Produktbild-300x231.jpg 300w\" sizes=\"auto, (max-width: 370px) 100vw, 370px\" title=\"Vakuumfilter_SAFI_EE_POLO_Filter_Technik_Box_05_101_Produktbild\" \/>                                    <h3>Filtro de cinta de aspiraci\u00f3n SAFI-E (cinta sinf\u00edn)<\/h3>\n                                    <div class=\"text\"><p>Este filtro de aspiraci\u00f3n de POLO funciona sin fieltro. Con una anchura de cinta sinf\u00edn de tan solo 1 metro, ahorra espacio. Hay disponibles calibres de cinta sinf\u00edn de hasta 40 \u00b5m. El principal \u00e1mbito de aplicaci\u00f3n es la fabricaci\u00f3n de piezas met\u00e1licas, especialmente en los procesos de rectificado.<\/p>\n<\/div>\n                                     <div class=\"text-button\">\n                                        <a class=\"button\" href=\"https:\/\/polo-filter.avrio-web.de\/es\/filtro-de-cinta-de-aspiracion-safi-e-e\/\">M\u00e1s<\/a>\n                                    <\/div>\n                                        <\/div>\n                               \n\n\n\n                        <\/div>  \n\n                    <\/div>  \n                                                           <div class=\"col-4 product-box\" data-aos=\"fade-up\">\n\n                            <div class=\"inner\"> \n\n                                \n                                  <div class=\"single-banner\">\n                                   <img loading=\"lazy\" decoding=\"async\" width=\"370\" height=\"285\" src=\"https:\/\/polo-filter.avrio-web.de\/wp-content\/uploads\/Vakuumfilter_SAFI_C_POLO_Filter_Technik_Box_05_101_Produktbild.jpg\" class=\"attachment-post-thumbnail size-post-thumbnail wp-post-image\" alt=\"Vakuumfilter_SAFI_C_POLO_Filter_Technik_Box_05_101_Produktbild\" srcset=\"https:\/\/polo-filter.avrio-web.de\/wp-content\/uploads\/Vakuumfilter_SAFI_C_POLO_Filter_Technik_Box_05_101_Produktbild.jpg 370w, https:\/\/polo-filter.avrio-web.de\/wp-content\/uploads\/Vakuumfilter_SAFI_C_POLO_Filter_Technik_Box_05_101_Produktbild-300x231.jpg 300w\" sizes=\"auto, (max-width: 370px) 100vw, 370px\" title=\"Vakuumfilter_SAFI_C_POLO_Filter_Technik_Box_05_101_Produktbild\" \/>                                    <h3>Filtro de cinta de aspiraci\u00f3n SAFI-C (filtro de fieltro)<\/h3>\n                                    <div class=\"text\"><p>El profesional, para grandes caudales. Se pueden realizar cargas de hasta un m\u00e1ximo de 9000 l\/min de emulsi\u00f3n sin ning\u00fan problema.<br \/>\nFiable, duradero y eficaz, cumple fielmente su cometido. El sistema de filtraci\u00f3n para sistemas centrales que abastecen l\u00edneas de producci\u00f3n completas.<\/p>\n<\/div>\n                                     <div class=\"text-button\">\n                                        <a class=\"button\" href=\"https:\/\/polo-filter.avrio-web.de\/es\/filtro-de-cinta-de-aspiracion-safi-c-v\/\">M\u00e1s<\/a>\n                                    <\/div>\n                                        <\/div>\n                               \n\n\n\n                        <\/div>  \n\n                    <\/div>  \n                                                           <div class=\"col-4 product-box\" data-aos=\"fade-up\">\n\n                            <div class=\"inner\"> \n\n                                \n                                  <div class=\"single-banner\">\n                                   <img loading=\"lazy\" decoding=\"async\" width=\"370\" height=\"285\" src=\"https:\/\/polo-filter.avrio-web.de\/wp-content\/uploads\/Vakuumfilter_SAFI_CE_POLO_Filter_Technik_Box_05_101_Produktbild.jpg\" class=\"attachment-post-thumbnail size-post-thumbnail wp-post-image\" alt=\"Vakuumfilter_SAFI_CE_POLO_Filter_Technik_Box_05_101_Produktbild\" srcset=\"https:\/\/polo-filter.avrio-web.de\/wp-content\/uploads\/Vakuumfilter_SAFI_CE_POLO_Filter_Technik_Box_05_101_Produktbild.jpg 370w, https:\/\/polo-filter.avrio-web.de\/wp-content\/uploads\/Vakuumfilter_SAFI_CE_POLO_Filter_Technik_Box_05_101_Produktbild-300x231.jpg 300w\" sizes=\"auto, (max-width: 370px) 100vw, 370px\" title=\"Vakuumfilter_SAFI_CE_POLO_Filter_Technik_Box_05_101_Produktbild\" \/>                                    <h3>Filtro de cinta de aspiraci\u00f3n SAFI-C (cinta sinf\u00edn)<\/h3>\n                                    <div class=\"text\"><p>El filtro de vac\u00edo para grandes cantidades operativas<br \/>\nen la versi\u00f3n de cinta sinf\u00edn. Gracias a la longevidad de las correas sinf\u00edn, es fiable y consume poco material filtrante. Hay disponibles calibres de cinta sinf\u00edn de hasta 40 \u00b5m. Debido a su robusta durabilidad, se utiliza para sistemas centrales.<br \/>\nEL profesional para sistemas centrales<\/p>\n<\/div>\n                                     <div class=\"text-button\">\n                                        <a class=\"button\" href=\"https:\/\/polo-filter.avrio-web.de\/es\/filtro-de-cinta-de-aspiracion-safi-c-e\/\">M\u00e1s<\/a>\n                                    <\/div>\n                                        <\/div>\n                               \n\n\n\n                        <\/div>  \n\n                    <\/div>  \n                                                                             <\/div>\n\n            <\/div>\n        <\/div>\n\n\n    <\/div>\n<\/div>\n\n\n","protected":false},"excerpt":{"rendered":"","protected":false},"author":5,"featured_media":0,"parent":0,"menu_order":52,"comment_status":"closed","ping_status":"closed","template":"","meta":{"_acf_changed":false,"footnotes":""},"class_list":["post-13595","page","type-page","status-publish","hentry"],"acf":[],"yoast_head":"<!-- This site is optimized with the Yoast SEO plugin v25.8 - https:\/\/yoast.com\/wordpress\/plugins\/seo\/ -->\n<title>Filtro de vac\u00edo \/ Filtro de presi\u00f3n negativa - POLO Filter-Technik<\/title>\n<meta name=\"robots\" content=\"index, follow, max-snippet:-1, max-image-preview:large, max-video-preview:-1\" \/>\n<link rel=\"canonical\" href=\"https:\/\/polo-filter.avrio-web.de\/es\/filtro-de-vacio-filtro-de-presion-negativa\/\" \/>\n<meta property=\"og:locale\" content=\"es_ES\" \/>\n<meta property=\"og:type\" content=\"article\" \/>\n<meta property=\"og:title\" content=\"Filtro de vac\u00edo \/ Filtro de presi\u00f3n negativa - POLO Filter-Technik\" \/>\n<meta property=\"og:url\" content=\"https:\/\/polo-filter.avrio-web.de\/es\/filtro-de-vacio-filtro-de-presion-negativa\/\" \/>\n<meta property=\"og:site_name\" content=\"POLO Filter-Technik\" \/>\n<meta property=\"article:modified_time\" content=\"2023-07-21T07:20:01+00:00\" \/>\n<meta name=\"twitter:card\" content=\"summary_large_image\" \/>\n<script type=\"application\/ld+json\" class=\"yoast-schema-graph\">{\"@context\":\"https:\/\/schema.org\",\"@graph\":[{\"@type\":\"WebPage\",\"@id\":\"https:\/\/polo-filter.avrio-web.de\/es\/filtro-de-vacio-filtro-de-presion-negativa\/\",\"url\":\"https:\/\/polo-filter.avrio-web.de\/es\/filtro-de-vacio-filtro-de-presion-negativa\/\",\"name\":\"Filtro de vac\u00edo \/ Filtro de presi\u00f3n negativa - POLO Filter-Technik\",\"isPartOf\":{\"@id\":\"https:\/\/polo-filter.avrio-web.de\/es\/#website\"},\"datePublished\":\"2022-11-02T13:26:45+00:00\",\"dateModified\":\"2023-07-21T07:20:01+00:00\",\"breadcrumb\":{\"@id\":\"https:\/\/polo-filter.avrio-web.de\/es\/filtro-de-vacio-filtro-de-presion-negativa\/#breadcrumb\"},\"inLanguage\":\"es\",\"potentialAction\":[{\"@type\":\"ReadAction\",\"target\":[\"https:\/\/polo-filter.avrio-web.de\/es\/filtro-de-vacio-filtro-de-presion-negativa\/\"]}]},{\"@type\":\"BreadcrumbList\",\"@id\":\"https:\/\/polo-filter.avrio-web.de\/es\/filtro-de-vacio-filtro-de-presion-negativa\/#breadcrumb\",\"itemListElement\":[{\"@type\":\"ListItem\",\"position\":1,\"name\":\"Startseite\",\"item\":\"https:\/\/polo-filter.avrio-web.de\/es\/\"},{\"@type\":\"ListItem\",\"position\":2,\"name\":\"Vakuumfilter \/ Unterdruckfilter (ES)\"}]},{\"@type\":\"WebSite\",\"@id\":\"https:\/\/polo-filter.avrio-web.de\/es\/#website\",\"url\":\"https:\/\/polo-filter.avrio-web.de\/es\/\",\"name\":\"POLO Filter-Technik\",\"description\":\"Filteranlagen nach Mass\",\"potentialAction\":[{\"@type\":\"SearchAction\",\"target\":{\"@type\":\"EntryPoint\",\"urlTemplate\":\"https:\/\/polo-filter.avrio-web.de\/es\/?s={search_term_string}\"},\"query-input\":{\"@type\":\"PropertyValueSpecification\",\"valueRequired\":true,\"valueName\":\"search_term_string\"}}],\"inLanguage\":\"es\"}]}<\/script>\n<!-- \/ Yoast SEO plugin. -->","yoast_head_json":{"title":"Filtro de vac\u00edo \/ Filtro de presi\u00f3n negativa - POLO Filter-Technik","robots":{"index":"index","follow":"follow","max-snippet":"max-snippet:-1","max-image-preview":"max-image-preview:large","max-video-preview":"max-video-preview:-1"},"canonical":"https:\/\/polo-filter.avrio-web.de\/es\/filtro-de-vacio-filtro-de-presion-negativa\/","og_locale":"es_ES","og_type":"article","og_title":"Filtro de vac\u00edo \/ Filtro de presi\u00f3n negativa - POLO Filter-Technik","og_url":"https:\/\/polo-filter.avrio-web.de\/es\/filtro-de-vacio-filtro-de-presion-negativa\/","og_site_name":"POLO Filter-Technik","article_modified_time":"2023-07-21T07:20:01+00:00","twitter_card":"summary_large_image","schema":{"@context":"https:\/\/schema.org","@graph":[{"@type":"WebPage","@id":"https:\/\/polo-filter.avrio-web.de\/es\/filtro-de-vacio-filtro-de-presion-negativa\/","url":"https:\/\/polo-filter.avrio-web.de\/es\/filtro-de-vacio-filtro-de-presion-negativa\/","name":"Filtro de vac\u00edo \/ Filtro de presi\u00f3n negativa - POLO Filter-Technik","isPartOf":{"@id":"https:\/\/polo-filter.avrio-web.de\/es\/#website"},"datePublished":"2022-11-02T13:26:45+00:00","dateModified":"2023-07-21T07:20:01+00:00","breadcrumb":{"@id":"https:\/\/polo-filter.avrio-web.de\/es\/filtro-de-vacio-filtro-de-presion-negativa\/#breadcrumb"},"inLanguage":"es","potentialAction":[{"@type":"ReadAction","target":["https:\/\/polo-filter.avrio-web.de\/es\/filtro-de-vacio-filtro-de-presion-negativa\/"]}]},{"@type":"BreadcrumbList","@id":"https:\/\/polo-filter.avrio-web.de\/es\/filtro-de-vacio-filtro-de-presion-negativa\/#breadcrumb","itemListElement":[{"@type":"ListItem","position":1,"name":"Startseite","item":"https:\/\/polo-filter.avrio-web.de\/es\/"},{"@type":"ListItem","position":2,"name":"Vakuumfilter \/ Unterdruckfilter (ES)"}]},{"@type":"WebSite","@id":"https:\/\/polo-filter.avrio-web.de\/es\/#website","url":"https:\/\/polo-filter.avrio-web.de\/es\/","name":"POLO Filter-Technik","description":"Filteranlagen nach Mass","potentialAction":[{"@type":"SearchAction","target":{"@type":"EntryPoint","urlTemplate":"https:\/\/polo-filter.avrio-web.de\/es\/?s={search_term_string}"},"query-input":{"@type":"PropertyValueSpecification","valueRequired":true,"valueName":"search_term_string"}}],"inLanguage":"es"}]}},"_links":{"self":[{"href":"https:\/\/polo-filter.avrio-web.de\/es\/wp-json\/wp\/v2\/pages\/13595","targetHints":{"allow":["GET"]}}],"collection":[{"href":"https:\/\/polo-filter.avrio-web.de\/es\/wp-json\/wp\/v2\/pages"}],"about":[{"href":"https:\/\/polo-filter.avrio-web.de\/es\/wp-json\/wp\/v2\/types\/page"}],"author":[{"embeddable":true,"href":"https:\/\/polo-filter.avrio-web.de\/es\/wp-json\/wp\/v2\/users\/5"}],"replies":[{"embeddable":true,"href":"https:\/\/polo-filter.avrio-web.de\/es\/wp-json\/wp\/v2\/comments?post=13595"}],"version-history":[{"count":14,"href":"https:\/\/polo-filter.avrio-web.de\/es\/wp-json\/wp\/v2\/pages\/13595\/revisions"}],"predecessor-version":[{"id":15537,"href":"https:\/\/polo-filter.avrio-web.de\/es\/wp-json\/wp\/v2\/pages\/13595\/revisions\/15537"}],"wp:attachment":[{"href":"https:\/\/polo-filter.avrio-web.de\/es\/wp-json\/wp\/v2\/media?parent=13595"}],"curies":[{"name":"wp","href":"https:\/\/api.w.org\/{rel}","templated":true}]}}