{"id":13590,"date":"2022-11-02T14:23:42","date_gmt":"2022-11-02T13:23:42","guid":{"rendered":"https:\/\/polo-filter.avrio-web.de\/?page_id=13590"},"modified":"2022-11-02T14:24:01","modified_gmt":"2022-11-02T13:24:01","slug":"filtro-magnetico","status":"publish","type":"page","link":"https:\/\/polo-filter.avrio-web.de\/es\/filtro-magnetico\/","title":{"rendered":"Magnetfilter (ES)"},"content":{"rendered":"\n    \n                                                 <div class=\"heroimage container\" style=\"height:650px;background-image: url(https:\/\/polo-filter.avrio-web.de\/wp-content\/uploads\/Magnetfilter_POLO_Filter_Technik_Kopfbild_650px_101.jpg);background-repeat: no-repeat;background-size: contain;background-position: center \">\n                    \t<img decoding=\"async\" src=\"https:\/\/polo-filter.avrio-web.de\/wp-content\/uploads\/Magnetfilter_POLO_Filter_Technik_Kopfbild_650px_101.jpg\" style=\"visibility: hidden;\" \/>\n\n                <\/div>\n                  \n\n\n        <div class=\"flexible-content acf-content standard\" id=\"block_60eeed49cc1e3\" style=\"background-color: transparent\">\n        <div class=\"flexible-content-inner container\" >\n            <div id=\"dynamiccontent\" class=\"flexible-item-wrapper\">\n               \n                <div class=\" flexible-items\" >\n                    <div class=\"row\">\n                                                   \n                                                            <div class=\"col-lg  flexible-item flex-text\">\n                                   <div class=\"inner\">\n                                       <h1>Filtro magn\u00e9tico<\/h1>\n<h2>Vista general de los filtros magn\u00e9ticos<\/h2>\n<h3>Ventajas de los filtros magn\u00e9ticos<\/h3>\n<p>Gracias a los campos magn\u00e9ticos se consiguen altos \u00edndices de retenci\u00f3n. Estos sistemas pueden ser muy eficaces y tambi\u00e9n pueden conseguir retener part\u00edculas no magn\u00e9ticas si el flujo de l\u00edquido es tranquilo y hay suficientes part\u00edculas magn\u00e9ticas para proporcionar una torta de filtraci\u00f3n (barba de filtro).<\/p>\n<p>&nbsp;<\/p>\n<div class=\"PlainText PlainTextLink\">\n<p><strong>Ventajas de los filtros magn\u00e9ticos<\/strong><\/p>\n<ul>\n<li>Operaci\u00f3n sin medios de filtraci\u00f3n auxiliares<\/li>\n<li>Alta expulsi\u00f3n de suciedad<\/li>\n<li>Poco espacio necesario<\/li>\n<li>Poco mantenimiento<\/li>\n<li>Bajos costes de inversi\u00f3n<\/li>\n<\/ul>\n<p><strong>Campos de uso de los filtros magn\u00e9ticos <\/strong><\/p>\n<p>El uso como etapa de prefiltraci\u00f3n sirve para reducir la cantidad de virutas en el filtro de cinta posterior y, al mismo tiempo, para reducir el consumo de fieltro. Los filtros magn\u00e9ticos se pueden utilizar como filtros principales si no es decisiva una fineza de filtro definida.<\/p>\n<\/div>\n<div class=\"ClearBoth\"><\/div>\n                                   <\/div>\n                                <\/div>\n                                                                        <\/div>\n                <\/div>\n            <\/div>\n        <\/div>\n    <\/div>\n\n\n\n        <div id=\"product\" class=\"flexible-content acf-content\" style=\"background-color: transparent;\">\n        <div class=\"flexible-content-inner\">\n            <div class=\"flexible-item-wrapper\">\n\n\n\n                <div class=\"container flexible-items\">\n                    <div class=\"row\">\n                                                                                          <div class=\"col-4 product-box\" data-aos=\"fade-up\">\n\n                            <div class=\"inner\"> \n\n                                \n                                  <div class=\"single-banner\">\n                                   <img loading=\"lazy\" decoding=\"async\" width=\"370\" height=\"285\" src=\"https:\/\/polo-filter.avrio-web.de\/wp-content\/uploads\/Magnetfilter_MAF_POLO_Filter_Technik_Box_05_101.jpg\" class=\"attachment-post-thumbnail size-post-thumbnail wp-post-image\" alt=\"Magnetfilter_MAF_POLO_Filter_Technik_Box_05_101\" srcset=\"https:\/\/polo-filter.avrio-web.de\/wp-content\/uploads\/Magnetfilter_MAF_POLO_Filter_Technik_Box_05_101.jpg 370w, https:\/\/polo-filter.avrio-web.de\/wp-content\/uploads\/Magnetfilter_MAF_POLO_Filter_Technik_Box_05_101-300x231.jpg 300w\" sizes=\"auto, (max-width: 370px) 100vw, 370px\" title=\"Magnetfilter_MAF_POLO_Filter_Technik_Box_05_101\" \/>                                    <h3>Filtro magn\u00e9tico MAF<\/h3>\n                                    <div class=\"text\"><p>El filtro magn\u00e9tico POLO MAF limpia los lubricantes refrigerantes, principalmente aceites y emulsiones, de forma totalmente autom\u00e1tica.<\/p>\n<\/div>\n                                     <div class=\"text-button\">\n                                        <a class=\"button\" href=\"https:\/\/polo-filter.avrio-web.de\/es\/filtro-magnetico-maf\/\">M\u00e1s<\/a>\n                                    <\/div>\n                                        <\/div>\n                               \n\n\n\n                        <\/div>  \n\n                    <\/div>  \n                                                           <div class=\"col-4 product-box\" data-aos=\"fade-up\">\n\n                            <div class=\"inner\"> \n\n                                \n                                  <div class=\"single-banner\">\n                                   <img loading=\"lazy\" decoding=\"async\" width=\"370\" height=\"285\" src=\"https:\/\/polo-filter.avrio-web.de\/wp-content\/uploads\/Magnetfilter_MFGH_POLO_Filter_Technik_Box_05_101.jpg\" class=\"attachment-post-thumbnail size-post-thumbnail wp-post-image\" alt=\"Magnetfilter_MFGH_POLO_Filter_Technik_Box_05_101\" srcset=\"https:\/\/polo-filter.avrio-web.de\/wp-content\/uploads\/Magnetfilter_MFGH_POLO_Filter_Technik_Box_05_101.jpg 370w, https:\/\/polo-filter.avrio-web.de\/wp-content\/uploads\/Magnetfilter_MFGH_POLO_Filter_Technik_Box_05_101-300x231.jpg 300w\" sizes=\"auto, (max-width: 370px) 100vw, 370px\" title=\"Magnetfilter_MFGH_POLO_Filter_Technik_Box_05_101\" \/>                                    <h3>Filtro magn\u00e9tico MFGH<\/h3>\n                                    <div class=\"text\"><p>El filtro magn\u00e9tico POLO MFGH funciona seg\u00fan el principio de choque magn\u00e9tico alterno positivo-negativo sin turbulencias.<\/p>\n<\/div>\n                                     <div class=\"text-button\">\n                                        <a class=\"button\" href=\"https:\/\/polo-filter.avrio-web.de\/es\/filtro-magnetico-mfgh\/\">M\u00e1s<\/a>\n                                    <\/div>\n                                        <\/div>\n                               \n\n\n\n                        <\/div>  \n\n                    <\/div>  \n                                                                             <\/div>\n\n            <\/div>\n        <\/div>\n\n\n    <\/div>\n<\/div>\n\n\n","protected":false},"excerpt":{"rendered":"","protected":false},"author":5,"featured_media":0,"parent":0,"menu_order":60,"comment_status":"closed","ping_status":"closed","template":"","meta":{"_acf_changed":false,"footnotes":""},"class_list":["post-13590","page","type-page","status-publish","hentry"],"acf":[],"yoast_head":"<!-- This site is optimized with the Yoast SEO plugin v25.8 - https:\/\/yoast.com\/wordpress\/plugins\/seo\/ -->\n<title>Filtro magn\u00e9tico - POLO Filter-Technik<\/title>\n<meta name=\"robots\" content=\"index, follow, max-snippet:-1, max-image-preview:large, max-video-preview:-1\" \/>\n<link rel=\"canonical\" href=\"https:\/\/polo-filter.avrio-web.de\/es\/filtro-magnetico\/\" \/>\n<meta property=\"og:locale\" content=\"es_ES\" \/>\n<meta property=\"og:type\" content=\"article\" \/>\n<meta property=\"og:title\" content=\"Filtro magn\u00e9tico - POLO Filter-Technik\" \/>\n<meta property=\"og:url\" content=\"https:\/\/polo-filter.avrio-web.de\/es\/filtro-magnetico\/\" \/>\n<meta property=\"og:site_name\" content=\"POLO Filter-Technik\" \/>\n<meta property=\"article:modified_time\" content=\"2022-11-02T13:24:01+00:00\" \/>\n<meta name=\"twitter:card\" content=\"summary_large_image\" \/>\n<script type=\"application\/ld+json\" class=\"yoast-schema-graph\">{\"@context\":\"https:\/\/schema.org\",\"@graph\":[{\"@type\":\"WebPage\",\"@id\":\"https:\/\/polo-filter.avrio-web.de\/es\/filtro-magnetico\/\",\"url\":\"https:\/\/polo-filter.avrio-web.de\/es\/filtro-magnetico\/\",\"name\":\"Filtro magn\u00e9tico - POLO Filter-Technik\",\"isPartOf\":{\"@id\":\"https:\/\/polo-filter.avrio-web.de\/es\/#website\"},\"datePublished\":\"2022-11-02T13:23:42+00:00\",\"dateModified\":\"2022-11-02T13:24:01+00:00\",\"breadcrumb\":{\"@id\":\"https:\/\/polo-filter.avrio-web.de\/es\/filtro-magnetico\/#breadcrumb\"},\"inLanguage\":\"es\",\"potentialAction\":[{\"@type\":\"ReadAction\",\"target\":[\"https:\/\/polo-filter.avrio-web.de\/es\/filtro-magnetico\/\"]}]},{\"@type\":\"BreadcrumbList\",\"@id\":\"https:\/\/polo-filter.avrio-web.de\/es\/filtro-magnetico\/#breadcrumb\",\"itemListElement\":[{\"@type\":\"ListItem\",\"position\":1,\"name\":\"Startseite\",\"item\":\"https:\/\/polo-filter.avrio-web.de\/es\/\"},{\"@type\":\"ListItem\",\"position\":2,\"name\":\"Magnetfilter (ES)\"}]},{\"@type\":\"WebSite\",\"@id\":\"https:\/\/polo-filter.avrio-web.de\/es\/#website\",\"url\":\"https:\/\/polo-filter.avrio-web.de\/es\/\",\"name\":\"POLO Filter-Technik\",\"description\":\"Filteranlagen nach Mass\",\"potentialAction\":[{\"@type\":\"SearchAction\",\"target\":{\"@type\":\"EntryPoint\",\"urlTemplate\":\"https:\/\/polo-filter.avrio-web.de\/es\/?s={search_term_string}\"},\"query-input\":{\"@type\":\"PropertyValueSpecification\",\"valueRequired\":true,\"valueName\":\"search_term_string\"}}],\"inLanguage\":\"es\"}]}<\/script>\n<!-- \/ Yoast SEO plugin. -->","yoast_head_json":{"title":"Filtro magn\u00e9tico - POLO Filter-Technik","robots":{"index":"index","follow":"follow","max-snippet":"max-snippet:-1","max-image-preview":"max-image-preview:large","max-video-preview":"max-video-preview:-1"},"canonical":"https:\/\/polo-filter.avrio-web.de\/es\/filtro-magnetico\/","og_locale":"es_ES","og_type":"article","og_title":"Filtro magn\u00e9tico - POLO Filter-Technik","og_url":"https:\/\/polo-filter.avrio-web.de\/es\/filtro-magnetico\/","og_site_name":"POLO Filter-Technik","article_modified_time":"2022-11-02T13:24:01+00:00","twitter_card":"summary_large_image","schema":{"@context":"https:\/\/schema.org","@graph":[{"@type":"WebPage","@id":"https:\/\/polo-filter.avrio-web.de\/es\/filtro-magnetico\/","url":"https:\/\/polo-filter.avrio-web.de\/es\/filtro-magnetico\/","name":"Filtro magn\u00e9tico - POLO Filter-Technik","isPartOf":{"@id":"https:\/\/polo-filter.avrio-web.de\/es\/#website"},"datePublished":"2022-11-02T13:23:42+00:00","dateModified":"2022-11-02T13:24:01+00:00","breadcrumb":{"@id":"https:\/\/polo-filter.avrio-web.de\/es\/filtro-magnetico\/#breadcrumb"},"inLanguage":"es","potentialAction":[{"@type":"ReadAction","target":["https:\/\/polo-filter.avrio-web.de\/es\/filtro-magnetico\/"]}]},{"@type":"BreadcrumbList","@id":"https:\/\/polo-filter.avrio-web.de\/es\/filtro-magnetico\/#breadcrumb","itemListElement":[{"@type":"ListItem","position":1,"name":"Startseite","item":"https:\/\/polo-filter.avrio-web.de\/es\/"},{"@type":"ListItem","position":2,"name":"Magnetfilter (ES)"}]},{"@type":"WebSite","@id":"https:\/\/polo-filter.avrio-web.de\/es\/#website","url":"https:\/\/polo-filter.avrio-web.de\/es\/","name":"POLO Filter-Technik","description":"Filteranlagen nach Mass","potentialAction":[{"@type":"SearchAction","target":{"@type":"EntryPoint","urlTemplate":"https:\/\/polo-filter.avrio-web.de\/es\/?s={search_term_string}"},"query-input":{"@type":"PropertyValueSpecification","valueRequired":true,"valueName":"search_term_string"}}],"inLanguage":"es"}]}},"_links":{"self":[{"href":"https:\/\/polo-filter.avrio-web.de\/es\/wp-json\/wp\/v2\/pages\/13590","targetHints":{"allow":["GET"]}}],"collection":[{"href":"https:\/\/polo-filter.avrio-web.de\/es\/wp-json\/wp\/v2\/pages"}],"about":[{"href":"https:\/\/polo-filter.avrio-web.de\/es\/wp-json\/wp\/v2\/types\/page"}],"author":[{"embeddable":true,"href":"https:\/\/polo-filter.avrio-web.de\/es\/wp-json\/wp\/v2\/users\/5"}],"replies":[{"embeddable":true,"href":"https:\/\/polo-filter.avrio-web.de\/es\/wp-json\/wp\/v2\/comments?post=13590"}],"version-history":[{"count":3,"href":"https:\/\/polo-filter.avrio-web.de\/es\/wp-json\/wp\/v2\/pages\/13590\/revisions"}],"predecessor-version":[{"id":13593,"href":"https:\/\/polo-filter.avrio-web.de\/es\/wp-json\/wp\/v2\/pages\/13590\/revisions\/13593"}],"wp:attachment":[{"href":"https:\/\/polo-filter.avrio-web.de\/es\/wp-json\/wp\/v2\/media?parent=13590"}],"curies":[{"name":"wp","href":"https:\/\/api.w.org\/{rel}","templated":true}]}}