{"id":13581,"date":"2022-11-02T14:18:20","date_gmt":"2022-11-02T13:18:20","guid":{"rendered":"https:\/\/polo-filter.avrio-web.de\/?page_id=13581"},"modified":"2022-11-22T15:15:45","modified_gmt":"2022-11-22T14:15:45","slug":"filtros-de-cinta-filtros-compactos","status":"publish","type":"page","link":"https:\/\/polo-filter.avrio-web.de\/es\/filtros-de-cinta-filtros-compactos\/","title":{"rendered":"Bandfilter \/ Kompaktfilter (ES)"},"content":{"rendered":"\n    \n                                                 <div class=\"heroimage container\" style=\"height:650px;background-image: url(https:\/\/polo-filter.avrio-web.de\/wp-content\/uploads\/Bandfilter_Kompaktfilter_POLO_Filter_Technik_Kopfbild_650px_101-1.jpg);background-repeat: no-repeat;background-size: contain;background-position: center \">\n                    \t<img decoding=\"async\" src=\"https:\/\/polo-filter.avrio-web.de\/wp-content\/uploads\/Bandfilter_Kompaktfilter_POLO_Filter_Technik_Kopfbild_650px_101-1.jpg\" style=\"visibility: hidden;\" \/>\n\n                <\/div>\n                  \n\n\n        <div class=\"flexible-content acf-content standard\" id=\"block_60eeed49cc1e3\" style=\"background-color: transparent\">\n        <div class=\"flexible-content-inner container\" >\n            <div id=\"dynamiccontent\" class=\"flexible-item-wrapper\">\n               \n                <div class=\" flexible-items\" >\n                    <div class=\"row\">\n                                                   \n                                                            <div class=\"col-lg  flexible-item flex-text\">\n                                   <div class=\"inner\">\n                                       <h1>Filtros de cinta \/ filtros compactos \/ filtros de gravedad<\/h1>\n<h2>Vista general de filtros de cinta,<br \/>\nfiltros compactos y filtros de gravedad<\/h2>\n<h3>Filtro de cinta \/ Filtro compacto<\/h3>\n<p>Estos sistemas de filtraci\u00f3n son muy habituales y se han consolidado en el mercado a lo largo de los a\u00f1os. Una cubeta estructuralmente desarrollada, que est\u00e1 revestida con el material filtrante (fieltro filtrante, cinta sinf\u00edn), permite un alto rendimiento con una peque\u00f1a superficie de filtrado.<\/p>\n<p>&nbsp;<\/p>\n<div class=\"PlainText PlainTextLink\">\n<p><strong>Ventajas de los filtros de cinta \/ filtros compactos<\/strong><\/p>\n<ul>\n<li>Duradero<\/li>\n<li>Alto caudal (l\/min)<\/li>\n<li>Poco espacio necesario<\/li>\n<li>Poco mantenimiento<\/li>\n<li>Bajos costes de inversi\u00f3n<\/li>\n<\/ul>\n<p><strong>Campos de uso de los filtros de cinta \/ filtros compactos<\/strong><br \/>\nPara abastecer m\u00e1quinas individuales y grupos de m\u00e1quinas<\/p>\n<p>&nbsp;<\/p>\n<h3>Filtro de gravedad (filtro de lecho plano)<\/h3>\n<p>Un dise\u00f1o plano permite la entrada directa por medio de la gravedad. Estos sistemas de filtraci\u00f3n se pueden colocar directamente bajo la salida de una m\u00e1quina.<\/p>\n<p>&nbsp;<\/p>\n<div class=\"PlainText PlainTextLink\">\n<p><strong>Ventajas del filtro de gravedad (filtro de lecho plano)<\/strong><\/p>\n<ul>\n<li>Entrada directa<\/li>\n<li>Construcci\u00f3n simple y robusta<\/li>\n<li>Bajos costes de inversi\u00f3n<\/li>\n<li>Poco mantenimiento<\/li>\n<\/ul>\n<p><strong>Campos de uso del filtro de gravedad (filtro de lecho plano)<\/strong><br \/>\nPara eliminaci\u00f3n en m\u00e1quinas individuales<\/p>\n<\/div>\n<\/div>\n<div class=\"ClearBoth\"><\/div>\n                                   <\/div>\n                                <\/div>\n                                                                        <\/div>\n                <\/div>\n            <\/div>\n        <\/div>\n    <\/div>\n\n\n\n        <div id=\"product\" class=\"flexible-content acf-content\" style=\"background-color: transparent;\">\n        <div class=\"flexible-content-inner\">\n            <div class=\"flexible-item-wrapper\">\n\n\n\n                <div class=\"container flexible-items\">\n                    <div class=\"row\">\n                                                                                          <div class=\"col-4 product-box\" data-aos=\"fade-up\">\n\n                            <div class=\"inner\"> \n\n                                \n                                  <div class=\"single-banner\">\n                                   <img loading=\"lazy\" decoding=\"async\" width=\"370\" height=\"285\" src=\"https:\/\/polo-filter.avrio-web.de\/wp-content\/uploads\/Schwerkraftfilter_SKF_POLO_Filter_Technik_Box_05_103_Produktbild.jpg\" class=\"attachment-post-thumbnail size-post-thumbnail wp-post-image\" alt=\"Schwerkraftfilter_SKF_POLO_Filter_Technik_Box_05_103_Produktbild\" srcset=\"https:\/\/polo-filter.avrio-web.de\/wp-content\/uploads\/Schwerkraftfilter_SKF_POLO_Filter_Technik_Box_05_103_Produktbild.jpg 370w, https:\/\/polo-filter.avrio-web.de\/wp-content\/uploads\/Schwerkraftfilter_SKF_POLO_Filter_Technik_Box_05_103_Produktbild-300x231.jpg 300w\" sizes=\"auto, (max-width: 370px) 100vw, 370px\" title=\"Schwerkraftfilter_SKF_POLO_Filter_Technik_Box_05_103_Produktbild\" \/>                                    <h3>Filtro de gravedad SKF (filtro de fieltro)<\/h3>\n                                    <div class=\"text\"><p>El POLO SKF acumula de forma muy plana. Se permite alimentar el medio mediante gravedad. F\u00e1cil instalaci\u00f3n, esfuerzo reducido.<\/p>\n<\/div>\n                                     <div class=\"text-button\">\n                                        <a class=\"button\" href=\"https:\/\/polo-filter.avrio-web.de\/es\/filtro-de-gravedad-skf\/\">M\u00e1s<\/a>\n                                    <\/div>\n                                        <\/div>\n                               \n\n\n\n                        <\/div>  \n\n                    <\/div>  \n                                                           <div class=\"col-4 product-box\" data-aos=\"fade-up\">\n\n                            <div class=\"inner\"> \n\n                                \n                                  <div class=\"single-banner\">\n                                   <img loading=\"lazy\" decoding=\"async\" width=\"370\" height=\"285\" src=\"https:\/\/polo-filter.avrio-web.de\/wp-content\/uploads\/Schraegbettfilter_SB_POLO_Filter_Technik_Box_05_102_Produktbild-1.jpg\" class=\"attachment-post-thumbnail size-post-thumbnail wp-post-image\" alt=\"Schraegbettfilter_SB_POLO_Filter_Technik_Box_05_102_Produktbild\" srcset=\"https:\/\/polo-filter.avrio-web.de\/wp-content\/uploads\/Schraegbettfilter_SB_POLO_Filter_Technik_Box_05_102_Produktbild-1.jpg 370w, https:\/\/polo-filter.avrio-web.de\/wp-content\/uploads\/Schraegbettfilter_SB_POLO_Filter_Technik_Box_05_102_Produktbild-1-300x231.jpg 300w\" sizes=\"auto, (max-width: 370px) 100vw, 370px\" title=\"Schraegbettfilter_SB_POLO_Filter_Technik_Box_05_102_Produktbild\" \/>                                    <h3>Filtro de lecho inclinado SB (filtro de fieltro)<\/h3>\n                                    <div class=\"text\"><p>El \u00absuperventas\u00bb de POLO desde hace muchos a\u00f1os. Lecho de filtraci\u00f3n profundo, sellado lateral exacto. Robusto en el uso. Cadena de transporte. Uso vers\u00e1til.<\/p>\n<\/div>\n                                     <div class=\"text-button\">\n                                        <a class=\"button\" href=\"https:\/\/polo-filter.avrio-web.de\/es\/filtro-de-lecho-inclinado-sb\/\">M\u00e1s<\/a>\n                                    <\/div>\n                                        <\/div>\n                               \n\n\n\n                        <\/div>  \n\n                    <\/div>  \n                                                           <div class=\"col-4 product-box\" data-aos=\"fade-up\">\n\n                            <div class=\"inner\"> \n\n                                \n                                  <div class=\"single-banner\">\n                                   <img loading=\"lazy\" decoding=\"async\" width=\"370\" height=\"285\" src=\"https:\/\/polo-filter.avrio-web.de\/wp-content\/uploads\/Schraegbettfilter_SBEH_POLO_Filter_Technik_Box_05_102_Produktbild.jpg\" class=\"attachment-post-thumbnail size-post-thumbnail wp-post-image\" alt=\"Schraegbettfilter_SBEH_POLO_Filter_Technik_Box_05_102_Produktbild\" srcset=\"https:\/\/polo-filter.avrio-web.de\/wp-content\/uploads\/Schraegbettfilter_SBEH_POLO_Filter_Technik_Box_05_102_Produktbild.jpg 370w, https:\/\/polo-filter.avrio-web.de\/wp-content\/uploads\/Schraegbettfilter_SBEH_POLO_Filter_Technik_Box_05_102_Produktbild-300x231.jpg 300w\" sizes=\"auto, (max-width: 370px) 100vw, 370px\" title=\"Schraegbettfilter_SBEH_POLO_Filter_Technik_Box_05_102_Produktbild\" \/>                                    <h3>Filtro de lecho inclinado SBEH (cinta sinf\u00edn)<\/h3>\n                                    <div class=\"text\"><p>Este filtro de cinta sinf\u00edn trabaja con grandes caudales. Lecho filtrante inclinado, juntas \u00f3ptimas, dise\u00f1o duradero. Este filtro tambi\u00e9n est\u00e1 disponible en diferentes tama\u00f1os.<\/p>\n<\/div>\n                                     <div class=\"text-button\">\n                                        <a class=\"button\" href=\"https:\/\/polo-filter.avrio-web.de\/es\/filtro-de-lecho-inclinado-sbeh-cinta-sinfin\/\">M\u00e1s<\/a>\n                                    <\/div>\n                                        <\/div>\n                               \n\n\n\n                        <\/div>  \n\n                    <\/div>  \n                                                           <div class=\"col-4 product-box\" data-aos=\"fade-up\">\n\n                            <div class=\"inner\"> \n\n                                \n                                  <div class=\"single-banner\">\n                                   <img loading=\"lazy\" decoding=\"async\" width=\"370\" height=\"285\" src=\"https:\/\/polo-filter.avrio-web.de\/wp-content\/uploads\/Schraegbettfilter_SBN_POLO_Filter_Technik_Box_05_103_Produktbild-1.jpg\" class=\"attachment-post-thumbnail size-post-thumbnail wp-post-image\" alt=\"Schraegbettfilter_SBN_POLO_Filter_Technik_Box_05_103_Produktbild\" srcset=\"https:\/\/polo-filter.avrio-web.de\/wp-content\/uploads\/\/Schraegbettfilter_SBN_POLO_Filter_Technik_Box_05_103_Produktbild-1.jpg 370w, https:\/\/polo-filter.avrio-web.de\/wp-content\/uploads\/\/Schraegbettfilter_SBN_POLO_Filter_Technik_Box_05_103_Produktbild-1-300x231.jpg 300w\" sizes=\"auto, (max-width: 370px) 100vw, 370px\" title=\"Schraegbettfilter_SBN_POLO_Filter_Technik_Box_05_103_Produktbild\" \/>                                    <h3>Filtro de lecho inclinado SBN (filtro de fieltro)<\/h3>\n                                    <div class=\"text\"><p>El desarrollo consecuente del filtro SB. Acumula de forma m\u00e1s plana y est\u00e1 cubierto a petici\u00f3n. F\u00e1cil acceso para los trabajos de mantenimiento.<\/p>\n<\/div>\n                                     <div class=\"text-button\">\n                                        <a class=\"button\" href=\"https:\/\/polo-filter.avrio-web.de\/es\/filtro-de-lecho-inclinado-sbn\/\">M\u00e1s<\/a>\n                                    <\/div>\n                                        <\/div>\n                               \n\n\n\n                        <\/div>  \n\n                    <\/div>  \n                                                           <div class=\"col-4 product-box\" data-aos=\"fade-up\">\n\n                            <div class=\"inner\"> \n\n                                \n                                  <div class=\"single-banner\">\n                                   <img loading=\"lazy\" decoding=\"async\" width=\"370\" height=\"285\" src=\"https:\/\/polo-filter.avrio-web.de\/wp-content\/uploads\/Schraegbettfilter_SBP_POLO_Filter_Technik_Box_05_101_Produktbild-3.jpg\" class=\"attachment-post-thumbnail size-post-thumbnail wp-post-image\" alt=\"Schraegbettfilter_SBP_POLO_Filter_Technik_Box_05_101_Produktbild\" srcset=\"https:\/\/polo-filter.avrio-web.de\/wp-content\/uploads\/Schraegbettfilter_SBP_POLO_Filter_Technik_Box_05_101_Produktbild-3.jpg 370w, https:\/\/polo-filter.avrio-web.de\/wp-content\/uploads\/Schraegbettfilter_SBP_POLO_Filter_Technik_Box_05_101_Produktbild-3-300x231.jpg 300w\" sizes=\"auto, (max-width: 370px) 100vw, 370px\" title=\"Schraegbettfilter_SBP_POLO_Filter_Technik_Box_05_101_Produktbild\" \/>                                    <h3>Filtro de lecho inclinado SBP (filtro de fieltro)<\/h3>\n                                    <div class=\"text\"><p>El filtro de lecho inclinado que ocupa poco espacio. Un tama\u00f1o extremadamente reducido con todas las ventajas del filtro POLO-SB. Pendiente de descarga \u00f3ptima, sellado lateral limpio.<\/p>\n<\/div>\n                                     <div class=\"text-button\">\n                                        <a class=\"button\" href=\"https:\/\/polo-filter.avrio-web.de\/es\/filtro-de-lecho-inclinado-sbp\/\">M\u00e1s<\/a>\n                                    <\/div>\n                                        <\/div>\n                               \n\n\n\n                        <\/div>  \n\n                    <\/div>  \n                                                           <div class=\"col-4 product-box\" data-aos=\"fade-up\">\n\n                            <div class=\"inner\"> \n\n                                \n                                  <div class=\"single-banner\">\n                                   <img loading=\"lazy\" decoding=\"async\" width=\"370\" height=\"285\" src=\"https:\/\/polo-filter.avrio-web.de\/wp-content\/uploads\/Schraegbettfilter_SBH_POLO_Filter_Technik_Box_05_102_Produktbild.jpg\" class=\"attachment-post-thumbnail size-post-thumbnail wp-post-image\" alt=\"Schraegbettfilter_SBH_POLO_Filter_Technik_Box_05_102_Produktbild\" srcset=\"https:\/\/polo-filter.avrio-web.de\/wp-content\/uploads\/Schraegbettfilter_SBH_POLO_Filter_Technik_Box_05_102_Produktbild.jpg 370w, https:\/\/polo-filter.avrio-web.de\/wp-content\/uploads\/Schraegbettfilter_SBH_POLO_Filter_Technik_Box_05_102_Produktbild-300x231.jpg 300w\" sizes=\"auto, (max-width: 370px) 100vw, 370px\" title=\"Schraegbettfilter_SBH_POLO_Filter_Technik_Box_05_102_Produktbild\" \/>                                    <h3>Filtro de lecho inclinado SBH (filtro de fieltro)<\/h3>\n                                    <div class=\"text\"><p>El gran filtro \u00abinclinado\u00bb de POLO. Grandes caudales con tama\u00f1os extremadamente reducidos. Disponible con diferentes modelos de fieltro.<\/p>\n<\/div>\n                                     <div class=\"text-button\">\n                                        <a class=\"button\" href=\"https:\/\/polo-filter.avrio-web.de\/es\/filtro-de-lecho-inclinado-sbh\/\">M\u00e1s<\/a>\n                                    <\/div>\n                                        <\/div>\n                               \n\n\n\n                        <\/div>  \n\n                    <\/div>  \n                                                           <div class=\"col-4 product-box\" data-aos=\"fade-up\">\n\n                            <div class=\"inner\"> \n\n                                \n                                  <div class=\"single-banner\">\n                                   <img loading=\"lazy\" decoding=\"async\" width=\"370\" height=\"285\" src=\"https:\/\/polo-filter.avrio-web.de\/wp-content\/uploads\/Schraegbettfilter_SBT_POLO_Filter_Technik_Box_05_101_Produktbild.jpg\" class=\"attachment-post-thumbnail size-post-thumbnail wp-post-image\" alt=\"Schraegbettfilter_SBT_POLO_Filter_Technik_Box_05_101_Produktbild\" srcset=\"https:\/\/polo-filter.avrio-web.de\/wp-content\/uploads\/Schraegbettfilter_SBT_POLO_Filter_Technik_Box_05_101_Produktbild.jpg 370w, https:\/\/polo-filter.avrio-web.de\/wp-content\/uploads\/Schraegbettfilter_SBT_POLO_Filter_Technik_Box_05_101_Produktbild-300x231.jpg 300w\" sizes=\"auto, (max-width: 370px) 100vw, 370px\" title=\"Schraegbettfilter_SBT_POLO_Filter_Technik_Box_05_101_Produktbild\" \/>                                    <h3>Schr\u00e4gbettfilter SBT (Vliesfilter)<\/h3>\n                                    <div class=\"text\"><p>Kompakt, eingehaust, gut zug\u00e4ngig und robust. Die Technik des SB-Filters wurde hier in ein modernes Design mit integriertem Tank geformt.<\/p>\n<\/div>\n                                     <div class=\"text-button\">\n                                        <a class=\"button\" href=\"https:\/\/polo-filter.avrio-web.de\/schraegbettfilter-sbt\/\">M\u00e1s<\/a>\n                                    <\/div>\n                                        <\/div>\n                               \n\n\n\n                        <\/div>  \n\n                    <\/div>  \n                                                                             <\/div>\n\n            <\/div>\n        <\/div>\n\n\n    <\/div>\n<\/div>\n\n\n\n\n     \n<div id=\"Video\" class=\"video flexible-content\" style=\"background-color: transparent;\">\n    <div class=\"flexible-content-inner container\">\n             <div class=\"container intro-text\" style=\"background-color: transparent\">\n                        <div class=\"row justify-content-center\">\n                            <div class=\"col-lg text\">\n                                <p style=\"font-size: 24px; color: #0064ad;font-weight: bold;\">Funci\u00f3n de los filtros de cinta \/ filtros de gravedad<\/p>\n                            <\/div>\n                        <\/div>\n                    <\/div>                    <div id=\"video-iframe\" class=\"container\" style=\"background-color: transparent; position: relative\">\n                         <div class=\"BorlabsCookie _brlbs-cb-youtube\"><div class=\"_brlbs-content-blocker\"> <div class=\"_brlbs-embed _brlbs-video-youtube\"> <img decoding=\"async\" class=\"_brlbs-thumbnail\" src=\"https:\/\/polo-filter.avrio-web.de\/wp-content\/plugins\/borlabs-cookie\/assets\/images\/cb-no-thumbnail.png\" alt=\"YouTube\"> <div class=\"_brlbs-caption\"> <p>Cuando Cargar v\u00eddeo acepta impl\u00edcitamente la Pol\u00edtica de privacidad de YouTube.<br><a href=\"https:\/\/policies.google.com\/privacy\" target=\"_blank\" rel=\"nofollow noopener noreferrer\">M\u00e1s informaci\u00f3n<\/a><\/p> <p><a class=\"_brlbs-btn _brlbs-icon-play-white\" href=\"#\" data-borlabs-cookie-unblock role=\"button\">Cargar v\u00eddeo<\/a><\/p> <p><label><input type=\"checkbox\" name=\"unblockAll\" value=\"1\" checked> <small>Desbloquear siempre YouTube<\/small><\/label><\/p> <\/div> <\/div> <\/div><div class=\"borlabs-hide\" data-borlabs-cookie-type=\"content-blocker\" data-borlabs-cookie-id=\"youtube\"><script type=\"text\/template\">PGlmcmFtZSB0aXRsZT0iRnVua3Rpb24gZWluZXMgVmxpZXNmaWx0ZXJzIiB3aWR0aD0iNzExIiBoZWlnaHQ9IjQwMCIgc3JjPSJodHRwczovL3d3dy55b3V0dWJlLW5vY29va2llLmNvbS9lbWJlZC9TeUJSQklkTFlSaz9mZWF0dXJlPW9lbWJlZCIgZnJhbWVib3JkZXI9IjAiIGFsbG93PSJhY2NlbGVyb21ldGVyOyBhdXRvcGxheTsgY2xpcGJvYXJkLXdyaXRlOyBlbmNyeXB0ZWQtbWVkaWE7IGd5cm9zY29wZTsgcGljdHVyZS1pbi1waWN0dXJlOyB3ZWItc2hhcmUiIHJlZmVycmVycG9saWN5PSJzdHJpY3Qtb3JpZ2luLXdoZW4tY3Jvc3Mtb3JpZ2luIiBhbGxvd2Z1bGxzY3JlZW4+PC9pZnJhbWU+<\/script><\/div><\/div>                    <\/div> \n    <\/div>\n\n\n<\/div>\n","protected":false},"excerpt":{"rendered":"","protected":false},"author":5,"featured_media":0,"parent":0,"menu_order":84,"comment_status":"closed","ping_status":"closed","template":"","meta":{"_acf_changed":false,"footnotes":""},"class_list":["post-13581","page","type-page","status-publish","hentry"],"acf":[],"yoast_head":"<!-- This site is optimized with the Yoast SEO plugin v25.8 - https:\/\/yoast.com\/wordpress\/plugins\/seo\/ -->\n<title>Filtros de cinta \/ Filtros compactos - POLO Filter-Technik<\/title>\n<meta name=\"robots\" content=\"index, follow, max-snippet:-1, max-image-preview:large, max-video-preview:-1\" \/>\n<link rel=\"canonical\" href=\"https:\/\/polo-filter.avrio-web.de\/es\/filtros-de-cinta-filtros-compactos\/\" \/>\n<meta property=\"og:locale\" content=\"es_ES\" \/>\n<meta property=\"og:type\" content=\"article\" \/>\n<meta property=\"og:title\" content=\"Filtros de cinta \/ Filtros compactos - POLO Filter-Technik\" \/>\n<meta property=\"og:url\" content=\"https:\/\/polo-filter.avrio-web.de\/es\/filtros-de-cinta-filtros-compactos\/\" \/>\n<meta property=\"og:site_name\" content=\"POLO Filter-Technik\" \/>\n<meta property=\"article:modified_time\" content=\"2022-11-22T14:15:45+00:00\" \/>\n<meta name=\"twitter:card\" content=\"summary_large_image\" \/>\n<script type=\"application\/ld+json\" class=\"yoast-schema-graph\">{\"@context\":\"https:\/\/schema.org\",\"@graph\":[{\"@type\":\"WebPage\",\"@id\":\"https:\/\/polo-filter.avrio-web.de\/es\/filtros-de-cinta-filtros-compactos\/\",\"url\":\"https:\/\/polo-filter.avrio-web.de\/es\/filtros-de-cinta-filtros-compactos\/\",\"name\":\"Filtros de cinta \/ Filtros compactos - POLO Filter-Technik\",\"isPartOf\":{\"@id\":\"https:\/\/polo-filter.avrio-web.de\/es\/#website\"},\"datePublished\":\"2022-11-02T13:18:20+00:00\",\"dateModified\":\"2022-11-22T14:15:45+00:00\",\"breadcrumb\":{\"@id\":\"https:\/\/polo-filter.avrio-web.de\/es\/filtros-de-cinta-filtros-compactos\/#breadcrumb\"},\"inLanguage\":\"es\",\"potentialAction\":[{\"@type\":\"ReadAction\",\"target\":[\"https:\/\/polo-filter.avrio-web.de\/es\/filtros-de-cinta-filtros-compactos\/\"]}]},{\"@type\":\"BreadcrumbList\",\"@id\":\"https:\/\/polo-filter.avrio-web.de\/es\/filtros-de-cinta-filtros-compactos\/#breadcrumb\",\"itemListElement\":[{\"@type\":\"ListItem\",\"position\":1,\"name\":\"Startseite\",\"item\":\"https:\/\/polo-filter.avrio-web.de\/es\/\"},{\"@type\":\"ListItem\",\"position\":2,\"name\":\"Bandfilter \/ Kompaktfilter (ES)\"}]},{\"@type\":\"WebSite\",\"@id\":\"https:\/\/polo-filter.avrio-web.de\/es\/#website\",\"url\":\"https:\/\/polo-filter.avrio-web.de\/es\/\",\"name\":\"POLO Filter-Technik\",\"description\":\"Filteranlagen nach Mass\",\"potentialAction\":[{\"@type\":\"SearchAction\",\"target\":{\"@type\":\"EntryPoint\",\"urlTemplate\":\"https:\/\/polo-filter.avrio-web.de\/es\/?s={search_term_string}\"},\"query-input\":{\"@type\":\"PropertyValueSpecification\",\"valueRequired\":true,\"valueName\":\"search_term_string\"}}],\"inLanguage\":\"es\"}]}<\/script>\n<!-- \/ Yoast SEO plugin. -->","yoast_head_json":{"title":"Filtros de cinta \/ Filtros compactos - POLO Filter-Technik","robots":{"index":"index","follow":"follow","max-snippet":"max-snippet:-1","max-image-preview":"max-image-preview:large","max-video-preview":"max-video-preview:-1"},"canonical":"https:\/\/polo-filter.avrio-web.de\/es\/filtros-de-cinta-filtros-compactos\/","og_locale":"es_ES","og_type":"article","og_title":"Filtros de cinta \/ Filtros compactos - POLO Filter-Technik","og_url":"https:\/\/polo-filter.avrio-web.de\/es\/filtros-de-cinta-filtros-compactos\/","og_site_name":"POLO Filter-Technik","article_modified_time":"2022-11-22T14:15:45+00:00","twitter_card":"summary_large_image","schema":{"@context":"https:\/\/schema.org","@graph":[{"@type":"WebPage","@id":"https:\/\/polo-filter.avrio-web.de\/es\/filtros-de-cinta-filtros-compactos\/","url":"https:\/\/polo-filter.avrio-web.de\/es\/filtros-de-cinta-filtros-compactos\/","name":"Filtros de cinta \/ Filtros compactos - POLO Filter-Technik","isPartOf":{"@id":"https:\/\/polo-filter.avrio-web.de\/es\/#website"},"datePublished":"2022-11-02T13:18:20+00:00","dateModified":"2022-11-22T14:15:45+00:00","breadcrumb":{"@id":"https:\/\/polo-filter.avrio-web.de\/es\/filtros-de-cinta-filtros-compactos\/#breadcrumb"},"inLanguage":"es","potentialAction":[{"@type":"ReadAction","target":["https:\/\/polo-filter.avrio-web.de\/es\/filtros-de-cinta-filtros-compactos\/"]}]},{"@type":"BreadcrumbList","@id":"https:\/\/polo-filter.avrio-web.de\/es\/filtros-de-cinta-filtros-compactos\/#breadcrumb","itemListElement":[{"@type":"ListItem","position":1,"name":"Startseite","item":"https:\/\/polo-filter.avrio-web.de\/es\/"},{"@type":"ListItem","position":2,"name":"Bandfilter \/ Kompaktfilter (ES)"}]},{"@type":"WebSite","@id":"https:\/\/polo-filter.avrio-web.de\/es\/#website","url":"https:\/\/polo-filter.avrio-web.de\/es\/","name":"POLO Filter-Technik","description":"Filteranlagen nach Mass","potentialAction":[{"@type":"SearchAction","target":{"@type":"EntryPoint","urlTemplate":"https:\/\/polo-filter.avrio-web.de\/es\/?s={search_term_string}"},"query-input":{"@type":"PropertyValueSpecification","valueRequired":true,"valueName":"search_term_string"}}],"inLanguage":"es"}]}},"_links":{"self":[{"href":"https:\/\/polo-filter.avrio-web.de\/es\/wp-json\/wp\/v2\/pages\/13581","targetHints":{"allow":["GET"]}}],"collection":[{"href":"https:\/\/polo-filter.avrio-web.de\/es\/wp-json\/wp\/v2\/pages"}],"about":[{"href":"https:\/\/polo-filter.avrio-web.de\/es\/wp-json\/wp\/v2\/types\/page"}],"author":[{"embeddable":true,"href":"https:\/\/polo-filter.avrio-web.de\/es\/wp-json\/wp\/v2\/users\/5"}],"replies":[{"embeddable":true,"href":"https:\/\/polo-filter.avrio-web.de\/es\/wp-json\/wp\/v2\/comments?post=13581"}],"version-history":[{"count":7,"href":"https:\/\/polo-filter.avrio-web.de\/es\/wp-json\/wp\/v2\/pages\/13581\/revisions"}],"predecessor-version":[{"id":14038,"href":"https:\/\/polo-filter.avrio-web.de\/es\/wp-json\/wp\/v2\/pages\/13581\/revisions\/14038"}],"wp:attachment":[{"href":"https:\/\/polo-filter.avrio-web.de\/es\/wp-json\/wp\/v2\/media?parent=13581"}],"curies":[{"name":"wp","href":"https:\/\/api.w.org\/{rel}","templated":true}]}}