{"id":13559,"date":"2022-11-02T13:46:43","date_gmt":"2022-11-02T12:46:43","guid":{"rendered":"https:\/\/polo-filter.avrio-web.de\/?page_id=13559"},"modified":"2022-11-03T14:51:45","modified_gmt":"2022-11-03T13:51:45","slug":"productos","status":"publish","type":"page","link":"https:\/\/polo-filter.avrio-web.de\/es\/productos\/","title":{"rendered":"\u00dcbersicht Produkte (ES)"},"content":{"rendered":"\n    \n                                                 <div class=\"heroimage container\" style=\"height:650px;background-image: url(https:\/\/polo-filter.avrio-web.de\/wp-content\/uploads\/Produkte_POLO_Filter_Technik_Kopfbild_650px_101.jpg);background-repeat: no-repeat;background-size: contain;background-position: center \">\n                    \t<img decoding=\"async\" src=\"https:\/\/polo-filter.avrio-web.de\/wp-content\/uploads\/Produkte_POLO_Filter_Technik_Kopfbild_650px_101.jpg\" style=\"visibility: hidden;\" \/>\n\n                <\/div>\n                  \n\n\n        <div class=\"flexible-content acf-content standard\" id=\"block_60ed62ccd8856\" style=\"background-color: transparent\">\n        <div class=\"flexible-content-inner container\" >\n            <div id=\"dynamiccontent\" class=\"flexible-item-wrapper\">\n               \n                <div class=\" flexible-items\" >\n                    <div class=\"row\">\n                                                   \n                                                            <div class=\"col-lg  flexible-item flex-text\">\n                                   <div class=\"inner\">\n                                       <h1>Productos<\/h1>\n<h2>Nuestros grupos de productos, en resumen<\/h2>\n<p>Los deseos del cliente son nuestra prioridad en POLO Filter-Technik, y eso se traduce en:<\/p>\n<p>&nbsp;<\/p>\n<ul>\n<li>Tecnolog\u00eda moderna con una amplia gama de productos<\/li>\n<li>Clasificaci\u00f3n econ\u00f3mica de las partes de la producci\u00f3n<\/li>\n<li>Flujos de trabajo estructurados<\/li>\n<li>D\u00e9cadas de experiencia en el \u00e1mbito de la tecnolog\u00eda de filtrado<\/li>\n<\/ul>\n<p>Estos puntos dan lugar a soluciones personalizadas y orientadas al cliente.<\/p>\n                                   <\/div>\n                                <\/div>\n                                                                        <\/div>\n                <\/div>\n            <\/div>\n        <\/div>\n    <\/div>\n\n\n\n        <div id=\"zeichnung\" class=\"flexible-content acf-content\" style=\"background-color: transparent;\">\n        <div class=\"flexible-content-inner\">\n            <div class=\"flexible-item-wrapper\">\n\n\n\n                <div class=\"container flexible-items\"  >\n                    <div class=\"row\">\n                                                        <div class=\"col-4 zeichnung-box\" data-aos=\"fade-up\">\n                                    <div class=\"inner\"> \n\n                                                                                    <img decoding=\"async\" src=\"https:\/\/polo-filter.avrio-web.de\/wp-content\/uploads\/POLO_Filter_Technik_Produktgruppen_Bandfilter-1.jpg\" alt=\"\" \/>\n                                        \n\n\n\n                                        <div class=\"text\">\n                                         <p><strong>Filtros de banda y<br \/>\n<\/strong><strong>filtros compactos<\/strong><\/p>\n<p>Al igual que los filtros de vell\u00f3n o de banda sin fin, los filtros de banda pueden suministrarse para m\u00e1quinas individuales o para grupos de m\u00e1quinas. Nuestros filtros, vers\u00e1tiles en una gran variedad de dise\u00f1os, son de gran ayuda durante la producci\u00f3n.<\/p>\n                                     <\/div>\n                                     <div class=\"text-button\">\n\n                                                                              <a class=\"button\" href=\"https:\/\/polo-filter.avrio-web.de\/es\/filtros-de-cinta-filtros-compactos\/\" target=\"_self\">M\u00e1s<\/a>\n                                                                    <\/div>\n                            <\/div>  \n\n                            <\/div>                                  <div class=\"col-4 zeichnung-box\" data-aos=\"fade-up\">\n                                    <div class=\"inner\"> \n\n                                                                                    <img decoding=\"async\" src=\"https:\/\/polo-filter.avrio-web.de\/wp-content\/uploads\/POLO_Filter_Technik_Produktgruppen_Vakuumfilter.jpg\" alt=\"\" \/>\n                                        \n\n\n\n                                        <div class=\"text\">\n                                         <p><strong>Filtros de vac\u00edo \/<br \/>\nFiltros de presi\u00f3n negativa<\/strong><\/p>\n<p>Los filtros que funcionan con vac\u00edo permiten filtrar grandes cantidades de l\u00edquidos en una superficie reducida, pueden utilizarse de forma flexible, est\u00e1n disponibles en dise\u00f1o de vell\u00f3n o de cinta sin fin y en diferentes tama\u00f1os y materiales.<\/p>\n                                     <\/div>\n                                     <div class=\"text-button\">\n\n                                                                              <a class=\"button\" href=\"https:\/\/polo-filter.avrio-web.de\/es\/filtro-de-vacio-filtro-de-presion-negativa\/\" target=\"_self\">M\u00e1s<\/a>\n                                                                    <\/div>\n                            <\/div>  \n\n                            <\/div>                                  <div class=\"col-4 zeichnung-box\" data-aos=\"fade-up\">\n                                    <div class=\"inner\"> \n\n                                                                                    <img decoding=\"async\" src=\"https:\/\/polo-filter.avrio-web.de\/wp-content\/uploads\/POLO_Filter_Technik_Produktgruppen_Magnetfilter-1.jpg\" alt=\"\" \/>\n                                        \n\n\n\n                                        <div class=\"text\">\n                                         <p><strong>Filtros magn\u00e9ticos<\/strong><\/p>\n<p>Gracias al uso de imanes se consiguen unos resultados de filtraci\u00f3n sorprendentes sin necesidad de ayudas para el filtrado. Pueden utilizarse como filtros individuales o como filtros previos. Est\u00e1n<br \/>\ndisponibles en diferentes tama\u00f1os y con varios acabados de los materiales.<\/p>\n                                     <\/div>\n                                     <div class=\"text-button\">\n\n                                                                              <a class=\"button\" href=\"https:\/\/polo-filter.avrio-web.de\/es\/filtro-magnetico\/\" target=\"_self\">M\u00e1s<\/a>\n                                                                    <\/div>\n                            <\/div>  \n\n                            <\/div>                                  <div class=\"col-4 zeichnung-box\" data-aos=\"fade-up\">\n                                    <div class=\"inner\"> \n\n                                                                                    <img decoding=\"async\" src=\"https:\/\/polo-filter.avrio-web.de\/wp-content\/uploads\/POLO_Filter_Technik_Produktgruppen_Druckfilter-1.jpg\" alt=\"\" \/>\n                                        \n\n\n\n                                        <div class=\"text\">\n                                         <p><strong>Filtros ultrafinos \/<br \/>\nFiltros de presi\u00f3n<\/strong><\/p>\n<p>Se utilizan en los sistemas hidr\u00e1ulicos o como \u00abfiltros polic\u00eda\u00bb.<br \/>\nDependiendo de los filtros utilizados, se pueden conseguir unos grandes niveles de finura.<\/p>\n                                     <\/div>\n                                     <div class=\"text-button\">\n\n                                                                              <a class=\"button\" href=\"https:\/\/polo-filter.avrio-web.de\/es\/filtro-ultrafino-filtro-de-presion\/\" target=\"_self\">M\u00e1s<\/a>\n                                                                    <\/div>\n                            <\/div>  \n\n                            <\/div>                                  <div class=\"col-4 zeichnung-box\" data-aos=\"fade-up\">\n                                    <div class=\"inner\"> \n\n                                                                                    <img decoding=\"async\" src=\"https:\/\/polo-filter.avrio-web.de\/wp-content\/uploads\/POLO_Filter_Technik_Produktgruppen_Spaenefoerderer_Wagen-1.jpg\" alt=\"\" \/>\n                                        \n\n\n\n                                        <div class=\"text\">\n                                         <p><strong>Transportador de virutas \/<br \/>\nCarro de virutas<\/strong><\/p>\n<p>Los transportadores descargan autom\u00e1ticamente las virutas gruesas, en diferentes dise\u00f1os en funci\u00f3n del tipo de viruta. Los carros de virutas se utilizan para transportar las virutas descargadas al punto de recogida.<\/p>\n                                     <\/div>\n                                     <div class=\"text-button\">\n\n                                                                              <a class=\"button\" href=\"https:\/\/polo-filter.avrio-web.de\/es\/transportador-de-virutas-carro-de-virutas\/\" target=\"_self\">M\u00e1s<\/a>\n                                                                    <\/div>\n                            <\/div>  \n\n                            <\/div>                                  <div class=\"col-4 zeichnung-box\" data-aos=\"fade-up\">\n                                    <div class=\"inner\"> \n\n                                                                                    <img decoding=\"async\" src=\"https:\/\/polo-filter.avrio-web.de\/wp-content\/uploads\/POLO_Filter_Technik_Produktgruppen_Oelskimmer_Schwimmschalter-2.jpg\" alt=\"\" \/>\n                                        \n\n\n\n                                        <div class=\"text\">\n                                         <p><strong>Estaci\u00f3n de elevaci\u00f3n \/ Extractor de superficie \/ Interruptor de flotador<\/strong><\/p>\n<p>Estos dispositivos perif\u00e9ricos controlan el nivel de llenado, transportan el refrigerante contaminado hacia el filtro o transportan las part\u00edculas flotantes fuera del tanque limpio.<\/p>\n                                     <\/div>\n                                     <div class=\"text-button\">\n\n                                                                              <a class=\"button\" href=\"https:\/\/polo-filter.avrio-web.de\/es\/estacion-de-elevacion-extractor-de-superficie-interruptor-de-flotador\/\" target=\"_self\">M\u00e1s<\/a>\n                                                                    <\/div>\n                            <\/div>  \n\n                            <\/div>                                  <div class=\"col-4 zeichnung-box\" data-aos=\"fade-up\">\n                                    <div class=\"inner\"> \n\n                                                                                    <img decoding=\"async\" src=\"https:\/\/polo-filter.avrio-web.de\/wp-content\/uploads\/POLO_Filter_Technik_Produktgruppen_KSS_Pflege-2.jpg\" alt=\"\" \/>\n                                        \n\n\n\n                                        <div class=\"text\">\n                                         <p><strong>Dispositivo para el cuidado del refrigerante \/ Skimmer de aceite<\/strong><\/p>\n<p>Incluso despu\u00e9s de un buen filtrado, el l\u00edquido necesita m\u00e1s cuidados. Los aceites residuales o las part\u00edculas ultrafinas pueden eliminarse de diferentes maneras. Esto mejora la vida \u00fatil del refrigerante y la calidad de los productos.<\/p>\n                                     <\/div>\n                                     <div class=\"text-button\">\n\n                                                                              <a class=\"button\" href=\"https:\/\/polo-filter.avrio-web.de\/es\/dispositivos-para-el-cuidado-del-lubricante-refrigerante-skimmers-de-aceite\/\" target=\"_self\">M\u00e1s<\/a>\n                                                                    <\/div>\n                            <\/div>  \n\n                            <\/div>                                  <div class=\"col-4 zeichnung-box\" data-aos=\"fade-up\">\n                                    <div class=\"inner\"> \n\n                                                                                    <img decoding=\"async\" src=\"https:\/\/polo-filter.avrio-web.de\/wp-content\/uploads\/POLO_Filter_Technik_Produktgruppen_Zentralanlage-1.jpg\" alt=\"\" \/>\n                                        \n\n\n\n                                        <div class=\"text\">\n                                         <p><strong>Sistemas centralizados<\/strong><\/p>\n<p>Los sistemas centralizados POLO abastecen de refrigerante limpio a varias m\u00e1quinas o a l\u00edneas de producci\u00f3n enteras, ya sea como empresa contratista general o como subplanta.<br \/>\nCon un sistema centralizado se pueden ahorrar recursos de forma sostenible.<\/p>\n                                     <\/div>\n                                     <div class=\"text-button\">\n\n                                                                              <a class=\"button\" href=\"https:\/\/polo-filter.avrio-web.de\/es\/equipos-centrales\/\" target=\"_self\">M\u00e1s<\/a>\n                                                                    <\/div>\n                            <\/div>  \n\n                            <\/div>                                  <div class=\"col-4 zeichnung-box\" data-aos=\"fade-up\">\n                                    <div class=\"inner\"> \n\n                                                                                    <img decoding=\"async\" src=\"https:\/\/polo-filter.avrio-web.de\/wp-content\/uploads\/Steuerungsbau_Block_05_101.jpg\" alt=\"\" \/>\n                                        \n\n\n\n                                        <div class=\"text\">\n                                         <p><strong>Sistema controlado<\/strong><\/p>\n<p>Nuestros sistemas est\u00e1n, por supuesto, controlados el\u00e9ctricamente.<br \/>\nEs posible llevar a cabo una gran variedad de controles y visualizaciones. Pueden utilizarse bombas\/motores de bajo consumo y controlados por frecuencia. Da igual el reto que nos proponga.<\/p>\n                                     <\/div>\n                                     <div class=\"text-button\">\n\n                                                                              <a class=\"button\" href=\"https:\/\/polo-filter.avrio-web.de\/es\/construccion-de-controles\/\" target=\"_self\">M\u00e1s<\/a>\n                                                                    <\/div>\n                            <\/div>  \n\n                            <\/div>                          \n                    <\/div>\n\n                <\/div>\n            <\/div>\n\n\n        <\/div>\n    <\/div>\n\n\n\n\n        <div id=\"bildlinktextbutton\" class=\"flexible-content acf-content\"  style=\"background-color: transparent;\">\n        <div class=\"flexible-content-inner\">\n            <div class=\"flexible-item-wrapper\">\n\n               \n                     \n                        <div class=\"container flexible-items\">\n                            <div class=\"row\">\n                                \n                                                                     <div class=\"col-lg  nein  flexible-item flex-img\" data-aos=\"fade-up\">\n                                        <div class=\"inner\"> \n                                            \n                                                                                            <div class=\"bild\">\n                                                    <img decoding=\"async\" src=\"https:\/\/polo-filter.avrio-web.de\/wp-content\/uploads\/Produkte_POLO_Filter_Technik_Box_01_102.jpg\" style=\"height: 100%; width: 100%; object-fit: cover;\" alt=\"\" \/>\n                                                <\/div>  \n                                            <div class=\"hintergrund\" style=\"display: none\"><\/div>\n                                            <div class=\"bild-nein\" style=\"display: none\">\n\n                                                   \n   <img decoding=\"async\" src=\"https:\/\/polo-filter.avrio-web.de\/wp-content\/uploads\/Produkte_POLO_Filter_Technik_Box_01_102.jpg\" alt=\"\" \/>\n                                            <\/div>\n\n                                            <div class=\"text\">\n                                                 <p><strong>\u00bfCu\u00e1les son las ventajas de utilizar un sistema de filtrado?<\/strong><\/p>\n<p>El cuidado \u00f3ptimo de los lubricantes refrigerantes se traduce en:<\/p>\n<ul>\n<li>Reducci\u00f3n de los costes de explotaci\u00f3n<\/li>\n<li>Prolongaci\u00f3n de la vida \u00fatil del lubricante refrigerante<\/li>\n<li>Reducci\u00f3n del desgaste de las herramientas, los bancos de m\u00e1quinas y las bombas.<\/li>\n<li>Protecci\u00f3n de la salud de los empleados (alergias)<\/li>\n<li>Reducci\u00f3n del uso de productos qu\u00edmicos adicionales<\/li>\n<\/ul>\n                                            <\/div> \n\n                                        <\/div>\n                                    <\/div>\n                                  \n                                                            \n                                                                     <div class=\"col-lg  nein  flexible-item flex-img\" data-aos=\"fade-up\">\n                                        <div class=\"inner\"> \n                                            \n                                                                                            <div class=\"bild\">\n                                                    <img decoding=\"async\" src=\"https:\/\/polo-filter.avrio-web.de\/wp-content\/uploads\/Produkte_POLO_Filter_Technik_Box_01_101.jpg\" style=\"height: 100%; width: 100%; object-fit: cover;\" alt=\"\" \/>\n                                                <\/div>  \n                                            <div class=\"hintergrund\" style=\"display: none\"><\/div>\n                                            <div class=\"bild-nein\" style=\"display: none\">\n\n                                                   \n   <img decoding=\"async\" src=\"https:\/\/polo-filter.avrio-web.de\/wp-content\/uploads\/Produkte_POLO_Filter_Technik_Box_01_101.jpg\" alt=\"\" \/>\n                                            <\/div>\n\n                                            <div class=\"text\">\n                                                 <p><strong>\u00a1Por estas razones, elija un sistema de filtrado de POLO!<\/strong><\/p>\n<ul>\n<li>Dise\u00f1o y dimensionamiento preciso del filtro<\/li>\n<li>Asesoramiento en materia de ingenier\u00eda de sistemas<\/li>\n<li>D\u00e9cadas de experiencia en tecnolog\u00eda de filtraci\u00f3n de lubricantes refrigerantes<\/li>\n<li>Soluciones personalizadas adaptadas a sus necesidades<\/li>\n<\/ul>\n<p>Somos su \u00abproveedor integral\u00bb en t\u00e9rminos de experiencia, asesoramiento, relaci\u00f3n calidad-precio, calidad, servicio (servicio t\u00e9cnico\/mantenimiento) y durabilidad.<\/p>\n                                            <\/div> \n\n                                        <\/div>\n                                    <\/div>\n                                  \n                                                                                    <\/div>\n                    <\/div>\n\n             \n        <\/div>\n    <\/div>\n<\/div>\n\n","protected":false},"excerpt":{"rendered":"","protected":false},"author":5,"featured_media":0,"parent":0,"menu_order":89,"comment_status":"closed","ping_status":"closed","template":"","meta":{"_acf_changed":false,"footnotes":""},"class_list":["post-13559","page","type-page","status-publish","hentry"],"acf":[],"yoast_head":"<!-- This site is optimized with the Yoast SEO plugin v25.8 - https:\/\/yoast.com\/wordpress\/plugins\/seo\/ -->\n<title>Productos - POLO Filter-Technik<\/title>\n<meta name=\"robots\" content=\"index, follow, max-snippet:-1, max-image-preview:large, max-video-preview:-1\" \/>\n<link rel=\"canonical\" href=\"https:\/\/polo-filter.avrio-web.de\/es\/productos\/\" \/>\n<meta property=\"og:locale\" content=\"es_ES\" \/>\n<meta property=\"og:type\" content=\"article\" \/>\n<meta property=\"og:title\" content=\"Productos - POLO Filter-Technik\" \/>\n<meta property=\"og:url\" content=\"https:\/\/polo-filter.avrio-web.de\/es\/productos\/\" \/>\n<meta property=\"og:site_name\" content=\"POLO Filter-Technik\" \/>\n<meta property=\"article:modified_time\" content=\"2022-11-03T13:51:45+00:00\" \/>\n<meta name=\"twitter:card\" content=\"summary_large_image\" \/>\n<script type=\"application\/ld+json\" class=\"yoast-schema-graph\">{\"@context\":\"https:\/\/schema.org\",\"@graph\":[{\"@type\":\"WebPage\",\"@id\":\"https:\/\/polo-filter.avrio-web.de\/es\/productos\/\",\"url\":\"https:\/\/polo-filter.avrio-web.de\/es\/productos\/\",\"name\":\"Productos - POLO Filter-Technik\",\"isPartOf\":{\"@id\":\"https:\/\/polo-filter.avrio-web.de\/es\/#website\"},\"datePublished\":\"2022-11-02T12:46:43+00:00\",\"dateModified\":\"2022-11-03T13:51:45+00:00\",\"breadcrumb\":{\"@id\":\"https:\/\/polo-filter.avrio-web.de\/es\/productos\/#breadcrumb\"},\"inLanguage\":\"es\",\"potentialAction\":[{\"@type\":\"ReadAction\",\"target\":[\"https:\/\/polo-filter.avrio-web.de\/es\/productos\/\"]}]},{\"@type\":\"BreadcrumbList\",\"@id\":\"https:\/\/polo-filter.avrio-web.de\/es\/productos\/#breadcrumb\",\"itemListElement\":[{\"@type\":\"ListItem\",\"position\":1,\"name\":\"Startseite\",\"item\":\"https:\/\/polo-filter.avrio-web.de\/es\/\"},{\"@type\":\"ListItem\",\"position\":2,\"name\":\"\u00dcbersicht Produkte (ES)\"}]},{\"@type\":\"WebSite\",\"@id\":\"https:\/\/polo-filter.avrio-web.de\/es\/#website\",\"url\":\"https:\/\/polo-filter.avrio-web.de\/es\/\",\"name\":\"POLO Filter-Technik\",\"description\":\"Filteranlagen nach Mass\",\"potentialAction\":[{\"@type\":\"SearchAction\",\"target\":{\"@type\":\"EntryPoint\",\"urlTemplate\":\"https:\/\/polo-filter.avrio-web.de\/es\/?s={search_term_string}\"},\"query-input\":{\"@type\":\"PropertyValueSpecification\",\"valueRequired\":true,\"valueName\":\"search_term_string\"}}],\"inLanguage\":\"es\"}]}<\/script>\n<!-- \/ Yoast SEO plugin. -->","yoast_head_json":{"title":"Productos - POLO Filter-Technik","robots":{"index":"index","follow":"follow","max-snippet":"max-snippet:-1","max-image-preview":"max-image-preview:large","max-video-preview":"max-video-preview:-1"},"canonical":"https:\/\/polo-filter.avrio-web.de\/es\/productos\/","og_locale":"es_ES","og_type":"article","og_title":"Productos - POLO Filter-Technik","og_url":"https:\/\/polo-filter.avrio-web.de\/es\/productos\/","og_site_name":"POLO Filter-Technik","article_modified_time":"2022-11-03T13:51:45+00:00","twitter_card":"summary_large_image","schema":{"@context":"https:\/\/schema.org","@graph":[{"@type":"WebPage","@id":"https:\/\/polo-filter.avrio-web.de\/es\/productos\/","url":"https:\/\/polo-filter.avrio-web.de\/es\/productos\/","name":"Productos - POLO Filter-Technik","isPartOf":{"@id":"https:\/\/polo-filter.avrio-web.de\/es\/#website"},"datePublished":"2022-11-02T12:46:43+00:00","dateModified":"2022-11-03T13:51:45+00:00","breadcrumb":{"@id":"https:\/\/polo-filter.avrio-web.de\/es\/productos\/#breadcrumb"},"inLanguage":"es","potentialAction":[{"@type":"ReadAction","target":["https:\/\/polo-filter.avrio-web.de\/es\/productos\/"]}]},{"@type":"BreadcrumbList","@id":"https:\/\/polo-filter.avrio-web.de\/es\/productos\/#breadcrumb","itemListElement":[{"@type":"ListItem","position":1,"name":"Startseite","item":"https:\/\/polo-filter.avrio-web.de\/es\/"},{"@type":"ListItem","position":2,"name":"\u00dcbersicht Produkte (ES)"}]},{"@type":"WebSite","@id":"https:\/\/polo-filter.avrio-web.de\/es\/#website","url":"https:\/\/polo-filter.avrio-web.de\/es\/","name":"POLO Filter-Technik","description":"Filteranlagen nach Mass","potentialAction":[{"@type":"SearchAction","target":{"@type":"EntryPoint","urlTemplate":"https:\/\/polo-filter.avrio-web.de\/es\/?s={search_term_string}"},"query-input":{"@type":"PropertyValueSpecification","valueRequired":true,"valueName":"search_term_string"}}],"inLanguage":"es"}]}},"_links":{"self":[{"href":"https:\/\/polo-filter.avrio-web.de\/es\/wp-json\/wp\/v2\/pages\/13559","targetHints":{"allow":["GET"]}}],"collection":[{"href":"https:\/\/polo-filter.avrio-web.de\/es\/wp-json\/wp\/v2\/pages"}],"about":[{"href":"https:\/\/polo-filter.avrio-web.de\/es\/wp-json\/wp\/v2\/types\/page"}],"author":[{"embeddable":true,"href":"https:\/\/polo-filter.avrio-web.de\/es\/wp-json\/wp\/v2\/users\/5"}],"replies":[{"embeddable":true,"href":"https:\/\/polo-filter.avrio-web.de\/es\/wp-json\/wp\/v2\/comments?post=13559"}],"version-history":[{"count":23,"href":"https:\/\/polo-filter.avrio-web.de\/es\/wp-json\/wp\/v2\/pages\/13559\/revisions"}],"predecessor-version":[{"id":13800,"href":"https:\/\/polo-filter.avrio-web.de\/es\/wp-json\/wp\/v2\/pages\/13559\/revisions\/13800"}],"wp:attachment":[{"href":"https:\/\/polo-filter.avrio-web.de\/es\/wp-json\/wp\/v2\/media?parent=13559"}],"curies":[{"name":"wp","href":"https:\/\/api.w.org\/{rel}","templated":true}]}}