{"id":13535,"date":"2022-11-02T11:23:40","date_gmt":"2022-11-02T10:23:40","guid":{"rendered":"https:\/\/polo-filter.avrio-web.de\/?page_id=13535"},"modified":"2022-11-29T14:54:55","modified_gmt":"2022-11-29T13:54:55","slug":"insumos","status":"publish","type":"page","link":"https:\/\/polo-filter.avrio-web.de\/es\/insumos\/","title":{"rendered":"Verbrauchsmaterialien (ES)"},"content":{"rendered":"\n    \n                                                 <div class=\"heroimage container\" style=\"height:650px;background-image: url(https:\/\/polo-filter.avrio-web.de\/wp-content\/uploads\/Verbrauchsmaterialien_Kopfbild_650px_101.jpg);background-repeat: no-repeat;background-size: contain;background-position: center \">\n                    \t<img decoding=\"async\" src=\"https:\/\/polo-filter.avrio-web.de\/wp-content\/uploads\/Verbrauchsmaterialien_Kopfbild_650px_101.jpg\" style=\"visibility: hidden;\" \/>\n\n                <\/div>\n                  \n\n\n        <div class=\"flexible-content acf-content standard\" id=\"block_611a598bf5d36\" style=\"background-color: transparent\">\n        <div class=\"flexible-content-inner container\" >\n            <div id=\"dynamiccontent\" class=\"flexible-item-wrapper\">\n               \n                <div class=\" flexible-items\" >\n                    <div class=\"row\">\n                                                   \n                                                            <div class=\"col-lg  flexible-item flex-text\">\n                                   <div class=\"inner\">\n                                       <h1>Insumos<\/h1>\n<h2>Material auxiliar de filtraci\u00f3n tal como fieltro y cintas sinf\u00edn<\/h2>\n<p>POLO Filter-Technik no solo suministra sistemas de filtraci\u00f3n, sino tambi\u00e9n los medios auxiliares de filtraci\u00f3n asociados, como vellones filtrantes y cintas sinf\u00edn. Los vellones filtrantes POLO est\u00e1n disponibles en stock en una amplia gama de calidades y dimensiones, y se pueden entregar en un plazo de 24 horas si se solicita. Esto le garantiza una mayor fiabilidad en la producci\u00f3n. No dude en ponerse en contacto con nosotros en lo que respecta a los pedidos a plazos.<\/p>\n<p>&nbsp;<\/p>\n<p>Su posible problema:<\/p>\n<ul>\n<li>alto consumo de fieltro<\/li>\n<li>resultado insatisfactorio de la filtraci\u00f3n<\/li>\n<li>Cambio del proceso<\/li>\n<\/ul>\n<p>Nuestro experimentado equipo de POLO Filter-Technik recomienda el fieltro o la cinta sinf\u00edn m\u00e1s eficaz, en funci\u00f3n del proceso de filtraci\u00f3n.<\/p>\n                                   <\/div>\n                                <\/div>\n                                                                        <\/div>\n                <\/div>\n            <\/div>\n        <\/div>\n    <\/div>\n\n\n\n        <div id=\"bildlinktexticon\" class=\"flexible-content acf-content\" style=\"background-color: transparent;\">\n        <div class=\"flexible-content-inner\">\n            <div class=\"flexible-item-wrapper\">\n\n               \n                     \n                        <div class=\"container flexible-items\"  >\n                            <div class=\"row\">\n                                \n                                                                     <div class=\"col-lg  bildlinktexticon-box\" data-aos=\"fade-up\">\n                                        <div class=\"inner\"> \n                                            <div class=\"col-12 bild\">\n                                                                                                 <img decoding=\"async\" src=\"https:\/\/polo-filter.avrio-web.de\/wp-content\/uploads\/Verbrauchsmaterialien_POLO_Filter_Technik_Block_02-3_102.jpg\" alt=\"Nahaufnahme eines Filtervlieses\" \/>\n                                             \n                                            <\/div>\n                                            <div class=\"overflow\">\n                                                                                         <div class=\"col-9 text\">\n                                               <a class=\"\" href=\"https:\/\/polo-filter.avrio-web.de\/es\/vellon-filtrante\/\" target=\"_self\" style=\"color:#fff;\"> <p>Vell\u00f3n filtrante<\/p>\n<\/a>\n                                            <\/div>\n                                            <div class=\"col-2 button\">\n                                               \n                                                                                                       <a class=\"button\" href=\"https:\/\/polo-filter.avrio-web.de\/es\/vellon-filtrante\/\" target=\"_self\"><img decoding=\"async\" src=\"https:\/\/polo-filter.avrio-web.de\/wp-content\/uploads\/POLO_Filter_Technik_Icon_Gruen_Pfeil_rechts.png\" alt=\"\" \/><\/a>\n                                                                                            <\/div>\n                                        <\/div>\n                                          \n\n                                             \n\n\n                                             \n\n\n                                            \n\n\n                                        <\/div>\n                                    <\/div>\n                                  \n                                                            \n                                                                     <div class=\"col-lg  bildlinktexticon-box\" data-aos=\"fade-up\">\n                                        <div class=\"inner\"> \n                                            <div class=\"col-12 bild\">\n                                                                                                 <img decoding=\"async\" src=\"https:\/\/polo-filter.avrio-web.de\/wp-content\/uploads\/Verbrauchsmaterialien_POLO_Filter_Technik_Block_02-3_101.jpg\" alt=\"Verschluss eines Endlosbandes\" \/>\n                                             \n                                            <\/div>\n                                            <div class=\"overflow\">\n                                                                                         <div class=\"col-9 text\">\n                                               <a class=\"\" href=\"https:\/\/polo-filter.avrio-web.de\/es\/cinta-sinfin\/\" target=\"_self\" style=\"color:#fff;\"> <p>Cinta sinf\u00edn<\/p>\n<\/a>\n                                            <\/div>\n                                            <div class=\"col-2 button\">\n                                               \n                                                                                                       <a class=\"button\" href=\"https:\/\/polo-filter.avrio-web.de\/es\/cinta-sinfin\/\" target=\"_self\"><img decoding=\"async\" src=\"https:\/\/polo-filter.avrio-web.de\/wp-content\/uploads\/POLO_Filter_Technik_Icon_Gruen_Pfeil_rechts.png\" alt=\"\" \/><\/a>\n                                                                                            <\/div>\n                                        <\/div>\n                                          \n\n                                             \n\n\n                                             \n\n\n                                            \n\n\n                                        <\/div>\n                                    <\/div>\n                                  \n                                                            \n                                                                     <div class=\"col-lg  bildlinktexticon-box\" data-aos=\"fade-up\">\n                                        <div class=\"inner\"> \n                                            <div class=\"col-12 bild\">\n                                                                                                 <img decoding=\"async\" src=\"https:\/\/polo-filter.avrio-web.de\/wp-content\/uploads\/Verbrauchsmaterialien_POLO_Filter_Technik_Block_02-3_103.jpg\" alt=\"Verschiedene Filtervliese mit einem Versatz \u00fcbereinandergelegt\" \/>\n                                             \n                                            <\/div>\n                                            <div class=\"overflow\">\n                                                                                         <div class=\"col-9 text\">\n                                               <a class=\"\" href=\"https:\/\/polo-filter.avrio-web.de\/es\/formulario-de-solicitud\/\" target=\"_self\" style=\"color:#fff;\"> <p>Solicitud y muestras<\/p>\n<\/a>\n                                            <\/div>\n                                            <div class=\"col-2 button\">\n                                               \n                                                                                                       <a class=\"button\" href=\"https:\/\/polo-filter.avrio-web.de\/es\/formulario-de-solicitud\/\" target=\"_self\"><img decoding=\"async\" src=\"https:\/\/polo-filter.avrio-web.de\/wp-content\/uploads\/POLO_Filter_Technik_Icon_Gruen_Pfeil_rechts.png\" alt=\"\" \/><\/a>\n                                                                                            <\/div>\n                                        <\/div>\n                                          \n\n                                             \n\n\n                                             \n\n\n                                            \n\n\n                                        <\/div>\n                                    <\/div>\n                                  \n                                                                                    <\/div>\n                    <\/div>\n\n             \n        <\/div>\n    <\/div>\n<\/div>\n\n\n\n        <div class=\"flexible-content acf-content standard\" id=\"block_616937a79c283\" style=\"background-color: #ececec\">\n        <div class=\"flexible-content-inner container\" >\n            <div id=\"dynamiccontent\" class=\"flexible-item-wrapper\">\n               \n                <div class=\" flexible-items\" >\n                    <div class=\"row\">\n                                                   \n                                                            <div class=\"col-lg  flexible-item flex-text\">\n                                   <div class=\"inner\">\n                                       <h3>Nuestro principio de filtraci\u00f3n probado desde hace tiempo<br \/>\n<img loading=\"lazy\" decoding=\"async\" class=\"alignright wp-image-6088\" src=\"https:\/\/polo-filter.avrio-web.de\/wp-content\/uploads\/Verbrauchsmaterialien_POLO_Filter_Technik_Block_Standard_101-658x1024.jpg\" alt=\"\" width=\"280\" height=\"436\" srcset=\"https:\/\/polo-filter.avrio-web.de\/wp-content\/uploads\/Verbrauchsmaterialien_POLO_Filter_Technik_Block_Standard_101-658x1024.jpg 658w, https:\/\/polo-filter.avrio-web.de\/wp-content\/uploads\/Verbrauchsmaterialien_POLO_Filter_Technik_Block_Standard_101-193x300.jpg 193w, https:\/\/polo-filter.avrio-web.de\/wp-content\/uploads\/Verbrauchsmaterialien_POLO_Filter_Technik_Block_Standard_101-768x1195.jpg 768w, https:\/\/polo-filter.avrio-web.de\/wp-content\/uploads\/Verbrauchsmaterialien_POLO_Filter_Technik_Block_Standard_101-987x1536.jpg 987w, https:\/\/polo-filter.avrio-web.de\/wp-content\/uploads\/Verbrauchsmaterialien_POLO_Filter_Technik_Block_Standard_101-386x600.jpg 386w, https:\/\/polo-filter.avrio-web.de\/wp-content\/uploads\/Verbrauchsmaterialien_POLO_Filter_Technik_Block_Standard_101-scaled.jpg 887w\" sizes=\"auto, (max-width: 280px) 100vw, 280px\" \/><\/h3>\n<p>La filtraci\u00f3n por fieltro es un proceso que viene demostrando su eficacia desde hace muchos a\u00f1os. La ventaja es la gran flexibilidad, porque se puede cambiar la finura del filtro r\u00e1pida y f\u00e1cilmente cambiando el fieltro. Otra ventaja es el menor coste de inversi\u00f3n en comparaci\u00f3n con el filtro de cinta sinf\u00edn.<\/p>\n<p>&nbsp;<\/p>\n<p>El producto de desecho (fieltro filtrante) se puede utilizar mientras tanto para la generaci\u00f3n de energ\u00eda t\u00e9rmica. Para m\u00e1s informaci\u00f3n, p\u00f3ngase en contacto con su empresa local de eliminaci\u00f3n de residuos.<\/p>\n                                   <\/div>\n                                <\/div>\n                                                                        <\/div>\n                <\/div>\n            <\/div>\n        <\/div>\n    <\/div>\n\n\n\n     \n<div id=\"Video\" class=\"video flexible-content\" style=\"background-color: transparent;\">\n    <div class=\"flexible-content-inner container\">\n             <div class=\"container intro-text\" style=\"background-color: transparent\">\n                        <div class=\"row justify-content-center\">\n                            <div class=\"col-lg text\">\n                                <p style=\"font-size: 24px; color: #0064ad;font-weight: bold;\">Medios auxiliares de filtraci\u00f3n: vell\u00f3n filtrante y cintas sinf\u00edn<\/p>\n                            <\/div>\n                        <\/div>\n                    <\/div>                    <div id=\"video-iframe\" class=\"container\" style=\"background-color: transparent; position: relative\">\n                         <div class=\"BorlabsCookie _brlbs-cb-vimeo\"><div class=\"_brlbs-content-blocker\"> <div class=\"_brlbs-embed _brlbs-video-vimeo\"> <img decoding=\"async\" class=\"_brlbs-thumbnail\" src=\"https:\/\/polo-filter.avrio-web.de\/wp-content\/plugins\/borlabs-cookie\/assets\/images\/cb-no-thumbnail.png\" alt=\"Vimeo\"> <div class=\"_brlbs-caption\"> <p>Cuando Cargar v\u00eddeo acepta impl\u00edcitamente la Pol\u00edtica de privacidad de&#8230;Vimeo.<br><a href=\"https:\/\/vimeo.com\/privacy\" target=\"_blank\" rel=\"nofollow noopener noreferrer\">M\u00e1s informaci\u00f3n<\/a><\/p> <p><a class=\"_brlbs-btn _brlbs-icon-play-white\" href=\"#\" data-borlabs-cookie-unblock role=\"button\">Cargar v\u00eddeo<\/a><\/p> <p><label><input type=\"checkbox\" name=\"unblockAll\" value=\"1\" checked> <small>Desbloquear siempre Vimeo <\/small><\/label><\/p> <\/div> <\/div> <\/div><div class=\"borlabs-hide\" data-borlabs-cookie-type=\"content-blocker\" data-borlabs-cookie-id=\"vimeo\"><script type=\"text\/template\">PGlmcmFtZSB0aXRsZT0iRmlsdGVyaGlsZnNtaXR0ZWwgLSBGaWx0ZXJ2bGllcyB1bmQgRW5kbG9zYsOkbmRlciIgc3JjPSJodHRwczovL3BsYXllci52aW1lby5jb20vdmlkZW8vNDg0MzU1NzI5P2RudD0xJmFtcDthcHBfaWQ9MTIyOTYzIiB3aWR0aD0iNzExIiBoZWlnaHQ9IjQwMCIgZnJhbWVib3JkZXI9IjAiIGFsbG93PSJhdXRvcGxheTsgZnVsbHNjcmVlbjsgcGljdHVyZS1pbi1waWN0dXJlOyBjbGlwYm9hcmQtd3JpdGU7IGVuY3J5cHRlZC1tZWRpYTsgd2ViLXNoYXJlIiByZWZlcnJlcnBvbGljeT0ic3RyaWN0LW9yaWdpbi13aGVuLWNyb3NzLW9yaWdpbiI+PC9pZnJhbWU+<\/script><\/div><\/div>                    <\/div> \n    <\/div>\n\n\n<\/div>\n","protected":false},"excerpt":{"rendered":"","protected":false},"author":5,"featured_media":0,"parent":0,"menu_order":170,"comment_status":"closed","ping_status":"closed","template":"","meta":{"_acf_changed":false,"footnotes":""},"class_list":["post-13535","page","type-page","status-publish","hentry"],"acf":[],"yoast_head":"<!-- This site is optimized with the Yoast SEO plugin v25.8 - https:\/\/yoast.com\/wordpress\/plugins\/seo\/ -->\n<title>Insumos - POLO Filter-Technik<\/title>\n<meta name=\"robots\" content=\"index, follow, max-snippet:-1, max-image-preview:large, max-video-preview:-1\" \/>\n<link rel=\"canonical\" href=\"https:\/\/polo-filter.avrio-web.de\/es\/insumos\/\" \/>\n<meta property=\"og:locale\" content=\"es_ES\" \/>\n<meta property=\"og:type\" content=\"article\" \/>\n<meta property=\"og:title\" content=\"Insumos - POLO Filter-Technik\" \/>\n<meta property=\"og:url\" content=\"https:\/\/polo-filter.avrio-web.de\/es\/insumos\/\" \/>\n<meta property=\"og:site_name\" content=\"POLO Filter-Technik\" \/>\n<meta property=\"article:modified_time\" content=\"2022-11-29T13:54:55+00:00\" \/>\n<meta name=\"twitter:card\" content=\"summary_large_image\" \/>\n<script type=\"application\/ld+json\" class=\"yoast-schema-graph\">{\"@context\":\"https:\/\/schema.org\",\"@graph\":[{\"@type\":\"WebPage\",\"@id\":\"https:\/\/polo-filter.avrio-web.de\/es\/insumos\/\",\"url\":\"https:\/\/polo-filter.avrio-web.de\/es\/insumos\/\",\"name\":\"Insumos - POLO Filter-Technik\",\"isPartOf\":{\"@id\":\"https:\/\/polo-filter.avrio-web.de\/es\/#website\"},\"datePublished\":\"2022-11-02T10:23:40+00:00\",\"dateModified\":\"2022-11-29T13:54:55+00:00\",\"breadcrumb\":{\"@id\":\"https:\/\/polo-filter.avrio-web.de\/es\/insumos\/#breadcrumb\"},\"inLanguage\":\"es\",\"potentialAction\":[{\"@type\":\"ReadAction\",\"target\":[\"https:\/\/polo-filter.avrio-web.de\/es\/insumos\/\"]}]},{\"@type\":\"BreadcrumbList\",\"@id\":\"https:\/\/polo-filter.avrio-web.de\/es\/insumos\/#breadcrumb\",\"itemListElement\":[{\"@type\":\"ListItem\",\"position\":1,\"name\":\"Startseite\",\"item\":\"https:\/\/polo-filter.avrio-web.de\/es\/\"},{\"@type\":\"ListItem\",\"position\":2,\"name\":\"Verbrauchsmaterialien (ES)\"}]},{\"@type\":\"WebSite\",\"@id\":\"https:\/\/polo-filter.avrio-web.de\/es\/#website\",\"url\":\"https:\/\/polo-filter.avrio-web.de\/es\/\",\"name\":\"POLO Filter-Technik\",\"description\":\"Filteranlagen nach Mass\",\"potentialAction\":[{\"@type\":\"SearchAction\",\"target\":{\"@type\":\"EntryPoint\",\"urlTemplate\":\"https:\/\/polo-filter.avrio-web.de\/es\/?s={search_term_string}\"},\"query-input\":{\"@type\":\"PropertyValueSpecification\",\"valueRequired\":true,\"valueName\":\"search_term_string\"}}],\"inLanguage\":\"es\"}]}<\/script>\n<!-- \/ Yoast SEO plugin. -->","yoast_head_json":{"title":"Insumos - POLO Filter-Technik","robots":{"index":"index","follow":"follow","max-snippet":"max-snippet:-1","max-image-preview":"max-image-preview:large","max-video-preview":"max-video-preview:-1"},"canonical":"https:\/\/polo-filter.avrio-web.de\/es\/insumos\/","og_locale":"es_ES","og_type":"article","og_title":"Insumos - POLO Filter-Technik","og_url":"https:\/\/polo-filter.avrio-web.de\/es\/insumos\/","og_site_name":"POLO Filter-Technik","article_modified_time":"2022-11-29T13:54:55+00:00","twitter_card":"summary_large_image","schema":{"@context":"https:\/\/schema.org","@graph":[{"@type":"WebPage","@id":"https:\/\/polo-filter.avrio-web.de\/es\/insumos\/","url":"https:\/\/polo-filter.avrio-web.de\/es\/insumos\/","name":"Insumos - POLO Filter-Technik","isPartOf":{"@id":"https:\/\/polo-filter.avrio-web.de\/es\/#website"},"datePublished":"2022-11-02T10:23:40+00:00","dateModified":"2022-11-29T13:54:55+00:00","breadcrumb":{"@id":"https:\/\/polo-filter.avrio-web.de\/es\/insumos\/#breadcrumb"},"inLanguage":"es","potentialAction":[{"@type":"ReadAction","target":["https:\/\/polo-filter.avrio-web.de\/es\/insumos\/"]}]},{"@type":"BreadcrumbList","@id":"https:\/\/polo-filter.avrio-web.de\/es\/insumos\/#breadcrumb","itemListElement":[{"@type":"ListItem","position":1,"name":"Startseite","item":"https:\/\/polo-filter.avrio-web.de\/es\/"},{"@type":"ListItem","position":2,"name":"Verbrauchsmaterialien (ES)"}]},{"@type":"WebSite","@id":"https:\/\/polo-filter.avrio-web.de\/es\/#website","url":"https:\/\/polo-filter.avrio-web.de\/es\/","name":"POLO Filter-Technik","description":"Filteranlagen nach Mass","potentialAction":[{"@type":"SearchAction","target":{"@type":"EntryPoint","urlTemplate":"https:\/\/polo-filter.avrio-web.de\/es\/?s={search_term_string}"},"query-input":{"@type":"PropertyValueSpecification","valueRequired":true,"valueName":"search_term_string"}}],"inLanguage":"es"}]}},"_links":{"self":[{"href":"https:\/\/polo-filter.avrio-web.de\/es\/wp-json\/wp\/v2\/pages\/13535","targetHints":{"allow":["GET"]}}],"collection":[{"href":"https:\/\/polo-filter.avrio-web.de\/es\/wp-json\/wp\/v2\/pages"}],"about":[{"href":"https:\/\/polo-filter.avrio-web.de\/es\/wp-json\/wp\/v2\/types\/page"}],"author":[{"embeddable":true,"href":"https:\/\/polo-filter.avrio-web.de\/es\/wp-json\/wp\/v2\/users\/5"}],"replies":[{"embeddable":true,"href":"https:\/\/polo-filter.avrio-web.de\/es\/wp-json\/wp\/v2\/comments?post=13535"}],"version-history":[{"count":9,"href":"https:\/\/polo-filter.avrio-web.de\/es\/wp-json\/wp\/v2\/pages\/13535\/revisions"}],"predecessor-version":[{"id":14082,"href":"https:\/\/polo-filter.avrio-web.de\/es\/wp-json\/wp\/v2\/pages\/13535\/revisions\/14082"}],"wp:attachment":[{"href":"https:\/\/polo-filter.avrio-web.de\/es\/wp-json\/wp\/v2\/media?parent=13535"}],"curies":[{"name":"wp","href":"https:\/\/api.w.org\/{rel}","templated":true}]}}