{"id":13530,"date":"2022-11-02T11:18:07","date_gmt":"2022-11-02T10:18:07","guid":{"rendered":"https:\/\/polo-filter.avrio-web.de\/?page_id=13530"},"modified":"2022-11-02T11:18:29","modified_gmt":"2022-11-02T10:18:29","slug":"app-de-polo","status":"publish","type":"page","link":"https:\/\/polo-filter.avrio-web.de\/es\/app-de-polo\/","title":{"rendered":"POLO App (ES)"},"content":{"rendered":"\n    \n                                                 <div class=\"heroimage container\" style=\"height:650px;background-image: url(https:\/\/polo-filter.avrio-web.de\/wp-content\/uploads\/App_POLO_Filter_Technik_Kopfbild_650px_101.jpg);background-repeat: no-repeat;background-size: contain;background-position: center \">\n                    \t<img decoding=\"async\" src=\"https:\/\/polo-filter.avrio-web.de\/wp-content\/uploads\/App_POLO_Filter_Technik_Kopfbild_650px_101.jpg\" style=\"visibility: hidden;\" \/>\n\n                <\/div>\n                  \n\n\n        <div class=\"flexible-content acf-content standard\" id=\"block_6167ef42ad349\" style=\"background-color: transparent\">\n        <div class=\"flexible-content-inner container\" >\n            <div id=\"dynamiccontent\" class=\"flexible-item-wrapper\">\n               \n                <div class=\" flexible-items\" >\n                    <div class=\"row\">\n                                                   \n                                                            <div class=\"col-lg  flexible-item flex-text\">\n                                   <div class=\"inner\">\n                                       <h1>APP de POLO<\/h1>\n<h2>Saber siempre lo que est\u00e1 pasando<\/h2>\n<p>Gestione sus filtros POLO en la red de la empresa.<br \/>\nEsta aplicaci\u00f3n le muestra el estado y los datos operativos de sus sistemas de filtraci\u00f3n. Adem\u00e1s, puede ponerse en contacto con POLO en cualquier momento. \u00a1Las instrucciones de uso y los planos est\u00e1n disponibles a trav\u00e9s de este portal en todo momento! Tiene todos los sistemas de filtraci\u00f3n a la vista al mismo tiempo, independientemente de si opera 1, 2 o m\u00e1s sistemas de filtraci\u00f3n.<\/p>\n                                   <\/div>\n                                <\/div>\n                                                                        <\/div>\n                <\/div>\n            <\/div>\n        <\/div>\n    <\/div>\n\n\n\n        <div id=\"bildnebentext\" class=\"flexible-content acf-content\"  style=\"background-color: transparent;\">\n        <div class=\"flexible-content-inner\">\n            <div class=\"flexible-item-wrapper\">\n\n                                                         \n                        <div class=\"container flexible-items\">\n                            <div class=\"row\">\n                                \n                                                                     <div class=\"col-lg  flexible-item flex-img \" data-aos=\"fade-up\">\n                                                                                     \t<div class=\"inner\" style=\"background-image: url(https:\/\/polo-filter.avrio-web.de\/wp-content\/uploads\/App_POLO_Filter_Technik_Block_04_101.jpg)\"> \n                                                    <img decoding=\"async\" src=\"https:\/\/polo-filter.avrio-web.de\/wp-content\/uploads\/App_POLO_Filter_Technik_Block_04_101.jpg\" style=\"visibility: hidden;\" \/>\n                                            \n                                        <\/div>  \n                                                                        <\/div>\n                                                                \n                                                                          <div class=\"col-lg  flexible-item flex-text grau\">\n                                           \n                                         <div class=\"inner  \" >\n                                         \t<div class=\"text\">\n                                         \t\t<h4><span style=\"color: #339966\"><strong>Vista detallada<\/strong><\/span><\/h4>\n<p>La vista detallada le ayuda a evitar largos tiempos de inactividad o rondas de inspecci\u00f3n diarias. Se le informa del estado actual del sistema en todo momento.<\/p>\n<p>Se puede acceder r\u00e1pidamente a todos los documentos pertenecientes al equipo de filtraci\u00f3n correspondiente.<\/p>\n<ul>\n<li>Prospecto<\/li>\n<li>Instrucciones de uso<\/li>\n<li>Esquema el\u00e9ctrico<\/li>\n<li>Dibujo<\/li>\n<\/ul>\n                                         \t<\/div>\n                                         \t<div class=\"text-button\">\n                                         \t\t                                          \t<\/div>\n                                             \n                                             \n                                            \n                                        <\/div>\n                                    <\/div>\n                                                                                    <\/div>\n                    <\/div>\n\n                                     \n                        <div class=\"container flexible-items\">\n                            <div class=\"row\">\n                                \n                                                                          <div class=\"col-lg  flexible-item flex-text keine\">\n                                           \n                                         <div class=\"inner  \" >\n                                         \t<div class=\"text\">\n                                         \t\t<h4><strong>V\u00eddeos sobre los trabajos de mantenimiento <\/strong><\/h4>\n<p>En la secci\u00f3n \u00abV\u00eddeos\u00bb hay varias instrucciones para realizar peque\u00f1os trabajos de mantenimiento. Con esos v\u00eddeos le acompa\u00f1amos para que usted mismo pueda llevar a cabo estas labores de mantenimiento. Aqu\u00ed encontrar\u00e1 una explicaci\u00f3n paso a paso de c\u00f3mo proceder exactamente. No obstante, si le surge alguna duda, puede, por supuesto, llamarnos haciendo clic o escribirnos un correo electr\u00f3nico.<\/p>\n                                         \t<\/div>\n                                         \t<div class=\"text-button\">\n                                         \t\t                                          \t<\/div>\n                                             \n                                             \n                                            \n                                        <\/div>\n                                    <\/div>\n                                                            \n                                                                     <div class=\"col-lg  flexible-item flex-img \" data-aos=\"fade-up\">\n                                                                                     \t<div class=\"inner\" style=\"background-image: url(https:\/\/polo-filter.avrio-web.de\/wp-content\/uploads\/App_POLO_Filter_Technik_Block_04_102.jpg)\"> \n                                                    <img decoding=\"async\" src=\"https:\/\/polo-filter.avrio-web.de\/wp-content\/uploads\/App_POLO_Filter_Technik_Block_04_102.jpg\" style=\"visibility: hidden;\" \/>\n                                            \n                                        <\/div>  \n                                                                        <\/div>\n                                                                                        <\/div>\n                    <\/div>\n\n                                    <\/div>\n    <\/div>\n<\/div>\n\n\n\n     \n<div id=\"Video\" class=\"video flexible-content\" style=\"background-color: transparent;\">\n    <div class=\"flexible-content-inner container\">\n             <div class=\"container intro-text\" style=\"background-color: transparent\">\n                        <div class=\"row justify-content-center\">\n                            <div class=\"col-lg text\">\n                                <p style=\"font-size: 24px; color: #0064ad;font-weight: bold;\">App POLO Filter-Technik<\/p>\n                            <\/div>\n                        <\/div>\n                    <\/div>                    <div id=\"video-iframe\" class=\"container\" style=\"background-color: transparent; position: relative\">\n                         <div class=\"BorlabsCookie _brlbs-cb-vimeo\"><div class=\"_brlbs-content-blocker\"> <div class=\"_brlbs-embed _brlbs-video-vimeo\"> <img decoding=\"async\" class=\"_brlbs-thumbnail\" src=\"https:\/\/polo-filter.avrio-web.de\/wp-content\/plugins\/borlabs-cookie\/assets\/images\/cb-no-thumbnail.png\" alt=\"Vimeo\"> <div class=\"_brlbs-caption\"> <p>Cuando Cargar v\u00eddeo acepta impl\u00edcitamente la Pol\u00edtica de privacidad de&#8230;Vimeo.<br><a href=\"https:\/\/vimeo.com\/privacy\" target=\"_blank\" rel=\"nofollow noopener noreferrer\">M\u00e1s informaci\u00f3n<\/a><\/p> <p><a class=\"_brlbs-btn _brlbs-icon-play-white\" href=\"#\" data-borlabs-cookie-unblock role=\"button\">Cargar v\u00eddeo<\/a><\/p> <p><label><input type=\"checkbox\" name=\"unblockAll\" value=\"1\" checked> <small>Desbloquear siempre Vimeo <\/small><\/label><\/p> <\/div> <\/div> <\/div><div class=\"borlabs-hide\" data-borlabs-cookie-type=\"content-blocker\" data-borlabs-cookie-id=\"vimeo\"><script type=\"text\/template\">PGlmcmFtZSB0aXRsZT0iUE9MTyBGaWx0ZXItVGVjaG5payBBcHAiIHNyYz0iaHR0cHM6Ly9wbGF5ZXIudmltZW8uY29tL3ZpZGVvLzQ4NDM0NjUwMz9kbnQ9MSZhbXA7YXBwX2lkPTEyMjk2MyIgd2lkdGg9IjcxMSIgaGVpZ2h0PSI0MDAiIGZyYW1lYm9yZGVyPSIwIiBhbGxvdz0iYXV0b3BsYXk7IGZ1bGxzY3JlZW47IHBpY3R1cmUtaW4tcGljdHVyZTsgY2xpcGJvYXJkLXdyaXRlOyBlbmNyeXB0ZWQtbWVkaWE7IHdlYi1zaGFyZSIgcmVmZXJyZXJwb2xpY3k9InN0cmljdC1vcmlnaW4td2hlbi1jcm9zcy1vcmlnaW4iPjwvaWZyYW1lPg==<\/script><\/div><\/div>                    <\/div> \n    <\/div>\n\n\n<\/div>\n\n\n        <div id=\"bildlinktexticon\" class=\"flexible-content acf-content\" style=\"background-color: transparent;\">\n        <div class=\"flexible-content-inner\">\n            <div class=\"flexible-item-wrapper\">\n\n               \n                     \n                        <div class=\"container flexible-items\"  >\n                            <div class=\"row\">\n                                \n                                                                     <div class=\"col-lg  bildlinktexticon-box\" data-aos=\"fade-up\">\n                                        <div class=\"inner\"> \n                                            <div class=\"col-12 bild\">\n                                                                                                 <img decoding=\"async\" src=\"https:\/\/polo-filter.avrio-web.de\/wp-content\/uploads\/App_POLO_Filter_Technik_Block_02-2_101.jpg\" alt=\"Logo vom App Store\" \/>\n                                             \n                                            <\/div>\n                                            <div class=\"overflow\">\n                                                                                         <div class=\"col-9 text\">\n                                               <a class=\"\" href=\"https:\/\/apps.apple.com\/us\/app\/id1500428014\" target=\"_self\" style=\"color:#fff;\"> <p>App Store<\/p>\n<\/a>\n                                            <\/div>\n                                            <div class=\"col-2 button\">\n                                               \n                                                                                                       <a class=\"button\" href=\"https:\/\/apps.apple.com\/us\/app\/id1500428014\" target=\"_self\"><img decoding=\"async\" src=\"https:\/\/polo-filter.avrio-web.de\/wp-content\/uploads\/POLO_Filter_Technik_Icon_Gruen_Pfeil_unten.png\" alt=\"\" \/><\/a>\n                                                                                            <\/div>\n                                        <\/div>\n                                          \n\n                                             \n\n\n                                             \n\n\n                                            \n\n\n                                        <\/div>\n                                    <\/div>\n                                  \n                                                            \n                                                                     <div class=\"col-lg  bildlinktexticon-box\" data-aos=\"fade-up\">\n                                        <div class=\"inner\"> \n                                            <div class=\"col-12 bild\">\n                                                                                                 <img decoding=\"async\" src=\"https:\/\/polo-filter.avrio-web.de\/wp-content\/uploads\/App_POLO_Filter_Technik_Block_02-2_102.jpg\" alt=\"Logo vom Play Store\" \/>\n                                             \n                                            <\/div>\n                                            <div class=\"overflow\">\n                                                                                         <div class=\"col-9 text\">\n                                               <a class=\"\" href=\"https:\/\/play.google.com\/store\/apps\/details?id=com.polofilter.filterservice&#038;hl=de&#038;gl=US\" target=\"_self\" style=\"color:#fff;\"> <p>Play Store<\/p>\n<\/a>\n                                            <\/div>\n                                            <div class=\"col-2 button\">\n                                               \n                                                                                                       <a class=\"button\" href=\"https:\/\/play.google.com\/store\/apps\/details?id=com.polofilter.filterservice&#038;hl=de&#038;gl=US\" target=\"_self\"><img decoding=\"async\" src=\"https:\/\/polo-filter.avrio-web.de\/wp-content\/uploads\/POLO_Filter_Technik_Icon_Gruen_Pfeil_unten.png\" alt=\"\" \/><\/a>\n                                                                                            <\/div>\n                                        <\/div>\n                                          \n\n                                             \n\n\n                                             \n\n\n                                            \n\n\n                                        <\/div>\n                                    <\/div>\n                                  \n                                                                                    <\/div>\n                    <\/div>\n\n             \n        <\/div>\n    <\/div>\n<\/div>\n\n","protected":false},"excerpt":{"rendered":"","protected":false},"author":5,"featured_media":0,"parent":0,"menu_order":109,"comment_status":"closed","ping_status":"closed","template":"","meta":{"_acf_changed":false,"footnotes":""},"class_list":["post-13530","page","type-page","status-publish","hentry"],"acf":[],"yoast_head":"<!-- This site is optimized with the Yoast SEO plugin v25.8 - https:\/\/yoast.com\/wordpress\/plugins\/seo\/ -->\n<title>APP de POLO - POLO Filter-Technik<\/title>\n<meta name=\"robots\" content=\"index, follow, max-snippet:-1, max-image-preview:large, max-video-preview:-1\" \/>\n<link rel=\"canonical\" href=\"https:\/\/polo-filter.avrio-web.de\/es\/app-de-polo\/\" \/>\n<meta property=\"og:locale\" content=\"es_ES\" \/>\n<meta property=\"og:type\" content=\"article\" \/>\n<meta property=\"og:title\" content=\"APP de POLO - POLO Filter-Technik\" \/>\n<meta property=\"og:url\" content=\"https:\/\/polo-filter.avrio-web.de\/es\/app-de-polo\/\" \/>\n<meta property=\"og:site_name\" content=\"POLO Filter-Technik\" \/>\n<meta property=\"article:modified_time\" content=\"2022-11-02T10:18:29+00:00\" \/>\n<meta name=\"twitter:card\" content=\"summary_large_image\" \/>\n<script type=\"application\/ld+json\" class=\"yoast-schema-graph\">{\"@context\":\"https:\/\/schema.org\",\"@graph\":[{\"@type\":\"WebPage\",\"@id\":\"https:\/\/polo-filter.avrio-web.de\/es\/app-de-polo\/\",\"url\":\"https:\/\/polo-filter.avrio-web.de\/es\/app-de-polo\/\",\"name\":\"APP de POLO - POLO Filter-Technik\",\"isPartOf\":{\"@id\":\"https:\/\/polo-filter.avrio-web.de\/es\/#website\"},\"datePublished\":\"2022-11-02T10:18:07+00:00\",\"dateModified\":\"2022-11-02T10:18:29+00:00\",\"breadcrumb\":{\"@id\":\"https:\/\/polo-filter.avrio-web.de\/es\/app-de-polo\/#breadcrumb\"},\"inLanguage\":\"es\",\"potentialAction\":[{\"@type\":\"ReadAction\",\"target\":[\"https:\/\/polo-filter.avrio-web.de\/es\/app-de-polo\/\"]}]},{\"@type\":\"BreadcrumbList\",\"@id\":\"https:\/\/polo-filter.avrio-web.de\/es\/app-de-polo\/#breadcrumb\",\"itemListElement\":[{\"@type\":\"ListItem\",\"position\":1,\"name\":\"Startseite\",\"item\":\"https:\/\/polo-filter.avrio-web.de\/es\/\"},{\"@type\":\"ListItem\",\"position\":2,\"name\":\"POLO App (ES)\"}]},{\"@type\":\"WebSite\",\"@id\":\"https:\/\/polo-filter.avrio-web.de\/es\/#website\",\"url\":\"https:\/\/polo-filter.avrio-web.de\/es\/\",\"name\":\"POLO Filter-Technik\",\"description\":\"Filteranlagen nach Mass\",\"potentialAction\":[{\"@type\":\"SearchAction\",\"target\":{\"@type\":\"EntryPoint\",\"urlTemplate\":\"https:\/\/polo-filter.avrio-web.de\/es\/?s={search_term_string}\"},\"query-input\":{\"@type\":\"PropertyValueSpecification\",\"valueRequired\":true,\"valueName\":\"search_term_string\"}}],\"inLanguage\":\"es\"}]}<\/script>\n<!-- \/ Yoast SEO plugin. -->","yoast_head_json":{"title":"APP de POLO - POLO Filter-Technik","robots":{"index":"index","follow":"follow","max-snippet":"max-snippet:-1","max-image-preview":"max-image-preview:large","max-video-preview":"max-video-preview:-1"},"canonical":"https:\/\/polo-filter.avrio-web.de\/es\/app-de-polo\/","og_locale":"es_ES","og_type":"article","og_title":"APP de POLO - POLO Filter-Technik","og_url":"https:\/\/polo-filter.avrio-web.de\/es\/app-de-polo\/","og_site_name":"POLO Filter-Technik","article_modified_time":"2022-11-02T10:18:29+00:00","twitter_card":"summary_large_image","schema":{"@context":"https:\/\/schema.org","@graph":[{"@type":"WebPage","@id":"https:\/\/polo-filter.avrio-web.de\/es\/app-de-polo\/","url":"https:\/\/polo-filter.avrio-web.de\/es\/app-de-polo\/","name":"APP de POLO - POLO Filter-Technik","isPartOf":{"@id":"https:\/\/polo-filter.avrio-web.de\/es\/#website"},"datePublished":"2022-11-02T10:18:07+00:00","dateModified":"2022-11-02T10:18:29+00:00","breadcrumb":{"@id":"https:\/\/polo-filter.avrio-web.de\/es\/app-de-polo\/#breadcrumb"},"inLanguage":"es","potentialAction":[{"@type":"ReadAction","target":["https:\/\/polo-filter.avrio-web.de\/es\/app-de-polo\/"]}]},{"@type":"BreadcrumbList","@id":"https:\/\/polo-filter.avrio-web.de\/es\/app-de-polo\/#breadcrumb","itemListElement":[{"@type":"ListItem","position":1,"name":"Startseite","item":"https:\/\/polo-filter.avrio-web.de\/es\/"},{"@type":"ListItem","position":2,"name":"POLO App (ES)"}]},{"@type":"WebSite","@id":"https:\/\/polo-filter.avrio-web.de\/es\/#website","url":"https:\/\/polo-filter.avrio-web.de\/es\/","name":"POLO Filter-Technik","description":"Filteranlagen nach Mass","potentialAction":[{"@type":"SearchAction","target":{"@type":"EntryPoint","urlTemplate":"https:\/\/polo-filter.avrio-web.de\/es\/?s={search_term_string}"},"query-input":{"@type":"PropertyValueSpecification","valueRequired":true,"valueName":"search_term_string"}}],"inLanguage":"es"}]}},"_links":{"self":[{"href":"https:\/\/polo-filter.avrio-web.de\/es\/wp-json\/wp\/v2\/pages\/13530","targetHints":{"allow":["GET"]}}],"collection":[{"href":"https:\/\/polo-filter.avrio-web.de\/es\/wp-json\/wp\/v2\/pages"}],"about":[{"href":"https:\/\/polo-filter.avrio-web.de\/es\/wp-json\/wp\/v2\/types\/page"}],"author":[{"embeddable":true,"href":"https:\/\/polo-filter.avrio-web.de\/es\/wp-json\/wp\/v2\/users\/5"}],"replies":[{"embeddable":true,"href":"https:\/\/polo-filter.avrio-web.de\/es\/wp-json\/wp\/v2\/comments?post=13530"}],"version-history":[{"count":3,"href":"https:\/\/polo-filter.avrio-web.de\/es\/wp-json\/wp\/v2\/pages\/13530\/revisions"}],"predecessor-version":[{"id":13533,"href":"https:\/\/polo-filter.avrio-web.de\/es\/wp-json\/wp\/v2\/pages\/13530\/revisions\/13533"}],"wp:attachment":[{"href":"https:\/\/polo-filter.avrio-web.de\/es\/wp-json\/wp\/v2\/media?parent=13530"}],"curies":[{"name":"wp","href":"https:\/\/api.w.org\/{rel}","templated":true}]}}