{"id":13517,"date":"2022-11-02T11:01:20","date_gmt":"2022-11-02T10:01:20","guid":{"rendered":"https:\/\/polo-filter.avrio-web.de\/?page_id=13517"},"modified":"2022-11-03T14:31:59","modified_gmt":"2022-11-03T13:31:59","slug":"mantenimiento","status":"publish","type":"page","link":"https:\/\/polo-filter.avrio-web.de\/es\/mantenimiento\/","title":{"rendered":"Wartung (ES)"},"content":{"rendered":"\n    \n                                                 <div class=\"heroimage container\" style=\"height:650px;background-image: url(https:\/\/polo-filter.avrio-web.de\/wp-content\/uploads\/Wartung_POLO_Filter_Technik_Kopfbild_650px_101.jpg);background-repeat: no-repeat;background-size: contain;background-position: center \">\n                    \t<img decoding=\"async\" src=\"https:\/\/polo-filter.avrio-web.de\/wp-content\/uploads\/Wartung_POLO_Filter_Technik_Kopfbild_650px_101.jpg\" style=\"visibility: hidden;\" \/>\n\n                <\/div>\n                  \n\n\n        <div class=\"flexible-content acf-content standard\" id=\"block_6167ef42ad349\" style=\"background-color: transparent\">\n        <div class=\"flexible-content-inner container\" >\n            <div id=\"dynamiccontent\" class=\"flexible-item-wrapper\">\n               \n                <div class=\" flexible-items\" >\n                    <div class=\"row\">\n                                                   \n                                                            <div class=\"col-lg  flexible-item flex-text\">\n                                   <div class=\"inner\">\n                                       <h1>Mantenimiento<\/h1>\n<h2>R\u00e1pido y sin complicaciones<\/h2>\n                                   <\/div>\n                                <\/div>\n                                                                        <\/div>\n                <\/div>\n            <\/div>\n        <\/div>\n    <\/div>\n\n\n\n        <div id=\"bildnebentext\" class=\"flexible-content acf-content\"  style=\"background-color: transparent;\">\n        <div class=\"flexible-content-inner\">\n            <div class=\"flexible-item-wrapper\">\n\n                                                         \n                        <div class=\"container flexible-items\">\n                            <div class=\"row\">\n                                \n                                                                     <div class=\"col-lg  flexible-item flex-img \" data-aos=\"fade-up\">\n                                                                                     \t<div class=\"inner\" style=\"background-image: url(https:\/\/polo-filter.avrio-web.de\/wp-content\/uploads\/Wartung_POLO_Filter_Technik_Block_04_101.jpg)\"> \n                                                    <img decoding=\"async\" src=\"https:\/\/polo-filter.avrio-web.de\/wp-content\/uploads\/Wartung_POLO_Filter_Technik_Block_04_101.jpg\" style=\"visibility: hidden;\" \/>\n                                            \n                                        <\/div>  \n                                                                        <\/div>\n                                                                \n                                                                          <div class=\"col-lg  flexible-item flex-text grau\">\n                                           \n                                         <div class=\"inner  \" >\n                                         \t<div class=\"text\">\n                                         \t\t<h4>Mantenimiento preventivo<\/h4>\n<p>Para evitar paradas imprevistas de la producci\u00f3n, POLO pone a su disposici\u00f3n servicios de prevenci\u00f3n para sus sistemas de filtrado al m\u00e1s alto nivel.<br \/>\nIgual que ocurre con un coche, su sistema de filtrado necesita una \u00abrevisi\u00f3n\u00bb peri\u00f3dica. \u00bfEst\u00e1n las juntas en orden, est\u00e1 la cadena de transmisi\u00f3n desgastada o hay otros aspectos que podr\u00edan poner en peligro el trabajo de su sistema de filtrado?<br \/>\nEl tiempo perdido por paradas generales pone en peligro la producci\u00f3n. Por supuesto, tambi\u00e9n realizamos trabajos de asistencia durante los periodos de descanso de su empresa. \u00a1Fiable y r\u00e1pido!<\/p>\n                                         \t<\/div>\n                                         \t<div class=\"text-button\">\n                                         \t\t                                          \t<\/div>\n                                             \n                                             \n                                            \n                                        <\/div>\n                                    <\/div>\n                                                                                    <\/div>\n                    <\/div>\n\n                                     \n                        <div class=\"container flexible-items\">\n                            <div class=\"row\">\n                                \n                                                                          <div class=\"col-lg  flexible-item flex-text keine\">\n                                           \n                                         <div class=\"inner  \" >\n                                         \t<div class=\"text\">\n                                         \t\t<h4><strong>Mantenimiento<\/strong><\/h4>\n<p>La ejecuci\u00f3n de todos los trabajos de mantenimiento tambi\u00e9n se incluye en nuestra gama de servicios. Desde el inventario, pasando por la identificaci\u00f3n y el c\u00e1lculo de los intervalos de mantenimiento, hasta los trabajos de mantenimiento y las reparaciones. Nuestro equipo de asistencia t\u00e9cnica estar\u00e1 encantado de ayudarle durante todo el proceso de mantenimiento.<\/p>\n<p>Las distintas ubicaciones en Alemania permiten a nuestros equipos de asistencia t\u00e9cnica reaccionar y actuar con rapidez.<\/p>\n                                         \t<\/div>\n                                         \t<div class=\"text-button\">\n                                         \t\t                                          \t<\/div>\n                                             \n                                             \n                                            \n                                        <\/div>\n                                    <\/div>\n                                                            \n                                                                     <div class=\"col-lg  flexible-item flex-img \" data-aos=\"fade-up\">\n                                                                                     \t<div class=\"inner\" style=\"background-image: url(https:\/\/polo-filter.avrio-web.de\/wp-content\/uploads\/Wartung_POLO_Filter_Technik_Block_04_102.jpg)\"> \n                                                    <img decoding=\"async\" src=\"https:\/\/polo-filter.avrio-web.de\/wp-content\/uploads\/Wartung_POLO_Filter_Technik_Block_04_102.jpg\" style=\"visibility: hidden;\" \/>\n                                            \n                                        <\/div>  \n                                                                        <\/div>\n                                                                                        <\/div>\n                    <\/div>\n\n                                    <\/div>\n    <\/div>\n<\/div>\n\n\n\n        <div id=\"bildlinktextbutton\" class=\"flexible-content acf-content\"  style=\"background-color: #ececec;\">\n        <div class=\"flexible-content-inner\">\n            <div class=\"flexible-item-wrapper\">\n\n               \n                     \n                        <div class=\"container flexible-items\">\n                            <div class=\"row\">\n                                \n                                                                     <div class=\"col-lg  ja  flexible-item flex-img\" data-aos=\"fade-up\">\n                                        <div class=\"inner\"> \n                                            \n                                                                                            <div class=\"bild\">\n                                                    <img decoding=\"async\" src=\"https:\/\/polo-filter.avrio-web.de\/wp-content\/uploads\/Wartung_POLO_Filter_Technik_Block_01_101.jpg\" style=\"height: 100%; width: 100%; object-fit: cover;\" alt=\"Es wird ein Manometerhahn von einem Monteur eingedichtet. \" \/>\n                                                <\/div>  \n                                            <div class=\"hintergrund\" style=\"display: none\"><\/div>\n                                            <div class=\"bild-nein\" style=\"display: none\">\n\n                                                   \n   <img decoding=\"async\" src=\"https:\/\/polo-filter.avrio-web.de\/wp-content\/uploads\/Wartung_POLO_Filter_Technik_Block_01_101.jpg\" alt=\"Es wird ein Manometerhahn von einem Monteur eingedichtet. \" \/>\n                                            <\/div>\n\n                                            <div class=\"text\">\n                                                 <h3>Puesta en marcha<\/h3>\n<p>Durante la puesta en marcha, nuestro experimentado<br \/>\npersonal instruir\u00e1 perfectamente a sus empleados en su sistema de filtrado.<br \/>\nAs\u00ed, sus empleados ser\u00e1n capaces de detectar el desgaste<br \/>\no las aver\u00edas en una fase temprana.<br \/>\nEsto le permite tener en cuenta los trabajos de mantenimiento<br \/>\ny revisi\u00f3n a la hora de planificar la producci\u00f3n en el momento oportuno.<\/p>\n                                            <div class=\"text-button-bildlinktextbutton\">\n                                                \n                                             \n                                                <a class=\"button\" href=\"https:\/\/polo-filter.avrio-web.de\/es\/formulario-de-contacto\/\" target=\"_self\">Ir al formulario de contacto<\/a>\n                                          \n                                            <\/div>\n                                                                                  <\/div> \n\n                                        <\/div>\n                                    <\/div>\n                                  \n                                                            \n                                                                     <div class=\"col-lg  ja  flexible-item flex-img\" data-aos=\"fade-up\">\n                                        <div class=\"inner\"> \n                                            \n                                                                                            <div class=\"bild\">\n                                                    <img decoding=\"async\" src=\"https:\/\/polo-filter.avrio-web.de\/wp-content\/uploads\/Wartung_POLO_Filter_Technik_01_102-scaled.jpg\" style=\"height: 100%; width: 100%; object-fit: cover;\" alt=\"Die POLO-App ist auf einem Smartphone ge\u00f6ffnet\" \/>\n                                                <\/div>  \n                                            <div class=\"hintergrund\" style=\"display: none\"><\/div>\n                                            <div class=\"bild-nein\" style=\"display: none\">\n\n                                                   \n   <img decoding=\"async\" src=\"https:\/\/polo-filter.avrio-web.de\/wp-content\/uploads\/Wartung_POLO_Filter_Technik_01_102-scaled.jpg\" alt=\"Die POLO-App ist auf einem Smartphone ge\u00f6ffnet\" \/>\n                                            <\/div>\n\n                                            <div class=\"text\">\n                                                 <h3>Realice usted mismo\/a los trabajos de mantenimiento;<\/h3>\n<p>no importa si se trata de un solo sistema de filtrado POLO o de un grupo de sistemas, con esta aplicaci\u00f3n siempre tendr\u00e1 una visi\u00f3n general. Cualquier desviaci\u00f3n del nivel \u00f3ptimo de funcionamiento se muestra inmediatamente. De esta forma, se tiene un mayor control y se puede actuar en una fase temprana. Adem\u00e1s, en la aplicaci\u00f3n encontrar\u00e1 v\u00eddeos sobre trabajos de mantenimiento que puede realizar usted mismo\/a.<\/p>\n                                            <div class=\"text-button-bildlinktextbutton\">\n                                                \n                                             \n                                                <a class=\"button\" href=\"https:\/\/polo-filter.avrio-web.de\/es\/app-de-polo\/\" target=\"_self\">Ir a la aplicaci\u00f3n POLO<\/a>\n                                          \n                                            <\/div>\n                                                                                  <\/div> \n\n                                        <\/div>\n                                    <\/div>\n                                  \n                                                                                    <\/div>\n                    <\/div>\n\n             \n        <\/div>\n    <\/div>\n<\/div>\n\n","protected":false},"excerpt":{"rendered":"","protected":false},"author":5,"featured_media":0,"parent":0,"menu_order":114,"comment_status":"closed","ping_status":"closed","template":"","meta":{"_acf_changed":false,"footnotes":""},"class_list":["post-13517","page","type-page","status-publish","hentry"],"acf":[],"yoast_head":"<!-- This site is optimized with the Yoast SEO plugin v25.8 - https:\/\/yoast.com\/wordpress\/plugins\/seo\/ -->\n<title>Mantenimiento - POLO Filter-Technik<\/title>\n<meta name=\"robots\" content=\"index, follow, max-snippet:-1, max-image-preview:large, max-video-preview:-1\" \/>\n<link rel=\"canonical\" href=\"https:\/\/polo-filter.avrio-web.de\/es\/mantenimiento\/\" \/>\n<meta property=\"og:locale\" content=\"es_ES\" \/>\n<meta property=\"og:type\" content=\"article\" \/>\n<meta property=\"og:title\" content=\"Mantenimiento - POLO Filter-Technik\" \/>\n<meta property=\"og:url\" content=\"https:\/\/polo-filter.avrio-web.de\/es\/mantenimiento\/\" \/>\n<meta property=\"og:site_name\" content=\"POLO Filter-Technik\" \/>\n<meta property=\"article:modified_time\" content=\"2022-11-03T13:31:59+00:00\" \/>\n<meta name=\"twitter:card\" content=\"summary_large_image\" \/>\n<script type=\"application\/ld+json\" class=\"yoast-schema-graph\">{\"@context\":\"https:\/\/schema.org\",\"@graph\":[{\"@type\":\"WebPage\",\"@id\":\"https:\/\/polo-filter.avrio-web.de\/es\/mantenimiento\/\",\"url\":\"https:\/\/polo-filter.avrio-web.de\/es\/mantenimiento\/\",\"name\":\"Mantenimiento - POLO Filter-Technik\",\"isPartOf\":{\"@id\":\"https:\/\/polo-filter.avrio-web.de\/es\/#website\"},\"datePublished\":\"2022-11-02T10:01:20+00:00\",\"dateModified\":\"2022-11-03T13:31:59+00:00\",\"breadcrumb\":{\"@id\":\"https:\/\/polo-filter.avrio-web.de\/es\/mantenimiento\/#breadcrumb\"},\"inLanguage\":\"es\",\"potentialAction\":[{\"@type\":\"ReadAction\",\"target\":[\"https:\/\/polo-filter.avrio-web.de\/es\/mantenimiento\/\"]}]},{\"@type\":\"BreadcrumbList\",\"@id\":\"https:\/\/polo-filter.avrio-web.de\/es\/mantenimiento\/#breadcrumb\",\"itemListElement\":[{\"@type\":\"ListItem\",\"position\":1,\"name\":\"Startseite\",\"item\":\"https:\/\/polo-filter.avrio-web.de\/es\/\"},{\"@type\":\"ListItem\",\"position\":2,\"name\":\"Wartung (ES)\"}]},{\"@type\":\"WebSite\",\"@id\":\"https:\/\/polo-filter.avrio-web.de\/es\/#website\",\"url\":\"https:\/\/polo-filter.avrio-web.de\/es\/\",\"name\":\"POLO Filter-Technik\",\"description\":\"Filteranlagen nach Mass\",\"potentialAction\":[{\"@type\":\"SearchAction\",\"target\":{\"@type\":\"EntryPoint\",\"urlTemplate\":\"https:\/\/polo-filter.avrio-web.de\/es\/?s={search_term_string}\"},\"query-input\":{\"@type\":\"PropertyValueSpecification\",\"valueRequired\":true,\"valueName\":\"search_term_string\"}}],\"inLanguage\":\"es\"}]}<\/script>\n<!-- \/ Yoast SEO plugin. -->","yoast_head_json":{"title":"Mantenimiento - POLO Filter-Technik","robots":{"index":"index","follow":"follow","max-snippet":"max-snippet:-1","max-image-preview":"max-image-preview:large","max-video-preview":"max-video-preview:-1"},"canonical":"https:\/\/polo-filter.avrio-web.de\/es\/mantenimiento\/","og_locale":"es_ES","og_type":"article","og_title":"Mantenimiento - POLO Filter-Technik","og_url":"https:\/\/polo-filter.avrio-web.de\/es\/mantenimiento\/","og_site_name":"POLO Filter-Technik","article_modified_time":"2022-11-03T13:31:59+00:00","twitter_card":"summary_large_image","schema":{"@context":"https:\/\/schema.org","@graph":[{"@type":"WebPage","@id":"https:\/\/polo-filter.avrio-web.de\/es\/mantenimiento\/","url":"https:\/\/polo-filter.avrio-web.de\/es\/mantenimiento\/","name":"Mantenimiento - POLO Filter-Technik","isPartOf":{"@id":"https:\/\/polo-filter.avrio-web.de\/es\/#website"},"datePublished":"2022-11-02T10:01:20+00:00","dateModified":"2022-11-03T13:31:59+00:00","breadcrumb":{"@id":"https:\/\/polo-filter.avrio-web.de\/es\/mantenimiento\/#breadcrumb"},"inLanguage":"es","potentialAction":[{"@type":"ReadAction","target":["https:\/\/polo-filter.avrio-web.de\/es\/mantenimiento\/"]}]},{"@type":"BreadcrumbList","@id":"https:\/\/polo-filter.avrio-web.de\/es\/mantenimiento\/#breadcrumb","itemListElement":[{"@type":"ListItem","position":1,"name":"Startseite","item":"https:\/\/polo-filter.avrio-web.de\/es\/"},{"@type":"ListItem","position":2,"name":"Wartung (ES)"}]},{"@type":"WebSite","@id":"https:\/\/polo-filter.avrio-web.de\/es\/#website","url":"https:\/\/polo-filter.avrio-web.de\/es\/","name":"POLO Filter-Technik","description":"Filteranlagen nach Mass","potentialAction":[{"@type":"SearchAction","target":{"@type":"EntryPoint","urlTemplate":"https:\/\/polo-filter.avrio-web.de\/es\/?s={search_term_string}"},"query-input":{"@type":"PropertyValueSpecification","valueRequired":true,"valueName":"search_term_string"}}],"inLanguage":"es"}]}},"_links":{"self":[{"href":"https:\/\/polo-filter.avrio-web.de\/es\/wp-json\/wp\/v2\/pages\/13517","targetHints":{"allow":["GET"]}}],"collection":[{"href":"https:\/\/polo-filter.avrio-web.de\/es\/wp-json\/wp\/v2\/pages"}],"about":[{"href":"https:\/\/polo-filter.avrio-web.de\/es\/wp-json\/wp\/v2\/types\/page"}],"author":[{"embeddable":true,"href":"https:\/\/polo-filter.avrio-web.de\/es\/wp-json\/wp\/v2\/users\/5"}],"replies":[{"embeddable":true,"href":"https:\/\/polo-filter.avrio-web.de\/es\/wp-json\/wp\/v2\/comments?post=13517"}],"version-history":[{"count":11,"href":"https:\/\/polo-filter.avrio-web.de\/es\/wp-json\/wp\/v2\/pages\/13517\/revisions"}],"predecessor-version":[{"id":13789,"href":"https:\/\/polo-filter.avrio-web.de\/es\/wp-json\/wp\/v2\/pages\/13517\/revisions\/13789"}],"wp:attachment":[{"href":"https:\/\/polo-filter.avrio-web.de\/es\/wp-json\/wp\/v2\/media?parent=13517"}],"curies":[{"name":"wp","href":"https:\/\/api.w.org\/{rel}","templated":true}]}}