{"id":13510,"date":"2022-11-02T10:50:31","date_gmt":"2022-11-02T09:50:31","guid":{"rendered":"https:\/\/polo-filter.avrio-web.de\/?page_id=13510"},"modified":"2022-12-01T10:45:47","modified_gmt":"2022-12-01T09:45:47","slug":"laboratorio","status":"publish","type":"page","link":"https:\/\/polo-filter.avrio-web.de\/es\/laboratorio\/","title":{"rendered":"Labor (ES)"},"content":{"rendered":"\n    \n                                                 <div class=\"heroimage container\" style=\"height:650px;background-image: url(https:\/\/polo-filter.avrio-web.de\/wp-content\/uploads\/Labor_POLO_Filter_Technik_Kopfbild_650px_101.jpg);background-repeat: no-repeat;background-size: contain;background-position: center \">\n                    \t<img decoding=\"async\" src=\"https:\/\/polo-filter.avrio-web.de\/wp-content\/uploads\/Labor_POLO_Filter_Technik_Kopfbild_650px_101.jpg\" style=\"visibility: hidden;\" \/>\n\n                <\/div>\n                  \n\n\n        <div class=\"flexible-content acf-content standard\" id=\"block_61658d44afc46\" style=\"background-color: transparent\">\n        <div class=\"flexible-content-inner container\" >\n            <div id=\"dynamiccontent\" class=\"flexible-item-wrapper\">\n               \n                <div class=\" flexible-items\" >\n                    <div class=\"row\">\n                                                   \n                                                            <div class=\"col-lg  flexible-item flex-text\">\n                                   <div class=\"inner\">\n                                       <h1>Laboratorio<\/h1>\n<h2>Analizamos sus necesidades de filtraci\u00f3n<\/h2>\n                                   <\/div>\n                                <\/div>\n                                                                        <\/div>\n                <\/div>\n            <\/div>\n        <\/div>\n    <\/div>\n\n\n\n        <div class=\"flexible-content acf-content standard\" id=\"block_61658d68afc48\" style=\"background-color: #ececec\">\n        <div class=\"flexible-content-inner container\" >\n            <div id=\"dynamiccontent\" class=\"flexible-item-wrapper\">\n               \n                <div class=\" flexible-items\" >\n                    <div class=\"row\">\n                                                   \n                                                            <div class=\"col-lg  flexible-item flex-text\">\n                                   <div class=\"inner\">\n                                       <p><img loading=\"lazy\" decoding=\"async\" class=\"alignright wp-image-5751\" src=\"https:\/\/polo-filter.avrio-web.de\/wp-content\/uploads\/Labor_POLO_Filter_Technik_01_101-264x300.jpg\" alt=\"\" width=\"380\" height=\"432\" srcset=\"https:\/\/polo-filter.avrio-web.de\/wp-content\/uploads\/Labor_POLO_Filter_Technik_01_101-264x300.jpg 264w, https:\/\/polo-filter.avrio-web.de\/wp-content\/uploads\/Labor_POLO_Filter_Technik_01_101-901x1024.jpg 901w, https:\/\/polo-filter.avrio-web.de\/wp-content\/uploads\/Labor_POLO_Filter_Technik_01_101-768x873.jpg 768w, https:\/\/polo-filter.avrio-web.de\/wp-content\/uploads\/Labor_POLO_Filter_Technik_01_101-1351x1536.jpg 1351w, https:\/\/polo-filter.avrio-web.de\/wp-content\/uploads\/Labor_POLO_Filter_Technik_01_101-1802x2048.jpg 1802w, https:\/\/polo-filter.avrio-web.de\/wp-content\/uploads\/Labor_POLO_Filter_Technik_01_101-528x600.jpg 528w, https:\/\/polo-filter.avrio-web.de\/wp-content\/uploads\/Labor_POLO_Filter_Technik_01_101-scaled.jpg 1214w\" sizes=\"auto, (max-width: 380px) 100vw, 380px\" \/>Para una aplicaci\u00f3n espec\u00edfica, env\u00edenos una muestra del medio a limpiar. Puede adquirir los contenedores de transporte previstos para ello directamente de nosotros.<br \/>\n<a href=\"mailto:ritter@polo-filter.com\"><span style=\"color: #0064ad\">ritter@polo-filter.com<\/span><\/a>\u00a0| <span style=\"color: #0064ad\"><a style=\"color: #0064ad\" href=\"tel:+494212380255\">0421 \/ 23802 &#8211; 55<\/a><\/span><br \/>\nDicha muestra se somete a una prueba precisa de contenido de suciedad y capacidad de filtraci\u00f3n en nuestro laboratorio. Sobre la base de los resultados, prepararemos una oferta personalizada para usted.<\/p>\n<p>&nbsp;<\/p>\n<p>Desde 1949, asesoramos, planificamos, dise\u00f1amos y fabricamos sistemas de filtraci\u00f3n personalizados para una amplia gama de aplicaciones y caudales.<\/p>\n<p>&nbsp;<\/p>\n<p>Proporcionamos la soluci\u00f3n adecuada.<br \/>\nA continuaci\u00f3n encontrar\u00e1 un PDF para descargar con la informaci\u00f3n m\u00e1s importante que necesitamos de usted para una r\u00e1pida tramitaci\u00f3n.<\/p>\n                                   <\/div>\n                                <\/div>\n                                                                        <\/div>\n                <\/div>\n            <\/div>\n        <\/div>\n    <\/div>\n\n\n\n        <div id=\"bildtextgruenerbutton\" class=\"flexible-content acf-content\"  style=\"background-color: transparent;\">\n        <div class=\"flexible-content-inner\">\n            <div class=\"flexible-item-wrapper\">\n\n               \n                     \n                        <div class=\"container flexible-items\">\n                            <div class=\"row\">\n                                \n                                                                     <div class=\"col-lg  bildtextgruenerbutton-box\" data-aos=\"fade-up\">\n                                        <div class=\"inner\"> \n\n\n                                            <div class=\"col-12 bild\">\n                                                  \n                                            <\/div>\n\n                                            <div class=\"col-12 beschreibung\">\n                                            \t <h3>PDF: An\u00e1lisis de muestras<\/h3>\n<p>Analizamos sus necesidades de filtraci\u00f3n y creamos un concepto para su aplicaci\u00f3n individual. Rellene el siguiente PDF.<\/p>\n                                            <\/div> \n\n\n                                        <div class=\"overflow\">\n                                                                                        <div class=\"col-10 text\">\n                                                <a class=\"\" href=\"https:\/\/polo-filter.avrio-web.de\/wp-content\/uploads\/POLO_Filter_Leitfaden_Labor__EN_02.pdf\" target=\"_self\" style=\"color:#2c2c2c;\"> <h4>Descargar PDF <strong>&#8212;&gt;<\/strong><\/h4>\n<\/a>\n                                            <\/div> \n                                                                                    <div class=\"col-2 button\">\n                                               \n                                                                                                       <a class=\"button\" href=\"https:\/\/polo-filter.avrio-web.de\/wp-content\/uploads\/POLO_Filter_Leitfaden_Labor__EN_02.pdf\" target=\"_self\"><img decoding=\"async\" src=\"https:\/\/polo-filter.avrio-web.de\/wp-content\/uploads\/POLO_Filter_Technik_Icon_Gruen_PDF.png\" alt=\"\" \/><\/a>\n                                                                                            <\/div>\n                                        <\/div>\n\n\n                                         \n\n\n                                             \n\n\n                                             \n\n\n                                            \n\n\n                                        <\/div>\n                                    <\/div>\n                                  \n                                                            \n                                                                     <div class=\"col-lg  bildtextgruenerbutton-box\" data-aos=\"fade-up\">\n                                        <div class=\"inner\"> \n\n\n                                            <div class=\"col-12 bild\">\n                                                  \n                                            <\/div>\n\n                                            <div class=\"col-12 beschreibung\">\n                                            \t <h3>Asesoramiento<\/h3>\n<p>Servicio r\u00e1pido y sin complicaciones en sus filtros, as\u00ed como asesoramiento competente directamente en sus instalaciones, en todo el mundo<\/p>\n                                            <\/div> \n\n\n                                        <div class=\"overflow\">\n                                                                                        <div class=\"col-10 text\">\n                                                <a class=\"\" href=\"https:\/\/polo-filter.avrio-web.de\/es\/asesoramiento\/\" target=\"_self\" style=\"color:#2c2c2c;\"> <h4>Ir a la asesoramiento<\/h4>\n<\/a>\n                                            <\/div> \n                                                                                    <div class=\"col-2 button\">\n                                               \n                                                                                                       <a class=\"button\" href=\"https:\/\/polo-filter.avrio-web.de\/es\/asesoramiento\/\" target=\"_self\"><img decoding=\"async\" src=\"https:\/\/polo-filter.avrio-web.de\/wp-content\/uploads\/POLO_Filter_Technik_Icon_Gruen_Sprechblase.png\" alt=\"\" \/><\/a>\n                                                                                            <\/div>\n                                        <\/div>\n\n\n                                         \n\n\n                                             \n\n\n                                             \n\n\n                                            \n\n\n                                        <\/div>\n                                    <\/div>\n                                  \n                                                            \n                                                                     <div class=\"col-lg  bildtextgruenerbutton-box\" data-aos=\"fade-up\">\n                                        <div class=\"inner\"> \n\n\n                                            <div class=\"col-12 bild\">\n                                                  \n                                            <\/div>\n\n                                            <div class=\"col-12 beschreibung\">\n                                            \t <h3>Filtros de alquiler y de prueba<\/h3>\n<p>Estaremos encantados de proporcionarle un filtro para su prueba e instalaci\u00f3n.<\/p>\n<ul>\n<li>Filtros a prueba<\/li>\n<li>Skimmer a prueba<\/li>\n<\/ul>\n                                            <\/div> \n\n\n                                        <div class=\"overflow\">\n                                                                                        <div class=\"col-10 text\">\n                                                <a class=\"\" href=\"https:\/\/polo-filter.avrio-web.de\/es\/pruebas-muestras\/\" target=\"_self\" style=\"color:#2c2c2c;\"> <h4>Informaci\u00f3n detallada<\/h4>\n<\/a>\n                                            <\/div> \n                                                                                    <div class=\"col-2 button\">\n                                               \n                                                                                                       <a class=\"button\" href=\"https:\/\/polo-filter.avrio-web.de\/es\/pruebas-muestras\/\" target=\"_self\"><img decoding=\"async\" src=\"https:\/\/polo-filter.avrio-web.de\/wp-content\/uploads\/POLO_Filter_Technik_Icon_Gruen_Pfeil_rechts.png\" alt=\"\" \/><\/a>\n                                                                                            <\/div>\n                                        <\/div>\n\n\n                                         \n\n\n                                             \n\n\n                                             \n\n\n                                            \n\n\n                                        <\/div>\n                                    <\/div>\n                                  \n                                                                                    <\/div> <!-- row-->\n                    <\/div>\n\n             \n        <\/div>\n    <\/div>\n<\/div>\n\n","protected":false},"excerpt":{"rendered":"","protected":false},"author":5,"featured_media":0,"parent":0,"menu_order":104,"comment_status":"closed","ping_status":"closed","template":"","meta":{"_acf_changed":false,"footnotes":""},"class_list":["post-13510","page","type-page","status-publish","hentry"],"acf":[],"yoast_head":"<!-- This site is optimized with the Yoast SEO plugin v25.8 - https:\/\/yoast.com\/wordpress\/plugins\/seo\/ -->\n<title>Laboratorio - POLO Filter-Technik<\/title>\n<meta name=\"robots\" content=\"index, follow, max-snippet:-1, max-image-preview:large, max-video-preview:-1\" \/>\n<link rel=\"canonical\" href=\"https:\/\/polo-filter.avrio-web.de\/es\/laboratorio\/\" \/>\n<meta property=\"og:locale\" content=\"es_ES\" \/>\n<meta property=\"og:type\" content=\"article\" \/>\n<meta property=\"og:title\" content=\"Laboratorio - POLO Filter-Technik\" \/>\n<meta property=\"og:url\" content=\"https:\/\/polo-filter.avrio-web.de\/es\/laboratorio\/\" \/>\n<meta property=\"og:site_name\" content=\"POLO Filter-Technik\" \/>\n<meta property=\"article:modified_time\" content=\"2022-12-01T09:45:47+00:00\" \/>\n<meta name=\"twitter:card\" content=\"summary_large_image\" \/>\n<script type=\"application\/ld+json\" class=\"yoast-schema-graph\">{\"@context\":\"https:\/\/schema.org\",\"@graph\":[{\"@type\":\"WebPage\",\"@id\":\"https:\/\/polo-filter.avrio-web.de\/es\/laboratorio\/\",\"url\":\"https:\/\/polo-filter.avrio-web.de\/es\/laboratorio\/\",\"name\":\"Laboratorio - POLO Filter-Technik\",\"isPartOf\":{\"@id\":\"https:\/\/polo-filter.avrio-web.de\/es\/#website\"},\"datePublished\":\"2022-11-02T09:50:31+00:00\",\"dateModified\":\"2022-12-01T09:45:47+00:00\",\"breadcrumb\":{\"@id\":\"https:\/\/polo-filter.avrio-web.de\/es\/laboratorio\/#breadcrumb\"},\"inLanguage\":\"es\",\"potentialAction\":[{\"@type\":\"ReadAction\",\"target\":[\"https:\/\/polo-filter.avrio-web.de\/es\/laboratorio\/\"]}]},{\"@type\":\"BreadcrumbList\",\"@id\":\"https:\/\/polo-filter.avrio-web.de\/es\/laboratorio\/#breadcrumb\",\"itemListElement\":[{\"@type\":\"ListItem\",\"position\":1,\"name\":\"Startseite\",\"item\":\"https:\/\/polo-filter.avrio-web.de\/es\/\"},{\"@type\":\"ListItem\",\"position\":2,\"name\":\"Labor (ES)\"}]},{\"@type\":\"WebSite\",\"@id\":\"https:\/\/polo-filter.avrio-web.de\/es\/#website\",\"url\":\"https:\/\/polo-filter.avrio-web.de\/es\/\",\"name\":\"POLO Filter-Technik\",\"description\":\"Filteranlagen nach Mass\",\"potentialAction\":[{\"@type\":\"SearchAction\",\"target\":{\"@type\":\"EntryPoint\",\"urlTemplate\":\"https:\/\/polo-filter.avrio-web.de\/es\/?s={search_term_string}\"},\"query-input\":{\"@type\":\"PropertyValueSpecification\",\"valueRequired\":true,\"valueName\":\"search_term_string\"}}],\"inLanguage\":\"es\"}]}<\/script>\n<!-- \/ Yoast SEO plugin. -->","yoast_head_json":{"title":"Laboratorio - POLO Filter-Technik","robots":{"index":"index","follow":"follow","max-snippet":"max-snippet:-1","max-image-preview":"max-image-preview:large","max-video-preview":"max-video-preview:-1"},"canonical":"https:\/\/polo-filter.avrio-web.de\/es\/laboratorio\/","og_locale":"es_ES","og_type":"article","og_title":"Laboratorio - POLO Filter-Technik","og_url":"https:\/\/polo-filter.avrio-web.de\/es\/laboratorio\/","og_site_name":"POLO Filter-Technik","article_modified_time":"2022-12-01T09:45:47+00:00","twitter_card":"summary_large_image","schema":{"@context":"https:\/\/schema.org","@graph":[{"@type":"WebPage","@id":"https:\/\/polo-filter.avrio-web.de\/es\/laboratorio\/","url":"https:\/\/polo-filter.avrio-web.de\/es\/laboratorio\/","name":"Laboratorio - POLO Filter-Technik","isPartOf":{"@id":"https:\/\/polo-filter.avrio-web.de\/es\/#website"},"datePublished":"2022-11-02T09:50:31+00:00","dateModified":"2022-12-01T09:45:47+00:00","breadcrumb":{"@id":"https:\/\/polo-filter.avrio-web.de\/es\/laboratorio\/#breadcrumb"},"inLanguage":"es","potentialAction":[{"@type":"ReadAction","target":["https:\/\/polo-filter.avrio-web.de\/es\/laboratorio\/"]}]},{"@type":"BreadcrumbList","@id":"https:\/\/polo-filter.avrio-web.de\/es\/laboratorio\/#breadcrumb","itemListElement":[{"@type":"ListItem","position":1,"name":"Startseite","item":"https:\/\/polo-filter.avrio-web.de\/es\/"},{"@type":"ListItem","position":2,"name":"Labor (ES)"}]},{"@type":"WebSite","@id":"https:\/\/polo-filter.avrio-web.de\/es\/#website","url":"https:\/\/polo-filter.avrio-web.de\/es\/","name":"POLO Filter-Technik","description":"Filteranlagen nach Mass","potentialAction":[{"@type":"SearchAction","target":{"@type":"EntryPoint","urlTemplate":"https:\/\/polo-filter.avrio-web.de\/es\/?s={search_term_string}"},"query-input":{"@type":"PropertyValueSpecification","valueRequired":true,"valueName":"search_term_string"}}],"inLanguage":"es"}]}},"_links":{"self":[{"href":"https:\/\/polo-filter.avrio-web.de\/es\/wp-json\/wp\/v2\/pages\/13510","targetHints":{"allow":["GET"]}}],"collection":[{"href":"https:\/\/polo-filter.avrio-web.de\/es\/wp-json\/wp\/v2\/pages"}],"about":[{"href":"https:\/\/polo-filter.avrio-web.de\/es\/wp-json\/wp\/v2\/types\/page"}],"author":[{"embeddable":true,"href":"https:\/\/polo-filter.avrio-web.de\/es\/wp-json\/wp\/v2\/users\/5"}],"replies":[{"embeddable":true,"href":"https:\/\/polo-filter.avrio-web.de\/es\/wp-json\/wp\/v2\/comments?post=13510"}],"version-history":[{"count":11,"href":"https:\/\/polo-filter.avrio-web.de\/es\/wp-json\/wp\/v2\/pages\/13510\/revisions"}],"predecessor-version":[{"id":14143,"href":"https:\/\/polo-filter.avrio-web.de\/es\/wp-json\/wp\/v2\/pages\/13510\/revisions\/14143"}],"wp:attachment":[{"href":"https:\/\/polo-filter.avrio-web.de\/es\/wp-json\/wp\/v2\/media?parent=13510"}],"curies":[{"name":"wp","href":"https:\/\/api.w.org\/{rel}","templated":true}]}}