{"id":13488,"date":"2021-06-25T09:34:06","date_gmt":"2021-06-25T07:34:06","guid":{"rendered":"https:\/\/polo-filter.avrio-web.de\/vertretung-aussendienst\/"},"modified":"2022-11-03T11:48:35","modified_gmt":"2022-11-03T10:48:35","slug":"representacion","status":"publish","type":"page","link":"https:\/\/polo-filter.avrio-web.de\/es\/representacion\/","title":{"rendered":"Representaci\u00f3n"},"content":{"rendered":"\n    \n                                                 <div class=\"heroimage container\" style=\"height:650px;background-image: url(https:\/\/polo-filter.avrio-web.de\/wp-content\/uploads\/Vertretung_POLO_Filter_Technik_Kopfbild_650px_102.jpg);background-repeat: no-repeat;background-size: contain;background-position: center \">\n                    \t<img decoding=\"async\" src=\"https:\/\/polo-filter.avrio-web.de\/wp-content\/uploads\/Vertretung_POLO_Filter_Technik_Kopfbild_650px_102.jpg\" style=\"visibility: hidden;\" \/>\n\n                <\/div>\n                  \n\n\n        <div class=\"flexible-content acf-content standard\" id=\"block_61ee81c4567c6\" style=\"background-color: transparent\">\n        <div class=\"flexible-content-inner container\" >\n            <div id=\"dynamiccontent\" class=\"flexible-item-wrapper\">\n               \n                <div class=\" flexible-items\" >\n                    <div class=\"row\">\n                                                   \n                                                            <div class=\"col-lg  flexible-item flex-text\">\n                                   <div class=\"inner\">\n                                       <h1>Representantes a nivel mundial<\/h1>\n<h2>Personas de contacto POLO Filter<\/h2>\n<p>\u00a1Tambi\u00e9n filtramos la persona de contacto adecuada para usted! Utilice el campo de b\u00fasqueda que aparece a continuaci\u00f3n para encontrar la representaci\u00f3n adecuada en su pa\u00eds o en el extranjero.<\/p>\n<p>&nbsp;<\/p>\n<div id=\"ansprechpartner-wrapper\">\n    <div class=\"inner\">\n        <form id=\"ansprechpartner-form\">\n            <div class=\"row\">\n                <div class=\"col-md-6\">\n                    <div class=\"info\">\n                        <p>\n                            Elija su pa\u00eds                        <\/p>\n                    <\/div>\n                <\/div>\n                <div class=\"col-md-4\">\n                    <div id=\"country-wrapper\" class=\"field-wrapper\">\n                        <label for=\"country\">Pa\u00eds<\/label>\n                        <select name=\"country\" id=\"country\">\n                            <option value=\"\" disabled selected>Por favor, seleccione<\/option>\n                        <\/select>\n                    <\/div>\n                <\/div>\n                <div class=\"col-md-2\">\n                    <div id=\"zip-wrapper\" class=\"field-wrapper\">\n                        <label for=\"zip\">ZIP<\/label>\n                        <input id=\"zip\" name=\"zip\" type=\"text\" inputmode=\"numeric\" pattern=\"[0-9]*\" maxlength=\"5\" autocomplete=\"off\">\n                    <\/div>\n                <\/div>\n            <\/div>\n        <\/form>\n        <div id=\"contact-results-wrapper\">\n            <div id=\"contact-results\"><\/div>\n        <\/div>\n<\/div>\n\n\n<p>&nbsp;<\/p>\n<p>&nbsp;<\/p>\n                                   <\/div>\n                                <\/div>\n                                                                        <\/div>\n                <\/div>\n            <\/div>\n        <\/div>\n    <\/div>\n\n","protected":false},"excerpt":{"rendered":"","protected":false},"author":4,"featured_media":0,"parent":0,"menu_order":132,"comment_status":"closed","ping_status":"closed","template":"","meta":{"_acf_changed":false,"footnotes":""},"class_list":["post-13488","page","type-page","status-publish","hentry"],"acf":[],"yoast_head":"<!-- This site is optimized with the Yoast SEO plugin v25.8 - https:\/\/yoast.com\/wordpress\/plugins\/seo\/ -->\n<title>Representaci\u00f3n - POLO Filter-Technik<\/title>\n<meta name=\"robots\" content=\"index, follow, max-snippet:-1, max-image-preview:large, max-video-preview:-1\" \/>\n<link rel=\"canonical\" href=\"https:\/\/polo-filter.avrio-web.de\/es\/representacion\/\" \/>\n<meta property=\"og:locale\" content=\"es_ES\" \/>\n<meta property=\"og:type\" content=\"article\" \/>\n<meta property=\"og:title\" content=\"Representaci\u00f3n - POLO Filter-Technik\" \/>\n<meta property=\"og:url\" content=\"https:\/\/polo-filter.avrio-web.de\/es\/representacion\/\" \/>\n<meta property=\"og:site_name\" content=\"POLO Filter-Technik\" \/>\n<meta property=\"article:modified_time\" content=\"2022-11-03T10:48:35+00:00\" \/>\n<meta name=\"twitter:card\" content=\"summary_large_image\" \/>\n<script type=\"application\/ld+json\" class=\"yoast-schema-graph\">{\"@context\":\"https:\/\/schema.org\",\"@graph\":[{\"@type\":\"WebPage\",\"@id\":\"https:\/\/polo-filter.avrio-web.de\/es\/representacion\/\",\"url\":\"https:\/\/polo-filter.avrio-web.de\/es\/representacion\/\",\"name\":\"Representaci\u00f3n - POLO Filter-Technik\",\"isPartOf\":{\"@id\":\"https:\/\/polo-filter.avrio-web.de\/es\/#website\"},\"datePublished\":\"2021-06-25T07:34:06+00:00\",\"dateModified\":\"2022-11-03T10:48:35+00:00\",\"breadcrumb\":{\"@id\":\"https:\/\/polo-filter.avrio-web.de\/es\/representacion\/#breadcrumb\"},\"inLanguage\":\"es\",\"potentialAction\":[{\"@type\":\"ReadAction\",\"target\":[\"https:\/\/polo-filter.avrio-web.de\/es\/representacion\/\"]}]},{\"@type\":\"BreadcrumbList\",\"@id\":\"https:\/\/polo-filter.avrio-web.de\/es\/representacion\/#breadcrumb\",\"itemListElement\":[{\"@type\":\"ListItem\",\"position\":1,\"name\":\"Startseite\",\"item\":\"https:\/\/polo-filter.avrio-web.de\/es\/\"},{\"@type\":\"ListItem\",\"position\":2,\"name\":\"Representaci\u00f3n\"}]},{\"@type\":\"WebSite\",\"@id\":\"https:\/\/polo-filter.avrio-web.de\/es\/#website\",\"url\":\"https:\/\/polo-filter.avrio-web.de\/es\/\",\"name\":\"POLO Filter-Technik\",\"description\":\"Filteranlagen nach Mass\",\"potentialAction\":[{\"@type\":\"SearchAction\",\"target\":{\"@type\":\"EntryPoint\",\"urlTemplate\":\"https:\/\/polo-filter.avrio-web.de\/es\/?s={search_term_string}\"},\"query-input\":{\"@type\":\"PropertyValueSpecification\",\"valueRequired\":true,\"valueName\":\"search_term_string\"}}],\"inLanguage\":\"es\"}]}<\/script>\n<!-- \/ Yoast SEO plugin. -->","yoast_head_json":{"title":"Representaci\u00f3n - POLO Filter-Technik","robots":{"index":"index","follow":"follow","max-snippet":"max-snippet:-1","max-image-preview":"max-image-preview:large","max-video-preview":"max-video-preview:-1"},"canonical":"https:\/\/polo-filter.avrio-web.de\/es\/representacion\/","og_locale":"es_ES","og_type":"article","og_title":"Representaci\u00f3n - POLO Filter-Technik","og_url":"https:\/\/polo-filter.avrio-web.de\/es\/representacion\/","og_site_name":"POLO Filter-Technik","article_modified_time":"2022-11-03T10:48:35+00:00","twitter_card":"summary_large_image","schema":{"@context":"https:\/\/schema.org","@graph":[{"@type":"WebPage","@id":"https:\/\/polo-filter.avrio-web.de\/es\/representacion\/","url":"https:\/\/polo-filter.avrio-web.de\/es\/representacion\/","name":"Representaci\u00f3n - POLO Filter-Technik","isPartOf":{"@id":"https:\/\/polo-filter.avrio-web.de\/es\/#website"},"datePublished":"2021-06-25T07:34:06+00:00","dateModified":"2022-11-03T10:48:35+00:00","breadcrumb":{"@id":"https:\/\/polo-filter.avrio-web.de\/es\/representacion\/#breadcrumb"},"inLanguage":"es","potentialAction":[{"@type":"ReadAction","target":["https:\/\/polo-filter.avrio-web.de\/es\/representacion\/"]}]},{"@type":"BreadcrumbList","@id":"https:\/\/polo-filter.avrio-web.de\/es\/representacion\/#breadcrumb","itemListElement":[{"@type":"ListItem","position":1,"name":"Startseite","item":"https:\/\/polo-filter.avrio-web.de\/es\/"},{"@type":"ListItem","position":2,"name":"Representaci\u00f3n"}]},{"@type":"WebSite","@id":"https:\/\/polo-filter.avrio-web.de\/es\/#website","url":"https:\/\/polo-filter.avrio-web.de\/es\/","name":"POLO Filter-Technik","description":"Filteranlagen nach Mass","potentialAction":[{"@type":"SearchAction","target":{"@type":"EntryPoint","urlTemplate":"https:\/\/polo-filter.avrio-web.de\/es\/?s={search_term_string}"},"query-input":{"@type":"PropertyValueSpecification","valueRequired":true,"valueName":"search_term_string"}}],"inLanguage":"es"}]}},"_links":{"self":[{"href":"https:\/\/polo-filter.avrio-web.de\/es\/wp-json\/wp\/v2\/pages\/13488","targetHints":{"allow":["GET"]}}],"collection":[{"href":"https:\/\/polo-filter.avrio-web.de\/es\/wp-json\/wp\/v2\/pages"}],"about":[{"href":"https:\/\/polo-filter.avrio-web.de\/es\/wp-json\/wp\/v2\/types\/page"}],"author":[{"embeddable":true,"href":"https:\/\/polo-filter.avrio-web.de\/es\/wp-json\/wp\/v2\/users\/4"}],"replies":[{"embeddable":true,"href":"https:\/\/polo-filter.avrio-web.de\/es\/wp-json\/wp\/v2\/comments?post=13488"}],"version-history":[{"count":4,"href":"https:\/\/polo-filter.avrio-web.de\/es\/wp-json\/wp\/v2\/pages\/13488\/revisions"}],"predecessor-version":[{"id":13758,"href":"https:\/\/polo-filter.avrio-web.de\/es\/wp-json\/wp\/v2\/pages\/13488\/revisions\/13758"}],"wp:attachment":[{"href":"https:\/\/polo-filter.avrio-web.de\/es\/wp-json\/wp\/v2\/media?parent=13488"}],"curies":[{"name":"wp","href":"https:\/\/api.w.org\/{rel}","templated":true}]}}